{"id":1228,"date":"2020-01-20T14:41:27","date_gmt":"2020-01-20T13:41:27","guid":{"rendered":"https:\/\/propedis.pl\/sklep\/?post_type=product&#038;p=1228"},"modified":"2026-02-26T11:49:06","modified_gmt":"2026-02-26T10:49:06","slug":"diabetologia-2","status":"publish","type":"product","link":"https:\/\/propedis.pl\/sklep\/produkt\/diabetologia-2\/","title":{"rendered":"Diabetologia M710"},"content":{"rendered":"<p><span style=\"font-weight: 400;\">Wk\u0142adka termoformowalna D<\/span><span style=\"font-weight: 400;\">iabetologia to wk\u0142adka dla os\u00f3b ze znacznymi zmianami w obr\u0119bie st\u00f3p w <strong>przebiegu cukrzycy<\/strong>. Materia\u0142 PE 160 zapewnia<strong> korekcj\u0119 oraz tworzenie stref odci\u0105\u017cenia.<\/strong> Natomiast <strong>stabilno\u015b\u0107 przy\u015brodkow\u0105 i boczn\u0105<\/strong> zapewnia materia\u0142 Thermoflux. Zastosowany we wk\u0142adce materia\u0142 Lunairflex daje wyj\u0105tkow\u0105 mi\u0119kko\u015b\u0107 i odci\u0105\u017cenie. Zastosowany pod pi\u0119t\u0105 materia\u0142 PR Sport daje mi\u0119kkie wy\u015bcie\u0142anie, odci\u0105\u017cenie i amortyzacj\u0119 pi\u0119ty, co gwarantuje <strong>ochron\u0119 staw\u00f3w<\/strong> powy\u017cej. Wierzchnia warstwa wk\u0142adki diabetologicznej to Lunairmed Plus. Powoduje komfortowe wy\u015bcie\u0142anie oraz doskona\u0142e <strong>odci\u0105\u017cenie miejsc wra\u017cliwych.<\/strong>\u00a0 Zapobiega r\u00f3wnie\u017c przesuwaniu si\u0119 stopy w bucie. Zastosowanie w materiale Lunairmed Plus nanocz\u0105steczek srebra dzia\u0142a antybakteryjnie i przeciwzapalnie. Jest to materia\u0142 o <strong>w\u0142a\u015bciwo\u015bciach hipoalergicznych<\/strong>.<\/span><\/p>\n<p><span style=\"font-weight: 400;\">Przed uformowaniem nale\u017cy sfazowa\u0107 brzegi wk\u0142adki oraz element <strong>stabilizuj\u0105cy \u015br\u00f3dstopie<\/strong> oraz <strong>ty\u0142ostopie<\/strong>.<\/span><\/p>\n<p><span style=\"font-weight: 400;\">Wk\u0142adka termoformowalna Diabetologia\u00a0 jest solidn\u0105 wk\u0142adk\u0105, kt\u00f3ra najlepiej sprawdzi si\u0119 w butach o d\u0142u\u017cej t\u0119go\u015bci, terapeutycznych.\u00a0<\/span><\/p>\n<p>&nbsp;<\/p>\n<p><img loading=\"lazy\" decoding=\"async\" class=\"aligncenter wp-image-6549 size-full\" src=\"https:\/\/propedis.pl\/sklep\/wp-content\/uploads\/2020\/03\/M710_6.png\" alt=\"\" width=\"600\" height=\"600\" srcset=\"https:\/\/propedis.pl\/sklep\/wp-content\/uploads\/2020\/03\/M710_6.png 600w, https:\/\/propedis.pl\/sklep\/wp-content\/uploads\/2020\/03\/M710_6-150x150.png 150w, https:\/\/propedis.pl\/sklep\/wp-content\/uploads\/2020\/03\/M710_6-100x100.png 100w, https:\/\/propedis.pl\/sklep\/wp-content\/uploads\/2020\/03\/M710_6-300x300.png 300w\" sizes=\"auto, (max-width: 600px) 100vw, 600px\" \/><\/p>\n","protected":false},"excerpt":{"rendered":"<p>Wk\u0142adka termoformowalna Diabetologia to wk\u0142adka dla os\u00f3b ze znacznymi zmianami w obr\u0119bie st\u00f3p w przebiegu cukrzycy. Materia\u0142 PE 160 zapewnia korekcj\u0119 oraz tworzenie stref odci\u0105\u017cenia. Natomiast stabilno\u015b\u0107 przy\u015brodkow\u0105 i boczn\u0105 zapewnia materia\u0142 Thermoflux. Zastosowany we wk\u0142adce materia\u0142 Lunairflex daje wyj\u0105tkow\u0105 mi\u0119kko\u015b\u0107 i odci\u0105\u017cenie. Zastosowany pod pi\u0119t\u0105 materia\u0142 PR Sport daje mi\u0119kkie wy\u015bcie\u0142anie, odci\u0105\u017cenie i amortyzacj\u0119 [&hellip;]<\/p>\n","protected":false},"featured_media":5986,"template":"","meta":{"ep_exclude_from_search":false},"product_brand":[],"product_cat":[15,69],"product_tag":[448,449,446,447],"class_list":{"0":"post-1228","1":"product","2":"type-product","3":"status-publish","4":"has-post-thumbnail","6":"product_cat-wkladki","7":"product_cat-wkladki-specjalistyczne","8":"product_tag-wkladki-do-butow","9":"product_tag-wkladki-specjalistyczne","10":"product_tag-wkladki-termoformowalne","11":"product_tag-wkladki-termoplastyczne","13":"first","14":"instock","15":"taxable","16":"shipping-taxable","17":"purchasable","18":"product-type-variable"},"yoast_head":"<!-- This site is optimized with the Yoast SEO Premium plugin v26.3 (Yoast SEO v27.2) - https:\/\/yoast.com\/product\/yoast-seo-premium-wordpress\/ -->\n<title>Diabetologia M710 - Pro Pedis - Profesjonalnie dla st\u00f3p<\/title>\n<meta name=\"robots\" content=\"index, follow, max-snippet:-1, max-image-preview:large, max-video-preview:-1\" \/>\n<link rel=\"canonical\" href=\"https:\/\/propedis.pl\/sklep\/produkt\/diabetologia-2\/\" \/>\n<meta property=\"og:locale\" content=\"pl_PL\" \/>\n<meta property=\"og:type\" content=\"article\" \/>\n<meta property=\"og:title\" content=\"Diabetologia M710\" \/>\n<meta property=\"og:description\" content=\"Wk\u0142adka termoformowalna Diabetologia to wk\u0142adka dla os\u00f3b ze znacznymi zmianami w obr\u0119bie st\u00f3p w przebiegu cukrzycy. Materia\u0142 PE 160 zapewnia korekcj\u0119 oraz tworzenie stref odci\u0105\u017cenia. Natomiast stabilno\u015b\u0107 przy\u015brodkow\u0105 i boczn\u0105 zapewnia materia\u0142 Thermoflux. Zastosowany we wk\u0142adce materia\u0142 Lunairflex daje wyj\u0105tkow\u0105 mi\u0119kko\u015b\u0107 i odci\u0105\u017cenie. Zastosowany pod pi\u0119t\u0105 materia\u0142 PR Sport daje mi\u0119kkie wy\u015bcie\u0142anie, odci\u0105\u017cenie i amortyzacj\u0119 [&hellip;]\" \/>\n<meta property=\"og:url\" content=\"https:\/\/propedis.pl\/sklep\/produkt\/diabetologia-2\/\" \/>\n<meta property=\"og:site_name\" content=\"Pro Pedis - Profesjonalnie dla st\u00f3p\" \/>\n<meta property=\"article:modified_time\" content=\"2026-02-26T10:49:06+00:00\" \/>\n<meta property=\"og:image\" content=\"https:\/\/propedis.pl\/sklep\/wp-content\/uploads\/2020\/03\/M710_1-dessus-2.jpg\" \/>\n\t<meta property=\"og:image:width\" content=\"500\" \/>\n\t<meta property=\"og:image:height\" content=\"500\" \/>\n\t<meta property=\"og:image:type\" content=\"image\/jpeg\" \/>\n<meta name=\"twitter:card\" content=\"summary_large_image\" \/>\n<meta name=\"twitter:label1\" content=\"Szacowany czas czytania\" \/>\n\t<meta name=\"twitter:data1\" content=\"2 minuty\" \/>\n<script type=\"application\/ld+json\" class=\"yoast-schema-graph\">{\"@context\":\"https:\/\/schema.org\",\"@graph\":[{\"@type\":\"WebPage\",\"@id\":\"https:\/\/propedis.pl\/sklep\/produkt\/diabetologia-2\/\",\"url\":\"https:\/\/propedis.pl\/sklep\/produkt\/diabetologia-2\/\",\"name\":\"Diabetologia M710 - Pro Pedis - Profesjonalnie dla st\u00f3p\",\"isPartOf\":{\"@id\":\"https:\/\/propedis.pl\/sklep\/#website\"},\"primaryImageOfPage\":{\"@id\":\"https:\/\/propedis.pl\/sklep\/produkt\/diabetologia-2\/#primaryimage\"},\"image\":{\"@id\":\"https:\/\/propedis.pl\/sklep\/produkt\/diabetologia-2\/#primaryimage\"},\"thumbnailUrl\":\"https:\/\/propedis.pl\/sklep\/wp-content\/uploads\/2020\/03\/M710_1-dessus-2.jpg\",\"datePublished\":\"2020-01-20T13:41:27+00:00\",\"dateModified\":\"2026-02-26T10:49:06+00:00\",\"breadcrumb\":{\"@id\":\"https:\/\/propedis.pl\/sklep\/produkt\/diabetologia-2\/#breadcrumb\"},\"inLanguage\":\"pl-PL\",\"potentialAction\":[{\"@type\":\"ReadAction\",\"target\":[\"https:\/\/propedis.pl\/sklep\/produkt\/diabetologia-2\/\"]}]},{\"@type\":\"ImageObject\",\"inLanguage\":\"pl-PL\",\"@id\":\"https:\/\/propedis.pl\/sklep\/produkt\/diabetologia-2\/#primaryimage\",\"url\":\"https:\/\/propedis.pl\/sklep\/wp-content\/uploads\/2020\/03\/M710_1-dessus-2.jpg\",\"contentUrl\":\"https:\/\/propedis.pl\/sklep\/wp-content\/uploads\/2020\/03\/M710_1-dessus-2.jpg\",\"width\":500,\"height\":500},{\"@type\":\"BreadcrumbList\",\"@id\":\"https:\/\/propedis.pl\/sklep\/produkt\/diabetologia-2\/#breadcrumb\",\"itemListElement\":[{\"@type\":\"ListItem\",\"position\":1,\"name\":\"Strona g\u0142\u00f3wna\",\"item\":\"https:\/\/propedis.pl\/sklep\/\"},{\"@type\":\"ListItem\",\"position\":2,\"name\":\"Sklep\",\"item\":\"https:\/\/propedis.pl\/sklep\/produkty\/\"},{\"@type\":\"ListItem\",\"position\":3,\"name\":\"Wk\u0142adki\",\"item\":\"https:\/\/propedis.pl\/sklep\/kategoria-produktu\/wkladki\/\"},{\"@type\":\"ListItem\",\"position\":4,\"name\":\"Wk\u0142adki specjalistyczne\",\"item\":\"https:\/\/propedis.pl\/sklep\/kategoria-produktu\/wkladki\/wkladki-specjalistyczne\/\"},{\"@type\":\"ListItem\",\"position\":5,\"name\":\"Diabetologia M710\"}]},{\"@type\":\"WebSite\",\"@id\":\"https:\/\/propedis.pl\/sklep\/#website\",\"url\":\"https:\/\/propedis.pl\/sklep\/\",\"name\":\"Pro Pedis - Profesjonalnie dla st\u00f3p\",\"description\":\"\",\"potentialAction\":[{\"@type\":\"SearchAction\",\"target\":{\"@type\":\"EntryPoint\",\"urlTemplate\":\"https:\/\/propedis.pl\/sklep\/?s={search_term_string}\"},\"query-input\":{\"@type\":\"PropertyValueSpecification\",\"valueRequired\":true,\"valueName\":\"search_term_string\"}}],\"inLanguage\":\"pl-PL\"}]}<\/script>\n<!-- \/ Yoast SEO Premium plugin. -->","yoast_head_json":{"title":"Diabetologia M710 - Pro Pedis - Profesjonalnie dla st\u00f3p","robots":{"index":"index","follow":"follow","max-snippet":"max-snippet:-1","max-image-preview":"max-image-preview:large","max-video-preview":"max-video-preview:-1"},"canonical":"https:\/\/propedis.pl\/sklep\/produkt\/diabetologia-2\/","og_locale":"pl_PL","og_type":"article","og_title":"Diabetologia M710","og_description":"Wk\u0142adka termoformowalna Diabetologia to wk\u0142adka dla os\u00f3b ze znacznymi zmianami w obr\u0119bie st\u00f3p w przebiegu cukrzycy. Materia\u0142 PE 160 zapewnia korekcj\u0119 oraz tworzenie stref odci\u0105\u017cenia. Natomiast stabilno\u015b\u0107 przy\u015brodkow\u0105 i boczn\u0105 zapewnia materia\u0142 Thermoflux. Zastosowany we wk\u0142adce materia\u0142 Lunairflex daje wyj\u0105tkow\u0105 mi\u0119kko\u015b\u0107 i odci\u0105\u017cenie. Zastosowany pod pi\u0119t\u0105 materia\u0142 PR Sport daje mi\u0119kkie wy\u015bcie\u0142anie, odci\u0105\u017cenie i amortyzacj\u0119 [&hellip;]","og_url":"https:\/\/propedis.pl\/sklep\/produkt\/diabetologia-2\/","og_site_name":"Pro Pedis - Profesjonalnie dla st\u00f3p","article_modified_time":"2026-02-26T10:49:06+00:00","og_image":[{"width":500,"height":500,"url":"https:\/\/propedis.pl\/sklep\/wp-content\/uploads\/2020\/03\/M710_1-dessus-2.jpg","type":"image\/jpeg"}],"twitter_card":"summary_large_image","twitter_misc":{"Szacowany czas czytania":"2 minuty"},"schema":{"@context":"https:\/\/schema.org","@graph":[{"@type":"WebPage","@id":"https:\/\/propedis.pl\/sklep\/produkt\/diabetologia-2\/","url":"https:\/\/propedis.pl\/sklep\/produkt\/diabetologia-2\/","name":"Diabetologia M710 - Pro Pedis - Profesjonalnie dla st\u00f3p","isPartOf":{"@id":"https:\/\/propedis.pl\/sklep\/#website"},"primaryImageOfPage":{"@id":"https:\/\/propedis.pl\/sklep\/produkt\/diabetologia-2\/#primaryimage"},"image":{"@id":"https:\/\/propedis.pl\/sklep\/produkt\/diabetologia-2\/#primaryimage"},"thumbnailUrl":"https:\/\/propedis.pl\/sklep\/wp-content\/uploads\/2020\/03\/M710_1-dessus-2.jpg","datePublished":"2020-01-20T13:41:27+00:00","dateModified":"2026-02-26T10:49:06+00:00","breadcrumb":{"@id":"https:\/\/propedis.pl\/sklep\/produkt\/diabetologia-2\/#breadcrumb"},"inLanguage":"pl-PL","potentialAction":[{"@type":"ReadAction","target":["https:\/\/propedis.pl\/sklep\/produkt\/diabetologia-2\/"]}]},{"@type":"ImageObject","inLanguage":"pl-PL","@id":"https:\/\/propedis.pl\/sklep\/produkt\/diabetologia-2\/#primaryimage","url":"https:\/\/propedis.pl\/sklep\/wp-content\/uploads\/2020\/03\/M710_1-dessus-2.jpg","contentUrl":"https:\/\/propedis.pl\/sklep\/wp-content\/uploads\/2020\/03\/M710_1-dessus-2.jpg","width":500,"height":500},{"@type":"BreadcrumbList","@id":"https:\/\/propedis.pl\/sklep\/produkt\/diabetologia-2\/#breadcrumb","itemListElement":[{"@type":"ListItem","position":1,"name":"Strona g\u0142\u00f3wna","item":"https:\/\/propedis.pl\/sklep\/"},{"@type":"ListItem","position":2,"name":"Sklep","item":"https:\/\/propedis.pl\/sklep\/produkty\/"},{"@type":"ListItem","position":3,"name":"Wk\u0142adki","item":"https:\/\/propedis.pl\/sklep\/kategoria-produktu\/wkladki\/"},{"@type":"ListItem","position":4,"name":"Wk\u0142adki specjalistyczne","item":"https:\/\/propedis.pl\/sklep\/kategoria-produktu\/wkladki\/wkladki-specjalistyczne\/"},{"@type":"ListItem","position":5,"name":"Diabetologia M710"}]},{"@type":"WebSite","@id":"https:\/\/propedis.pl\/sklep\/#website","url":"https:\/\/propedis.pl\/sklep\/","name":"Pro Pedis - Profesjonalnie dla st\u00f3p","description":"","potentialAction":[{"@type":"SearchAction","target":{"@type":"EntryPoint","urlTemplate":"https:\/\/propedis.pl\/sklep\/?s={search_term_string}"},"query-input":{"@type":"PropertyValueSpecification","valueRequired":true,"valueName":"search_term_string"}}],"inLanguage":"pl-PL"}]}},"_links":{"self":[{"href":"https:\/\/propedis.pl\/sklep\/wp-json\/wp\/v2\/product\/1228","targetHints":{"allow":["GET"]}}],"collection":[{"href":"https:\/\/propedis.pl\/sklep\/wp-json\/wp\/v2\/product"}],"about":[{"href":"https:\/\/propedis.pl\/sklep\/wp-json\/wp\/v2\/types\/product"}],"wp:featuredmedia":[{"embeddable":true,"href":"https:\/\/propedis.pl\/sklep\/wp-json\/wp\/v2\/media\/5986"}],"wp:attachment":[{"href":"https:\/\/propedis.pl\/sklep\/wp-json\/wp\/v2\/media?parent=1228"}],"wp:term":[{"taxonomy":"product_brand","embeddable":true,"href":"https:\/\/propedis.pl\/sklep\/wp-json\/wp\/v2\/product_brand?post=1228"},{"taxonomy":"product_cat","embeddable":true,"href":"https:\/\/propedis.pl\/sklep\/wp-json\/wp\/v2\/product_cat?post=1228"},{"taxonomy":"product_tag","embeddable":true,"href":"https:\/\/propedis.pl\/sklep\/wp-json\/wp\/v2\/product_tag?post=1228"}],"curies":[{"name":"wp","href":"https:\/\/api.w.org\/{rel}","templated":true}]}}