{"id":12707,"date":"2020-09-14T23:39:00","date_gmt":"2020-09-14T21:39:00","guid":{"rendered":"https:\/\/propedis.pl\/sklep\/?post_type=product&#038;p=12707"},"modified":"2026-02-26T13:56:34","modified_gmt":"2026-02-26T12:56:34","slug":"pr-comfort-sliwkowy","status":"publish","type":"product","link":"https:\/\/propedis.pl\/sklep\/produkt\/pr-comfort-sliwkowy\/","title":{"rendered":"PR COMFORT \u015aLIWKOWY"},"content":{"rendered":"<p><span style=\"font-weight: 400;\">Materia\u0142 odci\u0105\u017caj\u0105cy stosowany w niewielkich deformacjach. Sprawdza si\u0119 w leczeniu b\u00f3lu przodostopia oraz pi\u0119ty. <\/span><\/p>\n<p><span style=\"font-weight: 400;\">Wymiary: 50 x 50 cm<\/span><\/p>\n<p>&nbsp;<\/p>\n","protected":false},"excerpt":{"rendered":"<p>Materia\u0142 odci\u0105\u017caj\u0105cy stosowany w niewielkich deformacjach. Sprawdza si\u0119 w leczeniu b\u00f3lu przodostopia oraz pi\u0119ty. Wymiary: 50 x 50 cm &nbsp;<\/p>\n","protected":false},"featured_media":12779,"template":"","meta":{"ep_exclude_from_search":false},"product_brand":[],"product_cat":[405,406],"product_tag":[],"class_list":{"0":"post-12707","1":"product","2":"type-product","3":"status-publish","4":"has-post-thumbnail","6":"product_cat-materialy-i-elementy-korygujace","7":"product_cat-materialy-komfortowe","8":"pa_grubosc-105","10":"first","11":"onbackorder","12":"taxable","13":"shipping-taxable","14":"purchasable","15":"product-type-simple"},"yoast_head":"<!-- This site is optimized with the Yoast SEO Premium plugin v26.3 (Yoast SEO v27.4) - https:\/\/yoast.com\/product\/yoast-seo-premium-wordpress\/ -->\n<title>PR COMFORT \u015aLIWKOWY - Pro Pedis - Profesjonalnie dla st\u00f3p<\/title>\n<meta name=\"robots\" content=\"index, follow, max-snippet:-1, max-image-preview:large, max-video-preview:-1\" \/>\n<link rel=\"canonical\" href=\"https:\/\/propedis.pl\/sklep\/produkt\/pr-comfort-sliwkowy\/\" \/>\n<meta property=\"og:locale\" content=\"pl_PL\" \/>\n<meta property=\"og:type\" content=\"article\" \/>\n<meta property=\"og:title\" content=\"PR COMFORT \u015aLIWKOWY\" \/>\n<meta property=\"og:description\" content=\"Materia\u0142 odci\u0105\u017caj\u0105cy stosowany w niewielkich deformacjach. Sprawdza si\u0119 w leczeniu b\u00f3lu przodostopia oraz pi\u0119ty. Wymiary: 50 x 50 cm &nbsp;\" \/>\n<meta property=\"og:url\" content=\"https:\/\/propedis.pl\/sklep\/produkt\/pr-comfort-sliwkowy\/\" \/>\n<meta property=\"og:site_name\" content=\"Pro Pedis - Profesjonalnie dla st\u00f3p\" \/>\n<meta property=\"article:modified_time\" content=\"2026-02-26T12:56:34+00:00\" \/>\n<meta property=\"og:image\" content=\"https:\/\/propedis.pl\/sklep\/wp-content\/uploads\/2020\/09\/7425-.jpg\" \/>\n\t<meta property=\"og:image:width\" content=\"415\" \/>\n\t<meta property=\"og:image:height\" content=\"320\" \/>\n\t<meta property=\"og:image:type\" content=\"image\/jpeg\" \/>\n<meta name=\"twitter:card\" content=\"summary_large_image\" \/>\n<meta name=\"twitter:label1\" content=\"Szacowany czas czytania\" \/>\n\t<meta name=\"twitter:data1\" content=\"1 minuta\" \/>\n<script type=\"application\/ld+json\" class=\"yoast-schema-graph\">{\"@context\":\"https:\\\/\\\/schema.org\",\"@graph\":[{\"@type\":\"WebPage\",\"@id\":\"https:\\\/\\\/propedis.pl\\\/sklep\\\/produkt\\\/pr-comfort-sliwkowy\\\/\",\"url\":\"https:\\\/\\\/propedis.pl\\\/sklep\\\/produkt\\\/pr-comfort-sliwkowy\\\/\",\"name\":\"PR COMFORT \u015aLIWKOWY - Pro Pedis - Profesjonalnie dla st\u00f3p\",\"isPartOf\":{\"@id\":\"https:\\\/\\\/propedis.pl\\\/sklep\\\/#website\"},\"primaryImageOfPage\":{\"@id\":\"https:\\\/\\\/propedis.pl\\\/sklep\\\/produkt\\\/pr-comfort-sliwkowy\\\/#primaryimage\"},\"image\":{\"@id\":\"https:\\\/\\\/propedis.pl\\\/sklep\\\/produkt\\\/pr-comfort-sliwkowy\\\/#primaryimage\"},\"thumbnailUrl\":\"https:\\\/\\\/propedis.pl\\\/sklep\\\/wp-content\\\/uploads\\\/2020\\\/09\\\/7425-.jpg\",\"datePublished\":\"2020-09-14T21:39:00+00:00\",\"dateModified\":\"2026-02-26T12:56:34+00:00\",\"breadcrumb\":{\"@id\":\"https:\\\/\\\/propedis.pl\\\/sklep\\\/produkt\\\/pr-comfort-sliwkowy\\\/#breadcrumb\"},\"inLanguage\":\"pl-PL\",\"potentialAction\":[{\"@type\":\"ReadAction\",\"target\":[\"https:\\\/\\\/propedis.pl\\\/sklep\\\/produkt\\\/pr-comfort-sliwkowy\\\/\"]}]},{\"@type\":\"ImageObject\",\"inLanguage\":\"pl-PL\",\"@id\":\"https:\\\/\\\/propedis.pl\\\/sklep\\\/produkt\\\/pr-comfort-sliwkowy\\\/#primaryimage\",\"url\":\"https:\\\/\\\/propedis.pl\\\/sklep\\\/wp-content\\\/uploads\\\/2020\\\/09\\\/7425-.jpg\",\"contentUrl\":\"https:\\\/\\\/propedis.pl\\\/sklep\\\/wp-content\\\/uploads\\\/2020\\\/09\\\/7425-.jpg\",\"width\":415,\"height\":320},{\"@type\":\"BreadcrumbList\",\"@id\":\"https:\\\/\\\/propedis.pl\\\/sklep\\\/produkt\\\/pr-comfort-sliwkowy\\\/#breadcrumb\",\"itemListElement\":[{\"@type\":\"ListItem\",\"position\":1,\"name\":\"Strona g\u0142\u00f3wna\",\"item\":\"https:\\\/\\\/propedis.pl\\\/sklep\\\/\"},{\"@type\":\"ListItem\",\"position\":2,\"name\":\"Sklep\",\"item\":\"https:\\\/\\\/propedis.pl\\\/sklep\\\/produkty\\\/\"},{\"@type\":\"ListItem\",\"position\":3,\"name\":\"Materia\u0142y i elementy koryguj\u0105ce\",\"item\":\"https:\\\/\\\/propedis.pl\\\/sklep\\\/kategoria-produktu\\\/materialy-i-elementy-korygujace\\\/\"},{\"@type\":\"ListItem\",\"position\":4,\"name\":\"Materia\u0142y komfortowe\",\"item\":\"https:\\\/\\\/propedis.pl\\\/sklep\\\/kategoria-produktu\\\/materialy-i-elementy-korygujace\\\/materialy-komfortowe\\\/\"},{\"@type\":\"ListItem\",\"position\":5,\"name\":\"PR COMFORT \u015aLIWKOWY\"}]},{\"@type\":\"WebSite\",\"@id\":\"https:\\\/\\\/propedis.pl\\\/sklep\\\/#website\",\"url\":\"https:\\\/\\\/propedis.pl\\\/sklep\\\/\",\"name\":\"Pro Pedis - Profesjonalnie dla st\u00f3p\",\"description\":\"\",\"potentialAction\":[{\"@type\":\"SearchAction\",\"target\":{\"@type\":\"EntryPoint\",\"urlTemplate\":\"https:\\\/\\\/propedis.pl\\\/sklep\\\/?s={search_term_string}\"},\"query-input\":{\"@type\":\"PropertyValueSpecification\",\"valueRequired\":true,\"valueName\":\"search_term_string\"}}],\"inLanguage\":\"pl-PL\"}]}<\/script>\n<!-- \/ Yoast SEO Premium plugin. -->","yoast_head_json":{"title":"PR COMFORT \u015aLIWKOWY - Pro Pedis - Profesjonalnie dla st\u00f3p","robots":{"index":"index","follow":"follow","max-snippet":"max-snippet:-1","max-image-preview":"max-image-preview:large","max-video-preview":"max-video-preview:-1"},"canonical":"https:\/\/propedis.pl\/sklep\/produkt\/pr-comfort-sliwkowy\/","og_locale":"pl_PL","og_type":"article","og_title":"PR COMFORT \u015aLIWKOWY","og_description":"Materia\u0142 odci\u0105\u017caj\u0105cy stosowany w niewielkich deformacjach. Sprawdza si\u0119 w leczeniu b\u00f3lu przodostopia oraz pi\u0119ty. Wymiary: 50 x 50 cm &nbsp;","og_url":"https:\/\/propedis.pl\/sklep\/produkt\/pr-comfort-sliwkowy\/","og_site_name":"Pro Pedis - Profesjonalnie dla st\u00f3p","article_modified_time":"2026-02-26T12:56:34+00:00","og_image":[{"width":415,"height":320,"url":"https:\/\/propedis.pl\/sklep\/wp-content\/uploads\/2020\/09\/7425-.jpg","type":"image\/jpeg"}],"twitter_card":"summary_large_image","twitter_misc":{"Szacowany czas czytania":"1 minuta"},"schema":{"@context":"https:\/\/schema.org","@graph":[{"@type":"WebPage","@id":"https:\/\/propedis.pl\/sklep\/produkt\/pr-comfort-sliwkowy\/","url":"https:\/\/propedis.pl\/sklep\/produkt\/pr-comfort-sliwkowy\/","name":"PR COMFORT \u015aLIWKOWY - Pro Pedis - Profesjonalnie dla st\u00f3p","isPartOf":{"@id":"https:\/\/propedis.pl\/sklep\/#website"},"primaryImageOfPage":{"@id":"https:\/\/propedis.pl\/sklep\/produkt\/pr-comfort-sliwkowy\/#primaryimage"},"image":{"@id":"https:\/\/propedis.pl\/sklep\/produkt\/pr-comfort-sliwkowy\/#primaryimage"},"thumbnailUrl":"https:\/\/propedis.pl\/sklep\/wp-content\/uploads\/2020\/09\/7425-.jpg","datePublished":"2020-09-14T21:39:00+00:00","dateModified":"2026-02-26T12:56:34+00:00","breadcrumb":{"@id":"https:\/\/propedis.pl\/sklep\/produkt\/pr-comfort-sliwkowy\/#breadcrumb"},"inLanguage":"pl-PL","potentialAction":[{"@type":"ReadAction","target":["https:\/\/propedis.pl\/sklep\/produkt\/pr-comfort-sliwkowy\/"]}]},{"@type":"ImageObject","inLanguage":"pl-PL","@id":"https:\/\/propedis.pl\/sklep\/produkt\/pr-comfort-sliwkowy\/#primaryimage","url":"https:\/\/propedis.pl\/sklep\/wp-content\/uploads\/2020\/09\/7425-.jpg","contentUrl":"https:\/\/propedis.pl\/sklep\/wp-content\/uploads\/2020\/09\/7425-.jpg","width":415,"height":320},{"@type":"BreadcrumbList","@id":"https:\/\/propedis.pl\/sklep\/produkt\/pr-comfort-sliwkowy\/#breadcrumb","itemListElement":[{"@type":"ListItem","position":1,"name":"Strona g\u0142\u00f3wna","item":"https:\/\/propedis.pl\/sklep\/"},{"@type":"ListItem","position":2,"name":"Sklep","item":"https:\/\/propedis.pl\/sklep\/produkty\/"},{"@type":"ListItem","position":3,"name":"Materia\u0142y i elementy koryguj\u0105ce","item":"https:\/\/propedis.pl\/sklep\/kategoria-produktu\/materialy-i-elementy-korygujace\/"},{"@type":"ListItem","position":4,"name":"Materia\u0142y komfortowe","item":"https:\/\/propedis.pl\/sklep\/kategoria-produktu\/materialy-i-elementy-korygujace\/materialy-komfortowe\/"},{"@type":"ListItem","position":5,"name":"PR COMFORT \u015aLIWKOWY"}]},{"@type":"WebSite","@id":"https:\/\/propedis.pl\/sklep\/#website","url":"https:\/\/propedis.pl\/sklep\/","name":"Pro Pedis - Profesjonalnie dla st\u00f3p","description":"","potentialAction":[{"@type":"SearchAction","target":{"@type":"EntryPoint","urlTemplate":"https:\/\/propedis.pl\/sklep\/?s={search_term_string}"},"query-input":{"@type":"PropertyValueSpecification","valueRequired":true,"valueName":"search_term_string"}}],"inLanguage":"pl-PL"}]}},"_links":{"self":[{"href":"https:\/\/propedis.pl\/sklep\/wp-json\/wp\/v2\/product\/12707","targetHints":{"allow":["GET"]}}],"collection":[{"href":"https:\/\/propedis.pl\/sklep\/wp-json\/wp\/v2\/product"}],"about":[{"href":"https:\/\/propedis.pl\/sklep\/wp-json\/wp\/v2\/types\/product"}],"wp:featuredmedia":[{"embeddable":true,"href":"https:\/\/propedis.pl\/sklep\/wp-json\/wp\/v2\/media\/12779"}],"wp:attachment":[{"href":"https:\/\/propedis.pl\/sklep\/wp-json\/wp\/v2\/media?parent=12707"}],"wp:term":[{"taxonomy":"product_brand","embeddable":true,"href":"https:\/\/propedis.pl\/sklep\/wp-json\/wp\/v2\/product_brand?post=12707"},{"taxonomy":"product_cat","embeddable":true,"href":"https:\/\/propedis.pl\/sklep\/wp-json\/wp\/v2\/product_cat?post=12707"},{"taxonomy":"product_tag","embeddable":true,"href":"https:\/\/propedis.pl\/sklep\/wp-json\/wp\/v2\/product_tag?post=12707"}],"curies":[{"name":"wp","href":"https:\/\/api.w.org\/{rel}","templated":true}]}}