{"id":13829,"date":"2020-10-13T19:26:12","date_gmt":"2020-10-13T17:26:12","guid":{"rendered":""},"modified":"2025-08-12T12:01:00","modified_gmt":"2025-08-12T10:01:00","slug":"pakiet-problemy-stop","status":"publish","type":"product","link":"https:\/\/propedis.pl\/sklep\/produkt\/pakiet-problemy-stop\/","title":{"rendered":"PAKIET 3 SZKOLE\u0143: PROBLEMY ST\u00d3P"},"content":{"rendered":"<p>Zapraszamy fizjoterapeut\u00f3w oraz specjalist\u00f3w rehabilitacji do skorzystania z unikalnego pakietu trzech nagra\u0144 edukacyjnych prowadzonych przez dr Joann\u0119 Stodoln\u0105-Tukendorf \u2014 do\u015bwiadczon\u0105 fizjoterapeutk\u0119 i ekspertk\u0119 w dziedzinie biomechaniki stopy i ortopodologii. Ten pakiet to kompleksowe \u017ar\u00f3d\u0142o wiedzy na temat zaawansowanych zagadnie\u0144 zwi\u0105zanych z diagnostyk\u0105 i terapi\u0105 stopy oraz ko\u0144czyn dolnych.<\/p>\n<p>&nbsp;<\/p>\n<p>&nbsp;<\/p>\n<h2>Co zyskasz dzi\u0119ki temu pakietowi?<\/h2>\n<p>&nbsp;<\/p>\n<ul>\n<li><b>Dog\u0142\u0119bn\u0105 wiedz\u0119 na temat ostrogi pi\u0119towej<\/b> \u2014 zrozumiesz mity i fakty dotycz\u0105ce tej powszechnej dolegliwo\u015bci oraz poznasz skuteczne metody jej diagnostyki i terapii.<\/li>\n<li><b>Umiej\u0119tno\u015b\u0107 diagnozowania asymetrii ko\u0144czyn dolnych<\/b> \u2014 dowiesz si\u0119, jak odr\u00f3\u017cni\u0107 asymetri\u0119 d\u0142ugo\u015bci od asymetrii obci\u0105\u017ce\u0144 i jakie ma to znaczenie dla ca\u0142ego uk\u0142adu ruchu.<\/li>\n<li><b>Poznasz trzy zaburzenia zwi\u0105zane z nazwiskiem Morton<\/b> \u2014 zg\u0142\u0119bisz tematy nerwiaka Mortona, palca Mortona i stopy Mortona, ich wp\u0142yw na biomechanik\u0119 cia\u0142a oraz metody terapeutyczne.<\/li>\n<\/ul>\n<p>&nbsp;<\/p>\n<p>&nbsp;<\/p>\n<h2>Zawarto\u015b\u0107 pakietu:<\/h2>\n<p>&nbsp;<\/p>\n<h3><b>1. Ostroga Pi\u0119towa \u2013 Mity i Fakty<\/b><\/h3>\n<ul>\n<li><b>Definicja i przyczyny<\/b> ostrogi pi\u0119towej.<\/li>\n<li><b>Obalenie popularnych mit\u00f3w<\/b> na temat leczenia i przyczyn b\u00f3lu pi\u0119ty.<\/li>\n<li><b>Skuteczne strategie diagnostyczne<\/b> \u2014 jak prawid\u0142owo diagnozowa\u0107 przyczyny b\u00f3lu pi\u0119ty.<\/li>\n<li><b>Efektywne metody terapeutyczne<\/b> \u2014 terapia manualna, \u0107wiczenia, wk\u0142adki ortopedyczne i fizykoterapia.<\/li>\n<\/ul>\n<p>&nbsp;<\/p>\n<p>&nbsp;<\/p>\n<h3><b>2. Asymetria d\u0142ugo\u015bci czy asymetria obci\u0105\u017ce\u0144 ko\u0144czyn dolnych<\/b><\/h3>\n<ul>\n<li><b>Analiza asymetrii<\/b> \u2014 kiedy mamy do czynienia z rzeczywist\u0105 r\u00f3\u017cnic\u0105 w d\u0142ugo\u015bci, a kiedy z pozorn\u0105 asymetri\u0105.<\/li>\n<li><b>Metody diagnostyczne<\/b> \u2014 wykorzystanie maty tensometrycznej, wag i pomiar\u00f3w antropometrycznych.<\/li>\n<li><b>Wp\u0142yw asymetrii na uk\u0142ad ruchu<\/b> \u2014 jak asymetria wp\u0142ywa na stawy krzy\u017cowo-biodrowe i skroniowo-\u017cuchwowe.<\/li>\n<li><b>Techniki korekcji<\/b> \u2014 mobilizacje, terapia manualna, wk\u0142adki korekcyjne.<\/li>\n<\/ul>\n<p>&nbsp;<\/p>\n<p>&nbsp;<\/p>\n<h3><b>3. Stopa, Palec, Nerwiak Mortona \u2014 3 Zaburzenia, 1 Nazwisko<\/b><\/h3>\n<ul>\n<li><b>Nerwiak Mortona<\/b> \u2014 etiologia, objawy, diagnostyka i metody terapeutyczne.<\/li>\n<li><b>Palec Mortona (Stopa Grecka)<\/b> \u2014 wp\u0142yw na biomechanik\u0119 chodu i metody korekcji.<\/li>\n<li><b>Stopa Mortona<\/b> \u2014 wp\u0142yw na biomechanik\u0119 cia\u0142a, powi\u0105zania z b\u00f3lami kr\u0119gos\u0142upa i staw\u00f3w kolanowych.<\/li>\n<li><b>Testy kliniczne<\/b> \u2014 praktyczne narz\u0119dzia diagnostyczne, takie jak test Genslena i test Muldera.<\/li>\n<\/ul>\n<p>&nbsp;<\/p>\n<p>&nbsp;<\/p>\n<h2>Dlaczego warto wybra\u0107 ten pakiet?<\/h2>\n<p>&nbsp;<\/p>\n<ul>\n<li aria-level=\"1\"><b>Poszerzysz swoje kompetencje zawodowe<\/b> \u2014 zdob\u0119dziesz wiedz\u0119 niezb\u0119dn\u0105 do skutecznej diagnostyki i terapii zaawansowanych problem\u00f3w stopy i ko\u0144czyn dolnych.<\/li>\n<li aria-level=\"1\"><b>Zwi\u0119kszysz efektywno\u015b\u0107 terapii<\/b> \u2014 nauczysz si\u0119 leczy\u0107 przyczyny dolegliwo\u015bci, a nie tylko objawy.<\/li>\n<li aria-level=\"1\"><b>Zdob\u0119dziesz praktyczne narz\u0119dzia<\/b> \u2014 otrzymasz zestaw technik i \u0107wicze\u0144 do natychmiastowego zastosowania.<\/li>\n<li aria-level=\"1\"><b>Holistyczne podej\u015bcie<\/b> \u2014 zrozumiesz, jak zaburzenia w obr\u0119bie stopy wp\u0142ywaj\u0105 na ca\u0142y uk\u0142ad ruchu.<\/li>\n<\/ul>\n<p>&nbsp;<\/p>\n<p>&nbsp;<\/p>\n<h2>Dla kogo jest ten pakiet?<\/h2>\n<p>&nbsp;<\/p>\n<ul>\n<li aria-level=\"1\"><b>Fizjoterapeut\u00f3w<\/b> chc\u0105cych pog\u0142\u0119bi\u0107 wiedz\u0119 z zakresu biomechaniki stopy i ko\u0144czyn dolnych.<\/li>\n<li aria-level=\"1\"><b>Podolog\u00f3w<\/b> pragn\u0105cych rozszerzy\u0107 swoje umiej\u0119tno\u015bci diagnostyczne i terapeutyczne.<\/li>\n<li aria-level=\"1\"><b>Student\u00f3w fizjoterapii<\/b> zainteresowanych specjalistyczn\u0105 wiedz\u0105 w obszarze terapii stopy.<\/li>\n<li aria-level=\"1\"><b>Specjalist\u00f3w rehabilitacji<\/b> pracuj\u0105cych z pacjentami z problemami st\u00f3p i ko\u0144czyn dolnych.<\/li>\n<\/ul>\n<p>&nbsp;<\/p>\n<p>&nbsp;<\/p>\n<h2>O prowadz\u0105cej<\/h2>\n<p>&nbsp;<\/p>\n<p><b>Joanna Stodolna-Tukendorf <\/b>&#8211; fizjoterapeutka, doktor n. med. z wieloletnim do\u015bwiadczeniem w pracy z pacjentami na oddziale Ortopedii i Traumatologii WIM oraz w prywatnej praktyce. Uczestniczka i wyk\u0142adowczyni na konferencjach naukowych z zakresu fizjoterapii, kosmetologii, ortopodologii w Polsce i za granic\u0105. T\u0142umaczka ksi\u0105\u017cek i publikacji z zakresu ortopedii i terapii manualnej np. \u201eOrtopedia pediatryczna\u201d, \u201eManualna terapia nerwowo-mi\u0119\u015bniowa&#8221;. Autorka \u201eS\u0142ownika termin\u00f3w podologii ortopedycznej\u201d, wsp\u00f3\u0142autorka pozycji: \u201eWielka Fizjoterapia\u201d, \u201eJak chroni\u0107 sw\u00f3j kr\u0119gos\u0142up\u201d, \u201eTraumatologia Narz\u0105du Ruchu\u201d. Autorka wyk\u0142ad\u00f3w i publikacji z zakresu zespo\u0142u hipermobilno\u015bci konstytucjonalnej, zaburze\u0144 mi\u0119\u015bni g\u0142\u0119bokiej stabilizacji, ich wp\u0142ywu na ca\u0142y narz\u0105d ruchu. Wsp\u00f3\u0142za\u0142o\u017cycielka i Dyrektor Merytoryczna sieci klinik fizjoterapeutyczno-podologicznych FootMedica oraz marki Pro Pedis.<\/p>\n<p>&nbsp;<\/p>\n<p>&nbsp;<\/p>\n<h2><b>Informacje dodatkowe:<\/b><\/h2>\n<p>&nbsp;<\/p>\n<ul>\n<li aria-level=\"1\"><b>Forma szkolenia:<\/b> Nagranie edukacyjne dost\u0119pne online.<\/li>\n<li aria-level=\"1\"><b>Czas trwania:<\/b> 101 minut warto\u015bciowego materia\u0142u.<\/li>\n<li aria-level=\"1\"><b>Dost\u0119p:<\/b> Natychmiastowy po zakupie, mo\u017cliwo\u015b\u0107 wielokrotnego odtwarzania.<\/li>\n<\/ul>\n<p>&nbsp;<\/p>\n<p>&nbsp;<\/p>\n<p><strong>Nie przegap okazji!<\/strong> Zainwestuj w sw\u00f3j rozw\u00f3j zawodowy i podnie\u015b jako\u015b\u0107 us\u0142ug dzi\u0119ki wiedzy od renomowanej ekspertki w dziedzinie biomechaniki stopy.<\/p>\n","protected":false},"excerpt":{"rendered":"<p>Pakiet trzech nagra\u0144 edukacyjnych dla fizjoterapeut\u00f3w prowadzonych przez dr Joann\u0119 Stodoln\u0105-Tukendorf. Poznaj z<strong>aawansowan\u0105 biomechanik\u0119 stopy, skuteczne metody diagnostyki i terapii ostrogi pi\u0119towej, asymetrii ko\u0144czyn dolnych oraz zaburze\u0144 Mortona<\/strong>.<\/p>\n<p>&nbsp;<\/p>\n","protected":false},"featured_media":203721,"template":"","meta":{"ep_exclude_from_search":false},"product_brand":[],"product_cat":[425,47,438,48],"product_tag":[],"class_list":{"0":"post-13829","1":"product","2":"type-product","3":"status-publish","4":"has-post-thumbnail","6":"product_cat-inne-zestawy","7":"product_cat-szkolenia","8":"product_cat-nagrania-edukacyjne-i-publikacje","9":"product_cat-zestawy","11":"first","12":"instock","13":"virtual","14":"taxable","15":"purchasable","16":"product-type-simple"},"yoast_head":"<!-- This site is optimized with the Yoast SEO Premium plugin v26.3 (Yoast SEO v27.4) - https:\/\/yoast.com\/product\/yoast-seo-premium-wordpress\/ -->\n<title>PAKIET 3 SZKOLE\u0143: PROBLEMY ST\u00d3P - Pro Pedis - Profesjonalnie dla st\u00f3p<\/title>\n<meta name=\"description\" content=\"Poznaj zaawansowan\u0105 biomechanik\u0119 stopy, skuteczne metody diagnostyki i terapii ostrogi pi\u0119towej, asymetrii ko\u0144czyn dolnych oraz zaburze\u0144 Mortona.\" \/>\n<meta name=\"robots\" content=\"index, follow, max-snippet:-1, max-image-preview:large, max-video-preview:-1\" \/>\n<link rel=\"canonical\" href=\"https:\/\/propedis.pl\/sklep\/produkt\/pakiet-problemy-stop\/\" \/>\n<meta property=\"og:locale\" content=\"pl_PL\" \/>\n<meta property=\"og:type\" content=\"article\" \/>\n<meta property=\"og:title\" content=\"PAKIET 3 SZKOLE\u0143: PROBLEMY ST\u00d3P\" \/>\n<meta property=\"og:description\" content=\"Poznaj zaawansowan\u0105 biomechanik\u0119 stopy, skuteczne metody diagnostyki i terapii ostrogi pi\u0119towej, asymetrii ko\u0144czyn dolnych oraz zaburze\u0144 Mortona.\" \/>\n<meta property=\"og:url\" content=\"https:\/\/propedis.pl\/sklep\/produkt\/pakiet-problemy-stop\/\" \/>\n<meta property=\"og:site_name\" content=\"Pro Pedis - Profesjonalnie dla st\u00f3p\" \/>\n<meta property=\"article:modified_time\" content=\"2025-08-12T10:01:00+00:00\" \/>\n<meta property=\"og:image\" content=\"https:\/\/propedis.pl\/sklep\/wp-content\/uploads\/2020\/10\/OP_NAGRANIE_problemy-stop.png\" \/>\n\t<meta property=\"og:image:width\" content=\"1920\" \/>\n\t<meta property=\"og:image:height\" content=\"1920\" \/>\n\t<meta property=\"og:image:type\" content=\"image\/png\" \/>\n<meta name=\"twitter:card\" content=\"summary_large_image\" \/>\n<meta name=\"twitter:label1\" content=\"Szacowany czas czytania\" \/>\n\t<meta name=\"twitter:data1\" content=\"4 minuty\" \/>\n<script type=\"application\/ld+json\" class=\"yoast-schema-graph\">{\"@context\":\"https:\\\/\\\/schema.org\",\"@graph\":[{\"@type\":\"WebPage\",\"@id\":\"https:\\\/\\\/propedis.pl\\\/sklep\\\/produkt\\\/pakiet-problemy-stop\\\/\",\"url\":\"https:\\\/\\\/propedis.pl\\\/sklep\\\/produkt\\\/pakiet-problemy-stop\\\/\",\"name\":\"PAKIET 3 SZKOLE\u0143: PROBLEMY ST\u00d3P - Pro Pedis - Profesjonalnie dla st\u00f3p\",\"isPartOf\":{\"@id\":\"https:\\\/\\\/propedis.pl\\\/sklep\\\/#website\"},\"primaryImageOfPage\":{\"@id\":\"https:\\\/\\\/propedis.pl\\\/sklep\\\/produkt\\\/pakiet-problemy-stop\\\/#primaryimage\"},\"image\":{\"@id\":\"https:\\\/\\\/propedis.pl\\\/sklep\\\/produkt\\\/pakiet-problemy-stop\\\/#primaryimage\"},\"thumbnailUrl\":\"https:\\\/\\\/propedis.pl\\\/sklep\\\/wp-content\\\/uploads\\\/2020\\\/10\\\/OP_NAGRANIE_problemy-stop.png\",\"datePublished\":\"2020-10-13T17:26:12+00:00\",\"dateModified\":\"2025-08-12T10:01:00+00:00\",\"description\":\"Poznaj zaawansowan\u0105 biomechanik\u0119 stopy, skuteczne metody diagnostyki i terapii ostrogi pi\u0119towej, asymetrii ko\u0144czyn dolnych oraz zaburze\u0144 Mortona.\",\"breadcrumb\":{\"@id\":\"https:\\\/\\\/propedis.pl\\\/sklep\\\/produkt\\\/pakiet-problemy-stop\\\/#breadcrumb\"},\"inLanguage\":\"pl-PL\",\"potentialAction\":[{\"@type\":\"ReadAction\",\"target\":[\"https:\\\/\\\/propedis.pl\\\/sklep\\\/produkt\\\/pakiet-problemy-stop\\\/\"]}]},{\"@type\":\"ImageObject\",\"inLanguage\":\"pl-PL\",\"@id\":\"https:\\\/\\\/propedis.pl\\\/sklep\\\/produkt\\\/pakiet-problemy-stop\\\/#primaryimage\",\"url\":\"https:\\\/\\\/propedis.pl\\\/sklep\\\/wp-content\\\/uploads\\\/2020\\\/10\\\/OP_NAGRANIE_problemy-stop.png\",\"contentUrl\":\"https:\\\/\\\/propedis.pl\\\/sklep\\\/wp-content\\\/uploads\\\/2020\\\/10\\\/OP_NAGRANIE_problemy-stop.png\",\"width\":1920,\"height\":1920},{\"@type\":\"BreadcrumbList\",\"@id\":\"https:\\\/\\\/propedis.pl\\\/sklep\\\/produkt\\\/pakiet-problemy-stop\\\/#breadcrumb\",\"itemListElement\":[{\"@type\":\"ListItem\",\"position\":1,\"name\":\"Strona g\u0142\u00f3wna\",\"item\":\"https:\\\/\\\/propedis.pl\\\/sklep\\\/\"},{\"@type\":\"ListItem\",\"position\":2,\"name\":\"Sklep\",\"item\":\"https:\\\/\\\/propedis.pl\\\/sklep\\\/produkty\\\/\"},{\"@type\":\"ListItem\",\"position\":3,\"name\":\"Kursy i szkolenia\",\"item\":\"https:\\\/\\\/propedis.pl\\\/sklep\\\/kategoria-produktu\\\/szkolenia\\\/\"},{\"@type\":\"ListItem\",\"position\":4,\"name\":\"Szkolenia online\",\"item\":\"https:\\\/\\\/propedis.pl\\\/sklep\\\/kategoria-produktu\\\/szkolenia\\\/nagrania-edukacyjne-i-publikacje\\\/\"},{\"@type\":\"ListItem\",\"position\":5,\"name\":\"PAKIET 3 SZKOLE\u0143: PROBLEMY ST\u00d3P\"}]},{\"@type\":\"WebSite\",\"@id\":\"https:\\\/\\\/propedis.pl\\\/sklep\\\/#website\",\"url\":\"https:\\\/\\\/propedis.pl\\\/sklep\\\/\",\"name\":\"Pro Pedis - Profesjonalnie dla st\u00f3p\",\"description\":\"\",\"potentialAction\":[{\"@type\":\"SearchAction\",\"target\":{\"@type\":\"EntryPoint\",\"urlTemplate\":\"https:\\\/\\\/propedis.pl\\\/sklep\\\/?s={search_term_string}\"},\"query-input\":{\"@type\":\"PropertyValueSpecification\",\"valueRequired\":true,\"valueName\":\"search_term_string\"}}],\"inLanguage\":\"pl-PL\"}]}<\/script>\n<!-- \/ Yoast SEO Premium plugin. -->","yoast_head_json":{"title":"PAKIET 3 SZKOLE\u0143: PROBLEMY ST\u00d3P - Pro Pedis - Profesjonalnie dla st\u00f3p","description":"Poznaj zaawansowan\u0105 biomechanik\u0119 stopy, skuteczne metody diagnostyki i terapii ostrogi pi\u0119towej, asymetrii ko\u0144czyn dolnych oraz zaburze\u0144 Mortona.","robots":{"index":"index","follow":"follow","max-snippet":"max-snippet:-1","max-image-preview":"max-image-preview:large","max-video-preview":"max-video-preview:-1"},"canonical":"https:\/\/propedis.pl\/sklep\/produkt\/pakiet-problemy-stop\/","og_locale":"pl_PL","og_type":"article","og_title":"PAKIET 3 SZKOLE\u0143: PROBLEMY ST\u00d3P","og_description":"Poznaj zaawansowan\u0105 biomechanik\u0119 stopy, skuteczne metody diagnostyki i terapii ostrogi pi\u0119towej, asymetrii ko\u0144czyn dolnych oraz zaburze\u0144 Mortona.","og_url":"https:\/\/propedis.pl\/sklep\/produkt\/pakiet-problemy-stop\/","og_site_name":"Pro Pedis - Profesjonalnie dla st\u00f3p","article_modified_time":"2025-08-12T10:01:00+00:00","og_image":[{"width":1920,"height":1920,"url":"https:\/\/propedis.pl\/sklep\/wp-content\/uploads\/2020\/10\/OP_NAGRANIE_problemy-stop.png","type":"image\/png"}],"twitter_card":"summary_large_image","twitter_misc":{"Szacowany czas czytania":"4 minuty"},"schema":{"@context":"https:\/\/schema.org","@graph":[{"@type":"WebPage","@id":"https:\/\/propedis.pl\/sklep\/produkt\/pakiet-problemy-stop\/","url":"https:\/\/propedis.pl\/sklep\/produkt\/pakiet-problemy-stop\/","name":"PAKIET 3 SZKOLE\u0143: PROBLEMY ST\u00d3P - Pro Pedis - Profesjonalnie dla st\u00f3p","isPartOf":{"@id":"https:\/\/propedis.pl\/sklep\/#website"},"primaryImageOfPage":{"@id":"https:\/\/propedis.pl\/sklep\/produkt\/pakiet-problemy-stop\/#primaryimage"},"image":{"@id":"https:\/\/propedis.pl\/sklep\/produkt\/pakiet-problemy-stop\/#primaryimage"},"thumbnailUrl":"https:\/\/propedis.pl\/sklep\/wp-content\/uploads\/2020\/10\/OP_NAGRANIE_problemy-stop.png","datePublished":"2020-10-13T17:26:12+00:00","dateModified":"2025-08-12T10:01:00+00:00","description":"Poznaj zaawansowan\u0105 biomechanik\u0119 stopy, skuteczne metody diagnostyki i terapii ostrogi pi\u0119towej, asymetrii ko\u0144czyn dolnych oraz zaburze\u0144 Mortona.","breadcrumb":{"@id":"https:\/\/propedis.pl\/sklep\/produkt\/pakiet-problemy-stop\/#breadcrumb"},"inLanguage":"pl-PL","potentialAction":[{"@type":"ReadAction","target":["https:\/\/propedis.pl\/sklep\/produkt\/pakiet-problemy-stop\/"]}]},{"@type":"ImageObject","inLanguage":"pl-PL","@id":"https:\/\/propedis.pl\/sklep\/produkt\/pakiet-problemy-stop\/#primaryimage","url":"https:\/\/propedis.pl\/sklep\/wp-content\/uploads\/2020\/10\/OP_NAGRANIE_problemy-stop.png","contentUrl":"https:\/\/propedis.pl\/sklep\/wp-content\/uploads\/2020\/10\/OP_NAGRANIE_problemy-stop.png","width":1920,"height":1920},{"@type":"BreadcrumbList","@id":"https:\/\/propedis.pl\/sklep\/produkt\/pakiet-problemy-stop\/#breadcrumb","itemListElement":[{"@type":"ListItem","position":1,"name":"Strona g\u0142\u00f3wna","item":"https:\/\/propedis.pl\/sklep\/"},{"@type":"ListItem","position":2,"name":"Sklep","item":"https:\/\/propedis.pl\/sklep\/produkty\/"},{"@type":"ListItem","position":3,"name":"Kursy i szkolenia","item":"https:\/\/propedis.pl\/sklep\/kategoria-produktu\/szkolenia\/"},{"@type":"ListItem","position":4,"name":"Szkolenia online","item":"https:\/\/propedis.pl\/sklep\/kategoria-produktu\/szkolenia\/nagrania-edukacyjne-i-publikacje\/"},{"@type":"ListItem","position":5,"name":"PAKIET 3 SZKOLE\u0143: PROBLEMY ST\u00d3P"}]},{"@type":"WebSite","@id":"https:\/\/propedis.pl\/sklep\/#website","url":"https:\/\/propedis.pl\/sklep\/","name":"Pro Pedis - Profesjonalnie dla st\u00f3p","description":"","potentialAction":[{"@type":"SearchAction","target":{"@type":"EntryPoint","urlTemplate":"https:\/\/propedis.pl\/sklep\/?s={search_term_string}"},"query-input":{"@type":"PropertyValueSpecification","valueRequired":true,"valueName":"search_term_string"}}],"inLanguage":"pl-PL"}]}},"_links":{"self":[{"href":"https:\/\/propedis.pl\/sklep\/wp-json\/wp\/v2\/product\/13829","targetHints":{"allow":["GET"]}}],"collection":[{"href":"https:\/\/propedis.pl\/sklep\/wp-json\/wp\/v2\/product"}],"about":[{"href":"https:\/\/propedis.pl\/sklep\/wp-json\/wp\/v2\/types\/product"}],"wp:featuredmedia":[{"embeddable":true,"href":"https:\/\/propedis.pl\/sklep\/wp-json\/wp\/v2\/media\/203721"}],"wp:attachment":[{"href":"https:\/\/propedis.pl\/sklep\/wp-json\/wp\/v2\/media?parent=13829"}],"wp:term":[{"taxonomy":"product_brand","embeddable":true,"href":"https:\/\/propedis.pl\/sklep\/wp-json\/wp\/v2\/product_brand?post=13829"},{"taxonomy":"product_cat","embeddable":true,"href":"https:\/\/propedis.pl\/sklep\/wp-json\/wp\/v2\/product_cat?post=13829"},{"taxonomy":"product_tag","embeddable":true,"href":"https:\/\/propedis.pl\/sklep\/wp-json\/wp\/v2\/product_tag?post=13829"}],"curies":[{"name":"wp","href":"https:\/\/api.w.org\/{rel}","templated":true}]}}