{"id":14580,"date":"2020-12-03T16:39:04","date_gmt":"2020-12-03T15:39:04","guid":{"rendered":"https:\/\/propedis.pl\/sklep\/?post_type=product&#038;p=14580"},"modified":"2026-04-07T13:56:09","modified_gmt":"2026-04-07T11:56:09","slug":"podoskop-capron","status":"publish","type":"product","link":"https:\/\/propedis.pl\/sklep\/produkt\/podoskop-capron\/","title":{"rendered":"Podoskop Capron + SZKOLENIE WDRO\u017bENIOWE online"},"content":{"rendered":"<h1 data-pm-slice=\"1 1 []\">Podoskop &#8211; podstawowe narz\u0119dzie w pracy fizjoterapeuty i ortopodologa<\/h1>\n<p>&nbsp;<\/p>\n<p><strong>Podoskop to produkt medyczny, kt\u00f3ry jest nieod\u0142\u0105czn\u0105 cz\u0119\u015bci\u0105 <a href=\"https:\/\/propedis.pl\/sklep\/kategoria-produktu\/urzadzenia\/urzadzenia-diagnostyczne\/\" target=\"_blank\" rel=\"noopener\">diagnostyki st\u00f3p<\/a> i ewentualnych wad postawy cia\u0142a. To <a href=\"https:\/\/propedis.pl\/sprzetu-potrzebujesz-gabinetu-podologii\/\" target=\"_blank\" rel=\"noopener\">kluczowy element wyposa\u017cenia gabinetu fizjoterapeuty<\/a>.<\/strong><\/p>\n<p>&nbsp;<\/p>\n<p>&nbsp;<\/p>\n<h2>Do czego s\u0142u\u017cy podoskop?<\/h2>\n<p>Podoskop w trakcie diagnozowania dostarcza podstawowych informacji niezb\u0119dnych w diagnostyce i ocenie stanu st\u00f3p, staw\u00f3w skokowych, kolanowych oraz kr\u0119gos\u0142upa. Umo\u017cliwia przeprowadzanie zar\u00f3wno test\u00f3w statycznych, jak i dynamicznych, co jest kluczowe dla holistycznego podej\u015bcia do problem\u00f3w pacjenta, nie tylko tych zwi\u0105zanych ze stopami. Urz\u0105dzenie to pozwala na w\u0142a\u015bciw\u0105 ocen\u0119 kszta\u0142tu stopy, jej \u0142uk\u00f3w, a tak\u017ce na wykrywanie obecno\u015bci zgrubie\u0144 sk\u00f3rnych czy odcisk\u00f3w.<\/p>\n<p>Dzi\u0119ki pod\u015bwietleniu i lustrze obraz st\u00f3p jest wyra\u017any, co u\u0142atwia diagnoz\u0119. Podoskop jest prosty w obs\u0142udze i \u0142atwy do transportu, z g\u00f3rn\u0105 powierzchni\u0105 z przezroczystego poliw\u0119glanu i doln\u0105 cz\u0119\u015bci\u0105 z kwadratowych rurek aluminiowych. Wyposa\u017cony w bezpieczne diody kolorowe, umo\u017cliwia r\u00f3wnie\u017c tworzenie zdj\u0119\u0107 st\u00f3p do archiwizacji badanych pacjent\u00f3w i monitorowania post\u0119p\u00f3w leczenia wszelkich schorze\u0144.<\/p>\n<p>&nbsp;<\/p>\n<p>&nbsp;<\/p>\n<h2>Korzy\u015bci dla pacjenta<\/h2>\n<ul>\n<li><strong>Precyzyjna i szybka diagnostyka stopy<\/strong> &#8211; zwi\u0119ksza szans\u0119 na w\u0142a\u015bciw\u0105 diagnoz\u0119 i skuteczn\u0105 terapi\u0119.<\/li>\n<li><strong>Mo\u017cliwo\u015b\u0107 wyboru koloru pod\u015bwietlenia podoskopu<\/strong> &#8211; to szczeg\u00f3lnie przyjazne dzieciom, kt\u00f3re dzi\u0119ki temu s\u0105 o\u015bmielone, i nie boj\u0105 si\u0119 badania,<\/li>\n<li><strong>Jest niski <\/strong>&#8211; umo\u017cliwia pacjentom z ograniczonym zakresem ruchu lub zaburzon\u0105 r\u00f3wnowag\u0105 bezproblemowe wej\u015bcie na podoskop. Pacjenci nie maj\u0105 te\u017c poczucia, \u017ce stoj\u0105 wysoko nad ziemi\u0105.<\/li>\n<li><strong>Lepsze zrozumienie w\u0142asnych problem\u00f3w st\u00f3p<\/strong> &#8211; zach\u0119ca do aktywnego uczestnictwa w leczeniu i przestrzegania zalece\u0144.<\/li>\n<li><strong>Mo\u017cliwo\u015b\u0107 \u015bledzenia post\u0119p\u00f3w w leczeniu<\/strong> &#8211; umo\u017cliwia dostosowanie terapii na podstawie obserwacji zmian.<\/li>\n<li><strong>Wczesne wykrywanie potencjalnych problem\u00f3w<\/strong> &#8211; pozwala na szybkie podj\u0119cie dzia\u0142a\u0144 zapobiegawczych.<\/li>\n<li><strong>Indywidualnie dopasowane rozwi\u0105zania terapeutyczne<\/strong> &#8211; umo\u017cliwia tworzenie spersonalizowanych wk\u0142adek ortopedycznych lub plan\u00f3w \u0107wicze\u0144.<\/li>\n<li><strong>Edukacja na temat zdrowia st\u00f3p<\/strong> &#8211; pomaga pacjentom lepiej zrozumie\u0107 swoje problemy.<\/li>\n<li><strong>Szybka reakcja na zmiany w stanie st\u00f3p<\/strong> &#8211; umo\u017cliwia szybkie wykrywanie i reagowanie na zmiany.<\/li>\n<li><strong>Zwi\u0119kszone zaufanie do procesu leczenia<\/strong> &#8211; buduje zaufanie do Twoich kompetencji jako terapeuty.<\/li>\n<\/ul>\n<p>&nbsp;<\/p>\n<p>&nbsp;<\/p>\n<h2>Korzy\u015bci z posiadania podoskopu dla gabinetu<\/h2>\n<ul>\n<li><strong>Podniesiesz standard diagnostyki<\/strong> &#8211; umo\u017cliwia oferowanie bardziej zaawansowanych us\u0142ug diagnostycznych.<\/li>\n<li><strong>Zwi\u0119kszysz skuteczno\u015b\u0107 leczenia<\/strong> &#8211; pozwala na szybsze i bardziej celowane leczenie.<\/li>\n<li><strong>Poprawisz proces edukacji pacjent\u00f3w<\/strong> &#8211; u\u0142atwia wyja\u015bnianie pacjentom ich problem\u00f3w.<\/li>\n<li><strong>D\u0142ugoterminowa inwestycja<\/strong> &#8211; zapewnia trwa\u0142o\u015b\u0107 i d\u0142ugotrwa\u0142e korzy\u015bci finansowe.<\/li>\n<li><strong>Nie dop\u0142acasz do zb\u0119dnych bajer\u00f3w<\/strong> &#8211; po co Ci kamera full HD, kt\u00f3ra podnosi cen\u0119 podoskopu, a nie podnosi jako\u015bci us\u0142ug? Nasz podoskop diagnostyczny ma tylko to, co potrzebne.<\/li>\n<li><strong>Produkt medyczny produkowany w Europie<\/strong> &#8211; ma atesty europejskie, jest produktem medycznym ze stawk\u0105 VAT 8%.<\/li>\n<li><strong>U\u0142atwi Ci wsp\u00f3\u0142prac\u0119 z innymi specjalistami<\/strong> &#8211; u\u0142atwia komunikacj\u0119 z innymi specjalistami zdrowia.<\/li>\n<li><strong>Przyjmiesz wi\u0119cej pacjent\u00f3w<\/strong> &#8211; szybsza diagnostyka st\u00f3p pozwala na obs\u0142ug\u0119 wi\u0119kszej liczby pacjent\u00f3w w kr\u00f3tszym czasie. Tym samym pomo\u017cesz wi\u0119kszej liczbie os\u00f3b i zwi\u0119kszysz przychody.<\/li>\n<\/ul>\n<p>&nbsp;<\/p>\n<p>&nbsp;<\/p>\n<h2>Podoskop czy plantograf?<\/h2>\n<p>To raczej nie jest kwestia tego, czy plantograf, czy podoskop, bo w gabinecie musisz mie\u0107 i jedno, i drugie. To tak, jakby stolarz mia\u0142 wybiera\u0107 mi\u0119dzy m\u0142otkiem a pi\u0142\u0105.<\/p>\n<p>To jest raczej kwestia tego, do czego plantograf, a do czego podoskop.<\/p>\n<p>Plantograf jest idealny do tworzenia odcisk\u00f3w st\u00f3p, co jest niezb\u0119dne do analizy rozk\u0142adu nacisku i dopasowania wk\u0142adek ortopedycznych. Z kolei podoskop oferuje wizualn\u0105 ocen\u0119 struktury stopy, co jest kluczowe w diagnozowaniu problem\u00f3w biomechanicznych i wspiera proces diagnostyki ewentualnych wad postawy.<\/p>\n<p>Razem tworz\u0105 kompleksowy zestaw narz\u0119dzi diagnostycznych, pozwalaj\u0105cych na holistyczne podej\u015bcie do zdrowia st\u00f3p. Wyb\u00f3r mi\u0119dzy nimi nie jest wi\u0119c kwesti\u0105 wykluczania, ale zrozumienia, jak ka\u017cde z nich mo\u017ce wspiera\u0107 r\u00f3\u017cne aspekty opieki nad stopami.<\/p>\n<p>&nbsp;<\/p>\n<p>&nbsp;<\/p>\n<h2>Czy najta\u0144szy podoskop w Europie to dobry wyb\u00f3r?<\/h2>\n<p>Niska cena najcz\u0119\u015bciej nie idzie w parze z jako\u015bci\u0105. Przyk\u0142adem s\u0105 np. gotowe wk\u0142adki ortopedyczne, kt\u00f3re s\u0105 najta\u0144sze, i jednocze\u015bnie najmniej wytrzyma\u0142e i skuteczne.<\/p>\n<p>W Pro Pedis przerobili\u015bmy 14 system\u00f3w wk\u0142adek ortopedycznych i ostatecznie wybrali\u015bmy Capron. Nie dlatego, \u017ce s\u0105 najta\u0144sze, ale dla ich skuteczno\u015bci. <strong>Nadrz\u0119dnym celem Pro Pedis i gabinet\u00f3w <a href=\"https:\/\/footmedica.pl\/\">Foot Medica<\/a> jest poprawa zdrowia pacjent\u00f3w<\/strong>.<\/p>\n<p>Podobnie z podoskopem.<\/p>\n<p>Nasz podoskop jest pozbawiony zb\u0119dnej elektroniki, jak np. podoskopy z kamer\u0105 full HD. Kamerka nagrywa stopy tylko w jednej pozycji, a my w Pro Pedis oceniamy stop\u0119 i staw skokowy ca\u0142o\u015bciowo, tak\u017ce z ty\u0142u, patrzymy na ustawienie pi\u0119t, kolan, robimy testy dynamiczne. Kamerka tego nie zarejestruje.<\/p>\n<p>Wybieraj\u0105c podoskop Pro Pedis, <strong>masz gwarancj\u0119 najlepszego stosunku ceny do jako\u015bci<\/strong>, a dodatkowo otrzymujesz fragment kursu Ortopodologia z instrukcj\u0105 korzystania z podoskopu w badaniu pacjenta.<\/p>\n<p>&nbsp;<\/p>\n<p>&nbsp;<\/p>\n<h2>Podoskop i plantograf w zestawie<\/h2>\n<p>Kupuj\u0105c <a href=\"https:\/\/propedis.pl\/sklep\/produkt\/zestaw-podoskop-plantograf-1-stopa-z-akcesoriami\/\">podoskop i plantograf w zestawie<\/a>, mo\u017cesz znacz\u0105co zaoszcz\u0119dzi\u0107 w por\u00f3wnaniu do zakupu ka\u017cdego z nich osobno. To idealna okazja, aby wyposa\u017cy\u0107 sw\u00f3j gabinet w kompleksowe narz\u0119dzia diagnostyczne, jednocze\u015bnie dbaj\u0105c o bud\u017cet. Taki zestaw to praktyczne i ekonomiczne rozwi\u0105zanie dla ka\u017cdego specjalisty dbaj\u0105cego o zdrowie st\u00f3p pacjent\u00f3w.<\/p>\n<p>&nbsp;<\/p>\n<p>Parametry:<\/p>\n<ul>\n<li><strong>Zielone \u015bwiat\u0142o<\/strong> LED 24 V<\/li>\n<li><strong>Bardzo jasne odbitki st\u00f3p<\/strong><\/li>\n<li>Szeroki obraz<\/li>\n<li>PMMA (plexi) o grubo\u015bci 15 mm<\/li>\n<li>Podstawa z PMMA<\/li>\n<li>Waga: <strong>8.2 kg<\/strong><\/li>\n<li>Maksymalne obci\u0105\u017cenie:<strong> 150 kg<\/strong><\/li>\n<\/ul>\n<p>&nbsp;<\/p>\n<p>&nbsp;<\/p>\n<p>Rozmiary:<img loading=\"lazy\" decoding=\"async\" class=\"aligncenter wp-image-12578 size-full\" src=\"https:\/\/propedis.pl\/sklep\/wp-content\/uploads\/2020\/01\/podoskop-wymiary-300x65-300x65.jpg\" alt=\"Wymiary Podoskopu Capron, widoki: rzut i od boku\" width=\"300\" height=\"65\" srcset=\"https:\/\/propedis.pl\/sklep\/wp-content\/uploads\/2020\/01\/podoskop-wymiary-300x65-300x65.jpg 300w, https:\/\/propedis.pl\/sklep\/wp-content\/uploads\/2020\/01\/podoskop-wymiary-300x65-300x65-150x33.jpg 150w\" sizes=\"auto, (max-width: 300px) 100vw, 300px\" \/><\/p>\n<p>&nbsp;<\/p>\n<p>&nbsp;<\/p>\n<p>Zobacz film:<\/p>\n<p><iframe loading=\"lazy\" src=\"https:\/\/player.vimeo.com\/video\/342950168?h=e185198b08&amp;dnt=1&amp;app_id=122963\" width=\"640\" height=\"360\" frameborder=\"0\" allow=\"autoplay; fullscreen; picture-in-picture; clipboard-write; encrypted-media; web-share\" referrerpolicy=\"strict-origin-when-cross-origin\"><\/iframe><\/p>\n<h2>BONUS: Badanie podologiczne &#8211; szkolenie z obs\u0142ugi podoskopu i plantografu.<\/h2>\n<p>&nbsp;<\/p>\n<p>Zakup Plantografu premiujemy dost\u0119pem do kompleksowego szkolenia online, kt\u00f3re nauczy Ci\u0119 maksymalnie wykorzysta\u0107 potencja\u0142 diagnostyczny nie tylko Plantografu, ale tak\u017ce Podoskopu, daj\u0105c pe\u0142en obraz funkcjonalny stopy.<\/p>\n<p><b>Uzupe\u0142nij i pog\u0142\u0119b swoj\u0105 diagnostyk\u0119 o kluczowe badanie przyrz\u0105dowe!<\/b><\/p>\n<p>&nbsp;<\/p>\n<h3>Czego nauczysz si\u0119 na szkoleniu?<\/h3>\n<p>&nbsp;<\/p>\n<p>Szkolenie skupia si\u0119 na praktycznym wykorzystaniu <b>podoskopu<\/b> i <b>plantografu<\/b> w celu postawienia precyzyjnej diagnozy i efektywnego zaplanowania terapii.<\/p>\n<p>&nbsp;<\/p>\n<h4>1. Badanie Dynamiczne<\/h4>\n<p>&nbsp;<\/p>\n<p>Zrozumiesz, dlaczego <b>stopa jako narz\u0105d dynamiczny wymaga badania w ruchu<\/b> i jak wiele kluczowych informacji z badania dynamicznego uzyskasz (zachowanie stopy w pe\u0142nym obci\u0105\u017ceniu, wp\u0142yw zaburze\u0144 na staw kolanowy i kr\u0119gos\u0142up).<\/p>\n<p>&nbsp;<\/p>\n<h4>2. Protoko\u0142y Badania na Podoskopie (Statyczne i Dynamiczne)<\/h4>\n<p>&nbsp;<\/p>\n<ul>\n<li><b>Badanie Statyczne:<\/b> Ocena wysklepienia \u0142uk\u00f3w, symetrii, kszta\u0142tu pi\u0119ty (szpiczasta vs. rozlana), aktywno\u015bci palucha i obci\u0105\u017cenia przodostopia, a tak\u017ce ustawienia wy\u017cszych segment\u00f3w cia\u0142a (staw skokowy, kolanowy, miednica).<\/li>\n<li><b>Badanie Dynamiczne (Kluczowe Testy):<\/b>\n<ul>\n<li><b>Test wspi\u0119cia na palce:<\/b> Obserwacja supinacji pi\u0119ty i stabilno\u015bci.<\/li>\n<li><b>Test zgi\u0119cia kolan (test Rodbartha):<\/b> Ocena pronacji, odleg\u0142o\u015bci mi\u0119dzy segmentami i zachowania pi\u0119ty (np. identyfikacja ryzyka zablokowania stawu skokowego).<\/li>\n<li><b>Test stania na jednej nodze:<\/b> Ocena wydolno\u015bci statycznej, stabilno\u015bci miednicy i zachowania \u0142uk\u00f3w pod obci\u0105\u017ceniem jednostronnym.<\/li>\n<li><b>Prowokowanie Efektu Windlassa:<\/b> Ocena wysklepienia \u0142uku pod\u0142u\u017cnego i supinacyjnego ustawienia ty\u0142ostopia.<\/li>\n<\/ul>\n<\/li>\n<\/ul>\n<p>&nbsp;<\/p>\n<h4>3. Protoko\u0142y Badania na Plantografie (Statyczne i Dynamiczne)<\/h4>\n<p>&nbsp;<\/p>\n<ul>\n<li><b>Badanie Statyczne:<\/b> Oznaczanie kluczowych punkt\u00f3w (kostki, stawy \u015br\u00f3dstopno-palcowe) oraz analiza d\u0142ugo\u015bci, szeroko\u015bci i k\u0105t\u00f3w wysklepienia.<\/li>\n<li><b>Badanie Dynamiczne:<\/b> Analiza odbitek uzyskanych podczas chodu, ocena <b>wydolno\u015bci \u0142uku poprzecznego<\/b> i obserwacja <b>k\u0105towych wychwia\u0144 ty\u0142ostopia<\/b> oraz aktywno\u015bci pierwszego promienia.<\/li>\n<\/ul>\n<p>&nbsp;<\/p>\n<h3>Dla kogo jest ten Zestaw?<\/h3>\n<p>&nbsp;<\/p>\n<ul>\n<li><b>Podolodzy, Fizjoterapeuci, Ortopodolodzy<\/b><\/li>\n<li>Specjali\u015bci chc\u0105cy pog\u0142\u0119bi\u0107 diagnostyk\u0119 i optymalizowa\u0107 projektowanie <a href=\"https:\/\/propedis.pl\/sklep\/kategoria-produktu\/wkladki\/\"><b>wk\u0142adek ortopedycznych<\/b><\/a>.<\/li>\n<\/ul>\n<p><b>Po uko\u0144czeniu szkolenia, b\u0119dziesz w stanie na podstawie badania przyrz\u0105dowego postawi\u0107 precyzyjn\u0105 diagnoz\u0119 i zaplanowa\u0107 skuteczn\u0105, zindywidualizowan\u0105 terapi\u0119.<\/b><\/p>\n<p>&nbsp;<\/p>\n","protected":false},"excerpt":{"rendered":"<p>Podoskop &#8211; podstawowe narz\u0119dzie w pracy fizjoterapeuty i ortopodologa &nbsp; Podoskop to produkt medyczny, kt\u00f3ry jest nieod\u0142\u0105czn\u0105 cz\u0119\u015bci\u0105 diagnostyki st\u00f3p i ewentualnych wad postawy cia\u0142a. To kluczowy element wyposa\u017cenia gabinetu fizjoterapeuty. &nbsp; &nbsp; Do czego s\u0142u\u017cy podoskop? Podoskop w trakcie diagnozowania dostarcza podstawowych informacji niezb\u0119dnych w diagnostyce i ocenie stanu st\u00f3p, staw\u00f3w skokowych, kolanowych oraz [&hellip;]<\/p>\n","protected":false},"featured_media":6721,"template":"","meta":{"ep_exclude_from_search":false},"product_brand":[],"product_cat":[81],"product_tag":[457,456],"class_list":{"0":"post-14580","1":"product","2":"type-product","3":"status-publish","4":"has-post-thumbnail","6":"product_cat-urzadzenia-diagnostyczne","7":"product_tag-badanie-dynamiczne","8":"product_tag-badanie-statyczne","9":"product_shipping_class-paleta","11":"first","12":"instock","13":"featured","14":"taxable","15":"shipping-taxable","16":"purchasable","17":"product-type-simple"},"yoast_head":"<!-- This site is optimized with the Yoast SEO Premium plugin v26.3 (Yoast SEO v27.2) - https:\/\/yoast.com\/product\/yoast-seo-premium-wordpress\/ -->\n<title>Podoskop Capron + SZKOLENIE WDRO\u017bENIOWE online - Pro Pedis - Profesjonalnie dla st\u00f3p<\/title>\n<meta name=\"description\" content=\"Podoskop to produkt medyczny, kt\u00f3ry jest nieod\u0142\u0105czn\u0105 cz\u0119\u015bci\u0105 diagnostyki st\u00f3p i wad postawy cia\u0142a. To kluczowy element wyposa\u017cenia ka\u017cdego gabinetu.\" \/>\n<meta name=\"robots\" content=\"index, follow, max-snippet:-1, max-image-preview:large, max-video-preview:-1\" \/>\n<link rel=\"canonical\" href=\"https:\/\/propedis.pl\/sklep\/produkt\/podoskop-capron\/\" \/>\n<meta property=\"og:locale\" content=\"pl_PL\" \/>\n<meta property=\"og:type\" content=\"article\" \/>\n<meta property=\"og:title\" content=\"Podoskop Capron + SZKOLENIE WDRO\u017bENIOWE online\" \/>\n<meta property=\"og:description\" content=\"Podoskop to produkt medyczny, kt\u00f3ry jest nieod\u0142\u0105czn\u0105 cz\u0119\u015bci\u0105 diagnostyki st\u00f3p i ewentualnych wad postawy cia\u0142a. To kluczowy element wyposa\u017cenia gabinetu fizjoterapeuty.\" \/>\n<meta property=\"og:url\" content=\"https:\/\/propedis.pl\/sklep\/produkt\/podoskop-capron\/\" \/>\n<meta property=\"og:site_name\" content=\"Pro Pedis - Profesjonalnie dla st\u00f3p\" \/>\n<meta property=\"article:modified_time\" content=\"2026-04-07T11:56:09+00:00\" \/>\n<meta property=\"og:image\" content=\"https:\/\/propedis.pl\/sklep\/wp-content\/uploads\/2020\/01\/6066.png\" \/>\n\t<meta property=\"og:image:width\" content=\"600\" \/>\n\t<meta property=\"og:image:height\" content=\"600\" \/>\n\t<meta property=\"og:image:type\" content=\"image\/png\" \/>\n<meta name=\"twitter:card\" content=\"summary_large_image\" \/>\n<meta name=\"twitter:description\" content=\"Podoskop to produkt medyczny, kt\u00f3ry jest nieod\u0142\u0105czn\u0105 cz\u0119\u015bci\u0105 diagnostyki st\u00f3p i ewentualnych wad postawy cia\u0142a. To kluczowy element wyposa\u017cenia gabinetu fizjoterapeuty.\" \/>\n<meta name=\"twitter:label1\" content=\"Szacowany czas czytania\" \/>\n\t<meta name=\"twitter:data1\" content=\"7 minut\" \/>\n<script type=\"application\/ld+json\" class=\"yoast-schema-graph\">{\"@context\":\"https:\/\/schema.org\",\"@graph\":[{\"@type\":\"WebPage\",\"@id\":\"https:\/\/propedis.pl\/sklep\/produkt\/podoskop-capron\/\",\"url\":\"https:\/\/propedis.pl\/sklep\/produkt\/podoskop-capron\/\",\"name\":\"Podoskop Capron + SZKOLENIE WDRO\u017bENIOWE online - Pro Pedis - Profesjonalnie dla st\u00f3p\",\"isPartOf\":{\"@id\":\"https:\/\/propedis.pl\/sklep\/#website\"},\"primaryImageOfPage\":{\"@id\":\"https:\/\/propedis.pl\/sklep\/produkt\/podoskop-capron\/#primaryimage\"},\"image\":{\"@id\":\"https:\/\/propedis.pl\/sklep\/produkt\/podoskop-capron\/#primaryimage\"},\"thumbnailUrl\":\"https:\/\/propedis.pl\/sklep\/wp-content\/uploads\/2020\/01\/6066.png\",\"datePublished\":\"2020-12-03T15:39:04+00:00\",\"dateModified\":\"2026-04-07T11:56:09+00:00\",\"description\":\"Podoskop to produkt medyczny, kt\u00f3ry jest nieod\u0142\u0105czn\u0105 cz\u0119\u015bci\u0105 diagnostyki st\u00f3p i wad postawy cia\u0142a. To kluczowy element wyposa\u017cenia ka\u017cdego gabinetu.\",\"breadcrumb\":{\"@id\":\"https:\/\/propedis.pl\/sklep\/produkt\/podoskop-capron\/#breadcrumb\"},\"inLanguage\":\"pl-PL\",\"potentialAction\":[{\"@type\":\"ReadAction\",\"target\":[\"https:\/\/propedis.pl\/sklep\/produkt\/podoskop-capron\/\"]}]},{\"@type\":\"ImageObject\",\"inLanguage\":\"pl-PL\",\"@id\":\"https:\/\/propedis.pl\/sklep\/produkt\/podoskop-capron\/#primaryimage\",\"url\":\"https:\/\/propedis.pl\/sklep\/wp-content\/uploads\/2020\/01\/6066.png\",\"contentUrl\":\"https:\/\/propedis.pl\/sklep\/wp-content\/uploads\/2020\/01\/6066.png\",\"width\":600,\"height\":600},{\"@type\":\"BreadcrumbList\",\"@id\":\"https:\/\/propedis.pl\/sklep\/produkt\/podoskop-capron\/#breadcrumb\",\"itemListElement\":[{\"@type\":\"ListItem\",\"position\":1,\"name\":\"Strona g\u0142\u00f3wna\",\"item\":\"https:\/\/propedis.pl\/sklep\/\"},{\"@type\":\"ListItem\",\"position\":2,\"name\":\"Sklep\",\"item\":\"https:\/\/propedis.pl\/sklep\/produkty\/\"},{\"@type\":\"ListItem\",\"position\":3,\"name\":\"Urz\u0105dzenia i akcesoria\",\"item\":\"https:\/\/propedis.pl\/sklep\/kategoria-produktu\/urzadzenia\/\"},{\"@type\":\"ListItem\",\"position\":4,\"name\":\"Urz\u0105dzenia diagnostyczne\",\"item\":\"https:\/\/propedis.pl\/sklep\/kategoria-produktu\/urzadzenia\/urzadzenia-diagnostyczne\/\"},{\"@type\":\"ListItem\",\"position\":5,\"name\":\"Podoskop Capron + SZKOLENIE WDRO\u017bENIOWE online\"}]},{\"@type\":\"WebSite\",\"@id\":\"https:\/\/propedis.pl\/sklep\/#website\",\"url\":\"https:\/\/propedis.pl\/sklep\/\",\"name\":\"Pro Pedis - Profesjonalnie dla st\u00f3p\",\"description\":\"\",\"potentialAction\":[{\"@type\":\"SearchAction\",\"target\":{\"@type\":\"EntryPoint\",\"urlTemplate\":\"https:\/\/propedis.pl\/sklep\/?s={search_term_string}\"},\"query-input\":{\"@type\":\"PropertyValueSpecification\",\"valueRequired\":true,\"valueName\":\"search_term_string\"}}],\"inLanguage\":\"pl-PL\"}]}<\/script>\n<!-- \/ Yoast SEO Premium plugin. -->","yoast_head_json":{"title":"Podoskop Capron + SZKOLENIE WDRO\u017bENIOWE online - Pro Pedis - Profesjonalnie dla st\u00f3p","description":"Podoskop to produkt medyczny, kt\u00f3ry jest nieod\u0142\u0105czn\u0105 cz\u0119\u015bci\u0105 diagnostyki st\u00f3p i wad postawy cia\u0142a. To kluczowy element wyposa\u017cenia ka\u017cdego gabinetu.","robots":{"index":"index","follow":"follow","max-snippet":"max-snippet:-1","max-image-preview":"max-image-preview:large","max-video-preview":"max-video-preview:-1"},"canonical":"https:\/\/propedis.pl\/sklep\/produkt\/podoskop-capron\/","og_locale":"pl_PL","og_type":"article","og_title":"Podoskop Capron + SZKOLENIE WDRO\u017bENIOWE online","og_description":"Podoskop to produkt medyczny, kt\u00f3ry jest nieod\u0142\u0105czn\u0105 cz\u0119\u015bci\u0105 diagnostyki st\u00f3p i ewentualnych wad postawy cia\u0142a. To kluczowy element wyposa\u017cenia gabinetu fizjoterapeuty.","og_url":"https:\/\/propedis.pl\/sklep\/produkt\/podoskop-capron\/","og_site_name":"Pro Pedis - Profesjonalnie dla st\u00f3p","article_modified_time":"2026-04-07T11:56:09+00:00","og_image":[{"width":600,"height":600,"url":"https:\/\/propedis.pl\/sklep\/wp-content\/uploads\/2020\/01\/6066.png","type":"image\/png"}],"twitter_card":"summary_large_image","twitter_description":"Podoskop to produkt medyczny, kt\u00f3ry jest nieod\u0142\u0105czn\u0105 cz\u0119\u015bci\u0105 diagnostyki st\u00f3p i ewentualnych wad postawy cia\u0142a. To kluczowy element wyposa\u017cenia gabinetu fizjoterapeuty.","twitter_misc":{"Szacowany czas czytania":"7 minut"},"schema":{"@context":"https:\/\/schema.org","@graph":[{"@type":"WebPage","@id":"https:\/\/propedis.pl\/sklep\/produkt\/podoskop-capron\/","url":"https:\/\/propedis.pl\/sklep\/produkt\/podoskop-capron\/","name":"Podoskop Capron + SZKOLENIE WDRO\u017bENIOWE online - Pro Pedis - Profesjonalnie dla st\u00f3p","isPartOf":{"@id":"https:\/\/propedis.pl\/sklep\/#website"},"primaryImageOfPage":{"@id":"https:\/\/propedis.pl\/sklep\/produkt\/podoskop-capron\/#primaryimage"},"image":{"@id":"https:\/\/propedis.pl\/sklep\/produkt\/podoskop-capron\/#primaryimage"},"thumbnailUrl":"https:\/\/propedis.pl\/sklep\/wp-content\/uploads\/2020\/01\/6066.png","datePublished":"2020-12-03T15:39:04+00:00","dateModified":"2026-04-07T11:56:09+00:00","description":"Podoskop to produkt medyczny, kt\u00f3ry jest nieod\u0142\u0105czn\u0105 cz\u0119\u015bci\u0105 diagnostyki st\u00f3p i wad postawy cia\u0142a. To kluczowy element wyposa\u017cenia ka\u017cdego gabinetu.","breadcrumb":{"@id":"https:\/\/propedis.pl\/sklep\/produkt\/podoskop-capron\/#breadcrumb"},"inLanguage":"pl-PL","potentialAction":[{"@type":"ReadAction","target":["https:\/\/propedis.pl\/sklep\/produkt\/podoskop-capron\/"]}]},{"@type":"ImageObject","inLanguage":"pl-PL","@id":"https:\/\/propedis.pl\/sklep\/produkt\/podoskop-capron\/#primaryimage","url":"https:\/\/propedis.pl\/sklep\/wp-content\/uploads\/2020\/01\/6066.png","contentUrl":"https:\/\/propedis.pl\/sklep\/wp-content\/uploads\/2020\/01\/6066.png","width":600,"height":600},{"@type":"BreadcrumbList","@id":"https:\/\/propedis.pl\/sklep\/produkt\/podoskop-capron\/#breadcrumb","itemListElement":[{"@type":"ListItem","position":1,"name":"Strona g\u0142\u00f3wna","item":"https:\/\/propedis.pl\/sklep\/"},{"@type":"ListItem","position":2,"name":"Sklep","item":"https:\/\/propedis.pl\/sklep\/produkty\/"},{"@type":"ListItem","position":3,"name":"Urz\u0105dzenia i akcesoria","item":"https:\/\/propedis.pl\/sklep\/kategoria-produktu\/urzadzenia\/"},{"@type":"ListItem","position":4,"name":"Urz\u0105dzenia diagnostyczne","item":"https:\/\/propedis.pl\/sklep\/kategoria-produktu\/urzadzenia\/urzadzenia-diagnostyczne\/"},{"@type":"ListItem","position":5,"name":"Podoskop Capron + SZKOLENIE WDRO\u017bENIOWE online"}]},{"@type":"WebSite","@id":"https:\/\/propedis.pl\/sklep\/#website","url":"https:\/\/propedis.pl\/sklep\/","name":"Pro Pedis - Profesjonalnie dla st\u00f3p","description":"","potentialAction":[{"@type":"SearchAction","target":{"@type":"EntryPoint","urlTemplate":"https:\/\/propedis.pl\/sklep\/?s={search_term_string}"},"query-input":{"@type":"PropertyValueSpecification","valueRequired":true,"valueName":"search_term_string"}}],"inLanguage":"pl-PL"}]}},"_links":{"self":[{"href":"https:\/\/propedis.pl\/sklep\/wp-json\/wp\/v2\/product\/14580","targetHints":{"allow":["GET"]}}],"collection":[{"href":"https:\/\/propedis.pl\/sklep\/wp-json\/wp\/v2\/product"}],"about":[{"href":"https:\/\/propedis.pl\/sklep\/wp-json\/wp\/v2\/types\/product"}],"wp:featuredmedia":[{"embeddable":true,"href":"https:\/\/propedis.pl\/sklep\/wp-json\/wp\/v2\/media\/6721"}],"wp:attachment":[{"href":"https:\/\/propedis.pl\/sklep\/wp-json\/wp\/v2\/media?parent=14580"}],"wp:term":[{"taxonomy":"product_brand","embeddable":true,"href":"https:\/\/propedis.pl\/sklep\/wp-json\/wp\/v2\/product_brand?post=14580"},{"taxonomy":"product_cat","embeddable":true,"href":"https:\/\/propedis.pl\/sklep\/wp-json\/wp\/v2\/product_cat?post=14580"},{"taxonomy":"product_tag","embeddable":true,"href":"https:\/\/propedis.pl\/sklep\/wp-json\/wp\/v2\/product_tag?post=14580"}],"curies":[{"name":"wp","href":"https:\/\/api.w.org\/{rel}","templated":true}]}}