{"id":1505,"date":"2020-01-23T13:25:30","date_gmt":"2020-01-23T12:25:30","guid":{"rendered":"https:\/\/propedis.pl\/sklep\/?post_type=product&#038;p=1505"},"modified":"2026-02-26T11:52:17","modified_gmt":"2026-02-26T10:52:17","slug":"wzorniki-o-pelnej-dlugosci-35-szt","status":"publish","type":"product","link":"https:\/\/propedis.pl\/sklep\/produkt\/wzorniki-o-pelnej-dlugosci-35-szt\/","title":{"rendered":"Wzorniki do formatowania termicznego o pe\u0142nej d\u0142ugo\u015bci"},"content":{"rendered":"<p>35 sztuk<\/p>\n<p>M\u0119ski &#8211; city: 37 do 47<\/p>\n<p>M\u0119ski &#8211; sport 1: 37 do 47<\/p>\n<p>M\u0119ski &#8211; sport 2: 37 do 47<\/p>\n<p>Damski &#8211; city: 35 do 41<\/p>\n<p>M\u0119ski &#8211; sport 1: 35 do 41<\/p>\n<p>M\u0119ski &#8211; sport 2: 35 do 41<\/p>\n<p>Dzieciecy: 27 do 35<\/p>\n<p>&nbsp;<\/p>\n<p>&nbsp;<\/p>\n<p>&nbsp;<\/p>\n<p>&nbsp;<\/p>\n","protected":false},"excerpt":{"rendered":"<p>M\u0119ski &#8211; city: 37 do 47<br \/>\nM\u0119ski &#8211; sport 1 : 37 do 47<br \/>\nM\u0119ski &#8211; sport 2: 37 do 47<br \/>\nDamski &#8211; city: 35 do 41<br \/>\nDamski &#8211; obcas: 35 do 41<br \/>\nDamski &#8211; sport: 35 do 41<br \/>\nDzieci\u0119cy : 27 do 35<\/p>\n","protected":false},"featured_media":5884,"template":"","meta":{"ep_exclude_from_search":false},"product_brand":[],"product_cat":[437,407],"product_tag":[],"class_list":{"0":"post-1505","1":"product","2":"type-product","3":"status-publish","4":"has-post-thumbnail","6":"product_cat-akcesoria-urzadzenia-do-wkladek","7":"product_cat-urzadzenia-do-wkladek","9":"first","10":"onbackorder","11":"taxable","12":"shipping-taxable","13":"purchasable","14":"product-type-simple"},"yoast_head":"<!-- This site is optimized with the Yoast SEO Premium plugin v26.3 (Yoast SEO v27.4) - https:\/\/yoast.com\/product\/yoast-seo-premium-wordpress\/ -->\n<title>Wzorniki do formatowania termicznego o pe\u0142nej d\u0142ugo\u015bci - Pro Pedis - Profesjonalnie dla st\u00f3p<\/title>\n<meta name=\"robots\" content=\"index, follow, max-snippet:-1, max-image-preview:large, max-video-preview:-1\" \/>\n<link rel=\"canonical\" href=\"https:\/\/propedis.pl\/sklep\/produkt\/wzorniki-o-pelnej-dlugosci-35-szt\/\" \/>\n<meta property=\"og:locale\" content=\"pl_PL\" \/>\n<meta property=\"og:type\" content=\"article\" \/>\n<meta property=\"og:title\" content=\"Wzorniki do formatowania termicznego o pe\u0142nej d\u0142ugo\u015bci\" \/>\n<meta property=\"og:description\" content=\"M\u0119ski - city: 37 do 47 M\u0119ski - sport 1 : 37 do 47 M\u0119ski - sport 2: 37 do 47 Damski - city: 35 do 41 Damski - obcas: 35 do 41 Damski - sport: 35 do 41 Dzieci\u0119cy : 27 do 35\" \/>\n<meta property=\"og:url\" content=\"https:\/\/propedis.pl\/sklep\/produkt\/wzorniki-o-pelnej-dlugosci-35-szt\/\" \/>\n<meta property=\"og:site_name\" content=\"Pro Pedis - Profesjonalnie dla st\u00f3p\" \/>\n<meta property=\"article:modified_time\" content=\"2026-02-26T10:52:17+00:00\" \/>\n<meta property=\"og:image\" content=\"https:\/\/propedis.pl\/sklep\/wp-content\/uploads\/2020\/03\/7512_wzorniki-2.jpg\" \/>\n\t<meta property=\"og:image:width\" content=\"500\" \/>\n\t<meta property=\"og:image:height\" content=\"500\" \/>\n\t<meta property=\"og:image:type\" content=\"image\/jpeg\" \/>\n<meta name=\"twitter:card\" content=\"summary_large_image\" \/>\n<meta name=\"twitter:label1\" content=\"Szacowany czas czytania\" \/>\n\t<meta name=\"twitter:data1\" content=\"1 minuta\" \/>\n<script type=\"application\/ld+json\" class=\"yoast-schema-graph\">{\"@context\":\"https:\\\/\\\/schema.org\",\"@graph\":[{\"@type\":\"WebPage\",\"@id\":\"https:\\\/\\\/propedis.pl\\\/sklep\\\/produkt\\\/wzorniki-o-pelnej-dlugosci-35-szt\\\/\",\"url\":\"https:\\\/\\\/propedis.pl\\\/sklep\\\/produkt\\\/wzorniki-o-pelnej-dlugosci-35-szt\\\/\",\"name\":\"Wzorniki do formatowania termicznego o pe\u0142nej d\u0142ugo\u015bci - Pro Pedis - Profesjonalnie dla st\u00f3p\",\"isPartOf\":{\"@id\":\"https:\\\/\\\/propedis.pl\\\/sklep\\\/#website\"},\"primaryImageOfPage\":{\"@id\":\"https:\\\/\\\/propedis.pl\\\/sklep\\\/produkt\\\/wzorniki-o-pelnej-dlugosci-35-szt\\\/#primaryimage\"},\"image\":{\"@id\":\"https:\\\/\\\/propedis.pl\\\/sklep\\\/produkt\\\/wzorniki-o-pelnej-dlugosci-35-szt\\\/#primaryimage\"},\"thumbnailUrl\":\"https:\\\/\\\/propedis.pl\\\/sklep\\\/wp-content\\\/uploads\\\/2020\\\/03\\\/7512_wzorniki-2.jpg\",\"datePublished\":\"2020-01-23T12:25:30+00:00\",\"dateModified\":\"2026-02-26T10:52:17+00:00\",\"breadcrumb\":{\"@id\":\"https:\\\/\\\/propedis.pl\\\/sklep\\\/produkt\\\/wzorniki-o-pelnej-dlugosci-35-szt\\\/#breadcrumb\"},\"inLanguage\":\"pl-PL\",\"potentialAction\":[{\"@type\":\"ReadAction\",\"target\":[\"https:\\\/\\\/propedis.pl\\\/sklep\\\/produkt\\\/wzorniki-o-pelnej-dlugosci-35-szt\\\/\"]}]},{\"@type\":\"ImageObject\",\"inLanguage\":\"pl-PL\",\"@id\":\"https:\\\/\\\/propedis.pl\\\/sklep\\\/produkt\\\/wzorniki-o-pelnej-dlugosci-35-szt\\\/#primaryimage\",\"url\":\"https:\\\/\\\/propedis.pl\\\/sklep\\\/wp-content\\\/uploads\\\/2020\\\/03\\\/7512_wzorniki-2.jpg\",\"contentUrl\":\"https:\\\/\\\/propedis.pl\\\/sklep\\\/wp-content\\\/uploads\\\/2020\\\/03\\\/7512_wzorniki-2.jpg\",\"width\":500,\"height\":500},{\"@type\":\"BreadcrumbList\",\"@id\":\"https:\\\/\\\/propedis.pl\\\/sklep\\\/produkt\\\/wzorniki-o-pelnej-dlugosci-35-szt\\\/#breadcrumb\",\"itemListElement\":[{\"@type\":\"ListItem\",\"position\":1,\"name\":\"Strona g\u0142\u00f3wna\",\"item\":\"https:\\\/\\\/propedis.pl\\\/sklep\\\/\"},{\"@type\":\"ListItem\",\"position\":2,\"name\":\"Sklep\",\"item\":\"https:\\\/\\\/propedis.pl\\\/sklep\\\/produkty\\\/\"},{\"@type\":\"ListItem\",\"position\":3,\"name\":\"Urz\u0105dzenia do wk\u0142adek\",\"item\":\"https:\\\/\\\/propedis.pl\\\/sklep\\\/kategoria-produktu\\\/urzadzenia-do-wkladek\\\/\"},{\"@type\":\"ListItem\",\"position\":4,\"name\":\"Akcesoria\",\"item\":\"https:\\\/\\\/propedis.pl\\\/sklep\\\/kategoria-produktu\\\/urzadzenia-do-wkladek\\\/akcesoria-urzadzenia-do-wkladek\\\/\"},{\"@type\":\"ListItem\",\"position\":5,\"name\":\"Wzorniki do formatowania termicznego o pe\u0142nej d\u0142ugo\u015bci\"}]},{\"@type\":\"WebSite\",\"@id\":\"https:\\\/\\\/propedis.pl\\\/sklep\\\/#website\",\"url\":\"https:\\\/\\\/propedis.pl\\\/sklep\\\/\",\"name\":\"Pro Pedis - Profesjonalnie dla st\u00f3p\",\"description\":\"\",\"potentialAction\":[{\"@type\":\"SearchAction\",\"target\":{\"@type\":\"EntryPoint\",\"urlTemplate\":\"https:\\\/\\\/propedis.pl\\\/sklep\\\/?s={search_term_string}\"},\"query-input\":{\"@type\":\"PropertyValueSpecification\",\"valueRequired\":true,\"valueName\":\"search_term_string\"}}],\"inLanguage\":\"pl-PL\"}]}<\/script>\n<!-- \/ Yoast SEO Premium plugin. -->","yoast_head_json":{"title":"Wzorniki do formatowania termicznego o pe\u0142nej d\u0142ugo\u015bci - Pro Pedis - Profesjonalnie dla st\u00f3p","robots":{"index":"index","follow":"follow","max-snippet":"max-snippet:-1","max-image-preview":"max-image-preview:large","max-video-preview":"max-video-preview:-1"},"canonical":"https:\/\/propedis.pl\/sklep\/produkt\/wzorniki-o-pelnej-dlugosci-35-szt\/","og_locale":"pl_PL","og_type":"article","og_title":"Wzorniki do formatowania termicznego o pe\u0142nej d\u0142ugo\u015bci","og_description":"M\u0119ski - city: 37 do 47 M\u0119ski - sport 1 : 37 do 47 M\u0119ski - sport 2: 37 do 47 Damski - city: 35 do 41 Damski - obcas: 35 do 41 Damski - sport: 35 do 41 Dzieci\u0119cy : 27 do 35","og_url":"https:\/\/propedis.pl\/sklep\/produkt\/wzorniki-o-pelnej-dlugosci-35-szt\/","og_site_name":"Pro Pedis - Profesjonalnie dla st\u00f3p","article_modified_time":"2026-02-26T10:52:17+00:00","og_image":[{"width":500,"height":500,"url":"https:\/\/propedis.pl\/sklep\/wp-content\/uploads\/2020\/03\/7512_wzorniki-2.jpg","type":"image\/jpeg"}],"twitter_card":"summary_large_image","twitter_misc":{"Szacowany czas czytania":"1 minuta"},"schema":{"@context":"https:\/\/schema.org","@graph":[{"@type":"WebPage","@id":"https:\/\/propedis.pl\/sklep\/produkt\/wzorniki-o-pelnej-dlugosci-35-szt\/","url":"https:\/\/propedis.pl\/sklep\/produkt\/wzorniki-o-pelnej-dlugosci-35-szt\/","name":"Wzorniki do formatowania termicznego o pe\u0142nej d\u0142ugo\u015bci - Pro Pedis - Profesjonalnie dla st\u00f3p","isPartOf":{"@id":"https:\/\/propedis.pl\/sklep\/#website"},"primaryImageOfPage":{"@id":"https:\/\/propedis.pl\/sklep\/produkt\/wzorniki-o-pelnej-dlugosci-35-szt\/#primaryimage"},"image":{"@id":"https:\/\/propedis.pl\/sklep\/produkt\/wzorniki-o-pelnej-dlugosci-35-szt\/#primaryimage"},"thumbnailUrl":"https:\/\/propedis.pl\/sklep\/wp-content\/uploads\/2020\/03\/7512_wzorniki-2.jpg","datePublished":"2020-01-23T12:25:30+00:00","dateModified":"2026-02-26T10:52:17+00:00","breadcrumb":{"@id":"https:\/\/propedis.pl\/sklep\/produkt\/wzorniki-o-pelnej-dlugosci-35-szt\/#breadcrumb"},"inLanguage":"pl-PL","potentialAction":[{"@type":"ReadAction","target":["https:\/\/propedis.pl\/sklep\/produkt\/wzorniki-o-pelnej-dlugosci-35-szt\/"]}]},{"@type":"ImageObject","inLanguage":"pl-PL","@id":"https:\/\/propedis.pl\/sklep\/produkt\/wzorniki-o-pelnej-dlugosci-35-szt\/#primaryimage","url":"https:\/\/propedis.pl\/sklep\/wp-content\/uploads\/2020\/03\/7512_wzorniki-2.jpg","contentUrl":"https:\/\/propedis.pl\/sklep\/wp-content\/uploads\/2020\/03\/7512_wzorniki-2.jpg","width":500,"height":500},{"@type":"BreadcrumbList","@id":"https:\/\/propedis.pl\/sklep\/produkt\/wzorniki-o-pelnej-dlugosci-35-szt\/#breadcrumb","itemListElement":[{"@type":"ListItem","position":1,"name":"Strona g\u0142\u00f3wna","item":"https:\/\/propedis.pl\/sklep\/"},{"@type":"ListItem","position":2,"name":"Sklep","item":"https:\/\/propedis.pl\/sklep\/produkty\/"},{"@type":"ListItem","position":3,"name":"Urz\u0105dzenia do wk\u0142adek","item":"https:\/\/propedis.pl\/sklep\/kategoria-produktu\/urzadzenia-do-wkladek\/"},{"@type":"ListItem","position":4,"name":"Akcesoria","item":"https:\/\/propedis.pl\/sklep\/kategoria-produktu\/urzadzenia-do-wkladek\/akcesoria-urzadzenia-do-wkladek\/"},{"@type":"ListItem","position":5,"name":"Wzorniki do formatowania termicznego o pe\u0142nej d\u0142ugo\u015bci"}]},{"@type":"WebSite","@id":"https:\/\/propedis.pl\/sklep\/#website","url":"https:\/\/propedis.pl\/sklep\/","name":"Pro Pedis - Profesjonalnie dla st\u00f3p","description":"","potentialAction":[{"@type":"SearchAction","target":{"@type":"EntryPoint","urlTemplate":"https:\/\/propedis.pl\/sklep\/?s={search_term_string}"},"query-input":{"@type":"PropertyValueSpecification","valueRequired":true,"valueName":"search_term_string"}}],"inLanguage":"pl-PL"}]}},"_links":{"self":[{"href":"https:\/\/propedis.pl\/sklep\/wp-json\/wp\/v2\/product\/1505","targetHints":{"allow":["GET"]}}],"collection":[{"href":"https:\/\/propedis.pl\/sklep\/wp-json\/wp\/v2\/product"}],"about":[{"href":"https:\/\/propedis.pl\/sklep\/wp-json\/wp\/v2\/types\/product"}],"wp:featuredmedia":[{"embeddable":true,"href":"https:\/\/propedis.pl\/sklep\/wp-json\/wp\/v2\/media\/5884"}],"wp:attachment":[{"href":"https:\/\/propedis.pl\/sklep\/wp-json\/wp\/v2\/media?parent=1505"}],"wp:term":[{"taxonomy":"product_brand","embeddable":true,"href":"https:\/\/propedis.pl\/sklep\/wp-json\/wp\/v2\/product_brand?post=1505"},{"taxonomy":"product_cat","embeddable":true,"href":"https:\/\/propedis.pl\/sklep\/wp-json\/wp\/v2\/product_cat?post=1505"},{"taxonomy":"product_tag","embeddable":true,"href":"https:\/\/propedis.pl\/sklep\/wp-json\/wp\/v2\/product_tag?post=1505"}],"curies":[{"name":"wp","href":"https:\/\/api.w.org\/{rel}","templated":true}]}}