{"id":1557,"date":"2020-01-23T13:32:01","date_gmt":"2020-01-23T12:32:01","guid":{"rendered":""},"modified":"2026-04-16T12:35:47","modified_gmt":"2026-04-16T10:35:47","slug":"plantograf-1-stopa-25-arkuszy","status":"publish","type":"product","link":"https:\/\/propedis.pl\/sklep\/produkt\/plantograf-1-stopa-25-arkuszy\/","title":{"rendered":"Plantograf 1 stopa &#8211; 25 arkuszy + SZKOLENIE ONLINE wdro\u017ceniowe"},"content":{"rendered":"<p><b>Plantograf<\/b> to <a href=\"https:\/\/propedis.pl\/sprzetu-potrzebujesz-gabinetu-podologii\/\" target=\"_blank\" rel=\"noopener\">podstawowe i niezawodne urz\u0105dzenie<\/a> do <b>statycznego i dynamicznego<\/b> odzwierciedlania obci\u0105\u017cenia st\u00f3p na papierze. S\u0142u\u017cy do uzyskania dok\u0142adnego <b>odcisku stopy<\/b>, daj\u0105c solidn\u0105 baz\u0119 do analizy i planowania terapeutycznego.<\/p>\n<p>&nbsp;<\/p>\n<h3>Kluczowe Korzy\u015bci Plantografu:<\/h3>\n<p>&nbsp;<\/p>\n<ul>\n<li><b>Precyzyjna Analiza Kszta\u0142tu Stopy:<\/b> Z \u0142atwo\u015bci\u0105 okre\u015blisz <b>kszta\u0142t wysklepienia stopy<\/b>, jej dok\u0142adn\u0105 <b>d\u0142ugo\u015b\u0107 i szeroko\u015b\u0107<\/b>.<\/li>\n<li><b>Wykrywanie Zaburze\u0144 Obci\u0105\u017cenia:<\/b> Ustalanie <b>stref nadmiernego obci\u0105\u017cenia<\/b> oraz <b>stref niedoci\u0105\u017conych<\/b>.<\/li>\n<li><b>Ocena Symetrii:<\/b> Natychmiastowe wizualne por\u00f3wnanie <b>r\u00f3\u017cnic pomi\u0119dzy praw\u0105 a lew\u0105 stop\u0105<\/b>.<\/li>\n<li><b>Analiza Dynamiczna \u2013 Stopa w Ruchu:<\/b> Poniewa\u017c stopa jest obszarem wybitnie <b>dynamicznym<\/b>, plantograf pozwala na analiz\u0119 <b>przetoczenia stopy<\/b>. Zauwa\u017cysz kluczowe <b>k\u0105towe odchylenia<\/b> \u2013 od za wczesnej pronacji po nadmierne odbicie po przy\u015brodkowej kraw\u0119dzi palucha.<\/li>\n<li><b>Przewidywanie Zmian Sk\u00f3rnych:<\/b> Ju\u017c na podstawie samej odbitki mo\u017cesz <b>przypuszcza\u0107<\/b>, gdzie u pacjenta pojawi\u0105 si\u0119 <b>odciski, modzele, czy zgrubienia nask\u00f3rka<\/b>, co pozwala na wczesne planowanie post\u0119powania profilaktycznego i terapeutycznego.<\/li>\n<li><b>Optymalizacja Wk\u0142adek Ortopedycznych:<\/b> Odbitka plantograficzna jest idealnym narz\u0119dziem do <b>planowania rozmieszczenia element\u00f3w koryguj\u0105cych<\/b> na wk\u0142adce. Trafnie podejmiesz decyzj\u0119, gdzie <b>zwi\u0119kszy\u0107 obci\u0105\u017cenie, poprawi\u0107 amortyzacj\u0119, odci\u0105\u017cy\u0107<\/b>, wykona\u0107 <b>podniesienie<\/b> lub <b>zag\u0142\u0119bienie<\/b>, by stopa mia\u0142a prawid\u0142owe warunki do pracy i unikni\u0119to dra\u017cnienia nask\u00f3rka.<\/li>\n<\/ul>\n<div class=\"vc_row wpb_row vc_row-fluid\">\n<div class=\"wpb_column vc_column_container vc_col-sm-12\">\n<div class=\"vc_column-inner \">\n<div class=\"wpb_wrapper\">\n<div class=\"vc_tta-container\" data-vc-action=\"collapse\">\n<div class=\"vc_general vc_tta vc_tta-tabs vc_tta-color-white vc_tta-style-classic vc_tta-shape-rounded vc_tta-spacing-1 vc_tta-tabs-position-top vc_tta-controls-align-left vc_custom_1459346500508\">\n<div class=\"vc_tta-panels-container\">\n<div class=\"vc_tta-panels\">\n<div id=\"1459345759246-288db092-2e18\" class=\"vc_tta-panel vc_active\" data-vc-content=\".vc_tta-panel-body\">\n<div class=\"vc_tta-panel-body\">\n<div class=\"wpb_text_column wpb_content_element \">\n<div class=\"wpb_wrapper\">Rozmiary<\/div>\n<\/div>\n<\/div>\n<\/div>\n<\/div>\n<\/div>\n<\/div>\n<\/div>\n<\/div>\n<\/div>\n<\/div>\n<\/div>\n<p>&nbsp;<\/p>\n<p><img loading=\"lazy\" decoding=\"async\" class=\"aligncenter wp-image-3526 size-full\" src=\"https:\/\/propedis.pl\/wp-content\/uploads\/2016\/07\/pl.jpg\" width=\"404\" height=\"232\" \/><\/p>\n<p>Zobacz film<\/p>\n<p><iframe loading=\"lazy\" src=\"https:\/\/player.vimeo.com\/video\/342950353?h=b15219dc3e&amp;dnt=1&amp;app_id=122963\" width=\"640\" height=\"360\" frameborder=\"0\" allow=\"autoplay; fullscreen; picture-in-picture; clipboard-write; encrypted-media; web-share\" referrerpolicy=\"strict-origin-when-cross-origin\"><\/iframe><\/p>\n<p>&nbsp;<\/p>\n<h2>BONUS: Badanie podologiczne &#8211; szkolenie z obs\u0142ugi podoskopu i plantografu.<\/h2>\n<p>&nbsp;<\/p>\n<p>Zakup Plantografu premiujemy dost\u0119pem do kompleksowego szkolenia online, kt\u00f3re nauczy Ci\u0119 maksymalnie wykorzysta\u0107 potencja\u0142 diagnostyczny nie tylko Plantografu, ale tak\u017ce Podoskopu, daj\u0105c pe\u0142en obraz funkcjonalny stopy.<\/p>\n<p><b>Uzupe\u0142nij i pog\u0142\u0119b swoj\u0105 diagnostyk\u0119 o kluczowe badanie przyrz\u0105dowe!<\/b><\/p>\n<p>&nbsp;<\/p>\n<h3>Czego nauczysz si\u0119 na szkoleniu?<\/h3>\n<p>&nbsp;<\/p>\n<p>Szkolenie skupia si\u0119 na praktycznym wykorzystaniu <a href=\"https:\/\/propedis.pl\/sklep\/kategoria-produktu\/urzadzenia\/urzadzenia-diagnostyczne\/\" target=\"_blank\" rel=\"noopener\"><b>podoskopu<\/b> i <b>plantografu<\/b><\/a> w celu postawienia precyzyjnej diagnozy i efektywnego zaplanowania terapii.<\/p>\n<p>&nbsp;<\/p>\n<h4>1. Badanie Dynamiczne<\/h4>\n<p>&nbsp;<\/p>\n<p>Zrozumiesz, dlaczego <b>stopa jako narz\u0105d dynamiczny wymaga badania w ruchu<\/b> i jak wiele kluczowych informacji z badania dynamicznego uzyskasz (zachowanie stopy w pe\u0142nym obci\u0105\u017ceniu, wp\u0142yw zaburze\u0144 na staw kolanowy i kr\u0119gos\u0142up).<\/p>\n<p>&nbsp;<\/p>\n<h4>2. Protoko\u0142y Badania na Podoskopie (Statyczne i Dynamiczne)<\/h4>\n<p>&nbsp;<\/p>\n<ul>\n<li><b>Badanie Statyczne:<\/b> Ocena wysklepienia \u0142uk\u00f3w, symetrii, kszta\u0142tu pi\u0119ty (szpiczasta vs. rozlana), aktywno\u015bci palucha i obci\u0105\u017cenia przodostopia, a tak\u017ce ustawienia wy\u017cszych segment\u00f3w cia\u0142a (staw skokowy, kolanowy, miednica).<\/li>\n<li><b>Badanie Dynamiczne (Kluczowe Testy):<\/b>\n<ul>\n<li><b>Test wspi\u0119cia na palce:<\/b> Obserwacja supinacji pi\u0119ty i stabilno\u015bci.<\/li>\n<li><b>Test zgi\u0119cia kolan (test Rodbartha):<\/b> Ocena pronacji, odleg\u0142o\u015bci mi\u0119dzy segmentami i zachowania pi\u0119ty (np. identyfikacja ryzyka zablokowania stawu skokowego).<\/li>\n<li><b>Test stania na jednej nodze:<\/b> Ocena wydolno\u015bci statycznej, stabilno\u015bci miednicy i zachowania \u0142uk\u00f3w pod obci\u0105\u017ceniem jednostronnym.<\/li>\n<li><b>Prowokowanie Efektu Windlassa:<\/b> Ocena wysklepienia \u0142uku pod\u0142u\u017cnego i supinacyjnego ustawienia ty\u0142ostopia.<\/li>\n<\/ul>\n<\/li>\n<\/ul>\n<p>&nbsp;<\/p>\n<h4>3. Protoko\u0142y Badania na Plantografie (Statyczne i Dynamiczne)<\/h4>\n<p>&nbsp;<\/p>\n<ul>\n<li><b>Badanie Statyczne:<\/b> Oznaczanie kluczowych punkt\u00f3w (kostki, stawy \u015br\u00f3dstopno-palcowe) oraz analiza d\u0142ugo\u015bci, szeroko\u015bci i k\u0105t\u00f3w wysklepienia.<\/li>\n<li><b>Badanie Dynamiczne:<\/b> Analiza odbitek uzyskanych podczas chodu, ocena <b>wydolno\u015bci \u0142uku poprzecznego<\/b> i obserwacja <b>k\u0105towych wychwia\u0144 ty\u0142ostopia<\/b> oraz aktywno\u015bci pierwszego promienia.<\/li>\n<\/ul>\n<p>&nbsp;<\/p>\n<h3>Dla kogo jest ten Zestaw?<\/h3>\n<p>&nbsp;<\/p>\n<ul>\n<li><b>Podolodzy, Fizjoterapeuci, Ortopodolodzy<\/b><\/li>\n<li>Specjali\u015bci chc\u0105cy pog\u0142\u0119bi\u0107 diagnostyk\u0119 i optymalizowa\u0107 projektowanie <b>wk\u0142adek ortopedycznych<\/b>.<\/li>\n<\/ul>\n<p><b>Po uko\u0144czeniu szkolenia, b\u0119dziesz w stanie na podstawie badania przyrz\u0105dowego postawi\u0107 precyzyjn\u0105 diagnoz\u0119 i zaplanowa\u0107 skuteczn\u0105, zindywidualizowan\u0105 terapi\u0119.<\/b><\/p>\n","protected":false},"excerpt":{"rendered":"<p>Plantograf to podstawowe i niezawodne urz\u0105dzenie do statycznego i dynamicznego odzwierciedlania obci\u0105\u017cenia st\u00f3p na papierze. S\u0142u\u017cy do uzyskania dok\u0142adnego odcisku stopy, daj\u0105c solidn\u0105 baz\u0119 do analizy i planowania terapeutycznego. &nbsp; Kluczowe Korzy\u015bci Plantografu: &nbsp; Precyzyjna Analiza Kszta\u0142tu Stopy: Z \u0142atwo\u015bci\u0105 okre\u015blisz kszta\u0142t wysklepienia stopy, jej dok\u0142adn\u0105 d\u0142ugo\u015b\u0107 i szeroko\u015b\u0107. Wykrywanie Zaburze\u0144 Obci\u0105\u017cenia: Ustalanie stref nadmiernego [&hellip;]<\/p>\n","protected":false},"featured_media":2197,"template":"","meta":{"ep_exclude_from_search":false},"product_brand":[],"product_cat":[81],"product_tag":[457,456,440,439],"class_list":{"0":"post-1557","1":"product","2":"type-product","3":"status-publish","4":"has-post-thumbnail","6":"product_cat-urzadzenia-diagnostyczne","7":"product_tag-badanie-dynamiczne","8":"product_tag-badanie-statyczne","9":"product_tag-plantokonturograf","10":"product_tag-podograf","12":"first","13":"onbackorder","14":"taxable","15":"shipping-taxable","16":"purchasable","17":"product-type-simple"},"yoast_head":"<!-- This site is optimized with the Yoast SEO Premium plugin v26.3 (Yoast SEO v27.4) - https:\/\/yoast.com\/product\/yoast-seo-premium-wordpress\/ -->\n<title>Plantograf 1 stopa - 25 arkuszy + SZKOLENIE ONLINE wdro\u017ceniowe - Pro Pedis - Profesjonalnie dla st\u00f3p<\/title>\n<meta name=\"robots\" content=\"index, follow, max-snippet:-1, max-image-preview:large, max-video-preview:-1\" \/>\n<link rel=\"canonical\" href=\"https:\/\/propedis.pl\/sklep\/produkt\/plantograf-1-stopa-25-arkuszy\/\" \/>\n<meta property=\"og:locale\" content=\"pl_PL\" \/>\n<meta property=\"og:type\" content=\"article\" \/>\n<meta property=\"og:title\" content=\"Plantograf 1 stopa - 25 arkuszy + SZKOLENIE ONLINE wdro\u017ceniowe\" \/>\n<meta property=\"og:description\" content=\"Plantograf to podstawowe i niezawodne urz\u0105dzenie do statycznego i dynamicznego odzwierciedlania obci\u0105\u017cenia st\u00f3p na papierze. S\u0142u\u017cy do uzyskania dok\u0142adnego odcisku stopy, daj\u0105c solidn\u0105 baz\u0119 do analizy i planowania terapeutycznego. &nbsp; Kluczowe Korzy\u015bci Plantografu: &nbsp; Precyzyjna Analiza Kszta\u0142tu Stopy: Z \u0142atwo\u015bci\u0105 okre\u015blisz kszta\u0142t wysklepienia stopy, jej dok\u0142adn\u0105 d\u0142ugo\u015b\u0107 i szeroko\u015b\u0107. Wykrywanie Zaburze\u0144 Obci\u0105\u017cenia: Ustalanie stref nadmiernego [&hellip;]\" \/>\n<meta property=\"og:url\" content=\"https:\/\/propedis.pl\/sklep\/produkt\/plantograf-1-stopa-25-arkuszy\/\" \/>\n<meta property=\"og:site_name\" content=\"Pro Pedis - Profesjonalnie dla st\u00f3p\" \/>\n<meta property=\"article:modified_time\" content=\"2026-04-16T10:35:47+00:00\" \/>\n<meta property=\"og:image\" content=\"https:\/\/propedis.pl\/sklep\/wp-content\/uploads\/2020\/01\/6055-Utilisation-2018.jpg\" \/>\n\t<meta property=\"og:image:width\" content=\"1620\" \/>\n\t<meta property=\"og:image:height\" content=\"1080\" \/>\n\t<meta property=\"og:image:type\" content=\"image\/jpeg\" \/>\n<meta name=\"twitter:card\" content=\"summary_large_image\" \/>\n<meta name=\"twitter:label1\" content=\"Szacowany czas czytania\" \/>\n\t<meta name=\"twitter:data1\" content=\"4 minuty\" \/>\n<script type=\"application\/ld+json\" class=\"yoast-schema-graph\">{\"@context\":\"https:\\\/\\\/schema.org\",\"@graph\":[{\"@type\":\"WebPage\",\"@id\":\"https:\\\/\\\/propedis.pl\\\/sklep\\\/produkt\\\/plantograf-1-stopa-25-arkuszy\\\/\",\"url\":\"https:\\\/\\\/propedis.pl\\\/sklep\\\/produkt\\\/plantograf-1-stopa-25-arkuszy\\\/\",\"name\":\"Plantograf 1 stopa - 25 arkuszy + SZKOLENIE ONLINE wdro\u017ceniowe - Pro Pedis - Profesjonalnie dla st\u00f3p\",\"isPartOf\":{\"@id\":\"https:\\\/\\\/propedis.pl\\\/sklep\\\/#website\"},\"primaryImageOfPage\":{\"@id\":\"https:\\\/\\\/propedis.pl\\\/sklep\\\/produkt\\\/plantograf-1-stopa-25-arkuszy\\\/#primaryimage\"},\"image\":{\"@id\":\"https:\\\/\\\/propedis.pl\\\/sklep\\\/produkt\\\/plantograf-1-stopa-25-arkuszy\\\/#primaryimage\"},\"thumbnailUrl\":\"https:\\\/\\\/propedis.pl\\\/sklep\\\/wp-content\\\/uploads\\\/2020\\\/01\\\/6055-Utilisation-2018.jpg\",\"datePublished\":\"2020-01-23T12:32:01+00:00\",\"dateModified\":\"2026-04-16T10:35:47+00:00\",\"breadcrumb\":{\"@id\":\"https:\\\/\\\/propedis.pl\\\/sklep\\\/produkt\\\/plantograf-1-stopa-25-arkuszy\\\/#breadcrumb\"},\"inLanguage\":\"pl-PL\",\"potentialAction\":[{\"@type\":\"ReadAction\",\"target\":[\"https:\\\/\\\/propedis.pl\\\/sklep\\\/produkt\\\/plantograf-1-stopa-25-arkuszy\\\/\"]}]},{\"@type\":\"ImageObject\",\"inLanguage\":\"pl-PL\",\"@id\":\"https:\\\/\\\/propedis.pl\\\/sklep\\\/produkt\\\/plantograf-1-stopa-25-arkuszy\\\/#primaryimage\",\"url\":\"https:\\\/\\\/propedis.pl\\\/sklep\\\/wp-content\\\/uploads\\\/2020\\\/01\\\/6055-Utilisation-2018.jpg\",\"contentUrl\":\"https:\\\/\\\/propedis.pl\\\/sklep\\\/wp-content\\\/uploads\\\/2020\\\/01\\\/6055-Utilisation-2018.jpg\",\"width\":1620,\"height\":1080,\"caption\":\"Badanie plantografem\"},{\"@type\":\"BreadcrumbList\",\"@id\":\"https:\\\/\\\/propedis.pl\\\/sklep\\\/produkt\\\/plantograf-1-stopa-25-arkuszy\\\/#breadcrumb\",\"itemListElement\":[{\"@type\":\"ListItem\",\"position\":1,\"name\":\"Strona g\u0142\u00f3wna\",\"item\":\"https:\\\/\\\/propedis.pl\\\/sklep\\\/\"},{\"@type\":\"ListItem\",\"position\":2,\"name\":\"Sklep\",\"item\":\"https:\\\/\\\/propedis.pl\\\/sklep\\\/produkty\\\/\"},{\"@type\":\"ListItem\",\"position\":3,\"name\":\"Urz\u0105dzenia i akcesoria\",\"item\":\"https:\\\/\\\/propedis.pl\\\/sklep\\\/kategoria-produktu\\\/urzadzenia\\\/\"},{\"@type\":\"ListItem\",\"position\":4,\"name\":\"Urz\u0105dzenia diagnostyczne\",\"item\":\"https:\\\/\\\/propedis.pl\\\/sklep\\\/kategoria-produktu\\\/urzadzenia\\\/urzadzenia-diagnostyczne\\\/\"},{\"@type\":\"ListItem\",\"position\":5,\"name\":\"Plantograf 1 stopa &#8211; 25 arkuszy + SZKOLENIE ONLINE wdro\u017ceniowe\"}]},{\"@type\":\"WebSite\",\"@id\":\"https:\\\/\\\/propedis.pl\\\/sklep\\\/#website\",\"url\":\"https:\\\/\\\/propedis.pl\\\/sklep\\\/\",\"name\":\"Pro Pedis - Profesjonalnie dla st\u00f3p\",\"description\":\"\",\"potentialAction\":[{\"@type\":\"SearchAction\",\"target\":{\"@type\":\"EntryPoint\",\"urlTemplate\":\"https:\\\/\\\/propedis.pl\\\/sklep\\\/?s={search_term_string}\"},\"query-input\":{\"@type\":\"PropertyValueSpecification\",\"valueRequired\":true,\"valueName\":\"search_term_string\"}}],\"inLanguage\":\"pl-PL\"}]}<\/script>\n<!-- \/ Yoast SEO Premium plugin. -->","yoast_head_json":{"title":"Plantograf 1 stopa - 25 arkuszy + SZKOLENIE ONLINE wdro\u017ceniowe - Pro Pedis - Profesjonalnie dla st\u00f3p","robots":{"index":"index","follow":"follow","max-snippet":"max-snippet:-1","max-image-preview":"max-image-preview:large","max-video-preview":"max-video-preview:-1"},"canonical":"https:\/\/propedis.pl\/sklep\/produkt\/plantograf-1-stopa-25-arkuszy\/","og_locale":"pl_PL","og_type":"article","og_title":"Plantograf 1 stopa - 25 arkuszy + SZKOLENIE ONLINE wdro\u017ceniowe","og_description":"Plantograf to podstawowe i niezawodne urz\u0105dzenie do statycznego i dynamicznego odzwierciedlania obci\u0105\u017cenia st\u00f3p na papierze. S\u0142u\u017cy do uzyskania dok\u0142adnego odcisku stopy, daj\u0105c solidn\u0105 baz\u0119 do analizy i planowania terapeutycznego. &nbsp; Kluczowe Korzy\u015bci Plantografu: &nbsp; Precyzyjna Analiza Kszta\u0142tu Stopy: Z \u0142atwo\u015bci\u0105 okre\u015blisz kszta\u0142t wysklepienia stopy, jej dok\u0142adn\u0105 d\u0142ugo\u015b\u0107 i szeroko\u015b\u0107. Wykrywanie Zaburze\u0144 Obci\u0105\u017cenia: Ustalanie stref nadmiernego [&hellip;]","og_url":"https:\/\/propedis.pl\/sklep\/produkt\/plantograf-1-stopa-25-arkuszy\/","og_site_name":"Pro Pedis - Profesjonalnie dla st\u00f3p","article_modified_time":"2026-04-16T10:35:47+00:00","og_image":[{"width":1620,"height":1080,"url":"https:\/\/propedis.pl\/sklep\/wp-content\/uploads\/2020\/01\/6055-Utilisation-2018.jpg","type":"image\/jpeg"}],"twitter_card":"summary_large_image","twitter_misc":{"Szacowany czas czytania":"4 minuty"},"schema":{"@context":"https:\/\/schema.org","@graph":[{"@type":"WebPage","@id":"https:\/\/propedis.pl\/sklep\/produkt\/plantograf-1-stopa-25-arkuszy\/","url":"https:\/\/propedis.pl\/sklep\/produkt\/plantograf-1-stopa-25-arkuszy\/","name":"Plantograf 1 stopa - 25 arkuszy + SZKOLENIE ONLINE wdro\u017ceniowe - Pro Pedis - Profesjonalnie dla st\u00f3p","isPartOf":{"@id":"https:\/\/propedis.pl\/sklep\/#website"},"primaryImageOfPage":{"@id":"https:\/\/propedis.pl\/sklep\/produkt\/plantograf-1-stopa-25-arkuszy\/#primaryimage"},"image":{"@id":"https:\/\/propedis.pl\/sklep\/produkt\/plantograf-1-stopa-25-arkuszy\/#primaryimage"},"thumbnailUrl":"https:\/\/propedis.pl\/sklep\/wp-content\/uploads\/2020\/01\/6055-Utilisation-2018.jpg","datePublished":"2020-01-23T12:32:01+00:00","dateModified":"2026-04-16T10:35:47+00:00","breadcrumb":{"@id":"https:\/\/propedis.pl\/sklep\/produkt\/plantograf-1-stopa-25-arkuszy\/#breadcrumb"},"inLanguage":"pl-PL","potentialAction":[{"@type":"ReadAction","target":["https:\/\/propedis.pl\/sklep\/produkt\/plantograf-1-stopa-25-arkuszy\/"]}]},{"@type":"ImageObject","inLanguage":"pl-PL","@id":"https:\/\/propedis.pl\/sklep\/produkt\/plantograf-1-stopa-25-arkuszy\/#primaryimage","url":"https:\/\/propedis.pl\/sklep\/wp-content\/uploads\/2020\/01\/6055-Utilisation-2018.jpg","contentUrl":"https:\/\/propedis.pl\/sklep\/wp-content\/uploads\/2020\/01\/6055-Utilisation-2018.jpg","width":1620,"height":1080,"caption":"Badanie plantografem"},{"@type":"BreadcrumbList","@id":"https:\/\/propedis.pl\/sklep\/produkt\/plantograf-1-stopa-25-arkuszy\/#breadcrumb","itemListElement":[{"@type":"ListItem","position":1,"name":"Strona g\u0142\u00f3wna","item":"https:\/\/propedis.pl\/sklep\/"},{"@type":"ListItem","position":2,"name":"Sklep","item":"https:\/\/propedis.pl\/sklep\/produkty\/"},{"@type":"ListItem","position":3,"name":"Urz\u0105dzenia i akcesoria","item":"https:\/\/propedis.pl\/sklep\/kategoria-produktu\/urzadzenia\/"},{"@type":"ListItem","position":4,"name":"Urz\u0105dzenia diagnostyczne","item":"https:\/\/propedis.pl\/sklep\/kategoria-produktu\/urzadzenia\/urzadzenia-diagnostyczne\/"},{"@type":"ListItem","position":5,"name":"Plantograf 1 stopa &#8211; 25 arkuszy + SZKOLENIE ONLINE wdro\u017ceniowe"}]},{"@type":"WebSite","@id":"https:\/\/propedis.pl\/sklep\/#website","url":"https:\/\/propedis.pl\/sklep\/","name":"Pro Pedis - Profesjonalnie dla st\u00f3p","description":"","potentialAction":[{"@type":"SearchAction","target":{"@type":"EntryPoint","urlTemplate":"https:\/\/propedis.pl\/sklep\/?s={search_term_string}"},"query-input":{"@type":"PropertyValueSpecification","valueRequired":true,"valueName":"search_term_string"}}],"inLanguage":"pl-PL"}]}},"_links":{"self":[{"href":"https:\/\/propedis.pl\/sklep\/wp-json\/wp\/v2\/product\/1557","targetHints":{"allow":["GET"]}}],"collection":[{"href":"https:\/\/propedis.pl\/sklep\/wp-json\/wp\/v2\/product"}],"about":[{"href":"https:\/\/propedis.pl\/sklep\/wp-json\/wp\/v2\/types\/product"}],"wp:featuredmedia":[{"embeddable":true,"href":"https:\/\/propedis.pl\/sklep\/wp-json\/wp\/v2\/media\/2197"}],"wp:attachment":[{"href":"https:\/\/propedis.pl\/sklep\/wp-json\/wp\/v2\/media?parent=1557"}],"wp:term":[{"taxonomy":"product_brand","embeddable":true,"href":"https:\/\/propedis.pl\/sklep\/wp-json\/wp\/v2\/product_brand?post=1557"},{"taxonomy":"product_cat","embeddable":true,"href":"https:\/\/propedis.pl\/sklep\/wp-json\/wp\/v2\/product_cat?post=1557"},{"taxonomy":"product_tag","embeddable":true,"href":"https:\/\/propedis.pl\/sklep\/wp-json\/wp\/v2\/product_tag?post=1557"}],"curies":[{"name":"wp","href":"https:\/\/api.w.org\/{rel}","templated":true}]}}