{"id":1565,"date":"2020-01-23T13:34:03","date_gmt":"2020-01-23T12:34:03","guid":{"rendered":"https:\/\/propedis.pl\/sklep\/?post_type=product&#038;p=1565"},"modified":"2026-02-26T11:52:26","modified_gmt":"2026-02-26T10:52:26","slug":"feet-print-2-2-slim-line-empreinteur-2-pieds-coloris-blanc","status":"publish","type":"product","link":"https:\/\/propedis.pl\/sklep\/produkt\/feet-print-2-2-slim-line-empreinteur-2-pieds-coloris-blanc\/","title":{"rendered":"PODUSZKA PR\u00d3\u017bNIOWA 2.2 SLIM LINE &#8211; 2 STOPY"},"content":{"rendered":"<div class=\"video-container\">\n<p style=\"margin: 0cm; margin-bottom: .0001pt;\">System silikonowych poduszek pr\u00f3\u017cniowych do pobierania odcisku stopy i formowania wk\u0142adek. Sk\u0142ada si\u0119 z platformy z wbudowan\u0105 pomp\u0105 pr\u00f3\u017cniow\u0105 po\u0142\u0105czonej z par\u0105 poduszek. Obs\u0142ugiwany za pomoc\u0105 pilota.<\/p>\n<p>&nbsp;<\/p>\n<p style=\"margin: 0cm; margin-bottom: .0001pt;\"><strong>Charakterystyka produktu<\/strong><\/p>\n<p style=\"margin: 0cm; margin-bottom: .0001pt;\">Poduszka silikonowa<\/p>\n<p style=\"margin: 0cm; margin-bottom: .0001pt;\">Podw\u00f3jna kraw\u0119d\u017a dla lepszego podparcia bok\u00f3w<\/p>\n<p style=\"margin: 0cm; margin-bottom: .0001pt;\">Du\u017cy rozmiar: do 420 mm d\u0142ugo\u015bci stopy<\/p>\n<p style=\"margin: 0cm; margin-bottom: .0001pt;\">Znaczniki pozycjonowania st\u00f3p<\/p>\n<p style=\"margin: 0cm; margin-bottom: .0001pt;\">\u0141atwa i szybka procedura wykonania<\/p>\n<p style=\"margin: 0cm; margin-bottom: .0001pt;\">G\u0142adka obudowa z PMMA<\/p>\n<p style=\"margin: 0cm; margin-bottom: .0001pt;\">Bezprzewodowy pilot trzyfunkcyjny<\/p>\n<p style=\"margin: 0cm; margin-bottom: .0001pt;\">Doskona\u0142a kontrola pr\u00f3\u017cni i utwardzenia poduszki u\u0142atwia pobranie optymalnego odcisku<\/p>\n<p style=\"margin: 0cm; margin-bottom: .0001pt;\">Szybki reset poprzez wpuszczenie powietrza<\/p>\n<p style=\"margin: 0cm; margin-bottom: .0001pt;\">Wy\u015bwietlacz LED dla ka\u017cdej poduszki<\/p>\n<p style=\"margin: 0cm; margin-bottom: .0001pt;\">Pompa najwy\u017cszej jako\u015bci zapewniaj\u0105ca cich\u0105 i szybk\u0105 prac\u0119<\/p>\n<p style=\"margin: 0cm; margin-bottom: .0001pt;\">Waga: 8,3 kg<\/p>\n<p>&nbsp;<\/p>\n<p style=\"margin: 0cm; margin-bottom: .0001pt;\"><strong>Zalety<\/strong><\/p>\n<p style=\"margin: 0cm; margin-bottom: .0001pt;\">Nowoczesne wzornictwo, \u0142atwo\u015b\u0107 utrzymania w czysto\u015bci<\/p>\n<p style=\"margin: 0cm; margin-bottom: .0001pt;\">Znaczniki pozycjonowania st\u00f3p<\/p>\n<p style=\"margin: 0cm; margin-bottom: .0001pt;\">Regulacja pr\u0119dko\u015bci zasysania (twardo\u015bci poduszki)<\/p>\n<p style=\"margin: 0cm; margin-bottom: .0001pt;\">Bardzo g\u0142adka powierzchnia utwardzonych poduszek<\/p>\n<p style=\"margin: 0cm; margin-bottom: .0001pt;\">Utrzymywanie kszta\u0142tu odcisku po ca\u0142kowitym utwardzeniu<\/p>\n<p style=\"margin: 0cm; margin-bottom: .0001pt;\">Zr\u00f3\u017cnicowana wysoko\u015b\u0107 przodu i ty\u0142u poduszki u\u0142atwia pobieranie odcisku<\/p>\n<p style=\"margin: 0cm; margin-bottom: .0001pt;\">Du\u017cy rozmiar poduszek \u2013 dla du\u017cych st\u00f3p<\/p>\n<p style=\"margin: 0cm; margin-bottom: .0001pt;\">\u0141atwe korygowanie odcisk\u00f3w<\/p>\n<p style=\"margin: 0cm; margin-bottom: .0001pt;\">Bezprzewodowy pilot<\/p>\n<p style=\"margin: 0cm; margin-bottom: .0001pt;\">Bardzo cichy tryb pracy<\/p>\n<p style=\"margin: 0cm; margin-bottom: .0001pt;\">\u0141atwo\u015b\u0107 transportu<\/p>\n<p>&nbsp;<\/p>\n<p><strong>Rozmiary<\/strong><\/p>\n<p><img loading=\"lazy\" decoding=\"async\" class=\"aligncenter wp-image-12576 size-full\" src=\"https:\/\/propedis.pl\/sklep\/wp-content\/uploads\/2020\/01\/Feet_Print_2-1-1.jpg\" alt=\"\" width=\"521\" height=\"195\" srcset=\"https:\/\/propedis.pl\/sklep\/wp-content\/uploads\/2020\/01\/Feet_Print_2-1-1.jpg 521w, https:\/\/propedis.pl\/sklep\/wp-content\/uploads\/2020\/01\/Feet_Print_2-1-1-150x56.jpg 150w, https:\/\/propedis.pl\/sklep\/wp-content\/uploads\/2020\/01\/Feet_Print_2-1-1-300x112.jpg 300w\" sizes=\"auto, (max-width: 521px) 100vw, 521px\" \/><\/p>\n<p>Zobacz film:<\/p>\n<\/div>\n<p><iframe loading=\"lazy\" title=\"Feet Print - poduszki do formowania wk\u0142adek\" src=\"https:\/\/player.vimeo.com\/video\/372583519?h=ec78733116&amp;dnt=1&amp;app_id=122963\" width=\"640\" height=\"360\" frameborder=\"0\" allow=\"autoplay; fullscreen; picture-in-picture; clipboard-write\"><\/iframe><\/p>\n","protected":false},"excerpt":{"rendered":"<p>Odcisk dw\u00f3ch st\u00f3p \u2013 dwie poduszki ze zintegrowan\u0105 pomp\u0105 pr\u00f3\u017cniow\u0105.<\/p>\n","protected":false},"featured_media":4447,"template":"","meta":{"ep_exclude_from_search":false},"product_brand":[],"product_cat":[412,407],"product_tag":[444,443],"class_list":{"0":"post-1565","1":"product","2":"type-product","3":"status-publish","4":"has-post-thumbnail","6":"product_cat-termoformowanie","7":"product_cat-urzadzenia-do-wkladek","8":"product_tag-poduszki-do-pobieranie-odcisku","9":"product_tag-poduszki-silikonowe","10":"product_shipping_class-paleta","12":"first","13":"onbackorder","14":"taxable","15":"shipping-taxable","16":"purchasable","17":"product-type-simple"},"yoast_head":"<!-- This site is optimized with the Yoast SEO Premium plugin v26.3 (Yoast SEO v27.4) - https:\/\/yoast.com\/product\/yoast-seo-premium-wordpress\/ -->\n<title>PODUSZKA PR\u00d3\u017bNIOWA 2.2 SLIM LINE - 2 STOPY - Pro Pedis - Profesjonalnie dla st\u00f3p<\/title>\n<meta name=\"robots\" content=\"index, follow, max-snippet:-1, max-image-preview:large, max-video-preview:-1\" \/>\n<link rel=\"canonical\" href=\"https:\/\/propedis.pl\/sklep\/produkt\/feet-print-2-2-slim-line-empreinteur-2-pieds-coloris-blanc\/\" \/>\n<meta property=\"og:locale\" content=\"pl_PL\" \/>\n<meta property=\"og:type\" content=\"article\" \/>\n<meta property=\"og:title\" content=\"PODUSZKA PR\u00d3\u017bNIOWA 2.2 SLIM LINE - 2 STOPY\" \/>\n<meta property=\"og:description\" content=\"Odcisk dw\u00f3ch st\u00f3p \u2013 dwie poduszki ze zintegrowan\u0105 pomp\u0105 pr\u00f3\u017cniow\u0105.\" \/>\n<meta property=\"og:url\" content=\"https:\/\/propedis.pl\/sklep\/produkt\/feet-print-2-2-slim-line-empreinteur-2-pieds-coloris-blanc\/\" \/>\n<meta property=\"og:site_name\" content=\"Pro Pedis - Profesjonalnie dla st\u00f3p\" \/>\n<meta property=\"article:modified_time\" content=\"2026-02-26T10:52:26+00:00\" \/>\n<meta property=\"og:image\" content=\"https:\/\/propedis.pl\/sklep\/wp-content\/uploads\/2020\/03\/7997_2B-FEET-PRINT-22-SLIM-LINE-2.jpg\" \/>\n\t<meta property=\"og:image:width\" content=\"500\" \/>\n\t<meta property=\"og:image:height\" content=\"500\" \/>\n\t<meta property=\"og:image:type\" content=\"image\/jpeg\" \/>\n<meta name=\"twitter:card\" content=\"summary_large_image\" \/>\n<meta name=\"twitter:label1\" content=\"Szacowany czas czytania\" \/>\n\t<meta name=\"twitter:data1\" content=\"2 minuty\" \/>\n<script type=\"application\/ld+json\" class=\"yoast-schema-graph\">{\"@context\":\"https:\\\/\\\/schema.org\",\"@graph\":[{\"@type\":\"WebPage\",\"@id\":\"https:\\\/\\\/propedis.pl\\\/sklep\\\/produkt\\\/feet-print-2-2-slim-line-empreinteur-2-pieds-coloris-blanc\\\/\",\"url\":\"https:\\\/\\\/propedis.pl\\\/sklep\\\/produkt\\\/feet-print-2-2-slim-line-empreinteur-2-pieds-coloris-blanc\\\/\",\"name\":\"PODUSZKA PR\u00d3\u017bNIOWA 2.2 SLIM LINE - 2 STOPY - Pro Pedis - Profesjonalnie dla st\u00f3p\",\"isPartOf\":{\"@id\":\"https:\\\/\\\/propedis.pl\\\/sklep\\\/#website\"},\"primaryImageOfPage\":{\"@id\":\"https:\\\/\\\/propedis.pl\\\/sklep\\\/produkt\\\/feet-print-2-2-slim-line-empreinteur-2-pieds-coloris-blanc\\\/#primaryimage\"},\"image\":{\"@id\":\"https:\\\/\\\/propedis.pl\\\/sklep\\\/produkt\\\/feet-print-2-2-slim-line-empreinteur-2-pieds-coloris-blanc\\\/#primaryimage\"},\"thumbnailUrl\":\"https:\\\/\\\/propedis.pl\\\/sklep\\\/wp-content\\\/uploads\\\/2020\\\/03\\\/7997_2B-FEET-PRINT-22-SLIM-LINE-2.jpg\",\"datePublished\":\"2020-01-23T12:34:03+00:00\",\"dateModified\":\"2026-02-26T10:52:26+00:00\",\"breadcrumb\":{\"@id\":\"https:\\\/\\\/propedis.pl\\\/sklep\\\/produkt\\\/feet-print-2-2-slim-line-empreinteur-2-pieds-coloris-blanc\\\/#breadcrumb\"},\"inLanguage\":\"pl-PL\",\"potentialAction\":[{\"@type\":\"ReadAction\",\"target\":[\"https:\\\/\\\/propedis.pl\\\/sklep\\\/produkt\\\/feet-print-2-2-slim-line-empreinteur-2-pieds-coloris-blanc\\\/\"]}]},{\"@type\":\"ImageObject\",\"inLanguage\":\"pl-PL\",\"@id\":\"https:\\\/\\\/propedis.pl\\\/sklep\\\/produkt\\\/feet-print-2-2-slim-line-empreinteur-2-pieds-coloris-blanc\\\/#primaryimage\",\"url\":\"https:\\\/\\\/propedis.pl\\\/sklep\\\/wp-content\\\/uploads\\\/2020\\\/03\\\/7997_2B-FEET-PRINT-22-SLIM-LINE-2.jpg\",\"contentUrl\":\"https:\\\/\\\/propedis.pl\\\/sklep\\\/wp-content\\\/uploads\\\/2020\\\/03\\\/7997_2B-FEET-PRINT-22-SLIM-LINE-2.jpg\",\"width\":500,\"height\":500},{\"@type\":\"BreadcrumbList\",\"@id\":\"https:\\\/\\\/propedis.pl\\\/sklep\\\/produkt\\\/feet-print-2-2-slim-line-empreinteur-2-pieds-coloris-blanc\\\/#breadcrumb\",\"itemListElement\":[{\"@type\":\"ListItem\",\"position\":1,\"name\":\"Strona g\u0142\u00f3wna\",\"item\":\"https:\\\/\\\/propedis.pl\\\/sklep\\\/\"},{\"@type\":\"ListItem\",\"position\":2,\"name\":\"Sklep\",\"item\":\"https:\\\/\\\/propedis.pl\\\/sklep\\\/produkty\\\/\"},{\"@type\":\"ListItem\",\"position\":3,\"name\":\"Urz\u0105dzenia do wk\u0142adek\",\"item\":\"https:\\\/\\\/propedis.pl\\\/sklep\\\/kategoria-produktu\\\/urzadzenia-do-wkladek\\\/\"},{\"@type\":\"ListItem\",\"position\":4,\"name\":\"Termoformowanie\",\"item\":\"https:\\\/\\\/propedis.pl\\\/sklep\\\/kategoria-produktu\\\/urzadzenia-do-wkladek\\\/termoformowanie\\\/\"},{\"@type\":\"ListItem\",\"position\":5,\"name\":\"PODUSZKA PR\u00d3\u017bNIOWA 2.2 SLIM LINE &#8211; 2 STOPY\"}]},{\"@type\":\"WebSite\",\"@id\":\"https:\\\/\\\/propedis.pl\\\/sklep\\\/#website\",\"url\":\"https:\\\/\\\/propedis.pl\\\/sklep\\\/\",\"name\":\"Pro Pedis - Profesjonalnie dla st\u00f3p\",\"description\":\"\",\"potentialAction\":[{\"@type\":\"SearchAction\",\"target\":{\"@type\":\"EntryPoint\",\"urlTemplate\":\"https:\\\/\\\/propedis.pl\\\/sklep\\\/?s={search_term_string}\"},\"query-input\":{\"@type\":\"PropertyValueSpecification\",\"valueRequired\":true,\"valueName\":\"search_term_string\"}}],\"inLanguage\":\"pl-PL\"}]}<\/script>\n<!-- \/ Yoast SEO Premium plugin. -->","yoast_head_json":{"title":"PODUSZKA PR\u00d3\u017bNIOWA 2.2 SLIM LINE - 2 STOPY - Pro Pedis - Profesjonalnie dla st\u00f3p","robots":{"index":"index","follow":"follow","max-snippet":"max-snippet:-1","max-image-preview":"max-image-preview:large","max-video-preview":"max-video-preview:-1"},"canonical":"https:\/\/propedis.pl\/sklep\/produkt\/feet-print-2-2-slim-line-empreinteur-2-pieds-coloris-blanc\/","og_locale":"pl_PL","og_type":"article","og_title":"PODUSZKA PR\u00d3\u017bNIOWA 2.2 SLIM LINE - 2 STOPY","og_description":"Odcisk dw\u00f3ch st\u00f3p \u2013 dwie poduszki ze zintegrowan\u0105 pomp\u0105 pr\u00f3\u017cniow\u0105.","og_url":"https:\/\/propedis.pl\/sklep\/produkt\/feet-print-2-2-slim-line-empreinteur-2-pieds-coloris-blanc\/","og_site_name":"Pro Pedis - Profesjonalnie dla st\u00f3p","article_modified_time":"2026-02-26T10:52:26+00:00","og_image":[{"width":500,"height":500,"url":"https:\/\/propedis.pl\/sklep\/wp-content\/uploads\/2020\/03\/7997_2B-FEET-PRINT-22-SLIM-LINE-2.jpg","type":"image\/jpeg"}],"twitter_card":"summary_large_image","twitter_misc":{"Szacowany czas czytania":"2 minuty"},"schema":{"@context":"https:\/\/schema.org","@graph":[{"@type":"WebPage","@id":"https:\/\/propedis.pl\/sklep\/produkt\/feet-print-2-2-slim-line-empreinteur-2-pieds-coloris-blanc\/","url":"https:\/\/propedis.pl\/sklep\/produkt\/feet-print-2-2-slim-line-empreinteur-2-pieds-coloris-blanc\/","name":"PODUSZKA PR\u00d3\u017bNIOWA 2.2 SLIM LINE - 2 STOPY - Pro Pedis - Profesjonalnie dla st\u00f3p","isPartOf":{"@id":"https:\/\/propedis.pl\/sklep\/#website"},"primaryImageOfPage":{"@id":"https:\/\/propedis.pl\/sklep\/produkt\/feet-print-2-2-slim-line-empreinteur-2-pieds-coloris-blanc\/#primaryimage"},"image":{"@id":"https:\/\/propedis.pl\/sklep\/produkt\/feet-print-2-2-slim-line-empreinteur-2-pieds-coloris-blanc\/#primaryimage"},"thumbnailUrl":"https:\/\/propedis.pl\/sklep\/wp-content\/uploads\/2020\/03\/7997_2B-FEET-PRINT-22-SLIM-LINE-2.jpg","datePublished":"2020-01-23T12:34:03+00:00","dateModified":"2026-02-26T10:52:26+00:00","breadcrumb":{"@id":"https:\/\/propedis.pl\/sklep\/produkt\/feet-print-2-2-slim-line-empreinteur-2-pieds-coloris-blanc\/#breadcrumb"},"inLanguage":"pl-PL","potentialAction":[{"@type":"ReadAction","target":["https:\/\/propedis.pl\/sklep\/produkt\/feet-print-2-2-slim-line-empreinteur-2-pieds-coloris-blanc\/"]}]},{"@type":"ImageObject","inLanguage":"pl-PL","@id":"https:\/\/propedis.pl\/sklep\/produkt\/feet-print-2-2-slim-line-empreinteur-2-pieds-coloris-blanc\/#primaryimage","url":"https:\/\/propedis.pl\/sklep\/wp-content\/uploads\/2020\/03\/7997_2B-FEET-PRINT-22-SLIM-LINE-2.jpg","contentUrl":"https:\/\/propedis.pl\/sklep\/wp-content\/uploads\/2020\/03\/7997_2B-FEET-PRINT-22-SLIM-LINE-2.jpg","width":500,"height":500},{"@type":"BreadcrumbList","@id":"https:\/\/propedis.pl\/sklep\/produkt\/feet-print-2-2-slim-line-empreinteur-2-pieds-coloris-blanc\/#breadcrumb","itemListElement":[{"@type":"ListItem","position":1,"name":"Strona g\u0142\u00f3wna","item":"https:\/\/propedis.pl\/sklep\/"},{"@type":"ListItem","position":2,"name":"Sklep","item":"https:\/\/propedis.pl\/sklep\/produkty\/"},{"@type":"ListItem","position":3,"name":"Urz\u0105dzenia do wk\u0142adek","item":"https:\/\/propedis.pl\/sklep\/kategoria-produktu\/urzadzenia-do-wkladek\/"},{"@type":"ListItem","position":4,"name":"Termoformowanie","item":"https:\/\/propedis.pl\/sklep\/kategoria-produktu\/urzadzenia-do-wkladek\/termoformowanie\/"},{"@type":"ListItem","position":5,"name":"PODUSZKA PR\u00d3\u017bNIOWA 2.2 SLIM LINE &#8211; 2 STOPY"}]},{"@type":"WebSite","@id":"https:\/\/propedis.pl\/sklep\/#website","url":"https:\/\/propedis.pl\/sklep\/","name":"Pro Pedis - Profesjonalnie dla st\u00f3p","description":"","potentialAction":[{"@type":"SearchAction","target":{"@type":"EntryPoint","urlTemplate":"https:\/\/propedis.pl\/sklep\/?s={search_term_string}"},"query-input":{"@type":"PropertyValueSpecification","valueRequired":true,"valueName":"search_term_string"}}],"inLanguage":"pl-PL"}]}},"_links":{"self":[{"href":"https:\/\/propedis.pl\/sklep\/wp-json\/wp\/v2\/product\/1565","targetHints":{"allow":["GET"]}}],"collection":[{"href":"https:\/\/propedis.pl\/sklep\/wp-json\/wp\/v2\/product"}],"about":[{"href":"https:\/\/propedis.pl\/sklep\/wp-json\/wp\/v2\/types\/product"}],"wp:featuredmedia":[{"embeddable":true,"href":"https:\/\/propedis.pl\/sklep\/wp-json\/wp\/v2\/media\/4447"}],"wp:attachment":[{"href":"https:\/\/propedis.pl\/sklep\/wp-json\/wp\/v2\/media?parent=1565"}],"wp:term":[{"taxonomy":"product_brand","embeddable":true,"href":"https:\/\/propedis.pl\/sklep\/wp-json\/wp\/v2\/product_brand?post=1565"},{"taxonomy":"product_cat","embeddable":true,"href":"https:\/\/propedis.pl\/sklep\/wp-json\/wp\/v2\/product_cat?post=1565"},{"taxonomy":"product_tag","embeddable":true,"href":"https:\/\/propedis.pl\/sklep\/wp-json\/wp\/v2\/product_tag?post=1565"}],"curies":[{"name":"wp","href":"https:\/\/api.w.org\/{rel}","templated":true}]}}