{"id":1576,"date":"2020-01-23T13:34:03","date_gmt":"2020-01-23T12:34:03","guid":{"rendered":"https:\/\/propedis.pl\/sklep\/?post_type=product&#038;p=1576"},"modified":"2026-02-26T11:52:18","modified_gmt":"2026-02-26T10:52:18","slug":"vitropress-2-urzadzenie-do-nagrzewania-i-zgrzewania-prozniowego","status":"publish","type":"product","link":"https:\/\/propedis.pl\/sklep\/produkt\/vitropress-2-urzadzenie-do-nagrzewania-i-zgrzewania-prozniowego\/","title":{"rendered":"VITROPRESS 2 &#8211; Urz\u0105dzenie do nagrzewania i zgrzewania pr\u00f3\u017cniowego"},"content":{"rendered":"<p>Urz\u0105dzenie do nagrzewania i zgrzewania pr\u00f3\u017cniowego baz wk\u0142adek. Piecyk sk\u0142ada si\u0119 ze szklano ceramicznej p\u0142yty grzewczej, silikonowej membrany oraz systemu podci\u015bnieniowego, kt\u00f3ry umo\u017cliwia r\u00f3wnomierny docisk wk\u0142adek do powierzchni grzewczej.<\/p>\n<p>&nbsp;<\/p>\n<p style=\"margin: 0cm; margin-bottom: .0001pt;\"><strong>Charakterystyka produktu<\/strong><\/p>\n<p style=\"margin: 0cm; margin-bottom: .0001pt;\">P\u0142yta grzewcza dla jednej pary wk\u0142adek do rozmiaru 45: 285 x 340 mm<\/p>\n<p style=\"margin: 0cm; margin-bottom: .0001pt;\">Szklano-ceramiczna p\u0142yta grzewcza<\/p>\n<p style=\"margin: 0cm; margin-bottom: .0001pt;\">Regulacja temperatury: 60-130 \u00b0C<\/p>\n<p style=\"margin: 0cm; margin-bottom: .0001pt;\">Zegar: od 15 s do 15 min.<\/p>\n<p style=\"margin: 0cm; margin-bottom: .0001pt;\">Zintegrowana pompa pr\u00f3\u017cniowa z podw\u00f3jn\u0105 membran\u0105 umo\u017cliwiaj\u0105c\u0105 r\u00f3wnomierny docisk<\/p>\n<p style=\"margin: 0cm; margin-bottom: .0001pt;\">Przejrzysta membrana silikonowa<\/p>\n<p style=\"margin: 0cm; margin-bottom: .0001pt;\">G\u0142adka obudowa z PMMA<\/p>\n<p style=\"margin: 0cm; margin-bottom: .0001pt;\">Waga: 10.6 kg<\/p>\n<p>&nbsp;<\/p>\n<p style=\"margin: 0cm; margin-bottom: .0001pt;\"><b>Zalety<\/b><\/p>\n<p style=\"margin: 0cm; margin-bottom: .0001pt;\">Nowoczesne wzornictwo, \u0142atwo\u015b\u0107 utrzymania w czysto\u015bci<\/p>\n<p style=\"margin: 0cm; margin-bottom: .0001pt;\">Niewielki rozmiar<\/p>\n<p style=\"margin: 0cm; margin-bottom: .0001pt;\">Du\u017ca powierzchnia do pracy<\/p>\n<p style=\"margin: 0cm; margin-bottom: .0001pt;\">Znaczniki pozycjonowania wk\u0142adek<\/p>\n<p style=\"margin: 0cm; margin-bottom: .0001pt;\">Wysoka wydajno\u015b\u0107 pr\u00f3\u017cni przy ka\u017cdej temperaturze<\/p>\n<p style=\"margin: 0cm; margin-bottom: .0001pt;\">Szybkie nagrzewanie z doskona\u0142ym rozprowadzeniem ciep\u0142a<\/p>\n<p style=\"margin: 0cm; margin-bottom: .0001pt;\">Przyspieszone ch\u0142odzenie dzi\u0119ki dodatkowej wentylacji<\/p>\n<p style=\"margin: 0cm; margin-bottom: .0001pt;\">Mikroprocesor, ekran dotykowy i cyfrowy wy\u015bwietlacz pozwalaj\u0105ce na precyzyjn\u0105 kontrol\u0119 pracy<\/p>\n<p>&nbsp;<\/p>\n<p style=\"margin: 0cm; margin-bottom: .0001pt;\"><b>Rozmiary<\/b><\/p>\n<p><img loading=\"lazy\" decoding=\"async\" class=\"aligncenter size-medium wp-image-12581\" src=\"https:\/\/propedis.pl\/sklep\/wp-content\/uploads\/2020\/01\/Vitropress2_7617_wymiary-1-300x269.jpg\" alt=\"\" width=\"300\" height=\"269\" srcset=\"https:\/\/propedis.pl\/sklep\/wp-content\/uploads\/2020\/01\/Vitropress2_7617_wymiary-1-300x269.jpg 300w, https:\/\/propedis.pl\/sklep\/wp-content\/uploads\/2020\/01\/Vitropress2_7617_wymiary-1-150x135.jpg 150w, https:\/\/propedis.pl\/sklep\/wp-content\/uploads\/2020\/01\/Vitropress2_7617_wymiary-1.jpg 351w\" sizes=\"auto, (max-width: 300px) 100vw, 300px\" \/><\/p>\n<p style=\"margin: 0cm; margin-bottom: .0001pt;\">Zobacz filmy<\/p>\n<p><iframe loading=\"lazy\" title=\"Vitropress 2, appareil de chauffage et thermosoudage\" width=\"640\" height=\"360\" src=\"https:\/\/www.youtube.com\/embed\/3__eaecGhLI?feature=oembed\" frameborder=\"0\" allow=\"accelerometer; autoplay; clipboard-write; encrypted-media; gyroscope; picture-in-picture; web-share\" referrerpolicy=\"strict-origin-when-cross-origin\" allowfullscreen><\/iframe><\/p>\n<p><iframe loading=\"lazy\" title=\"Vitropress - piecyk do nagrzewania i zgrzewania wk\u0142adek\" src=\"https:\/\/player.vimeo.com\/video\/372582705?h=a83334c29a&amp;dnt=1&amp;app_id=122963\" width=\"640\" height=\"360\" frameborder=\"0\" allow=\"autoplay; fullscreen; picture-in-picture; clipboard-write\"><\/iframe><\/p>\n","protected":false},"excerpt":{"rendered":"<p>Urz\u0105dzenie do nagrzewania i zgrzewania pr\u00f3\u017cniowego baz wk\u0142adek. Piecyk sk\u0142ada si\u0119 ze szklano ceramicznej p\u0142yty grzewczej, silikonowej membrany oraz systemu podci\u015bnieniowego, kt\u00f3ry umo\u017cliwia r\u00f3wnomierny docisk wk\u0142adek do powierzchni grzewczej. &nbsp; Charakterystyka produktu P\u0142yta grzewcza dla jednej pary wk\u0142adek do rozmiaru 45: 285 x 340 mm Szklano-ceramiczna p\u0142yta grzewcza Regulacja temperatury: 60-130 \u00b0C Zegar: od 15 [&hellip;]<\/p>\n","protected":false},"featured_media":5904,"template":"","meta":{"ep_exclude_from_search":false},"product_brand":[],"product_cat":[412,407],"product_tag":[442,441],"class_list":{"0":"post-1576","1":"product","2":"type-product","3":"status-publish","4":"has-post-thumbnail","6":"product_cat-termoformowanie","7":"product_cat-urzadzenia-do-wkladek","8":"product_tag-nagrzewnica","9":"product_tag-piecyk","10":"product_shipping_class-paleta","12":"first","13":"onbackorder","14":"taxable","15":"shipping-taxable","16":"purchasable","17":"product-type-simple"},"yoast_head":"<!-- This site is optimized with the Yoast SEO Premium plugin v26.3 (Yoast SEO v27.4) - https:\/\/yoast.com\/product\/yoast-seo-premium-wordpress\/ -->\n<title>VITROPRESS 2 - Urz\u0105dzenie do nagrzewania i zgrzewania pr\u00f3\u017cniowego - Pro Pedis - Profesjonalnie dla st\u00f3p<\/title>\n<meta name=\"robots\" content=\"index, follow, max-snippet:-1, max-image-preview:large, max-video-preview:-1\" \/>\n<link rel=\"canonical\" href=\"https:\/\/propedis.pl\/sklep\/produkt\/vitropress-2-urzadzenie-do-nagrzewania-i-zgrzewania-prozniowego\/\" \/>\n<meta property=\"og:locale\" content=\"pl_PL\" \/>\n<meta property=\"og:type\" content=\"article\" \/>\n<meta property=\"og:title\" content=\"VITROPRESS 2 - Urz\u0105dzenie do nagrzewania i zgrzewania pr\u00f3\u017cniowego\" \/>\n<meta property=\"og:description\" content=\"Urz\u0105dzenie do nagrzewania i zgrzewania pr\u00f3\u017cniowego baz wk\u0142adek. Piecyk sk\u0142ada si\u0119 ze szklano ceramicznej p\u0142yty grzewczej, silikonowej membrany oraz systemu podci\u015bnieniowego, kt\u00f3ry umo\u017cliwia r\u00f3wnomierny docisk wk\u0142adek do powierzchni grzewczej. &nbsp; Charakterystyka produktu P\u0142yta grzewcza dla jednej pary wk\u0142adek do rozmiaru 45: 285 x 340 mm Szklano-ceramiczna p\u0142yta grzewcza Regulacja temperatury: 60-130 \u00b0C Zegar: od 15 [&hellip;]\" \/>\n<meta property=\"og:url\" content=\"https:\/\/propedis.pl\/sklep\/produkt\/vitropress-2-urzadzenie-do-nagrzewania-i-zgrzewania-prozniowego\/\" \/>\n<meta property=\"og:site_name\" content=\"Pro Pedis - Profesjonalnie dla st\u00f3p\" \/>\n<meta property=\"article:modified_time\" content=\"2026-02-26T10:52:18+00:00\" \/>\n<meta property=\"og:image\" content=\"https:\/\/propedis.pl\/sklep\/wp-content\/uploads\/2020\/03\/7617_Utilisation-4.jpg\" \/>\n\t<meta property=\"og:image:width\" content=\"500\" \/>\n\t<meta property=\"og:image:height\" content=\"500\" \/>\n\t<meta property=\"og:image:type\" content=\"image\/jpeg\" \/>\n<meta name=\"twitter:card\" content=\"summary_large_image\" \/>\n<meta name=\"twitter:label1\" content=\"Szacowany czas czytania\" \/>\n\t<meta name=\"twitter:data1\" content=\"2 minuty\" \/>\n<script type=\"application\/ld+json\" class=\"yoast-schema-graph\">{\"@context\":\"https:\\\/\\\/schema.org\",\"@graph\":[{\"@type\":\"WebPage\",\"@id\":\"https:\\\/\\\/propedis.pl\\\/sklep\\\/produkt\\\/vitropress-2-urzadzenie-do-nagrzewania-i-zgrzewania-prozniowego\\\/\",\"url\":\"https:\\\/\\\/propedis.pl\\\/sklep\\\/produkt\\\/vitropress-2-urzadzenie-do-nagrzewania-i-zgrzewania-prozniowego\\\/\",\"name\":\"VITROPRESS 2 - Urz\u0105dzenie do nagrzewania i zgrzewania pr\u00f3\u017cniowego - Pro Pedis - Profesjonalnie dla st\u00f3p\",\"isPartOf\":{\"@id\":\"https:\\\/\\\/propedis.pl\\\/sklep\\\/#website\"},\"primaryImageOfPage\":{\"@id\":\"https:\\\/\\\/propedis.pl\\\/sklep\\\/produkt\\\/vitropress-2-urzadzenie-do-nagrzewania-i-zgrzewania-prozniowego\\\/#primaryimage\"},\"image\":{\"@id\":\"https:\\\/\\\/propedis.pl\\\/sklep\\\/produkt\\\/vitropress-2-urzadzenie-do-nagrzewania-i-zgrzewania-prozniowego\\\/#primaryimage\"},\"thumbnailUrl\":\"https:\\\/\\\/propedis.pl\\\/sklep\\\/wp-content\\\/uploads\\\/2020\\\/03\\\/7617_Utilisation-4.jpg\",\"datePublished\":\"2020-01-23T12:34:03+00:00\",\"dateModified\":\"2026-02-26T10:52:18+00:00\",\"breadcrumb\":{\"@id\":\"https:\\\/\\\/propedis.pl\\\/sklep\\\/produkt\\\/vitropress-2-urzadzenie-do-nagrzewania-i-zgrzewania-prozniowego\\\/#breadcrumb\"},\"inLanguage\":\"pl-PL\",\"potentialAction\":[{\"@type\":\"ReadAction\",\"target\":[\"https:\\\/\\\/propedis.pl\\\/sklep\\\/produkt\\\/vitropress-2-urzadzenie-do-nagrzewania-i-zgrzewania-prozniowego\\\/\"]}]},{\"@type\":\"ImageObject\",\"inLanguage\":\"pl-PL\",\"@id\":\"https:\\\/\\\/propedis.pl\\\/sklep\\\/produkt\\\/vitropress-2-urzadzenie-do-nagrzewania-i-zgrzewania-prozniowego\\\/#primaryimage\",\"url\":\"https:\\\/\\\/propedis.pl\\\/sklep\\\/wp-content\\\/uploads\\\/2020\\\/03\\\/7617_Utilisation-4.jpg\",\"contentUrl\":\"https:\\\/\\\/propedis.pl\\\/sklep\\\/wp-content\\\/uploads\\\/2020\\\/03\\\/7617_Utilisation-4.jpg\",\"width\":500,\"height\":500},{\"@type\":\"BreadcrumbList\",\"@id\":\"https:\\\/\\\/propedis.pl\\\/sklep\\\/produkt\\\/vitropress-2-urzadzenie-do-nagrzewania-i-zgrzewania-prozniowego\\\/#breadcrumb\",\"itemListElement\":[{\"@type\":\"ListItem\",\"position\":1,\"name\":\"Strona g\u0142\u00f3wna\",\"item\":\"https:\\\/\\\/propedis.pl\\\/sklep\\\/\"},{\"@type\":\"ListItem\",\"position\":2,\"name\":\"Sklep\",\"item\":\"https:\\\/\\\/propedis.pl\\\/sklep\\\/produkty\\\/\"},{\"@type\":\"ListItem\",\"position\":3,\"name\":\"Urz\u0105dzenia do wk\u0142adek\",\"item\":\"https:\\\/\\\/propedis.pl\\\/sklep\\\/kategoria-produktu\\\/urzadzenia-do-wkladek\\\/\"},{\"@type\":\"ListItem\",\"position\":4,\"name\":\"Termoformowanie\",\"item\":\"https:\\\/\\\/propedis.pl\\\/sklep\\\/kategoria-produktu\\\/urzadzenia-do-wkladek\\\/termoformowanie\\\/\"},{\"@type\":\"ListItem\",\"position\":5,\"name\":\"VITROPRESS 2 &#8211; Urz\u0105dzenie do nagrzewania i zgrzewania pr\u00f3\u017cniowego\"}]},{\"@type\":\"WebSite\",\"@id\":\"https:\\\/\\\/propedis.pl\\\/sklep\\\/#website\",\"url\":\"https:\\\/\\\/propedis.pl\\\/sklep\\\/\",\"name\":\"Pro Pedis - Profesjonalnie dla st\u00f3p\",\"description\":\"\",\"potentialAction\":[{\"@type\":\"SearchAction\",\"target\":{\"@type\":\"EntryPoint\",\"urlTemplate\":\"https:\\\/\\\/propedis.pl\\\/sklep\\\/?s={search_term_string}\"},\"query-input\":{\"@type\":\"PropertyValueSpecification\",\"valueRequired\":true,\"valueName\":\"search_term_string\"}}],\"inLanguage\":\"pl-PL\"}]}<\/script>\n<!-- \/ Yoast SEO Premium plugin. -->","yoast_head_json":{"title":"VITROPRESS 2 - Urz\u0105dzenie do nagrzewania i zgrzewania pr\u00f3\u017cniowego - Pro Pedis - Profesjonalnie dla st\u00f3p","robots":{"index":"index","follow":"follow","max-snippet":"max-snippet:-1","max-image-preview":"max-image-preview:large","max-video-preview":"max-video-preview:-1"},"canonical":"https:\/\/propedis.pl\/sklep\/produkt\/vitropress-2-urzadzenie-do-nagrzewania-i-zgrzewania-prozniowego\/","og_locale":"pl_PL","og_type":"article","og_title":"VITROPRESS 2 - Urz\u0105dzenie do nagrzewania i zgrzewania pr\u00f3\u017cniowego","og_description":"Urz\u0105dzenie do nagrzewania i zgrzewania pr\u00f3\u017cniowego baz wk\u0142adek. Piecyk sk\u0142ada si\u0119 ze szklano ceramicznej p\u0142yty grzewczej, silikonowej membrany oraz systemu podci\u015bnieniowego, kt\u00f3ry umo\u017cliwia r\u00f3wnomierny docisk wk\u0142adek do powierzchni grzewczej. &nbsp; Charakterystyka produktu P\u0142yta grzewcza dla jednej pary wk\u0142adek do rozmiaru 45: 285 x 340 mm Szklano-ceramiczna p\u0142yta grzewcza Regulacja temperatury: 60-130 \u00b0C Zegar: od 15 [&hellip;]","og_url":"https:\/\/propedis.pl\/sklep\/produkt\/vitropress-2-urzadzenie-do-nagrzewania-i-zgrzewania-prozniowego\/","og_site_name":"Pro Pedis - Profesjonalnie dla st\u00f3p","article_modified_time":"2026-02-26T10:52:18+00:00","og_image":[{"width":500,"height":500,"url":"https:\/\/propedis.pl\/sklep\/wp-content\/uploads\/2020\/03\/7617_Utilisation-4.jpg","type":"image\/jpeg"}],"twitter_card":"summary_large_image","twitter_misc":{"Szacowany czas czytania":"2 minuty"},"schema":{"@context":"https:\/\/schema.org","@graph":[{"@type":"WebPage","@id":"https:\/\/propedis.pl\/sklep\/produkt\/vitropress-2-urzadzenie-do-nagrzewania-i-zgrzewania-prozniowego\/","url":"https:\/\/propedis.pl\/sklep\/produkt\/vitropress-2-urzadzenie-do-nagrzewania-i-zgrzewania-prozniowego\/","name":"VITROPRESS 2 - Urz\u0105dzenie do nagrzewania i zgrzewania pr\u00f3\u017cniowego - Pro Pedis - Profesjonalnie dla st\u00f3p","isPartOf":{"@id":"https:\/\/propedis.pl\/sklep\/#website"},"primaryImageOfPage":{"@id":"https:\/\/propedis.pl\/sklep\/produkt\/vitropress-2-urzadzenie-do-nagrzewania-i-zgrzewania-prozniowego\/#primaryimage"},"image":{"@id":"https:\/\/propedis.pl\/sklep\/produkt\/vitropress-2-urzadzenie-do-nagrzewania-i-zgrzewania-prozniowego\/#primaryimage"},"thumbnailUrl":"https:\/\/propedis.pl\/sklep\/wp-content\/uploads\/2020\/03\/7617_Utilisation-4.jpg","datePublished":"2020-01-23T12:34:03+00:00","dateModified":"2026-02-26T10:52:18+00:00","breadcrumb":{"@id":"https:\/\/propedis.pl\/sklep\/produkt\/vitropress-2-urzadzenie-do-nagrzewania-i-zgrzewania-prozniowego\/#breadcrumb"},"inLanguage":"pl-PL","potentialAction":[{"@type":"ReadAction","target":["https:\/\/propedis.pl\/sklep\/produkt\/vitropress-2-urzadzenie-do-nagrzewania-i-zgrzewania-prozniowego\/"]}]},{"@type":"ImageObject","inLanguage":"pl-PL","@id":"https:\/\/propedis.pl\/sklep\/produkt\/vitropress-2-urzadzenie-do-nagrzewania-i-zgrzewania-prozniowego\/#primaryimage","url":"https:\/\/propedis.pl\/sklep\/wp-content\/uploads\/2020\/03\/7617_Utilisation-4.jpg","contentUrl":"https:\/\/propedis.pl\/sklep\/wp-content\/uploads\/2020\/03\/7617_Utilisation-4.jpg","width":500,"height":500},{"@type":"BreadcrumbList","@id":"https:\/\/propedis.pl\/sklep\/produkt\/vitropress-2-urzadzenie-do-nagrzewania-i-zgrzewania-prozniowego\/#breadcrumb","itemListElement":[{"@type":"ListItem","position":1,"name":"Strona g\u0142\u00f3wna","item":"https:\/\/propedis.pl\/sklep\/"},{"@type":"ListItem","position":2,"name":"Sklep","item":"https:\/\/propedis.pl\/sklep\/produkty\/"},{"@type":"ListItem","position":3,"name":"Urz\u0105dzenia do wk\u0142adek","item":"https:\/\/propedis.pl\/sklep\/kategoria-produktu\/urzadzenia-do-wkladek\/"},{"@type":"ListItem","position":4,"name":"Termoformowanie","item":"https:\/\/propedis.pl\/sklep\/kategoria-produktu\/urzadzenia-do-wkladek\/termoformowanie\/"},{"@type":"ListItem","position":5,"name":"VITROPRESS 2 &#8211; Urz\u0105dzenie do nagrzewania i zgrzewania pr\u00f3\u017cniowego"}]},{"@type":"WebSite","@id":"https:\/\/propedis.pl\/sklep\/#website","url":"https:\/\/propedis.pl\/sklep\/","name":"Pro Pedis - Profesjonalnie dla st\u00f3p","description":"","potentialAction":[{"@type":"SearchAction","target":{"@type":"EntryPoint","urlTemplate":"https:\/\/propedis.pl\/sklep\/?s={search_term_string}"},"query-input":{"@type":"PropertyValueSpecification","valueRequired":true,"valueName":"search_term_string"}}],"inLanguage":"pl-PL"}]}},"_links":{"self":[{"href":"https:\/\/propedis.pl\/sklep\/wp-json\/wp\/v2\/product\/1576","targetHints":{"allow":["GET"]}}],"collection":[{"href":"https:\/\/propedis.pl\/sklep\/wp-json\/wp\/v2\/product"}],"about":[{"href":"https:\/\/propedis.pl\/sklep\/wp-json\/wp\/v2\/types\/product"}],"wp:featuredmedia":[{"embeddable":true,"href":"https:\/\/propedis.pl\/sklep\/wp-json\/wp\/v2\/media\/5904"}],"wp:attachment":[{"href":"https:\/\/propedis.pl\/sklep\/wp-json\/wp\/v2\/media?parent=1576"}],"wp:term":[{"taxonomy":"product_brand","embeddable":true,"href":"https:\/\/propedis.pl\/sklep\/wp-json\/wp\/v2\/product_brand?post=1576"},{"taxonomy":"product_cat","embeddable":true,"href":"https:\/\/propedis.pl\/sklep\/wp-json\/wp\/v2\/product_cat?post=1576"},{"taxonomy":"product_tag","embeddable":true,"href":"https:\/\/propedis.pl\/sklep\/wp-json\/wp\/v2\/product_tag?post=1576"}],"curies":[{"name":"wp","href":"https:\/\/api.w.org\/{rel}","templated":true}]}}