{"id":1627,"date":"2020-01-23T13:37:59","date_gmt":"2020-01-23T12:37:59","guid":{"rendered":"https:\/\/propedis.pl\/sklep\/?post_type=product&#038;p=1627"},"modified":"2026-03-05T13:10:22","modified_gmt":"2026-03-05T12:10:22","slug":"thermoflux-noir-r-70-x-100-1-1mm","status":"publish","type":"product","link":"https:\/\/propedis.pl\/sklep\/produkt\/thermoflux-noir-r-70-x-100-1-1mm\/","title":{"rendered":"PODOTHERMOFLUX"},"content":{"rendered":"<p><span style=\"font-weight: 400;\">Baza dla tradycyjnych wk\u0142adek wykonywanych technik\u0105 zgrzewania. Jako wzmocnienie i spoiwo wk\u0142adek termoformowalnych. <\/span><\/p>\n<p><span style=\"font-weight: 400;\">Wymiary: 70 x 100 cm<\/span><\/p>\n<p>&nbsp;<\/p>\n","protected":false},"excerpt":{"rendered":"<p>Baza dla tradycyjnych wk\u0142adek wykonywanych technik\u0105 zgrzewania. Jako wzmocnienie i spoiwo wk\u0142adek termoformowalnych. Wymiary: 70 x 100 cm &nbsp;<\/p>\n","protected":false},"featured_media":2224,"template":"","meta":{"ep_exclude_from_search":false},"product_brand":[],"product_cat":[418,405],"product_tag":[],"class_list":{"0":"post-1627","1":"product","2":"type-product","3":"status-publish","4":"has-post-thumbnail","6":"product_cat-laminaty-zywice","7":"product_cat-materialy-i-elementy-korygujace","8":"pa_kolor-bezowy","9":"pa_kolor-czarny","11":"first","12":"onbackorder","13":"taxable","14":"shipping-taxable","15":"purchasable","16":"product-type-variable"},"yoast_head":"<!-- This site is optimized with the Yoast SEO Premium plugin v26.3 (Yoast SEO v27.4) - https:\/\/yoast.com\/product\/yoast-seo-premium-wordpress\/ -->\n<title>PODOTHERMOFLUX - Pro Pedis - Profesjonalnie dla st\u00f3p<\/title>\n<meta name=\"robots\" content=\"index, follow, max-snippet:-1, max-image-preview:large, max-video-preview:-1\" \/>\n<link rel=\"canonical\" href=\"https:\/\/propedis.pl\/sklep\/produkt\/thermoflux-noir-r-70-x-100-1-1mm\/\" \/>\n<meta property=\"og:locale\" content=\"pl_PL\" \/>\n<meta property=\"og:type\" content=\"article\" \/>\n<meta property=\"og:title\" content=\"PODOTHERMOFLUX\" \/>\n<meta property=\"og:description\" content=\"Baza dla tradycyjnych wk\u0142adek wykonywanych technik\u0105 zgrzewania. Jako wzmocnienie i spoiwo wk\u0142adek termoformowalnych. Wymiary: 70 x 100 cm &nbsp;\" \/>\n<meta property=\"og:url\" content=\"https:\/\/propedis.pl\/sklep\/produkt\/thermoflux-noir-r-70-x-100-1-1mm\/\" \/>\n<meta property=\"og:site_name\" content=\"Pro Pedis - Profesjonalnie dla st\u00f3p\" \/>\n<meta property=\"article:modified_time\" content=\"2026-03-05T12:10:22+00:00\" \/>\n<meta property=\"og:image\" content=\"https:\/\/propedis.pl\/sklep\/wp-content\/uploads\/2020\/01\/7500-Podothermoflux.jpg\" \/>\n\t<meta property=\"og:image:width\" content=\"1660\" \/>\n\t<meta property=\"og:image:height\" content=\"1080\" \/>\n\t<meta property=\"og:image:type\" content=\"image\/jpeg\" \/>\n<meta name=\"twitter:card\" content=\"summary_large_image\" \/>\n<meta name=\"twitter:label1\" content=\"Szacowany czas czytania\" \/>\n\t<meta name=\"twitter:data1\" content=\"1 minuta\" \/>\n<script type=\"application\/ld+json\" class=\"yoast-schema-graph\">{\"@context\":\"https:\\\/\\\/schema.org\",\"@graph\":[{\"@type\":\"WebPage\",\"@id\":\"https:\\\/\\\/propedis.pl\\\/sklep\\\/produkt\\\/thermoflux-noir-r-70-x-100-1-1mm\\\/\",\"url\":\"https:\\\/\\\/propedis.pl\\\/sklep\\\/produkt\\\/thermoflux-noir-r-70-x-100-1-1mm\\\/\",\"name\":\"PODOTHERMOFLUX - Pro Pedis - Profesjonalnie dla st\u00f3p\",\"isPartOf\":{\"@id\":\"https:\\\/\\\/propedis.pl\\\/sklep\\\/#website\"},\"primaryImageOfPage\":{\"@id\":\"https:\\\/\\\/propedis.pl\\\/sklep\\\/produkt\\\/thermoflux-noir-r-70-x-100-1-1mm\\\/#primaryimage\"},\"image\":{\"@id\":\"https:\\\/\\\/propedis.pl\\\/sklep\\\/produkt\\\/thermoflux-noir-r-70-x-100-1-1mm\\\/#primaryimage\"},\"thumbnailUrl\":\"https:\\\/\\\/propedis.pl\\\/sklep\\\/wp-content\\\/uploads\\\/2020\\\/01\\\/7500-Podothermoflux.jpg\",\"datePublished\":\"2020-01-23T12:37:59+00:00\",\"dateModified\":\"2026-03-05T12:10:22+00:00\",\"breadcrumb\":{\"@id\":\"https:\\\/\\\/propedis.pl\\\/sklep\\\/produkt\\\/thermoflux-noir-r-70-x-100-1-1mm\\\/#breadcrumb\"},\"inLanguage\":\"pl-PL\",\"potentialAction\":[{\"@type\":\"ReadAction\",\"target\":[\"https:\\\/\\\/propedis.pl\\\/sklep\\\/produkt\\\/thermoflux-noir-r-70-x-100-1-1mm\\\/\"]}]},{\"@type\":\"ImageObject\",\"inLanguage\":\"pl-PL\",\"@id\":\"https:\\\/\\\/propedis.pl\\\/sklep\\\/produkt\\\/thermoflux-noir-r-70-x-100-1-1mm\\\/#primaryimage\",\"url\":\"https:\\\/\\\/propedis.pl\\\/sklep\\\/wp-content\\\/uploads\\\/2020\\\/01\\\/7500-Podothermoflux.jpg\",\"contentUrl\":\"https:\\\/\\\/propedis.pl\\\/sklep\\\/wp-content\\\/uploads\\\/2020\\\/01\\\/7500-Podothermoflux.jpg\",\"width\":1660,\"height\":1080},{\"@type\":\"BreadcrumbList\",\"@id\":\"https:\\\/\\\/propedis.pl\\\/sklep\\\/produkt\\\/thermoflux-noir-r-70-x-100-1-1mm\\\/#breadcrumb\",\"itemListElement\":[{\"@type\":\"ListItem\",\"position\":1,\"name\":\"Strona g\u0142\u00f3wna\",\"item\":\"https:\\\/\\\/propedis.pl\\\/sklep\\\/\"},{\"@type\":\"ListItem\",\"position\":2,\"name\":\"Sklep\",\"item\":\"https:\\\/\\\/propedis.pl\\\/sklep\\\/produkty\\\/\"},{\"@type\":\"ListItem\",\"position\":3,\"name\":\"Materia\u0142y i elementy koryguj\u0105ce\",\"item\":\"https:\\\/\\\/propedis.pl\\\/sklep\\\/kategoria-produktu\\\/materialy-i-elementy-korygujace\\\/\"},{\"@type\":\"ListItem\",\"position\":4,\"name\":\"Laminaty \u017cywice\",\"item\":\"https:\\\/\\\/propedis.pl\\\/sklep\\\/kategoria-produktu\\\/materialy-i-elementy-korygujace\\\/laminaty-zywice\\\/\"},{\"@type\":\"ListItem\",\"position\":5,\"name\":\"PODOTHERMOFLUX\"}]},{\"@type\":\"WebSite\",\"@id\":\"https:\\\/\\\/propedis.pl\\\/sklep\\\/#website\",\"url\":\"https:\\\/\\\/propedis.pl\\\/sklep\\\/\",\"name\":\"Pro Pedis - Profesjonalnie dla st\u00f3p\",\"description\":\"\",\"potentialAction\":[{\"@type\":\"SearchAction\",\"target\":{\"@type\":\"EntryPoint\",\"urlTemplate\":\"https:\\\/\\\/propedis.pl\\\/sklep\\\/?s={search_term_string}\"},\"query-input\":{\"@type\":\"PropertyValueSpecification\",\"valueRequired\":true,\"valueName\":\"search_term_string\"}}],\"inLanguage\":\"pl-PL\"}]}<\/script>\n<!-- \/ Yoast SEO Premium plugin. -->","yoast_head_json":{"title":"PODOTHERMOFLUX - Pro Pedis - Profesjonalnie dla st\u00f3p","robots":{"index":"index","follow":"follow","max-snippet":"max-snippet:-1","max-image-preview":"max-image-preview:large","max-video-preview":"max-video-preview:-1"},"canonical":"https:\/\/propedis.pl\/sklep\/produkt\/thermoflux-noir-r-70-x-100-1-1mm\/","og_locale":"pl_PL","og_type":"article","og_title":"PODOTHERMOFLUX","og_description":"Baza dla tradycyjnych wk\u0142adek wykonywanych technik\u0105 zgrzewania. Jako wzmocnienie i spoiwo wk\u0142adek termoformowalnych. Wymiary: 70 x 100 cm &nbsp;","og_url":"https:\/\/propedis.pl\/sklep\/produkt\/thermoflux-noir-r-70-x-100-1-1mm\/","og_site_name":"Pro Pedis - Profesjonalnie dla st\u00f3p","article_modified_time":"2026-03-05T12:10:22+00:00","og_image":[{"width":1660,"height":1080,"url":"https:\/\/propedis.pl\/sklep\/wp-content\/uploads\/2020\/01\/7500-Podothermoflux.jpg","type":"image\/jpeg"}],"twitter_card":"summary_large_image","twitter_misc":{"Szacowany czas czytania":"1 minuta"},"schema":{"@context":"https:\/\/schema.org","@graph":[{"@type":"WebPage","@id":"https:\/\/propedis.pl\/sklep\/produkt\/thermoflux-noir-r-70-x-100-1-1mm\/","url":"https:\/\/propedis.pl\/sklep\/produkt\/thermoflux-noir-r-70-x-100-1-1mm\/","name":"PODOTHERMOFLUX - Pro Pedis - Profesjonalnie dla st\u00f3p","isPartOf":{"@id":"https:\/\/propedis.pl\/sklep\/#website"},"primaryImageOfPage":{"@id":"https:\/\/propedis.pl\/sklep\/produkt\/thermoflux-noir-r-70-x-100-1-1mm\/#primaryimage"},"image":{"@id":"https:\/\/propedis.pl\/sklep\/produkt\/thermoflux-noir-r-70-x-100-1-1mm\/#primaryimage"},"thumbnailUrl":"https:\/\/propedis.pl\/sklep\/wp-content\/uploads\/2020\/01\/7500-Podothermoflux.jpg","datePublished":"2020-01-23T12:37:59+00:00","dateModified":"2026-03-05T12:10:22+00:00","breadcrumb":{"@id":"https:\/\/propedis.pl\/sklep\/produkt\/thermoflux-noir-r-70-x-100-1-1mm\/#breadcrumb"},"inLanguage":"pl-PL","potentialAction":[{"@type":"ReadAction","target":["https:\/\/propedis.pl\/sklep\/produkt\/thermoflux-noir-r-70-x-100-1-1mm\/"]}]},{"@type":"ImageObject","inLanguage":"pl-PL","@id":"https:\/\/propedis.pl\/sklep\/produkt\/thermoflux-noir-r-70-x-100-1-1mm\/#primaryimage","url":"https:\/\/propedis.pl\/sklep\/wp-content\/uploads\/2020\/01\/7500-Podothermoflux.jpg","contentUrl":"https:\/\/propedis.pl\/sklep\/wp-content\/uploads\/2020\/01\/7500-Podothermoflux.jpg","width":1660,"height":1080},{"@type":"BreadcrumbList","@id":"https:\/\/propedis.pl\/sklep\/produkt\/thermoflux-noir-r-70-x-100-1-1mm\/#breadcrumb","itemListElement":[{"@type":"ListItem","position":1,"name":"Strona g\u0142\u00f3wna","item":"https:\/\/propedis.pl\/sklep\/"},{"@type":"ListItem","position":2,"name":"Sklep","item":"https:\/\/propedis.pl\/sklep\/produkty\/"},{"@type":"ListItem","position":3,"name":"Materia\u0142y i elementy koryguj\u0105ce","item":"https:\/\/propedis.pl\/sklep\/kategoria-produktu\/materialy-i-elementy-korygujace\/"},{"@type":"ListItem","position":4,"name":"Laminaty \u017cywice","item":"https:\/\/propedis.pl\/sklep\/kategoria-produktu\/materialy-i-elementy-korygujace\/laminaty-zywice\/"},{"@type":"ListItem","position":5,"name":"PODOTHERMOFLUX"}]},{"@type":"WebSite","@id":"https:\/\/propedis.pl\/sklep\/#website","url":"https:\/\/propedis.pl\/sklep\/","name":"Pro Pedis - Profesjonalnie dla st\u00f3p","description":"","potentialAction":[{"@type":"SearchAction","target":{"@type":"EntryPoint","urlTemplate":"https:\/\/propedis.pl\/sklep\/?s={search_term_string}"},"query-input":{"@type":"PropertyValueSpecification","valueRequired":true,"valueName":"search_term_string"}}],"inLanguage":"pl-PL"}]}},"_links":{"self":[{"href":"https:\/\/propedis.pl\/sklep\/wp-json\/wp\/v2\/product\/1627","targetHints":{"allow":["GET"]}}],"collection":[{"href":"https:\/\/propedis.pl\/sklep\/wp-json\/wp\/v2\/product"}],"about":[{"href":"https:\/\/propedis.pl\/sklep\/wp-json\/wp\/v2\/types\/product"}],"wp:featuredmedia":[{"embeddable":true,"href":"https:\/\/propedis.pl\/sklep\/wp-json\/wp\/v2\/media\/2224"}],"wp:attachment":[{"href":"https:\/\/propedis.pl\/sklep\/wp-json\/wp\/v2\/media?parent=1627"}],"wp:term":[{"taxonomy":"product_brand","embeddable":true,"href":"https:\/\/propedis.pl\/sklep\/wp-json\/wp\/v2\/product_brand?post=1627"},{"taxonomy":"product_cat","embeddable":true,"href":"https:\/\/propedis.pl\/sklep\/wp-json\/wp\/v2\/product_cat?post=1627"},{"taxonomy":"product_tag","embeddable":true,"href":"https:\/\/propedis.pl\/sklep\/wp-json\/wp\/v2\/product_tag?post=1627"}],"curies":[{"name":"wp","href":"https:\/\/api.w.org\/{rel}","templated":true}]}}