{"id":1682,"date":"2020-01-23T13:38:10","date_gmt":"2020-01-23T12:38:10","guid":{"rendered":""},"modified":"2026-05-06T16:21:54","modified_gmt":"2026-05-06T14:21:54","slug":"pe-arkusz-55-x-110-cm","status":"publish","type":"product","link":"https:\/\/propedis.pl\/sklep\/produkt\/pe-arkusz-55-x-110-cm\/","title":{"rendered":"PE Kolor"},"content":{"rendered":"<p><span style=\"font-weight: 400;\">Pianka PE w wielu kolorach. \u015awietny materia\u0142 pokryciowy we wk\u0142adkach miejskich i sportowych. Ogranicza przesuwanie si\u0119 stopy podczas hamowania i odbicia.<\/span><\/p>\n","protected":false},"excerpt":{"rendered":"<p>Pianka PE w wielu kolorach. \u015awietny materia\u0142 pokryciowy we wk\u0142adkach miejskich i sportowych. Ogranicza przesuwanie si\u0119 stopy podczas hamowania i odbicia.<\/p>\n","protected":false},"featured_media":6610,"template":"","meta":{"ep_exclude_from_search":false},"product_brand":[],"product_cat":[405,419],"product_tag":[],"class_list":{"0":"post-1682","1":"product","2":"type-product","3":"status-publish","4":"has-post-thumbnail","6":"product_cat-materialy-i-elementy-korygujace","7":"product_cat-materialy-pokryciowe","8":"pa_grubosc-87","9":"pa_grubosc-1-5","10":"pa_grubosc-2-5","11":"pa_kolor-antracyt","12":"pa_kolor-czerwony","13":"pa_kolor-niebieski","14":"pa_kolor-pomaranczowy","15":"pa_kolor-szary","16":"pa_kolor-zielony","17":"pa_kolor-zolty","19":"first","20":"instock","21":"taxable","22":"shipping-taxable","23":"purchasable","24":"product-type-variable"},"yoast_head":"<!-- This site is optimized with the Yoast SEO Premium plugin v26.3 (Yoast SEO v27.4) - https:\/\/yoast.com\/product\/yoast-seo-premium-wordpress\/ -->\n<title>PE Kolor - Pro Pedis - Profesjonalnie dla st\u00f3p<\/title>\n<meta name=\"robots\" content=\"index, follow, max-snippet:-1, max-image-preview:large, max-video-preview:-1\" \/>\n<link rel=\"canonical\" href=\"https:\/\/propedis.pl\/sklep\/produkt\/pe-arkusz-55-x-110-cm\/\" \/>\n<meta property=\"og:locale\" content=\"pl_PL\" \/>\n<meta property=\"og:type\" content=\"article\" \/>\n<meta property=\"og:title\" content=\"PE Kolor\" \/>\n<meta property=\"og:description\" content=\"Pianka PE w wielu kolorach. \u015awietny materia\u0142 pokryciowy we wk\u0142adkach miejskich i sportowych. Ogranicza przesuwanie si\u0119 stopy podczas hamowania i odbicia.\" \/>\n<meta property=\"og:url\" content=\"https:\/\/propedis.pl\/sklep\/produkt\/pe-arkusz-55-x-110-cm\/\" \/>\n<meta property=\"og:site_name\" content=\"Pro Pedis - Profesjonalnie dla st\u00f3p\" \/>\n<meta property=\"article:modified_time\" content=\"2026-05-06T14:21:54+00:00\" \/>\n<meta property=\"og:image\" content=\"https:\/\/propedis.pl\/sklep\/wp-content\/uploads\/2020\/01\/6730.jpg\" \/>\n\t<meta property=\"og:image:width\" content=\"600\" \/>\n\t<meta property=\"og:image:height\" content=\"600\" \/>\n\t<meta property=\"og:image:type\" content=\"image\/jpeg\" \/>\n<meta name=\"twitter:card\" content=\"summary_large_image\" \/>\n<meta name=\"twitter:label1\" content=\"Szacowany czas czytania\" \/>\n\t<meta name=\"twitter:data1\" content=\"1 minuta\" \/>\n<script type=\"application\/ld+json\" class=\"yoast-schema-graph\">{\"@context\":\"https:\\\/\\\/schema.org\",\"@graph\":[{\"@type\":\"WebPage\",\"@id\":\"https:\\\/\\\/propedis.pl\\\/sklep\\\/produkt\\\/pe-arkusz-55-x-110-cm\\\/\",\"url\":\"https:\\\/\\\/propedis.pl\\\/sklep\\\/produkt\\\/pe-arkusz-55-x-110-cm\\\/\",\"name\":\"PE Kolor - Pro Pedis - Profesjonalnie dla st\u00f3p\",\"isPartOf\":{\"@id\":\"https:\\\/\\\/propedis.pl\\\/sklep\\\/#website\"},\"primaryImageOfPage\":{\"@id\":\"https:\\\/\\\/propedis.pl\\\/sklep\\\/produkt\\\/pe-arkusz-55-x-110-cm\\\/#primaryimage\"},\"image\":{\"@id\":\"https:\\\/\\\/propedis.pl\\\/sklep\\\/produkt\\\/pe-arkusz-55-x-110-cm\\\/#primaryimage\"},\"thumbnailUrl\":\"https:\\\/\\\/propedis.pl\\\/sklep\\\/wp-content\\\/uploads\\\/2020\\\/01\\\/6730.jpg\",\"datePublished\":\"2020-01-23T12:38:10+00:00\",\"dateModified\":\"2026-05-06T14:21:54+00:00\",\"breadcrumb\":{\"@id\":\"https:\\\/\\\/propedis.pl\\\/sklep\\\/produkt\\\/pe-arkusz-55-x-110-cm\\\/#breadcrumb\"},\"inLanguage\":\"pl-PL\",\"potentialAction\":[{\"@type\":\"ReadAction\",\"target\":[\"https:\\\/\\\/propedis.pl\\\/sklep\\\/produkt\\\/pe-arkusz-55-x-110-cm\\\/\"]}]},{\"@type\":\"ImageObject\",\"inLanguage\":\"pl-PL\",\"@id\":\"https:\\\/\\\/propedis.pl\\\/sklep\\\/produkt\\\/pe-arkusz-55-x-110-cm\\\/#primaryimage\",\"url\":\"https:\\\/\\\/propedis.pl\\\/sklep\\\/wp-content\\\/uploads\\\/2020\\\/01\\\/6730.jpg\",\"contentUrl\":\"https:\\\/\\\/propedis.pl\\\/sklep\\\/wp-content\\\/uploads\\\/2020\\\/01\\\/6730.jpg\",\"width\":600,\"height\":600},{\"@type\":\"BreadcrumbList\",\"@id\":\"https:\\\/\\\/propedis.pl\\\/sklep\\\/produkt\\\/pe-arkusz-55-x-110-cm\\\/#breadcrumb\",\"itemListElement\":[{\"@type\":\"ListItem\",\"position\":1,\"name\":\"Strona g\u0142\u00f3wna\",\"item\":\"https:\\\/\\\/propedis.pl\\\/sklep\\\/\"},{\"@type\":\"ListItem\",\"position\":2,\"name\":\"Sklep\",\"item\":\"https:\\\/\\\/propedis.pl\\\/sklep\\\/produkty\\\/\"},{\"@type\":\"ListItem\",\"position\":3,\"name\":\"Materia\u0142y i elementy koryguj\u0105ce\",\"item\":\"https:\\\/\\\/propedis.pl\\\/sklep\\\/kategoria-produktu\\\/materialy-i-elementy-korygujace\\\/\"},{\"@type\":\"ListItem\",\"position\":4,\"name\":\"Materia\u0142y pokryciowe\",\"item\":\"https:\\\/\\\/propedis.pl\\\/sklep\\\/kategoria-produktu\\\/materialy-i-elementy-korygujace\\\/materialy-pokryciowe\\\/\"},{\"@type\":\"ListItem\",\"position\":5,\"name\":\"PE Kolor\"}]},{\"@type\":\"WebSite\",\"@id\":\"https:\\\/\\\/propedis.pl\\\/sklep\\\/#website\",\"url\":\"https:\\\/\\\/propedis.pl\\\/sklep\\\/\",\"name\":\"Pro Pedis - Profesjonalnie dla st\u00f3p\",\"description\":\"\",\"potentialAction\":[{\"@type\":\"SearchAction\",\"target\":{\"@type\":\"EntryPoint\",\"urlTemplate\":\"https:\\\/\\\/propedis.pl\\\/sklep\\\/?s={search_term_string}\"},\"query-input\":{\"@type\":\"PropertyValueSpecification\",\"valueRequired\":true,\"valueName\":\"search_term_string\"}}],\"inLanguage\":\"pl-PL\"}]}<\/script>\n<!-- \/ Yoast SEO Premium plugin. -->","yoast_head_json":{"title":"PE Kolor - Pro Pedis - Profesjonalnie dla st\u00f3p","robots":{"index":"index","follow":"follow","max-snippet":"max-snippet:-1","max-image-preview":"max-image-preview:large","max-video-preview":"max-video-preview:-1"},"canonical":"https:\/\/propedis.pl\/sklep\/produkt\/pe-arkusz-55-x-110-cm\/","og_locale":"pl_PL","og_type":"article","og_title":"PE Kolor","og_description":"Pianka PE w wielu kolorach. \u015awietny materia\u0142 pokryciowy we wk\u0142adkach miejskich i sportowych. Ogranicza przesuwanie si\u0119 stopy podczas hamowania i odbicia.","og_url":"https:\/\/propedis.pl\/sklep\/produkt\/pe-arkusz-55-x-110-cm\/","og_site_name":"Pro Pedis - Profesjonalnie dla st\u00f3p","article_modified_time":"2026-05-06T14:21:54+00:00","og_image":[{"width":600,"height":600,"url":"https:\/\/propedis.pl\/sklep\/wp-content\/uploads\/2020\/01\/6730.jpg","type":"image\/jpeg"}],"twitter_card":"summary_large_image","twitter_misc":{"Szacowany czas czytania":"1 minuta"},"schema":{"@context":"https:\/\/schema.org","@graph":[{"@type":"WebPage","@id":"https:\/\/propedis.pl\/sklep\/produkt\/pe-arkusz-55-x-110-cm\/","url":"https:\/\/propedis.pl\/sklep\/produkt\/pe-arkusz-55-x-110-cm\/","name":"PE Kolor - Pro Pedis - Profesjonalnie dla st\u00f3p","isPartOf":{"@id":"https:\/\/propedis.pl\/sklep\/#website"},"primaryImageOfPage":{"@id":"https:\/\/propedis.pl\/sklep\/produkt\/pe-arkusz-55-x-110-cm\/#primaryimage"},"image":{"@id":"https:\/\/propedis.pl\/sklep\/produkt\/pe-arkusz-55-x-110-cm\/#primaryimage"},"thumbnailUrl":"https:\/\/propedis.pl\/sklep\/wp-content\/uploads\/2020\/01\/6730.jpg","datePublished":"2020-01-23T12:38:10+00:00","dateModified":"2026-05-06T14:21:54+00:00","breadcrumb":{"@id":"https:\/\/propedis.pl\/sklep\/produkt\/pe-arkusz-55-x-110-cm\/#breadcrumb"},"inLanguage":"pl-PL","potentialAction":[{"@type":"ReadAction","target":["https:\/\/propedis.pl\/sklep\/produkt\/pe-arkusz-55-x-110-cm\/"]}]},{"@type":"ImageObject","inLanguage":"pl-PL","@id":"https:\/\/propedis.pl\/sklep\/produkt\/pe-arkusz-55-x-110-cm\/#primaryimage","url":"https:\/\/propedis.pl\/sklep\/wp-content\/uploads\/2020\/01\/6730.jpg","contentUrl":"https:\/\/propedis.pl\/sklep\/wp-content\/uploads\/2020\/01\/6730.jpg","width":600,"height":600},{"@type":"BreadcrumbList","@id":"https:\/\/propedis.pl\/sklep\/produkt\/pe-arkusz-55-x-110-cm\/#breadcrumb","itemListElement":[{"@type":"ListItem","position":1,"name":"Strona g\u0142\u00f3wna","item":"https:\/\/propedis.pl\/sklep\/"},{"@type":"ListItem","position":2,"name":"Sklep","item":"https:\/\/propedis.pl\/sklep\/produkty\/"},{"@type":"ListItem","position":3,"name":"Materia\u0142y i elementy koryguj\u0105ce","item":"https:\/\/propedis.pl\/sklep\/kategoria-produktu\/materialy-i-elementy-korygujace\/"},{"@type":"ListItem","position":4,"name":"Materia\u0142y pokryciowe","item":"https:\/\/propedis.pl\/sklep\/kategoria-produktu\/materialy-i-elementy-korygujace\/materialy-pokryciowe\/"},{"@type":"ListItem","position":5,"name":"PE Kolor"}]},{"@type":"WebSite","@id":"https:\/\/propedis.pl\/sklep\/#website","url":"https:\/\/propedis.pl\/sklep\/","name":"Pro Pedis - Profesjonalnie dla st\u00f3p","description":"","potentialAction":[{"@type":"SearchAction","target":{"@type":"EntryPoint","urlTemplate":"https:\/\/propedis.pl\/sklep\/?s={search_term_string}"},"query-input":{"@type":"PropertyValueSpecification","valueRequired":true,"valueName":"search_term_string"}}],"inLanguage":"pl-PL"}]}},"_links":{"self":[{"href":"https:\/\/propedis.pl\/sklep\/wp-json\/wp\/v2\/product\/1682","targetHints":{"allow":["GET"]}}],"collection":[{"href":"https:\/\/propedis.pl\/sklep\/wp-json\/wp\/v2\/product"}],"about":[{"href":"https:\/\/propedis.pl\/sklep\/wp-json\/wp\/v2\/types\/product"}],"wp:featuredmedia":[{"embeddable":true,"href":"https:\/\/propedis.pl\/sklep\/wp-json\/wp\/v2\/media\/6610"}],"wp:attachment":[{"href":"https:\/\/propedis.pl\/sklep\/wp-json\/wp\/v2\/media?parent=1682"}],"wp:term":[{"taxonomy":"product_brand","embeddable":true,"href":"https:\/\/propedis.pl\/sklep\/wp-json\/wp\/v2\/product_brand?post=1682"},{"taxonomy":"product_cat","embeddable":true,"href":"https:\/\/propedis.pl\/sklep\/wp-json\/wp\/v2\/product_cat?post=1682"},{"taxonomy":"product_tag","embeddable":true,"href":"https:\/\/propedis.pl\/sklep\/wp-json\/wp\/v2\/product_tag?post=1682"}],"curies":[{"name":"wp","href":"https:\/\/api.w.org\/{rel}","templated":true}]}}