{"id":186320,"date":"2022-06-08T11:25:58","date_gmt":"2022-06-08T09:25:58","guid":{"rendered":""},"modified":"2026-03-17T12:15:54","modified_gmt":"2026-03-17T11:15:54","slug":"wady-stop-dzieci","status":"publish","type":"product","link":"https:\/\/propedis.pl\/sklep\/produkt\/wady-stop-dzieci\/","title":{"rendered":"JAK KORYGOWA\u0106 WADY ST\u00d3P U DZIECI"},"content":{"rendered":"<h2>Jak korygowa\u0107 wady st\u00f3p u dzieci, czyli stopy dzieci\u0119ce w praktyce fizjoterapeuty.<\/h2>\n<p>&nbsp;<\/p>\n<h3>O szkoleniu<\/h3>\n<p>Zapraszamy na unikalne nagranie szkolenia skierowanego do fizjoterapeut\u00f3w i specjalist\u00f3w pragn\u0105cych poszerzy\u0107 swoj\u0105 wiedz\u0119 z zakresu ortopodologii dzieci\u0119cej. <strong>Dr Joanna Stodolna-Tukendorf<\/strong>, do\u015bwiadczona fizjoterapeutka i dyrektor merytoryczna sieci klinik FootMedica, dzieli si\u0119 swoj\u0105 wiedz\u0105 na temat prawid\u0142owego rozwoju st\u00f3p u dzieci oraz najcz\u0119stszych problem\u00f3w, z jakimi mog\u0105 si\u0119 spotka\u0107 specjali\u015bci w swojej praktyce.<\/p>\n<p>&nbsp;<\/p>\n<h3>Co zyskasz dzi\u0119ki temu szkoleniu?<\/h3>\n<ul>\n<li aria-level=\"1\"><b>Eksperck\u0105 wiedz\u0119<\/b> na temat rozwoju st\u00f3p od okresu prenatalnego po pierwsze kroki dziecka.<\/li>\n<li aria-level=\"1\"><b>Praktyczne wskaz\u00f3wki<\/b> dotycz\u0105ce diagnozowania i terapii najcz\u0119stszych wad st\u00f3p, takich jak p\u0142askostopie, ko\u015blawo\u015b\u0107 czy ch\u00f3d go\u0142\u0119bi.<\/li>\n<li aria-level=\"1\"><b>Metody pracy<\/b> z dzie\u0107mi z hipermobilno\u015bci\u0105 i wrodzon\u0105 wiotko\u015bci\u0105 stawow\u0105.<\/li>\n<li aria-level=\"1\"><b>Strategie edukacji rodzic\u00f3w<\/b> w zakresie prawid\u0142owej piel\u0119gnacji i wspomagania rozwoju st\u00f3p u dzieci.<\/li>\n<\/ul>\n<p>&nbsp;<\/p>\n<p>&nbsp;<\/p>\n<h3>O prowadz\u0105cej:<\/h3>\n<p>&nbsp;<\/p>\n<p><strong>Joanna Stodolna-Tukendorf<\/strong> &#8211; fizjoterapeutka, doktor n. med. z wieloletnim do\u015bwiadczeniem w pracy z pacjentami na oddziale Ortopedii i Traumatologii WIM oraz w prywatnej praktyce. Uczestniczka i wyk\u0142adowczyni na konferencjach naukowych z zakresu fizjoterapii, kosmetologii, ortopodologii w Polsce i za granic\u0105. T\u0142umaczka ksi\u0105\u017cek i publikacji z zakresu ortopedii i terapii manualnej np. \u201eOrtopedia pediatryczna\u201d, \u201eManualna terapia nerwowo-mi\u0119\u015bniowa&#8221;. Autorka \u201eS\u0142ownika termin\u00f3w podologii ortopedycznej\u201d, wsp\u00f3\u0142autorka pozycji: \u201eWielka Fizjoterapia\u201d, \u201eJak chroni\u0107 sw\u00f3j kr\u0119gos\u0142up\u201d, \u201eTraumatologia Narz\u0105du Ruchu\u201d. Autorka wyk\u0142ad\u00f3w i publikacji z zakresu zespo\u0142u hipermobilno\u015bci konstytucjonalnej, zaburze\u0144 mi\u0119\u015bni g\u0142\u0119bokiej stabilizacji, ich wp\u0142ywu na ca\u0142y narz\u0105d ruchu. Wsp\u00f3\u0142za\u0142o\u017cycielka i Dyrektor Merytoryczna sieci klinik fizjoterapeutyczno-podologicznych <b>FootMedica<\/b> oraz marki Pro Pedis.<\/p>\n<p>&nbsp;<\/p>\n<p>&nbsp;<\/p>\n<h3>G\u0142\u00f3wne tematy szkolenia:<\/h3>\n<ul>\n<li aria-level=\"1\"><b>Rozw\u00f3j st\u00f3p u dzieci<\/b> \u2013 kluczowe etapy i znaczenie dla p\u00f3\u017aniejszego funkcjonowania.<\/li>\n<li aria-level=\"1\"><b>Wp\u0142yw czynnik\u00f3w zewn\u0119trznych<\/b> (obuwie, chodziki, aktywno\u015b\u0107) na kszta\u0142towanie si\u0119 st\u00f3p.<\/li>\n<li aria-level=\"1\"><b>Najcz\u0119stsze wady st\u00f3p<\/b> u dzieci i metody ich korekcji.<\/li>\n<li aria-level=\"1\"><b>Rola fizjoterapeuty<\/b> w profilaktyce i terapii st\u00f3p dzieci\u0119cych.<\/li>\n<li aria-level=\"1\"><b>Holistyczne podej\u015bcie<\/b> do pacjenta \u2013 \u0142\u0105czenie fizjoterapii z ortopodologi\u0105.<\/li>\n<\/ul>\n<p>&nbsp;<\/p>\n<p>&nbsp;<\/p>\n<h3>Dla kogo jest to szkolenie?<\/h3>\n<ul>\n<li aria-level=\"1\">Dla <b>fizjoterapeut\u00f3w i podolog\u00f3w <\/b>pragn\u0105cych poszerzy\u0107 swoj\u0105 wiedz\u0119 w zakresie ortopodologii dzieci\u0119cej.<\/li>\n<li aria-level=\"1\">Dla <b>terapeut\u00f3w<\/b> pracuj\u0105cych z dzie\u0107mi z wadami st\u00f3p lub zaburzeniami rozwojowymi.<\/li>\n<li aria-level=\"1\">Dla <b>student\u00f3w fizjoterapii<\/b> zainteresowanych specjalizacj\u0105 w pracy z dzie\u0107mi.<\/li>\n<\/ul>\n<p>&nbsp;<\/p>\n<p>&nbsp;<\/p>\n<h3>Jakie korzy\u015bci przyniesie Ci to szkolenie?<\/h3>\n<ul>\n<li aria-level=\"1\"><b>Zwi\u0119kszenie kompetencji<\/b> w diagnozowaniu i terapii wad st\u00f3p u dzieci.<\/li>\n<li aria-level=\"1\"><b>Aktualizacja wiedzy<\/b> zgodnie z najnowszymi badaniami i praktykami.<\/li>\n<\/ul>\n<p>&nbsp;<\/p>\n<p>&nbsp;<\/p>\n<h3>Informacje dodatkowe:<\/h3>\n<ul>\n<li aria-level=\"1\"><b>Forma szkolenia<\/b>: Nagranie szkolenia dost\u0119pne online \u2013 uczysz si\u0119 w dogodnym dla siebie czasie i miejscu.<\/li>\n<li aria-level=\"1\"><b>Czas trwania<\/b>: 115 minut<\/li>\n<li aria-level=\"1\"><b>Dost\u0119p<\/b>: Natychmiastowy po dokonaniu zakupu.<\/li>\n<\/ul>\n","protected":false},"excerpt":{"rendered":"<p><strong>Jak korygowa\u0107 wady st\u00f3p u dzieci<\/strong>, czyli stopy dzieci\u0119ce w praktyce fizjoterapeuty.<\/p>\n<p>Nagranie szkolenia skierowanego do fizjoterapeut\u00f3w i specjalist\u00f3w pragn\u0105cych poszerzy\u0107 swoj\u0105 wiedz\u0119 z zakresu ortopodologii dzieci\u0119cej. Dr Joanna Stodolna-Tukendorf, do\u015bwiadczona fizjoterapeutka i dyrektor merytoryczna sieci klinik FootMedica, dzieli si\u0119 swoj\u0105 wiedz\u0105 na temat prawid\u0142owego rozwoju st\u00f3p u dziecka.<\/p>\n","protected":false},"featured_media":203768,"template":"","meta":{"ep_exclude_from_search":false},"product_brand":[],"product_cat":[47,465,438],"product_tag":[],"class_list":{"0":"post-186320","1":"product","2":"type-product","3":"status-publish","4":"has-post-thumbnail","6":"product_cat-szkolenia","7":"product_cat-promocje","8":"product_cat-nagrania-edukacyjne-i-publikacje","10":"first","11":"instock","12":"featured","13":"virtual","14":"taxable","15":"purchasable","16":"product-type-simple"},"yoast_head":"<!-- This site is optimized with the Yoast SEO Premium plugin v26.3 (Yoast SEO v27.4) - https:\/\/yoast.com\/product\/yoast-seo-premium-wordpress\/ -->\n<title>JAK KORYGOWA\u0106 WADY ST\u00d3P U DZIECI - Pro Pedis - Profesjonalnie dla st\u00f3p<\/title>\n<meta name=\"description\" content=\"Terapia st\u00f3p dzieci \u2013 nagranie szkolenia dla fizjoterapeut\u00f3w. Dowiedz si\u0119, kiedy interweniowa\u0107 w przypadku p\u0142askostopia i jak wspiera\u0107 prawid\u0142owy rozw\u00f3j st\u00f3p u dzieci.\" \/>\n<meta name=\"robots\" content=\"index, follow, max-snippet:-1, max-image-preview:large, max-video-preview:-1\" \/>\n<link rel=\"canonical\" href=\"https:\/\/propedis.pl\/sklep\/produkt\/wady-stop-dzieci\/\" \/>\n<meta property=\"og:locale\" content=\"pl_PL\" \/>\n<meta property=\"og:type\" content=\"article\" \/>\n<meta property=\"og:title\" content=\"JAK KORYGOWA\u0106 WADY ST\u00d3P U DZIECI\" \/>\n<meta property=\"og:description\" content=\"Terapia st\u00f3p dzieci \u2013 nagranie szkolenia dla fizjoterapeut\u00f3w. Dowiedz si\u0119, kiedy interweniowa\u0107 w przypadku p\u0142askostopia i jak wspiera\u0107 prawid\u0142owy rozw\u00f3j st\u00f3p u dzieci.\" \/>\n<meta property=\"og:url\" content=\"https:\/\/propedis.pl\/sklep\/produkt\/wady-stop-dzieci\/\" \/>\n<meta property=\"og:site_name\" content=\"Pro Pedis - Profesjonalnie dla st\u00f3p\" \/>\n<meta property=\"article:modified_time\" content=\"2026-03-17T11:15:54+00:00\" \/>\n<meta property=\"og:image\" content=\"https:\/\/propedis.pl\/sklep\/wp-content\/uploads\/2022\/06\/OP_NAGRANIE_jak-korygowac.jpg\" \/>\n\t<meta property=\"og:image:width\" content=\"1920\" \/>\n\t<meta property=\"og:image:height\" content=\"1920\" \/>\n\t<meta property=\"og:image:type\" content=\"image\/jpeg\" \/>\n<meta name=\"twitter:card\" content=\"summary_large_image\" \/>\n<meta name=\"twitter:label1\" content=\"Szacowany czas czytania\" \/>\n\t<meta name=\"twitter:data1\" content=\"3 minuty\" \/>\n<script type=\"application\/ld+json\" class=\"yoast-schema-graph\">{\"@context\":\"https:\\\/\\\/schema.org\",\"@graph\":[{\"@type\":\"WebPage\",\"@id\":\"https:\\\/\\\/propedis.pl\\\/sklep\\\/produkt\\\/wady-stop-dzieci\\\/\",\"url\":\"https:\\\/\\\/propedis.pl\\\/sklep\\\/produkt\\\/wady-stop-dzieci\\\/\",\"name\":\"JAK KORYGOWA\u0106 WADY ST\u00d3P U DZIECI - Pro Pedis - Profesjonalnie dla st\u00f3p\",\"isPartOf\":{\"@id\":\"https:\\\/\\\/propedis.pl\\\/sklep\\\/#website\"},\"primaryImageOfPage\":{\"@id\":\"https:\\\/\\\/propedis.pl\\\/sklep\\\/produkt\\\/wady-stop-dzieci\\\/#primaryimage\"},\"image\":{\"@id\":\"https:\\\/\\\/propedis.pl\\\/sklep\\\/produkt\\\/wady-stop-dzieci\\\/#primaryimage\"},\"thumbnailUrl\":\"https:\\\/\\\/propedis.pl\\\/sklep\\\/wp-content\\\/uploads\\\/2022\\\/06\\\/OP_NAGRANIE_jak-korygowac.jpg\",\"datePublished\":\"2022-06-08T09:25:58+00:00\",\"dateModified\":\"2026-03-17T11:15:54+00:00\",\"description\":\"Terapia st\u00f3p dzieci \u2013 nagranie szkolenia dla fizjoterapeut\u00f3w. Dowiedz si\u0119, kiedy interweniowa\u0107 w przypadku p\u0142askostopia i jak wspiera\u0107 prawid\u0142owy rozw\u00f3j st\u00f3p u dzieci.\",\"breadcrumb\":{\"@id\":\"https:\\\/\\\/propedis.pl\\\/sklep\\\/produkt\\\/wady-stop-dzieci\\\/#breadcrumb\"},\"inLanguage\":\"pl-PL\",\"potentialAction\":[{\"@type\":\"ReadAction\",\"target\":[\"https:\\\/\\\/propedis.pl\\\/sklep\\\/produkt\\\/wady-stop-dzieci\\\/\"]}]},{\"@type\":\"ImageObject\",\"inLanguage\":\"pl-PL\",\"@id\":\"https:\\\/\\\/propedis.pl\\\/sklep\\\/produkt\\\/wady-stop-dzieci\\\/#primaryimage\",\"url\":\"https:\\\/\\\/propedis.pl\\\/sklep\\\/wp-content\\\/uploads\\\/2022\\\/06\\\/OP_NAGRANIE_jak-korygowac.jpg\",\"contentUrl\":\"https:\\\/\\\/propedis.pl\\\/sklep\\\/wp-content\\\/uploads\\\/2022\\\/06\\\/OP_NAGRANIE_jak-korygowac.jpg\",\"width\":1920,\"height\":1920},{\"@type\":\"BreadcrumbList\",\"@id\":\"https:\\\/\\\/propedis.pl\\\/sklep\\\/produkt\\\/wady-stop-dzieci\\\/#breadcrumb\",\"itemListElement\":[{\"@type\":\"ListItem\",\"position\":1,\"name\":\"Strona g\u0142\u00f3wna\",\"item\":\"https:\\\/\\\/propedis.pl\\\/sklep\\\/\"},{\"@type\":\"ListItem\",\"position\":2,\"name\":\"Sklep\",\"item\":\"https:\\\/\\\/propedis.pl\\\/sklep\\\/produkty\\\/\"},{\"@type\":\"ListItem\",\"position\":3,\"name\":\"Kursy i szkolenia\",\"item\":\"https:\\\/\\\/propedis.pl\\\/sklep\\\/kategoria-produktu\\\/szkolenia\\\/\"},{\"@type\":\"ListItem\",\"position\":4,\"name\":\"Szkolenia online\",\"item\":\"https:\\\/\\\/propedis.pl\\\/sklep\\\/kategoria-produktu\\\/szkolenia\\\/nagrania-edukacyjne-i-publikacje\\\/\"},{\"@type\":\"ListItem\",\"position\":5,\"name\":\"JAK KORYGOWA\u0106 WADY ST\u00d3P U DZIECI\"}]},{\"@type\":\"WebSite\",\"@id\":\"https:\\\/\\\/propedis.pl\\\/sklep\\\/#website\",\"url\":\"https:\\\/\\\/propedis.pl\\\/sklep\\\/\",\"name\":\"Pro Pedis - Profesjonalnie dla st\u00f3p\",\"description\":\"\",\"potentialAction\":[{\"@type\":\"SearchAction\",\"target\":{\"@type\":\"EntryPoint\",\"urlTemplate\":\"https:\\\/\\\/propedis.pl\\\/sklep\\\/?s={search_term_string}\"},\"query-input\":{\"@type\":\"PropertyValueSpecification\",\"valueRequired\":true,\"valueName\":\"search_term_string\"}}],\"inLanguage\":\"pl-PL\"}]}<\/script>\n<!-- \/ Yoast SEO Premium plugin. -->","yoast_head_json":{"title":"JAK KORYGOWA\u0106 WADY ST\u00d3P U DZIECI - Pro Pedis - Profesjonalnie dla st\u00f3p","description":"Terapia st\u00f3p dzieci \u2013 nagranie szkolenia dla fizjoterapeut\u00f3w. Dowiedz si\u0119, kiedy interweniowa\u0107 w przypadku p\u0142askostopia i jak wspiera\u0107 prawid\u0142owy rozw\u00f3j st\u00f3p u dzieci.","robots":{"index":"index","follow":"follow","max-snippet":"max-snippet:-1","max-image-preview":"max-image-preview:large","max-video-preview":"max-video-preview:-1"},"canonical":"https:\/\/propedis.pl\/sklep\/produkt\/wady-stop-dzieci\/","og_locale":"pl_PL","og_type":"article","og_title":"JAK KORYGOWA\u0106 WADY ST\u00d3P U DZIECI","og_description":"Terapia st\u00f3p dzieci \u2013 nagranie szkolenia dla fizjoterapeut\u00f3w. Dowiedz si\u0119, kiedy interweniowa\u0107 w przypadku p\u0142askostopia i jak wspiera\u0107 prawid\u0142owy rozw\u00f3j st\u00f3p u dzieci.","og_url":"https:\/\/propedis.pl\/sklep\/produkt\/wady-stop-dzieci\/","og_site_name":"Pro Pedis - Profesjonalnie dla st\u00f3p","article_modified_time":"2026-03-17T11:15:54+00:00","og_image":[{"width":1920,"height":1920,"url":"https:\/\/propedis.pl\/sklep\/wp-content\/uploads\/2022\/06\/OP_NAGRANIE_jak-korygowac.jpg","type":"image\/jpeg"}],"twitter_card":"summary_large_image","twitter_misc":{"Szacowany czas czytania":"3 minuty"},"schema":{"@context":"https:\/\/schema.org","@graph":[{"@type":"WebPage","@id":"https:\/\/propedis.pl\/sklep\/produkt\/wady-stop-dzieci\/","url":"https:\/\/propedis.pl\/sklep\/produkt\/wady-stop-dzieci\/","name":"JAK KORYGOWA\u0106 WADY ST\u00d3P U DZIECI - Pro Pedis - Profesjonalnie dla st\u00f3p","isPartOf":{"@id":"https:\/\/propedis.pl\/sklep\/#website"},"primaryImageOfPage":{"@id":"https:\/\/propedis.pl\/sklep\/produkt\/wady-stop-dzieci\/#primaryimage"},"image":{"@id":"https:\/\/propedis.pl\/sklep\/produkt\/wady-stop-dzieci\/#primaryimage"},"thumbnailUrl":"https:\/\/propedis.pl\/sklep\/wp-content\/uploads\/2022\/06\/OP_NAGRANIE_jak-korygowac.jpg","datePublished":"2022-06-08T09:25:58+00:00","dateModified":"2026-03-17T11:15:54+00:00","description":"Terapia st\u00f3p dzieci \u2013 nagranie szkolenia dla fizjoterapeut\u00f3w. Dowiedz si\u0119, kiedy interweniowa\u0107 w przypadku p\u0142askostopia i jak wspiera\u0107 prawid\u0142owy rozw\u00f3j st\u00f3p u dzieci.","breadcrumb":{"@id":"https:\/\/propedis.pl\/sklep\/produkt\/wady-stop-dzieci\/#breadcrumb"},"inLanguage":"pl-PL","potentialAction":[{"@type":"ReadAction","target":["https:\/\/propedis.pl\/sklep\/produkt\/wady-stop-dzieci\/"]}]},{"@type":"ImageObject","inLanguage":"pl-PL","@id":"https:\/\/propedis.pl\/sklep\/produkt\/wady-stop-dzieci\/#primaryimage","url":"https:\/\/propedis.pl\/sklep\/wp-content\/uploads\/2022\/06\/OP_NAGRANIE_jak-korygowac.jpg","contentUrl":"https:\/\/propedis.pl\/sklep\/wp-content\/uploads\/2022\/06\/OP_NAGRANIE_jak-korygowac.jpg","width":1920,"height":1920},{"@type":"BreadcrumbList","@id":"https:\/\/propedis.pl\/sklep\/produkt\/wady-stop-dzieci\/#breadcrumb","itemListElement":[{"@type":"ListItem","position":1,"name":"Strona g\u0142\u00f3wna","item":"https:\/\/propedis.pl\/sklep\/"},{"@type":"ListItem","position":2,"name":"Sklep","item":"https:\/\/propedis.pl\/sklep\/produkty\/"},{"@type":"ListItem","position":3,"name":"Kursy i szkolenia","item":"https:\/\/propedis.pl\/sklep\/kategoria-produktu\/szkolenia\/"},{"@type":"ListItem","position":4,"name":"Szkolenia online","item":"https:\/\/propedis.pl\/sklep\/kategoria-produktu\/szkolenia\/nagrania-edukacyjne-i-publikacje\/"},{"@type":"ListItem","position":5,"name":"JAK KORYGOWA\u0106 WADY ST\u00d3P U DZIECI"}]},{"@type":"WebSite","@id":"https:\/\/propedis.pl\/sklep\/#website","url":"https:\/\/propedis.pl\/sklep\/","name":"Pro Pedis - Profesjonalnie dla st\u00f3p","description":"","potentialAction":[{"@type":"SearchAction","target":{"@type":"EntryPoint","urlTemplate":"https:\/\/propedis.pl\/sklep\/?s={search_term_string}"},"query-input":{"@type":"PropertyValueSpecification","valueRequired":true,"valueName":"search_term_string"}}],"inLanguage":"pl-PL"}]}},"_links":{"self":[{"href":"https:\/\/propedis.pl\/sklep\/wp-json\/wp\/v2\/product\/186320","targetHints":{"allow":["GET"]}}],"collection":[{"href":"https:\/\/propedis.pl\/sklep\/wp-json\/wp\/v2\/product"}],"about":[{"href":"https:\/\/propedis.pl\/sklep\/wp-json\/wp\/v2\/types\/product"}],"wp:featuredmedia":[{"embeddable":true,"href":"https:\/\/propedis.pl\/sklep\/wp-json\/wp\/v2\/media\/203768"}],"wp:attachment":[{"href":"https:\/\/propedis.pl\/sklep\/wp-json\/wp\/v2\/media?parent=186320"}],"wp:term":[{"taxonomy":"product_brand","embeddable":true,"href":"https:\/\/propedis.pl\/sklep\/wp-json\/wp\/v2\/product_brand?post=186320"},{"taxonomy":"product_cat","embeddable":true,"href":"https:\/\/propedis.pl\/sklep\/wp-json\/wp\/v2\/product_cat?post=186320"},{"taxonomy":"product_tag","embeddable":true,"href":"https:\/\/propedis.pl\/sklep\/wp-json\/wp\/v2\/product_tag?post=186320"}],"curies":[{"name":"wp","href":"https:\/\/api.w.org\/{rel}","templated":true}]}}