{"id":187522,"date":"2022-07-19T16:22:14","date_gmt":"2022-07-19T14:22:14","guid":{"rendered":""},"modified":"2026-04-29T21:01:46","modified_gmt":"2026-04-29T19:01:46","slug":"pilka-kauczukowa","status":"publish","type":"product","link":"https:\/\/propedis.pl\/sklep\/produkt\/pilka-kauczukowa\/","title":{"rendered":"Pi\u0142ka kauczukowa do rolowania stopy"},"content":{"rendered":"<p><strong>Rolowanie stopy pi\u0142eczk\u0105 kauczukow\u0105.<\/strong><\/p>\n<div class=\"sc-comment-editor-unstyled-block\" data-block=\"true\" data-editor=\"cn27q\" data-offset-key=\"3ksmb-0-0\">\n<div class=\"public-DraftStyleDefault-block public-DraftStyleDefault-ltr\" data-offset-key=\"3ksmb-0-0\"><span data-offset-key=\"3ksmb-0-0\">\u0106wiczenie mo\u017cesz wykonywa\u0107 w pozycji stoj\u0105cej lub siedz\u0105cej. <\/span><\/div>\n<\/div>\n<div class=\"sc-comment-editor-unstyled-block\" data-block=\"true\" data-editor=\"cn27q\" data-offset-key=\"5843u-0-0\">\n<div class=\"public-DraftStyleDefault-block public-DraftStyleDefault-ltr\" data-offset-key=\"5843u-0-0\"><span data-offset-key=\"5843u-0-0\">We\u017a kauczukow\u0105 pi\u0142eczk\u0119, u\u0142\u00f3\u017c pod stop\u0105.<\/span><\/div>\n<div data-offset-key=\"5843u-0-0\"><\/div>\n<div data-offset-key=\"5843u-0-0\"><\/div>\n<\/div>\n<div class=\"sc-comment-editor-unstyled-block\" data-block=\"true\" data-editor=\"cn27q\" data-offset-key=\"2rhde-0-0\">\n<div class=\"public-DraftStyleDefault-block public-DraftStyleDefault-ltr\" data-offset-key=\"2rhde-0-0\"><span data-offset-key=\"2rhde-0-0\">1. Przetaczaj j\u0105, jednocze\u015bnie dociskaj\u0105c, od pi\u0119ty do ka\u017cdego palca. Je\u015bli jakie\u015b miejsce jest bardziej tkliwe lub bolesne zatrzymaj pi\u0142eczk\u0119 w tym miejscu i doci\u015bnij nieco mocniej na 10-15 sek.<\/span><\/div>\n<\/div>\n<div class=\"sc-comment-editor-unstyled-block\" data-block=\"true\" data-editor=\"cn27q\" data-offset-key=\"coan9-0-0\">\n<div class=\"public-DraftStyleDefault-block public-DraftStyleDefault-ltr\" data-offset-key=\"coan9-0-0\"><span data-offset-key=\"coan9-0-0\">2. Postaw przodostopie i przemasuj tyln\u0105 cz\u0119\u015b\u0107 wysklepienia wykonuj\u0105c ruchy poprzek stopy.<\/span><\/div>\n<\/div>\n<div class=\"sc-comment-editor-unstyled-block\" data-block=\"true\" data-editor=\"cn27q\" data-offset-key=\"62eh5-0-0\">\n<div class=\"public-DraftStyleDefault-block public-DraftStyleDefault-ltr\" data-offset-key=\"62eh5-0-0\"><span data-offset-key=\"62eh5-0-0\">3. Umie\u015b\u0107 pi\u0142eczk\u0119 pod przodostopiem i pr\u00f3buj obj\u0105\u0107 j\u0105 palcami.<\/span><\/div>\n<div data-offset-key=\"62eh5-0-0\"><\/div>\n<\/div>\n<div class=\"sc-comment-editor-unstyled-block\" data-block=\"true\" data-editor=\"cn27q\" data-offset-key=\"3krum-0-0\">\n<div class=\"public-DraftStyleDefault-block public-DraftStyleDefault-ltr\" data-offset-key=\"3krum-0-0\"><strong>Po\u015bwi\u0119\u0107 5 min na ka\u017cd\u0105 stop\u0119.<\/strong><\/div>\n<div data-offset-key=\"3krum-0-0\"><\/div>\n<\/div>\n<div class=\"sc-comment-editor-unstyled-block\" data-block=\"true\" data-editor=\"cn27q\" data-offset-key=\"8r2gv-0-0\">\n<div class=\"public-DraftStyleDefault-block public-DraftStyleDefault-ltr\" data-offset-key=\"8r2gv-0-0\"><span data-offset-key=\"8r2gv-0-0\">Pami\u0119taj, \u017ce masowanie nie powinno by\u0107 bolesne, a jedynie sprawia\u0107 dyskomfort. Je\u015bli odczuwasz b\u00f3l &#8211; zmniejsz nacisk na pi\u0142eczk\u0119.<\/span><\/div>\n<\/div>\n<div class=\"sc-comment-editor-unstyled-block\" data-block=\"true\" data-editor=\"cn27q\" data-offset-key=\"dgcf8-0-0\">\n<div class=\"public-DraftStyleDefault-block public-DraftStyleDefault-ltr\" data-offset-key=\"dgcf8-0-0\"><span data-offset-key=\"dgcf8-0-0\">Wykonuj to \u0107wiczenie po ka\u017cdym treningu, po chodzeniu w butach na wysokich obcasach, po d\u0142u\u017cszych spacerach, czy ca\u0142ym dniu siedz\u0105cym.<\/span><\/div>\n<\/div>\n<div data-offset-key=\"dgcf8-0-0\"><\/div>\n<div data-offset-key=\"dgcf8-0-0\"><\/div>\n<div data-offset-key=\"dgcf8-0-0\"><\/div>\n<div data-offset-key=\"dgcf8-0-0\">\n<p><iframe loading=\"lazy\" title=\"Rolowanie stopy pi\u0142eczk\u0105\" src=\"https:\/\/player.vimeo.com\/video\/673236707?dnt=1&amp;app_id=122963\" width=\"640\" height=\"926\" frameborder=\"0\" allow=\"autoplay; fullscreen; picture-in-picture; clipboard-write; encrypted-media; web-share\" referrerpolicy=\"strict-origin-when-cross-origin\"><\/iframe><\/p>\n<\/div>\n","protected":false},"excerpt":{"rendered":"<p>(wz\u00f3r pi\u0142ki wysy\u0142any jest losowo)<\/p>\n","protected":false},"featured_media":187535,"template":"","meta":{"ep_exclude_from_search":false},"product_brand":[],"product_cat":[480,470],"product_tag":[462,464,461,463],"class_list":{"0":"post-187522","1":"product","2":"type-product","3":"status-publish","4":"has-post-thumbnail","6":"product_cat-akcesoria","7":"product_cat-akcesoria-dla-pacjenta","8":"product_tag-pileczka-do-masazu","9":"product_tag-pileczka-do-rolowania","10":"product_tag-pilka-do-masazu","11":"product_tag-pilka-do-rolowania","12":"product_shipping_class-paczkomat","14":"first","15":"onbackorder","16":"taxable","17":"shipping-taxable","18":"purchasable","19":"product-type-simple"},"yoast_head":"<!-- This site is optimized with the Yoast SEO Premium plugin v26.3 (Yoast SEO v27.4) - https:\/\/yoast.com\/product\/yoast-seo-premium-wordpress\/ -->\n<title>Pi\u0142ka kauczukowa do rolowania stopy - Pro Pedis - Profesjonalnie dla st\u00f3p<\/title>\n<meta name=\"robots\" content=\"index, follow, max-snippet:-1, max-image-preview:large, max-video-preview:-1\" \/>\n<link rel=\"canonical\" href=\"https:\/\/propedis.pl\/sklep\/produkt\/pilka-kauczukowa\/\" \/>\n<meta property=\"og:locale\" content=\"pl_PL\" \/>\n<meta property=\"og:type\" content=\"article\" \/>\n<meta property=\"og:title\" content=\"Pi\u0142ka kauczukowa do rolowania stopy\" \/>\n<meta property=\"og:description\" content=\"(wz\u00f3r pi\u0142ki wysy\u0142any jest losowo)\" \/>\n<meta property=\"og:url\" content=\"https:\/\/propedis.pl\/sklep\/produkt\/pilka-kauczukowa\/\" \/>\n<meta property=\"og:site_name\" content=\"Pro Pedis - Profesjonalnie dla st\u00f3p\" \/>\n<meta property=\"article:modified_time\" content=\"2026-04-29T19:01:46+00:00\" \/>\n<meta property=\"og:image\" content=\"https:\/\/propedis.pl\/sklep\/wp-content\/uploads\/2022\/07\/propedis_pilka.png\" \/>\n\t<meta property=\"og:image:width\" content=\"300\" \/>\n\t<meta property=\"og:image:height\" content=\"300\" \/>\n\t<meta property=\"og:image:type\" content=\"image\/png\" \/>\n<meta name=\"twitter:card\" content=\"summary_large_image\" \/>\n<meta name=\"twitter:label1\" content=\"Szacowany czas czytania\" \/>\n\t<meta name=\"twitter:data1\" content=\"1 minuta\" \/>\n<script type=\"application\/ld+json\" class=\"yoast-schema-graph\">{\"@context\":\"https:\\\/\\\/schema.org\",\"@graph\":[{\"@type\":\"WebPage\",\"@id\":\"https:\\\/\\\/propedis.pl\\\/sklep\\\/produkt\\\/pilka-kauczukowa\\\/\",\"url\":\"https:\\\/\\\/propedis.pl\\\/sklep\\\/produkt\\\/pilka-kauczukowa\\\/\",\"name\":\"Pi\u0142ka kauczukowa do rolowania stopy - Pro Pedis - Profesjonalnie dla st\u00f3p\",\"isPartOf\":{\"@id\":\"https:\\\/\\\/propedis.pl\\\/sklep\\\/#website\"},\"primaryImageOfPage\":{\"@id\":\"https:\\\/\\\/propedis.pl\\\/sklep\\\/produkt\\\/pilka-kauczukowa\\\/#primaryimage\"},\"image\":{\"@id\":\"https:\\\/\\\/propedis.pl\\\/sklep\\\/produkt\\\/pilka-kauczukowa\\\/#primaryimage\"},\"thumbnailUrl\":\"https:\\\/\\\/propedis.pl\\\/sklep\\\/wp-content\\\/uploads\\\/2022\\\/07\\\/propedis_pilka.png\",\"datePublished\":\"2022-07-19T14:22:14+00:00\",\"dateModified\":\"2026-04-29T19:01:46+00:00\",\"breadcrumb\":{\"@id\":\"https:\\\/\\\/propedis.pl\\\/sklep\\\/produkt\\\/pilka-kauczukowa\\\/#breadcrumb\"},\"inLanguage\":\"pl-PL\",\"potentialAction\":[{\"@type\":\"ReadAction\",\"target\":[\"https:\\\/\\\/propedis.pl\\\/sklep\\\/produkt\\\/pilka-kauczukowa\\\/\"]}]},{\"@type\":\"ImageObject\",\"inLanguage\":\"pl-PL\",\"@id\":\"https:\\\/\\\/propedis.pl\\\/sklep\\\/produkt\\\/pilka-kauczukowa\\\/#primaryimage\",\"url\":\"https:\\\/\\\/propedis.pl\\\/sklep\\\/wp-content\\\/uploads\\\/2022\\\/07\\\/propedis_pilka.png\",\"contentUrl\":\"https:\\\/\\\/propedis.pl\\\/sklep\\\/wp-content\\\/uploads\\\/2022\\\/07\\\/propedis_pilka.png\",\"width\":300,\"height\":300},{\"@type\":\"BreadcrumbList\",\"@id\":\"https:\\\/\\\/propedis.pl\\\/sklep\\\/produkt\\\/pilka-kauczukowa\\\/#breadcrumb\",\"itemListElement\":[{\"@type\":\"ListItem\",\"position\":1,\"name\":\"Strona g\u0142\u00f3wna\",\"item\":\"https:\\\/\\\/propedis.pl\\\/sklep\\\/\"},{\"@type\":\"ListItem\",\"position\":2,\"name\":\"Sklep\",\"item\":\"https:\\\/\\\/propedis.pl\\\/sklep\\\/produkty\\\/\"},{\"@type\":\"ListItem\",\"position\":3,\"name\":\"Akcesoria dla pacjenta\",\"item\":\"https:\\\/\\\/propedis.pl\\\/sklep\\\/kategoria-produktu\\\/akcesoria-dla-pacjenta\\\/\"},{\"@type\":\"ListItem\",\"position\":4,\"name\":\"Akcesoria\",\"item\":\"https:\\\/\\\/propedis.pl\\\/sklep\\\/kategoria-produktu\\\/akcesoria-dla-pacjenta\\\/akcesoria\\\/\"},{\"@type\":\"ListItem\",\"position\":5,\"name\":\"Pi\u0142ka kauczukowa do rolowania stopy\"}]},{\"@type\":\"WebSite\",\"@id\":\"https:\\\/\\\/propedis.pl\\\/sklep\\\/#website\",\"url\":\"https:\\\/\\\/propedis.pl\\\/sklep\\\/\",\"name\":\"Pro Pedis - Profesjonalnie dla st\u00f3p\",\"description\":\"\",\"potentialAction\":[{\"@type\":\"SearchAction\",\"target\":{\"@type\":\"EntryPoint\",\"urlTemplate\":\"https:\\\/\\\/propedis.pl\\\/sklep\\\/?s={search_term_string}\"},\"query-input\":{\"@type\":\"PropertyValueSpecification\",\"valueRequired\":true,\"valueName\":\"search_term_string\"}}],\"inLanguage\":\"pl-PL\"}]}<\/script>\n<!-- \/ Yoast SEO Premium plugin. -->","yoast_head_json":{"title":"Pi\u0142ka kauczukowa do rolowania stopy - Pro Pedis - Profesjonalnie dla st\u00f3p","robots":{"index":"index","follow":"follow","max-snippet":"max-snippet:-1","max-image-preview":"max-image-preview:large","max-video-preview":"max-video-preview:-1"},"canonical":"https:\/\/propedis.pl\/sklep\/produkt\/pilka-kauczukowa\/","og_locale":"pl_PL","og_type":"article","og_title":"Pi\u0142ka kauczukowa do rolowania stopy","og_description":"(wz\u00f3r pi\u0142ki wysy\u0142any jest losowo)","og_url":"https:\/\/propedis.pl\/sklep\/produkt\/pilka-kauczukowa\/","og_site_name":"Pro Pedis - Profesjonalnie dla st\u00f3p","article_modified_time":"2026-04-29T19:01:46+00:00","og_image":[{"width":300,"height":300,"url":"https:\/\/propedis.pl\/sklep\/wp-content\/uploads\/2022\/07\/propedis_pilka.png","type":"image\/png"}],"twitter_card":"summary_large_image","twitter_misc":{"Szacowany czas czytania":"1 minuta"},"schema":{"@context":"https:\/\/schema.org","@graph":[{"@type":"WebPage","@id":"https:\/\/propedis.pl\/sklep\/produkt\/pilka-kauczukowa\/","url":"https:\/\/propedis.pl\/sklep\/produkt\/pilka-kauczukowa\/","name":"Pi\u0142ka kauczukowa do rolowania stopy - Pro Pedis - Profesjonalnie dla st\u00f3p","isPartOf":{"@id":"https:\/\/propedis.pl\/sklep\/#website"},"primaryImageOfPage":{"@id":"https:\/\/propedis.pl\/sklep\/produkt\/pilka-kauczukowa\/#primaryimage"},"image":{"@id":"https:\/\/propedis.pl\/sklep\/produkt\/pilka-kauczukowa\/#primaryimage"},"thumbnailUrl":"https:\/\/propedis.pl\/sklep\/wp-content\/uploads\/2022\/07\/propedis_pilka.png","datePublished":"2022-07-19T14:22:14+00:00","dateModified":"2026-04-29T19:01:46+00:00","breadcrumb":{"@id":"https:\/\/propedis.pl\/sklep\/produkt\/pilka-kauczukowa\/#breadcrumb"},"inLanguage":"pl-PL","potentialAction":[{"@type":"ReadAction","target":["https:\/\/propedis.pl\/sklep\/produkt\/pilka-kauczukowa\/"]}]},{"@type":"ImageObject","inLanguage":"pl-PL","@id":"https:\/\/propedis.pl\/sklep\/produkt\/pilka-kauczukowa\/#primaryimage","url":"https:\/\/propedis.pl\/sklep\/wp-content\/uploads\/2022\/07\/propedis_pilka.png","contentUrl":"https:\/\/propedis.pl\/sklep\/wp-content\/uploads\/2022\/07\/propedis_pilka.png","width":300,"height":300},{"@type":"BreadcrumbList","@id":"https:\/\/propedis.pl\/sklep\/produkt\/pilka-kauczukowa\/#breadcrumb","itemListElement":[{"@type":"ListItem","position":1,"name":"Strona g\u0142\u00f3wna","item":"https:\/\/propedis.pl\/sklep\/"},{"@type":"ListItem","position":2,"name":"Sklep","item":"https:\/\/propedis.pl\/sklep\/produkty\/"},{"@type":"ListItem","position":3,"name":"Akcesoria dla pacjenta","item":"https:\/\/propedis.pl\/sklep\/kategoria-produktu\/akcesoria-dla-pacjenta\/"},{"@type":"ListItem","position":4,"name":"Akcesoria","item":"https:\/\/propedis.pl\/sklep\/kategoria-produktu\/akcesoria-dla-pacjenta\/akcesoria\/"},{"@type":"ListItem","position":5,"name":"Pi\u0142ka kauczukowa do rolowania stopy"}]},{"@type":"WebSite","@id":"https:\/\/propedis.pl\/sklep\/#website","url":"https:\/\/propedis.pl\/sklep\/","name":"Pro Pedis - Profesjonalnie dla st\u00f3p","description":"","potentialAction":[{"@type":"SearchAction","target":{"@type":"EntryPoint","urlTemplate":"https:\/\/propedis.pl\/sklep\/?s={search_term_string}"},"query-input":{"@type":"PropertyValueSpecification","valueRequired":true,"valueName":"search_term_string"}}],"inLanguage":"pl-PL"}]}},"_links":{"self":[{"href":"https:\/\/propedis.pl\/sklep\/wp-json\/wp\/v2\/product\/187522","targetHints":{"allow":["GET"]}}],"collection":[{"href":"https:\/\/propedis.pl\/sklep\/wp-json\/wp\/v2\/product"}],"about":[{"href":"https:\/\/propedis.pl\/sklep\/wp-json\/wp\/v2\/types\/product"}],"wp:featuredmedia":[{"embeddable":true,"href":"https:\/\/propedis.pl\/sklep\/wp-json\/wp\/v2\/media\/187535"}],"wp:attachment":[{"href":"https:\/\/propedis.pl\/sklep\/wp-json\/wp\/v2\/media?parent=187522"}],"wp:term":[{"taxonomy":"product_brand","embeddable":true,"href":"https:\/\/propedis.pl\/sklep\/wp-json\/wp\/v2\/product_brand?post=187522"},{"taxonomy":"product_cat","embeddable":true,"href":"https:\/\/propedis.pl\/sklep\/wp-json\/wp\/v2\/product_cat?post=187522"},{"taxonomy":"product_tag","embeddable":true,"href":"https:\/\/propedis.pl\/sklep\/wp-json\/wp\/v2\/product_tag?post=187522"}],"curies":[{"name":"wp","href":"https:\/\/api.w.org\/{rel}","templated":true}]}}