{"id":188575,"date":"2022-10-13T09:08:49","date_gmt":"2022-10-13T07:08:49","guid":{"rendered":""},"modified":"2025-08-12T11:45:56","modified_gmt":"2025-08-12T09:45:56","slug":"ortopodologia-przedluzenie","status":"publish","type":"product","link":"https:\/\/propedis.pl\/sklep\/produkt\/ortopodologia-przedluzenie\/","title":{"rendered":"Kurs ORTOPODOLOGIA \u2013\u00a0PRZED\u0141U\u017bENIE"},"content":{"rendered":"<h1 style=\"text-align: center;\"><span style=\"color: #f00632;\">KURS ORTOPODOLOGIA<br \/>\n<\/span><\/h1>\n<p style=\"text-align: center;\"><span style=\"color: #f00632;\">STOPA I STAW SKOKOWY &#8211; ANATOMIA I BIOMECHANIKA<\/span><\/p>\n<p>KURS ORTOPODOLOGIA\u00a0<strong> z dost\u0119pem na zawsze. Przedstawiamy Ci pakiet w wersji PREMIUM.<\/strong><\/p>\n<div id=\"zfS6gHGXqFCgEaCDtVWphuUwpnv2Et1P\" class=\"widget widget-text\">\n<p><span style=\"color: #16345f;\"><strong>Zdob\u0105d\u017a wiedz\u0119, dzi\u0119ki kt\u00f3rej Twoja praca stanie si\u0119 \u0142atwiejsza!<\/strong><\/span><\/p>\n<\/div>\n<div id=\"lQX13Ir3o12MOK3KcmWtz0ISiNfoy1Ja\" class=\"widget widget-text\">\n<ul>\n<li>Pierwszy, tak obszerny kurs online, kt\u00f3ry\u00a0przeprowadzi Ci\u0119 przez wszystkie elementy badania pacjenta.<\/li>\n<li>Rozpoczniesz od teorii. Nast\u0119pnie dowiesz si\u0119\u00a0jak prowadzi\u0107 pacjent\u00f3w, kt\u00f3rzy z r\u00f3\u017cnych przyczyn maj\u0105 zaburzon\u0105 biomechanik\u0119 chodu.<\/li>\n<li>Zobaczysz\u00a0przyk\u0142ady z praktyki gabinetowej.<\/li>\n<li>Dowiesz si\u0119 jakie \u0107wiczenia zastosowa\u0107, otrzymasz wytyczne dotycz\u0105ce wk\u0142adek termoformowanych, poznasz elementy skutecznej terapii.<\/li>\n<\/ul>\n<div id=\"GnstuKT808vdNNLVfxfS8gUqbZTT5zAR\" class=\"widget widget-text\"><\/div>\n<div id=\"FEvSEpvcb7I4uhRSCmaarPtqGBKbFTJK\" class=\"widget widget-text\">\n<hr \/>\n<\/div>\n<\/div>\n<p style=\"text-align: center;\"><span style=\"color: #16345f;\"><strong>TEN KURS JEST W\u0141A\u015aNIE DLA CIEBIE<\/strong><\/span><\/p>\n<hr \/>\n<p><strong>Je\u015bli chcesz:<\/strong><\/p>\n<ul>\n<li>Nauczy\u0107 si\u0119, jak pracowa\u0107 z pacjentem\u00a0jeszcze skuteczniej, by m\u00f3c znacznie szybciej cieszy\u0107 si\u0119 pozytywnymi efektami terapii;<\/li>\n<li>Zdoby\u0107 wiedz\u0119, kt\u00f3ra umo\u017cliwi Ci\u00a0odpowiednie zdiagnozowanie i poznanie rzeczywistej przyczyny\u00a0problemu pacjenta;<\/li>\n<li>Wiedzie\u0107\u00a0jak bezinwazyjnie radzi\u0107 sobie\u00a0z przypadkami skierowanymi do zabieg\u00f3w inwazyjnych;<\/li>\n<li>Nareszcie poczu\u0107, \u017ce\u00a0uda\u0142o Ci si\u0119 ul\u017cy\u0107 pacjentowi w cierpieniu.<\/li>\n<\/ul>\n<p><strong><img loading=\"lazy\" decoding=\"async\" class=\"wp-image-189872 size-medium alignright\" src=\"https:\/\/propedis.pl\/sklep\/wp-content\/uploads\/2022\/10\/8-300x300.png\" alt=\"\" width=\"300\" height=\"300\" srcset=\"https:\/\/propedis.pl\/sklep\/wp-content\/uploads\/2022\/10\/8-300x300.png 300w, https:\/\/propedis.pl\/sklep\/wp-content\/uploads\/2022\/10\/8-150x150.png 150w, https:\/\/propedis.pl\/sklep\/wp-content\/uploads\/2022\/10\/8-100x100.png 100w, https:\/\/propedis.pl\/sklep\/wp-content\/uploads\/2022\/10\/8-1024x1024.png 1024w, https:\/\/propedis.pl\/sklep\/wp-content\/uploads\/2022\/10\/8-768x768.png 768w, https:\/\/propedis.pl\/sklep\/wp-content\/uploads\/2022\/10\/8.png 1080w\" sizes=\"auto, (max-width: 300px) 100vw, 300px\" \/><span style=\"color: #f00632;\">W wersji PREMIUM otrzymasz:<\/span><\/strong><\/p>\n<ul>\n<li>DOST\u0118P DO KURSU NA ZAWSZE<\/li>\n<li>8 modu\u0142\u00f3w kursowych<\/li>\n<li>9 nagra\u0144 film\u00f3w instrukta\u017cowych<\/li>\n<li>Dost\u0119p do zamkni\u0119tej grupy kursowej<\/li>\n<li>2 spotkania online tylko dla kursant\u00f3w<\/li>\n<li>Certyfikat online<\/li>\n<li>Zeszyt kursanta<\/li>\n<li>E-book 10 krok\u00f3w badania manualnego st\u00f3p<\/li>\n<li>8 Film\u00f3w z \u0107wiczeniami dla pacjent\u00f3w<\/li>\n<li>Nagrania mp3 do pobrania i ods\u0142uchania na telefonie<\/li>\n<\/ul>\n<ol>\n<li><span style=\"color: #16345f;\"><strong>\u015aWIETNE BONUSY<\/strong><\/span>\n<ul>\n<li><span style=\"color: #16345f;\">Infografiki<\/span><\/li>\n<li><span style=\"color: #16345f;\">Notatki wizualne z kursu<\/span><\/li>\n<li><span style=\"color: #16345f;\">Checklisty do kursu u\u0142atwiaj\u0105ce monitorowanie post\u0119pu<\/span><\/li>\n<li><span style=\"color: #16345f;\">WIDEO Wk\u0142adki ortopedyczne HIT czy KIT<\/span><\/li>\n<li><span style=\"color: #16345f;\">WIDEO 3 przypadki z gabinetu<\/span><\/li>\n<li><span style=\"color: #16345f;\">Zni\u017cki do sklepu Pro Pedis i do sklep\u00f3w partner\u00f3w<\/span><\/li>\n<\/ul>\n<\/li>\n<\/ol>\n<hr \/>\n<div id=\"HuM7vipH0lUiloEiy8fkgTclvoK9dvbw\" class=\"widget widget-text\">\n<p>&nbsp;<\/p>\n<p style=\"text-align: center;\"><span style=\"color: #16345f;\"><strong>TO NIE JEST ZWYK\u0141Y KURS<\/strong><\/span><\/p>\n<\/div>\n<div id=\"xTi4GSFFvHdwTuJA1U7xCuXoxLLKxKck\" class=\"widget widget-text\">\n<p style=\"text-align: center;\"><span style=\"color: #f00632;\"><strong>To\u00a0a\u017c 8 kompleksowych MODU\u0141\u00d3W<\/strong><\/span><\/p>\n<p style=\"text-align: center;\"><span style=\"color: #16345f;\"><strong>pe\u0142nych konkret\u00f3w oraz najnowszej wiedzy popartej badaniami i profesjonalnym do\u015bwiadczeniem.<\/strong><\/span><\/p>\n<hr \/>\n<\/div>\n<p><b>MODU\u0141 1: stopa i podologia<\/b><\/p>\n<p>W tym module otrzymasz wprowadzenie: czym zajmuje si\u0119 podologia, jakie s\u0105 typy st\u00f3p, jakie skutki maj\u0105 wady st\u00f3p w odniesieniu do ca\u0142ego narz\u0105du ruchu.<\/p>\n<p><b>MODU\u0141 2: anatomia stopy<\/b>\u200b<\/p>\n<p>Modu\u0142 zawiera wiedz\u0119 z zakresu: budowy og\u00f3lnej, podzia\u0142u anatomicznego, podzia\u0142u funkcjonalnego, anatomii kostnej, stawowej, anatomii tkanek mi\u0119kkich, mi\u0119\u015bni i wi\u0119zade\u0142.<\/p>\n<p><b>MODU\u0141 3: biomechanika funkcji stopy<\/b><\/p>\n<p>Ten modu\u0142 zawiera om\u00f3wienie 5 funkcji st\u00f3p ze szczeg\u00f3lnym rozr\u00f3\u017cnieniem funkcji statycznej od funkcji dynamicznej. \u0141uki stopy \u2013 konstrukcja kostno-mi\u0119\u015bniowo-wi\u0119zad\u0142owa. Stawy st\u00f3p. Osie ruch\u00f3w stopy.<\/p>\n<p><b>MODU\u0141 4: ch\u00f3d prawid\u0142owy \u2013 analiza chodu<\/b><\/p>\n<p>Modu\u0142 zawiera analiz\u0119 poszczeg\u00f3lnych faz chodu z uwzgl\u0119dnieniem jego podfaz i sk\u0142adowych. Om\u00f3wienie determinant (wyznacznik\u00f3w) chodu na modelu. Analiza zaburze\u0144 wzorca chodu w stosunku do prawid\u0142owego wzorca chodu.<\/p>\n<p><b>MODU\u0141 5: wady st\u00f3p \u2013 podstawy patologii<\/b><\/p>\n<p>W tym module poznasz najnowsz\u0105 klasyfikacj\u0119 wad st\u00f3p z podzia\u0142em na wady wrodzone i nabyte. Poznasz przyczyny powszechnie wyst\u0119puj\u0105cych patologii.<\/p>\n<p><b>MODU\u0141 6: badanie manualne<\/b><\/p>\n<p>W tym module poznasz schemat 10 krok\u00f3w badania manualnego. Poznasz badanie ruch\u00f3w czynnych. Badanie ruch\u00f3w biernych oraz badanie gry stawowej.<\/p>\n<p><b>MODU\u0141 7: badanie podologiczne<\/b><\/p>\n<p>Modu\u0142 zawiera gotowy schemat badania na przyrz\u0105dach: podoskopie, plantografie. Zar\u00f3wno badania statyczne, jak i dynamiczne.<\/p>\n<p><b>MODU\u0141 8: praca z pacjentem po diagnozie<\/b><\/p>\n<div id=\"cc2s6V5QdIXAShcGbdsmokwoDH2SarGU\" class=\"widget widget-text\">\n<p>Z kt\u00f3rego dowiesz si\u0119 co dalej po badaniu: jak post\u0119powa\u0107 z pacjentem, kiedy stwierdzimy u niego wady st\u00f3p, co dalej mo\u017cemy z tym zrobi\u0107, jakie \u0107wiczenia zastosowa\u0107 oraz moje wytyczne do wk\u0142adek lub terapii.<\/p>\n<\/div>\n<div id=\"cc2s6V5QdIXAShcGbdsmokwoDH2SarGU\" class=\"widget widget-text\">\n<hr \/>\n<\/div>\n<p style=\"text-align: center;\"><span style=\"color: #f00632;\"><strong>KURS TO TAK\u017bE A\u017b 9 FILM\u00d3W INSTRUKTA\u017bOWYCH!<\/strong><\/span><\/p>\n<ul>\n<li>Anatomia stopy<\/li>\n<li>Przebieg badania palpacyjnego<\/li>\n<li>10 krok\u00f3w badania manualnego<\/li>\n<li>Badanie ruch\u00f3w czynnych i biernych stopy<\/li>\n<li>Przeprowadzenie test\u00f3w diagnostycznych<\/li>\n<li>Analiz\u0119 chodu<\/li>\n<li>Przebieg badania na podoskopie i plantografie<\/li>\n<li>Wzorzec zu\u017cycia obuwia<br \/>\n<hr \/>\n<\/li>\n<\/ul>\n<div id=\"cc2s6V5QdIXAShcGbdsmokwoDH2SarGU\" class=\"widget widget-text\">\n<p>&nbsp;<\/p>\n<p style=\"text-align: center;\"><b>\u00a0Wiesz wszystko, co trzeba wiedzie\u0107.<\/b><\/p>\n<p style=\"text-align: center;\"><span style=\"color: #16345f;\"><b>Teraz czas na Twoj\u0105 decyzj\u0119.<\/b><\/span><\/p>\n<\/div>\n","protected":false},"excerpt":{"rendered":"<p>KURS ORTOPODOLOGIA STOPA I STAW SKOKOWY &#8211; ANATOMIA I BIOMECHANIKA KURS ORTOPODOLOGIA\u00a0 z dost\u0119pem na zawsze. Przedstawiamy Ci pakiet w wersji PREMIUM. Zdob\u0105d\u017a wiedz\u0119, dzi\u0119ki kt\u00f3rej Twoja praca stanie si\u0119 \u0142atwiejsza! Pierwszy, tak obszerny kurs online, kt\u00f3ry\u00a0przeprowadzi Ci\u0119 przez wszystkie elementy badania pacjenta. Rozpoczniesz od teorii. Nast\u0119pnie dowiesz si\u0119\u00a0jak prowadzi\u0107 pacjent\u00f3w, kt\u00f3rzy z r\u00f3\u017cnych przyczyn [&hellip;]<\/p>\n","protected":false},"featured_media":189872,"template":"","meta":{"ep_exclude_from_search":false},"product_brand":[],"product_cat":[47,424],"product_tag":[],"class_list":{"0":"post-188575","1":"product","2":"type-product","3":"status-publish","4":"has-post-thumbnail","6":"product_cat-szkolenia","7":"product_cat-kursy-online","9":"first","10":"instock","11":"virtual","12":"taxable","13":"purchasable","14":"product-type-simple"},"yoast_head":"<!-- This site is optimized with the Yoast SEO Premium plugin v26.3 (Yoast SEO v27.2) - https:\/\/yoast.com\/product\/yoast-seo-premium-wordpress\/ -->\n<title>Kurs ORTOPODOLOGIA \u2013\u00a0PRZED\u0141U\u017bENIE - Pro Pedis - Profesjonalnie dla st\u00f3p<\/title>\n<meta name=\"robots\" content=\"index, follow, max-snippet:-1, max-image-preview:large, max-video-preview:-1\" \/>\n<link rel=\"canonical\" href=\"https:\/\/propedis.pl\/sklep\/produkt\/ortopodologia-przedluzenie\/\" \/>\n<meta property=\"og:locale\" content=\"pl_PL\" \/>\n<meta property=\"og:type\" content=\"article\" \/>\n<meta property=\"og:title\" content=\"Kurs ORTOPODOLOGIA \u2013\u00a0PRZED\u0141U\u017bENIE\" \/>\n<meta property=\"og:description\" content=\"KURS ORTOPODOLOGIA STOPA I STAW SKOKOWY &#8211; ANATOMIA I BIOMECHANIKA KURS ORTOPODOLOGIA\u00a0 z dost\u0119pem na zawsze. Przedstawiamy Ci pakiet w wersji PREMIUM. Zdob\u0105d\u017a wiedz\u0119, dzi\u0119ki kt\u00f3rej Twoja praca stanie si\u0119 \u0142atwiejsza! Pierwszy, tak obszerny kurs online, kt\u00f3ry\u00a0przeprowadzi Ci\u0119 przez wszystkie elementy badania pacjenta. Rozpoczniesz od teorii. Nast\u0119pnie dowiesz si\u0119\u00a0jak prowadzi\u0107 pacjent\u00f3w, kt\u00f3rzy z r\u00f3\u017cnych przyczyn [&hellip;]\" \/>\n<meta property=\"og:url\" content=\"https:\/\/propedis.pl\/sklep\/produkt\/ortopodologia-przedluzenie\/\" \/>\n<meta property=\"og:site_name\" content=\"Pro Pedis - Profesjonalnie dla st\u00f3p\" \/>\n<meta property=\"article:modified_time\" content=\"2025-08-12T09:45:56+00:00\" \/>\n<meta property=\"og:image\" content=\"https:\/\/propedis.pl\/sklep\/wp-content\/uploads\/2022\/10\/8.png\" \/>\n\t<meta property=\"og:image:width\" content=\"1080\" \/>\n\t<meta property=\"og:image:height\" content=\"1080\" \/>\n\t<meta property=\"og:image:type\" content=\"image\/png\" \/>\n<meta name=\"twitter:card\" content=\"summary_large_image\" \/>\n<meta name=\"twitter:label1\" content=\"Szacowany czas czytania\" \/>\n\t<meta name=\"twitter:data1\" content=\"4 minuty\" \/>\n<script type=\"application\/ld+json\" class=\"yoast-schema-graph\">{\"@context\":\"https:\/\/schema.org\",\"@graph\":[{\"@type\":\"WebPage\",\"@id\":\"https:\/\/propedis.pl\/sklep\/produkt\/ortopodologia-przedluzenie\/\",\"url\":\"https:\/\/propedis.pl\/sklep\/produkt\/ortopodologia-przedluzenie\/\",\"name\":\"Kurs ORTOPODOLOGIA \u2013\u00a0PRZED\u0141U\u017bENIE - Pro Pedis - Profesjonalnie dla st\u00f3p\",\"isPartOf\":{\"@id\":\"https:\/\/propedis.pl\/sklep\/#website\"},\"primaryImageOfPage\":{\"@id\":\"https:\/\/propedis.pl\/sklep\/produkt\/ortopodologia-przedluzenie\/#primaryimage\"},\"image\":{\"@id\":\"https:\/\/propedis.pl\/sklep\/produkt\/ortopodologia-przedluzenie\/#primaryimage\"},\"thumbnailUrl\":\"https:\/\/propedis.pl\/sklep\/wp-content\/uploads\/2022\/10\/8.png\",\"datePublished\":\"2022-10-13T07:08:49+00:00\",\"dateModified\":\"2025-08-12T09:45:56+00:00\",\"breadcrumb\":{\"@id\":\"https:\/\/propedis.pl\/sklep\/produkt\/ortopodologia-przedluzenie\/#breadcrumb\"},\"inLanguage\":\"pl-PL\",\"potentialAction\":[{\"@type\":\"ReadAction\",\"target\":[\"https:\/\/propedis.pl\/sklep\/produkt\/ortopodologia-przedluzenie\/\"]}]},{\"@type\":\"ImageObject\",\"inLanguage\":\"pl-PL\",\"@id\":\"https:\/\/propedis.pl\/sklep\/produkt\/ortopodologia-przedluzenie\/#primaryimage\",\"url\":\"https:\/\/propedis.pl\/sklep\/wp-content\/uploads\/2022\/10\/8.png\",\"contentUrl\":\"https:\/\/propedis.pl\/sklep\/wp-content\/uploads\/2022\/10\/8.png\",\"width\":1080,\"height\":1080},{\"@type\":\"BreadcrumbList\",\"@id\":\"https:\/\/propedis.pl\/sklep\/produkt\/ortopodologia-przedluzenie\/#breadcrumb\",\"itemListElement\":[{\"@type\":\"ListItem\",\"position\":1,\"name\":\"Strona g\u0142\u00f3wna\",\"item\":\"https:\/\/propedis.pl\/sklep\/\"},{\"@type\":\"ListItem\",\"position\":2,\"name\":\"Sklep\",\"item\":\"https:\/\/propedis.pl\/sklep\/produkty\/\"},{\"@type\":\"ListItem\",\"position\":3,\"name\":\"Kursy i szkolenia\",\"item\":\"https:\/\/propedis.pl\/sklep\/kategoria-produktu\/szkolenia\/\"},{\"@type\":\"ListItem\",\"position\":4,\"name\":\"Kursy online\",\"item\":\"https:\/\/propedis.pl\/sklep\/kategoria-produktu\/szkolenia\/kursy-online\/\"},{\"@type\":\"ListItem\",\"position\":5,\"name\":\"Kurs ORTOPODOLOGIA \u2013\u00a0PRZED\u0141U\u017bENIE\"}]},{\"@type\":\"WebSite\",\"@id\":\"https:\/\/propedis.pl\/sklep\/#website\",\"url\":\"https:\/\/propedis.pl\/sklep\/\",\"name\":\"Pro Pedis - Profesjonalnie dla st\u00f3p\",\"description\":\"\",\"potentialAction\":[{\"@type\":\"SearchAction\",\"target\":{\"@type\":\"EntryPoint\",\"urlTemplate\":\"https:\/\/propedis.pl\/sklep\/?s={search_term_string}\"},\"query-input\":{\"@type\":\"PropertyValueSpecification\",\"valueRequired\":true,\"valueName\":\"search_term_string\"}}],\"inLanguage\":\"pl-PL\"}]}<\/script>\n<!-- \/ Yoast SEO Premium plugin. -->","yoast_head_json":{"title":"Kurs ORTOPODOLOGIA \u2013\u00a0PRZED\u0141U\u017bENIE - Pro Pedis - Profesjonalnie dla st\u00f3p","robots":{"index":"index","follow":"follow","max-snippet":"max-snippet:-1","max-image-preview":"max-image-preview:large","max-video-preview":"max-video-preview:-1"},"canonical":"https:\/\/propedis.pl\/sklep\/produkt\/ortopodologia-przedluzenie\/","og_locale":"pl_PL","og_type":"article","og_title":"Kurs ORTOPODOLOGIA \u2013\u00a0PRZED\u0141U\u017bENIE","og_description":"KURS ORTOPODOLOGIA STOPA I STAW SKOKOWY &#8211; ANATOMIA I BIOMECHANIKA KURS ORTOPODOLOGIA\u00a0 z dost\u0119pem na zawsze. Przedstawiamy Ci pakiet w wersji PREMIUM. Zdob\u0105d\u017a wiedz\u0119, dzi\u0119ki kt\u00f3rej Twoja praca stanie si\u0119 \u0142atwiejsza! Pierwszy, tak obszerny kurs online, kt\u00f3ry\u00a0przeprowadzi Ci\u0119 przez wszystkie elementy badania pacjenta. Rozpoczniesz od teorii. Nast\u0119pnie dowiesz si\u0119\u00a0jak prowadzi\u0107 pacjent\u00f3w, kt\u00f3rzy z r\u00f3\u017cnych przyczyn [&hellip;]","og_url":"https:\/\/propedis.pl\/sklep\/produkt\/ortopodologia-przedluzenie\/","og_site_name":"Pro Pedis - Profesjonalnie dla st\u00f3p","article_modified_time":"2025-08-12T09:45:56+00:00","og_image":[{"width":1080,"height":1080,"url":"https:\/\/propedis.pl\/sklep\/wp-content\/uploads\/2022\/10\/8.png","type":"image\/png"}],"twitter_card":"summary_large_image","twitter_misc":{"Szacowany czas czytania":"4 minuty"},"schema":{"@context":"https:\/\/schema.org","@graph":[{"@type":"WebPage","@id":"https:\/\/propedis.pl\/sklep\/produkt\/ortopodologia-przedluzenie\/","url":"https:\/\/propedis.pl\/sklep\/produkt\/ortopodologia-przedluzenie\/","name":"Kurs ORTOPODOLOGIA \u2013\u00a0PRZED\u0141U\u017bENIE - Pro Pedis - Profesjonalnie dla st\u00f3p","isPartOf":{"@id":"https:\/\/propedis.pl\/sklep\/#website"},"primaryImageOfPage":{"@id":"https:\/\/propedis.pl\/sklep\/produkt\/ortopodologia-przedluzenie\/#primaryimage"},"image":{"@id":"https:\/\/propedis.pl\/sklep\/produkt\/ortopodologia-przedluzenie\/#primaryimage"},"thumbnailUrl":"https:\/\/propedis.pl\/sklep\/wp-content\/uploads\/2022\/10\/8.png","datePublished":"2022-10-13T07:08:49+00:00","dateModified":"2025-08-12T09:45:56+00:00","breadcrumb":{"@id":"https:\/\/propedis.pl\/sklep\/produkt\/ortopodologia-przedluzenie\/#breadcrumb"},"inLanguage":"pl-PL","potentialAction":[{"@type":"ReadAction","target":["https:\/\/propedis.pl\/sklep\/produkt\/ortopodologia-przedluzenie\/"]}]},{"@type":"ImageObject","inLanguage":"pl-PL","@id":"https:\/\/propedis.pl\/sklep\/produkt\/ortopodologia-przedluzenie\/#primaryimage","url":"https:\/\/propedis.pl\/sklep\/wp-content\/uploads\/2022\/10\/8.png","contentUrl":"https:\/\/propedis.pl\/sklep\/wp-content\/uploads\/2022\/10\/8.png","width":1080,"height":1080},{"@type":"BreadcrumbList","@id":"https:\/\/propedis.pl\/sklep\/produkt\/ortopodologia-przedluzenie\/#breadcrumb","itemListElement":[{"@type":"ListItem","position":1,"name":"Strona g\u0142\u00f3wna","item":"https:\/\/propedis.pl\/sklep\/"},{"@type":"ListItem","position":2,"name":"Sklep","item":"https:\/\/propedis.pl\/sklep\/produkty\/"},{"@type":"ListItem","position":3,"name":"Kursy i szkolenia","item":"https:\/\/propedis.pl\/sklep\/kategoria-produktu\/szkolenia\/"},{"@type":"ListItem","position":4,"name":"Kursy online","item":"https:\/\/propedis.pl\/sklep\/kategoria-produktu\/szkolenia\/kursy-online\/"},{"@type":"ListItem","position":5,"name":"Kurs ORTOPODOLOGIA \u2013\u00a0PRZED\u0141U\u017bENIE"}]},{"@type":"WebSite","@id":"https:\/\/propedis.pl\/sklep\/#website","url":"https:\/\/propedis.pl\/sklep\/","name":"Pro Pedis - Profesjonalnie dla st\u00f3p","description":"","potentialAction":[{"@type":"SearchAction","target":{"@type":"EntryPoint","urlTemplate":"https:\/\/propedis.pl\/sklep\/?s={search_term_string}"},"query-input":{"@type":"PropertyValueSpecification","valueRequired":true,"valueName":"search_term_string"}}],"inLanguage":"pl-PL"}]}},"_links":{"self":[{"href":"https:\/\/propedis.pl\/sklep\/wp-json\/wp\/v2\/product\/188575","targetHints":{"allow":["GET"]}}],"collection":[{"href":"https:\/\/propedis.pl\/sklep\/wp-json\/wp\/v2\/product"}],"about":[{"href":"https:\/\/propedis.pl\/sklep\/wp-json\/wp\/v2\/types\/product"}],"wp:featuredmedia":[{"embeddable":true,"href":"https:\/\/propedis.pl\/sklep\/wp-json\/wp\/v2\/media\/189872"}],"wp:attachment":[{"href":"https:\/\/propedis.pl\/sklep\/wp-json\/wp\/v2\/media?parent=188575"}],"wp:term":[{"taxonomy":"product_brand","embeddable":true,"href":"https:\/\/propedis.pl\/sklep\/wp-json\/wp\/v2\/product_brand?post=188575"},{"taxonomy":"product_cat","embeddable":true,"href":"https:\/\/propedis.pl\/sklep\/wp-json\/wp\/v2\/product_cat?post=188575"},{"taxonomy":"product_tag","embeddable":true,"href":"https:\/\/propedis.pl\/sklep\/wp-json\/wp\/v2\/product_tag?post=188575"}],"curies":[{"name":"wp","href":"https:\/\/api.w.org\/{rel}","templated":true}]}}