{"id":189015,"date":"2022-12-06T19:02:23","date_gmt":"2022-12-06T18:02:23","guid":{"rendered":""},"modified":"2025-08-12T11:44:56","modified_gmt":"2025-08-12T09:44:56","slug":"wstep-orto","status":"publish","type":"product","link":"https:\/\/propedis.pl\/sklep\/produkt\/wstep-orto\/","title":{"rendered":"PAKIET 3 SZKOLE\u0143: Wst\u0119p do ORTOPODOLOGII"},"content":{"rendered":"<h3 style=\"text-align: center;\"><span style=\"color: #16345f;\">W<\/span><span style=\"color: #16345f;\">st\u0119p do ORTOPODOLOGII &#8211; pakiet 3 nagra\u0144<\/span><\/h3>\n<h3 data-pm-slice=\"1 1 []\"><span class=\"text-color\"><strong><span style=\"color: #ed0127;\">NAGRANIE 1<\/span> Badanie chodu \u2013 jak go ocenia\u0107 i na co zwraca\u0107 uwag\u0119.<\/strong><\/span><\/h3>\n<h3><span style=\"color: #ed0127;\">NAGRANIE 2:<\/span> Metody badania st\u00f3p i ich zastosowanie.<\/h3>\n<h3><span style=\"color: #ed0127;\">NAGRANIE 3:<\/span> 7 krok\u00f3w diagnostyki funkcjonalnej<\/h3>\n<p>&nbsp;<\/p>\n<p>Otrzymujesz <strong>dost\u0119p do trzech nagra\u0144 wideo<\/strong>\u00a0z<strong><strong> nielimitowan\u0105 ilo\u015bci\u0105 odtworze\u0144!<\/strong><\/strong><\/p>\n<p>Wideo jest dost\u0119pne online (nie jest wysy\u0142ane na p\u0142ycie CD).<\/p>\n<p>Mo\u017cesz je ogl\u0105da\u0107 po zalogowaniu do platformy &#8211;<a href=\"https:\/\/propedis.pl\/nowykurs\/\"> TU<\/a> \u2013 dost\u0119p do konta na platformie szkoleniowej Pro Pedis otrzymasz podczas pierwszych zakup\u00f3w w sklepie.<\/p>\n<p>Nagranie mo\u017cesz odtwarza\u0107 na ka\u017cdym urz\u0105dzeniu, kt\u00f3re posiada jedn\u0105 z popularnych przegl\u0105darek CHROME, IE.<\/p>\n<hr \/>\n<p style=\"text-align: center;\"><strong>\u00a0<\/strong><strong style=\"color: #16345f; text-align: center;\">CO OTRZYMASZ?<\/strong><\/p>\n<h3 style=\"text-align: center;\" data-pm-slice=\"1 1 []\"><strong>Ponad 3 godziny dobrze przygotowanych, merytorycznych materia\u0142\u00f3w\u00a0<\/strong><\/h3>\n<p data-pm-slice=\"1 1 []\">Trzy filmy ze szkole\u0144 on-line, kt\u00f3re przeprowadzi\u0142a dr n.med. Joanna Stodolna &#8211; Tukendorf stanowi\u0105 znakomite wprowadzenie do ORTOPODOLOGII, nauczysz si\u0119 \u0142\u0105czy\u0107 b\u00f3lowe stawu kolanowego, biodrowego, czy kr\u0119gos\u0142upa z okre\u015blonymi zaburzeniami biomechaniki st\u00f3p, a tak\u017ce dowiesz si\u0119 jakie zaburzenia w obr\u0119bie st\u00f3p prowokuj\u0105 dolegliwo\u015bci w wy\u017cszych pi\u0119trach narz\u0105du ruchu.<\/p>\n<p>Nagrania zosta\u0142y przygotowane podczas 12 edycji kursu ORTOPODOLOGIA.<\/p>\n<h3 data-pm-slice=\"1 1 []\"><span class=\"text-color\"><strong><span style=\"color: #ed0127;\">NAGRANIE 1<\/span> Badanie chodu \u2013 jak go ocenia\u0107 i na co zwraca\u0107 uwag\u0119.<\/strong><\/span><\/h3>\n<ul>\n<li><span class=\"text-color\">Zastanawiasz si\u0119: o<\/span><span class=\"text-color\">d czego zacz\u0105\u0107 diagnostyk\u0119, aby jak najszybciej dotrze\u0107 do prawdziwej przyczyny b\u00f3lu pacjenta?<\/span><\/li>\n<\/ul>\n<p><span class=\"text-color\">Potrzebujesz umiej\u0119tno\u015bci odczytywania <strong>sygna\u0142\u00f3w p\u0142yn\u0105cych z chodu pacjenta<\/strong>. <\/span><span class=\"text-color\">Dzi\u0119ki temu nagraniu zobaczysz, na jakie konkretnie sygna\u0142y nale\u017cy zwraca\u0107 uwag\u0119, aby od razu dostrzec nieprawid\u0142owe wzorce.<\/span><\/p>\n<h3><span style=\"color: #ed0127;\">NAGRANIE 2:<\/span> Metody badania st\u00f3p i ich zastosowanie.<\/h3>\n<p data-pm-slice=\"1 1 []\">Z tego nagrania dowiesz si\u0119, j<span class=\"text-color\">ak krok po kroku\u00a0 przeprowadzi\u0107 diagnostyk\u0119 st\u00f3p i chodu. <\/span><\/p>\n<p data-pm-slice=\"1 1 []\">A ponadto:<\/p>\n<ul>\n<li><span class=\"text-color\"> Jakich urz\u0105dze\u0144 u\u017cywa\u0107, aby diagnoza by\u0142a nie tylko szybsza, ale przede wszystkim trafna.<\/span><\/li>\n<li>Poznasz kluczowe elementy, dzi\u0119ki kt\u00f3rym uzyskasz prawid\u0142ow\u0105 diagnoz\u0119.<\/li>\n<li>Zobaczysz, jak na podstawie odbicia \u015bladu stopy zdiagnozowa\u0107 schorzenia i wady st\u00f3p takie jak: p\u0142askostopie, stopa ko\u015blawo-p\u0142aska, ko\u015blawo\u015b\u0107 palucha.<\/li>\n<li>W jakim momencie powinien by\u0107 mierzony \u0142uk, aby uzyska\u0107 konkretne informacje, <strong>niezb\u0119dne do postawienia diagnozy.<\/strong><\/li>\n<li>\u00a0Jak r\u00f3\u017cne informacje mo\u017cesz <strong>wyci\u0105gn\u0105\u0107 z badania tego samego pacjenta<\/strong> \u2013 na podstawie odbitki plantograficznej wykonanej w statyce i dynamice.<\/li>\n<\/ul>\n<h3><span style=\"color: #ed0127;\">NAGRANIE 3:<\/span> 7 krok\u00f3w diagnostyki funkcjonalnej<\/h3>\n<p data-pm-slice=\"1 1 []\"><span class=\"text-color\">W tym nagraniu poznasz autorsk\u0105 metod\u0119 dzia\u0142ania Joanny Stodolnej &#8211; Tukendorf, kt\u00f3r\u0105 wypracowa\u0142a\u00a0 krok po kroku, podczas diagnostyki pacjenta.\u00a0<\/span><\/p>\n<p><span class=\"text-color\">Dzi\u0119ki temu schematowi \u2013 zyskujesz pewno\u015b\u0107, \u017ce na pewno o niczym nie zapomnisz, oraz zwr\u00f3cisz uwag\u0119 na ma\u0142e, ale szalenie istotne szczeg\u00f3\u0142y.\u00a0<\/span><\/p>\n<p><span class=\"text-color\">To w\u0142a\u015bnie one mog\u0105 zadecydowa\u0107 o tym, czy faktycznie postawisz dobr\u0105 diagnoz\u0119. A nast\u0119pnie zastosujesz odpowiedni\u0105 terapi\u0119.\u00a0\u00a0<\/span><\/p>\n<p style=\"text-align: left;\"><span class=\"text-color\">Po tym nagraniu edukacyjnym\u00a0 zrozumiesz jak dotrze\u0107 do PRAWDZIWEJ przyczyny b\u00f3lu pacjenta i rozprawi\u0107 si\u0119 z ni\u0105 raz na zawsze.<\/span><\/p>\n<p>&nbsp;<\/p>\n<p><img loading=\"lazy\" decoding=\"async\" class=\"aligncenter wp-image-189065 size-full\" src=\"https:\/\/propedis.pl\/sklep\/wp-content\/uploads\/2022\/11\/stopa_ortopodologia.png\" alt=\"\" width=\"1280\" height=\"628\" srcset=\"https:\/\/propedis.pl\/sklep\/wp-content\/uploads\/2022\/11\/stopa_ortopodologia.png 1280w, https:\/\/propedis.pl\/sklep\/wp-content\/uploads\/2022\/11\/stopa_ortopodologia-150x74.png 150w, https:\/\/propedis.pl\/sklep\/wp-content\/uploads\/2022\/11\/stopa_ortopodologia-300x147.png 300w, https:\/\/propedis.pl\/sklep\/wp-content\/uploads\/2022\/11\/stopa_ortopodologia-1024x502.png 1024w, https:\/\/propedis.pl\/sklep\/wp-content\/uploads\/2022\/11\/stopa_ortopodologia-768x377.png 768w\" sizes=\"auto, (max-width: 1280px) 100vw, 1280px\" \/><\/p>\n<h3 style=\"text-align: center;\"><span style=\"color: #16345f;\"><strong>JOANNA STODOLNA-TUKENDORF<\/strong><\/span><\/h3>\n<p>Jestem fizjoterapeutk\u0105 nastawion\u0105\u00a0na leczenie zaburze\u0144 st\u00f3p\u00a0i\u00a0przywracanie ich prawid\u0142owej biomechaniki.<\/p>\n<p>Podczas studi\u00f3w fizjoterapii\u00a0niemal wszystkie praktyki wakacyjne odbywa\u0142am w zagranicznych o\u015brodkach\u00a0w Szwajcarii, Anglii, Niemczech, \u017ceby jednocze\u015bnie uczy\u0107 si\u0119 j\u0119zyka i fizjoterapii.\u00a0Wiele dobrych praktyk z tamtych o\u015brodk\u00f3w zastosowa\u0142am w swoich gabinetach.<\/p>\n<p>Pracuj\u0105c na\u00a0oddziale Traumatologii i Ortopedii Wojskowego Instytutu Medycznego\u00a0jednocze\u015bnie\u00a0wykonywa\u0142am t\u0142umaczenia\u00a0z j\u0119zyka angielskiego i niemieckiego\u00a0publikacji naukowych, kurs\u00f3w z zakresu terapii manualnej i konferencji dla fizjoterapeut\u00f3w i lekarzy.<\/p>\n<p>Uzyska\u0142am tytu\u0142 dr n. med.<\/p>\n<p>Rozpraw\u0119 doktorsk\u0105 pisa\u0142am na temat hipermobilno\u015bci konstytucjonalnej (wrodzonej wiotko\u015bci stawowej),\u00a0w kt\u00f3rej obecnie si\u0119 specjalizuj\u0119.<\/p>\n<div id=\"RZTmDlHeNx5Ay77wIO48ATpyTAlPu3BJ\" class=\"widget widget-text\">\n<p><strong>DLACZEGO BADAM STOPY?<\/strong><\/p>\n<\/div>\n<div id=\"uoX1TkMHJsOKdJTckTc0Bd9fvspTa2Br\" class=\"widget widget-text\">\n<p>Wed\u0142ug bada\u0144 a\u017c 80% os\u00f3b ma problemy ze stopami. Od stopy zale\u017cy praca i o\u015b stawu skokowego, kolanowego, czy biodrowego. Cz\u0119sto niewielka zmiana toru przetaczania powoduje kompensacyjne napi\u0119cie mi\u0119\u015bni uda, czy obr\u0119czy biodrowej, kt\u00f3re utrwalane latami prowadz\u0105 do zmian strukturalnych.<\/p>\n<p><img loading=\"lazy\" decoding=\"async\" class=\"alignnone wp-image-189070 size-full\" src=\"https:\/\/propedis.pl\/sklep\/wp-content\/uploads\/2022\/12\/nagrania_opinie.png\" alt=\"\" width=\"1280\" height=\"628\" srcset=\"https:\/\/propedis.pl\/sklep\/wp-content\/uploads\/2022\/12\/nagrania_opinie.png 1280w, https:\/\/propedis.pl\/sklep\/wp-content\/uploads\/2022\/12\/nagrania_opinie-150x74.png 150w, https:\/\/propedis.pl\/sklep\/wp-content\/uploads\/2022\/12\/nagrania_opinie-300x147.png 300w, https:\/\/propedis.pl\/sklep\/wp-content\/uploads\/2022\/12\/nagrania_opinie-1024x502.png 1024w, https:\/\/propedis.pl\/sklep\/wp-content\/uploads\/2022\/12\/nagrania_opinie-768x377.png 768w\" sizes=\"auto, (max-width: 1280px) 100vw, 1280px\" \/><\/p>\n<\/div>\n","protected":false},"excerpt":{"rendered":"<p>Wst\u0119p do ORTOPODOLOGII &#8211; pakiet 3 nagra\u0144 NAGRANIE 1 Badanie chodu \u2013 jak go ocenia\u0107 i na co zwraca\u0107 uwag\u0119. NAGRANIE 2: Metody badania st\u00f3p i ich zastosowanie. NAGRANIE 3: 7 krok\u00f3w diagnostyki funkcjonalnej &nbsp; Otrzymujesz dost\u0119p do trzech nagra\u0144 wideo\u00a0z nielimitowan\u0105 ilo\u015bci\u0105 odtworze\u0144! Wideo jest dost\u0119pne online (nie jest wysy\u0142ane na p\u0142ycie CD). Mo\u017cesz [&hellip;]<\/p>\n","protected":false},"featured_media":189022,"template":"","meta":{"ep_exclude_from_search":false},"product_brand":[],"product_cat":[47,438],"product_tag":[],"class_list":{"0":"post-189015","1":"product","2":"type-product","3":"status-publish","4":"has-post-thumbnail","6":"product_cat-szkolenia","7":"product_cat-nagrania-edukacyjne-i-publikacje","9":"first","10":"instock","11":"virtual","12":"taxable","13":"purchasable","14":"product-type-simple"},"yoast_head":"<!-- This site is optimized with the Yoast SEO Premium plugin v26.3 (Yoast SEO v27.2) - https:\/\/yoast.com\/product\/yoast-seo-premium-wordpress\/ -->\n<title>PAKIET 3 SZKOLE\u0143: Wst\u0119p do ORTOPODOLOGII - Pro Pedis - Profesjonalnie dla st\u00f3p<\/title>\n<meta name=\"robots\" content=\"index, follow, max-snippet:-1, max-image-preview:large, max-video-preview:-1\" \/>\n<link rel=\"canonical\" href=\"https:\/\/propedis.pl\/sklep\/produkt\/wstep-orto\/\" \/>\n<meta property=\"og:locale\" content=\"pl_PL\" \/>\n<meta property=\"og:type\" content=\"article\" \/>\n<meta property=\"og:title\" content=\"PAKIET 3 SZKOLE\u0143: Wst\u0119p do ORTOPODOLOGII\" \/>\n<meta property=\"og:description\" content=\"Wst\u0119p do ORTOPODOLOGII &#8211; pakiet 3 nagra\u0144 NAGRANIE 1 Badanie chodu \u2013 jak go ocenia\u0107 i na co zwraca\u0107 uwag\u0119. NAGRANIE 2: Metody badania st\u00f3p i ich zastosowanie. NAGRANIE 3: 7 krok\u00f3w diagnostyki funkcjonalnej &nbsp; Otrzymujesz dost\u0119p do trzech nagra\u0144 wideo\u00a0z nielimitowan\u0105 ilo\u015bci\u0105 odtworze\u0144! Wideo jest dost\u0119pne online (nie jest wysy\u0142ane na p\u0142ycie CD). Mo\u017cesz [&hellip;]\" \/>\n<meta property=\"og:url\" content=\"https:\/\/propedis.pl\/sklep\/produkt\/wstep-orto\/\" \/>\n<meta property=\"og:site_name\" content=\"Pro Pedis - Profesjonalnie dla st\u00f3p\" \/>\n<meta property=\"article:modified_time\" content=\"2025-08-12T09:44:56+00:00\" \/>\n<meta property=\"og:image\" content=\"https:\/\/propedis.pl\/sklep\/wp-content\/uploads\/2022\/11\/okl_12orto-1.png\" \/>\n\t<meta property=\"og:image:width\" content=\"1920\" \/>\n\t<meta property=\"og:image:height\" content=\"1920\" \/>\n\t<meta property=\"og:image:type\" content=\"image\/png\" \/>\n<meta name=\"twitter:card\" content=\"summary_large_image\" \/>\n<meta name=\"twitter:label1\" content=\"Szacowany czas czytania\" \/>\n\t<meta name=\"twitter:data1\" content=\"4 minuty\" \/>\n<script type=\"application\/ld+json\" class=\"yoast-schema-graph\">{\"@context\":\"https:\/\/schema.org\",\"@graph\":[{\"@type\":\"WebPage\",\"@id\":\"https:\/\/propedis.pl\/sklep\/produkt\/wstep-orto\/\",\"url\":\"https:\/\/propedis.pl\/sklep\/produkt\/wstep-orto\/\",\"name\":\"PAKIET 3 SZKOLE\u0143: Wst\u0119p do ORTOPODOLOGII - Pro Pedis - Profesjonalnie dla st\u00f3p\",\"isPartOf\":{\"@id\":\"https:\/\/propedis.pl\/sklep\/#website\"},\"primaryImageOfPage\":{\"@id\":\"https:\/\/propedis.pl\/sklep\/produkt\/wstep-orto\/#primaryimage\"},\"image\":{\"@id\":\"https:\/\/propedis.pl\/sklep\/produkt\/wstep-orto\/#primaryimage\"},\"thumbnailUrl\":\"https:\/\/propedis.pl\/sklep\/wp-content\/uploads\/2022\/11\/okl_12orto-1.png\",\"datePublished\":\"2022-12-06T18:02:23+00:00\",\"dateModified\":\"2025-08-12T09:44:56+00:00\",\"breadcrumb\":{\"@id\":\"https:\/\/propedis.pl\/sklep\/produkt\/wstep-orto\/#breadcrumb\"},\"inLanguage\":\"pl-PL\",\"potentialAction\":[{\"@type\":\"ReadAction\",\"target\":[\"https:\/\/propedis.pl\/sklep\/produkt\/wstep-orto\/\"]}]},{\"@type\":\"ImageObject\",\"inLanguage\":\"pl-PL\",\"@id\":\"https:\/\/propedis.pl\/sklep\/produkt\/wstep-orto\/#primaryimage\",\"url\":\"https:\/\/propedis.pl\/sklep\/wp-content\/uploads\/2022\/11\/okl_12orto-1.png\",\"contentUrl\":\"https:\/\/propedis.pl\/sklep\/wp-content\/uploads\/2022\/11\/okl_12orto-1.png\",\"width\":1920,\"height\":1920},{\"@type\":\"BreadcrumbList\",\"@id\":\"https:\/\/propedis.pl\/sklep\/produkt\/wstep-orto\/#breadcrumb\",\"itemListElement\":[{\"@type\":\"ListItem\",\"position\":1,\"name\":\"Strona g\u0142\u00f3wna\",\"item\":\"https:\/\/propedis.pl\/sklep\/\"},{\"@type\":\"ListItem\",\"position\":2,\"name\":\"Sklep\",\"item\":\"https:\/\/propedis.pl\/sklep\/produkty\/\"},{\"@type\":\"ListItem\",\"position\":3,\"name\":\"Kursy i szkolenia\",\"item\":\"https:\/\/propedis.pl\/sklep\/kategoria-produktu\/szkolenia\/\"},{\"@type\":\"ListItem\",\"position\":4,\"name\":\"Szkolenia online\",\"item\":\"https:\/\/propedis.pl\/sklep\/kategoria-produktu\/szkolenia\/nagrania-edukacyjne-i-publikacje\/\"},{\"@type\":\"ListItem\",\"position\":5,\"name\":\"PAKIET 3 SZKOLE\u0143: Wst\u0119p do ORTOPODOLOGII\"}]},{\"@type\":\"WebSite\",\"@id\":\"https:\/\/propedis.pl\/sklep\/#website\",\"url\":\"https:\/\/propedis.pl\/sklep\/\",\"name\":\"Pro Pedis - Profesjonalnie dla st\u00f3p\",\"description\":\"\",\"potentialAction\":[{\"@type\":\"SearchAction\",\"target\":{\"@type\":\"EntryPoint\",\"urlTemplate\":\"https:\/\/propedis.pl\/sklep\/?s={search_term_string}\"},\"query-input\":{\"@type\":\"PropertyValueSpecification\",\"valueRequired\":true,\"valueName\":\"search_term_string\"}}],\"inLanguage\":\"pl-PL\"}]}<\/script>\n<!-- \/ Yoast SEO Premium plugin. -->","yoast_head_json":{"title":"PAKIET 3 SZKOLE\u0143: Wst\u0119p do ORTOPODOLOGII - Pro Pedis - Profesjonalnie dla st\u00f3p","robots":{"index":"index","follow":"follow","max-snippet":"max-snippet:-1","max-image-preview":"max-image-preview:large","max-video-preview":"max-video-preview:-1"},"canonical":"https:\/\/propedis.pl\/sklep\/produkt\/wstep-orto\/","og_locale":"pl_PL","og_type":"article","og_title":"PAKIET 3 SZKOLE\u0143: Wst\u0119p do ORTOPODOLOGII","og_description":"Wst\u0119p do ORTOPODOLOGII &#8211; pakiet 3 nagra\u0144 NAGRANIE 1 Badanie chodu \u2013 jak go ocenia\u0107 i na co zwraca\u0107 uwag\u0119. NAGRANIE 2: Metody badania st\u00f3p i ich zastosowanie. NAGRANIE 3: 7 krok\u00f3w diagnostyki funkcjonalnej &nbsp; Otrzymujesz dost\u0119p do trzech nagra\u0144 wideo\u00a0z nielimitowan\u0105 ilo\u015bci\u0105 odtworze\u0144! Wideo jest dost\u0119pne online (nie jest wysy\u0142ane na p\u0142ycie CD). Mo\u017cesz [&hellip;]","og_url":"https:\/\/propedis.pl\/sklep\/produkt\/wstep-orto\/","og_site_name":"Pro Pedis - Profesjonalnie dla st\u00f3p","article_modified_time":"2025-08-12T09:44:56+00:00","og_image":[{"width":1920,"height":1920,"url":"https:\/\/propedis.pl\/sklep\/wp-content\/uploads\/2022\/11\/okl_12orto-1.png","type":"image\/png"}],"twitter_card":"summary_large_image","twitter_misc":{"Szacowany czas czytania":"4 minuty"},"schema":{"@context":"https:\/\/schema.org","@graph":[{"@type":"WebPage","@id":"https:\/\/propedis.pl\/sklep\/produkt\/wstep-orto\/","url":"https:\/\/propedis.pl\/sklep\/produkt\/wstep-orto\/","name":"PAKIET 3 SZKOLE\u0143: Wst\u0119p do ORTOPODOLOGII - Pro Pedis - Profesjonalnie dla st\u00f3p","isPartOf":{"@id":"https:\/\/propedis.pl\/sklep\/#website"},"primaryImageOfPage":{"@id":"https:\/\/propedis.pl\/sklep\/produkt\/wstep-orto\/#primaryimage"},"image":{"@id":"https:\/\/propedis.pl\/sklep\/produkt\/wstep-orto\/#primaryimage"},"thumbnailUrl":"https:\/\/propedis.pl\/sklep\/wp-content\/uploads\/2022\/11\/okl_12orto-1.png","datePublished":"2022-12-06T18:02:23+00:00","dateModified":"2025-08-12T09:44:56+00:00","breadcrumb":{"@id":"https:\/\/propedis.pl\/sklep\/produkt\/wstep-orto\/#breadcrumb"},"inLanguage":"pl-PL","potentialAction":[{"@type":"ReadAction","target":["https:\/\/propedis.pl\/sklep\/produkt\/wstep-orto\/"]}]},{"@type":"ImageObject","inLanguage":"pl-PL","@id":"https:\/\/propedis.pl\/sklep\/produkt\/wstep-orto\/#primaryimage","url":"https:\/\/propedis.pl\/sklep\/wp-content\/uploads\/2022\/11\/okl_12orto-1.png","contentUrl":"https:\/\/propedis.pl\/sklep\/wp-content\/uploads\/2022\/11\/okl_12orto-1.png","width":1920,"height":1920},{"@type":"BreadcrumbList","@id":"https:\/\/propedis.pl\/sklep\/produkt\/wstep-orto\/#breadcrumb","itemListElement":[{"@type":"ListItem","position":1,"name":"Strona g\u0142\u00f3wna","item":"https:\/\/propedis.pl\/sklep\/"},{"@type":"ListItem","position":2,"name":"Sklep","item":"https:\/\/propedis.pl\/sklep\/produkty\/"},{"@type":"ListItem","position":3,"name":"Kursy i szkolenia","item":"https:\/\/propedis.pl\/sklep\/kategoria-produktu\/szkolenia\/"},{"@type":"ListItem","position":4,"name":"Szkolenia online","item":"https:\/\/propedis.pl\/sklep\/kategoria-produktu\/szkolenia\/nagrania-edukacyjne-i-publikacje\/"},{"@type":"ListItem","position":5,"name":"PAKIET 3 SZKOLE\u0143: Wst\u0119p do ORTOPODOLOGII"}]},{"@type":"WebSite","@id":"https:\/\/propedis.pl\/sklep\/#website","url":"https:\/\/propedis.pl\/sklep\/","name":"Pro Pedis - Profesjonalnie dla st\u00f3p","description":"","potentialAction":[{"@type":"SearchAction","target":{"@type":"EntryPoint","urlTemplate":"https:\/\/propedis.pl\/sklep\/?s={search_term_string}"},"query-input":{"@type":"PropertyValueSpecification","valueRequired":true,"valueName":"search_term_string"}}],"inLanguage":"pl-PL"}]}},"_links":{"self":[{"href":"https:\/\/propedis.pl\/sklep\/wp-json\/wp\/v2\/product\/189015","targetHints":{"allow":["GET"]}}],"collection":[{"href":"https:\/\/propedis.pl\/sklep\/wp-json\/wp\/v2\/product"}],"about":[{"href":"https:\/\/propedis.pl\/sklep\/wp-json\/wp\/v2\/types\/product"}],"wp:featuredmedia":[{"embeddable":true,"href":"https:\/\/propedis.pl\/sklep\/wp-json\/wp\/v2\/media\/189022"}],"wp:attachment":[{"href":"https:\/\/propedis.pl\/sklep\/wp-json\/wp\/v2\/media?parent=189015"}],"wp:term":[{"taxonomy":"product_brand","embeddable":true,"href":"https:\/\/propedis.pl\/sklep\/wp-json\/wp\/v2\/product_brand?post=189015"},{"taxonomy":"product_cat","embeddable":true,"href":"https:\/\/propedis.pl\/sklep\/wp-json\/wp\/v2\/product_cat?post=189015"},{"taxonomy":"product_tag","embeddable":true,"href":"https:\/\/propedis.pl\/sklep\/wp-json\/wp\/v2\/product_tag?post=189015"}],"curies":[{"name":"wp","href":"https:\/\/api.w.org\/{rel}","templated":true}]}}