{"id":189248,"date":"2023-01-25T12:10:28","date_gmt":"2023-01-25T11:10:28","guid":{"rendered":"https:\/\/propedis.pl\/sklep\/?post_type=product&#038;p=189248"},"modified":"2026-04-23T10:29:59","modified_gmt":"2026-04-23T08:29:59","slug":"durafit-polperforowany-0-8-mm-arkusz-100x140-cm","status":"publish","type":"product","link":"https:\/\/propedis.pl\/sklep\/produkt\/durafit-polperforowany-0-8-mm-arkusz-100x140-cm\/","title":{"rendered":"DuraFit p\u00f3\u0142perforowany 0.8 mm arkusz 100&#215;140 cm"},"content":{"rendered":"","protected":false},"excerpt":{"rendered":"","protected":false},"featured_media":189254,"template":"","meta":{"ep_exclude_from_search":false},"product_brand":[],"product_cat":[405,419],"product_tag":[],"class_list":{"0":"post-189248","1":"product","2":"type-product","3":"status-publish","4":"has-post-thumbnail","6":"product_cat-materialy-i-elementy-korygujace","7":"product_cat-materialy-pokryciowe","8":"pa_kolor-bordowy","9":"pa_kolor-fioletowy","10":"pa_kolor-latte","11":"pa_kolor-niebieski","13":"first","14":"instock","15":"taxable","16":"shipping-taxable","17":"purchasable","18":"product-type-variable"},"yoast_head":"<!-- This site is optimized with the Yoast SEO Premium plugin v26.3 (Yoast SEO v27.4) - https:\/\/yoast.com\/product\/yoast-seo-premium-wordpress\/ -->\n<title>DuraFit p\u00f3\u0142perforowany 0.8 mm arkusz 100x140 cm - Pro Pedis - Profesjonalnie dla st\u00f3p<\/title>\n<meta name=\"robots\" content=\"index, follow, max-snippet:-1, max-image-preview:large, max-video-preview:-1\" \/>\n<link rel=\"canonical\" href=\"https:\/\/propedis.pl\/sklep\/produkt\/durafit-polperforowany-0-8-mm-arkusz-100x140-cm\/\" \/>\n<meta property=\"og:locale\" content=\"pl_PL\" \/>\n<meta property=\"og:type\" content=\"article\" \/>\n<meta property=\"og:title\" content=\"DuraFit p\u00f3\u0142perforowany 0.8 mm arkusz 100x140 cm\" \/>\n<meta property=\"og:url\" content=\"https:\/\/propedis.pl\/sklep\/produkt\/durafit-polperforowany-0-8-mm-arkusz-100x140-cm\/\" \/>\n<meta property=\"og:site_name\" content=\"Pro Pedis - Profesjonalnie dla st\u00f3p\" \/>\n<meta property=\"article:modified_time\" content=\"2026-04-23T08:29:59+00:00\" \/>\n<meta property=\"og:image\" content=\"https:\/\/propedis.pl\/sklep\/wp-content\/uploads\/2023\/01\/okl_durafit.png\" \/>\n\t<meta property=\"og:image:width\" content=\"1920\" \/>\n\t<meta property=\"og:image:height\" content=\"1920\" \/>\n\t<meta property=\"og:image:type\" content=\"image\/png\" \/>\n<meta name=\"twitter:card\" content=\"summary_large_image\" \/>\n<meta name=\"twitter:label1\" content=\"Szacowany czas czytania\" \/>\n\t<meta name=\"twitter:data1\" content=\"1 minuta\" \/>\n<script type=\"application\/ld+json\" class=\"yoast-schema-graph\">{\"@context\":\"https:\\\/\\\/schema.org\",\"@graph\":[{\"@type\":\"WebPage\",\"@id\":\"https:\\\/\\\/propedis.pl\\\/sklep\\\/produkt\\\/durafit-polperforowany-0-8-mm-arkusz-100x140-cm\\\/\",\"url\":\"https:\\\/\\\/propedis.pl\\\/sklep\\\/produkt\\\/durafit-polperforowany-0-8-mm-arkusz-100x140-cm\\\/\",\"name\":\"DuraFit p\u00f3\u0142perforowany 0.8 mm arkusz 100x140 cm - Pro Pedis - Profesjonalnie dla st\u00f3p\",\"isPartOf\":{\"@id\":\"https:\\\/\\\/propedis.pl\\\/sklep\\\/#website\"},\"primaryImageOfPage\":{\"@id\":\"https:\\\/\\\/propedis.pl\\\/sklep\\\/produkt\\\/durafit-polperforowany-0-8-mm-arkusz-100x140-cm\\\/#primaryimage\"},\"image\":{\"@id\":\"https:\\\/\\\/propedis.pl\\\/sklep\\\/produkt\\\/durafit-polperforowany-0-8-mm-arkusz-100x140-cm\\\/#primaryimage\"},\"thumbnailUrl\":\"https:\\\/\\\/propedis.pl\\\/sklep\\\/wp-content\\\/uploads\\\/2023\\\/01\\\/okl_durafit.png\",\"datePublished\":\"2023-01-25T11:10:28+00:00\",\"dateModified\":\"2026-04-23T08:29:59+00:00\",\"breadcrumb\":{\"@id\":\"https:\\\/\\\/propedis.pl\\\/sklep\\\/produkt\\\/durafit-polperforowany-0-8-mm-arkusz-100x140-cm\\\/#breadcrumb\"},\"inLanguage\":\"pl-PL\",\"potentialAction\":[{\"@type\":\"ReadAction\",\"target\":[\"https:\\\/\\\/propedis.pl\\\/sklep\\\/produkt\\\/durafit-polperforowany-0-8-mm-arkusz-100x140-cm\\\/\"]}]},{\"@type\":\"ImageObject\",\"inLanguage\":\"pl-PL\",\"@id\":\"https:\\\/\\\/propedis.pl\\\/sklep\\\/produkt\\\/durafit-polperforowany-0-8-mm-arkusz-100x140-cm\\\/#primaryimage\",\"url\":\"https:\\\/\\\/propedis.pl\\\/sklep\\\/wp-content\\\/uploads\\\/2023\\\/01\\\/okl_durafit.png\",\"contentUrl\":\"https:\\\/\\\/propedis.pl\\\/sklep\\\/wp-content\\\/uploads\\\/2023\\\/01\\\/okl_durafit.png\",\"width\":1920,\"height\":1920},{\"@type\":\"BreadcrumbList\",\"@id\":\"https:\\\/\\\/propedis.pl\\\/sklep\\\/produkt\\\/durafit-polperforowany-0-8-mm-arkusz-100x140-cm\\\/#breadcrumb\",\"itemListElement\":[{\"@type\":\"ListItem\",\"position\":1,\"name\":\"Strona g\u0142\u00f3wna\",\"item\":\"https:\\\/\\\/propedis.pl\\\/sklep\\\/\"},{\"@type\":\"ListItem\",\"position\":2,\"name\":\"Sklep\",\"item\":\"https:\\\/\\\/propedis.pl\\\/sklep\\\/produkty\\\/\"},{\"@type\":\"ListItem\",\"position\":3,\"name\":\"Materia\u0142y i elementy koryguj\u0105ce\",\"item\":\"https:\\\/\\\/propedis.pl\\\/sklep\\\/kategoria-produktu\\\/materialy-i-elementy-korygujace\\\/\"},{\"@type\":\"ListItem\",\"position\":4,\"name\":\"DuraFit p\u00f3\u0142perforowany 0.8 mm arkusz 100&#215;140 cm\"}]},{\"@type\":\"WebSite\",\"@id\":\"https:\\\/\\\/propedis.pl\\\/sklep\\\/#website\",\"url\":\"https:\\\/\\\/propedis.pl\\\/sklep\\\/\",\"name\":\"Pro Pedis - Profesjonalnie dla st\u00f3p\",\"description\":\"\",\"potentialAction\":[{\"@type\":\"SearchAction\",\"target\":{\"@type\":\"EntryPoint\",\"urlTemplate\":\"https:\\\/\\\/propedis.pl\\\/sklep\\\/?s={search_term_string}\"},\"query-input\":{\"@type\":\"PropertyValueSpecification\",\"valueRequired\":true,\"valueName\":\"search_term_string\"}}],\"inLanguage\":\"pl-PL\"}]}<\/script>\n<!-- \/ Yoast SEO Premium plugin. -->","yoast_head_json":{"title":"DuraFit p\u00f3\u0142perforowany 0.8 mm arkusz 100x140 cm - Pro Pedis - Profesjonalnie dla st\u00f3p","robots":{"index":"index","follow":"follow","max-snippet":"max-snippet:-1","max-image-preview":"max-image-preview:large","max-video-preview":"max-video-preview:-1"},"canonical":"https:\/\/propedis.pl\/sklep\/produkt\/durafit-polperforowany-0-8-mm-arkusz-100x140-cm\/","og_locale":"pl_PL","og_type":"article","og_title":"DuraFit p\u00f3\u0142perforowany 0.8 mm arkusz 100x140 cm","og_url":"https:\/\/propedis.pl\/sklep\/produkt\/durafit-polperforowany-0-8-mm-arkusz-100x140-cm\/","og_site_name":"Pro Pedis - Profesjonalnie dla st\u00f3p","article_modified_time":"2026-04-23T08:29:59+00:00","og_image":[{"width":1920,"height":1920,"url":"https:\/\/propedis.pl\/sklep\/wp-content\/uploads\/2023\/01\/okl_durafit.png","type":"image\/png"}],"twitter_card":"summary_large_image","twitter_misc":{"Szacowany czas czytania":"1 minuta"},"schema":{"@context":"https:\/\/schema.org","@graph":[{"@type":"WebPage","@id":"https:\/\/propedis.pl\/sklep\/produkt\/durafit-polperforowany-0-8-mm-arkusz-100x140-cm\/","url":"https:\/\/propedis.pl\/sklep\/produkt\/durafit-polperforowany-0-8-mm-arkusz-100x140-cm\/","name":"DuraFit p\u00f3\u0142perforowany 0.8 mm arkusz 100x140 cm - Pro Pedis - Profesjonalnie dla st\u00f3p","isPartOf":{"@id":"https:\/\/propedis.pl\/sklep\/#website"},"primaryImageOfPage":{"@id":"https:\/\/propedis.pl\/sklep\/produkt\/durafit-polperforowany-0-8-mm-arkusz-100x140-cm\/#primaryimage"},"image":{"@id":"https:\/\/propedis.pl\/sklep\/produkt\/durafit-polperforowany-0-8-mm-arkusz-100x140-cm\/#primaryimage"},"thumbnailUrl":"https:\/\/propedis.pl\/sklep\/wp-content\/uploads\/2023\/01\/okl_durafit.png","datePublished":"2023-01-25T11:10:28+00:00","dateModified":"2026-04-23T08:29:59+00:00","breadcrumb":{"@id":"https:\/\/propedis.pl\/sklep\/produkt\/durafit-polperforowany-0-8-mm-arkusz-100x140-cm\/#breadcrumb"},"inLanguage":"pl-PL","potentialAction":[{"@type":"ReadAction","target":["https:\/\/propedis.pl\/sklep\/produkt\/durafit-polperforowany-0-8-mm-arkusz-100x140-cm\/"]}]},{"@type":"ImageObject","inLanguage":"pl-PL","@id":"https:\/\/propedis.pl\/sklep\/produkt\/durafit-polperforowany-0-8-mm-arkusz-100x140-cm\/#primaryimage","url":"https:\/\/propedis.pl\/sklep\/wp-content\/uploads\/2023\/01\/okl_durafit.png","contentUrl":"https:\/\/propedis.pl\/sklep\/wp-content\/uploads\/2023\/01\/okl_durafit.png","width":1920,"height":1920},{"@type":"BreadcrumbList","@id":"https:\/\/propedis.pl\/sklep\/produkt\/durafit-polperforowany-0-8-mm-arkusz-100x140-cm\/#breadcrumb","itemListElement":[{"@type":"ListItem","position":1,"name":"Strona g\u0142\u00f3wna","item":"https:\/\/propedis.pl\/sklep\/"},{"@type":"ListItem","position":2,"name":"Sklep","item":"https:\/\/propedis.pl\/sklep\/produkty\/"},{"@type":"ListItem","position":3,"name":"Materia\u0142y i elementy koryguj\u0105ce","item":"https:\/\/propedis.pl\/sklep\/kategoria-produktu\/materialy-i-elementy-korygujace\/"},{"@type":"ListItem","position":4,"name":"DuraFit p\u00f3\u0142perforowany 0.8 mm arkusz 100&#215;140 cm"}]},{"@type":"WebSite","@id":"https:\/\/propedis.pl\/sklep\/#website","url":"https:\/\/propedis.pl\/sklep\/","name":"Pro Pedis - Profesjonalnie dla st\u00f3p","description":"","potentialAction":[{"@type":"SearchAction","target":{"@type":"EntryPoint","urlTemplate":"https:\/\/propedis.pl\/sklep\/?s={search_term_string}"},"query-input":{"@type":"PropertyValueSpecification","valueRequired":true,"valueName":"search_term_string"}}],"inLanguage":"pl-PL"}]}},"_links":{"self":[{"href":"https:\/\/propedis.pl\/sklep\/wp-json\/wp\/v2\/product\/189248","targetHints":{"allow":["GET"]}}],"collection":[{"href":"https:\/\/propedis.pl\/sklep\/wp-json\/wp\/v2\/product"}],"about":[{"href":"https:\/\/propedis.pl\/sklep\/wp-json\/wp\/v2\/types\/product"}],"wp:featuredmedia":[{"embeddable":true,"href":"https:\/\/propedis.pl\/sklep\/wp-json\/wp\/v2\/media\/189254"}],"wp:attachment":[{"href":"https:\/\/propedis.pl\/sklep\/wp-json\/wp\/v2\/media?parent=189248"}],"wp:term":[{"taxonomy":"product_brand","embeddable":true,"href":"https:\/\/propedis.pl\/sklep\/wp-json\/wp\/v2\/product_brand?post=189248"},{"taxonomy":"product_cat","embeddable":true,"href":"https:\/\/propedis.pl\/sklep\/wp-json\/wp\/v2\/product_cat?post=189248"},{"taxonomy":"product_tag","embeddable":true,"href":"https:\/\/propedis.pl\/sklep\/wp-json\/wp\/v2\/product_tag?post=189248"}],"curies":[{"name":"wp","href":"https:\/\/api.w.org\/{rel}","templated":true}]}}