{"id":191615,"date":"2023-07-04T14:02:42","date_gmt":"2023-07-04T12:02:42","guid":{"rendered":"https:\/\/propedis.pl\/sklep\/?post_type=product&#038;p=191615"},"modified":"2026-04-28T07:29:58","modified_gmt":"2026-04-28T05:29:58","slug":"sequoia-eco-mb873","status":"publish","type":"product","link":"https:\/\/propedis.pl\/sklep\/produkt\/sequoia-eco-mb873\/","title":{"rendered":"SEQUOIA ECO MB873"},"content":{"rendered":"<p>Baza wk\u0142adkowa dla cukrzyk\u00f3w, idealna do but\u00f3w trekkingowych oraz w przypadku zespo\u0142u stopy wra\u017cliwej. Ta wszechstronna wk\u0142adka ma r\u00f3wnie\u017c zastosowanie u os\u00f3b z <strong>odciskami czy zrogowaceniam<\/strong>i.<\/p>\n<p>Baza wk\u0142adkowa\u00a0 Sequoia Eco zosta\u0142a specjalnie zaprojektowana, aby zapewni\u0107 maksymalny <strong>komfort i ochron\u0119\u00a0 stopom.<\/strong> Jej podw\u00f3jny sztywnik sprawia, \u017ce \u015bwietnie sprawdza si\u0119 u os\u00f3b starszych, kt\u00f3re potrzebuj\u0105 dodatkowego <strong>wsparcia i stabilizacji<\/strong>.<\/p>\n<p>Ta wk\u0142adka mo\u017ce by\u0107 stosowana zamiennie do r\u00f3\u017cnych baz wk\u0142adkowych, takich jak: komfort, metatarsalgia, reumatologia, fitness\/crosfit, hiperalgezja.<\/p>\n<p>Dzi\u0119ki temu masz pewno\u015b\u0107, \u017ce znajdziesz idealne wsparcie dla swoich<strong> indywidualnych potrzeb<\/strong>.<\/p>\n<p>Podgrzewa\u0107 przez ok. 2 minuty w temperaturze 90 stopni.<\/p>\n<p>&nbsp;<\/p>\n<p>&nbsp;<\/p>\n","protected":false},"excerpt":{"rendered":"<p>Baza wk\u0142adkowa dla cukrzyk\u00f3w, idealna do but\u00f3w trekkingowych oraz w przypadku zespo\u0142u stopy wra\u017cliwej. Ta wszechstronna wk\u0142adka ma r\u00f3wnie\u017c zastosowanie u os\u00f3b z <strong>odciskami czy zrogowaceniam<\/strong>i.<\/p>\n<p>Baza wk\u0142adkowa\u00a0 Sequoia Eco zosta\u0142a specjalnie zaprojektowana, aby zapewni\u0107 maksymalny <strong>komfort i ochron\u0119\u00a0 stopom.<\/strong> Jej podw\u00f3jny sztywnik sprawia, \u017ce \u015bwietnie sprawdza si\u0119 u os\u00f3b starszych, kt\u00f3re potrzebuj\u0105 dodatkowego <strong>wsparcia i stabilizacji<\/strong>.<\/p>\n","protected":false},"featured_media":191640,"template":"","meta":{"ep_exclude_from_search":false},"product_brand":[],"product_cat":[15,69],"product_tag":[448,449,446,447],"class_list":{"0":"post-191615","1":"product","2":"type-product","3":"status-publish","4":"has-post-thumbnail","6":"product_cat-wkladki","7":"product_cat-wkladki-specjalistyczne","8":"product_tag-wkladki-do-butow","9":"product_tag-wkladki-specjalistyczne","10":"product_tag-wkladki-termoformowalne","11":"product_tag-wkladki-termoplastyczne","13":"first","14":"instock","15":"featured","16":"taxable","17":"shipping-taxable","18":"purchasable","19":"product-type-variable"},"yoast_head":"<!-- This site is optimized with the Yoast SEO Premium plugin v26.3 (Yoast SEO v27.4) - https:\/\/yoast.com\/product\/yoast-seo-premium-wordpress\/ -->\n<title>SEQUOIA ECO MB873 - Pro Pedis - Profesjonalnie dla st\u00f3p<\/title>\n<meta name=\"description\" content=\"Baza wk\u0142adkowa dla cukrzyk\u00f3w, idealna do but\u00f3w trekkingowych oraz w przypadku zespo\u0142u stopy wra\u017cliwej. Ma r\u00f3wnie\u017c zastosowanie u os\u00f3b z odciskami czy zrogowaceniami.\" \/>\n<meta name=\"robots\" content=\"index, follow, max-snippet:-1, max-image-preview:large, max-video-preview:-1\" \/>\n<link rel=\"canonical\" href=\"https:\/\/propedis.pl\/sklep\/produkt\/sequoia-eco-mb873\/\" \/>\n<meta property=\"og:locale\" content=\"pl_PL\" \/>\n<meta property=\"og:type\" content=\"article\" \/>\n<meta property=\"og:title\" content=\"SEQUOIA ECO MB873\" \/>\n<meta property=\"og:description\" content=\"Baza wk\u0142adkowa dla cukrzyk\u00f3w, idealna do but\u00f3w trekkingowych oraz w przypadku zespo\u0142u stopy wra\u017cliwej. Ma r\u00f3wnie\u017c zastosowanie u os\u00f3b z odciskami czy zrogowaceniami.\" \/>\n<meta property=\"og:url\" content=\"https:\/\/propedis.pl\/sklep\/produkt\/sequoia-eco-mb873\/\" \/>\n<meta property=\"og:site_name\" content=\"Pro Pedis - Profesjonalnie dla st\u00f3p\" \/>\n<meta property=\"article:modified_time\" content=\"2026-04-28T05:29:58+00:00\" \/>\n<meta property=\"og:image\" content=\"https:\/\/propedis.pl\/sklep\/wp-content\/uploads\/2023\/07\/MODELE-MB873_1.jpg\" \/>\n\t<meta property=\"og:image:width\" content=\"415\" \/>\n\t<meta property=\"og:image:height\" content=\"320\" \/>\n\t<meta property=\"og:image:type\" content=\"image\/jpeg\" \/>\n<meta name=\"twitter:card\" content=\"summary_large_image\" \/>\n<meta name=\"twitter:label1\" content=\"Szacowany czas czytania\" \/>\n\t<meta name=\"twitter:data1\" content=\"1 minuta\" \/>\n<script type=\"application\/ld+json\" class=\"yoast-schema-graph\">{\"@context\":\"https:\\\/\\\/schema.org\",\"@graph\":[{\"@type\":\"WebPage\",\"@id\":\"https:\\\/\\\/propedis.pl\\\/sklep\\\/produkt\\\/sequoia-eco-mb873\\\/\",\"url\":\"https:\\\/\\\/propedis.pl\\\/sklep\\\/produkt\\\/sequoia-eco-mb873\\\/\",\"name\":\"SEQUOIA ECO MB873 - Pro Pedis - Profesjonalnie dla st\u00f3p\",\"isPartOf\":{\"@id\":\"https:\\\/\\\/propedis.pl\\\/sklep\\\/#website\"},\"primaryImageOfPage\":{\"@id\":\"https:\\\/\\\/propedis.pl\\\/sklep\\\/produkt\\\/sequoia-eco-mb873\\\/#primaryimage\"},\"image\":{\"@id\":\"https:\\\/\\\/propedis.pl\\\/sklep\\\/produkt\\\/sequoia-eco-mb873\\\/#primaryimage\"},\"thumbnailUrl\":\"https:\\\/\\\/propedis.pl\\\/sklep\\\/wp-content\\\/uploads\\\/2023\\\/07\\\/MODELE-MB873_1.jpg\",\"datePublished\":\"2023-07-04T12:02:42+00:00\",\"dateModified\":\"2026-04-28T05:29:58+00:00\",\"description\":\"Baza wk\u0142adkowa dla cukrzyk\u00f3w, idealna do but\u00f3w trekkingowych oraz w przypadku zespo\u0142u stopy wra\u017cliwej. Ma r\u00f3wnie\u017c zastosowanie u os\u00f3b z odciskami czy zrogowaceniami.\",\"breadcrumb\":{\"@id\":\"https:\\\/\\\/propedis.pl\\\/sklep\\\/produkt\\\/sequoia-eco-mb873\\\/#breadcrumb\"},\"inLanguage\":\"pl-PL\",\"potentialAction\":[{\"@type\":\"ReadAction\",\"target\":[\"https:\\\/\\\/propedis.pl\\\/sklep\\\/produkt\\\/sequoia-eco-mb873\\\/\"]}]},{\"@type\":\"ImageObject\",\"inLanguage\":\"pl-PL\",\"@id\":\"https:\\\/\\\/propedis.pl\\\/sklep\\\/produkt\\\/sequoia-eco-mb873\\\/#primaryimage\",\"url\":\"https:\\\/\\\/propedis.pl\\\/sklep\\\/wp-content\\\/uploads\\\/2023\\\/07\\\/MODELE-MB873_1.jpg\",\"contentUrl\":\"https:\\\/\\\/propedis.pl\\\/sklep\\\/wp-content\\\/uploads\\\/2023\\\/07\\\/MODELE-MB873_1.jpg\",\"width\":415,\"height\":320},{\"@type\":\"BreadcrumbList\",\"@id\":\"https:\\\/\\\/propedis.pl\\\/sklep\\\/produkt\\\/sequoia-eco-mb873\\\/#breadcrumb\",\"itemListElement\":[{\"@type\":\"ListItem\",\"position\":1,\"name\":\"Strona g\u0142\u00f3wna\",\"item\":\"https:\\\/\\\/propedis.pl\\\/sklep\\\/\"},{\"@type\":\"ListItem\",\"position\":2,\"name\":\"Sklep\",\"item\":\"https:\\\/\\\/propedis.pl\\\/sklep\\\/produkty\\\/\"},{\"@type\":\"ListItem\",\"position\":3,\"name\":\"Wk\u0142adki\",\"item\":\"https:\\\/\\\/propedis.pl\\\/sklep\\\/kategoria-produktu\\\/wkladki\\\/\"},{\"@type\":\"ListItem\",\"position\":4,\"name\":\"Wk\u0142adki specjalistyczne\",\"item\":\"https:\\\/\\\/propedis.pl\\\/sklep\\\/kategoria-produktu\\\/wkladki\\\/wkladki-specjalistyczne\\\/\"},{\"@type\":\"ListItem\",\"position\":5,\"name\":\"SEQUOIA ECO MB873\"}]},{\"@type\":\"WebSite\",\"@id\":\"https:\\\/\\\/propedis.pl\\\/sklep\\\/#website\",\"url\":\"https:\\\/\\\/propedis.pl\\\/sklep\\\/\",\"name\":\"Pro Pedis - Profesjonalnie dla st\u00f3p\",\"description\":\"\",\"potentialAction\":[{\"@type\":\"SearchAction\",\"target\":{\"@type\":\"EntryPoint\",\"urlTemplate\":\"https:\\\/\\\/propedis.pl\\\/sklep\\\/?s={search_term_string}\"},\"query-input\":{\"@type\":\"PropertyValueSpecification\",\"valueRequired\":true,\"valueName\":\"search_term_string\"}}],\"inLanguage\":\"pl-PL\"}]}<\/script>\n<!-- \/ Yoast SEO Premium plugin. -->","yoast_head_json":{"title":"SEQUOIA ECO MB873 - Pro Pedis - Profesjonalnie dla st\u00f3p","description":"Baza wk\u0142adkowa dla cukrzyk\u00f3w, idealna do but\u00f3w trekkingowych oraz w przypadku zespo\u0142u stopy wra\u017cliwej. Ma r\u00f3wnie\u017c zastosowanie u os\u00f3b z odciskami czy zrogowaceniami.","robots":{"index":"index","follow":"follow","max-snippet":"max-snippet:-1","max-image-preview":"max-image-preview:large","max-video-preview":"max-video-preview:-1"},"canonical":"https:\/\/propedis.pl\/sklep\/produkt\/sequoia-eco-mb873\/","og_locale":"pl_PL","og_type":"article","og_title":"SEQUOIA ECO MB873","og_description":"Baza wk\u0142adkowa dla cukrzyk\u00f3w, idealna do but\u00f3w trekkingowych oraz w przypadku zespo\u0142u stopy wra\u017cliwej. Ma r\u00f3wnie\u017c zastosowanie u os\u00f3b z odciskami czy zrogowaceniami.","og_url":"https:\/\/propedis.pl\/sklep\/produkt\/sequoia-eco-mb873\/","og_site_name":"Pro Pedis - Profesjonalnie dla st\u00f3p","article_modified_time":"2026-04-28T05:29:58+00:00","og_image":[{"width":415,"height":320,"url":"https:\/\/propedis.pl\/sklep\/wp-content\/uploads\/2023\/07\/MODELE-MB873_1.jpg","type":"image\/jpeg"}],"twitter_card":"summary_large_image","twitter_misc":{"Szacowany czas czytania":"1 minuta"},"schema":{"@context":"https:\/\/schema.org","@graph":[{"@type":"WebPage","@id":"https:\/\/propedis.pl\/sklep\/produkt\/sequoia-eco-mb873\/","url":"https:\/\/propedis.pl\/sklep\/produkt\/sequoia-eco-mb873\/","name":"SEQUOIA ECO MB873 - Pro Pedis - Profesjonalnie dla st\u00f3p","isPartOf":{"@id":"https:\/\/propedis.pl\/sklep\/#website"},"primaryImageOfPage":{"@id":"https:\/\/propedis.pl\/sklep\/produkt\/sequoia-eco-mb873\/#primaryimage"},"image":{"@id":"https:\/\/propedis.pl\/sklep\/produkt\/sequoia-eco-mb873\/#primaryimage"},"thumbnailUrl":"https:\/\/propedis.pl\/sklep\/wp-content\/uploads\/2023\/07\/MODELE-MB873_1.jpg","datePublished":"2023-07-04T12:02:42+00:00","dateModified":"2026-04-28T05:29:58+00:00","description":"Baza wk\u0142adkowa dla cukrzyk\u00f3w, idealna do but\u00f3w trekkingowych oraz w przypadku zespo\u0142u stopy wra\u017cliwej. Ma r\u00f3wnie\u017c zastosowanie u os\u00f3b z odciskami czy zrogowaceniami.","breadcrumb":{"@id":"https:\/\/propedis.pl\/sklep\/produkt\/sequoia-eco-mb873\/#breadcrumb"},"inLanguage":"pl-PL","potentialAction":[{"@type":"ReadAction","target":["https:\/\/propedis.pl\/sklep\/produkt\/sequoia-eco-mb873\/"]}]},{"@type":"ImageObject","inLanguage":"pl-PL","@id":"https:\/\/propedis.pl\/sklep\/produkt\/sequoia-eco-mb873\/#primaryimage","url":"https:\/\/propedis.pl\/sklep\/wp-content\/uploads\/2023\/07\/MODELE-MB873_1.jpg","contentUrl":"https:\/\/propedis.pl\/sklep\/wp-content\/uploads\/2023\/07\/MODELE-MB873_1.jpg","width":415,"height":320},{"@type":"BreadcrumbList","@id":"https:\/\/propedis.pl\/sklep\/produkt\/sequoia-eco-mb873\/#breadcrumb","itemListElement":[{"@type":"ListItem","position":1,"name":"Strona g\u0142\u00f3wna","item":"https:\/\/propedis.pl\/sklep\/"},{"@type":"ListItem","position":2,"name":"Sklep","item":"https:\/\/propedis.pl\/sklep\/produkty\/"},{"@type":"ListItem","position":3,"name":"Wk\u0142adki","item":"https:\/\/propedis.pl\/sklep\/kategoria-produktu\/wkladki\/"},{"@type":"ListItem","position":4,"name":"Wk\u0142adki specjalistyczne","item":"https:\/\/propedis.pl\/sklep\/kategoria-produktu\/wkladki\/wkladki-specjalistyczne\/"},{"@type":"ListItem","position":5,"name":"SEQUOIA ECO MB873"}]},{"@type":"WebSite","@id":"https:\/\/propedis.pl\/sklep\/#website","url":"https:\/\/propedis.pl\/sklep\/","name":"Pro Pedis - Profesjonalnie dla st\u00f3p","description":"","potentialAction":[{"@type":"SearchAction","target":{"@type":"EntryPoint","urlTemplate":"https:\/\/propedis.pl\/sklep\/?s={search_term_string}"},"query-input":{"@type":"PropertyValueSpecification","valueRequired":true,"valueName":"search_term_string"}}],"inLanguage":"pl-PL"}]}},"_links":{"self":[{"href":"https:\/\/propedis.pl\/sklep\/wp-json\/wp\/v2\/product\/191615","targetHints":{"allow":["GET"]}}],"collection":[{"href":"https:\/\/propedis.pl\/sklep\/wp-json\/wp\/v2\/product"}],"about":[{"href":"https:\/\/propedis.pl\/sklep\/wp-json\/wp\/v2\/types\/product"}],"wp:featuredmedia":[{"embeddable":true,"href":"https:\/\/propedis.pl\/sklep\/wp-json\/wp\/v2\/media\/191640"}],"wp:attachment":[{"href":"https:\/\/propedis.pl\/sklep\/wp-json\/wp\/v2\/media?parent=191615"}],"wp:term":[{"taxonomy":"product_brand","embeddable":true,"href":"https:\/\/propedis.pl\/sklep\/wp-json\/wp\/v2\/product_brand?post=191615"},{"taxonomy":"product_cat","embeddable":true,"href":"https:\/\/propedis.pl\/sklep\/wp-json\/wp\/v2\/product_cat?post=191615"},{"taxonomy":"product_tag","embeddable":true,"href":"https:\/\/propedis.pl\/sklep\/wp-json\/wp\/v2\/product_tag?post=191615"}],"curies":[{"name":"wp","href":"https:\/\/api.w.org\/{rel}","templated":true}]}}