{"id":203046,"date":"2024-12-27T15:10:22","date_gmt":"2024-12-27T14:10:22","guid":{"rendered":"https:\/\/propedis.pl\/sklep\/?post_type=product&#038;p=203046"},"modified":"2026-04-23T15:56:02","modified_gmt":"2026-04-23T13:56:02","slug":"diabetologia-light-ma742","status":"publish","type":"product","link":"https:\/\/propedis.pl\/sklep\/produkt\/diabetologia-light-ma742\/","title":{"rendered":"Diabetologia Light MA742"},"content":{"rendered":"<p>Wk\u0142adka termoformowalna <strong>Diabetologia Light MA742<\/strong> jest doskona\u0142ym rozwi\u0105zaniem dla pacjent\u00f3w ze znaczn\u0105 deformacj\u0105 st\u00f3p (cz\u0119sto w przebiegu cukrzycy). Materia\u0142 Lunairmed oraz Astroform 8 zapewniaj\u0105 mocne <strong>odci\u0105\u017cenie<\/strong> w przypadku modzeli, zrogowace\u0144 oraz ran. Materia\u0142 Thermaflux daje dodatkow\u0105 <strong>amortyzacj\u0119<\/strong> pod pi\u0119t\u0105. Monoblok z Eva Light blue daje mo\u017cliwo\u015b\u0107 szlifowania odpowiedniej korekcji dla pacjent\u00f3w z<strong> ko\u015blawo\u015bci\u0105, szpotawo\u015bci\u0105<\/strong>, lub w przypadku konieczno\u015bci <strong>odci\u0105\u017cenia punktowego odcisku<\/strong>.<\/p>\n<p>Baza wk\u0142adki jest w wersji bez pokrycia co pozwala terapeucie na wprowadzenie dodatkowych modyfikacji, a pacjentowi wybrania koloru pokrycia, kt\u00f3ry b\u0119dzie mu si\u0119 podoba\u0142.<\/p>\n<p>Baza w wersji wst\u0119pnie uformowanej jest doskona\u0142ym rozwi\u0105zaniem dla pacjent\u00f3w z znaczn\u0105 deformacj\u0105 st\u00f3p (u\u017cywamy j\u0105 w przypadku pacjent\u00f3w u kt\u00f3rych formowanie na poduszkach jest utrudnione lub niemo\u017cliwe).<\/p>\n<p>Uwaga je\u015bli zamawiasz w wersji nieuformowanej to przed uformowaniem nale\u017cy sfazowa\u0107 brzegi wk\u0142adki oraz element stabilizuj\u0105cy \u015br\u00f3dstopie oraz ty\u0142ostopie.<br \/>\nWk\u0142adka termoformowalna Diabetologia Light jest solidn\u0105 wk\u0142adk\u0105, kt\u00f3ra najlepiej sprawdzi si\u0119 w butach o du\u017cej t\u0119go\u015bci.<\/p>\n","protected":false},"excerpt":{"rendered":"<p>Wk\u0142adka termoformowalna Diabetologia Light MA742 jest doskona\u0142ym rozwi\u0105zaniem dla pacjent\u00f3w ze znaczn\u0105 deformacj\u0105 st\u00f3p (cz\u0119sto w przebiegu cukrzycy). Materia\u0142 Lunairmed oraz Astroform 8 zapewniaj\u0105 mocne odci\u0105\u017cenie w przypadku modzeli, zrogowace\u0144 oraz ran. Materia\u0142 Thermaflux daje dodatkow\u0105 amortyzacj\u0119 pod pi\u0119t\u0105. Monoblok z Eva Light blue daje mo\u017cliwo\u015b\u0107 szlifowania odpowiedniej korekcji dla pacjent\u00f3w z ko\u015blawo\u015bci\u0105, szpotawo\u015bci\u0105, lub [&hellip;]<\/p>\n","protected":false},"featured_media":203116,"template":"","meta":{"ep_exclude_from_search":false},"product_brand":[],"product_cat":[15,69],"product_tag":[448,449,446,447],"class_list":{"0":"post-203046","1":"product","2":"type-product","3":"status-publish","4":"has-post-thumbnail","6":"product_cat-wkladki","7":"product_cat-wkladki-specjalistyczne","8":"product_tag-wkladki-do-butow","9":"product_tag-wkladki-specjalistyczne","10":"product_tag-wkladki-termoformowalne","11":"product_tag-wkladki-termoplastyczne","13":"first","14":"instock","15":"taxable","16":"shipping-taxable","17":"purchasable","18":"product-type-variable"},"yoast_head":"<!-- This site is optimized with the Yoast SEO Premium plugin v26.3 (Yoast SEO v27.4) - https:\/\/yoast.com\/product\/yoast-seo-premium-wordpress\/ -->\n<title>Diabetologia Light MA742 - Pro Pedis - Profesjonalnie dla st\u00f3p<\/title>\n<meta name=\"robots\" content=\"index, follow, max-snippet:-1, max-image-preview:large, max-video-preview:-1\" \/>\n<link rel=\"canonical\" href=\"https:\/\/propedis.pl\/sklep\/produkt\/diabetologia-light-ma742\/\" \/>\n<meta property=\"og:locale\" content=\"pl_PL\" \/>\n<meta property=\"og:type\" content=\"article\" \/>\n<meta property=\"og:title\" content=\"Diabetologia Light MA742\" \/>\n<meta property=\"og:description\" content=\"Wk\u0142adka termoformowalna Diabetologia Light MA742 jest doskona\u0142ym rozwi\u0105zaniem dla pacjent\u00f3w ze znaczn\u0105 deformacj\u0105 st\u00f3p (cz\u0119sto w przebiegu cukrzycy). Materia\u0142 Lunairmed oraz Astroform 8 zapewniaj\u0105 mocne odci\u0105\u017cenie w przypadku modzeli, zrogowace\u0144 oraz ran. Materia\u0142 Thermaflux daje dodatkow\u0105 amortyzacj\u0119 pod pi\u0119t\u0105. Monoblok z Eva Light blue daje mo\u017cliwo\u015b\u0107 szlifowania odpowiedniej korekcji dla pacjent\u00f3w z ko\u015blawo\u015bci\u0105, szpotawo\u015bci\u0105, lub [&hellip;]\" \/>\n<meta property=\"og:url\" content=\"https:\/\/propedis.pl\/sklep\/produkt\/diabetologia-light-ma742\/\" \/>\n<meta property=\"og:site_name\" content=\"Pro Pedis - Profesjonalnie dla st\u00f3p\" \/>\n<meta property=\"article:modified_time\" content=\"2026-04-23T13:56:02+00:00\" \/>\n<meta property=\"og:image\" content=\"https:\/\/propedis.pl\/sklep\/wp-content\/uploads\/2024\/12\/MA742-dessus-002-1024x300.png\" \/>\n\t<meta property=\"og:image:width\" content=\"1024\" \/>\n\t<meta property=\"og:image:height\" content=\"300\" \/>\n\t<meta property=\"og:image:type\" content=\"image\/png\" \/>\n<meta name=\"twitter:card\" content=\"summary_large_image\" \/>\n<meta name=\"twitter:label1\" content=\"Szacowany czas czytania\" \/>\n\t<meta name=\"twitter:data1\" content=\"2 minuty\" \/>\n<script type=\"application\/ld+json\" class=\"yoast-schema-graph\">{\"@context\":\"https:\\\/\\\/schema.org\",\"@graph\":[{\"@type\":\"WebPage\",\"@id\":\"https:\\\/\\\/propedis.pl\\\/sklep\\\/produkt\\\/diabetologia-light-ma742\\\/\",\"url\":\"https:\\\/\\\/propedis.pl\\\/sklep\\\/produkt\\\/diabetologia-light-ma742\\\/\",\"name\":\"Diabetologia Light MA742 - Pro Pedis - Profesjonalnie dla st\u00f3p\",\"isPartOf\":{\"@id\":\"https:\\\/\\\/propedis.pl\\\/sklep\\\/#website\"},\"primaryImageOfPage\":{\"@id\":\"https:\\\/\\\/propedis.pl\\\/sklep\\\/produkt\\\/diabetologia-light-ma742\\\/#primaryimage\"},\"image\":{\"@id\":\"https:\\\/\\\/propedis.pl\\\/sklep\\\/produkt\\\/diabetologia-light-ma742\\\/#primaryimage\"},\"thumbnailUrl\":\"https:\\\/\\\/propedis.pl\\\/sklep\\\/wp-content\\\/uploads\\\/2024\\\/12\\\/MA742-dessus-002.png\",\"datePublished\":\"2024-12-27T14:10:22+00:00\",\"dateModified\":\"2026-04-23T13:56:02+00:00\",\"breadcrumb\":{\"@id\":\"https:\\\/\\\/propedis.pl\\\/sklep\\\/produkt\\\/diabetologia-light-ma742\\\/#breadcrumb\"},\"inLanguage\":\"pl-PL\",\"potentialAction\":[{\"@type\":\"ReadAction\",\"target\":[\"https:\\\/\\\/propedis.pl\\\/sklep\\\/produkt\\\/diabetologia-light-ma742\\\/\"]}]},{\"@type\":\"ImageObject\",\"inLanguage\":\"pl-PL\",\"@id\":\"https:\\\/\\\/propedis.pl\\\/sklep\\\/produkt\\\/diabetologia-light-ma742\\\/#primaryimage\",\"url\":\"https:\\\/\\\/propedis.pl\\\/sklep\\\/wp-content\\\/uploads\\\/2024\\\/12\\\/MA742-dessus-002.png\",\"contentUrl\":\"https:\\\/\\\/propedis.pl\\\/sklep\\\/wp-content\\\/uploads\\\/2024\\\/12\\\/MA742-dessus-002.png\",\"width\":4236,\"height\":1242},{\"@type\":\"BreadcrumbList\",\"@id\":\"https:\\\/\\\/propedis.pl\\\/sklep\\\/produkt\\\/diabetologia-light-ma742\\\/#breadcrumb\",\"itemListElement\":[{\"@type\":\"ListItem\",\"position\":1,\"name\":\"Strona g\u0142\u00f3wna\",\"item\":\"https:\\\/\\\/propedis.pl\\\/sklep\\\/\"},{\"@type\":\"ListItem\",\"position\":2,\"name\":\"Sklep\",\"item\":\"https:\\\/\\\/propedis.pl\\\/sklep\\\/produkty\\\/\"},{\"@type\":\"ListItem\",\"position\":3,\"name\":\"Wk\u0142adki\",\"item\":\"https:\\\/\\\/propedis.pl\\\/sklep\\\/kategoria-produktu\\\/wkladki\\\/\"},{\"@type\":\"ListItem\",\"position\":4,\"name\":\"Wk\u0142adki specjalistyczne\",\"item\":\"https:\\\/\\\/propedis.pl\\\/sklep\\\/kategoria-produktu\\\/wkladki\\\/wkladki-specjalistyczne\\\/\"},{\"@type\":\"ListItem\",\"position\":5,\"name\":\"Diabetologia Light MA742\"}]},{\"@type\":\"WebSite\",\"@id\":\"https:\\\/\\\/propedis.pl\\\/sklep\\\/#website\",\"url\":\"https:\\\/\\\/propedis.pl\\\/sklep\\\/\",\"name\":\"Pro Pedis - Profesjonalnie dla st\u00f3p\",\"description\":\"\",\"potentialAction\":[{\"@type\":\"SearchAction\",\"target\":{\"@type\":\"EntryPoint\",\"urlTemplate\":\"https:\\\/\\\/propedis.pl\\\/sklep\\\/?s={search_term_string}\"},\"query-input\":{\"@type\":\"PropertyValueSpecification\",\"valueRequired\":true,\"valueName\":\"search_term_string\"}}],\"inLanguage\":\"pl-PL\"}]}<\/script>\n<!-- \/ Yoast SEO Premium plugin. -->","yoast_head_json":{"title":"Diabetologia Light MA742 - Pro Pedis - Profesjonalnie dla st\u00f3p","robots":{"index":"index","follow":"follow","max-snippet":"max-snippet:-1","max-image-preview":"max-image-preview:large","max-video-preview":"max-video-preview:-1"},"canonical":"https:\/\/propedis.pl\/sklep\/produkt\/diabetologia-light-ma742\/","og_locale":"pl_PL","og_type":"article","og_title":"Diabetologia Light MA742","og_description":"Wk\u0142adka termoformowalna Diabetologia Light MA742 jest doskona\u0142ym rozwi\u0105zaniem dla pacjent\u00f3w ze znaczn\u0105 deformacj\u0105 st\u00f3p (cz\u0119sto w przebiegu cukrzycy). Materia\u0142 Lunairmed oraz Astroform 8 zapewniaj\u0105 mocne odci\u0105\u017cenie w przypadku modzeli, zrogowace\u0144 oraz ran. Materia\u0142 Thermaflux daje dodatkow\u0105 amortyzacj\u0119 pod pi\u0119t\u0105. Monoblok z Eva Light blue daje mo\u017cliwo\u015b\u0107 szlifowania odpowiedniej korekcji dla pacjent\u00f3w z ko\u015blawo\u015bci\u0105, szpotawo\u015bci\u0105, lub [&hellip;]","og_url":"https:\/\/propedis.pl\/sklep\/produkt\/diabetologia-light-ma742\/","og_site_name":"Pro Pedis - Profesjonalnie dla st\u00f3p","article_modified_time":"2026-04-23T13:56:02+00:00","og_image":[{"width":1024,"height":300,"url":"https:\/\/propedis.pl\/sklep\/wp-content\/uploads\/2024\/12\/MA742-dessus-002-1024x300.png","type":"image\/png"}],"twitter_card":"summary_large_image","twitter_misc":{"Szacowany czas czytania":"2 minuty"},"schema":{"@context":"https:\/\/schema.org","@graph":[{"@type":"WebPage","@id":"https:\/\/propedis.pl\/sklep\/produkt\/diabetologia-light-ma742\/","url":"https:\/\/propedis.pl\/sklep\/produkt\/diabetologia-light-ma742\/","name":"Diabetologia Light MA742 - Pro Pedis - Profesjonalnie dla st\u00f3p","isPartOf":{"@id":"https:\/\/propedis.pl\/sklep\/#website"},"primaryImageOfPage":{"@id":"https:\/\/propedis.pl\/sklep\/produkt\/diabetologia-light-ma742\/#primaryimage"},"image":{"@id":"https:\/\/propedis.pl\/sklep\/produkt\/diabetologia-light-ma742\/#primaryimage"},"thumbnailUrl":"https:\/\/propedis.pl\/sklep\/wp-content\/uploads\/2024\/12\/MA742-dessus-002.png","datePublished":"2024-12-27T14:10:22+00:00","dateModified":"2026-04-23T13:56:02+00:00","breadcrumb":{"@id":"https:\/\/propedis.pl\/sklep\/produkt\/diabetologia-light-ma742\/#breadcrumb"},"inLanguage":"pl-PL","potentialAction":[{"@type":"ReadAction","target":["https:\/\/propedis.pl\/sklep\/produkt\/diabetologia-light-ma742\/"]}]},{"@type":"ImageObject","inLanguage":"pl-PL","@id":"https:\/\/propedis.pl\/sklep\/produkt\/diabetologia-light-ma742\/#primaryimage","url":"https:\/\/propedis.pl\/sklep\/wp-content\/uploads\/2024\/12\/MA742-dessus-002.png","contentUrl":"https:\/\/propedis.pl\/sklep\/wp-content\/uploads\/2024\/12\/MA742-dessus-002.png","width":4236,"height":1242},{"@type":"BreadcrumbList","@id":"https:\/\/propedis.pl\/sklep\/produkt\/diabetologia-light-ma742\/#breadcrumb","itemListElement":[{"@type":"ListItem","position":1,"name":"Strona g\u0142\u00f3wna","item":"https:\/\/propedis.pl\/sklep\/"},{"@type":"ListItem","position":2,"name":"Sklep","item":"https:\/\/propedis.pl\/sklep\/produkty\/"},{"@type":"ListItem","position":3,"name":"Wk\u0142adki","item":"https:\/\/propedis.pl\/sklep\/kategoria-produktu\/wkladki\/"},{"@type":"ListItem","position":4,"name":"Wk\u0142adki specjalistyczne","item":"https:\/\/propedis.pl\/sklep\/kategoria-produktu\/wkladki\/wkladki-specjalistyczne\/"},{"@type":"ListItem","position":5,"name":"Diabetologia Light MA742"}]},{"@type":"WebSite","@id":"https:\/\/propedis.pl\/sklep\/#website","url":"https:\/\/propedis.pl\/sklep\/","name":"Pro Pedis - Profesjonalnie dla st\u00f3p","description":"","potentialAction":[{"@type":"SearchAction","target":{"@type":"EntryPoint","urlTemplate":"https:\/\/propedis.pl\/sklep\/?s={search_term_string}"},"query-input":{"@type":"PropertyValueSpecification","valueRequired":true,"valueName":"search_term_string"}}],"inLanguage":"pl-PL"}]}},"_links":{"self":[{"href":"https:\/\/propedis.pl\/sklep\/wp-json\/wp\/v2\/product\/203046","targetHints":{"allow":["GET"]}}],"collection":[{"href":"https:\/\/propedis.pl\/sklep\/wp-json\/wp\/v2\/product"}],"about":[{"href":"https:\/\/propedis.pl\/sklep\/wp-json\/wp\/v2\/types\/product"}],"wp:featuredmedia":[{"embeddable":true,"href":"https:\/\/propedis.pl\/sklep\/wp-json\/wp\/v2\/media\/203116"}],"wp:attachment":[{"href":"https:\/\/propedis.pl\/sklep\/wp-json\/wp\/v2\/media?parent=203046"}],"wp:term":[{"taxonomy":"product_brand","embeddable":true,"href":"https:\/\/propedis.pl\/sklep\/wp-json\/wp\/v2\/product_brand?post=203046"},{"taxonomy":"product_cat","embeddable":true,"href":"https:\/\/propedis.pl\/sklep\/wp-json\/wp\/v2\/product_cat?post=203046"},{"taxonomy":"product_tag","embeddable":true,"href":"https:\/\/propedis.pl\/sklep\/wp-json\/wp\/v2\/product_tag?post=203046"}],"curies":[{"name":"wp","href":"https:\/\/api.w.org\/{rel}","templated":true}]}}