{"id":203491,"date":"2025-04-16T15:51:17","date_gmt":"2025-04-16T13:51:17","guid":{"rendered":""},"modified":"2026-04-23T09:57:56","modified_gmt":"2026-04-23T07:57:56","slug":"mentoring-biznesowy","status":"publish","type":"product","link":"https:\/\/propedis.pl\/sklep\/produkt\/mentoring-biznesowy\/","title":{"rendered":"Mentoring biznesowy z Magdalen\u0105 Koryck\u0105"},"content":{"rendered":"<h2><b>Indywidualne konsultacje biznesowe dla w\u0142a\u015bcicieli gabinet\u00f3w medycznych, fizjoterapeutycznych i podologicznych<\/b><\/h2>\n<h4><b>Czy Tw\u00f3j gabinet rozwija si\u0119 tak, jak tego oczekujesz?<\/b><\/h4>\n<p><span style=\"font-weight: 400;\">Prowadzenie gabinetu to nie tylko praca z pacjentami, ale tak\u017ce zarz\u0105dzanie zespo\u0142em, marketing, finanse i wiele innych wyzwa\u0144. Je\u015bli czujesz, \u017ce Tw\u00f3j gabinet stoi w miejscu, zmagasz si\u0119 z brakiem pacjent\u00f3w, rotacj\u0105 pracownik\u00f3w, nisk\u0105 rentowno\u015bci\u0105 lub z problemami organizacyjnymi, lub chcesz\u00a0 skalowa\u0107 gabinet?<\/span><\/p>\n<p><span style=\"font-weight: 400;\">\u00a0A mo\u017ce po prostu potrzebujesz do\u015bwiadczonego partnera do rozmowy, kt\u00f3ry pomo\u017ce Ci spojrze\u0107 na Tw\u00f3j biznes z nowej perspektywy?<\/span><\/p>\n<p><span style=\"font-weight: 400;\">Dobrze trafi\u0142e\u015b.<\/span><\/p>\n<p>&nbsp;<\/p>\n<h3><b>\ud83d\udc69\u200d\u2695\ufe0f Nazywam si\u0119 Magdalena Korycka<\/b><\/h3>\n<p><span style=\"font-weight: 400;\">Od ponad 10 lat rozwijam biznesy w bran\u017cy medycznej. Wsp\u00f3\u0142tworz\u0119 sie\u0107 klinik <\/span><b>FootMedica<\/b><span style=\"font-weight: 400;\"> oraz firm\u0119 szkoleniowo-produktow\u0105 <\/span><b>Pro Pedis<\/b><span style=\"font-weight: 400;\">, kt\u00f3ra zbudowa\u0142a og\u00f3lnopolsk\u0105 sie\u0107 ponad 50 partnerskich gabinet\u00f3w ortodpologicznych. Od zera zbudowa\u0142am firm\u0119, kt\u00f3ra dzi\u015b obs\u0142uguje tysi\u0105ce pacjent\u00f3w rocznie i wsp\u00f3\u0142pracuje z setkami specjalist\u00f3w.<\/span><\/p>\n<p><span style=\"font-weight: 400;\">Dzi\u015b dziel\u0119 si\u0119 swoim do\u015bwiadczeniem z w\u0142a\u015bcicielami gabinet\u00f3w, kt\u00f3rzy \u2013 tak jak ja kiedy\u015b \u2013 chc\u0105 stworzy\u0107 stabilny, dobrze funkcjonuj\u0105cy biznes z misj\u0105.<\/span><\/p>\n<p><span style=\"font-weight: 400;\">Przez ponad 10 lat pomog\u0142am wielu specjalistom rozwin\u0105\u0107 ich gabinety, zwi\u0119kszy\u0107 zyski i usprawni\u0107 procesy. Teraz mog\u0119 pom\u00f3c r\u00f3wnie\u017c Tobie!<\/span><\/p>\n<p>&nbsp;<\/p>\n<h3><b>\ud83d\udcac O czym mo\u017cemy porozmawia\u0107 podczas konsultacji?<\/b><\/h3>\n<p><span style=\"font-weight: 400;\">Konsultacje s\u0105 w 100% dopasowane do Ciebie i Twojej sytuacji. Podczas konsultacji skupimy si\u0119 na konkretach, dostosowuj\u0105c temat do Twoich potrzeb.\u00a0<\/span><\/p>\n<p><span style=\"font-weight: 400;\">Mo\u017cemy poruszy\u0107 m.in.:<\/span><\/p>\n<ul>\n<li style=\"font-weight: 400;\" aria-level=\"1\"><span style=\"font-weight: 400;\">Strategi\u0119 rozwoju i skalowania gabinetu<\/span><\/li>\n<li style=\"font-weight: 400;\" aria-level=\"1\"><span style=\"font-weight: 400;\">Organizacj\u0119 pracy i usprawnienie proces\u00f3w<\/span><\/li>\n<li style=\"font-weight: 400;\" aria-level=\"1\"><span style=\"font-weight: 400;\">Budowanie zespo\u0142u i motywowanie pracownik\u00f3w<\/span><\/li>\n<li style=\"font-weight: 400;\" aria-level=\"1\"><span style=\"font-weight: 400;\">Finanse: jak zwi\u0119kszy\u0107 rentowno\u015b\u0107 i zoptymalizowa\u0107 koszty<\/span><\/li>\n<li style=\"font-weight: 400;\" aria-level=\"1\"><span style=\"font-weight: 400;\">Marketing i sprzeda\u017c us\u0142ug (online i offline)<\/span><\/li>\n<li style=\"font-weight: 400;\" aria-level=\"1\"><span style=\"font-weight: 400;\">Oferta gabinetu: jak si\u0119 wyr\u00f3\u017cni\u0107 i zwi\u0119kszy\u0107 warto\u015b\u0107 us\u0142ug<\/span><\/li>\n<li style=\"font-weight: 400;\" aria-level=\"1\"><span style=\"font-weight: 400;\">Standardy obs\u0142ugi pacjenta i budowanie lojalno\u015bci<\/span><\/li>\n<li style=\"font-weight: 400;\" aria-level=\"1\"><span style=\"font-weight: 400;\">Wdro\u017cenie nowego sprz\u0119tu lub us\u0142ug i zaanga\u017cowanie zespo\u0142u<\/span><\/li>\n<\/ul>\n<p>&nbsp;<\/p>\n<h3><b>\u2705 Czy ta konsultacja jest dla Ciebie?<\/b><\/h3>\n<p><b><br \/>\n<\/b><span style=\"font-weight: 400;\"> \u2714 Masz w\u0142asny gabinet, ale nie wiesz, jak zwi\u0119kszy\u0107 liczb\u0119 pacjent\u00f3w? Masz poczucie, \u017ce Tw\u00f3j gabinet stoi w miejscu?<\/span><span style=\"font-weight: 400;\"><br \/>\n<\/span><span style=\"font-weight: 400;\"> \u2714 Zmagasz si\u0119 z problemami organizacyjnymi lub kadrowymi?<\/span><span style=\"font-weight: 400;\"><br \/>\n<\/span><span style=\"font-weight: 400;\"> \u2714 Czujesz, \u017ce Twoja firma stoi w miejscu i chcesz j\u0105 rozwija\u0107?<\/span><span style=\"font-weight: 400;\"><br \/>\n<\/span><span style=\"font-weight: 400;\"> \u2714 Chcesz zwi\u0119kszy\u0107 rentowno\u015b\u0107 i zoptymalizowa\u0107 finanse?<\/span><\/p>\n<p><span style=\"font-weight: 400;\">\u00a0Masz nowe pomys\u0142y, ale nie wiesz, jak je wdro\u017cy\u0107?<\/span><\/p>\n<p><span style=\"font-weight: 400;\">Je\u015bli odpowiedzia\u0142e\u015b \u201etak\u201d cho\u0107by na jedno z tych pyta\u0144 \u2013 <\/span><b>ta konsultacja jest dla Ciebie.<\/b><\/p>\n<p>&nbsp;<\/p>\n<p><b>\u2b50<\/b><b> Co zyskasz po konsultacji?<\/b><b><br \/>\n<\/b><span style=\"font-weight: 400;\"> \u2705 Konkretne wskaz\u00f3wki do wdro\u017cenia od razu po spotkaniu<\/span><span style=\"font-weight: 400;\"><br \/>\n<\/span><span style=\"font-weight: 400;\"> \u2705 Plan dzia\u0142ania dostosowany do Twojej sytuacji<\/span><span style=\"font-weight: 400;\"><br \/>\n<\/span><span style=\"font-weight: 400;\"> \u2705 Oszcz\u0119dno\u015b\u0107 czasu i unikni\u0119cie kosztownych b\u0142\u0119d\u00f3w<\/span><span style=\"font-weight: 400;\"><br \/>\n<\/span><span style=\"font-weight: 400;\"> \u2705 Lepsz\u0105 organizacj\u0119 pracy i wi\u0119ksz\u0105 efektywno\u015b\u0107<\/span><span style=\"font-weight: 400;\"><br \/>\n<\/span><span style=\"font-weight: 400;\"> \u2705 Wzrost liczby pacjent\u00f3w i przychod\u00f3w<\/span><\/p>\n<p><span style=\"font-weight: 400;\">Now\u0105 perspektyw\u0119 i uporz\u0105dkowanie chaosu w g\u0142owie<\/span><\/p>\n<p><span style=\"font-weight: 400;\">\u00a0\u2714 Mo\u017cliwo\u015b\u0107 przedyskutowania problem\u00f3w z osob\u0105, kt\u00f3ra \u201ezjad\u0142a z\u0119by\u201d na prowadzeniu gabinetu<\/span><\/p>\n<p>&nbsp;<\/p>\n<h3><b>\u00a0Historie sukcesu moich klient\u00f3w:<\/b><\/h3>\n<p><span style=\"font-weight: 400;\">\u201ePo konsultacjach z Magd\u0105 przebudowa\u0142am spos\u00f3b pracy recepcji. Mamy mniej chaosu, pacjenci wracaj\u0105 cz\u0119\u015bciej, a ja po raz pierwszy od miesi\u0119cy czuj\u0119, \u017ce wszystko dzia\u0142a.\u201d <\/span><\/p>\n<p><span style=\"font-weight: 400;\">\u2013 Natalia- w\u0142a\u015bcicielka gabinetu podologicznego z Opola<\/span><\/p>\n<p>&nbsp;<\/p>\n<p>&nbsp;<\/p>\n<p><span style=\"font-weight: 400;\">\u201eW ci\u0105gu 3 miesi\u0119cy po wdro\u017ceniu zmian po konsultacji, liczba pacjent\u00f3w wzros\u0142a o 40%, a ja wreszcie zrozumia\u0142em, \u017ce nie musz\u0119 robi\u0107 wszystkiego sam.\u201d<\/span><\/p>\n<p><span style=\"font-weight: 400;\"> \u2013 Marek &#8211; fizjoterapeuta, w\u0142a\u015bciciel ma\u0142ego centrum rehabilitacji<\/span><\/p>\n<p>&nbsp;<\/p>\n<h2><b>Um\u00f3w si\u0119 na bezp\u0142atn\u0105 15 minutow\u0105 rozmow\u0119 online, aby dopasowa\u0107 plan mentoringu do swoich potrzeb:<\/b><\/h2>\n<p>&nbsp;<\/p>\n<p><!-- Put this code in place where you want to display your calendar --><\/p>\n<div class=\"zencal-embed\" data-type=\"u\" data-owner=\"propedis\" data-slug=\"mentoring-biznesowy-z-magdalena-korycka\" data-primary=\"#233e8b\" data-secondary=\"#e5004b\" data-avatar=\"https:\/\/meetendly.fra1.digitaloceanspaces.com\/profile-images\/BW6vvErndLPq5dWI8seYH2KRstJWrX.jpg\" data-lang=\"pl\" data-ampm=\"0\">\n<h3><\/h3>\n<\/div>\n<p><!--\nPut this code above the closing <\/body> tag\n--><br \/>\n<script async data-cookieconsent=\"ignore\" src=\"https:\/\/app.zencal.io\/js\/embed.js?v=3.9.0\">    \n<\/script><\/p>\n","protected":false},"excerpt":{"rendered":"<p><strong data-start=\"110\" data-end=\"147\">Mentoring biznesowy \u2013 <\/strong>to indywidualna konsultacja z Magdalen\u0105 Koryck\u0105 \u2013 ekspertk\u0105 z ponad 10-letnim do\u015bwiadczeniem w rozwijaniu gabinet\u00f3w medycznych i podologicznych. Mentoring skierowany jest do w\u0142a\u015bcicieli gabinet\u00f3w, kt\u00f3rzy chc\u0105 rozwi\u0105za\u0107 konkretne problemy, zwi\u0119kszy\u0107 zyski, lepiej zarz\u0105dza\u0107 zespo\u0142em lub przygotowa\u0107 si\u0119 do skalowania dzia\u0142alno\u015bci. To praktyczne wsparcie, kt\u00f3re daje konkretne wskaz\u00f3wki, nowe spojrzenie i gotowy plan dzia\u0142ania ju\u017c po pierwszej rozmowie.<\/p>\n","protected":false},"featured_media":203753,"template":"","meta":{"ep_exclude_from_search":false},"product_brand":[],"product_cat":[47,438],"product_tag":[490,494,489,488,491,492,493],"class_list":{"0":"post-203491","1":"product","2":"type-product","3":"status-publish","4":"has-post-thumbnail","6":"product_cat-szkolenia","7":"product_cat-nagrania-edukacyjne-i-publikacje","8":"product_tag-binzes","9":"product_tag-indywidualna-konsultacja","10":"product_tag-konsultacje","11":"product_tag-mentoring","12":"product_tag-mentoring-biznesowy","13":"product_tag-optymalizacja-finansow","14":"product_tag-skalowanie-gabinetu","16":"first","17":"instock","18":"taxable","19":"shipping-taxable","20":"purchasable","21":"product-type-variable"},"yoast_head":"<!-- This site is optimized with the Yoast SEO Premium plugin v26.3 (Yoast SEO v27.4) - https:\/\/yoast.com\/product\/yoast-seo-premium-wordpress\/ -->\n<title>Mentoring biznesowy z Magdalen\u0105 Koryck\u0105 - Pro Pedis - Profesjonalnie dla st\u00f3p<\/title>\n<meta name=\"robots\" content=\"index, follow, max-snippet:-1, max-image-preview:large, max-video-preview:-1\" \/>\n<link rel=\"canonical\" href=\"https:\/\/propedis.pl\/sklep\/produkt\/mentoring-biznesowy\/\" \/>\n<meta property=\"og:locale\" content=\"pl_PL\" \/>\n<meta property=\"og:type\" content=\"article\" \/>\n<meta property=\"og:title\" content=\"Mentoring biznesowy z Magdalen\u0105 Koryck\u0105\" \/>\n<meta property=\"og:description\" content=\"Mentoring biznesowy \u2013 to indywidualna konsultacja z Magdalen\u0105 Koryck\u0105 \u2013 ekspertk\u0105 z ponad 10-letnim do\u015bwiadczeniem w rozwijaniu gabinet\u00f3w medycznych i podologicznych. Mentoring skierowany jest do w\u0142a\u015bcicieli gabinet\u00f3w, kt\u00f3rzy chc\u0105 rozwi\u0105za\u0107 konkretne problemy, zwi\u0119kszy\u0107 zyski, lepiej zarz\u0105dza\u0107 zespo\u0142em lub przygotowa\u0107 si\u0119 do skalowania dzia\u0142alno\u015bci. To praktyczne wsparcie, kt\u00f3re daje konkretne wskaz\u00f3wki, nowe spojrzenie i gotowy plan dzia\u0142ania ju\u017c po pierwszej rozmowie.\" \/>\n<meta property=\"og:url\" content=\"https:\/\/propedis.pl\/sklep\/produkt\/mentoring-biznesowy\/\" \/>\n<meta property=\"og:site_name\" content=\"Pro Pedis - Profesjonalnie dla st\u00f3p\" \/>\n<meta property=\"article:modified_time\" content=\"2026-04-23T07:57:56+00:00\" \/>\n<meta property=\"og:image\" content=\"https:\/\/propedis.pl\/sklep\/wp-content\/uploads\/2025\/04\/OP_NAGRANIE_mentoring.png\" \/>\n\t<meta property=\"og:image:width\" content=\"1920\" \/>\n\t<meta property=\"og:image:height\" content=\"1920\" \/>\n\t<meta property=\"og:image:type\" content=\"image\/png\" \/>\n<meta name=\"twitter:card\" content=\"summary_large_image\" \/>\n<meta name=\"twitter:label1\" content=\"Szacowany czas czytania\" \/>\n\t<meta name=\"twitter:data1\" content=\"4 minuty\" \/>\n<script type=\"application\/ld+json\" class=\"yoast-schema-graph\">{\"@context\":\"https:\\\/\\\/schema.org\",\"@graph\":[{\"@type\":\"WebPage\",\"@id\":\"https:\\\/\\\/propedis.pl\\\/sklep\\\/produkt\\\/mentoring-biznesowy\\\/\",\"url\":\"https:\\\/\\\/propedis.pl\\\/sklep\\\/produkt\\\/mentoring-biznesowy\\\/\",\"name\":\"Mentoring biznesowy z Magdalen\u0105 Koryck\u0105 - Pro Pedis - Profesjonalnie dla st\u00f3p\",\"isPartOf\":{\"@id\":\"https:\\\/\\\/propedis.pl\\\/sklep\\\/#website\"},\"primaryImageOfPage\":{\"@id\":\"https:\\\/\\\/propedis.pl\\\/sklep\\\/produkt\\\/mentoring-biznesowy\\\/#primaryimage\"},\"image\":{\"@id\":\"https:\\\/\\\/propedis.pl\\\/sklep\\\/produkt\\\/mentoring-biznesowy\\\/#primaryimage\"},\"thumbnailUrl\":\"https:\\\/\\\/propedis.pl\\\/sklep\\\/wp-content\\\/uploads\\\/2025\\\/04\\\/OP_NAGRANIE_mentoring.png\",\"datePublished\":\"2025-04-16T13:51:17+00:00\",\"dateModified\":\"2026-04-23T07:57:56+00:00\",\"breadcrumb\":{\"@id\":\"https:\\\/\\\/propedis.pl\\\/sklep\\\/produkt\\\/mentoring-biznesowy\\\/#breadcrumb\"},\"inLanguage\":\"pl-PL\",\"potentialAction\":[{\"@type\":\"ReadAction\",\"target\":[\"https:\\\/\\\/propedis.pl\\\/sklep\\\/produkt\\\/mentoring-biznesowy\\\/\"]}]},{\"@type\":\"ImageObject\",\"inLanguage\":\"pl-PL\",\"@id\":\"https:\\\/\\\/propedis.pl\\\/sklep\\\/produkt\\\/mentoring-biznesowy\\\/#primaryimage\",\"url\":\"https:\\\/\\\/propedis.pl\\\/sklep\\\/wp-content\\\/uploads\\\/2025\\\/04\\\/OP_NAGRANIE_mentoring.png\",\"contentUrl\":\"https:\\\/\\\/propedis.pl\\\/sklep\\\/wp-content\\\/uploads\\\/2025\\\/04\\\/OP_NAGRANIE_mentoring.png\",\"width\":1920,\"height\":1920},{\"@type\":\"BreadcrumbList\",\"@id\":\"https:\\\/\\\/propedis.pl\\\/sklep\\\/produkt\\\/mentoring-biznesowy\\\/#breadcrumb\",\"itemListElement\":[{\"@type\":\"ListItem\",\"position\":1,\"name\":\"Strona g\u0142\u00f3wna\",\"item\":\"https:\\\/\\\/propedis.pl\\\/sklep\\\/\"},{\"@type\":\"ListItem\",\"position\":2,\"name\":\"Sklep\",\"item\":\"https:\\\/\\\/propedis.pl\\\/sklep\\\/produkty\\\/\"},{\"@type\":\"ListItem\",\"position\":3,\"name\":\"Kursy i szkolenia\",\"item\":\"https:\\\/\\\/propedis.pl\\\/sklep\\\/kategoria-produktu\\\/szkolenia\\\/\"},{\"@type\":\"ListItem\",\"position\":4,\"name\":\"Mentoring biznesowy z Magdalen\u0105 Koryck\u0105\"}]},{\"@type\":\"WebSite\",\"@id\":\"https:\\\/\\\/propedis.pl\\\/sklep\\\/#website\",\"url\":\"https:\\\/\\\/propedis.pl\\\/sklep\\\/\",\"name\":\"Pro Pedis - Profesjonalnie dla st\u00f3p\",\"description\":\"\",\"potentialAction\":[{\"@type\":\"SearchAction\",\"target\":{\"@type\":\"EntryPoint\",\"urlTemplate\":\"https:\\\/\\\/propedis.pl\\\/sklep\\\/?s={search_term_string}\"},\"query-input\":{\"@type\":\"PropertyValueSpecification\",\"valueRequired\":true,\"valueName\":\"search_term_string\"}}],\"inLanguage\":\"pl-PL\"}]}<\/script>\n<!-- \/ Yoast SEO Premium plugin. -->","yoast_head_json":{"title":"Mentoring biznesowy z Magdalen\u0105 Koryck\u0105 - Pro Pedis - Profesjonalnie dla st\u00f3p","robots":{"index":"index","follow":"follow","max-snippet":"max-snippet:-1","max-image-preview":"max-image-preview:large","max-video-preview":"max-video-preview:-1"},"canonical":"https:\/\/propedis.pl\/sklep\/produkt\/mentoring-biznesowy\/","og_locale":"pl_PL","og_type":"article","og_title":"Mentoring biznesowy z Magdalen\u0105 Koryck\u0105","og_description":"Mentoring biznesowy \u2013 to indywidualna konsultacja z Magdalen\u0105 Koryck\u0105 \u2013 ekspertk\u0105 z ponad 10-letnim do\u015bwiadczeniem w rozwijaniu gabinet\u00f3w medycznych i podologicznych. Mentoring skierowany jest do w\u0142a\u015bcicieli gabinet\u00f3w, kt\u00f3rzy chc\u0105 rozwi\u0105za\u0107 konkretne problemy, zwi\u0119kszy\u0107 zyski, lepiej zarz\u0105dza\u0107 zespo\u0142em lub przygotowa\u0107 si\u0119 do skalowania dzia\u0142alno\u015bci. To praktyczne wsparcie, kt\u00f3re daje konkretne wskaz\u00f3wki, nowe spojrzenie i gotowy plan dzia\u0142ania ju\u017c po pierwszej rozmowie.","og_url":"https:\/\/propedis.pl\/sklep\/produkt\/mentoring-biznesowy\/","og_site_name":"Pro Pedis - Profesjonalnie dla st\u00f3p","article_modified_time":"2026-04-23T07:57:56+00:00","og_image":[{"width":1920,"height":1920,"url":"https:\/\/propedis.pl\/sklep\/wp-content\/uploads\/2025\/04\/OP_NAGRANIE_mentoring.png","type":"image\/png"}],"twitter_card":"summary_large_image","twitter_misc":{"Szacowany czas czytania":"4 minuty"},"schema":{"@context":"https:\/\/schema.org","@graph":[{"@type":"WebPage","@id":"https:\/\/propedis.pl\/sklep\/produkt\/mentoring-biznesowy\/","url":"https:\/\/propedis.pl\/sklep\/produkt\/mentoring-biznesowy\/","name":"Mentoring biznesowy z Magdalen\u0105 Koryck\u0105 - Pro Pedis - Profesjonalnie dla st\u00f3p","isPartOf":{"@id":"https:\/\/propedis.pl\/sklep\/#website"},"primaryImageOfPage":{"@id":"https:\/\/propedis.pl\/sklep\/produkt\/mentoring-biznesowy\/#primaryimage"},"image":{"@id":"https:\/\/propedis.pl\/sklep\/produkt\/mentoring-biznesowy\/#primaryimage"},"thumbnailUrl":"https:\/\/propedis.pl\/sklep\/wp-content\/uploads\/2025\/04\/OP_NAGRANIE_mentoring.png","datePublished":"2025-04-16T13:51:17+00:00","dateModified":"2026-04-23T07:57:56+00:00","breadcrumb":{"@id":"https:\/\/propedis.pl\/sklep\/produkt\/mentoring-biznesowy\/#breadcrumb"},"inLanguage":"pl-PL","potentialAction":[{"@type":"ReadAction","target":["https:\/\/propedis.pl\/sklep\/produkt\/mentoring-biznesowy\/"]}]},{"@type":"ImageObject","inLanguage":"pl-PL","@id":"https:\/\/propedis.pl\/sklep\/produkt\/mentoring-biznesowy\/#primaryimage","url":"https:\/\/propedis.pl\/sklep\/wp-content\/uploads\/2025\/04\/OP_NAGRANIE_mentoring.png","contentUrl":"https:\/\/propedis.pl\/sklep\/wp-content\/uploads\/2025\/04\/OP_NAGRANIE_mentoring.png","width":1920,"height":1920},{"@type":"BreadcrumbList","@id":"https:\/\/propedis.pl\/sklep\/produkt\/mentoring-biznesowy\/#breadcrumb","itemListElement":[{"@type":"ListItem","position":1,"name":"Strona g\u0142\u00f3wna","item":"https:\/\/propedis.pl\/sklep\/"},{"@type":"ListItem","position":2,"name":"Sklep","item":"https:\/\/propedis.pl\/sklep\/produkty\/"},{"@type":"ListItem","position":3,"name":"Kursy i szkolenia","item":"https:\/\/propedis.pl\/sklep\/kategoria-produktu\/szkolenia\/"},{"@type":"ListItem","position":4,"name":"Mentoring biznesowy z Magdalen\u0105 Koryck\u0105"}]},{"@type":"WebSite","@id":"https:\/\/propedis.pl\/sklep\/#website","url":"https:\/\/propedis.pl\/sklep\/","name":"Pro Pedis - Profesjonalnie dla st\u00f3p","description":"","potentialAction":[{"@type":"SearchAction","target":{"@type":"EntryPoint","urlTemplate":"https:\/\/propedis.pl\/sklep\/?s={search_term_string}"},"query-input":{"@type":"PropertyValueSpecification","valueRequired":true,"valueName":"search_term_string"}}],"inLanguage":"pl-PL"}]}},"_links":{"self":[{"href":"https:\/\/propedis.pl\/sklep\/wp-json\/wp\/v2\/product\/203491","targetHints":{"allow":["GET"]}}],"collection":[{"href":"https:\/\/propedis.pl\/sklep\/wp-json\/wp\/v2\/product"}],"about":[{"href":"https:\/\/propedis.pl\/sklep\/wp-json\/wp\/v2\/types\/product"}],"wp:featuredmedia":[{"embeddable":true,"href":"https:\/\/propedis.pl\/sklep\/wp-json\/wp\/v2\/media\/203753"}],"wp:attachment":[{"href":"https:\/\/propedis.pl\/sklep\/wp-json\/wp\/v2\/media?parent=203491"}],"wp:term":[{"taxonomy":"product_brand","embeddable":true,"href":"https:\/\/propedis.pl\/sklep\/wp-json\/wp\/v2\/product_brand?post=203491"},{"taxonomy":"product_cat","embeddable":true,"href":"https:\/\/propedis.pl\/sklep\/wp-json\/wp\/v2\/product_cat?post=203491"},{"taxonomy":"product_tag","embeddable":true,"href":"https:\/\/propedis.pl\/sklep\/wp-json\/wp\/v2\/product_tag?post=203491"}],"curies":[{"name":"wp","href":"https:\/\/api.w.org\/{rel}","templated":true}]}}