{"id":203506,"date":"2025-04-22T20:21:15","date_gmt":"2025-04-22T18:21:15","guid":{"rendered":"https:\/\/propedis.pl\/sklep\/produkt\/chili-pepper-mc246\/"},"modified":"2026-04-23T19:20:54","modified_gmt":"2026-04-23T17:20:54","slug":"chili-pepper-mc246","status":"publish","type":"product","link":"https:\/\/propedis.pl\/sklep\/produkt\/chili-pepper-mc246\/","title":{"rendered":"CHILI PEPPER (MC246)"},"content":{"rendered":"<p>Wk\u0142adka termoformowalna <strong>CHILI PEPPER (MC246)\u00a0<\/strong> jest przeznaczona dla pacjent\u00f3w z nast\u0119puj\u0105cymi dolegliwo\u015bciami: ko\u015blawo\u015b\u0107 stawu skokowego, kolanowego, szpotawo\u015b\u0107 stopy, stopa p\u0142aska elastyczna i niewielkie deformacje w obr\u0119bie przodostopia. Wk\u0142adka posiada <strong>podw\u00f3jny sztywnik<\/strong> z materia\u0142u NovaFlux rougr 1.5 mm oraz materia\u0142u NovaFlux grise 1.2 mm.\u00a0 Mimo swoich w\u0142a\u015bciwo\u015bci korekcyjnych nadal jest cienka i wygodna.<\/p>\n<p>&nbsp;<\/p>\n<p>Baza wk\u0142adki jest bez pokrycia, wi\u0119c nawet wymagaj\u0105cy pacjent b\u0119dzie zadowolony dostaj\u0105c mo\u017cliwo\u015bci wyboru koloru pokrycia. Wk\u0142adka do zastosowania w wi\u0119kszo\u015bci <strong>but\u00f3w miejskich, adidas\u00f3w, mokasyn, p\u00f3\u0142but\u00f3w, botk\u00f3w.<\/strong><\/p>\n<p>&nbsp;<\/p>\n<p>Wk\u0142adka CHILI PEPPER jest jedn\u0105 z najbardziej uniwersalnych wk\u0142adek. Wyst\u0119puje na <strong>wykrojniku damskim i m\u0119skim<\/strong>. Ten model mo\u017ce by\u0107 zamiennie stosowany z wk\u0142adkami: <strong>Brit, Norit, Transpaflux oraz Urban.<\/strong><\/p>\n<p>&nbsp;<\/p>\n<p>Podgrza\u0107 przez oko\u0142o 1 :30 minuty w temperaturze grzania 80 \u00b0C.<\/p>\n<p>&nbsp;<\/p>\n","protected":false},"excerpt":{"rendered":"<p>Wk\u0142adka termoformowalna CHILI PEPPER (MC246)\u00a0 jest przeznaczona dla pacjent\u00f3w z nast\u0119puj\u0105cymi dolegliwo\u015bciami: ko\u015blawo\u015b\u0107 stawu skokowego, kolanowego, szpotawo\u015b\u0107 stopy, stopa p\u0142aska elastyczna i niewielkie deformacje w obr\u0119bie przodostopia. Wk\u0142adka posiada podw\u00f3jny sztywnik z materia\u0142u NovaFlux rougr 1.5 mm oraz materia\u0142u NovaFlux grise 1.2 mm.\u00a0 Mimo swoich w\u0142a\u015bciwo\u015bci korekcyjnych nadal jest cienka i wygodna. &nbsp; Baza wk\u0142adki [&hellip;]<\/p>\n","protected":false},"featured_media":203528,"template":"","meta":{"ep_exclude_from_search":false},"product_brand":[],"product_cat":[15,69],"product_tag":[448,449,446,447],"class_list":{"0":"post-203506","1":"product","2":"type-product","3":"status-publish","4":"has-post-thumbnail","6":"product_cat-wkladki","7":"product_cat-wkladki-specjalistyczne","8":"product_tag-wkladki-do-butow","9":"product_tag-wkladki-specjalistyczne","10":"product_tag-wkladki-termoformowalne","11":"product_tag-wkladki-termoplastyczne","13":"first","14":"instock","15":"featured","16":"taxable","17":"shipping-taxable","18":"purchasable","19":"product-type-variable"},"yoast_head":"<!-- This site is optimized with the Yoast SEO Premium plugin v26.3 (Yoast SEO v27.4) - https:\/\/yoast.com\/product\/yoast-seo-premium-wordpress\/ -->\n<title>CHILI PEPPER (MC246) - Pro Pedis - Profesjonalnie dla st\u00f3p<\/title>\n<meta name=\"robots\" content=\"index, follow, max-snippet:-1, max-image-preview:large, max-video-preview:-1\" \/>\n<link rel=\"canonical\" href=\"https:\/\/propedis.pl\/sklep\/produkt\/chili-pepper-mc246\/\" \/>\n<meta property=\"og:locale\" content=\"pl_PL\" \/>\n<meta property=\"og:type\" content=\"article\" \/>\n<meta property=\"og:title\" content=\"CHILI PEPPER (MC246)\" \/>\n<meta property=\"og:description\" content=\"Wk\u0142adka termoformowalna CHILI PEPPER (MC246)\u00a0 jest przeznaczona dla pacjent\u00f3w z nast\u0119puj\u0105cymi dolegliwo\u015bciami: ko\u015blawo\u015b\u0107 stawu skokowego, kolanowego, szpotawo\u015b\u0107 stopy, stopa p\u0142aska elastyczna i niewielkie deformacje w obr\u0119bie przodostopia. Wk\u0142adka posiada podw\u00f3jny sztywnik z materia\u0142u NovaFlux rougr 1.5 mm oraz materia\u0142u NovaFlux grise 1.2 mm.\u00a0 Mimo swoich w\u0142a\u015bciwo\u015bci korekcyjnych nadal jest cienka i wygodna. &nbsp; Baza wk\u0142adki [&hellip;]\" \/>\n<meta property=\"og:url\" content=\"https:\/\/propedis.pl\/sklep\/produkt\/chili-pepper-mc246\/\" \/>\n<meta property=\"og:site_name\" content=\"Pro Pedis - Profesjonalnie dla st\u00f3p\" \/>\n<meta property=\"article:modified_time\" content=\"2026-04-23T17:20:54+00:00\" \/>\n<meta property=\"og:image\" content=\"https:\/\/propedis.pl\/sklep\/wp-content\/uploads\/2025\/04\/SEMELLE-CHILI-PEPPER-dessus_-002-scaled.png\" \/>\n\t<meta property=\"og:image:width\" content=\"2560\" \/>\n\t<meta property=\"og:image:height\" content=\"711\" \/>\n\t<meta property=\"og:image:type\" content=\"image\/png\" \/>\n<meta name=\"twitter:card\" content=\"summary_large_image\" \/>\n<meta name=\"twitter:label1\" content=\"Szacowany czas czytania\" \/>\n\t<meta name=\"twitter:data1\" content=\"1 minuta\" \/>\n<script type=\"application\/ld+json\" class=\"yoast-schema-graph\">{\"@context\":\"https:\\\/\\\/schema.org\",\"@graph\":[{\"@type\":\"WebPage\",\"@id\":\"https:\\\/\\\/propedis.pl\\\/sklep\\\/produkt\\\/chili-pepper-mc246\\\/\",\"url\":\"https:\\\/\\\/propedis.pl\\\/sklep\\\/produkt\\\/chili-pepper-mc246\\\/\",\"name\":\"CHILI PEPPER (MC246) - Pro Pedis - Profesjonalnie dla st\u00f3p\",\"isPartOf\":{\"@id\":\"https:\\\/\\\/propedis.pl\\\/sklep\\\/#website\"},\"primaryImageOfPage\":{\"@id\":\"https:\\\/\\\/propedis.pl\\\/sklep\\\/produkt\\\/chili-pepper-mc246\\\/#primaryimage\"},\"image\":{\"@id\":\"https:\\\/\\\/propedis.pl\\\/sklep\\\/produkt\\\/chili-pepper-mc246\\\/#primaryimage\"},\"thumbnailUrl\":\"https:\\\/\\\/propedis.pl\\\/sklep\\\/wp-content\\\/uploads\\\/2025\\\/04\\\/SEMELLE-CHILI-PEPPER-dessus_-002-scaled.png\",\"datePublished\":\"2025-04-22T18:21:15+00:00\",\"dateModified\":\"2026-04-23T17:20:54+00:00\",\"breadcrumb\":{\"@id\":\"https:\\\/\\\/propedis.pl\\\/sklep\\\/produkt\\\/chili-pepper-mc246\\\/#breadcrumb\"},\"inLanguage\":\"pl-PL\",\"potentialAction\":[{\"@type\":\"ReadAction\",\"target\":[\"https:\\\/\\\/propedis.pl\\\/sklep\\\/produkt\\\/chili-pepper-mc246\\\/\"]}]},{\"@type\":\"ImageObject\",\"inLanguage\":\"pl-PL\",\"@id\":\"https:\\\/\\\/propedis.pl\\\/sklep\\\/produkt\\\/chili-pepper-mc246\\\/#primaryimage\",\"url\":\"https:\\\/\\\/propedis.pl\\\/sklep\\\/wp-content\\\/uploads\\\/2025\\\/04\\\/SEMELLE-CHILI-PEPPER-dessus_-002-scaled.png\",\"contentUrl\":\"https:\\\/\\\/propedis.pl\\\/sklep\\\/wp-content\\\/uploads\\\/2025\\\/04\\\/SEMELLE-CHILI-PEPPER-dessus_-002-scaled.png\",\"width\":2560,\"height\":711},{\"@type\":\"BreadcrumbList\",\"@id\":\"https:\\\/\\\/propedis.pl\\\/sklep\\\/produkt\\\/chili-pepper-mc246\\\/#breadcrumb\",\"itemListElement\":[{\"@type\":\"ListItem\",\"position\":1,\"name\":\"Strona g\u0142\u00f3wna\",\"item\":\"https:\\\/\\\/propedis.pl\\\/sklep\\\/\"},{\"@type\":\"ListItem\",\"position\":2,\"name\":\"Sklep\",\"item\":\"https:\\\/\\\/propedis.pl\\\/sklep\\\/produkty\\\/\"},{\"@type\":\"ListItem\",\"position\":3,\"name\":\"Wk\u0142adki\",\"item\":\"https:\\\/\\\/propedis.pl\\\/sklep\\\/kategoria-produktu\\\/wkladki\\\/\"},{\"@type\":\"ListItem\",\"position\":4,\"name\":\"Wk\u0142adki specjalistyczne\",\"item\":\"https:\\\/\\\/propedis.pl\\\/sklep\\\/kategoria-produktu\\\/wkladki\\\/wkladki-specjalistyczne\\\/\"},{\"@type\":\"ListItem\",\"position\":5,\"name\":\"CHILI PEPPER (MC246)\"}]},{\"@type\":\"WebSite\",\"@id\":\"https:\\\/\\\/propedis.pl\\\/sklep\\\/#website\",\"url\":\"https:\\\/\\\/propedis.pl\\\/sklep\\\/\",\"name\":\"Pro Pedis - Profesjonalnie dla st\u00f3p\",\"description\":\"\",\"potentialAction\":[{\"@type\":\"SearchAction\",\"target\":{\"@type\":\"EntryPoint\",\"urlTemplate\":\"https:\\\/\\\/propedis.pl\\\/sklep\\\/?s={search_term_string}\"},\"query-input\":{\"@type\":\"PropertyValueSpecification\",\"valueRequired\":true,\"valueName\":\"search_term_string\"}}],\"inLanguage\":\"pl-PL\"}]}<\/script>\n<!-- \/ Yoast SEO Premium plugin. -->","yoast_head_json":{"title":"CHILI PEPPER (MC246) - Pro Pedis - Profesjonalnie dla st\u00f3p","robots":{"index":"index","follow":"follow","max-snippet":"max-snippet:-1","max-image-preview":"max-image-preview:large","max-video-preview":"max-video-preview:-1"},"canonical":"https:\/\/propedis.pl\/sklep\/produkt\/chili-pepper-mc246\/","og_locale":"pl_PL","og_type":"article","og_title":"CHILI PEPPER (MC246)","og_description":"Wk\u0142adka termoformowalna CHILI PEPPER (MC246)\u00a0 jest przeznaczona dla pacjent\u00f3w z nast\u0119puj\u0105cymi dolegliwo\u015bciami: ko\u015blawo\u015b\u0107 stawu skokowego, kolanowego, szpotawo\u015b\u0107 stopy, stopa p\u0142aska elastyczna i niewielkie deformacje w obr\u0119bie przodostopia. Wk\u0142adka posiada podw\u00f3jny sztywnik z materia\u0142u NovaFlux rougr 1.5 mm oraz materia\u0142u NovaFlux grise 1.2 mm.\u00a0 Mimo swoich w\u0142a\u015bciwo\u015bci korekcyjnych nadal jest cienka i wygodna. &nbsp; Baza wk\u0142adki [&hellip;]","og_url":"https:\/\/propedis.pl\/sklep\/produkt\/chili-pepper-mc246\/","og_site_name":"Pro Pedis - Profesjonalnie dla st\u00f3p","article_modified_time":"2026-04-23T17:20:54+00:00","og_image":[{"width":2560,"height":711,"url":"https:\/\/propedis.pl\/sklep\/wp-content\/uploads\/2025\/04\/SEMELLE-CHILI-PEPPER-dessus_-002-scaled.png","type":"image\/png"}],"twitter_card":"summary_large_image","twitter_misc":{"Szacowany czas czytania":"1 minuta"},"schema":{"@context":"https:\/\/schema.org","@graph":[{"@type":"WebPage","@id":"https:\/\/propedis.pl\/sklep\/produkt\/chili-pepper-mc246\/","url":"https:\/\/propedis.pl\/sklep\/produkt\/chili-pepper-mc246\/","name":"CHILI PEPPER (MC246) - Pro Pedis - Profesjonalnie dla st\u00f3p","isPartOf":{"@id":"https:\/\/propedis.pl\/sklep\/#website"},"primaryImageOfPage":{"@id":"https:\/\/propedis.pl\/sklep\/produkt\/chili-pepper-mc246\/#primaryimage"},"image":{"@id":"https:\/\/propedis.pl\/sklep\/produkt\/chili-pepper-mc246\/#primaryimage"},"thumbnailUrl":"https:\/\/propedis.pl\/sklep\/wp-content\/uploads\/2025\/04\/SEMELLE-CHILI-PEPPER-dessus_-002-scaled.png","datePublished":"2025-04-22T18:21:15+00:00","dateModified":"2026-04-23T17:20:54+00:00","breadcrumb":{"@id":"https:\/\/propedis.pl\/sklep\/produkt\/chili-pepper-mc246\/#breadcrumb"},"inLanguage":"pl-PL","potentialAction":[{"@type":"ReadAction","target":["https:\/\/propedis.pl\/sklep\/produkt\/chili-pepper-mc246\/"]}]},{"@type":"ImageObject","inLanguage":"pl-PL","@id":"https:\/\/propedis.pl\/sklep\/produkt\/chili-pepper-mc246\/#primaryimage","url":"https:\/\/propedis.pl\/sklep\/wp-content\/uploads\/2025\/04\/SEMELLE-CHILI-PEPPER-dessus_-002-scaled.png","contentUrl":"https:\/\/propedis.pl\/sklep\/wp-content\/uploads\/2025\/04\/SEMELLE-CHILI-PEPPER-dessus_-002-scaled.png","width":2560,"height":711},{"@type":"BreadcrumbList","@id":"https:\/\/propedis.pl\/sklep\/produkt\/chili-pepper-mc246\/#breadcrumb","itemListElement":[{"@type":"ListItem","position":1,"name":"Strona g\u0142\u00f3wna","item":"https:\/\/propedis.pl\/sklep\/"},{"@type":"ListItem","position":2,"name":"Sklep","item":"https:\/\/propedis.pl\/sklep\/produkty\/"},{"@type":"ListItem","position":3,"name":"Wk\u0142adki","item":"https:\/\/propedis.pl\/sklep\/kategoria-produktu\/wkladki\/"},{"@type":"ListItem","position":4,"name":"Wk\u0142adki specjalistyczne","item":"https:\/\/propedis.pl\/sklep\/kategoria-produktu\/wkladki\/wkladki-specjalistyczne\/"},{"@type":"ListItem","position":5,"name":"CHILI PEPPER (MC246)"}]},{"@type":"WebSite","@id":"https:\/\/propedis.pl\/sklep\/#website","url":"https:\/\/propedis.pl\/sklep\/","name":"Pro Pedis - Profesjonalnie dla st\u00f3p","description":"","potentialAction":[{"@type":"SearchAction","target":{"@type":"EntryPoint","urlTemplate":"https:\/\/propedis.pl\/sklep\/?s={search_term_string}"},"query-input":{"@type":"PropertyValueSpecification","valueRequired":true,"valueName":"search_term_string"}}],"inLanguage":"pl-PL"}]}},"_links":{"self":[{"href":"https:\/\/propedis.pl\/sklep\/wp-json\/wp\/v2\/product\/203506","targetHints":{"allow":["GET"]}}],"collection":[{"href":"https:\/\/propedis.pl\/sklep\/wp-json\/wp\/v2\/product"}],"about":[{"href":"https:\/\/propedis.pl\/sklep\/wp-json\/wp\/v2\/types\/product"}],"wp:featuredmedia":[{"embeddable":true,"href":"https:\/\/propedis.pl\/sklep\/wp-json\/wp\/v2\/media\/203528"}],"wp:attachment":[{"href":"https:\/\/propedis.pl\/sklep\/wp-json\/wp\/v2\/media?parent=203506"}],"wp:term":[{"taxonomy":"product_brand","embeddable":true,"href":"https:\/\/propedis.pl\/sklep\/wp-json\/wp\/v2\/product_brand?post=203506"},{"taxonomy":"product_cat","embeddable":true,"href":"https:\/\/propedis.pl\/sklep\/wp-json\/wp\/v2\/product_cat?post=203506"},{"taxonomy":"product_tag","embeddable":true,"href":"https:\/\/propedis.pl\/sklep\/wp-json\/wp\/v2\/product_tag?post=203506"}],"curies":[{"name":"wp","href":"https:\/\/api.w.org\/{rel}","templated":true}]}}