{"id":203530,"date":"2025-04-23T15:07:06","date_gmt":"2025-04-23T13:07:06","guid":{"rendered":""},"modified":"2026-04-14T12:53:15","modified_gmt":"2026-04-14T10:53:15","slug":"badanie-podologiczne-szkolenie-z-obslugi-podoskopu-i-plantografu","status":"publish","type":"product","link":"https:\/\/propedis.pl\/sklep\/produkt\/badanie-podologiczne-szkolenie-z-obslugi-podoskopu-i-plantografu\/","title":{"rendered":"Badanie podologiczne &#8211; szkolenie z obs\u0142ugi podoskopu i plantografu"},"content":{"rendered":"<h2>Badanie podologiczne &#8211; szkolenie z obs\u0142ugi podoskopu i plantografu<\/h2>\n<div class=\"TypographyPresentation TypographyPresentation--medium RichText3-paragraph--withVSpacingNormal RichText3-paragraph HighlightSol HighlightSol--buildingBlock\"><strong>Zdob\u0105d\u017a praktyczne i teoretyczne fundamenty diagnostyki ortopodologicznej<\/strong><\/div>\n<div class=\"TypographyPresentation TypographyPresentation--medium RichText3-paragraph--withVSpacingNormal RichText3-paragraph HighlightSol HighlightSol--buildingBlock\"><\/div>\n<div class=\"TypographyPresentation TypographyPresentation--medium RichText3-paragraph--withVSpacingNormal RichText3-paragraph HighlightSol HighlightSol--buildingBlock\">Szkolenie kompleksowo wprowadzi ci\u0119 do badania st\u00f3p w uj\u0119ciu ortopodologicznym. Jest skierowane do podolog\u00f3w, fizjoterapeut\u00f3w, ortoped\u00f3w i innych specjalist\u00f3w pracuj\u0105cych z narz\u0105dem ruchu. Otrzymasz gotowy i wielokrotnie przetestowany schemat badania na przyrz\u0105dach: podoskopie, plantografie. A tak\u017ce badania statyczne i dynamiczne.<\/div>\n<div class=\"TypographyPresentation TypographyPresentation--medium RichText3-paragraph--withVSpacingNormal RichText3-paragraph HighlightSol HighlightSol--buildingBlock\"><\/div>\n<div class=\"TypographyPresentation TypographyPresentation--medium RichText3-paragraph--withVSpacingNormal RichText3-paragraph HighlightSol HighlightSol--buildingBlock\">W szkoleniu znajdziesz szczeg\u00f3\u0142owo om\u00f3wione zagadnienia:<\/div>\n<div class=\"TypographyPresentation TypographyPresentation--medium RichText3-paragraph--withVSpacingNormal RichText3-paragraph HighlightSol HighlightSol--buildingBlock\"><\/div>\n<div class=\"TypographyPresentation TypographyPresentation--medium RichText3-paragraph--withVSpacingNormal RichText3-paragraph HighlightSol HighlightSol--buildingBlock\"><img decoding=\"async\" class=\"Emoji\" title=\":small_blue_diamond:\" src=\"data:image\/png;base64,iVBORw0KGgoAAAANSUhEUgAAAAEAAAABCAQAAAC1HAwCAAAAC0lEQVR42mNgYAAAAAMAASsJTYQAAAAASUVORK5CYII=\" alt=\"\ud83d\udd39\" \/>\u00a0<a href=\"https:\/\/propedis.pl\/sklep\/produkt\/podoskop-capron\/\"><strong>Podoskop<\/strong><\/a> \u2013 nauczysz si\u0119 wykorzystywa\u0107 to narz\u0119dzie do oceny statycznej i dynamicznej postawy oraz obci\u0105\u017cenia st\u00f3p, analizuj\u0105c \u0142uki, symetri\u0119, stawy i postaw\u0119 ca\u0142ego cia\u0142a. Om\u00f3wimy te\u017c testy dynamiczne.<\/div>\n<div class=\"TypographyPresentation TypographyPresentation--medium RichText3-paragraph--withVSpacingNormal RichText3-paragraph HighlightSol HighlightSol--buildingBlock\"><img decoding=\"async\" class=\"Emoji\" title=\":small_blue_diamond:\" src=\"data:image\/png;base64,iVBORw0KGgoAAAANSUhEUgAAAAEAAAABCAQAAAC1HAwCAAAAC0lEQVR42mNgYAAAAAMAASsJTYQAAAAASUVORK5CYII=\" alt=\"\ud83d\udd39\" \/>\u00a0<a href=\"https:\/\/propedis.pl\/sklep\/produkt\/plantograf-2-stopy-25-arkuszy\/\"><strong>Plantokonturograf<\/strong><\/a>\u00a0\u2013 poznasz metod\u0119 wykonywania odbitki podeszwowej cz\u0119\u015bci stopy, analiz\u0119 stref obci\u0105\u017cenia i kszta\u0142tu stopy w warunkach statycznych i dynamicznych, co pozwoli Ci projektowa\u0107 skuteczne wk\u0142adki indywidualne.<\/div>\n<div class=\"TypographyPresentation TypographyPresentation--medium RichText3-paragraph--withVSpacingNormal RichText3-paragraph HighlightSol HighlightSol--buildingBlock\"><img decoding=\"async\" class=\"Emoji\" title=\":small_blue_diamond:\" src=\"data:image\/png;base64,iVBORw0KGgoAAAANSUhEUgAAAAEAAAABCAQAAAC1HAwCAAAAC0lEQVR42mNgYAAAAAMAASsJTYQAAAAASUVORK5CYII=\" alt=\"\ud83d\udd39\" \/>\u00a0<strong>Analiza wzorca zu\u017cycia obuwia<\/strong>\u00a0\u2013 dowiesz si\u0119, jak odczytywa\u0107 \u015blady na podeszwach but\u00f3w pacjent\u00f3w, by wykrywa\u0107 asymetrie chodu, przeci\u0105\u017cenia i nieprawid\u0142owe wzorce ruchowe.<\/div>\n<div class=\"TypographyPresentation TypographyPresentation--medium RichText3-paragraph--withVSpacingNormal RichText3-paragraph HighlightSol HighlightSol--buildingBlock\"><img decoding=\"async\" class=\"Emoji\" title=\":small_blue_diamond:\" src=\"data:image\/png;base64,iVBORw0KGgoAAAANSUhEUgAAAAEAAAABCAQAAAC1HAwCAAAAC0lEQVR42mNgYAAAAAMAASsJTYQAAAAASUVORK5CYII=\" alt=\"\ud83d\udd39\" \/>\u00a0<strong>Przygotowanie pacjenta i sprz\u0119tu<\/strong>\u00a0\u2013 zrozumiesz znaczenie dezynfekcji, ustawienia pacjenta oraz komunikacji, kt\u00f3re zapewniaj\u0105 bezpiecze\u0144stwo i komfort badania.<\/div>\n<div class=\"TypographyPresentation TypographyPresentation--medium RichText3-paragraph--withVSpacingNormal RichText3-paragraph HighlightSol HighlightSol--buildingBlock\"><img decoding=\"async\" class=\"Emoji\" title=\":small_blue_diamond:\" src=\"data:image\/png;base64,iVBORw0KGgoAAAANSUhEUgAAAAEAAAABCAQAAAC1HAwCAAAAC0lEQVR42mNgYAAAAAMAASsJTYQAAAAASUVORK5CYII=\" alt=\"\ud83d\udd39\" \/>\u00a0<strong>Integracja z diagnostyk\u0105 kliniczn\u0105<\/strong>\u00a0\u2013 dowiesz si\u0119, jak \u0142\u0105czy\u0107 dane z bada\u0144 instrumentalnych z badaniem manualnym i wywiadem, by stawia\u0107 trafne diagnozy i planowa\u0107 skuteczne terapie.<\/div>\n<div class=\"TypographyPresentation TypographyPresentation--medium RichText3-paragraph--withVSpacingNormal RichText3-paragraph HighlightSol HighlightSol--buildingBlock\"><\/div>\n<div class=\"TypographyPresentation TypographyPresentation--medium RichText3-paragraph--withVSpacingNormal RichText3-paragraph HighlightSol HighlightSol--buildingBlock\">Praktyczn\u0105 wiedz\u0119 ze szkolenia online mo\u017cesz natychmiast zastosowa\u0107 zdobyt\u0105 wiedz\u0119 w pracy z pacjentami.<\/div>\n<div class=\"TypographyPresentation TypographyPresentation--medium RichText3-paragraph--withVSpacingNormal RichText3-paragraph HighlightSol HighlightSol--buildingBlock\"><\/div>\n<div class=\"TypographyPresentation TypographyPresentation--medium RichText3-paragraph--withVSpacingNormal RichText3-paragraph HighlightSol HighlightSol--buildingBlock\">*Szkolenie Ortopodologia: Badanie podologiczne jest fragmentem kursu <a href=\"https:\/\/propedis.pl\/sklep\/produkt\/kurs-ortopodologia-premium-15e\/\" target=\"_blank\" rel=\"noopener\">Ortpodologia<\/a><\/div>\n","protected":false},"excerpt":{"rendered":"<p>Badanie podologiczne &#8211; szkolenie z obs\u0142ugi podoskopu i plantografu Zdob\u0105d\u017a praktyczne i teoretyczne fundamenty diagnostyki ortopodologicznej Szkolenie kompleksowo wprowadzi ci\u0119 do badania st\u00f3p w uj\u0119ciu ortopodologicznym. Jest skierowane do podolog\u00f3w, fizjoterapeut\u00f3w, ortoped\u00f3w i innych specjalist\u00f3w pracuj\u0105cych z narz\u0105dem ruchu. Otrzymasz gotowy i wielokrotnie przetestowany schemat badania na przyrz\u0105dach: podoskopie, plantografie. A tak\u017ce badania statyczne i [&hellip;]<\/p>\n","protected":false},"featured_media":204415,"template":"","meta":{"ep_exclude_from_search":false},"product_brand":[],"product_cat":[47,438],"product_tag":[],"class_list":{"0":"post-203530","1":"product","2":"type-product","3":"status-publish","4":"has-post-thumbnail","6":"product_cat-szkolenia","7":"product_cat-nagrania-edukacyjne-i-publikacje","9":"first","10":"instock","11":"virtual","12":"taxable","13":"purchasable","14":"product-type-simple"},"yoast_head":"<!-- This site is optimized with the Yoast SEO Premium plugin v26.3 (Yoast SEO v27.4) - https:\/\/yoast.com\/product\/yoast-seo-premium-wordpress\/ -->\n<title>Badanie podologiczne - szkolenie z obs\u0142ugi podoskopu i plantografu - Pro Pedis - Profesjonalnie dla st\u00f3p<\/title>\n<meta name=\"description\" content=\"Szkolenie kompleksowo wprowadzi ci\u0119 do badania st\u00f3p w uj\u0119ciu ortopodologicznym. Jest skierowane do podolog\u00f3w, fizjoterapeut\u00f3w, ortoped\u00f3w pracuj\u0105cych z narz\u0105dem ruchu.\" \/>\n<meta name=\"robots\" content=\"index, follow, max-snippet:-1, max-image-preview:large, max-video-preview:-1\" \/>\n<link rel=\"canonical\" href=\"https:\/\/propedis.pl\/sklep\/produkt\/badanie-podologiczne-szkolenie-z-obslugi-podoskopu-i-plantografu\/\" \/>\n<meta property=\"og:locale\" content=\"pl_PL\" \/>\n<meta property=\"og:type\" content=\"article\" \/>\n<meta property=\"og:title\" content=\"Badanie podologiczne - szkolenie z obs\u0142ugi podoskopu i plantografu\" \/>\n<meta property=\"og:description\" content=\"Szkolenie kompleksowo wprowadzi ci\u0119 do badania st\u00f3p w uj\u0119ciu ortopodologicznym. Jest skierowane do podolog\u00f3w, fizjoterapeut\u00f3w, ortoped\u00f3w pracuj\u0105cych z narz\u0105dem ruchu.\" \/>\n<meta property=\"og:url\" content=\"https:\/\/propedis.pl\/sklep\/produkt\/badanie-podologiczne-szkolenie-z-obslugi-podoskopu-i-plantografu\/\" \/>\n<meta property=\"og:site_name\" content=\"Pro Pedis - Profesjonalnie dla st\u00f3p\" \/>\n<meta property=\"article:modified_time\" content=\"2026-04-14T10:53:15+00:00\" \/>\n<meta property=\"og:image\" content=\"https:\/\/propedis.pl\/sklep\/wp-content\/uploads\/2025\/04\/OP_Badanie-podologiczne-szkolenie-z-obslugi-podoskopu-i-plantografu_.png\" \/>\n\t<meta property=\"og:image:width\" content=\"1920\" \/>\n\t<meta property=\"og:image:height\" content=\"1920\" \/>\n\t<meta property=\"og:image:type\" content=\"image\/png\" \/>\n<meta name=\"twitter:card\" content=\"summary_large_image\" \/>\n<meta name=\"twitter:label1\" content=\"Szacowany czas czytania\" \/>\n\t<meta name=\"twitter:data1\" content=\"3 minuty\" \/>\n<script type=\"application\/ld+json\" class=\"yoast-schema-graph\">{\"@context\":\"https:\\\/\\\/schema.org\",\"@graph\":[{\"@type\":\"WebPage\",\"@id\":\"https:\\\/\\\/propedis.pl\\\/sklep\\\/produkt\\\/badanie-podologiczne-szkolenie-z-obslugi-podoskopu-i-plantografu\\\/\",\"url\":\"https:\\\/\\\/propedis.pl\\\/sklep\\\/produkt\\\/badanie-podologiczne-szkolenie-z-obslugi-podoskopu-i-plantografu\\\/\",\"name\":\"Badanie podologiczne - szkolenie z obs\u0142ugi podoskopu i plantografu - Pro Pedis - Profesjonalnie dla st\u00f3p\",\"isPartOf\":{\"@id\":\"https:\\\/\\\/propedis.pl\\\/sklep\\\/#website\"},\"primaryImageOfPage\":{\"@id\":\"https:\\\/\\\/propedis.pl\\\/sklep\\\/produkt\\\/badanie-podologiczne-szkolenie-z-obslugi-podoskopu-i-plantografu\\\/#primaryimage\"},\"image\":{\"@id\":\"https:\\\/\\\/propedis.pl\\\/sklep\\\/produkt\\\/badanie-podologiczne-szkolenie-z-obslugi-podoskopu-i-plantografu\\\/#primaryimage\"},\"thumbnailUrl\":\"https:\\\/\\\/propedis.pl\\\/sklep\\\/wp-content\\\/uploads\\\/2025\\\/04\\\/OP_Badanie-podologiczne-szkolenie-z-obslugi-podoskopu-i-plantografu_.png\",\"datePublished\":\"2025-04-23T13:07:06+00:00\",\"dateModified\":\"2026-04-14T10:53:15+00:00\",\"description\":\"Szkolenie kompleksowo wprowadzi ci\u0119 do badania st\u00f3p w uj\u0119ciu ortopodologicznym. Jest skierowane do podolog\u00f3w, fizjoterapeut\u00f3w, ortoped\u00f3w pracuj\u0105cych z narz\u0105dem ruchu.\",\"breadcrumb\":{\"@id\":\"https:\\\/\\\/propedis.pl\\\/sklep\\\/produkt\\\/badanie-podologiczne-szkolenie-z-obslugi-podoskopu-i-plantografu\\\/#breadcrumb\"},\"inLanguage\":\"pl-PL\",\"potentialAction\":[{\"@type\":\"ReadAction\",\"target\":[\"https:\\\/\\\/propedis.pl\\\/sklep\\\/produkt\\\/badanie-podologiczne-szkolenie-z-obslugi-podoskopu-i-plantografu\\\/\"]}]},{\"@type\":\"ImageObject\",\"inLanguage\":\"pl-PL\",\"@id\":\"https:\\\/\\\/propedis.pl\\\/sklep\\\/produkt\\\/badanie-podologiczne-szkolenie-z-obslugi-podoskopu-i-plantografu\\\/#primaryimage\",\"url\":\"https:\\\/\\\/propedis.pl\\\/sklep\\\/wp-content\\\/uploads\\\/2025\\\/04\\\/OP_Badanie-podologiczne-szkolenie-z-obslugi-podoskopu-i-plantografu_.png\",\"contentUrl\":\"https:\\\/\\\/propedis.pl\\\/sklep\\\/wp-content\\\/uploads\\\/2025\\\/04\\\/OP_Badanie-podologiczne-szkolenie-z-obslugi-podoskopu-i-plantografu_.png\",\"width\":1920,\"height\":1920,\"caption\":\"Szkolenie z obs\u0142ugi podoskopu i plantografu\"},{\"@type\":\"BreadcrumbList\",\"@id\":\"https:\\\/\\\/propedis.pl\\\/sklep\\\/produkt\\\/badanie-podologiczne-szkolenie-z-obslugi-podoskopu-i-plantografu\\\/#breadcrumb\",\"itemListElement\":[{\"@type\":\"ListItem\",\"position\":1,\"name\":\"Strona g\u0142\u00f3wna\",\"item\":\"https:\\\/\\\/propedis.pl\\\/sklep\\\/\"},{\"@type\":\"ListItem\",\"position\":2,\"name\":\"Sklep\",\"item\":\"https:\\\/\\\/propedis.pl\\\/sklep\\\/produkty\\\/\"},{\"@type\":\"ListItem\",\"position\":3,\"name\":\"Kursy i szkolenia\",\"item\":\"https:\\\/\\\/propedis.pl\\\/sklep\\\/kategoria-produktu\\\/szkolenia\\\/\"},{\"@type\":\"ListItem\",\"position\":4,\"name\":\"Badanie podologiczne &#8211; szkolenie z obs\u0142ugi podoskopu i plantografu\"}]},{\"@type\":\"WebSite\",\"@id\":\"https:\\\/\\\/propedis.pl\\\/sklep\\\/#website\",\"url\":\"https:\\\/\\\/propedis.pl\\\/sklep\\\/\",\"name\":\"Pro Pedis - Profesjonalnie dla st\u00f3p\",\"description\":\"\",\"potentialAction\":[{\"@type\":\"SearchAction\",\"target\":{\"@type\":\"EntryPoint\",\"urlTemplate\":\"https:\\\/\\\/propedis.pl\\\/sklep\\\/?s={search_term_string}\"},\"query-input\":{\"@type\":\"PropertyValueSpecification\",\"valueRequired\":true,\"valueName\":\"search_term_string\"}}],\"inLanguage\":\"pl-PL\"}]}<\/script>\n<!-- \/ Yoast SEO Premium plugin. -->","yoast_head_json":{"title":"Badanie podologiczne - szkolenie z obs\u0142ugi podoskopu i plantografu - Pro Pedis - Profesjonalnie dla st\u00f3p","description":"Szkolenie kompleksowo wprowadzi ci\u0119 do badania st\u00f3p w uj\u0119ciu ortopodologicznym. Jest skierowane do podolog\u00f3w, fizjoterapeut\u00f3w, ortoped\u00f3w pracuj\u0105cych z narz\u0105dem ruchu.","robots":{"index":"index","follow":"follow","max-snippet":"max-snippet:-1","max-image-preview":"max-image-preview:large","max-video-preview":"max-video-preview:-1"},"canonical":"https:\/\/propedis.pl\/sklep\/produkt\/badanie-podologiczne-szkolenie-z-obslugi-podoskopu-i-plantografu\/","og_locale":"pl_PL","og_type":"article","og_title":"Badanie podologiczne - szkolenie z obs\u0142ugi podoskopu i plantografu","og_description":"Szkolenie kompleksowo wprowadzi ci\u0119 do badania st\u00f3p w uj\u0119ciu ortopodologicznym. Jest skierowane do podolog\u00f3w, fizjoterapeut\u00f3w, ortoped\u00f3w pracuj\u0105cych z narz\u0105dem ruchu.","og_url":"https:\/\/propedis.pl\/sklep\/produkt\/badanie-podologiczne-szkolenie-z-obslugi-podoskopu-i-plantografu\/","og_site_name":"Pro Pedis - Profesjonalnie dla st\u00f3p","article_modified_time":"2026-04-14T10:53:15+00:00","og_image":[{"width":1920,"height":1920,"url":"https:\/\/propedis.pl\/sklep\/wp-content\/uploads\/2025\/04\/OP_Badanie-podologiczne-szkolenie-z-obslugi-podoskopu-i-plantografu_.png","type":"image\/png"}],"twitter_card":"summary_large_image","twitter_misc":{"Szacowany czas czytania":"3 minuty"},"schema":{"@context":"https:\/\/schema.org","@graph":[{"@type":"WebPage","@id":"https:\/\/propedis.pl\/sklep\/produkt\/badanie-podologiczne-szkolenie-z-obslugi-podoskopu-i-plantografu\/","url":"https:\/\/propedis.pl\/sklep\/produkt\/badanie-podologiczne-szkolenie-z-obslugi-podoskopu-i-plantografu\/","name":"Badanie podologiczne - szkolenie z obs\u0142ugi podoskopu i plantografu - Pro Pedis - Profesjonalnie dla st\u00f3p","isPartOf":{"@id":"https:\/\/propedis.pl\/sklep\/#website"},"primaryImageOfPage":{"@id":"https:\/\/propedis.pl\/sklep\/produkt\/badanie-podologiczne-szkolenie-z-obslugi-podoskopu-i-plantografu\/#primaryimage"},"image":{"@id":"https:\/\/propedis.pl\/sklep\/produkt\/badanie-podologiczne-szkolenie-z-obslugi-podoskopu-i-plantografu\/#primaryimage"},"thumbnailUrl":"https:\/\/propedis.pl\/sklep\/wp-content\/uploads\/2025\/04\/OP_Badanie-podologiczne-szkolenie-z-obslugi-podoskopu-i-plantografu_.png","datePublished":"2025-04-23T13:07:06+00:00","dateModified":"2026-04-14T10:53:15+00:00","description":"Szkolenie kompleksowo wprowadzi ci\u0119 do badania st\u00f3p w uj\u0119ciu ortopodologicznym. Jest skierowane do podolog\u00f3w, fizjoterapeut\u00f3w, ortoped\u00f3w pracuj\u0105cych z narz\u0105dem ruchu.","breadcrumb":{"@id":"https:\/\/propedis.pl\/sklep\/produkt\/badanie-podologiczne-szkolenie-z-obslugi-podoskopu-i-plantografu\/#breadcrumb"},"inLanguage":"pl-PL","potentialAction":[{"@type":"ReadAction","target":["https:\/\/propedis.pl\/sklep\/produkt\/badanie-podologiczne-szkolenie-z-obslugi-podoskopu-i-plantografu\/"]}]},{"@type":"ImageObject","inLanguage":"pl-PL","@id":"https:\/\/propedis.pl\/sklep\/produkt\/badanie-podologiczne-szkolenie-z-obslugi-podoskopu-i-plantografu\/#primaryimage","url":"https:\/\/propedis.pl\/sklep\/wp-content\/uploads\/2025\/04\/OP_Badanie-podologiczne-szkolenie-z-obslugi-podoskopu-i-plantografu_.png","contentUrl":"https:\/\/propedis.pl\/sklep\/wp-content\/uploads\/2025\/04\/OP_Badanie-podologiczne-szkolenie-z-obslugi-podoskopu-i-plantografu_.png","width":1920,"height":1920,"caption":"Szkolenie z obs\u0142ugi podoskopu i plantografu"},{"@type":"BreadcrumbList","@id":"https:\/\/propedis.pl\/sklep\/produkt\/badanie-podologiczne-szkolenie-z-obslugi-podoskopu-i-plantografu\/#breadcrumb","itemListElement":[{"@type":"ListItem","position":1,"name":"Strona g\u0142\u00f3wna","item":"https:\/\/propedis.pl\/sklep\/"},{"@type":"ListItem","position":2,"name":"Sklep","item":"https:\/\/propedis.pl\/sklep\/produkty\/"},{"@type":"ListItem","position":3,"name":"Kursy i szkolenia","item":"https:\/\/propedis.pl\/sklep\/kategoria-produktu\/szkolenia\/"},{"@type":"ListItem","position":4,"name":"Badanie podologiczne &#8211; szkolenie z obs\u0142ugi podoskopu i plantografu"}]},{"@type":"WebSite","@id":"https:\/\/propedis.pl\/sklep\/#website","url":"https:\/\/propedis.pl\/sklep\/","name":"Pro Pedis - Profesjonalnie dla st\u00f3p","description":"","potentialAction":[{"@type":"SearchAction","target":{"@type":"EntryPoint","urlTemplate":"https:\/\/propedis.pl\/sklep\/?s={search_term_string}"},"query-input":{"@type":"PropertyValueSpecification","valueRequired":true,"valueName":"search_term_string"}}],"inLanguage":"pl-PL"}]}},"_links":{"self":[{"href":"https:\/\/propedis.pl\/sklep\/wp-json\/wp\/v2\/product\/203530","targetHints":{"allow":["GET"]}}],"collection":[{"href":"https:\/\/propedis.pl\/sklep\/wp-json\/wp\/v2\/product"}],"about":[{"href":"https:\/\/propedis.pl\/sklep\/wp-json\/wp\/v2\/types\/product"}],"wp:featuredmedia":[{"embeddable":true,"href":"https:\/\/propedis.pl\/sklep\/wp-json\/wp\/v2\/media\/204415"}],"wp:attachment":[{"href":"https:\/\/propedis.pl\/sklep\/wp-json\/wp\/v2\/media?parent=203530"}],"wp:term":[{"taxonomy":"product_brand","embeddable":true,"href":"https:\/\/propedis.pl\/sklep\/wp-json\/wp\/v2\/product_brand?post=203530"},{"taxonomy":"product_cat","embeddable":true,"href":"https:\/\/propedis.pl\/sklep\/wp-json\/wp\/v2\/product_cat?post=203530"},{"taxonomy":"product_tag","embeddable":true,"href":"https:\/\/propedis.pl\/sklep\/wp-json\/wp\/v2\/product_tag?post=203530"}],"curies":[{"name":"wp","href":"https:\/\/api.w.org\/{rel}","templated":true}]}}