{"id":203597,"date":"2025-04-24T14:12:33","date_gmt":"2025-04-24T12:12:33","guid":{"rendered":"https:\/\/propedis.pl\/sklep\/?post_type=product&#038;p=203597"},"modified":"2026-04-23T15:56:02","modified_gmt":"2026-04-23T13:56:02","slug":"light-sport-mc250","status":"publish","type":"product","link":"https:\/\/propedis.pl\/sklep\/produkt\/light-sport-mc250\/","title":{"rendered":"LIGHT SPORT (MC250)"},"content":{"rendered":"<p><span style=\"font-weight: 400;\">Wk\u0142adka termoformowalna <strong>LIGHT SPORT<\/strong> <\/span><span style=\"font-weight: 400;\"> jest przeznaczona dla pacjent\u00f3w z problemem<strong> ko\u015blawo\u015bci lub szpotawo\u015bci<\/strong>, przy nawracaj\u0105cych <strong>urazach i skr\u0119ceniach staw\u00f3w skokowych<\/strong>, u senior\u00f3w w celu uzyskania dodatkowej <strong>stabilizacji<\/strong>, ale te\u017c u pacjent\u00f3w z wi\u0119ksz\u0105 wag\u0105. Wk\u0142adka LIGHT SPORT dobrze sprawdzi si\u0119 w butach szerokich, sportowych czy crocsach.<\/span><\/p>\n<p>&nbsp;<\/p>\n<p><span style=\"font-weight: 400;\">Wk\u0142adka wykonana z materia\u0142u Nova Last 3mm co nadaje <strong>dynamik\u0119<\/strong> podczas chodu w fazie przetaczania i wybicia. Wk\u0142adka sk\u0142ada si\u0119 z podw\u00f3jnego sztywnika z \u017cywicy Nova Flex Blanche, oraz Nova Flux grise o \u0142\u0105cznej grubo\u015bci 2.6 mm, dzi\u0119ki czemu <strong>utrzyma pacjent\u00f3w z wi\u0119ksz\u0105 wag\u0105<\/strong>. <\/span><span style=\"font-weight: 400;\">W sztywniku bardzo dobrze wyt\u0142aczaj\u0105 si\u0119 elementy koryguj\u0105ce, takie jak pelota.<\/span><\/p>\n<p>&nbsp;<\/p>\n<p><span style=\"font-weight: 400;\">Baza wk\u0142adki jest bez pokrycia, wi\u0119c nawet wymagaj\u0105cy pacjent b\u0119dzie zadowolony dostaj\u0105c mo\u017cliwo\u015bci wyboru koloru pokrycia.<\/span><\/p>\n<p>Wk\u0142adka LIGHT SPORT wyst\u0119puje na wykrojniku sportowym. Ten model mo\u017ce by\u0107 zamiennie stosowana z bazami<strong> Komfort 2, Country, Sneaker, Reumatologia Cienka, oraz Pronosupinacja.<\/strong><\/p>\n<p>&nbsp;<\/p>\n<p><span style=\"font-weight: 400;\">Podgrza\u0107 przez oko\u0142o 1,30 minuty w temperaturze grzania 80 \u00b0C.\u00a0<\/span><\/p>\n","protected":false},"excerpt":{"rendered":"<p>Wk\u0142adka termoformowalna LIGHT SPORT jest przeznaczona dla pacjent\u00f3w z problemem ko\u015blawo\u015bci lub szpotawo\u015bci, przy nawracaj\u0105cych urazach i skr\u0119ceniach staw\u00f3w skokowych, u senior\u00f3w w celu uzyskania dodatkowej stabilizacji, ale te\u017c u pacjent\u00f3w z wi\u0119ksz\u0105 wag\u0105. Wk\u0142adka LIGHT SPORT dobrze sprawdzi si\u0119 w butach szerokich, sportowych czy crocsach. &nbsp; Wk\u0142adka wykonana z materia\u0142u Nova Last 3mm co [&hellip;]<\/p>\n","protected":false},"featured_media":203613,"template":"","meta":{"ep_exclude_from_search":false},"product_brand":[],"product_cat":[15,72],"product_tag":[448,449,446,447],"class_list":{"0":"post-203597","1":"product","2":"type-product","3":"status-publish","4":"has-post-thumbnail","6":"product_cat-wkladki","7":"product_cat-wkladki-sportowe","8":"product_tag-wkladki-do-butow","9":"product_tag-wkladki-specjalistyczne","10":"product_tag-wkladki-termoformowalne","11":"product_tag-wkladki-termoplastyczne","13":"first","14":"instock","15":"featured","16":"taxable","17":"shipping-taxable","18":"purchasable","19":"product-type-variable"},"yoast_head":"<!-- This site is optimized with the Yoast SEO Premium plugin v26.3 (Yoast SEO v27.4) - https:\/\/yoast.com\/product\/yoast-seo-premium-wordpress\/ -->\n<title>LIGHT SPORT (MC250) - Pro Pedis - Profesjonalnie dla st\u00f3p<\/title>\n<meta name=\"robots\" content=\"index, follow, max-snippet:-1, max-image-preview:large, max-video-preview:-1\" \/>\n<link rel=\"canonical\" href=\"https:\/\/propedis.pl\/sklep\/produkt\/light-sport-mc250\/\" \/>\n<meta property=\"og:locale\" content=\"pl_PL\" \/>\n<meta property=\"og:type\" content=\"article\" \/>\n<meta property=\"og:title\" content=\"LIGHT SPORT (MC250)\" \/>\n<meta property=\"og:description\" content=\"Wk\u0142adka termoformowalna LIGHT SPORT jest przeznaczona dla pacjent\u00f3w z problemem ko\u015blawo\u015bci lub szpotawo\u015bci, przy nawracaj\u0105cych urazach i skr\u0119ceniach staw\u00f3w skokowych, u senior\u00f3w w celu uzyskania dodatkowej stabilizacji, ale te\u017c u pacjent\u00f3w z wi\u0119ksz\u0105 wag\u0105. Wk\u0142adka LIGHT SPORT dobrze sprawdzi si\u0119 w butach szerokich, sportowych czy crocsach. &nbsp; Wk\u0142adka wykonana z materia\u0142u Nova Last 3mm co [&hellip;]\" \/>\n<meta property=\"og:url\" content=\"https:\/\/propedis.pl\/sklep\/produkt\/light-sport-mc250\/\" \/>\n<meta property=\"og:site_name\" content=\"Pro Pedis - Profesjonalnie dla st\u00f3p\" \/>\n<meta property=\"article:modified_time\" content=\"2026-04-23T13:56:02+00:00\" \/>\n<meta property=\"og:image\" content=\"https:\/\/propedis.pl\/sklep\/wp-content\/uploads\/2025\/04\/SEMELLE-SPORT-LIGHT-dessus-002-scaled.png\" \/>\n\t<meta property=\"og:image:width\" content=\"2560\" \/>\n\t<meta property=\"og:image:height\" content=\"711\" \/>\n\t<meta property=\"og:image:type\" content=\"image\/png\" \/>\n<meta name=\"twitter:card\" content=\"summary_large_image\" \/>\n<meta name=\"twitter:label1\" content=\"Szacowany czas czytania\" \/>\n\t<meta name=\"twitter:data1\" content=\"2 minuty\" \/>\n<script type=\"application\/ld+json\" class=\"yoast-schema-graph\">{\"@context\":\"https:\\\/\\\/schema.org\",\"@graph\":[{\"@type\":\"WebPage\",\"@id\":\"https:\\\/\\\/propedis.pl\\\/sklep\\\/produkt\\\/light-sport-mc250\\\/\",\"url\":\"https:\\\/\\\/propedis.pl\\\/sklep\\\/produkt\\\/light-sport-mc250\\\/\",\"name\":\"LIGHT SPORT (MC250) - Pro Pedis - Profesjonalnie dla st\u00f3p\",\"isPartOf\":{\"@id\":\"https:\\\/\\\/propedis.pl\\\/sklep\\\/#website\"},\"primaryImageOfPage\":{\"@id\":\"https:\\\/\\\/propedis.pl\\\/sklep\\\/produkt\\\/light-sport-mc250\\\/#primaryimage\"},\"image\":{\"@id\":\"https:\\\/\\\/propedis.pl\\\/sklep\\\/produkt\\\/light-sport-mc250\\\/#primaryimage\"},\"thumbnailUrl\":\"https:\\\/\\\/propedis.pl\\\/sklep\\\/wp-content\\\/uploads\\\/2025\\\/04\\\/SEMELLE-SPORT-LIGHT-dessus-002-scaled.png\",\"datePublished\":\"2025-04-24T12:12:33+00:00\",\"dateModified\":\"2026-04-23T13:56:02+00:00\",\"breadcrumb\":{\"@id\":\"https:\\\/\\\/propedis.pl\\\/sklep\\\/produkt\\\/light-sport-mc250\\\/#breadcrumb\"},\"inLanguage\":\"pl-PL\",\"potentialAction\":[{\"@type\":\"ReadAction\",\"target\":[\"https:\\\/\\\/propedis.pl\\\/sklep\\\/produkt\\\/light-sport-mc250\\\/\"]}]},{\"@type\":\"ImageObject\",\"inLanguage\":\"pl-PL\",\"@id\":\"https:\\\/\\\/propedis.pl\\\/sklep\\\/produkt\\\/light-sport-mc250\\\/#primaryimage\",\"url\":\"https:\\\/\\\/propedis.pl\\\/sklep\\\/wp-content\\\/uploads\\\/2025\\\/04\\\/SEMELLE-SPORT-LIGHT-dessus-002-scaled.png\",\"contentUrl\":\"https:\\\/\\\/propedis.pl\\\/sklep\\\/wp-content\\\/uploads\\\/2025\\\/04\\\/SEMELLE-SPORT-LIGHT-dessus-002-scaled.png\",\"width\":2560,\"height\":711},{\"@type\":\"BreadcrumbList\",\"@id\":\"https:\\\/\\\/propedis.pl\\\/sklep\\\/produkt\\\/light-sport-mc250\\\/#breadcrumb\",\"itemListElement\":[{\"@type\":\"ListItem\",\"position\":1,\"name\":\"Strona g\u0142\u00f3wna\",\"item\":\"https:\\\/\\\/propedis.pl\\\/sklep\\\/\"},{\"@type\":\"ListItem\",\"position\":2,\"name\":\"Sklep\",\"item\":\"https:\\\/\\\/propedis.pl\\\/sklep\\\/produkty\\\/\"},{\"@type\":\"ListItem\",\"position\":3,\"name\":\"Wk\u0142adki\",\"item\":\"https:\\\/\\\/propedis.pl\\\/sklep\\\/kategoria-produktu\\\/wkladki\\\/\"},{\"@type\":\"ListItem\",\"position\":4,\"name\":\"LIGHT SPORT (MC250)\"}]},{\"@type\":\"WebSite\",\"@id\":\"https:\\\/\\\/propedis.pl\\\/sklep\\\/#website\",\"url\":\"https:\\\/\\\/propedis.pl\\\/sklep\\\/\",\"name\":\"Pro Pedis - Profesjonalnie dla st\u00f3p\",\"description\":\"\",\"potentialAction\":[{\"@type\":\"SearchAction\",\"target\":{\"@type\":\"EntryPoint\",\"urlTemplate\":\"https:\\\/\\\/propedis.pl\\\/sklep\\\/?s={search_term_string}\"},\"query-input\":{\"@type\":\"PropertyValueSpecification\",\"valueRequired\":true,\"valueName\":\"search_term_string\"}}],\"inLanguage\":\"pl-PL\"}]}<\/script>\n<!-- \/ Yoast SEO Premium plugin. -->","yoast_head_json":{"title":"LIGHT SPORT (MC250) - Pro Pedis - Profesjonalnie dla st\u00f3p","robots":{"index":"index","follow":"follow","max-snippet":"max-snippet:-1","max-image-preview":"max-image-preview:large","max-video-preview":"max-video-preview:-1"},"canonical":"https:\/\/propedis.pl\/sklep\/produkt\/light-sport-mc250\/","og_locale":"pl_PL","og_type":"article","og_title":"LIGHT SPORT (MC250)","og_description":"Wk\u0142adka termoformowalna LIGHT SPORT jest przeznaczona dla pacjent\u00f3w z problemem ko\u015blawo\u015bci lub szpotawo\u015bci, przy nawracaj\u0105cych urazach i skr\u0119ceniach staw\u00f3w skokowych, u senior\u00f3w w celu uzyskania dodatkowej stabilizacji, ale te\u017c u pacjent\u00f3w z wi\u0119ksz\u0105 wag\u0105. Wk\u0142adka LIGHT SPORT dobrze sprawdzi si\u0119 w butach szerokich, sportowych czy crocsach. &nbsp; Wk\u0142adka wykonana z materia\u0142u Nova Last 3mm co [&hellip;]","og_url":"https:\/\/propedis.pl\/sklep\/produkt\/light-sport-mc250\/","og_site_name":"Pro Pedis - Profesjonalnie dla st\u00f3p","article_modified_time":"2026-04-23T13:56:02+00:00","og_image":[{"width":2560,"height":711,"url":"https:\/\/propedis.pl\/sklep\/wp-content\/uploads\/2025\/04\/SEMELLE-SPORT-LIGHT-dessus-002-scaled.png","type":"image\/png"}],"twitter_card":"summary_large_image","twitter_misc":{"Szacowany czas czytania":"2 minuty"},"schema":{"@context":"https:\/\/schema.org","@graph":[{"@type":"WebPage","@id":"https:\/\/propedis.pl\/sklep\/produkt\/light-sport-mc250\/","url":"https:\/\/propedis.pl\/sklep\/produkt\/light-sport-mc250\/","name":"LIGHT SPORT (MC250) - Pro Pedis - Profesjonalnie dla st\u00f3p","isPartOf":{"@id":"https:\/\/propedis.pl\/sklep\/#website"},"primaryImageOfPage":{"@id":"https:\/\/propedis.pl\/sklep\/produkt\/light-sport-mc250\/#primaryimage"},"image":{"@id":"https:\/\/propedis.pl\/sklep\/produkt\/light-sport-mc250\/#primaryimage"},"thumbnailUrl":"https:\/\/propedis.pl\/sklep\/wp-content\/uploads\/2025\/04\/SEMELLE-SPORT-LIGHT-dessus-002-scaled.png","datePublished":"2025-04-24T12:12:33+00:00","dateModified":"2026-04-23T13:56:02+00:00","breadcrumb":{"@id":"https:\/\/propedis.pl\/sklep\/produkt\/light-sport-mc250\/#breadcrumb"},"inLanguage":"pl-PL","potentialAction":[{"@type":"ReadAction","target":["https:\/\/propedis.pl\/sklep\/produkt\/light-sport-mc250\/"]}]},{"@type":"ImageObject","inLanguage":"pl-PL","@id":"https:\/\/propedis.pl\/sklep\/produkt\/light-sport-mc250\/#primaryimage","url":"https:\/\/propedis.pl\/sklep\/wp-content\/uploads\/2025\/04\/SEMELLE-SPORT-LIGHT-dessus-002-scaled.png","contentUrl":"https:\/\/propedis.pl\/sklep\/wp-content\/uploads\/2025\/04\/SEMELLE-SPORT-LIGHT-dessus-002-scaled.png","width":2560,"height":711},{"@type":"BreadcrumbList","@id":"https:\/\/propedis.pl\/sklep\/produkt\/light-sport-mc250\/#breadcrumb","itemListElement":[{"@type":"ListItem","position":1,"name":"Strona g\u0142\u00f3wna","item":"https:\/\/propedis.pl\/sklep\/"},{"@type":"ListItem","position":2,"name":"Sklep","item":"https:\/\/propedis.pl\/sklep\/produkty\/"},{"@type":"ListItem","position":3,"name":"Wk\u0142adki","item":"https:\/\/propedis.pl\/sklep\/kategoria-produktu\/wkladki\/"},{"@type":"ListItem","position":4,"name":"LIGHT SPORT (MC250)"}]},{"@type":"WebSite","@id":"https:\/\/propedis.pl\/sklep\/#website","url":"https:\/\/propedis.pl\/sklep\/","name":"Pro Pedis - Profesjonalnie dla st\u00f3p","description":"","potentialAction":[{"@type":"SearchAction","target":{"@type":"EntryPoint","urlTemplate":"https:\/\/propedis.pl\/sklep\/?s={search_term_string}"},"query-input":{"@type":"PropertyValueSpecification","valueRequired":true,"valueName":"search_term_string"}}],"inLanguage":"pl-PL"}]}},"_links":{"self":[{"href":"https:\/\/propedis.pl\/sklep\/wp-json\/wp\/v2\/product\/203597","targetHints":{"allow":["GET"]}}],"collection":[{"href":"https:\/\/propedis.pl\/sklep\/wp-json\/wp\/v2\/product"}],"about":[{"href":"https:\/\/propedis.pl\/sklep\/wp-json\/wp\/v2\/types\/product"}],"wp:featuredmedia":[{"embeddable":true,"href":"https:\/\/propedis.pl\/sklep\/wp-json\/wp\/v2\/media\/203613"}],"wp:attachment":[{"href":"https:\/\/propedis.pl\/sklep\/wp-json\/wp\/v2\/media?parent=203597"}],"wp:term":[{"taxonomy":"product_brand","embeddable":true,"href":"https:\/\/propedis.pl\/sklep\/wp-json\/wp\/v2\/product_brand?post=203597"},{"taxonomy":"product_cat","embeddable":true,"href":"https:\/\/propedis.pl\/sklep\/wp-json\/wp\/v2\/product_cat?post=203597"},{"taxonomy":"product_tag","embeddable":true,"href":"https:\/\/propedis.pl\/sklep\/wp-json\/wp\/v2\/product_tag?post=203597"}],"curies":[{"name":"wp","href":"https:\/\/api.w.org\/{rel}","templated":true}]}}