{"id":203920,"date":"2025-06-21T19:49:16","date_gmt":"2025-06-21T17:49:16","guid":{"rendered":""},"modified":"2026-04-22T15:23:41","modified_gmt":"2026-04-22T13:23:41","slug":"transpaflux-mc069","status":"publish","type":"product","link":"https:\/\/propedis.pl\/sklep\/produkt\/transpaflux-mc069\/","title":{"rendered":"Transpaflux MC069"},"content":{"rendered":"<p>Wk\u0142adka termoformowalna Transpaflux jest jedn\u0105 z bardziej uniwersalnych i popularnych wk\u0142adek. Mo\u017cna dzi\u0119ki niej skorygowa\u0107 <strong>wi\u0119kszo\u015b\u0107 patologii.<\/strong><\/p>\n<p>Wk\u0142adk\u0119 charakteryzuje podw\u00f3jny sztywnik, kt\u00f3ry zapewnia <strong>stabilizacj\u0119, podparcie oraz ukierunkowanie \u015br\u00f3dstopia oraz ty\u0142ostopia<\/strong>. Ponadto zastosowanie materia\u0142u Grip na sztywniku zapobiega przesuwaniu si\u0119 wk\u0142adki w bucie, co znacznie podnosi komfort jej noszenia.<\/p>\n<p>Wk\u0142adka termoformowalna Transpaflux wyst\u0119puje na wykrojniku damskim i m\u0119skim, przeznaczona jest do but\u00f3w miejskich oraz sportowych.\u00a0 Stosuje si\u0119 j\u0105 u os\u00f3b, kt\u00f3re maj\u0105 problem, np. <strong>z ko\u015blawo\u015bci\u0105 czy ze szpotawo\u015bci\u0105, p\u0142askostopiem<\/strong>.<\/p>\n<p>Sprawdzi si\u0119 w przypadku but\u00f3w sportowych, codziennych, roboczych, cz\u0119sto\u00a0u\u017cywana dla fryzjer\u00f3w, piekarzy, os\u00f3b pracuj\u0105cych w ogrodzie.<\/p>\n<p>Dzi\u0119ki zastosowaniu grubszego\u00a0Tranpaluxa po ca\u0142o\u015bci\u00a0bazy jej \u017cywotno\u015b\u0107 jest d\u0142u\u017csza. Pokrycie z perforacj\u0105 zapewnia oddychanie.<\/p>\n<p>Wk\u0142adka termoformowalna Transpaflux jest bardzo \u0142atwa do utrzymania w czysto\u015bci. Wk\u0142adka wyst\u0119puje jedynie w wersji niesklejonej.<\/p>\n<p>Uwaga: sztywniki nale\u017cy sklei\u0107 ze sob\u0105 przed nagrzaniem a nast\u0119pnie zgrzane naklei\u0107 na baz\u0119.\u00a0 Nie nale\u017cy rozgrzewa\u0107 materia\u0142u Transpaflux.<\/p>\n","protected":false},"excerpt":{"rendered":"<p>Wk\u0142adka termoformowalna Transpaflux jest jedn\u0105 z bardziej uniwersalnych i popularnych wk\u0142adek. Mo\u017cna dzi\u0119ki niej skorygowa\u0107 wi\u0119kszo\u015b\u0107 patologii. Wk\u0142adk\u0119 charakteryzuje podw\u00f3jny sztywnik, kt\u00f3ry zapewnia stabilizacj\u0119, podparcie oraz ukierunkowanie \u015br\u00f3dstopia oraz ty\u0142ostopia. Ponadto zastosowanie materia\u0142u Grip na sztywniku zapobiega przesuwaniu si\u0119 wk\u0142adki w bucie, co znacznie podnosi komfort jej noszenia. Wk\u0142adka termoformowalna Transpaflux wyst\u0119puje na wykrojniku damskim [&hellip;]<\/p>\n","protected":false},"featured_media":204064,"template":"","meta":{"ep_exclude_from_search":false},"product_brand":[],"product_cat":[15,67],"product_tag":[454,448,455,446,447],"class_list":{"0":"post-203920","1":"product","2":"type-product","3":"status-publish","4":"has-post-thumbnail","6":"product_cat-wkladki","7":"product_cat-wkladki-klasyczne","8":"product_tag-wkladi-klasyczne","9":"product_tag-wkladki-do-butow","10":"product_tag-wkladki-miejskie","11":"product_tag-wkladki-termoformowalne","12":"product_tag-wkladki-termoplastyczne","14":"first","15":"instock","16":"taxable","17":"shipping-taxable","18":"purchasable","19":"product-type-variable"},"yoast_head":"<!-- This site is optimized with the Yoast SEO Premium plugin v26.3 (Yoast SEO v27.4) - https:\/\/yoast.com\/product\/yoast-seo-premium-wordpress\/ -->\n<title>Transpaflux MC069 - Pro Pedis - Profesjonalnie dla st\u00f3p<\/title>\n<meta name=\"robots\" content=\"index, follow, max-snippet:-1, max-image-preview:large, max-video-preview:-1\" \/>\n<link rel=\"canonical\" href=\"https:\/\/propedis.pl\/sklep\/produkt\/transpaflux-mc069\/\" \/>\n<meta property=\"og:locale\" content=\"pl_PL\" \/>\n<meta property=\"og:type\" content=\"article\" \/>\n<meta property=\"og:title\" content=\"Transpaflux MC069\" \/>\n<meta property=\"og:description\" content=\"Wk\u0142adka termoformowalna Transpaflux jest jedn\u0105 z bardziej uniwersalnych i popularnych wk\u0142adek. Mo\u017cna dzi\u0119ki niej skorygowa\u0107 wi\u0119kszo\u015b\u0107 patologii. Wk\u0142adk\u0119 charakteryzuje podw\u00f3jny sztywnik, kt\u00f3ry zapewnia stabilizacj\u0119, podparcie oraz ukierunkowanie \u015br\u00f3dstopia oraz ty\u0142ostopia. Ponadto zastosowanie materia\u0142u Grip na sztywniku zapobiega przesuwaniu si\u0119 wk\u0142adki w bucie, co znacznie podnosi komfort jej noszenia. Wk\u0142adka termoformowalna Transpaflux wyst\u0119puje na wykrojniku damskim [&hellip;]\" \/>\n<meta property=\"og:url\" content=\"https:\/\/propedis.pl\/sklep\/produkt\/transpaflux-mc069\/\" \/>\n<meta property=\"og:site_name\" content=\"Pro Pedis - Profesjonalnie dla st\u00f3p\" \/>\n<meta property=\"article:modified_time\" content=\"2026-04-22T13:23:41+00:00\" \/>\n<meta property=\"og:image\" content=\"https:\/\/propedis.pl\/sklep\/wp-content\/uploads\/2025\/06\/MC069-1-1024x441.png\" \/>\n\t<meta property=\"og:image:width\" content=\"1024\" \/>\n\t<meta property=\"og:image:height\" content=\"441\" \/>\n\t<meta property=\"og:image:type\" content=\"image\/png\" \/>\n<meta name=\"twitter:card\" content=\"summary_large_image\" \/>\n<meta name=\"twitter:label1\" content=\"Szacowany czas czytania\" \/>\n\t<meta name=\"twitter:data1\" content=\"2 minuty\" \/>\n<script type=\"application\/ld+json\" class=\"yoast-schema-graph\">{\"@context\":\"https:\\\/\\\/schema.org\",\"@graph\":[{\"@type\":\"WebPage\",\"@id\":\"https:\\\/\\\/propedis.pl\\\/sklep\\\/produkt\\\/transpaflux-mc069\\\/\",\"url\":\"https:\\\/\\\/propedis.pl\\\/sklep\\\/produkt\\\/transpaflux-mc069\\\/\",\"name\":\"Transpaflux MC069 - Pro Pedis - Profesjonalnie dla st\u00f3p\",\"isPartOf\":{\"@id\":\"https:\\\/\\\/propedis.pl\\\/sklep\\\/#website\"},\"primaryImageOfPage\":{\"@id\":\"https:\\\/\\\/propedis.pl\\\/sklep\\\/produkt\\\/transpaflux-mc069\\\/#primaryimage\"},\"image\":{\"@id\":\"https:\\\/\\\/propedis.pl\\\/sklep\\\/produkt\\\/transpaflux-mc069\\\/#primaryimage\"},\"thumbnailUrl\":\"https:\\\/\\\/propedis.pl\\\/sklep\\\/wp-content\\\/uploads\\\/2025\\\/06\\\/MC069-1.png\",\"datePublished\":\"2025-06-21T17:49:16+00:00\",\"dateModified\":\"2026-04-22T13:23:41+00:00\",\"breadcrumb\":{\"@id\":\"https:\\\/\\\/propedis.pl\\\/sklep\\\/produkt\\\/transpaflux-mc069\\\/#breadcrumb\"},\"inLanguage\":\"pl-PL\",\"potentialAction\":[{\"@type\":\"ReadAction\",\"target\":[\"https:\\\/\\\/propedis.pl\\\/sklep\\\/produkt\\\/transpaflux-mc069\\\/\"]}]},{\"@type\":\"ImageObject\",\"inLanguage\":\"pl-PL\",\"@id\":\"https:\\\/\\\/propedis.pl\\\/sklep\\\/produkt\\\/transpaflux-mc069\\\/#primaryimage\",\"url\":\"https:\\\/\\\/propedis.pl\\\/sklep\\\/wp-content\\\/uploads\\\/2025\\\/06\\\/MC069-1.png\",\"contentUrl\":\"https:\\\/\\\/propedis.pl\\\/sklep\\\/wp-content\\\/uploads\\\/2025\\\/06\\\/MC069-1.png\",\"width\":2042,\"height\":880},{\"@type\":\"BreadcrumbList\",\"@id\":\"https:\\\/\\\/propedis.pl\\\/sklep\\\/produkt\\\/transpaflux-mc069\\\/#breadcrumb\",\"itemListElement\":[{\"@type\":\"ListItem\",\"position\":1,\"name\":\"Strona g\u0142\u00f3wna\",\"item\":\"https:\\\/\\\/propedis.pl\\\/sklep\\\/\"},{\"@type\":\"ListItem\",\"position\":2,\"name\":\"Sklep\",\"item\":\"https:\\\/\\\/propedis.pl\\\/sklep\\\/produkty\\\/\"},{\"@type\":\"ListItem\",\"position\":3,\"name\":\"Wk\u0142adki\",\"item\":\"https:\\\/\\\/propedis.pl\\\/sklep\\\/kategoria-produktu\\\/wkladki\\\/\"},{\"@type\":\"ListItem\",\"position\":4,\"name\":\"Wk\u0142adki klasyczne\",\"item\":\"https:\\\/\\\/propedis.pl\\\/sklep\\\/kategoria-produktu\\\/wkladki\\\/wkladki-klasyczne\\\/\"},{\"@type\":\"ListItem\",\"position\":5,\"name\":\"Transpaflux MC069\"}]},{\"@type\":\"WebSite\",\"@id\":\"https:\\\/\\\/propedis.pl\\\/sklep\\\/#website\",\"url\":\"https:\\\/\\\/propedis.pl\\\/sklep\\\/\",\"name\":\"Pro Pedis - Profesjonalnie dla st\u00f3p\",\"description\":\"\",\"potentialAction\":[{\"@type\":\"SearchAction\",\"target\":{\"@type\":\"EntryPoint\",\"urlTemplate\":\"https:\\\/\\\/propedis.pl\\\/sklep\\\/?s={search_term_string}\"},\"query-input\":{\"@type\":\"PropertyValueSpecification\",\"valueRequired\":true,\"valueName\":\"search_term_string\"}}],\"inLanguage\":\"pl-PL\"}]}<\/script>\n<!-- \/ Yoast SEO Premium plugin. -->","yoast_head_json":{"title":"Transpaflux MC069 - Pro Pedis - Profesjonalnie dla st\u00f3p","robots":{"index":"index","follow":"follow","max-snippet":"max-snippet:-1","max-image-preview":"max-image-preview:large","max-video-preview":"max-video-preview:-1"},"canonical":"https:\/\/propedis.pl\/sklep\/produkt\/transpaflux-mc069\/","og_locale":"pl_PL","og_type":"article","og_title":"Transpaflux MC069","og_description":"Wk\u0142adka termoformowalna Transpaflux jest jedn\u0105 z bardziej uniwersalnych i popularnych wk\u0142adek. Mo\u017cna dzi\u0119ki niej skorygowa\u0107 wi\u0119kszo\u015b\u0107 patologii. Wk\u0142adk\u0119 charakteryzuje podw\u00f3jny sztywnik, kt\u00f3ry zapewnia stabilizacj\u0119, podparcie oraz ukierunkowanie \u015br\u00f3dstopia oraz ty\u0142ostopia. Ponadto zastosowanie materia\u0142u Grip na sztywniku zapobiega przesuwaniu si\u0119 wk\u0142adki w bucie, co znacznie podnosi komfort jej noszenia. Wk\u0142adka termoformowalna Transpaflux wyst\u0119puje na wykrojniku damskim [&hellip;]","og_url":"https:\/\/propedis.pl\/sklep\/produkt\/transpaflux-mc069\/","og_site_name":"Pro Pedis - Profesjonalnie dla st\u00f3p","article_modified_time":"2026-04-22T13:23:41+00:00","og_image":[{"width":1024,"height":441,"url":"https:\/\/propedis.pl\/sklep\/wp-content\/uploads\/2025\/06\/MC069-1-1024x441.png","type":"image\/png"}],"twitter_card":"summary_large_image","twitter_misc":{"Szacowany czas czytania":"2 minuty"},"schema":{"@context":"https:\/\/schema.org","@graph":[{"@type":"WebPage","@id":"https:\/\/propedis.pl\/sklep\/produkt\/transpaflux-mc069\/","url":"https:\/\/propedis.pl\/sklep\/produkt\/transpaflux-mc069\/","name":"Transpaflux MC069 - Pro Pedis - Profesjonalnie dla st\u00f3p","isPartOf":{"@id":"https:\/\/propedis.pl\/sklep\/#website"},"primaryImageOfPage":{"@id":"https:\/\/propedis.pl\/sklep\/produkt\/transpaflux-mc069\/#primaryimage"},"image":{"@id":"https:\/\/propedis.pl\/sklep\/produkt\/transpaflux-mc069\/#primaryimage"},"thumbnailUrl":"https:\/\/propedis.pl\/sklep\/wp-content\/uploads\/2025\/06\/MC069-1.png","datePublished":"2025-06-21T17:49:16+00:00","dateModified":"2026-04-22T13:23:41+00:00","breadcrumb":{"@id":"https:\/\/propedis.pl\/sklep\/produkt\/transpaflux-mc069\/#breadcrumb"},"inLanguage":"pl-PL","potentialAction":[{"@type":"ReadAction","target":["https:\/\/propedis.pl\/sklep\/produkt\/transpaflux-mc069\/"]}]},{"@type":"ImageObject","inLanguage":"pl-PL","@id":"https:\/\/propedis.pl\/sklep\/produkt\/transpaflux-mc069\/#primaryimage","url":"https:\/\/propedis.pl\/sklep\/wp-content\/uploads\/2025\/06\/MC069-1.png","contentUrl":"https:\/\/propedis.pl\/sklep\/wp-content\/uploads\/2025\/06\/MC069-1.png","width":2042,"height":880},{"@type":"BreadcrumbList","@id":"https:\/\/propedis.pl\/sklep\/produkt\/transpaflux-mc069\/#breadcrumb","itemListElement":[{"@type":"ListItem","position":1,"name":"Strona g\u0142\u00f3wna","item":"https:\/\/propedis.pl\/sklep\/"},{"@type":"ListItem","position":2,"name":"Sklep","item":"https:\/\/propedis.pl\/sklep\/produkty\/"},{"@type":"ListItem","position":3,"name":"Wk\u0142adki","item":"https:\/\/propedis.pl\/sklep\/kategoria-produktu\/wkladki\/"},{"@type":"ListItem","position":4,"name":"Wk\u0142adki klasyczne","item":"https:\/\/propedis.pl\/sklep\/kategoria-produktu\/wkladki\/wkladki-klasyczne\/"},{"@type":"ListItem","position":5,"name":"Transpaflux MC069"}]},{"@type":"WebSite","@id":"https:\/\/propedis.pl\/sklep\/#website","url":"https:\/\/propedis.pl\/sklep\/","name":"Pro Pedis - Profesjonalnie dla st\u00f3p","description":"","potentialAction":[{"@type":"SearchAction","target":{"@type":"EntryPoint","urlTemplate":"https:\/\/propedis.pl\/sklep\/?s={search_term_string}"},"query-input":{"@type":"PropertyValueSpecification","valueRequired":true,"valueName":"search_term_string"}}],"inLanguage":"pl-PL"}]}},"_links":{"self":[{"href":"https:\/\/propedis.pl\/sklep\/wp-json\/wp\/v2\/product\/203920","targetHints":{"allow":["GET"]}}],"collection":[{"href":"https:\/\/propedis.pl\/sklep\/wp-json\/wp\/v2\/product"}],"about":[{"href":"https:\/\/propedis.pl\/sklep\/wp-json\/wp\/v2\/types\/product"}],"wp:featuredmedia":[{"embeddable":true,"href":"https:\/\/propedis.pl\/sklep\/wp-json\/wp\/v2\/media\/204064"}],"wp:attachment":[{"href":"https:\/\/propedis.pl\/sklep\/wp-json\/wp\/v2\/media?parent=203920"}],"wp:term":[{"taxonomy":"product_brand","embeddable":true,"href":"https:\/\/propedis.pl\/sklep\/wp-json\/wp\/v2\/product_brand?post=203920"},{"taxonomy":"product_cat","embeddable":true,"href":"https:\/\/propedis.pl\/sklep\/wp-json\/wp\/v2\/product_cat?post=203920"},{"taxonomy":"product_tag","embeddable":true,"href":"https:\/\/propedis.pl\/sklep\/wp-json\/wp\/v2\/product_tag?post=203920"}],"curies":[{"name":"wp","href":"https:\/\/api.w.org\/{rel}","templated":true}]}}