{"id":204011,"date":"2025-07-17T11:27:17","date_gmt":"2025-07-17T09:27:17","guid":{"rendered":"https:\/\/propedis.pl\/sklep\/produkt\/trekking-mb182\/"},"modified":"2026-04-19T14:51:06","modified_gmt":"2026-04-19T12:51:06","slug":"trekking-mb182","status":"publish","type":"product","link":"https:\/\/propedis.pl\/sklep\/produkt\/trekking-mb182\/","title":{"rendered":"Trekking &#8211; MB182"},"content":{"rendered":"<p>Wk\u0142adka termoformowalna <strong>Trekking<\/strong> to wk\u0142adka zaprojektowana z my\u015bl\u0105 o <strong>butach trekkingowych<\/strong>. Doceni\u0105 j\u0105 osoby, kt\u00f3re pokonuj\u0105 d\u0142ugie dystanse. Wk\u0142adka ta sprawdzi si\u0119 idealnie w obuwiu specjalistycznym sportowym, jak r\u00f3wnie\u017c roboczym.<\/p>\n<p>Zastosowany w niej dwuwarstwowy sztywnik z \u017cywicy, <strong>zapewnia stabilno\u015b\u0107<\/strong>. Nora Shock daje dodatkow\u0105<strong> amortyzacj\u0119<\/strong> pod pi\u0119t\u0105. Baza pokryta jest energetycznym czerwonym dwuwarstwowym pokryciem, kt\u00f3re nadaje wk\u0142adce <strong>mi\u0119kko\u015b\u0107 i komfort<\/strong>. Materia\u0142 NovaPulse zastosowany pod przodostopiem sprawdzi si\u0119 w przypadku zrogowace\u0144 i modzeli umiejscowionych pod pdzodostopiem.<\/p>\n<p>&nbsp;<\/p>\n","protected":false},"excerpt":{"rendered":"<p>Wk\u0142adka termoformowalna Trekking to wk\u0142adka zaprojektowana z my\u015bl\u0105 o butach trekkingowych. Doceni\u0105 j\u0105 osoby, kt\u00f3re pokonuj\u0105 d\u0142ugie dystanse. Wk\u0142adka ta sprawdzi si\u0119 idealnie w obuwiu specjalistycznym sportowym, jak r\u00f3wnie\u017c roboczym. Zastosowany w niej dwuwarstwowy sztywnik z \u017cywicy, zapewnia stabilno\u015b\u0107. Nora Shock daje dodatkow\u0105 amortyzacj\u0119 pod pi\u0119t\u0105. Baza pokryta jest energetycznym czerwonym dwuwarstwowym pokryciem, kt\u00f3re nadaje [&hellip;]<\/p>\n","protected":false},"featured_media":204027,"template":"","meta":{"ep_exclude_from_search":false},"product_brand":[],"product_cat":[15,72],"product_tag":[451,448,450,446,447],"class_list":{"0":"post-204011","1":"product","2":"type-product","3":"status-publish","4":"has-post-thumbnail","6":"product_cat-wkladki","7":"product_cat-wkladki-sportowe","8":"product_tag-wkladki-dla-sportowcow","9":"product_tag-wkladki-do-butow","10":"product_tag-wkladki-sportowe","11":"product_tag-wkladki-termoformowalne","12":"product_tag-wkladki-termoplastyczne","14":"first","15":"instock","16":"taxable","17":"shipping-taxable","18":"purchasable","19":"product-type-variable"},"yoast_head":"<!-- This site is optimized with the Yoast SEO Premium plugin v26.3 (Yoast SEO v27.4) - https:\/\/yoast.com\/product\/yoast-seo-premium-wordpress\/ -->\n<title>Trekking - MB182 - Pro Pedis - Profesjonalnie dla st\u00f3p<\/title>\n<meta name=\"robots\" content=\"index, follow, max-snippet:-1, max-image-preview:large, max-video-preview:-1\" \/>\n<link rel=\"canonical\" href=\"https:\/\/propedis.pl\/sklep\/produkt\/trekking-mb182\/\" \/>\n<meta property=\"og:locale\" content=\"pl_PL\" \/>\n<meta property=\"og:type\" content=\"article\" \/>\n<meta property=\"og:title\" content=\"Trekking - MB182\" \/>\n<meta property=\"og:description\" content=\"Wk\u0142adka termoformowalna Trekking to wk\u0142adka zaprojektowana z my\u015bl\u0105 o butach trekkingowych. Doceni\u0105 j\u0105 osoby, kt\u00f3re pokonuj\u0105 d\u0142ugie dystanse. Wk\u0142adka ta sprawdzi si\u0119 idealnie w obuwiu specjalistycznym sportowym, jak r\u00f3wnie\u017c roboczym. Zastosowany w niej dwuwarstwowy sztywnik z \u017cywicy, zapewnia stabilno\u015b\u0107. Nora Shock daje dodatkow\u0105 amortyzacj\u0119 pod pi\u0119t\u0105. Baza pokryta jest energetycznym czerwonym dwuwarstwowym pokryciem, kt\u00f3re nadaje [&hellip;]\" \/>\n<meta property=\"og:url\" content=\"https:\/\/propedis.pl\/sklep\/produkt\/trekking-mb182\/\" \/>\n<meta property=\"og:site_name\" content=\"Pro Pedis - Profesjonalnie dla st\u00f3p\" \/>\n<meta property=\"article:modified_time\" content=\"2026-04-19T12:51:06+00:00\" \/>\n<meta property=\"og:image\" content=\"https:\/\/propedis.pl\/sklep\/wp-content\/uploads\/2025\/07\/MB182-Trekking-1-scaled.png\" \/>\n\t<meta property=\"og:image:width\" content=\"712\" \/>\n\t<meta property=\"og:image:height\" content=\"2560\" \/>\n\t<meta property=\"og:image:type\" content=\"image\/png\" \/>\n<meta name=\"twitter:card\" content=\"summary_large_image\" \/>\n<meta name=\"twitter:label1\" content=\"Szacowany czas czytania\" \/>\n\t<meta name=\"twitter:data1\" content=\"1 minuta\" \/>\n<script type=\"application\/ld+json\" class=\"yoast-schema-graph\">{\"@context\":\"https:\\\/\\\/schema.org\",\"@graph\":[{\"@type\":\"WebPage\",\"@id\":\"https:\\\/\\\/propedis.pl\\\/sklep\\\/produkt\\\/trekking-mb182\\\/\",\"url\":\"https:\\\/\\\/propedis.pl\\\/sklep\\\/produkt\\\/trekking-mb182\\\/\",\"name\":\"Trekking - MB182 - Pro Pedis - Profesjonalnie dla st\u00f3p\",\"isPartOf\":{\"@id\":\"https:\\\/\\\/propedis.pl\\\/sklep\\\/#website\"},\"primaryImageOfPage\":{\"@id\":\"https:\\\/\\\/propedis.pl\\\/sklep\\\/produkt\\\/trekking-mb182\\\/#primaryimage\"},\"image\":{\"@id\":\"https:\\\/\\\/propedis.pl\\\/sklep\\\/produkt\\\/trekking-mb182\\\/#primaryimage\"},\"thumbnailUrl\":\"https:\\\/\\\/propedis.pl\\\/sklep\\\/wp-content\\\/uploads\\\/2025\\\/07\\\/MB182-Trekking-1-scaled.png\",\"datePublished\":\"2025-07-17T09:27:17+00:00\",\"dateModified\":\"2026-04-19T12:51:06+00:00\",\"breadcrumb\":{\"@id\":\"https:\\\/\\\/propedis.pl\\\/sklep\\\/produkt\\\/trekking-mb182\\\/#breadcrumb\"},\"inLanguage\":\"pl-PL\",\"potentialAction\":[{\"@type\":\"ReadAction\",\"target\":[\"https:\\\/\\\/propedis.pl\\\/sklep\\\/produkt\\\/trekking-mb182\\\/\"]}]},{\"@type\":\"ImageObject\",\"inLanguage\":\"pl-PL\",\"@id\":\"https:\\\/\\\/propedis.pl\\\/sklep\\\/produkt\\\/trekking-mb182\\\/#primaryimage\",\"url\":\"https:\\\/\\\/propedis.pl\\\/sklep\\\/wp-content\\\/uploads\\\/2025\\\/07\\\/MB182-Trekking-1-scaled.png\",\"contentUrl\":\"https:\\\/\\\/propedis.pl\\\/sklep\\\/wp-content\\\/uploads\\\/2025\\\/07\\\/MB182-Trekking-1-scaled.png\",\"width\":712,\"height\":2560},{\"@type\":\"BreadcrumbList\",\"@id\":\"https:\\\/\\\/propedis.pl\\\/sklep\\\/produkt\\\/trekking-mb182\\\/#breadcrumb\",\"itemListElement\":[{\"@type\":\"ListItem\",\"position\":1,\"name\":\"Strona g\u0142\u00f3wna\",\"item\":\"https:\\\/\\\/propedis.pl\\\/sklep\\\/\"},{\"@type\":\"ListItem\",\"position\":2,\"name\":\"Sklep\",\"item\":\"https:\\\/\\\/propedis.pl\\\/sklep\\\/produkty\\\/\"},{\"@type\":\"ListItem\",\"position\":3,\"name\":\"Wk\u0142adki\",\"item\":\"https:\\\/\\\/propedis.pl\\\/sklep\\\/kategoria-produktu\\\/wkladki\\\/\"},{\"@type\":\"ListItem\",\"position\":4,\"name\":\"Wk\u0142adki sportowe\",\"item\":\"https:\\\/\\\/propedis.pl\\\/sklep\\\/kategoria-produktu\\\/wkladki\\\/wkladki-sportowe\\\/\"},{\"@type\":\"ListItem\",\"position\":5,\"name\":\"Trekking &#8211; MB182\"}]},{\"@type\":\"WebSite\",\"@id\":\"https:\\\/\\\/propedis.pl\\\/sklep\\\/#website\",\"url\":\"https:\\\/\\\/propedis.pl\\\/sklep\\\/\",\"name\":\"Pro Pedis - Profesjonalnie dla st\u00f3p\",\"description\":\"\",\"potentialAction\":[{\"@type\":\"SearchAction\",\"target\":{\"@type\":\"EntryPoint\",\"urlTemplate\":\"https:\\\/\\\/propedis.pl\\\/sklep\\\/?s={search_term_string}\"},\"query-input\":{\"@type\":\"PropertyValueSpecification\",\"valueRequired\":true,\"valueName\":\"search_term_string\"}}],\"inLanguage\":\"pl-PL\"}]}<\/script>\n<!-- \/ Yoast SEO Premium plugin. -->","yoast_head_json":{"title":"Trekking - MB182 - Pro Pedis - Profesjonalnie dla st\u00f3p","robots":{"index":"index","follow":"follow","max-snippet":"max-snippet:-1","max-image-preview":"max-image-preview:large","max-video-preview":"max-video-preview:-1"},"canonical":"https:\/\/propedis.pl\/sklep\/produkt\/trekking-mb182\/","og_locale":"pl_PL","og_type":"article","og_title":"Trekking - MB182","og_description":"Wk\u0142adka termoformowalna Trekking to wk\u0142adka zaprojektowana z my\u015bl\u0105 o butach trekkingowych. Doceni\u0105 j\u0105 osoby, kt\u00f3re pokonuj\u0105 d\u0142ugie dystanse. Wk\u0142adka ta sprawdzi si\u0119 idealnie w obuwiu specjalistycznym sportowym, jak r\u00f3wnie\u017c roboczym. Zastosowany w niej dwuwarstwowy sztywnik z \u017cywicy, zapewnia stabilno\u015b\u0107. Nora Shock daje dodatkow\u0105 amortyzacj\u0119 pod pi\u0119t\u0105. Baza pokryta jest energetycznym czerwonym dwuwarstwowym pokryciem, kt\u00f3re nadaje [&hellip;]","og_url":"https:\/\/propedis.pl\/sklep\/produkt\/trekking-mb182\/","og_site_name":"Pro Pedis - Profesjonalnie dla st\u00f3p","article_modified_time":"2026-04-19T12:51:06+00:00","og_image":[{"width":712,"height":2560,"url":"https:\/\/propedis.pl\/sklep\/wp-content\/uploads\/2025\/07\/MB182-Trekking-1-scaled.png","type":"image\/png"}],"twitter_card":"summary_large_image","twitter_misc":{"Szacowany czas czytania":"1 minuta"},"schema":{"@context":"https:\/\/schema.org","@graph":[{"@type":"WebPage","@id":"https:\/\/propedis.pl\/sklep\/produkt\/trekking-mb182\/","url":"https:\/\/propedis.pl\/sklep\/produkt\/trekking-mb182\/","name":"Trekking - MB182 - Pro Pedis - Profesjonalnie dla st\u00f3p","isPartOf":{"@id":"https:\/\/propedis.pl\/sklep\/#website"},"primaryImageOfPage":{"@id":"https:\/\/propedis.pl\/sklep\/produkt\/trekking-mb182\/#primaryimage"},"image":{"@id":"https:\/\/propedis.pl\/sklep\/produkt\/trekking-mb182\/#primaryimage"},"thumbnailUrl":"https:\/\/propedis.pl\/sklep\/wp-content\/uploads\/2025\/07\/MB182-Trekking-1-scaled.png","datePublished":"2025-07-17T09:27:17+00:00","dateModified":"2026-04-19T12:51:06+00:00","breadcrumb":{"@id":"https:\/\/propedis.pl\/sklep\/produkt\/trekking-mb182\/#breadcrumb"},"inLanguage":"pl-PL","potentialAction":[{"@type":"ReadAction","target":["https:\/\/propedis.pl\/sklep\/produkt\/trekking-mb182\/"]}]},{"@type":"ImageObject","inLanguage":"pl-PL","@id":"https:\/\/propedis.pl\/sklep\/produkt\/trekking-mb182\/#primaryimage","url":"https:\/\/propedis.pl\/sklep\/wp-content\/uploads\/2025\/07\/MB182-Trekking-1-scaled.png","contentUrl":"https:\/\/propedis.pl\/sklep\/wp-content\/uploads\/2025\/07\/MB182-Trekking-1-scaled.png","width":712,"height":2560},{"@type":"BreadcrumbList","@id":"https:\/\/propedis.pl\/sklep\/produkt\/trekking-mb182\/#breadcrumb","itemListElement":[{"@type":"ListItem","position":1,"name":"Strona g\u0142\u00f3wna","item":"https:\/\/propedis.pl\/sklep\/"},{"@type":"ListItem","position":2,"name":"Sklep","item":"https:\/\/propedis.pl\/sklep\/produkty\/"},{"@type":"ListItem","position":3,"name":"Wk\u0142adki","item":"https:\/\/propedis.pl\/sklep\/kategoria-produktu\/wkladki\/"},{"@type":"ListItem","position":4,"name":"Wk\u0142adki sportowe","item":"https:\/\/propedis.pl\/sklep\/kategoria-produktu\/wkladki\/wkladki-sportowe\/"},{"@type":"ListItem","position":5,"name":"Trekking &#8211; MB182"}]},{"@type":"WebSite","@id":"https:\/\/propedis.pl\/sklep\/#website","url":"https:\/\/propedis.pl\/sklep\/","name":"Pro Pedis - Profesjonalnie dla st\u00f3p","description":"","potentialAction":[{"@type":"SearchAction","target":{"@type":"EntryPoint","urlTemplate":"https:\/\/propedis.pl\/sklep\/?s={search_term_string}"},"query-input":{"@type":"PropertyValueSpecification","valueRequired":true,"valueName":"search_term_string"}}],"inLanguage":"pl-PL"}]}},"_links":{"self":[{"href":"https:\/\/propedis.pl\/sklep\/wp-json\/wp\/v2\/product\/204011","targetHints":{"allow":["GET"]}}],"collection":[{"href":"https:\/\/propedis.pl\/sklep\/wp-json\/wp\/v2\/product"}],"about":[{"href":"https:\/\/propedis.pl\/sklep\/wp-json\/wp\/v2\/types\/product"}],"wp:featuredmedia":[{"embeddable":true,"href":"https:\/\/propedis.pl\/sklep\/wp-json\/wp\/v2\/media\/204027"}],"wp:attachment":[{"href":"https:\/\/propedis.pl\/sklep\/wp-json\/wp\/v2\/media?parent=204011"}],"wp:term":[{"taxonomy":"product_brand","embeddable":true,"href":"https:\/\/propedis.pl\/sklep\/wp-json\/wp\/v2\/product_brand?post=204011"},{"taxonomy":"product_cat","embeddable":true,"href":"https:\/\/propedis.pl\/sklep\/wp-json\/wp\/v2\/product_cat?post=204011"},{"taxonomy":"product_tag","embeddable":true,"href":"https:\/\/propedis.pl\/sklep\/wp-json\/wp\/v2\/product_tag?post=204011"}],"curies":[{"name":"wp","href":"https:\/\/api.w.org\/{rel}","templated":true}]}}