{"id":204445,"date":"2025-11-06T11:08:39","date_gmt":"2025-11-06T10:08:39","guid":{"rendered":""},"modified":"2025-11-21T10:07:34","modified_gmt":"2025-11-21T09:07:34","slug":"analiza-wplywu-dysfunkcji-stop-na-staw-kolanowy-biodrowy-i-kregoslup-case-study-z-gabinetu-dr-joanny-stodolnej-tukendorf","status":"publish","type":"product","link":"https:\/\/propedis.pl\/sklep\/produkt\/analiza-wplywu-dysfunkcji-stop-na-staw-kolanowy-biodrowy-i-kregoslup-case-study-z-gabinetu-dr-joanny-stodolnej-tukendorf\/","title":{"rendered":"Analiza wp\u0142ywu dysfunkcji st\u00f3p na staw kolanowy, biodrowy i kr\u0119gos\u0142up &#8211; case study z gabinetu dr Joanny Stodolnej &#8211; Tukendorf"},"content":{"rendered":"<p><span style=\"font-weight: 400;\">Masz ju\u017c do\u015b\u0107 pacjent\u00f3w, kt\u00f3rzy <\/span><b>wracaj\u0105<\/b><span style=\"font-weight: 400;\"> z tym samym b\u00f3lem kr\u0119gos\u0142upa, biodra czy kolana, mimo Twojego zaanga\u017cowania? <\/span><span style=\"font-weight: 400;\"><br \/>\n<\/span><span style=\"font-weight: 400;\"><br \/>\n<\/span><span style=\"font-weight: 400;\">Czas przesta\u0107 leczy\u0107 skutki i zacz\u0105\u0107 dociera\u0107 do <\/span><b>przyczyny<\/b><span style=\"font-weight: 400;\">, kt\u00f3ra cz\u0119sto jest ukryta w <\/span><b>fundamencie cia\u0142a \u2013 w stopach.<\/b><\/p>\n<p><span style=\"font-weight: 400;\">To nagranie to esencja mojego 20-letniego do\u015bwiadczenia, w kt\u00f3rym pokazuj\u0119, jak diagnostyka ortopodologiczna <\/span><b>podnios\u0142a skuteczno\u015b\u0107 mojej terapii o 70%<\/b><span style=\"font-weight: 400;\">. <\/span><span style=\"font-weight: 400;\"><br \/>\n<\/span><span style=\"font-weight: 400;\"><br \/>\n<\/span><span style=\"font-weight: 400;\">Nie b\u0119d\u0119 Ci\u0119 zanudza\u0107 such\u0105 teori\u0105. <\/span><span style=\"font-weight: 400;\"><br \/>\n<\/span><span style=\"font-weight: 400;\">Otrzymasz konkretn\u0105 wiedz\u0119 prosto z gabinetu, w oparciu o prawdziwe przypadki, kt\u00f3re zmieni\u0142y moje podej\u015bcie do leczenia.<\/span><\/p>\n<h2><b>Co otrzymasz w tym szkoleniu i p\u00f3\u017aniej zmienisz w swojej pracy?<\/b><\/h2>\n<ul>\n<li style=\"font-weight: 400;\" aria-level=\"1\"><b>Zrozumiesz \u0142a\u0144cuch przyczynowo-skutkowy:<\/b><span style=\"font-weight: 400;\"> Zobaczysz, jak np. p\u0142askostopie czy ko\u015blawy paluch, cho\u0107 pozornie niewinne, potrafi\u0105 wywo\u0142a\u0107 <\/span><b>lawin\u0119 problem\u00f3w<\/b><span style=\"font-weight: 400;\"> i b\u00f3l w kolanie, biodrze czy odleg\u0142ych pi\u0119trach kr\u0119gos\u0142upa.<\/span><\/li>\n<li style=\"font-weight: 400;\" aria-level=\"1\"><b>Nauczysz si\u0119 my\u015ble\u0107 &#8220;od og\u00f3\u0142u do szczeg\u00f3\u0142u&#8221;:<\/b><span style=\"font-weight: 400;\"> Przestaniesz gubi\u0107 si\u0119 w diagnozie. Opanujesz prosty, a zarazem <\/span><b>szczeg\u00f3\u0142owy schemat badania<\/b><span style=\"font-weight: 400;\"> \u2013 od analizy postawy do precyzyjnego odczytywania map nacisku na plantografie.<\/span><\/li>\n<li style=\"font-weight: 400;\" aria-level=\"1\"><b>Dowiesz si\u0119, jak czyta\u0107 sk\u00f3r\u0119:<\/b><span style=\"font-weight: 400;\"> Nauczysz si\u0119 \u0142\u0105czy\u0107 pozornie proste objawy \u2013 takie jak <\/span><b>modzele czy nagniotki<\/b><span style=\"font-weight: 400;\"> \u2013 z konkretnymi zaburzeniami biomechaniki i wadami postawy. Sk\u00f3ra Twojego pacjenta da Ci gotowe wskaz\u00f3wki!<\/span><\/li>\n<li style=\"font-weight: 400;\" aria-level=\"1\"><b>Opanujesz wk\u0142adki jako narz\u0119dzie leczenia:<\/b><span style=\"font-weight: 400;\"> Zobaczysz, jak indywidualne wk\u0142adki ortopedyczne to nie tylko &#8220;podp\u00f3rka&#8221;, ale klucz do <\/span><b>trwa\u0142ej korekcji wzorca chodu<\/b><span style=\"font-weight: 400;\"> i przywracania symetrii.<\/span><\/li>\n<\/ul>\n<h2><b>W szkoleniu czekaj\u0105 na Ciebie:<\/b><\/h2>\n<ul>\n<li style=\"font-weight: 400;\" aria-level=\"1\"><b>Analiza 4 wyj\u0105tkowych (niestandardowych) przypadk\u00f3w klinicznych (case study):<\/b><span style=\"font-weight: 400;\"> Przeanalizujemy krok po kroku 4 zr\u00f3\u017cnicowane i z\u0142o\u017cone przypadki pacjent\u00f3w \u2013 od <\/span><b>b\u00f3lu l\u0119d\u017awiowo-krzy\u017cowego <\/b><span style=\"font-weight: 400;\">po <\/span><b>asymetri\u0119 i p\u0142askostopie<\/b><span style=\"font-weight: 400;\">. Zobaczysz pe\u0142n\u0105 drog\u0119 diagnostyczn\u0105 i terapeutyczn\u0105 oraz efekty pracy.<\/span><\/li>\n<li style=\"font-weight: 400;\" aria-level=\"1\"><b>Praktyczna checklista diagnostyczna &#8211; 10 krok\u00f3w badania manualnego:<\/b><span style=\"font-weight: 400;\"> Gotowa \u015bci\u0105gawka, kt\u00f3ra poprowadzi Ci\u0119 przez badanie stopy i narz\u0105du ruchu, by <\/span><b>nic Ci nie umkn\u0119\u0142o<\/b><span style=\"font-weight: 400;\">.<\/span><\/li>\n<li style=\"font-weight: 400;\" aria-level=\"1\"><b>Nagranie Bonusowe: \u201eAnaliza badania na plantografie w uj\u0119ciu statycznym i dynamicznym\u201d:<\/b><span style=\"font-weight: 400;\"> Opanujesz sztuk\u0119 <\/span><b>interpretacji skomplikowanych danych<\/b><span style=\"font-weight: 400;\"> by diagnozowa\u0107 precyzyjnie i leczy\u0107 skutecznie<\/span><\/li>\n<\/ul>\n<p><span style=\"font-weight: 400;\">Nie czekaj, a\u017c pacjent kolejny raz wr\u00f3ci z &#8220;tym samym&#8221;. To czas podnie\u015b\u0107 skuteczno\u015b\u0107 swojej pracy i nauczy\u0107 si\u0119 na konrektnych przypadkach.<\/span><\/p>\n<p>&nbsp;<\/p>\n","protected":false},"excerpt":{"rendered":"<p>Masz ju\u017c do\u015b\u0107 pacjent\u00f3w, kt\u00f3rzy wracaj\u0105 z tym samym b\u00f3lem kr\u0119gos\u0142upa, biodra czy kolana, mimo Twojego zaanga\u017cowania? Czas przesta\u0107 leczy\u0107 skutki i zacz\u0105\u0107 dociera\u0107 do przyczyny, kt\u00f3ra cz\u0119sto jest ukryta w fundamencie cia\u0142a \u2013 w stopach. To nagranie to esencja mojego 20-letniego do\u015bwiadczenia, w kt\u00f3rym pokazuj\u0119, jak diagnostyka ortopodologiczna podnios\u0142a skuteczno\u015b\u0107 mojej terapii o 70%. [&hellip;]<\/p>\n","protected":false},"featured_media":204470,"template":"","meta":{"ep_exclude_from_search":false},"product_brand":[],"product_cat":[47,424,438],"product_tag":[],"class_list":{"0":"post-204445","1":"product","2":"type-product","3":"status-publish","4":"has-post-thumbnail","6":"product_cat-szkolenia","7":"product_cat-kursy-online","8":"product_cat-nagrania-edukacyjne-i-publikacje","10":"first","11":"instock","12":"virtual","13":"taxable","14":"purchasable","15":"product-type-simple"},"yoast_head":"<!-- This site is optimized with the Yoast SEO Premium plugin v26.3 (Yoast SEO v27.4) - https:\/\/yoast.com\/product\/yoast-seo-premium-wordpress\/ -->\n<title>Analiza wp\u0142ywu dysfunkcji st\u00f3p na staw kolanowy, biodrowy i kr\u0119gos\u0142up - case study z gabinetu dr Joanny Stodolnej - Tukendorf - Pro Pedis - Profesjonalnie dla st\u00f3p<\/title>\n<meta name=\"robots\" content=\"index, follow, max-snippet:-1, max-image-preview:large, max-video-preview:-1\" \/>\n<link rel=\"canonical\" href=\"https:\/\/propedis.pl\/sklep\/produkt\/analiza-wplywu-dysfunkcji-stop-na-staw-kolanowy-biodrowy-i-kregoslup-case-study-z-gabinetu-dr-joanny-stodolnej-tukendorf\/\" \/>\n<meta property=\"og:locale\" content=\"pl_PL\" \/>\n<meta property=\"og:type\" content=\"article\" \/>\n<meta property=\"og:title\" content=\"Analiza wp\u0142ywu dysfunkcji st\u00f3p na staw kolanowy, biodrowy i kr\u0119gos\u0142up - case study z gabinetu dr Joanny Stodolnej - Tukendorf\" \/>\n<meta property=\"og:description\" content=\"Masz ju\u017c do\u015b\u0107 pacjent\u00f3w, kt\u00f3rzy wracaj\u0105 z tym samym b\u00f3lem kr\u0119gos\u0142upa, biodra czy kolana, mimo Twojego zaanga\u017cowania? Czas przesta\u0107 leczy\u0107 skutki i zacz\u0105\u0107 dociera\u0107 do przyczyny, kt\u00f3ra cz\u0119sto jest ukryta w fundamencie cia\u0142a \u2013 w stopach. To nagranie to esencja mojego 20-letniego do\u015bwiadczenia, w kt\u00f3rym pokazuj\u0119, jak diagnostyka ortopodologiczna podnios\u0142a skuteczno\u015b\u0107 mojej terapii o 70%. [&hellip;]\" \/>\n<meta property=\"og:url\" content=\"https:\/\/propedis.pl\/sklep\/produkt\/analiza-wplywu-dysfunkcji-stop-na-staw-kolanowy-biodrowy-i-kregoslup-case-study-z-gabinetu-dr-joanny-stodolnej-tukendorf\/\" \/>\n<meta property=\"og:site_name\" content=\"Pro Pedis - Profesjonalnie dla st\u00f3p\" \/>\n<meta property=\"article:modified_time\" content=\"2025-11-21T09:07:34+00:00\" \/>\n<meta property=\"og:image\" content=\"https:\/\/propedis.pl\/sklep\/wp-content\/uploads\/2025\/11\/OP_NAGRANIE_BONUSY.png\" \/>\n\t<meta property=\"og:image:width\" content=\"1920\" \/>\n\t<meta property=\"og:image:height\" content=\"1920\" \/>\n\t<meta property=\"og:image:type\" content=\"image\/png\" \/>\n<meta name=\"twitter:card\" content=\"summary_large_image\" \/>\n<meta name=\"twitter:label1\" content=\"Szacowany czas czytania\" \/>\n\t<meta name=\"twitter:data1\" content=\"3 minuty\" \/>\n<script type=\"application\/ld+json\" class=\"yoast-schema-graph\">{\"@context\":\"https:\\\/\\\/schema.org\",\"@graph\":[{\"@type\":\"WebPage\",\"@id\":\"https:\\\/\\\/propedis.pl\\\/sklep\\\/produkt\\\/analiza-wplywu-dysfunkcji-stop-na-staw-kolanowy-biodrowy-i-kregoslup-case-study-z-gabinetu-dr-joanny-stodolnej-tukendorf\\\/\",\"url\":\"https:\\\/\\\/propedis.pl\\\/sklep\\\/produkt\\\/analiza-wplywu-dysfunkcji-stop-na-staw-kolanowy-biodrowy-i-kregoslup-case-study-z-gabinetu-dr-joanny-stodolnej-tukendorf\\\/\",\"name\":\"Analiza wp\u0142ywu dysfunkcji st\u00f3p na staw kolanowy, biodrowy i kr\u0119gos\u0142up - case study z gabinetu dr Joanny Stodolnej - Tukendorf - Pro Pedis - Profesjonalnie dla st\u00f3p\",\"isPartOf\":{\"@id\":\"https:\\\/\\\/propedis.pl\\\/sklep\\\/#website\"},\"primaryImageOfPage\":{\"@id\":\"https:\\\/\\\/propedis.pl\\\/sklep\\\/produkt\\\/analiza-wplywu-dysfunkcji-stop-na-staw-kolanowy-biodrowy-i-kregoslup-case-study-z-gabinetu-dr-joanny-stodolnej-tukendorf\\\/#primaryimage\"},\"image\":{\"@id\":\"https:\\\/\\\/propedis.pl\\\/sklep\\\/produkt\\\/analiza-wplywu-dysfunkcji-stop-na-staw-kolanowy-biodrowy-i-kregoslup-case-study-z-gabinetu-dr-joanny-stodolnej-tukendorf\\\/#primaryimage\"},\"thumbnailUrl\":\"https:\\\/\\\/propedis.pl\\\/sklep\\\/wp-content\\\/uploads\\\/2025\\\/11\\\/OP_NAGRANIE_BONUSY.png\",\"datePublished\":\"2025-11-06T10:08:39+00:00\",\"dateModified\":\"2025-11-21T09:07:34+00:00\",\"breadcrumb\":{\"@id\":\"https:\\\/\\\/propedis.pl\\\/sklep\\\/produkt\\\/analiza-wplywu-dysfunkcji-stop-na-staw-kolanowy-biodrowy-i-kregoslup-case-study-z-gabinetu-dr-joanny-stodolnej-tukendorf\\\/#breadcrumb\"},\"inLanguage\":\"pl-PL\",\"potentialAction\":[{\"@type\":\"ReadAction\",\"target\":[\"https:\\\/\\\/propedis.pl\\\/sklep\\\/produkt\\\/analiza-wplywu-dysfunkcji-stop-na-staw-kolanowy-biodrowy-i-kregoslup-case-study-z-gabinetu-dr-joanny-stodolnej-tukendorf\\\/\"]}]},{\"@type\":\"ImageObject\",\"inLanguage\":\"pl-PL\",\"@id\":\"https:\\\/\\\/propedis.pl\\\/sklep\\\/produkt\\\/analiza-wplywu-dysfunkcji-stop-na-staw-kolanowy-biodrowy-i-kregoslup-case-study-z-gabinetu-dr-joanny-stodolnej-tukendorf\\\/#primaryimage\",\"url\":\"https:\\\/\\\/propedis.pl\\\/sklep\\\/wp-content\\\/uploads\\\/2025\\\/11\\\/OP_NAGRANIE_BONUSY.png\",\"contentUrl\":\"https:\\\/\\\/propedis.pl\\\/sklep\\\/wp-content\\\/uploads\\\/2025\\\/11\\\/OP_NAGRANIE_BONUSY.png\",\"width\":1920,\"height\":1920},{\"@type\":\"BreadcrumbList\",\"@id\":\"https:\\\/\\\/propedis.pl\\\/sklep\\\/produkt\\\/analiza-wplywu-dysfunkcji-stop-na-staw-kolanowy-biodrowy-i-kregoslup-case-study-z-gabinetu-dr-joanny-stodolnej-tukendorf\\\/#breadcrumb\",\"itemListElement\":[{\"@type\":\"ListItem\",\"position\":1,\"name\":\"Strona g\u0142\u00f3wna\",\"item\":\"https:\\\/\\\/propedis.pl\\\/sklep\\\/\"},{\"@type\":\"ListItem\",\"position\":2,\"name\":\"Sklep\",\"item\":\"https:\\\/\\\/propedis.pl\\\/sklep\\\/produkty\\\/\"},{\"@type\":\"ListItem\",\"position\":3,\"name\":\"Kursy i szkolenia\",\"item\":\"https:\\\/\\\/propedis.pl\\\/sklep\\\/kategoria-produktu\\\/szkolenia\\\/\"},{\"@type\":\"ListItem\",\"position\":4,\"name\":\"Analiza wp\u0142ywu dysfunkcji st\u00f3p na staw kolanowy, biodrowy i kr\u0119gos\u0142up &#8211; case study z gabinetu dr Joanny Stodolnej &#8211; Tukendorf\"}]},{\"@type\":\"WebSite\",\"@id\":\"https:\\\/\\\/propedis.pl\\\/sklep\\\/#website\",\"url\":\"https:\\\/\\\/propedis.pl\\\/sklep\\\/\",\"name\":\"Pro Pedis - Profesjonalnie dla st\u00f3p\",\"description\":\"\",\"potentialAction\":[{\"@type\":\"SearchAction\",\"target\":{\"@type\":\"EntryPoint\",\"urlTemplate\":\"https:\\\/\\\/propedis.pl\\\/sklep\\\/?s={search_term_string}\"},\"query-input\":{\"@type\":\"PropertyValueSpecification\",\"valueRequired\":true,\"valueName\":\"search_term_string\"}}],\"inLanguage\":\"pl-PL\"}]}<\/script>\n<!-- \/ Yoast SEO Premium plugin. -->","yoast_head_json":{"title":"Analiza wp\u0142ywu dysfunkcji st\u00f3p na staw kolanowy, biodrowy i kr\u0119gos\u0142up - case study z gabinetu dr Joanny Stodolnej - Tukendorf - Pro Pedis - Profesjonalnie dla st\u00f3p","robots":{"index":"index","follow":"follow","max-snippet":"max-snippet:-1","max-image-preview":"max-image-preview:large","max-video-preview":"max-video-preview:-1"},"canonical":"https:\/\/propedis.pl\/sklep\/produkt\/analiza-wplywu-dysfunkcji-stop-na-staw-kolanowy-biodrowy-i-kregoslup-case-study-z-gabinetu-dr-joanny-stodolnej-tukendorf\/","og_locale":"pl_PL","og_type":"article","og_title":"Analiza wp\u0142ywu dysfunkcji st\u00f3p na staw kolanowy, biodrowy i kr\u0119gos\u0142up - case study z gabinetu dr Joanny Stodolnej - Tukendorf","og_description":"Masz ju\u017c do\u015b\u0107 pacjent\u00f3w, kt\u00f3rzy wracaj\u0105 z tym samym b\u00f3lem kr\u0119gos\u0142upa, biodra czy kolana, mimo Twojego zaanga\u017cowania? Czas przesta\u0107 leczy\u0107 skutki i zacz\u0105\u0107 dociera\u0107 do przyczyny, kt\u00f3ra cz\u0119sto jest ukryta w fundamencie cia\u0142a \u2013 w stopach. To nagranie to esencja mojego 20-letniego do\u015bwiadczenia, w kt\u00f3rym pokazuj\u0119, jak diagnostyka ortopodologiczna podnios\u0142a skuteczno\u015b\u0107 mojej terapii o 70%. [&hellip;]","og_url":"https:\/\/propedis.pl\/sklep\/produkt\/analiza-wplywu-dysfunkcji-stop-na-staw-kolanowy-biodrowy-i-kregoslup-case-study-z-gabinetu-dr-joanny-stodolnej-tukendorf\/","og_site_name":"Pro Pedis - Profesjonalnie dla st\u00f3p","article_modified_time":"2025-11-21T09:07:34+00:00","og_image":[{"width":1920,"height":1920,"url":"https:\/\/propedis.pl\/sklep\/wp-content\/uploads\/2025\/11\/OP_NAGRANIE_BONUSY.png","type":"image\/png"}],"twitter_card":"summary_large_image","twitter_misc":{"Szacowany czas czytania":"3 minuty"},"schema":{"@context":"https:\/\/schema.org","@graph":[{"@type":"WebPage","@id":"https:\/\/propedis.pl\/sklep\/produkt\/analiza-wplywu-dysfunkcji-stop-na-staw-kolanowy-biodrowy-i-kregoslup-case-study-z-gabinetu-dr-joanny-stodolnej-tukendorf\/","url":"https:\/\/propedis.pl\/sklep\/produkt\/analiza-wplywu-dysfunkcji-stop-na-staw-kolanowy-biodrowy-i-kregoslup-case-study-z-gabinetu-dr-joanny-stodolnej-tukendorf\/","name":"Analiza wp\u0142ywu dysfunkcji st\u00f3p na staw kolanowy, biodrowy i kr\u0119gos\u0142up - case study z gabinetu dr Joanny Stodolnej - Tukendorf - Pro Pedis - Profesjonalnie dla st\u00f3p","isPartOf":{"@id":"https:\/\/propedis.pl\/sklep\/#website"},"primaryImageOfPage":{"@id":"https:\/\/propedis.pl\/sklep\/produkt\/analiza-wplywu-dysfunkcji-stop-na-staw-kolanowy-biodrowy-i-kregoslup-case-study-z-gabinetu-dr-joanny-stodolnej-tukendorf\/#primaryimage"},"image":{"@id":"https:\/\/propedis.pl\/sklep\/produkt\/analiza-wplywu-dysfunkcji-stop-na-staw-kolanowy-biodrowy-i-kregoslup-case-study-z-gabinetu-dr-joanny-stodolnej-tukendorf\/#primaryimage"},"thumbnailUrl":"https:\/\/propedis.pl\/sklep\/wp-content\/uploads\/2025\/11\/OP_NAGRANIE_BONUSY.png","datePublished":"2025-11-06T10:08:39+00:00","dateModified":"2025-11-21T09:07:34+00:00","breadcrumb":{"@id":"https:\/\/propedis.pl\/sklep\/produkt\/analiza-wplywu-dysfunkcji-stop-na-staw-kolanowy-biodrowy-i-kregoslup-case-study-z-gabinetu-dr-joanny-stodolnej-tukendorf\/#breadcrumb"},"inLanguage":"pl-PL","potentialAction":[{"@type":"ReadAction","target":["https:\/\/propedis.pl\/sklep\/produkt\/analiza-wplywu-dysfunkcji-stop-na-staw-kolanowy-biodrowy-i-kregoslup-case-study-z-gabinetu-dr-joanny-stodolnej-tukendorf\/"]}]},{"@type":"ImageObject","inLanguage":"pl-PL","@id":"https:\/\/propedis.pl\/sklep\/produkt\/analiza-wplywu-dysfunkcji-stop-na-staw-kolanowy-biodrowy-i-kregoslup-case-study-z-gabinetu-dr-joanny-stodolnej-tukendorf\/#primaryimage","url":"https:\/\/propedis.pl\/sklep\/wp-content\/uploads\/2025\/11\/OP_NAGRANIE_BONUSY.png","contentUrl":"https:\/\/propedis.pl\/sklep\/wp-content\/uploads\/2025\/11\/OP_NAGRANIE_BONUSY.png","width":1920,"height":1920},{"@type":"BreadcrumbList","@id":"https:\/\/propedis.pl\/sklep\/produkt\/analiza-wplywu-dysfunkcji-stop-na-staw-kolanowy-biodrowy-i-kregoslup-case-study-z-gabinetu-dr-joanny-stodolnej-tukendorf\/#breadcrumb","itemListElement":[{"@type":"ListItem","position":1,"name":"Strona g\u0142\u00f3wna","item":"https:\/\/propedis.pl\/sklep\/"},{"@type":"ListItem","position":2,"name":"Sklep","item":"https:\/\/propedis.pl\/sklep\/produkty\/"},{"@type":"ListItem","position":3,"name":"Kursy i szkolenia","item":"https:\/\/propedis.pl\/sklep\/kategoria-produktu\/szkolenia\/"},{"@type":"ListItem","position":4,"name":"Analiza wp\u0142ywu dysfunkcji st\u00f3p na staw kolanowy, biodrowy i kr\u0119gos\u0142up &#8211; case study z gabinetu dr Joanny Stodolnej &#8211; Tukendorf"}]},{"@type":"WebSite","@id":"https:\/\/propedis.pl\/sklep\/#website","url":"https:\/\/propedis.pl\/sklep\/","name":"Pro Pedis - Profesjonalnie dla st\u00f3p","description":"","potentialAction":[{"@type":"SearchAction","target":{"@type":"EntryPoint","urlTemplate":"https:\/\/propedis.pl\/sklep\/?s={search_term_string}"},"query-input":{"@type":"PropertyValueSpecification","valueRequired":true,"valueName":"search_term_string"}}],"inLanguage":"pl-PL"}]}},"_links":{"self":[{"href":"https:\/\/propedis.pl\/sklep\/wp-json\/wp\/v2\/product\/204445","targetHints":{"allow":["GET"]}}],"collection":[{"href":"https:\/\/propedis.pl\/sklep\/wp-json\/wp\/v2\/product"}],"about":[{"href":"https:\/\/propedis.pl\/sklep\/wp-json\/wp\/v2\/types\/product"}],"wp:featuredmedia":[{"embeddable":true,"href":"https:\/\/propedis.pl\/sklep\/wp-json\/wp\/v2\/media\/204470"}],"wp:attachment":[{"href":"https:\/\/propedis.pl\/sklep\/wp-json\/wp\/v2\/media?parent=204445"}],"wp:term":[{"taxonomy":"product_brand","embeddable":true,"href":"https:\/\/propedis.pl\/sklep\/wp-json\/wp\/v2\/product_brand?post=204445"},{"taxonomy":"product_cat","embeddable":true,"href":"https:\/\/propedis.pl\/sklep\/wp-json\/wp\/v2\/product_cat?post=204445"},{"taxonomy":"product_tag","embeddable":true,"href":"https:\/\/propedis.pl\/sklep\/wp-json\/wp\/v2\/product_tag?post=204445"}],"curies":[{"name":"wp","href":"https:\/\/api.w.org\/{rel}","templated":true}]}}