{"id":204517,"date":"2025-11-13T14:17:28","date_gmt":"2025-11-13T13:17:28","guid":{"rendered":""},"modified":"2026-01-05T16:05:02","modified_gmt":"2026-01-05T15:05:02","slug":"pakiet-certyfikacyjny-2025-2","status":"publish","type":"product","link":"https:\/\/propedis.pl\/sklep\/produkt\/pakiet-certyfikacyjny-2025-2\/","title":{"rendered":"PAKIET CERTYFIKACYJNY"},"content":{"rendered":"<h1 style=\"text-align: center;\"><span style=\"font-weight: 400;\">PAKIET 13 SZKOLE\u0143 &#8211; 13 KOMPETENCJI W 30 DNI\u00a0<\/span><\/h1>\n<p>&nbsp;<\/p>\n<h2><span style=\"font-weight: 400;\">TYLKO TERAZ CENA 497 z\u0142 zamiast 1497 z\u0142!<\/span><\/h2>\n<p>&nbsp;<\/p>\n<p><span style=\"font-weight: 400;\">Kt\u00f3re z tych zda\u0144 powtarzasz sobie w g\u0142owie?\u00a0 <\/span><span style=\"font-weight: 400;\"><br \/>\n<\/span><span style=\"font-weight: 400;\"><br \/>\n<\/span><span style=\"font-weight: 400;\">Jak nabra\u0107 pewno\u015bci siebie podczas diagnozowania?<\/span><span style=\"font-weight: 400;\"><br \/>\n<\/span><span style=\"font-weight: 400;\">Sk\u0105d dowiedzie\u0107 si\u0119\u00a0praktycznych i sprawdzonych proces\u00f3w post\u0119powania w konkretnych przypadkach?<\/span><span style=\"font-weight: 400;\"><br \/>\n<\/span><span style=\"font-weight: 400;\">Jak sprawi\u0107, \u017ceby pacjent stosowa\u0142 si\u0119 do zalece\u0144 i terapia zacz\u0119\u0142a i\u015b\u0107?<\/span><\/p>\n<p><span style=\"font-weight: 400;\">Stresuje mnie moje ma\u0142e do\u015bwiadczenie w kontek\u015bcie odpowiedzialno\u015bci za drugiego cz\u0142owieka i blokuje mnie to w pracy.<\/span><span style=\"font-weight: 400;\"><br \/>\n<\/span><span style=\"font-weight: 400;\">Frustruje mnie brak ujednoliconych metod i rozwi\u0105za\u0144<\/span><span style=\"font-weight: 400;\"><br \/>\n<\/span><span style=\"font-weight: 400;\">Jak spe\u0142ni\u0107 wyg\u00f3rowane oczekiwania co do tempa osi\u0105gania efekt\u00f3w terapii?<\/span><\/p>\n<p><span style=\"font-weight: 400;\">Teoria zupe\u0142nie rozmija si\u0119 z praktyk\u0105 &#8211; jak mam to pogodzi\u0107???<\/span><\/p>\n<p><span style=\"font-weight: 400;\">Zastanawiasz si\u0119\u00a0i dalej nic z tym nie robisz?<\/span><span style=\"font-weight: 400;\"><br \/>\n<\/span><span style=\"font-weight: 400;\"><br \/>\n<\/span><span style=\"font-weight: 400;\">Mam dla Ciebie rozwi\u0105zanie, bo wiem jak pragniesz (jak ka\u017cdy specjalista z misj\u0105!) porz\u0105dnie zdiagnozowa\u0107, empatycznie i pewnie rozmawia\u0107\u00a0z pacjentem i prowadzi\u0107 terapie, kt\u00f3re dzia\u0142aj\u0105. <\/span><span style=\"font-weight: 400;\"><br \/>\n<\/span><span style=\"font-weight: 400;\"><br \/>\n<\/span><span style=\"font-weight: 400;\">Przygotowa\u0142am dla Ciebie wyj\u0105tkowy PAKIET CERTYFIKACYJNY, kt\u00f3rego jeszcze nigdy wcze\u015bniej nie by\u0142o w Propedis, o kt\u00f3ry prosili\u015bcie mnie w tym roku.<\/span><\/p>\n<p><span style=\"font-weight: 400;\">Konkretne tematy, konkretne przypadki, konkretna wiedza. <\/span><span style=\"font-weight: 400;\"><br \/>\n<\/span><span style=\"font-weight: 400;\"><br \/>\n<\/span><span style=\"font-weight: 400;\">W opracowanym przeze mnie programie, kt\u00f3rego przerobienie i wdro\u017cenie zajmie Ci maksymalnie 30 dni znajdziesz 13 szkole\u0144, kt\u00f3re naucz\u0105 Ci\u0119 m.in:<\/span><span style=\"font-weight: 400;\"><br \/>\n<\/span><span style=\"font-weight: 400;\"><br \/>\n<\/span><span style=\"font-weight: 400;\">&#8211; Schemat\u00f3w post\u0119powania krok po kroku w prowadzeniu terapii<\/span><span style=\"font-weight: 400;\"><br \/>\n<\/span><span style=\"font-weight: 400;\">&#8211; Pracy z trudnymi pacjentami, kt\u00f3rzy nie chc\u0105 wsp\u00f3\u0142pracowa\u0107<\/span><\/p>\n<p><span style=\"font-weight: 400;\">&#8211; Poprawnej i skutecznej diagnozy stopu (u dzieci, senior\u00f3w, os\u00f3b z zaburzeniami narz\u0105du ruchu)<\/span><\/p>\n<p><span style=\"font-weight: 400;\">&#8211; \u0141\u0105czenia objaw\u00f3w pochodz\u0105cych ze stop z b\u00f3lem w wy\u017cszych partiach cia\u0142a<\/span><\/p>\n<p><span style=\"font-weight: 400;\">&#8211; \u201c\u0142\u0105czy\u0107 kropki\u201d w pracy z pacjentami, kt\u00f3rzy przychodz\u0105 z b\u00f3lem kolan, bioder i kr\u0119gos\u0142upa<\/span><\/p>\n<p>&nbsp;<\/p>\n<p data-pm-slice=\"1 1 []\">Rozpocznij rok z poczuciem pewno\u015bci siebie, zaufania do w\u0142asnej diagnozy i gotowo\u015bci\u0105 na wi\u0119cej pacjent\u00f3w w 2026.<\/p>\n<p><span style=\"font-weight: 400;\">\u00a0<\/span><\/p>\n<p>&nbsp;<\/p>\n<p><strong>W pakiecie znajdziesz 13 szkole\u0144, kt\u00f3re przeprowadz\u0105\u00a0Ci\u0119 przez najpopularniejsze tematy, z jakimi zg\u0142aszaj\u0105 si\u0119 pacjenci do naszych gabinet\u00f3w:<\/strong><\/p>\n<ol>\n<li style=\"font-weight: 400;\" aria-level=\"1\"><span style=\"font-weight: 400;\">Dziecko z b\u00f3lem ko\u0144czyn dolnych w gabinecie fizjoterapeuty<\/span><\/li>\n<li style=\"font-weight: 400;\" aria-level=\"1\"><span style=\"font-weight: 400;\">Jak korygowa\u0107 wady st\u00f3p u dzieci, czyli stopy dzieci\u0119ce w praktyce fizjoterapeuty<\/span><\/li>\n<li style=\"font-weight: 400;\" aria-level=\"1\"><span style=\"font-weight: 400;\">Ch\u00f3d go\u0142\u0119bi u dzieci \u2013 diagnoza i terapia<\/span><\/li>\n<li style=\"font-weight: 400;\" aria-level=\"1\"><span style=\"font-weight: 400;\">Terapia st\u00f3p dzieci \u2013 Kiedy si\u0119 niepokoi\u0107 i jak dzia\u0142a\u0107<\/span><\/li>\n<li style=\"font-weight: 400;\" aria-level=\"1\"><span style=\"font-weight: 400;\">Rola stopy w fizjoterapii ortopedycznej i neurologicznej<\/span><\/li>\n<li style=\"font-weight: 400;\" aria-level=\"1\"><span style=\"font-weight: 400;\">STOPY SENIOR\u00d3W, czyli jak pom\u00f3c starszym pacjentom zachowa\u0107 komfort chodzenia<\/span><\/li>\n<li style=\"font-weight: 400;\" aria-level=\"1\"><span style=\"font-weight: 400;\">\u00a0Hipermobilny pacjent w gabinecie fizjoterapeuty<\/span><\/li>\n<li style=\"font-weight: 400;\" aria-level=\"1\"><span style=\"font-weight: 400;\">STOPA GRECKA, PALUCH KO\u015aLAWY I MI\u0118SIE\u0143 GRUSZKOWATY \u2013 CO JE \u0141\u0104CZY?<\/span><\/li>\n<li style=\"font-weight: 400;\" aria-level=\"1\"><span style=\"font-weight: 400;\">STOPA I KOLANO<\/span><\/li>\n<li style=\"font-weight: 400;\" aria-level=\"1\"><span style=\"font-weight: 400;\">BIOMECHANICZNE SPRZECZNO\u015aCI FUNKCJI STOPY<\/span><\/li>\n<li style=\"font-weight: 400;\" aria-level=\"1\"><span style=\"font-weight: 400;\">OSTROGA PI\u0118TOWA \u2013 PRZYCZYNA B\u00d3LU CZY EFEKT ZABURZE\u0143?<\/span><\/li>\n<li style=\"font-weight: 400;\" aria-level=\"1\"><span style=\"font-weight: 400;\">JAK PRZEPROWADZI\u0106 BADANIE PODOLOGICZNE- schematy badania i narz\u0119dzia pracy<\/span><\/li>\n<li style=\"font-weight: 400;\" aria-level=\"1\">Wk\u0142adki ortopedyczne w praktyce klinicznej &#8211; wprowadzenie i zastosowanie<\/li>\n<\/ol>\n<p><span style=\"font-weight: 400;\"><br \/>\n<\/span><span style=\"font-weight: 400;\">To pakiet szkole\u0144 jakiego nie by\u0142o nigdy wcze\u015bniej.<\/span><span style=\"font-weight: 400;\"><br \/>\n<\/span><span style=\"font-weight: 400;\"><br \/>\n<\/span><span style=\"font-weight: 400;\">Po jego uko\u0144czeniu otrzymasz imienny certyfikat potwierdzaj\u0105cy Twoje nowe kompetencje i umiej\u0119tno\u015bci.<\/span><\/p>\n","protected":false},"excerpt":{"rendered":"<p>PAKIET 13 SZKOLE\u0143 &#8211; 13 KOMPETENCJI W 30 DNI\u00a0 &nbsp; TYLKO TERAZ CENA 497 z\u0142 zamiast 1497 z\u0142! &nbsp; Kt\u00f3re z tych zda\u0144 powtarzasz sobie w g\u0142owie?\u00a0 Jak nabra\u0107 pewno\u015bci siebie podczas diagnozowania? Sk\u0105d dowiedzie\u0107 si\u0119\u00a0praktycznych i sprawdzonych proces\u00f3w post\u0119powania w konkretnych przypadkach? Jak sprawi\u0107, \u017ceby pacjent stosowa\u0142 si\u0119 do zalece\u0144 i terapia zacz\u0119\u0142a i\u015b\u0107? [&hellip;]<\/p>\n","protected":false},"featured_media":204738,"template":"","meta":{"ep_exclude_from_search":false},"product_brand":[],"product_cat":[47,424,438],"product_tag":[],"class_list":{"0":"post-204517","1":"product","2":"type-product","3":"status-publish","4":"has-post-thumbnail","6":"product_cat-szkolenia","7":"product_cat-kursy-online","8":"product_cat-nagrania-edukacyjne-i-publikacje","10":"first","11":"instock","12":"sale","13":"virtual","14":"taxable","15":"purchasable","16":"product-type-simple"},"yoast_head":"<!-- This site is optimized with the Yoast SEO Premium plugin v26.3 (Yoast SEO v27.2) - https:\/\/yoast.com\/product\/yoast-seo-premium-wordpress\/ -->\n<title>PAKIET CERTYFIKACYJNY - Pro Pedis - Profesjonalnie dla st\u00f3p<\/title>\n<meta name=\"robots\" content=\"index, follow, max-snippet:-1, max-image-preview:large, max-video-preview:-1\" \/>\n<link rel=\"canonical\" href=\"https:\/\/propedis.pl\/sklep\/produkt\/pakiet-certyfikacyjny-2025-2\/\" \/>\n<meta property=\"og:locale\" content=\"pl_PL\" \/>\n<meta property=\"og:type\" content=\"article\" \/>\n<meta property=\"og:title\" content=\"PAKIET CERTYFIKACYJNY\" \/>\n<meta property=\"og:description\" content=\"PAKIET 13 SZKOLE\u0143 &#8211; 13 KOMPETENCJI W 30 DNI\u00a0 &nbsp; TYLKO TERAZ CENA 497 z\u0142 zamiast 1497 z\u0142! &nbsp; Kt\u00f3re z tych zda\u0144 powtarzasz sobie w g\u0142owie?\u00a0 Jak nabra\u0107 pewno\u015bci siebie podczas diagnozowania? Sk\u0105d dowiedzie\u0107 si\u0119\u00a0praktycznych i sprawdzonych proces\u00f3w post\u0119powania w konkretnych przypadkach? Jak sprawi\u0107, \u017ceby pacjent stosowa\u0142 si\u0119 do zalece\u0144 i terapia zacz\u0119\u0142a i\u015b\u0107? [&hellip;]\" \/>\n<meta property=\"og:url\" content=\"https:\/\/propedis.pl\/sklep\/produkt\/pakiet-certyfikacyjny-2025-2\/\" \/>\n<meta property=\"og:site_name\" content=\"Pro Pedis - Profesjonalnie dla st\u00f3p\" \/>\n<meta property=\"article:modified_time\" content=\"2026-01-05T15:05:02+00:00\" \/>\n<meta property=\"og:image\" content=\"https:\/\/propedis.pl\/sklep\/wp-content\/uploads\/2025\/11\/OP_NAGRANIE_certyfikacyjny-2026.png\" \/>\n\t<meta property=\"og:image:width\" content=\"1920\" \/>\n\t<meta property=\"og:image:height\" content=\"1920\" \/>\n\t<meta property=\"og:image:type\" content=\"image\/png\" \/>\n<meta name=\"twitter:card\" content=\"summary_large_image\" \/>\n<meta name=\"twitter:label1\" content=\"Szacowany czas czytania\" \/>\n\t<meta name=\"twitter:data1\" content=\"3 minuty\" \/>\n<script type=\"application\/ld+json\" class=\"yoast-schema-graph\">{\"@context\":\"https:\/\/schema.org\",\"@graph\":[{\"@type\":\"WebPage\",\"@id\":\"https:\/\/propedis.pl\/sklep\/produkt\/pakiet-certyfikacyjny-2025-2\/\",\"url\":\"https:\/\/propedis.pl\/sklep\/produkt\/pakiet-certyfikacyjny-2025-2\/\",\"name\":\"PAKIET CERTYFIKACYJNY - Pro Pedis - Profesjonalnie dla st\u00f3p\",\"isPartOf\":{\"@id\":\"https:\/\/propedis.pl\/sklep\/#website\"},\"primaryImageOfPage\":{\"@id\":\"https:\/\/propedis.pl\/sklep\/produkt\/pakiet-certyfikacyjny-2025-2\/#primaryimage\"},\"image\":{\"@id\":\"https:\/\/propedis.pl\/sklep\/produkt\/pakiet-certyfikacyjny-2025-2\/#primaryimage\"},\"thumbnailUrl\":\"https:\/\/propedis.pl\/sklep\/wp-content\/uploads\/2025\/11\/OP_NAGRANIE_certyfikacyjny-2026.png\",\"datePublished\":\"2025-11-13T13:17:28+00:00\",\"dateModified\":\"2026-01-05T15:05:02+00:00\",\"breadcrumb\":{\"@id\":\"https:\/\/propedis.pl\/sklep\/produkt\/pakiet-certyfikacyjny-2025-2\/#breadcrumb\"},\"inLanguage\":\"pl-PL\",\"potentialAction\":[{\"@type\":\"ReadAction\",\"target\":[\"https:\/\/propedis.pl\/sklep\/produkt\/pakiet-certyfikacyjny-2025-2\/\"]}]},{\"@type\":\"ImageObject\",\"inLanguage\":\"pl-PL\",\"@id\":\"https:\/\/propedis.pl\/sklep\/produkt\/pakiet-certyfikacyjny-2025-2\/#primaryimage\",\"url\":\"https:\/\/propedis.pl\/sklep\/wp-content\/uploads\/2025\/11\/OP_NAGRANIE_certyfikacyjny-2026.png\",\"contentUrl\":\"https:\/\/propedis.pl\/sklep\/wp-content\/uploads\/2025\/11\/OP_NAGRANIE_certyfikacyjny-2026.png\",\"width\":1920,\"height\":1920},{\"@type\":\"BreadcrumbList\",\"@id\":\"https:\/\/propedis.pl\/sklep\/produkt\/pakiet-certyfikacyjny-2025-2\/#breadcrumb\",\"itemListElement\":[{\"@type\":\"ListItem\",\"position\":1,\"name\":\"Strona g\u0142\u00f3wna\",\"item\":\"https:\/\/propedis.pl\/sklep\/\"},{\"@type\":\"ListItem\",\"position\":2,\"name\":\"Sklep\",\"item\":\"https:\/\/propedis.pl\/sklep\/produkty\/\"},{\"@type\":\"ListItem\",\"position\":3,\"name\":\"Kursy i szkolenia\",\"item\":\"https:\/\/propedis.pl\/sklep\/kategoria-produktu\/szkolenia\/\"},{\"@type\":\"ListItem\",\"position\":4,\"name\":\"PAKIET CERTYFIKACYJNY\"}]},{\"@type\":\"WebSite\",\"@id\":\"https:\/\/propedis.pl\/sklep\/#website\",\"url\":\"https:\/\/propedis.pl\/sklep\/\",\"name\":\"Pro Pedis - Profesjonalnie dla st\u00f3p\",\"description\":\"\",\"potentialAction\":[{\"@type\":\"SearchAction\",\"target\":{\"@type\":\"EntryPoint\",\"urlTemplate\":\"https:\/\/propedis.pl\/sklep\/?s={search_term_string}\"},\"query-input\":{\"@type\":\"PropertyValueSpecification\",\"valueRequired\":true,\"valueName\":\"search_term_string\"}}],\"inLanguage\":\"pl-PL\"}]}<\/script>\n<!-- \/ Yoast SEO Premium plugin. -->","yoast_head_json":{"title":"PAKIET CERTYFIKACYJNY - Pro Pedis - Profesjonalnie dla st\u00f3p","robots":{"index":"index","follow":"follow","max-snippet":"max-snippet:-1","max-image-preview":"max-image-preview:large","max-video-preview":"max-video-preview:-1"},"canonical":"https:\/\/propedis.pl\/sklep\/produkt\/pakiet-certyfikacyjny-2025-2\/","og_locale":"pl_PL","og_type":"article","og_title":"PAKIET CERTYFIKACYJNY","og_description":"PAKIET 13 SZKOLE\u0143 &#8211; 13 KOMPETENCJI W 30 DNI\u00a0 &nbsp; TYLKO TERAZ CENA 497 z\u0142 zamiast 1497 z\u0142! &nbsp; Kt\u00f3re z tych zda\u0144 powtarzasz sobie w g\u0142owie?\u00a0 Jak nabra\u0107 pewno\u015bci siebie podczas diagnozowania? Sk\u0105d dowiedzie\u0107 si\u0119\u00a0praktycznych i sprawdzonych proces\u00f3w post\u0119powania w konkretnych przypadkach? Jak sprawi\u0107, \u017ceby pacjent stosowa\u0142 si\u0119 do zalece\u0144 i terapia zacz\u0119\u0142a i\u015b\u0107? [&hellip;]","og_url":"https:\/\/propedis.pl\/sklep\/produkt\/pakiet-certyfikacyjny-2025-2\/","og_site_name":"Pro Pedis - Profesjonalnie dla st\u00f3p","article_modified_time":"2026-01-05T15:05:02+00:00","og_image":[{"width":1920,"height":1920,"url":"https:\/\/propedis.pl\/sklep\/wp-content\/uploads\/2025\/11\/OP_NAGRANIE_certyfikacyjny-2026.png","type":"image\/png"}],"twitter_card":"summary_large_image","twitter_misc":{"Szacowany czas czytania":"3 minuty"},"schema":{"@context":"https:\/\/schema.org","@graph":[{"@type":"WebPage","@id":"https:\/\/propedis.pl\/sklep\/produkt\/pakiet-certyfikacyjny-2025-2\/","url":"https:\/\/propedis.pl\/sklep\/produkt\/pakiet-certyfikacyjny-2025-2\/","name":"PAKIET CERTYFIKACYJNY - Pro Pedis - Profesjonalnie dla st\u00f3p","isPartOf":{"@id":"https:\/\/propedis.pl\/sklep\/#website"},"primaryImageOfPage":{"@id":"https:\/\/propedis.pl\/sklep\/produkt\/pakiet-certyfikacyjny-2025-2\/#primaryimage"},"image":{"@id":"https:\/\/propedis.pl\/sklep\/produkt\/pakiet-certyfikacyjny-2025-2\/#primaryimage"},"thumbnailUrl":"https:\/\/propedis.pl\/sklep\/wp-content\/uploads\/2025\/11\/OP_NAGRANIE_certyfikacyjny-2026.png","datePublished":"2025-11-13T13:17:28+00:00","dateModified":"2026-01-05T15:05:02+00:00","breadcrumb":{"@id":"https:\/\/propedis.pl\/sklep\/produkt\/pakiet-certyfikacyjny-2025-2\/#breadcrumb"},"inLanguage":"pl-PL","potentialAction":[{"@type":"ReadAction","target":["https:\/\/propedis.pl\/sklep\/produkt\/pakiet-certyfikacyjny-2025-2\/"]}]},{"@type":"ImageObject","inLanguage":"pl-PL","@id":"https:\/\/propedis.pl\/sklep\/produkt\/pakiet-certyfikacyjny-2025-2\/#primaryimage","url":"https:\/\/propedis.pl\/sklep\/wp-content\/uploads\/2025\/11\/OP_NAGRANIE_certyfikacyjny-2026.png","contentUrl":"https:\/\/propedis.pl\/sklep\/wp-content\/uploads\/2025\/11\/OP_NAGRANIE_certyfikacyjny-2026.png","width":1920,"height":1920},{"@type":"BreadcrumbList","@id":"https:\/\/propedis.pl\/sklep\/produkt\/pakiet-certyfikacyjny-2025-2\/#breadcrumb","itemListElement":[{"@type":"ListItem","position":1,"name":"Strona g\u0142\u00f3wna","item":"https:\/\/propedis.pl\/sklep\/"},{"@type":"ListItem","position":2,"name":"Sklep","item":"https:\/\/propedis.pl\/sklep\/produkty\/"},{"@type":"ListItem","position":3,"name":"Kursy i szkolenia","item":"https:\/\/propedis.pl\/sklep\/kategoria-produktu\/szkolenia\/"},{"@type":"ListItem","position":4,"name":"PAKIET CERTYFIKACYJNY"}]},{"@type":"WebSite","@id":"https:\/\/propedis.pl\/sklep\/#website","url":"https:\/\/propedis.pl\/sklep\/","name":"Pro Pedis - Profesjonalnie dla st\u00f3p","description":"","potentialAction":[{"@type":"SearchAction","target":{"@type":"EntryPoint","urlTemplate":"https:\/\/propedis.pl\/sklep\/?s={search_term_string}"},"query-input":{"@type":"PropertyValueSpecification","valueRequired":true,"valueName":"search_term_string"}}],"inLanguage":"pl-PL"}]}},"_links":{"self":[{"href":"https:\/\/propedis.pl\/sklep\/wp-json\/wp\/v2\/product\/204517","targetHints":{"allow":["GET"]}}],"collection":[{"href":"https:\/\/propedis.pl\/sklep\/wp-json\/wp\/v2\/product"}],"about":[{"href":"https:\/\/propedis.pl\/sklep\/wp-json\/wp\/v2\/types\/product"}],"wp:featuredmedia":[{"embeddable":true,"href":"https:\/\/propedis.pl\/sklep\/wp-json\/wp\/v2\/media\/204738"}],"wp:attachment":[{"href":"https:\/\/propedis.pl\/sklep\/wp-json\/wp\/v2\/media?parent=204517"}],"wp:term":[{"taxonomy":"product_brand","embeddable":true,"href":"https:\/\/propedis.pl\/sklep\/wp-json\/wp\/v2\/product_brand?post=204517"},{"taxonomy":"product_cat","embeddable":true,"href":"https:\/\/propedis.pl\/sklep\/wp-json\/wp\/v2\/product_cat?post=204517"},{"taxonomy":"product_tag","embeddable":true,"href":"https:\/\/propedis.pl\/sklep\/wp-json\/wp\/v2\/product_tag?post=204517"}],"curies":[{"name":"wp","href":"https:\/\/api.w.org\/{rel}","templated":true}]}}