{"id":204547,"date":"2025-11-18T08:48:09","date_gmt":"2025-11-18T07:48:09","guid":{"rendered":""},"modified":"2026-04-11T17:55:33","modified_gmt":"2026-04-11T15:55:33","slug":"zestaw-akcesoriow-do-stop-zestaw-cwiczen","status":"publish","type":"product","link":"https:\/\/propedis.pl\/sklep\/produkt\/zestaw-akcesoriow-do-stop-zestaw-cwiczen\/","title":{"rendered":"Zestaw akcesori\u00f3w do st\u00f3p + zestaw \u0107wicze\u0144"},"content":{"rendered":"<h2 data-pm-slice=\"1 3 []\">ZESTAW KT\u00d3RY STAWIA NA STOPY<\/h2>\n<p>&nbsp;<\/p>\n<p><strong>\ud83c\udf81 Profesjonalny zestaw do autoterapii w domu<\/strong><\/p>\n<p>&#8222;Zestaw, kt\u00f3ry stawia na stopy&#8221; to komplet akcesori\u00f3w, kt\u00f3ry stworzyli\u015bmy z my\u015bl\u0105 o pacjentach \u2013 by mogli <strong>bezpiecznie kontynuowa\u0107 terapi\u0119 w domu<\/strong>.<\/p>\n<p>&nbsp;<\/p>\n<p><strong>W zestawie znajdziesz:<\/strong><\/p>\n<ol class=\"ProsemirrorEditor-list\">\n<li class=\"ProsemirrorEditor-listItem\" data-list-indent=\"1\" data-list-type=\"bulleted\"><strong>Pi\u0142eczk\u0119 z wypustkami<\/strong>\u00a0\u2013 masa\u017c, regeneracja, rozlu\u017anienie mi\u0119\u015bni i poprawa mobilno\u015bci.<\/li>\n<li class=\"ProsemirrorEditor-listItem\" data-list-indent=\"1\" data-list-type=\"bulleted\"><strong>Separatory \u017celowe (2 szt.)<\/strong>\u00a0\u2013 korekcja palc\u00f3w, profilaktyka haluks\u00f3w, komfort noszenia.<\/li>\n<li class=\"ProsemirrorEditor-listItem\" data-list-indent=\"1\" data-list-type=\"bulleted\"><strong>Roller do st\u00f3p<\/strong>\u00a0\u2013 automasa\u017c powi\u0119zi, lepsze kr\u0105\u017cenie i regeneracja po treningu.<\/li>\n<li class=\"ProsemirrorEditor-listItem\" data-list-indent=\"1\" data-list-type=\"bulleted\"><strong>Video z \u0107wiczeniami<\/strong> \u2013 bezpieczne instrukcje, kt\u00f3re mo\u017cesz wykonywa\u0107 samodzielnie.<\/li>\n<\/ol>\n<p>&nbsp;<\/p>\n<h2><strong>Dlaczego warto mie\u0107 ten zestaw?<\/strong><\/h2>\n<p>&nbsp;<\/p>\n<ol class=\"ProsemirrorEditor-list\">\n<li class=\"ProsemirrorEditor-listItem\" data-list-indent=\"1\" data-list-type=\"bulleted\">Bezpieczna kontynuacja terapii w domu\u00a0z jasnymi instrukcjami.<\/li>\n<li class=\"ProsemirrorEditor-listItem\" data-list-indent=\"1\" data-list-type=\"bulleted\">Redukcja b\u00f3lu, poprawa mobilno\u015bci, ulga po treningu i pracy stoj\u0105cej.<\/li>\n<li class=\"ProsemirrorEditor-listItem\" data-list-indent=\"1\" data-list-type=\"bulleted\">\u0141atwo\u015b\u0107 u\u017cycia \u2013 wszystko, czego potrzebujesz, otrzymujesz w jednym zestawie.<\/li>\n<li class=\"ProsemirrorEditor-listItem\" data-list-indent=\"1\" data-list-type=\"bulleted\">Estetyka i jako\u015b\u0107\u00a0\u2013 zestaw, kt\u00f3ry wygl\u0105da profesjonalnie i mo\u017ce by\u0107 r\u00f3wnie\u017c pomys\u0142em na prezent dla bliskich.<\/li>\n<\/ol>\n<p>&nbsp;<\/p>\n<p><strong>Dane techniczne:<\/strong><\/p>\n<ol class=\"ProsemirrorEditor-list\">\n<li class=\"ProsemirrorEditor-listItem\" data-list-indent=\"1\" data-list-type=\"bulleted\"><strong>Zawarto\u015b\u0107:<\/strong>\u00a0pi\u0142eczka z wypustkami, separatory \u017celowe (2 szt.), roller do st\u00f3p, dost\u0119p do video \u0107wicze\u0144 dla pacjent\u00f3w<\/li>\n<li class=\"ProsemirrorEditor-listItem\" data-list-indent=\"1\" data-list-type=\"bulleted\"><strong>Opakowanie:<\/strong>\u00a0Estetyczne, gotowe do ekspozycji lub sprzeda\u017cy prezentowej.<\/li>\n<li class=\"ProsemirrorEditor-listItem\" data-list-indent=\"1\" data-list-type=\"bulleted\"><strong>Przeznaczenie:<\/strong>\u00a0autoterapia, regeneracja, profilaktyka, rehabilitacja domowa<\/li>\n<\/ol>\n","protected":false},"excerpt":{"rendered":"<p>ZESTAW KT\u00d3RY STAWIA NA STOPY &nbsp; \ud83c\udf81 Profesjonalny zestaw do autoterapii w domu &#8222;Zestaw, kt\u00f3ry stawia na stopy&#8221; to komplet akcesori\u00f3w, kt\u00f3ry stworzyli\u015bmy z my\u015bl\u0105 o pacjentach \u2013 by mogli bezpiecznie kontynuowa\u0107 terapi\u0119 w domu. &nbsp; W zestawie znajdziesz: Pi\u0142eczk\u0119 z wypustkami\u00a0\u2013 masa\u017c, regeneracja, rozlu\u017anienie mi\u0119\u015bni i poprawa mobilno\u015bci. Separatory \u017celowe (2 szt.)\u00a0\u2013 korekcja palc\u00f3w, [&hellip;]<\/p>\n","protected":false},"featured_media":204418,"template":"","meta":{"ep_exclude_from_search":false},"product_brand":[],"product_cat":[480,470,425,48],"product_tag":[462,464,497,496],"class_list":{"0":"post-204547","1":"product","2":"type-product","3":"status-publish","4":"has-post-thumbnail","6":"product_cat-akcesoria","7":"product_cat-akcesoria-dla-pacjenta","8":"product_cat-inne-zestawy","9":"product_cat-zestawy","10":"product_tag-pileczka-do-masazu","11":"product_tag-pileczka-do-rolowania","12":"product_tag-roller-do-stop","13":"product_tag-separator-zelowy","14":"product_shipping_class-paczkomat","16":"first","17":"instock","18":"sale","19":"taxable","20":"shipping-taxable","21":"purchasable","22":"product-type-simple"},"yoast_head":"<!-- This site is optimized with the Yoast SEO Premium plugin v26.3 (Yoast SEO v27.2) - https:\/\/yoast.com\/product\/yoast-seo-premium-wordpress\/ -->\n<title>Zestaw akcesori\u00f3w do st\u00f3p + zestaw \u0107wicze\u0144 - Pro Pedis - Profesjonalnie dla st\u00f3p<\/title>\n<meta name=\"robots\" content=\"index, follow, max-snippet:-1, max-image-preview:large, max-video-preview:-1\" \/>\n<link rel=\"canonical\" href=\"https:\/\/propedis.pl\/sklep\/produkt\/zestaw-akcesoriow-do-stop-zestaw-cwiczen\/\" \/>\n<meta property=\"og:locale\" content=\"pl_PL\" \/>\n<meta property=\"og:type\" content=\"article\" \/>\n<meta property=\"og:title\" content=\"Zestaw akcesori\u00f3w do st\u00f3p + zestaw \u0107wicze\u0144\" \/>\n<meta property=\"og:description\" content=\"ZESTAW KT\u00d3RY STAWIA NA STOPY &nbsp; \ud83c\udf81 Profesjonalny zestaw do autoterapii w domu &#8222;Zestaw, kt\u00f3ry stawia na stopy&#8221; to komplet akcesori\u00f3w, kt\u00f3ry stworzyli\u015bmy z my\u015bl\u0105 o pacjentach \u2013 by mogli bezpiecznie kontynuowa\u0107 terapi\u0119 w domu. &nbsp; W zestawie znajdziesz: Pi\u0142eczk\u0119 z wypustkami\u00a0\u2013 masa\u017c, regeneracja, rozlu\u017anienie mi\u0119\u015bni i poprawa mobilno\u015bci. Separatory \u017celowe (2 szt.)\u00a0\u2013 korekcja palc\u00f3w, [&hellip;]\" \/>\n<meta property=\"og:url\" content=\"https:\/\/propedis.pl\/sklep\/produkt\/zestaw-akcesoriow-do-stop-zestaw-cwiczen\/\" \/>\n<meta property=\"og:site_name\" content=\"Pro Pedis - Profesjonalnie dla st\u00f3p\" \/>\n<meta property=\"article:modified_time\" content=\"2026-04-11T15:55:33+00:00\" \/>\n<meta property=\"og:image\" content=\"https:\/\/propedis.pl\/sklep\/wp-content\/uploads\/2025\/10\/zestaw_bez-tla.jpg\" \/>\n\t<meta property=\"og:image:width\" content=\"1080\" \/>\n\t<meta property=\"og:image:height\" content=\"1080\" \/>\n\t<meta property=\"og:image:type\" content=\"image\/jpeg\" \/>\n<meta name=\"twitter:card\" content=\"summary_large_image\" \/>\n<meta name=\"twitter:label1\" content=\"Szacowany czas czytania\" \/>\n\t<meta name=\"twitter:data1\" content=\"2 minuty\" \/>\n<script type=\"application\/ld+json\" class=\"yoast-schema-graph\">{\"@context\":\"https:\/\/schema.org\",\"@graph\":[{\"@type\":\"WebPage\",\"@id\":\"https:\/\/propedis.pl\/sklep\/produkt\/zestaw-akcesoriow-do-stop-zestaw-cwiczen\/\",\"url\":\"https:\/\/propedis.pl\/sklep\/produkt\/zestaw-akcesoriow-do-stop-zestaw-cwiczen\/\",\"name\":\"Zestaw akcesori\u00f3w do st\u00f3p + zestaw \u0107wicze\u0144 - Pro Pedis - Profesjonalnie dla st\u00f3p\",\"isPartOf\":{\"@id\":\"https:\/\/propedis.pl\/sklep\/#website\"},\"primaryImageOfPage\":{\"@id\":\"https:\/\/propedis.pl\/sklep\/produkt\/zestaw-akcesoriow-do-stop-zestaw-cwiczen\/#primaryimage\"},\"image\":{\"@id\":\"https:\/\/propedis.pl\/sklep\/produkt\/zestaw-akcesoriow-do-stop-zestaw-cwiczen\/#primaryimage\"},\"thumbnailUrl\":\"https:\/\/propedis.pl\/sklep\/wp-content\/uploads\/2025\/10\/zestaw_bez-tla.jpg\",\"datePublished\":\"2025-11-18T07:48:09+00:00\",\"dateModified\":\"2026-04-11T15:55:33+00:00\",\"breadcrumb\":{\"@id\":\"https:\/\/propedis.pl\/sklep\/produkt\/zestaw-akcesoriow-do-stop-zestaw-cwiczen\/#breadcrumb\"},\"inLanguage\":\"pl-PL\",\"potentialAction\":[{\"@type\":\"ReadAction\",\"target\":[\"https:\/\/propedis.pl\/sklep\/produkt\/zestaw-akcesoriow-do-stop-zestaw-cwiczen\/\"]}]},{\"@type\":\"ImageObject\",\"inLanguage\":\"pl-PL\",\"@id\":\"https:\/\/propedis.pl\/sklep\/produkt\/zestaw-akcesoriow-do-stop-zestaw-cwiczen\/#primaryimage\",\"url\":\"https:\/\/propedis.pl\/sklep\/wp-content\/uploads\/2025\/10\/zestaw_bez-tla.jpg\",\"contentUrl\":\"https:\/\/propedis.pl\/sklep\/wp-content\/uploads\/2025\/10\/zestaw_bez-tla.jpg\",\"width\":1080,\"height\":1080},{\"@type\":\"BreadcrumbList\",\"@id\":\"https:\/\/propedis.pl\/sklep\/produkt\/zestaw-akcesoriow-do-stop-zestaw-cwiczen\/#breadcrumb\",\"itemListElement\":[{\"@type\":\"ListItem\",\"position\":1,\"name\":\"Strona g\u0142\u00f3wna\",\"item\":\"https:\/\/propedis.pl\/sklep\/\"},{\"@type\":\"ListItem\",\"position\":2,\"name\":\"Sklep\",\"item\":\"https:\/\/propedis.pl\/sklep\/produkty\/\"},{\"@type\":\"ListItem\",\"position\":3,\"name\":\"Akcesoria dla pacjenta\",\"item\":\"https:\/\/propedis.pl\/sklep\/kategoria-produktu\/akcesoria-dla-pacjenta\/\"},{\"@type\":\"ListItem\",\"position\":4,\"name\":\"Zestaw akcesori\u00f3w do st\u00f3p + zestaw \u0107wicze\u0144\"}]},{\"@type\":\"WebSite\",\"@id\":\"https:\/\/propedis.pl\/sklep\/#website\",\"url\":\"https:\/\/propedis.pl\/sklep\/\",\"name\":\"Pro Pedis - Profesjonalnie dla st\u00f3p\",\"description\":\"\",\"potentialAction\":[{\"@type\":\"SearchAction\",\"target\":{\"@type\":\"EntryPoint\",\"urlTemplate\":\"https:\/\/propedis.pl\/sklep\/?s={search_term_string}\"},\"query-input\":{\"@type\":\"PropertyValueSpecification\",\"valueRequired\":true,\"valueName\":\"search_term_string\"}}],\"inLanguage\":\"pl-PL\"}]}<\/script>\n<!-- \/ Yoast SEO Premium plugin. -->","yoast_head_json":{"title":"Zestaw akcesori\u00f3w do st\u00f3p + zestaw \u0107wicze\u0144 - Pro Pedis - Profesjonalnie dla st\u00f3p","robots":{"index":"index","follow":"follow","max-snippet":"max-snippet:-1","max-image-preview":"max-image-preview:large","max-video-preview":"max-video-preview:-1"},"canonical":"https:\/\/propedis.pl\/sklep\/produkt\/zestaw-akcesoriow-do-stop-zestaw-cwiczen\/","og_locale":"pl_PL","og_type":"article","og_title":"Zestaw akcesori\u00f3w do st\u00f3p + zestaw \u0107wicze\u0144","og_description":"ZESTAW KT\u00d3RY STAWIA NA STOPY &nbsp; \ud83c\udf81 Profesjonalny zestaw do autoterapii w domu &#8222;Zestaw, kt\u00f3ry stawia na stopy&#8221; to komplet akcesori\u00f3w, kt\u00f3ry stworzyli\u015bmy z my\u015bl\u0105 o pacjentach \u2013 by mogli bezpiecznie kontynuowa\u0107 terapi\u0119 w domu. &nbsp; W zestawie znajdziesz: Pi\u0142eczk\u0119 z wypustkami\u00a0\u2013 masa\u017c, regeneracja, rozlu\u017anienie mi\u0119\u015bni i poprawa mobilno\u015bci. Separatory \u017celowe (2 szt.)\u00a0\u2013 korekcja palc\u00f3w, [&hellip;]","og_url":"https:\/\/propedis.pl\/sklep\/produkt\/zestaw-akcesoriow-do-stop-zestaw-cwiczen\/","og_site_name":"Pro Pedis - Profesjonalnie dla st\u00f3p","article_modified_time":"2026-04-11T15:55:33+00:00","og_image":[{"width":1080,"height":1080,"url":"https:\/\/propedis.pl\/sklep\/wp-content\/uploads\/2025\/10\/zestaw_bez-tla.jpg","type":"image\/jpeg"}],"twitter_card":"summary_large_image","twitter_misc":{"Szacowany czas czytania":"2 minuty"},"schema":{"@context":"https:\/\/schema.org","@graph":[{"@type":"WebPage","@id":"https:\/\/propedis.pl\/sklep\/produkt\/zestaw-akcesoriow-do-stop-zestaw-cwiczen\/","url":"https:\/\/propedis.pl\/sklep\/produkt\/zestaw-akcesoriow-do-stop-zestaw-cwiczen\/","name":"Zestaw akcesori\u00f3w do st\u00f3p + zestaw \u0107wicze\u0144 - Pro Pedis - Profesjonalnie dla st\u00f3p","isPartOf":{"@id":"https:\/\/propedis.pl\/sklep\/#website"},"primaryImageOfPage":{"@id":"https:\/\/propedis.pl\/sklep\/produkt\/zestaw-akcesoriow-do-stop-zestaw-cwiczen\/#primaryimage"},"image":{"@id":"https:\/\/propedis.pl\/sklep\/produkt\/zestaw-akcesoriow-do-stop-zestaw-cwiczen\/#primaryimage"},"thumbnailUrl":"https:\/\/propedis.pl\/sklep\/wp-content\/uploads\/2025\/10\/zestaw_bez-tla.jpg","datePublished":"2025-11-18T07:48:09+00:00","dateModified":"2026-04-11T15:55:33+00:00","breadcrumb":{"@id":"https:\/\/propedis.pl\/sklep\/produkt\/zestaw-akcesoriow-do-stop-zestaw-cwiczen\/#breadcrumb"},"inLanguage":"pl-PL","potentialAction":[{"@type":"ReadAction","target":["https:\/\/propedis.pl\/sklep\/produkt\/zestaw-akcesoriow-do-stop-zestaw-cwiczen\/"]}]},{"@type":"ImageObject","inLanguage":"pl-PL","@id":"https:\/\/propedis.pl\/sklep\/produkt\/zestaw-akcesoriow-do-stop-zestaw-cwiczen\/#primaryimage","url":"https:\/\/propedis.pl\/sklep\/wp-content\/uploads\/2025\/10\/zestaw_bez-tla.jpg","contentUrl":"https:\/\/propedis.pl\/sklep\/wp-content\/uploads\/2025\/10\/zestaw_bez-tla.jpg","width":1080,"height":1080},{"@type":"BreadcrumbList","@id":"https:\/\/propedis.pl\/sklep\/produkt\/zestaw-akcesoriow-do-stop-zestaw-cwiczen\/#breadcrumb","itemListElement":[{"@type":"ListItem","position":1,"name":"Strona g\u0142\u00f3wna","item":"https:\/\/propedis.pl\/sklep\/"},{"@type":"ListItem","position":2,"name":"Sklep","item":"https:\/\/propedis.pl\/sklep\/produkty\/"},{"@type":"ListItem","position":3,"name":"Akcesoria dla pacjenta","item":"https:\/\/propedis.pl\/sklep\/kategoria-produktu\/akcesoria-dla-pacjenta\/"},{"@type":"ListItem","position":4,"name":"Zestaw akcesori\u00f3w do st\u00f3p + zestaw \u0107wicze\u0144"}]},{"@type":"WebSite","@id":"https:\/\/propedis.pl\/sklep\/#website","url":"https:\/\/propedis.pl\/sklep\/","name":"Pro Pedis - Profesjonalnie dla st\u00f3p","description":"","potentialAction":[{"@type":"SearchAction","target":{"@type":"EntryPoint","urlTemplate":"https:\/\/propedis.pl\/sklep\/?s={search_term_string}"},"query-input":{"@type":"PropertyValueSpecification","valueRequired":true,"valueName":"search_term_string"}}],"inLanguage":"pl-PL"}]}},"_links":{"self":[{"href":"https:\/\/propedis.pl\/sklep\/wp-json\/wp\/v2\/product\/204547","targetHints":{"allow":["GET"]}}],"collection":[{"href":"https:\/\/propedis.pl\/sklep\/wp-json\/wp\/v2\/product"}],"about":[{"href":"https:\/\/propedis.pl\/sklep\/wp-json\/wp\/v2\/types\/product"}],"wp:featuredmedia":[{"embeddable":true,"href":"https:\/\/propedis.pl\/sklep\/wp-json\/wp\/v2\/media\/204418"}],"wp:attachment":[{"href":"https:\/\/propedis.pl\/sklep\/wp-json\/wp\/v2\/media?parent=204547"}],"wp:term":[{"taxonomy":"product_brand","embeddable":true,"href":"https:\/\/propedis.pl\/sklep\/wp-json\/wp\/v2\/product_brand?post=204547"},{"taxonomy":"product_cat","embeddable":true,"href":"https:\/\/propedis.pl\/sklep\/wp-json\/wp\/v2\/product_cat?post=204547"},{"taxonomy":"product_tag","embeddable":true,"href":"https:\/\/propedis.pl\/sklep\/wp-json\/wp\/v2\/product_tag?post=204547"}],"curies":[{"name":"wp","href":"https:\/\/api.w.org\/{rel}","templated":true}]}}