{"id":204601,"date":"2025-11-28T14:09:07","date_gmt":"2025-11-28T13:09:07","guid":{"rendered":"https:\/\/propedis.pl\/sklep\/?post_type=product&#038;p=204601"},"modified":"2026-02-26T11:52:26","modified_gmt":"2026-02-26T10:52:26","slug":"platforma-z-poreczami-7940-cp","status":"publish","type":"product","link":"https:\/\/propedis.pl\/sklep\/produkt\/platforma-z-poreczami-7940-cp\/","title":{"rendered":"Platforma z por\u0119czami 7940-CP"},"content":{"rendered":"<p style=\"margin: 0cm; margin-bottom: .0001pt;\">Platforma s\u0142u\u017c\u0105ca do umieszczenia urz\u0105dzenia Feet Print (poduszki pr\u00f3\u017cniowe). Wbudowane por\u0119cze zapewniaj\u0105 bezpiecze\u0144stwo i stabilno\u015b\u0107 pacjenta podczas pobierania odcisku pr\u00f3\u017cniowego st\u00f3p.<\/p>\n","protected":false},"excerpt":{"rendered":"<p>Platforma s\u0142u\u017c\u0105ca do umieszczenia urz\u0105dzenia Feet Print (poduszki pr\u00f3\u017cniowe).<\/p>\n","protected":false},"featured_media":204602,"template":"","meta":{"ep_exclude_from_search":false},"product_brand":[],"product_cat":[412,407],"product_tag":[],"class_list":{"0":"post-204601","1":"product","2":"type-product","3":"status-publish","4":"has-post-thumbnail","6":"product_cat-termoformowanie","7":"product_cat-urzadzenia-do-wkladek","8":"product_shipping_class-paleta","10":"first","11":"onbackorder","12":"taxable","13":"shipping-taxable","14":"purchasable","15":"product-type-simple"},"yoast_head":"<!-- This site is optimized with the Yoast SEO Premium plugin v26.3 (Yoast SEO v27.2) - https:\/\/yoast.com\/product\/yoast-seo-premium-wordpress\/ -->\n<title>Platforma z por\u0119czami 7940-CP - Pro Pedis - Profesjonalnie dla st\u00f3p<\/title>\n<meta name=\"robots\" content=\"index, follow, max-snippet:-1, max-image-preview:large, max-video-preview:-1\" \/>\n<link rel=\"canonical\" href=\"https:\/\/propedis.pl\/sklep\/produkt\/platforma-z-poreczami-7940-cp\/\" \/>\n<meta property=\"og:locale\" content=\"pl_PL\" \/>\n<meta property=\"og:type\" content=\"article\" \/>\n<meta property=\"og:title\" content=\"Platforma z por\u0119czami 7940-CP\" \/>\n<meta property=\"og:description\" content=\"Platforma s\u0142u\u017c\u0105ca do umieszczenia urz\u0105dzenia Feet Print (poduszki pr\u00f3\u017cniowe).\" \/>\n<meta property=\"og:url\" content=\"https:\/\/propedis.pl\/sklep\/produkt\/platforma-z-poreczami-7940-cp\/\" \/>\n<meta property=\"og:site_name\" content=\"Pro Pedis - Profesjonalnie dla st\u00f3p\" \/>\n<meta property=\"article:modified_time\" content=\"2026-02-26T10:52:26+00:00\" \/>\n<meta property=\"og:image\" content=\"https:\/\/propedis.pl\/sklep\/wp-content\/uploads\/2025\/11\/7940-plateau-et-canne-de-maintien-002-scaled.png\" \/>\n\t<meta property=\"og:image:width\" content=\"2560\" \/>\n\t<meta property=\"og:image:height\" content=\"2560\" \/>\n\t<meta property=\"og:image:type\" content=\"image\/png\" \/>\n<meta name=\"twitter:card\" content=\"summary_large_image\" \/>\n<meta name=\"twitter:label1\" content=\"Szacowany czas czytania\" \/>\n\t<meta name=\"twitter:data1\" content=\"1 minuta\" \/>\n<script type=\"application\/ld+json\" class=\"yoast-schema-graph\">{\"@context\":\"https:\/\/schema.org\",\"@graph\":[{\"@type\":\"WebPage\",\"@id\":\"https:\/\/propedis.pl\/sklep\/produkt\/platforma-z-poreczami-7940-cp\/\",\"url\":\"https:\/\/propedis.pl\/sklep\/produkt\/platforma-z-poreczami-7940-cp\/\",\"name\":\"Platforma z por\u0119czami 7940-CP - Pro Pedis - Profesjonalnie dla st\u00f3p\",\"isPartOf\":{\"@id\":\"https:\/\/propedis.pl\/sklep\/#website\"},\"primaryImageOfPage\":{\"@id\":\"https:\/\/propedis.pl\/sklep\/produkt\/platforma-z-poreczami-7940-cp\/#primaryimage\"},\"image\":{\"@id\":\"https:\/\/propedis.pl\/sklep\/produkt\/platforma-z-poreczami-7940-cp\/#primaryimage\"},\"thumbnailUrl\":\"https:\/\/propedis.pl\/sklep\/wp-content\/uploads\/2025\/11\/7940-plateau-et-canne-de-maintien-002-scaled.png\",\"datePublished\":\"2025-11-28T13:09:07+00:00\",\"dateModified\":\"2026-02-26T10:52:26+00:00\",\"breadcrumb\":{\"@id\":\"https:\/\/propedis.pl\/sklep\/produkt\/platforma-z-poreczami-7940-cp\/#breadcrumb\"},\"inLanguage\":\"pl-PL\",\"potentialAction\":[{\"@type\":\"ReadAction\",\"target\":[\"https:\/\/propedis.pl\/sklep\/produkt\/platforma-z-poreczami-7940-cp\/\"]}]},{\"@type\":\"ImageObject\",\"inLanguage\":\"pl-PL\",\"@id\":\"https:\/\/propedis.pl\/sklep\/produkt\/platforma-z-poreczami-7940-cp\/#primaryimage\",\"url\":\"https:\/\/propedis.pl\/sklep\/wp-content\/uploads\/2025\/11\/7940-plateau-et-canne-de-maintien-002-scaled.png\",\"contentUrl\":\"https:\/\/propedis.pl\/sklep\/wp-content\/uploads\/2025\/11\/7940-plateau-et-canne-de-maintien-002-scaled.png\",\"width\":2560,\"height\":2560},{\"@type\":\"BreadcrumbList\",\"@id\":\"https:\/\/propedis.pl\/sklep\/produkt\/platforma-z-poreczami-7940-cp\/#breadcrumb\",\"itemListElement\":[{\"@type\":\"ListItem\",\"position\":1,\"name\":\"Strona g\u0142\u00f3wna\",\"item\":\"https:\/\/propedis.pl\/sklep\/\"},{\"@type\":\"ListItem\",\"position\":2,\"name\":\"Sklep\",\"item\":\"https:\/\/propedis.pl\/sklep\/produkty\/\"},{\"@type\":\"ListItem\",\"position\":3,\"name\":\"Urz\u0105dzenia do wk\u0142adek\",\"item\":\"https:\/\/propedis.pl\/sklep\/kategoria-produktu\/urzadzenia-do-wkladek\/\"},{\"@type\":\"ListItem\",\"position\":4,\"name\":\"Termoformowanie\",\"item\":\"https:\/\/propedis.pl\/sklep\/kategoria-produktu\/urzadzenia-do-wkladek\/termoformowanie\/\"},{\"@type\":\"ListItem\",\"position\":5,\"name\":\"Platforma z por\u0119czami 7940-CP\"}]},{\"@type\":\"WebSite\",\"@id\":\"https:\/\/propedis.pl\/sklep\/#website\",\"url\":\"https:\/\/propedis.pl\/sklep\/\",\"name\":\"Pro Pedis - Profesjonalnie dla st\u00f3p\",\"description\":\"\",\"potentialAction\":[{\"@type\":\"SearchAction\",\"target\":{\"@type\":\"EntryPoint\",\"urlTemplate\":\"https:\/\/propedis.pl\/sklep\/?s={search_term_string}\"},\"query-input\":{\"@type\":\"PropertyValueSpecification\",\"valueRequired\":true,\"valueName\":\"search_term_string\"}}],\"inLanguage\":\"pl-PL\"}]}<\/script>\n<!-- \/ Yoast SEO Premium plugin. -->","yoast_head_json":{"title":"Platforma z por\u0119czami 7940-CP - Pro Pedis - Profesjonalnie dla st\u00f3p","robots":{"index":"index","follow":"follow","max-snippet":"max-snippet:-1","max-image-preview":"max-image-preview:large","max-video-preview":"max-video-preview:-1"},"canonical":"https:\/\/propedis.pl\/sklep\/produkt\/platforma-z-poreczami-7940-cp\/","og_locale":"pl_PL","og_type":"article","og_title":"Platforma z por\u0119czami 7940-CP","og_description":"Platforma s\u0142u\u017c\u0105ca do umieszczenia urz\u0105dzenia Feet Print (poduszki pr\u00f3\u017cniowe).","og_url":"https:\/\/propedis.pl\/sklep\/produkt\/platforma-z-poreczami-7940-cp\/","og_site_name":"Pro Pedis - Profesjonalnie dla st\u00f3p","article_modified_time":"2026-02-26T10:52:26+00:00","og_image":[{"width":2560,"height":2560,"url":"https:\/\/propedis.pl\/sklep\/wp-content\/uploads\/2025\/11\/7940-plateau-et-canne-de-maintien-002-scaled.png","type":"image\/png"}],"twitter_card":"summary_large_image","twitter_misc":{"Szacowany czas czytania":"1 minuta"},"schema":{"@context":"https:\/\/schema.org","@graph":[{"@type":"WebPage","@id":"https:\/\/propedis.pl\/sklep\/produkt\/platforma-z-poreczami-7940-cp\/","url":"https:\/\/propedis.pl\/sklep\/produkt\/platforma-z-poreczami-7940-cp\/","name":"Platforma z por\u0119czami 7940-CP - Pro Pedis - Profesjonalnie dla st\u00f3p","isPartOf":{"@id":"https:\/\/propedis.pl\/sklep\/#website"},"primaryImageOfPage":{"@id":"https:\/\/propedis.pl\/sklep\/produkt\/platforma-z-poreczami-7940-cp\/#primaryimage"},"image":{"@id":"https:\/\/propedis.pl\/sklep\/produkt\/platforma-z-poreczami-7940-cp\/#primaryimage"},"thumbnailUrl":"https:\/\/propedis.pl\/sklep\/wp-content\/uploads\/2025\/11\/7940-plateau-et-canne-de-maintien-002-scaled.png","datePublished":"2025-11-28T13:09:07+00:00","dateModified":"2026-02-26T10:52:26+00:00","breadcrumb":{"@id":"https:\/\/propedis.pl\/sklep\/produkt\/platforma-z-poreczami-7940-cp\/#breadcrumb"},"inLanguage":"pl-PL","potentialAction":[{"@type":"ReadAction","target":["https:\/\/propedis.pl\/sklep\/produkt\/platforma-z-poreczami-7940-cp\/"]}]},{"@type":"ImageObject","inLanguage":"pl-PL","@id":"https:\/\/propedis.pl\/sklep\/produkt\/platforma-z-poreczami-7940-cp\/#primaryimage","url":"https:\/\/propedis.pl\/sklep\/wp-content\/uploads\/2025\/11\/7940-plateau-et-canne-de-maintien-002-scaled.png","contentUrl":"https:\/\/propedis.pl\/sklep\/wp-content\/uploads\/2025\/11\/7940-plateau-et-canne-de-maintien-002-scaled.png","width":2560,"height":2560},{"@type":"BreadcrumbList","@id":"https:\/\/propedis.pl\/sklep\/produkt\/platforma-z-poreczami-7940-cp\/#breadcrumb","itemListElement":[{"@type":"ListItem","position":1,"name":"Strona g\u0142\u00f3wna","item":"https:\/\/propedis.pl\/sklep\/"},{"@type":"ListItem","position":2,"name":"Sklep","item":"https:\/\/propedis.pl\/sklep\/produkty\/"},{"@type":"ListItem","position":3,"name":"Urz\u0105dzenia do wk\u0142adek","item":"https:\/\/propedis.pl\/sklep\/kategoria-produktu\/urzadzenia-do-wkladek\/"},{"@type":"ListItem","position":4,"name":"Termoformowanie","item":"https:\/\/propedis.pl\/sklep\/kategoria-produktu\/urzadzenia-do-wkladek\/termoformowanie\/"},{"@type":"ListItem","position":5,"name":"Platforma z por\u0119czami 7940-CP"}]},{"@type":"WebSite","@id":"https:\/\/propedis.pl\/sklep\/#website","url":"https:\/\/propedis.pl\/sklep\/","name":"Pro Pedis - Profesjonalnie dla st\u00f3p","description":"","potentialAction":[{"@type":"SearchAction","target":{"@type":"EntryPoint","urlTemplate":"https:\/\/propedis.pl\/sklep\/?s={search_term_string}"},"query-input":{"@type":"PropertyValueSpecification","valueRequired":true,"valueName":"search_term_string"}}],"inLanguage":"pl-PL"}]}},"_links":{"self":[{"href":"https:\/\/propedis.pl\/sklep\/wp-json\/wp\/v2\/product\/204601","targetHints":{"allow":["GET"]}}],"collection":[{"href":"https:\/\/propedis.pl\/sklep\/wp-json\/wp\/v2\/product"}],"about":[{"href":"https:\/\/propedis.pl\/sklep\/wp-json\/wp\/v2\/types\/product"}],"wp:featuredmedia":[{"embeddable":true,"href":"https:\/\/propedis.pl\/sklep\/wp-json\/wp\/v2\/media\/204602"}],"wp:attachment":[{"href":"https:\/\/propedis.pl\/sklep\/wp-json\/wp\/v2\/media?parent=204601"}],"wp:term":[{"taxonomy":"product_brand","embeddable":true,"href":"https:\/\/propedis.pl\/sklep\/wp-json\/wp\/v2\/product_brand?post=204601"},{"taxonomy":"product_cat","embeddable":true,"href":"https:\/\/propedis.pl\/sklep\/wp-json\/wp\/v2\/product_cat?post=204601"},{"taxonomy":"product_tag","embeddable":true,"href":"https:\/\/propedis.pl\/sklep\/wp-json\/wp\/v2\/product_tag?post=204601"}],"curies":[{"name":"wp","href":"https:\/\/api.w.org\/{rel}","templated":true}]}}