{"id":205304,"date":"2026-04-15T09:40:17","date_gmt":"2026-04-15T07:40:17","guid":{"rendered":"https:\/\/propedis.pl\/sklep\/?post_type=product&#038;p=205304"},"modified":"2026-04-15T16:17:11","modified_gmt":"2026-04-15T14:17:11","slug":"pakiet-certyfikacyjny-stopy-dzieci","status":"publish","type":"product","link":"https:\/\/propedis.pl\/sklep\/produkt\/pakiet-certyfikacyjny-stopy-dzieci\/","title":{"rendered":"Pakiet Certyfikacyjny: stopy dzieci"},"content":{"rendered":"\r\n<h2><strong>Pakiet Certyfikacyjny: stopy dzieci<\/strong><\/h2>\r\n<p>&nbsp;<\/p>\r\n\r\n\r\n\r\n<p class=\"wp-block-heading\">Przygotowa\u0142am dla Ciebie wyj\u0105tkowy PAKIET CERTYFIKACYJNY: STOPY DZIECI, kt\u00f3ry da Ci wiedz\u0119 potrzebn\u0105\u00a0do diagnozy i pracy z dzie\u0107mi w Twoim gabinecie.<\/p>\r\n<p>&nbsp;<\/p>\r\n\r\n\r\n\r\n<p>Pakiet zosta\u0142 przygotowany z my\u015bl\u0105 o fizjoterapeutach i ortopodologach, kt\u00f3rzy chc\u0105 usystematyzowa\u0107 wiedz\u0119 z zakresu diagnostyki i terapii b\u00f3lu ko\u0144czyn u dzieci oraz pewniej prowadzi\u0107 ma\u0142ych pacjent\u00f3w przez proces leczenia.<\/p>\r\n<p>&nbsp;<\/p>\r\n\r\n\r\n\r\n<p>W sk\u0142ad pakietu wchodzi 7 szkole\u0144, kt\u00f3re przeprowadz\u0105 Ci\u0119 przez najcz\u0119stsze problemy, z jakimi dzieci trafiaj\u0105 do gabinetu i poka\u017c\u0105 Ci jak skutecznie i pewnie pracowa\u0107:<\/p>\r\n\r\n\r\n\r\n<ol class=\"wp-block-list\">\r\n<li><strong>Dziecko z b\u00f3lem ko\u0144czyn dolnych w gabinecie fizjoterapeuty<\/strong><a href=\"https:\/\/propedis.pl\/sklep\/produkt\/webinar-dziecko\/\">:<\/a> Wszystko czego potrzebujesz, kiedy do Twojego gabinetu fizjoterapeuty trafi dziecko z b\u00f3lem ko\u0144czyn dolnych.\u00a0<\/li>\r\n\r\n\r\n\r\n<li><strong>Jak korygowa\u0107 wady st\u00f3p u dzieci<\/strong>: Nagranie wideo wyk\u0142adu wraz z om\u00f3wieniem przypadk\u00f3w z gabinetu dr Joanny Stodolnej \u2013 Tukendorf. Znajdziesz w nim informacje na temat stopy prawid\u0142owej i jej faz rozwoju. Poznasz przyczyny wad st\u00f3p u dzieci i dowiesz si\u0119, kt\u00f3re z nich wyst\u0119puj\u0105 najcz\u0119\u015bciej.\u00a0\u00a0<\/li>\r\n\r\n\r\n\r\n<li><strong>MA\u0141E STOPY \u2013 MA\u0141Y PROBLEM? \u2013 wywiad z Ma\u0142gorzat\u0105 Paleczny<\/strong>: Dowiesz si\u0119, jak wspiera\u0107 rozw\u00f3j st\u00f3p swojego dziecka w codziennych sytuacjach. Razem z Ma\u0142gorzat\u0105 Paleczny &#8211; do\u015bwiadczon\u0105 fizjoterapeutk\u0105 dzieci\u0119c\u0105 i mam\u0105 pi\u0105tki dzieci &#8211; rozwiewamy w\u0105tpliwo\u015bci dotycz\u0105ce m.in. u\u017cywania chodzik\u00f3w, wczesnego sadzania czy noszenia but\u00f3w przez niemowl\u0119ta. Podczas szkolenia poznasz zale\u017cno\u015bci mi\u0119dzy rozwojem st\u00f3p, a og\u00f3lnym rozwojem psychomotorycznym dziecka.\u00a0<br \/><br \/><\/li>\r\n\r\n\r\n\r\n<li><strong>CH\u00d3D GO\u0141\u0118BI U DZIECI \u2013 DIAGNOZA I TERAPIA<\/strong>: Szkolenie koncentruje si\u0119 na kluczowych aspektach diagnozy i terapii chodu go\u0142\u0119biego u dzieci, znanego r\u00f3wnie\u017c jako ch\u00f3d z rotacj\u0105 wewn\u0119trzn\u0105 st\u00f3p. Poznasz najnowsze badania i praktyki dotycz\u0105ce diagnozy i terapii chodu go\u0142\u0119biego. Nauczysz si\u0119 skutecznych metod terapii, w tym \u0107wicze\u0144, technik manualnych i doboru wk\u0142adek ortopedycznych. Zrozumiesz, jak ch\u00f3d go\u0142\u0119bi wp\u0142ywa na ca\u0142e cia\u0142o dziecka, w tym na stawy kolanowe, biodrowe i kr\u0119gos\u0142up. Dowiesz si\u0119, jakie s\u0105 b\u0142\u0119dne przekonania na temat chodu go\u0142\u0119biego i jak edukowa\u0107 rodzic\u00f3w.\u00a0<br \/><br \/><\/li>\r\n\r\n\r\n\r\n<li><strong>DZIECKO W GABINECIE PODOLOGICZNYM<\/strong>: Szkolenie koncentruje si\u0119 na kluczowych aspektach pracy z dzie\u0107mi w gabinecie podologicznym, omawiaj\u0105c zar\u00f3wno techniki diagnozy, jak i podej\u015bcie psychologiczne do ma\u0142ych pacjent\u00f3w. Nauczysz si\u0119, jak skutecznie komunikowa\u0107 si\u0119 z dzieckiem i rodzicami, aby zapewni\u0107 komfort podczas wizyty. Poznasz najnowsze metody diagnozy i terapii najcz\u0119stszych problem\u00f3w st\u00f3p u dzieci. Zrozumiesz, jak wczesne etapy rozwoju wp\u0142ywaj\u0105 na zdrowie st\u00f3p i ca\u0142ego uk\u0142adu ruchu. Dowiesz si\u0119, jak wczesna interwencja mo\u017ce zapobiec powa\u017cniejszym problemom w przysz\u0142o\u015bci.<br \/>\u00a0<\/li>\r\n\r\n\r\n\r\n<li><strong>PROBLEMY MA\u0141YCH ST\u00d3P<\/strong>: Szkolenie skupione na temacie rozwoju st\u00f3p u dzieci, w kt\u00f3rym om\u00f3wione zosta\u0142y najcz\u0119stsze wady st\u00f3p u dzieci inieprawid\u0142owo\u015bci oraz sposoby ich korekcji. W trakcie szkolenie dowiesz si\u0119 kiedy interweniowa\u0107 w przypadku wad st\u00f3p u dzieci, a kiedy obserwowa\u0107 naturalny rozw\u00f3j. Poznasz konkretne metody diagnostyczne i terapeutyczne, kt\u00f3re mo\u017cesz zastosowa\u0107 w swojej praktyce. Zaktualizujesz swoj\u0105 wiedz\u0119 na temat trend\u00f3w w fizjoterapii dzieci\u0119cej.\u00a0<br \/><br \/><\/li>\r\n\r\n\r\n\r\n<li><strong>STOPY DZIECKA \u2013 KIEDY I CO POWINNO NIEPOKOI\u0106?<\/strong> Interaktywne szkolenie skoncentrowane na kluczowych aspektach terapii st\u00f3p dzieci, ze szczeg\u00f3lnym uwzgl\u0119dnieniem p\u0142askostopia, prawid\u0142owego rozwoju st\u00f3p oraz moment\u00f3w, kiedy interwencja jest niezb\u0119dna.<\/li>\r\n<\/ol>\r\n<p>&nbsp;<\/p>\r\n\r\n\r\n\r\n<p><strong>Program zosta\u0142 opracowany tak, aby mo\u017cna go by\u0142o przerobi\u0107 i wdro\u017cy\u0107 w ci\u0105gu maksymalnie 30 dni.<\/strong> Ka\u017cde szkolenie koncentruje si\u0119 na praktycznych aspektach diagnostyki i terapii, omawiaj\u0105c realne przypadki kliniczne oraz sprawdzone schematy post\u0119powania. Prosto z mojego gabinetu.<\/p>\r\n<p>&nbsp;<\/p>\r\n<p>&nbsp;<\/p>\r\n\r\n\r\n\r\n<p><strong>Po zrealizowaniu materia\u0142u ze szkole\u0144 w Pakiecie Certyfikacyjnym: stopy dzieci:<\/strong><\/p>\r\n\r\n\r\n\r\n<ol class=\"wp-block-list\">\r\n<li>uporz\u0105dkujesz wiedz\u0119 z zakresu diagnostyki b\u00f3lu ko\u0144czyn dolnych u dzieci<\/li>\r\n\r\n\r\n\r\n<li>poznasz kryteria r\u00f3\u017cnicowania najcz\u0119stszych patologii w tej grupie wiekowej<\/li>\r\n\r\n\r\n\r\n<li>zyskasz pewno\u015b\u0107 w prowadzeniu ma\u0142ego pacjenta od diagnozy do terapii<\/li>\r\n\r\n\r\n\r\n<li>b\u0119dziesz wiedzie\u0107, kiedy wdro\u017cy\u0107 interwencj\u0119, a kiedy zastosowa\u0107 obserwacj\u0119<\/li>\r\n\r\n\r\n\r\n<li>nauczysz si\u0119 jak rozmawia\u0107 z rodzicami, aby byli Twoimi partnerami w procesie terapeutycznym<\/li>\r\n<\/ol>\r\n<p>&nbsp;<\/p>\r\n\r\n\r\n\r\n<h3><strong>Po jego uko\u0144czeniu ca\u0142ego programu szkolenia otrzymasz imienny certyfikat potwierdzaj\u0105cy Twoje nowe kompetencje i umiej\u0119tno\u015bci.<\/strong><\/h3>\r\n<p>&nbsp;<\/p>\r\n\r\n\r\n\r\n<p><strong>Dlaczego warto uczy\u0107 si\u0119 w\u0142a\u015bnie ode mnie?<\/strong><\/p>\r\n\r\n\r\n\r\n<p>dr n. med. Joanna Stodolna-Tukendorf<\/p>\r\n\r\n\r\n\r\n<p>Fizjoterapeutka, ortopodolog, autorka publikacji, trenerka, wsp\u00f3\u0142za\u0142o\u017cycielka Pro Pedis, dyrektorka medyczna sieci klinik FootMedica<\/p>\r\n\r\n\r\n\r\n<p>Jestem fizjoterapeutk\u0105 nastawion\u0105 na <strong>leczenie zaburze\u0144 st\u00f3p i przywracanie ich prawid\u0142owej biomechaniki. <\/strong>Uzyska\u0142am <strong>tytu\u0142 doktora nauk medycznych,<\/strong> a swoj\u0105 prac\u0119 doktorsk\u0105 po\u015bwi\u0119ci\u0142am hipermobilno\u015bci konstytucjonalnej.<\/p>\r\n\r\n\r\n\r\n<p>Jestem <strong>dyrektork\u0105 medyczn\u0105 sieci klinik FootMedica,<\/strong> kt\u00f3r\u0105 za\u0142o\u017cy\u0142am w 2015 roku. <strong>Jestem autork\u0105 i wsp\u00f3\u0142autork\u0105<\/strong> wielu publikacji w zakresie fizjoterapii, m.in. Wielkiej Fizjoterapii, Traumatologii Narz\u0105du ruchu oraz S\u0142ownika termin\u00f3w w podologii ortopedycznej.<\/p>\r\n\r\n\r\n\r\n<p>Uwielbiam trudne naukowe zagadnienia przek\u0142ada\u0107 na j\u0119zyk prosty i zrozumia\u0142y. Czego owocem jest <strong>pierwszy w Polsce kurs ORTOPODOLOGII.<\/strong> Dziedziny, w kt\u00f3rej uczysz si\u0119 badania stopy, a nast\u0119pnie, na jego podstawie wyci\u0105gasz odpowiednie wnioski.<\/p>\r\n\r\n\r\n\r\n<p>W ostatnich latach, wraz ze swoim zespo\u0142em, <strong>pomog\u0142am ponad 50 tys. pacjent\u00f3w<\/strong> stosuj\u0105c metodologi\u0119 badania i leczenia zgodnie z najnowsz\u0105 klasyfikacj\u0105 wad st\u00f3p, dlatego mo\u017cesz mi zaufa\u0107.<\/p>\r\n\r\n\r\n\r\n<p>Wierz\u0119, \u017ce wiedza, kt\u00f3r\u0105 otrzymujesz ode mnie, <strong>pozwoli Ci na skuteczniejsz\u0105 diagnoz\u0119 i podniesienie efektywno\u015bci terapii Twoich pacjent\u00f3w.<\/strong><\/p>\r\n","protected":false},"excerpt":{"rendered":"<p>Pakiet Certyfikacyjny: stopy dzieci &nbsp; Przygotowa\u0142am dla Ciebie wyj\u0105tkowy PAKIET CERTYFIKACYJNY: STOPY DZIECI, kt\u00f3ry da Ci wiedz\u0119 potrzebn\u0105\u00a0do diagnozy i pracy z dzie\u0107mi w Twoim gabinecie. &nbsp; Pakiet zosta\u0142 przygotowany z my\u015bl\u0105 o fizjoterapeutach i ortopodologach, kt\u00f3rzy chc\u0105 usystematyzowa\u0107 wiedz\u0119 z zakresu diagnostyki i terapii b\u00f3lu ko\u0144czyn u dzieci oraz pewniej prowadzi\u0107 ma\u0142ych pacjent\u00f3w przez [&hellip;]<\/p>\n","protected":false},"featured_media":205305,"template":"","meta":{"ep_exclude_from_search":false},"product_brand":[],"product_cat":[47,424,438],"product_tag":[],"class_list":{"0":"post-205304","1":"product","2":"type-product","3":"status-publish","4":"has-post-thumbnail","6":"product_cat-szkolenia","7":"product_cat-kursy-online","8":"product_cat-nagrania-edukacyjne-i-publikacje","10":"first","11":"instock","12":"sale","13":"virtual","14":"taxable","15":"purchasable","16":"product-type-simple"},"yoast_head":"<!-- This site is optimized with the Yoast SEO Premium plugin v26.3 (Yoast SEO v27.2) - https:\/\/yoast.com\/product\/yoast-seo-premium-wordpress\/ -->\n<title>Pakiet Certyfikacyjny: stopy dzieci - Pro Pedis - Profesjonalnie dla st\u00f3p<\/title>\n<meta name=\"robots\" content=\"index, follow, max-snippet:-1, max-image-preview:large, max-video-preview:-1\" \/>\n<link rel=\"canonical\" href=\"https:\/\/propedis.pl\/sklep\/produkt\/pakiet-certyfikacyjny-stopy-dzieci\/\" \/>\n<meta property=\"og:locale\" content=\"pl_PL\" \/>\n<meta property=\"og:type\" content=\"article\" \/>\n<meta property=\"og:title\" content=\"Pakiet Certyfikacyjny: stopy dzieci\" \/>\n<meta property=\"og:description\" content=\"Pakiet Certyfikacyjny: stopy dzieci &nbsp; Przygotowa\u0142am dla Ciebie wyj\u0105tkowy PAKIET CERTYFIKACYJNY: STOPY DZIECI, kt\u00f3ry da Ci wiedz\u0119 potrzebn\u0105\u00a0do diagnozy i pracy z dzie\u0107mi w Twoim gabinecie. &nbsp; Pakiet zosta\u0142 przygotowany z my\u015bl\u0105 o fizjoterapeutach i ortopodologach, kt\u00f3rzy chc\u0105 usystematyzowa\u0107 wiedz\u0119 z zakresu diagnostyki i terapii b\u00f3lu ko\u0144czyn u dzieci oraz pewniej prowadzi\u0107 ma\u0142ych pacjent\u00f3w przez [&hellip;]\" \/>\n<meta property=\"og:url\" content=\"https:\/\/propedis.pl\/sklep\/produkt\/pakiet-certyfikacyjny-stopy-dzieci\/\" \/>\n<meta property=\"og:site_name\" content=\"Pro Pedis - Profesjonalnie dla st\u00f3p\" \/>\n<meta property=\"article:modified_time\" content=\"2026-04-15T14:17:11+00:00\" \/>\n<meta property=\"og:image\" content=\"https:\/\/propedis.pl\/sklep\/wp-content\/uploads\/2026\/04\/Pakiet_certyfikacyjny_stopy_dzieci.png\" \/>\n\t<meta property=\"og:image:width\" content=\"1920\" \/>\n\t<meta property=\"og:image:height\" content=\"1920\" \/>\n\t<meta property=\"og:image:type\" content=\"image\/png\" \/>\n<meta name=\"twitter:card\" content=\"summary_large_image\" \/>\n<meta name=\"twitter:label1\" content=\"Szacowany czas czytania\" \/>\n\t<meta name=\"twitter:data1\" content=\"5 minut\" \/>\n<script type=\"application\/ld+json\" class=\"yoast-schema-graph\">{\"@context\":\"https:\/\/schema.org\",\"@graph\":[{\"@type\":\"WebPage\",\"@id\":\"https:\/\/propedis.pl\/sklep\/produkt\/pakiet-certyfikacyjny-stopy-dzieci\/\",\"url\":\"https:\/\/propedis.pl\/sklep\/produkt\/pakiet-certyfikacyjny-stopy-dzieci\/\",\"name\":\"Pakiet Certyfikacyjny: stopy dzieci - Pro Pedis - Profesjonalnie dla st\u00f3p\",\"isPartOf\":{\"@id\":\"https:\/\/propedis.pl\/sklep\/#website\"},\"primaryImageOfPage\":{\"@id\":\"https:\/\/propedis.pl\/sklep\/produkt\/pakiet-certyfikacyjny-stopy-dzieci\/#primaryimage\"},\"image\":{\"@id\":\"https:\/\/propedis.pl\/sklep\/produkt\/pakiet-certyfikacyjny-stopy-dzieci\/#primaryimage\"},\"thumbnailUrl\":\"https:\/\/propedis.pl\/sklep\/wp-content\/uploads\/2026\/04\/Pakiet_certyfikacyjny_stopy_dzieci.png\",\"datePublished\":\"2026-04-15T07:40:17+00:00\",\"dateModified\":\"2026-04-15T14:17:11+00:00\",\"breadcrumb\":{\"@id\":\"https:\/\/propedis.pl\/sklep\/produkt\/pakiet-certyfikacyjny-stopy-dzieci\/#breadcrumb\"},\"inLanguage\":\"pl-PL\",\"potentialAction\":[{\"@type\":\"ReadAction\",\"target\":[\"https:\/\/propedis.pl\/sklep\/produkt\/pakiet-certyfikacyjny-stopy-dzieci\/\"]}]},{\"@type\":\"ImageObject\",\"inLanguage\":\"pl-PL\",\"@id\":\"https:\/\/propedis.pl\/sklep\/produkt\/pakiet-certyfikacyjny-stopy-dzieci\/#primaryimage\",\"url\":\"https:\/\/propedis.pl\/sklep\/wp-content\/uploads\/2026\/04\/Pakiet_certyfikacyjny_stopy_dzieci.png\",\"contentUrl\":\"https:\/\/propedis.pl\/sklep\/wp-content\/uploads\/2026\/04\/Pakiet_certyfikacyjny_stopy_dzieci.png\",\"width\":1920,\"height\":1920},{\"@type\":\"BreadcrumbList\",\"@id\":\"https:\/\/propedis.pl\/sklep\/produkt\/pakiet-certyfikacyjny-stopy-dzieci\/#breadcrumb\",\"itemListElement\":[{\"@type\":\"ListItem\",\"position\":1,\"name\":\"Strona g\u0142\u00f3wna\",\"item\":\"https:\/\/propedis.pl\/sklep\/\"},{\"@type\":\"ListItem\",\"position\":2,\"name\":\"Sklep\",\"item\":\"https:\/\/propedis.pl\/sklep\/produkty\/\"},{\"@type\":\"ListItem\",\"position\":3,\"name\":\"Kursy i szkolenia\",\"item\":\"https:\/\/propedis.pl\/sklep\/kategoria-produktu\/szkolenia\/\"},{\"@type\":\"ListItem\",\"position\":4,\"name\":\"Pakiet Certyfikacyjny: stopy dzieci\"}]},{\"@type\":\"WebSite\",\"@id\":\"https:\/\/propedis.pl\/sklep\/#website\",\"url\":\"https:\/\/propedis.pl\/sklep\/\",\"name\":\"Pro Pedis - Profesjonalnie dla st\u00f3p\",\"description\":\"\",\"potentialAction\":[{\"@type\":\"SearchAction\",\"target\":{\"@type\":\"EntryPoint\",\"urlTemplate\":\"https:\/\/propedis.pl\/sklep\/?s={search_term_string}\"},\"query-input\":{\"@type\":\"PropertyValueSpecification\",\"valueRequired\":true,\"valueName\":\"search_term_string\"}}],\"inLanguage\":\"pl-PL\"}]}<\/script>\n<!-- \/ Yoast SEO Premium plugin. -->","yoast_head_json":{"title":"Pakiet Certyfikacyjny: stopy dzieci - Pro Pedis - Profesjonalnie dla st\u00f3p","robots":{"index":"index","follow":"follow","max-snippet":"max-snippet:-1","max-image-preview":"max-image-preview:large","max-video-preview":"max-video-preview:-1"},"canonical":"https:\/\/propedis.pl\/sklep\/produkt\/pakiet-certyfikacyjny-stopy-dzieci\/","og_locale":"pl_PL","og_type":"article","og_title":"Pakiet Certyfikacyjny: stopy dzieci","og_description":"Pakiet Certyfikacyjny: stopy dzieci &nbsp; Przygotowa\u0142am dla Ciebie wyj\u0105tkowy PAKIET CERTYFIKACYJNY: STOPY DZIECI, kt\u00f3ry da Ci wiedz\u0119 potrzebn\u0105\u00a0do diagnozy i pracy z dzie\u0107mi w Twoim gabinecie. &nbsp; Pakiet zosta\u0142 przygotowany z my\u015bl\u0105 o fizjoterapeutach i ortopodologach, kt\u00f3rzy chc\u0105 usystematyzowa\u0107 wiedz\u0119 z zakresu diagnostyki i terapii b\u00f3lu ko\u0144czyn u dzieci oraz pewniej prowadzi\u0107 ma\u0142ych pacjent\u00f3w przez [&hellip;]","og_url":"https:\/\/propedis.pl\/sklep\/produkt\/pakiet-certyfikacyjny-stopy-dzieci\/","og_site_name":"Pro Pedis - Profesjonalnie dla st\u00f3p","article_modified_time":"2026-04-15T14:17:11+00:00","og_image":[{"width":1920,"height":1920,"url":"https:\/\/propedis.pl\/sklep\/wp-content\/uploads\/2026\/04\/Pakiet_certyfikacyjny_stopy_dzieci.png","type":"image\/png"}],"twitter_card":"summary_large_image","twitter_misc":{"Szacowany czas czytania":"5 minut"},"schema":{"@context":"https:\/\/schema.org","@graph":[{"@type":"WebPage","@id":"https:\/\/propedis.pl\/sklep\/produkt\/pakiet-certyfikacyjny-stopy-dzieci\/","url":"https:\/\/propedis.pl\/sklep\/produkt\/pakiet-certyfikacyjny-stopy-dzieci\/","name":"Pakiet Certyfikacyjny: stopy dzieci - Pro Pedis - Profesjonalnie dla st\u00f3p","isPartOf":{"@id":"https:\/\/propedis.pl\/sklep\/#website"},"primaryImageOfPage":{"@id":"https:\/\/propedis.pl\/sklep\/produkt\/pakiet-certyfikacyjny-stopy-dzieci\/#primaryimage"},"image":{"@id":"https:\/\/propedis.pl\/sklep\/produkt\/pakiet-certyfikacyjny-stopy-dzieci\/#primaryimage"},"thumbnailUrl":"https:\/\/propedis.pl\/sklep\/wp-content\/uploads\/2026\/04\/Pakiet_certyfikacyjny_stopy_dzieci.png","datePublished":"2026-04-15T07:40:17+00:00","dateModified":"2026-04-15T14:17:11+00:00","breadcrumb":{"@id":"https:\/\/propedis.pl\/sklep\/produkt\/pakiet-certyfikacyjny-stopy-dzieci\/#breadcrumb"},"inLanguage":"pl-PL","potentialAction":[{"@type":"ReadAction","target":["https:\/\/propedis.pl\/sklep\/produkt\/pakiet-certyfikacyjny-stopy-dzieci\/"]}]},{"@type":"ImageObject","inLanguage":"pl-PL","@id":"https:\/\/propedis.pl\/sklep\/produkt\/pakiet-certyfikacyjny-stopy-dzieci\/#primaryimage","url":"https:\/\/propedis.pl\/sklep\/wp-content\/uploads\/2026\/04\/Pakiet_certyfikacyjny_stopy_dzieci.png","contentUrl":"https:\/\/propedis.pl\/sklep\/wp-content\/uploads\/2026\/04\/Pakiet_certyfikacyjny_stopy_dzieci.png","width":1920,"height":1920},{"@type":"BreadcrumbList","@id":"https:\/\/propedis.pl\/sklep\/produkt\/pakiet-certyfikacyjny-stopy-dzieci\/#breadcrumb","itemListElement":[{"@type":"ListItem","position":1,"name":"Strona g\u0142\u00f3wna","item":"https:\/\/propedis.pl\/sklep\/"},{"@type":"ListItem","position":2,"name":"Sklep","item":"https:\/\/propedis.pl\/sklep\/produkty\/"},{"@type":"ListItem","position":3,"name":"Kursy i szkolenia","item":"https:\/\/propedis.pl\/sklep\/kategoria-produktu\/szkolenia\/"},{"@type":"ListItem","position":4,"name":"Pakiet Certyfikacyjny: stopy dzieci"}]},{"@type":"WebSite","@id":"https:\/\/propedis.pl\/sklep\/#website","url":"https:\/\/propedis.pl\/sklep\/","name":"Pro Pedis - Profesjonalnie dla st\u00f3p","description":"","potentialAction":[{"@type":"SearchAction","target":{"@type":"EntryPoint","urlTemplate":"https:\/\/propedis.pl\/sklep\/?s={search_term_string}"},"query-input":{"@type":"PropertyValueSpecification","valueRequired":true,"valueName":"search_term_string"}}],"inLanguage":"pl-PL"}]}},"_links":{"self":[{"href":"https:\/\/propedis.pl\/sklep\/wp-json\/wp\/v2\/product\/205304","targetHints":{"allow":["GET"]}}],"collection":[{"href":"https:\/\/propedis.pl\/sklep\/wp-json\/wp\/v2\/product"}],"about":[{"href":"https:\/\/propedis.pl\/sklep\/wp-json\/wp\/v2\/types\/product"}],"wp:featuredmedia":[{"embeddable":true,"href":"https:\/\/propedis.pl\/sklep\/wp-json\/wp\/v2\/media\/205305"}],"wp:attachment":[{"href":"https:\/\/propedis.pl\/sklep\/wp-json\/wp\/v2\/media?parent=205304"}],"wp:term":[{"taxonomy":"product_brand","embeddable":true,"href":"https:\/\/propedis.pl\/sklep\/wp-json\/wp\/v2\/product_brand?post=205304"},{"taxonomy":"product_cat","embeddable":true,"href":"https:\/\/propedis.pl\/sklep\/wp-json\/wp\/v2\/product_cat?post=205304"},{"taxonomy":"product_tag","embeddable":true,"href":"https:\/\/propedis.pl\/sklep\/wp-json\/wp\/v2\/product_tag?post=205304"}],"curies":[{"name":"wp","href":"https:\/\/api.w.org\/{rel}","templated":true}]}}