{"id":205349,"date":"2026-04-21T19:57:42","date_gmt":"2026-04-21T17:57:42","guid":{"rendered":"https:\/\/propedis.pl\/sklep\/?post_type=product&#038;p=205349"},"modified":"2026-04-23T15:56:02","modified_gmt":"2026-04-23T13:56:02","slug":"pronosupinacja-ii-bez-heel-ring-mc535","status":"publish","type":"product","link":"https:\/\/propedis.pl\/sklep\/produkt\/pronosupinacja-ii-bez-heel-ring-mc535\/","title":{"rendered":"PRONOSUPINACJA II (bez heel ring) MC535"},"content":{"rendered":"<p>Dynamiczna baza wk\u0142adkowa<strong>\u00a0PRONOSUPINACJA (MB998)<\/strong>\u00a0jest przeznaczona dla pacjent\u00f3w z problemem <strong>ko\u015blawo\u015bci<\/strong>\u00a0lub <strong>szpotawo\u015bci<\/strong>, dla <strong>m\u0142odzie\u017cy<\/strong>, przy nawracaj\u0105cych <strong>urazach<\/strong>\u00a0i <strong>skr\u0119ceniach<\/strong>\u00a0staw\u00f3w skokowych, u <strong>senior\u00f3w<\/strong>\u00a0w celu uzyskania dodatkowej stabilizacji, jak te\u017c u <strong>pacjent\u00f3w z wi\u0119ksz\u0105 wag\u0105<\/strong>. Baza do zastosowania w butach szerokich np. roboczych, sportowych czy crocsach.<\/p>\n<p>Baza wk\u0142adkowa <strong>PRONOSUPINACJA\u00a0<\/strong>jest na wykrojniku<strong>\u00a0sportowym<\/strong>\u00a0w wersji sklejonej, niesklejonej oraz wst\u0119pnie uformowanej. Baza wykonana z materia\u0142u PE 250 (2mm) co nadaje <strong>dynamik\u0119<\/strong> podczas chodu w fazie przetaczania i wybicia. Baza sk\u0142ada si\u0119 z podw\u00f3jnego sztywnika z \u017cywicy Colorflex o \u0142\u0105cznej grubo\u015bci 2.6 mm, dzi\u0119ki czemu utrzyma pacjent\u00f3w z wi\u0119ksz\u0105 wag\u0105. W sztywniku bardzo dobrze wyt\u0142aczaj\u0105 si\u0119 elementy koryguj\u0105ce, takie jak pelota czy klin pronuj\u0105cy przodostopie.<\/p>\n<p>Baza wk\u0142adki jest bez pokrycia, wi\u0119c nawet wymagaj\u0105cy pacjent b\u0119dzie zadowolony dostaj\u0105c mo\u017cliwo\u015bci wyboru koloru pokrycia. Baza wk\u0142adkowa PRONOSUPINACJA<strong>\u00a0<\/strong>mo\u017ce by\u0107 <strong>zamiennie stosowana z bazami<\/strong>: Realux, Brit, Country, Sneaker.<\/p>\n<p>Podgrza\u0107 przez oko\u0142o <strong>2 minuty<\/strong>\u00a0w temperatura grzania <strong>90 \u00b0C<\/strong>.<\/p>\n<p>&nbsp;<\/p>\n","protected":false},"excerpt":{"rendered":"<p>Dynamiczna baza wk\u0142adkowa\u00a0PRONOSUPINACJA (MB998)\u00a0jest przeznaczona dla pacjent\u00f3w z problemem ko\u015blawo\u015bci\u00a0lub szpotawo\u015bci, dla m\u0142odzie\u017cy, przy nawracaj\u0105cych urazach\u00a0i skr\u0119ceniach\u00a0staw\u00f3w skokowych, u senior\u00f3w\u00a0w celu uzyskania dodatkowej stabilizacji, jak te\u017c u pacjent\u00f3w z wi\u0119ksz\u0105 wag\u0105. Baza do zastosowania w butach szerokich np. roboczych, sportowych czy crocsach. Baza wk\u0142adkowa PRONOSUPINACJA\u00a0jest na wykrojniku\u00a0sportowym\u00a0w wersji sklejonej, niesklejonej oraz wst\u0119pnie uformowanej. Baza wykonana [&hellip;]<\/p>\n","protected":false},"featured_media":202310,"template":"","meta":{"ep_exclude_from_search":false},"product_brand":[],"product_cat":[15,69],"product_tag":[448,449,446,447],"class_list":{"0":"post-205349","1":"product","2":"type-product","3":"status-publish","4":"has-post-thumbnail","6":"product_cat-wkladki","7":"product_cat-wkladki-specjalistyczne","8":"product_tag-wkladki-do-butow","9":"product_tag-wkladki-specjalistyczne","10":"product_tag-wkladki-termoformowalne","11":"product_tag-wkladki-termoplastyczne","13":"first","14":"onbackorder","15":"featured","16":"taxable","17":"shipping-taxable","18":"purchasable","19":"product-type-variable"},"yoast_head":"<!-- This site is optimized with the Yoast SEO Premium plugin v26.3 (Yoast SEO v27.4) - https:\/\/yoast.com\/product\/yoast-seo-premium-wordpress\/ -->\n<title>PRONOSUPINACJA II (bez heel ring) MC535 - Pro Pedis - Profesjonalnie dla st\u00f3p<\/title>\n<meta name=\"robots\" content=\"index, follow, max-snippet:-1, max-image-preview:large, max-video-preview:-1\" \/>\n<link rel=\"canonical\" href=\"https:\/\/propedis.pl\/sklep\/produkt\/pronosupinacja-ii-bez-heel-ring-mc535\/\" \/>\n<meta property=\"og:locale\" content=\"pl_PL\" \/>\n<meta property=\"og:type\" content=\"article\" \/>\n<meta property=\"og:title\" content=\"PRONOSUPINACJA II (bez heel ring) MC535\" \/>\n<meta property=\"og:description\" content=\"Dynamiczna baza wk\u0142adkowa\u00a0PRONOSUPINACJA (MB998)\u00a0jest przeznaczona dla pacjent\u00f3w z problemem ko\u015blawo\u015bci\u00a0lub szpotawo\u015bci, dla m\u0142odzie\u017cy, przy nawracaj\u0105cych urazach\u00a0i skr\u0119ceniach\u00a0staw\u00f3w skokowych, u senior\u00f3w\u00a0w celu uzyskania dodatkowej stabilizacji, jak te\u017c u pacjent\u00f3w z wi\u0119ksz\u0105 wag\u0105. Baza do zastosowania w butach szerokich np. roboczych, sportowych czy crocsach. Baza wk\u0142adkowa PRONOSUPINACJA\u00a0jest na wykrojniku\u00a0sportowym\u00a0w wersji sklejonej, niesklejonej oraz wst\u0119pnie uformowanej. Baza wykonana [&hellip;]\" \/>\n<meta property=\"og:url\" content=\"https:\/\/propedis.pl\/sklep\/produkt\/pronosupinacja-ii-bez-heel-ring-mc535\/\" \/>\n<meta property=\"og:site_name\" content=\"Pro Pedis - Profesjonalnie dla st\u00f3p\" \/>\n<meta property=\"article:modified_time\" content=\"2026-04-23T13:56:02+00:00\" \/>\n<meta property=\"og:image\" content=\"https:\/\/propedis.pl\/sklep\/wp-content\/uploads\/2024\/10\/MB998-1-e1728302265311.png\" \/>\n\t<meta property=\"og:image:width\" content=\"3779\" \/>\n\t<meta property=\"og:image:height\" content=\"703\" \/>\n\t<meta property=\"og:image:type\" content=\"image\/png\" \/>\n<meta name=\"twitter:card\" content=\"summary_large_image\" \/>\n<meta name=\"twitter:label1\" content=\"Szacowany czas czytania\" \/>\n\t<meta name=\"twitter:data1\" content=\"2 minuty\" \/>\n<script type=\"application\/ld+json\" class=\"yoast-schema-graph\">{\"@context\":\"https:\\\/\\\/schema.org\",\"@graph\":[{\"@type\":\"WebPage\",\"@id\":\"https:\\\/\\\/propedis.pl\\\/sklep\\\/produkt\\\/pronosupinacja-ii-bez-heel-ring-mc535\\\/\",\"url\":\"https:\\\/\\\/propedis.pl\\\/sklep\\\/produkt\\\/pronosupinacja-ii-bez-heel-ring-mc535\\\/\",\"name\":\"PRONOSUPINACJA II (bez heel ring) MC535 - Pro Pedis - Profesjonalnie dla st\u00f3p\",\"isPartOf\":{\"@id\":\"https:\\\/\\\/propedis.pl\\\/sklep\\\/#website\"},\"primaryImageOfPage\":{\"@id\":\"https:\\\/\\\/propedis.pl\\\/sklep\\\/produkt\\\/pronosupinacja-ii-bez-heel-ring-mc535\\\/#primaryimage\"},\"image\":{\"@id\":\"https:\\\/\\\/propedis.pl\\\/sklep\\\/produkt\\\/pronosupinacja-ii-bez-heel-ring-mc535\\\/#primaryimage\"},\"thumbnailUrl\":\"https:\\\/\\\/propedis.pl\\\/sklep\\\/wp-content\\\/uploads\\\/2024\\\/10\\\/MB998-1-e1728302265311.png\",\"datePublished\":\"2026-04-21T17:57:42+00:00\",\"dateModified\":\"2026-04-23T13:56:02+00:00\",\"breadcrumb\":{\"@id\":\"https:\\\/\\\/propedis.pl\\\/sklep\\\/produkt\\\/pronosupinacja-ii-bez-heel-ring-mc535\\\/#breadcrumb\"},\"inLanguage\":\"pl-PL\",\"potentialAction\":[{\"@type\":\"ReadAction\",\"target\":[\"https:\\\/\\\/propedis.pl\\\/sklep\\\/produkt\\\/pronosupinacja-ii-bez-heel-ring-mc535\\\/\"]}]},{\"@type\":\"ImageObject\",\"inLanguage\":\"pl-PL\",\"@id\":\"https:\\\/\\\/propedis.pl\\\/sklep\\\/produkt\\\/pronosupinacja-ii-bez-heel-ring-mc535\\\/#primaryimage\",\"url\":\"https:\\\/\\\/propedis.pl\\\/sklep\\\/wp-content\\\/uploads\\\/2024\\\/10\\\/MB998-1-e1728302265311.png\",\"contentUrl\":\"https:\\\/\\\/propedis.pl\\\/sklep\\\/wp-content\\\/uploads\\\/2024\\\/10\\\/MB998-1-e1728302265311.png\",\"width\":3779,\"height\":703},{\"@type\":\"BreadcrumbList\",\"@id\":\"https:\\\/\\\/propedis.pl\\\/sklep\\\/produkt\\\/pronosupinacja-ii-bez-heel-ring-mc535\\\/#breadcrumb\",\"itemListElement\":[{\"@type\":\"ListItem\",\"position\":1,\"name\":\"Strona g\u0142\u00f3wna\",\"item\":\"https:\\\/\\\/propedis.pl\\\/sklep\\\/\"},{\"@type\":\"ListItem\",\"position\":2,\"name\":\"Sklep\",\"item\":\"https:\\\/\\\/propedis.pl\\\/sklep\\\/produkty\\\/\"},{\"@type\":\"ListItem\",\"position\":3,\"name\":\"Wk\u0142adki\",\"item\":\"https:\\\/\\\/propedis.pl\\\/sklep\\\/kategoria-produktu\\\/wkladki\\\/\"},{\"@type\":\"ListItem\",\"position\":4,\"name\":\"Wk\u0142adki specjalistyczne\",\"item\":\"https:\\\/\\\/propedis.pl\\\/sklep\\\/kategoria-produktu\\\/wkladki\\\/wkladki-specjalistyczne\\\/\"},{\"@type\":\"ListItem\",\"position\":5,\"name\":\"PRONOSUPINACJA II (bez heel ring) MC535\"}]},{\"@type\":\"WebSite\",\"@id\":\"https:\\\/\\\/propedis.pl\\\/sklep\\\/#website\",\"url\":\"https:\\\/\\\/propedis.pl\\\/sklep\\\/\",\"name\":\"Pro Pedis - Profesjonalnie dla st\u00f3p\",\"description\":\"\",\"potentialAction\":[{\"@type\":\"SearchAction\",\"target\":{\"@type\":\"EntryPoint\",\"urlTemplate\":\"https:\\\/\\\/propedis.pl\\\/sklep\\\/?s={search_term_string}\"},\"query-input\":{\"@type\":\"PropertyValueSpecification\",\"valueRequired\":true,\"valueName\":\"search_term_string\"}}],\"inLanguage\":\"pl-PL\"}]}<\/script>\n<!-- \/ Yoast SEO Premium plugin. -->","yoast_head_json":{"title":"PRONOSUPINACJA II (bez heel ring) MC535 - Pro Pedis - Profesjonalnie dla st\u00f3p","robots":{"index":"index","follow":"follow","max-snippet":"max-snippet:-1","max-image-preview":"max-image-preview:large","max-video-preview":"max-video-preview:-1"},"canonical":"https:\/\/propedis.pl\/sklep\/produkt\/pronosupinacja-ii-bez-heel-ring-mc535\/","og_locale":"pl_PL","og_type":"article","og_title":"PRONOSUPINACJA II (bez heel ring) MC535","og_description":"Dynamiczna baza wk\u0142adkowa\u00a0PRONOSUPINACJA (MB998)\u00a0jest przeznaczona dla pacjent\u00f3w z problemem ko\u015blawo\u015bci\u00a0lub szpotawo\u015bci, dla m\u0142odzie\u017cy, przy nawracaj\u0105cych urazach\u00a0i skr\u0119ceniach\u00a0staw\u00f3w skokowych, u senior\u00f3w\u00a0w celu uzyskania dodatkowej stabilizacji, jak te\u017c u pacjent\u00f3w z wi\u0119ksz\u0105 wag\u0105. Baza do zastosowania w butach szerokich np. roboczych, sportowych czy crocsach. Baza wk\u0142adkowa PRONOSUPINACJA\u00a0jest na wykrojniku\u00a0sportowym\u00a0w wersji sklejonej, niesklejonej oraz wst\u0119pnie uformowanej. Baza wykonana [&hellip;]","og_url":"https:\/\/propedis.pl\/sklep\/produkt\/pronosupinacja-ii-bez-heel-ring-mc535\/","og_site_name":"Pro Pedis - Profesjonalnie dla st\u00f3p","article_modified_time":"2026-04-23T13:56:02+00:00","og_image":[{"width":3779,"height":703,"url":"https:\/\/propedis.pl\/sklep\/wp-content\/uploads\/2024\/10\/MB998-1-e1728302265311.png","type":"image\/png"}],"twitter_card":"summary_large_image","twitter_misc":{"Szacowany czas czytania":"2 minuty"},"schema":{"@context":"https:\/\/schema.org","@graph":[{"@type":"WebPage","@id":"https:\/\/propedis.pl\/sklep\/produkt\/pronosupinacja-ii-bez-heel-ring-mc535\/","url":"https:\/\/propedis.pl\/sklep\/produkt\/pronosupinacja-ii-bez-heel-ring-mc535\/","name":"PRONOSUPINACJA II (bez heel ring) MC535 - Pro Pedis - Profesjonalnie dla st\u00f3p","isPartOf":{"@id":"https:\/\/propedis.pl\/sklep\/#website"},"primaryImageOfPage":{"@id":"https:\/\/propedis.pl\/sklep\/produkt\/pronosupinacja-ii-bez-heel-ring-mc535\/#primaryimage"},"image":{"@id":"https:\/\/propedis.pl\/sklep\/produkt\/pronosupinacja-ii-bez-heel-ring-mc535\/#primaryimage"},"thumbnailUrl":"https:\/\/propedis.pl\/sklep\/wp-content\/uploads\/2024\/10\/MB998-1-e1728302265311.png","datePublished":"2026-04-21T17:57:42+00:00","dateModified":"2026-04-23T13:56:02+00:00","breadcrumb":{"@id":"https:\/\/propedis.pl\/sklep\/produkt\/pronosupinacja-ii-bez-heel-ring-mc535\/#breadcrumb"},"inLanguage":"pl-PL","potentialAction":[{"@type":"ReadAction","target":["https:\/\/propedis.pl\/sklep\/produkt\/pronosupinacja-ii-bez-heel-ring-mc535\/"]}]},{"@type":"ImageObject","inLanguage":"pl-PL","@id":"https:\/\/propedis.pl\/sklep\/produkt\/pronosupinacja-ii-bez-heel-ring-mc535\/#primaryimage","url":"https:\/\/propedis.pl\/sklep\/wp-content\/uploads\/2024\/10\/MB998-1-e1728302265311.png","contentUrl":"https:\/\/propedis.pl\/sklep\/wp-content\/uploads\/2024\/10\/MB998-1-e1728302265311.png","width":3779,"height":703},{"@type":"BreadcrumbList","@id":"https:\/\/propedis.pl\/sklep\/produkt\/pronosupinacja-ii-bez-heel-ring-mc535\/#breadcrumb","itemListElement":[{"@type":"ListItem","position":1,"name":"Strona g\u0142\u00f3wna","item":"https:\/\/propedis.pl\/sklep\/"},{"@type":"ListItem","position":2,"name":"Sklep","item":"https:\/\/propedis.pl\/sklep\/produkty\/"},{"@type":"ListItem","position":3,"name":"Wk\u0142adki","item":"https:\/\/propedis.pl\/sklep\/kategoria-produktu\/wkladki\/"},{"@type":"ListItem","position":4,"name":"Wk\u0142adki specjalistyczne","item":"https:\/\/propedis.pl\/sklep\/kategoria-produktu\/wkladki\/wkladki-specjalistyczne\/"},{"@type":"ListItem","position":5,"name":"PRONOSUPINACJA II (bez heel ring) MC535"}]},{"@type":"WebSite","@id":"https:\/\/propedis.pl\/sklep\/#website","url":"https:\/\/propedis.pl\/sklep\/","name":"Pro Pedis - Profesjonalnie dla st\u00f3p","description":"","potentialAction":[{"@type":"SearchAction","target":{"@type":"EntryPoint","urlTemplate":"https:\/\/propedis.pl\/sklep\/?s={search_term_string}"},"query-input":{"@type":"PropertyValueSpecification","valueRequired":true,"valueName":"search_term_string"}}],"inLanguage":"pl-PL"}]}},"_links":{"self":[{"href":"https:\/\/propedis.pl\/sklep\/wp-json\/wp\/v2\/product\/205349","targetHints":{"allow":["GET"]}}],"collection":[{"href":"https:\/\/propedis.pl\/sklep\/wp-json\/wp\/v2\/product"}],"about":[{"href":"https:\/\/propedis.pl\/sklep\/wp-json\/wp\/v2\/types\/product"}],"wp:featuredmedia":[{"embeddable":true,"href":"https:\/\/propedis.pl\/sklep\/wp-json\/wp\/v2\/media\/202310"}],"wp:attachment":[{"href":"https:\/\/propedis.pl\/sklep\/wp-json\/wp\/v2\/media?parent=205349"}],"wp:term":[{"taxonomy":"product_brand","embeddable":true,"href":"https:\/\/propedis.pl\/sklep\/wp-json\/wp\/v2\/product_brand?post=205349"},{"taxonomy":"product_cat","embeddable":true,"href":"https:\/\/propedis.pl\/sklep\/wp-json\/wp\/v2\/product_cat?post=205349"},{"taxonomy":"product_tag","embeddable":true,"href":"https:\/\/propedis.pl\/sklep\/wp-json\/wp\/v2\/product_tag?post=205349"}],"curies":[{"name":"wp","href":"https:\/\/api.w.org\/{rel}","templated":true}]}}