{"id":205380,"date":"2026-04-22T09:52:34","date_gmt":"2026-04-22T07:52:34","guid":{"rendered":""},"modified":"2026-04-22T10:00:08","modified_gmt":"2026-04-22T08:00:08","slug":"xde-baseflex-35","status":"publish","type":"product","link":"https:\/\/propedis.pl\/sklep\/produkt\/xde-baseflex-35\/","title":{"rendered":"XDE Baseflex 35"},"content":{"rendered":"<p><span style=\"font-weight: 400;\">Do wykonania wk\u0142adek koryguj\u0105cych. Wytrzyma\u0142y, elastyczny i bardzo odporny na zginanie. Doskona\u0142y materia\u0142 do wykonania element\u00f3w koryguj\u0105cych \u2013 klin\u00f3w supinuj\u0105cych, pronuj\u0105cych, podpi\u0119tek. Materia\u0142 jest \u0142atwy w obr\u00f3bce, ma dobr\u0105 pami\u0119\u0107 kszta\u0142tu. \u0141atwo daje formowa\u0107 i zapewnia stabilne podparcie. Do korekcji ko\u015blawo\u015bci, szpotawo\u015bci, jako podpi\u0119tki stabilizuj\u0105ce lub wyr\u00f3wnuj\u0105ce asymetrie d\u0142ugo\u015bci ko\u0144czyn. Idealny do podparcia 1-go promienia. <\/span><\/p>\n<p><span style=\"font-weight: 400;\">Wymiary: 1010 x 590 cm<\/span><\/p>\n<p>Zamiennik EVA LIGHT.<\/p>\n","protected":false},"excerpt":{"rendered":"<p>Do wykonania wk\u0142adek koryguj\u0105cych. Wytrzyma\u0142y, elastyczny i bardzo odporny na zginanie. Doskona\u0142y materia\u0142 do wykonania element\u00f3w koryguj\u0105cych \u2013 klin\u00f3w supinuj\u0105cych, pronuj\u0105cych, podpi\u0119tek. Materia\u0142 jest \u0142atwy w obr\u00f3bce, ma dobr\u0105 pami\u0119\u0107 kszta\u0142tu. \u0141atwo daje formowa\u0107 i zapewnia stabilne podparcie. Do korekcji ko\u015blawo\u015bci, szpotawo\u015bci, jako podpi\u0119tki stabilizuj\u0105ce lub wyr\u00f3wnuj\u0105ce asymetrie d\u0142ugo\u015bci ko\u0144czyn. Idealny do podparcia 1-go promienia. [&hellip;]<\/p>\n","protected":false},"featured_media":189595,"template":"","meta":{"ep_exclude_from_search":false},"product_brand":[],"product_cat":[405,421],"product_tag":[],"class_list":{"0":"post-205380","1":"product","2":"type-product","3":"status-publish","4":"has-post-thumbnail","6":"product_cat-materialy-i-elementy-korygujace","7":"product_cat-materialy-korekcyjne","8":"pa_grubosc-99","9":"pa_grubosc-7-5","10":"pa_kolor-bialy","12":"first","13":"instock","14":"taxable","15":"shipping-taxable","16":"purchasable","17":"product-type-variable"},"yoast_head":"<!-- This site is optimized with the Yoast SEO Premium plugin v26.3 (Yoast SEO v27.4) - https:\/\/yoast.com\/product\/yoast-seo-premium-wordpress\/ -->\n<title>XDE Baseflex 35 - Pro Pedis - Profesjonalnie dla st\u00f3p<\/title>\n<meta name=\"robots\" content=\"index, follow, max-snippet:-1, max-image-preview:large, max-video-preview:-1\" \/>\n<link rel=\"canonical\" href=\"https:\/\/propedis.pl\/sklep\/produkt\/xde-baseflex-35\/\" \/>\n<meta property=\"og:locale\" content=\"pl_PL\" \/>\n<meta property=\"og:type\" content=\"article\" \/>\n<meta property=\"og:title\" content=\"XDE Baseflex 35\" \/>\n<meta property=\"og:description\" content=\"Do wykonania wk\u0142adek koryguj\u0105cych. Wytrzyma\u0142y, elastyczny i bardzo odporny na zginanie. Doskona\u0142y materia\u0142 do wykonania element\u00f3w koryguj\u0105cych \u2013 klin\u00f3w supinuj\u0105cych, pronuj\u0105cych, podpi\u0119tek. Materia\u0142 jest \u0142atwy w obr\u00f3bce, ma dobr\u0105 pami\u0119\u0107 kszta\u0142tu. \u0141atwo daje formowa\u0107 i zapewnia stabilne podparcie. Do korekcji ko\u015blawo\u015bci, szpotawo\u015bci, jako podpi\u0119tki stabilizuj\u0105ce lub wyr\u00f3wnuj\u0105ce asymetrie d\u0142ugo\u015bci ko\u0144czyn. Idealny do podparcia 1-go promienia. [&hellip;]\" \/>\n<meta property=\"og:url\" content=\"https:\/\/propedis.pl\/sklep\/produkt\/xde-baseflex-35\/\" \/>\n<meta property=\"og:site_name\" content=\"Pro Pedis - Profesjonalnie dla st\u00f3p\" \/>\n<meta property=\"article:modified_time\" content=\"2026-04-22T08:00:08+00:00\" \/>\n<meta property=\"og:image\" content=\"https:\/\/propedis.pl\/sklep\/wp-content\/uploads\/2023\/02\/XDE-Baseflex-60sha-white-022023.png\" \/>\n\t<meta property=\"og:image:width\" content=\"1014\" \/>\n\t<meta property=\"og:image:height\" content=\"721\" \/>\n\t<meta property=\"og:image:type\" content=\"image\/png\" \/>\n<meta name=\"twitter:card\" content=\"summary_large_image\" \/>\n<meta name=\"twitter:label1\" content=\"Szacowany czas czytania\" \/>\n\t<meta name=\"twitter:data1\" content=\"1 minuta\" \/>\n<script type=\"application\/ld+json\" class=\"yoast-schema-graph\">{\"@context\":\"https:\\\/\\\/schema.org\",\"@graph\":[{\"@type\":\"WebPage\",\"@id\":\"https:\\\/\\\/propedis.pl\\\/sklep\\\/produkt\\\/xde-baseflex-35\\\/\",\"url\":\"https:\\\/\\\/propedis.pl\\\/sklep\\\/produkt\\\/xde-baseflex-35\\\/\",\"name\":\"XDE Baseflex 35 - Pro Pedis - Profesjonalnie dla st\u00f3p\",\"isPartOf\":{\"@id\":\"https:\\\/\\\/propedis.pl\\\/sklep\\\/#website\"},\"primaryImageOfPage\":{\"@id\":\"https:\\\/\\\/propedis.pl\\\/sklep\\\/produkt\\\/xde-baseflex-35\\\/#primaryimage\"},\"image\":{\"@id\":\"https:\\\/\\\/propedis.pl\\\/sklep\\\/produkt\\\/xde-baseflex-35\\\/#primaryimage\"},\"thumbnailUrl\":\"https:\\\/\\\/propedis.pl\\\/sklep\\\/wp-content\\\/uploads\\\/2023\\\/02\\\/XDE-Baseflex-60sha-white-022023.png\",\"datePublished\":\"2026-04-22T07:52:34+00:00\",\"dateModified\":\"2026-04-22T08:00:08+00:00\",\"breadcrumb\":{\"@id\":\"https:\\\/\\\/propedis.pl\\\/sklep\\\/produkt\\\/xde-baseflex-35\\\/#breadcrumb\"},\"inLanguage\":\"pl-PL\",\"potentialAction\":[{\"@type\":\"ReadAction\",\"target\":[\"https:\\\/\\\/propedis.pl\\\/sklep\\\/produkt\\\/xde-baseflex-35\\\/\"]}]},{\"@type\":\"ImageObject\",\"inLanguage\":\"pl-PL\",\"@id\":\"https:\\\/\\\/propedis.pl\\\/sklep\\\/produkt\\\/xde-baseflex-35\\\/#primaryimage\",\"url\":\"https:\\\/\\\/propedis.pl\\\/sklep\\\/wp-content\\\/uploads\\\/2023\\\/02\\\/XDE-Baseflex-60sha-white-022023.png\",\"contentUrl\":\"https:\\\/\\\/propedis.pl\\\/sklep\\\/wp-content\\\/uploads\\\/2023\\\/02\\\/XDE-Baseflex-60sha-white-022023.png\",\"width\":1014,\"height\":721},{\"@type\":\"BreadcrumbList\",\"@id\":\"https:\\\/\\\/propedis.pl\\\/sklep\\\/produkt\\\/xde-baseflex-35\\\/#breadcrumb\",\"itemListElement\":[{\"@type\":\"ListItem\",\"position\":1,\"name\":\"Strona g\u0142\u00f3wna\",\"item\":\"https:\\\/\\\/propedis.pl\\\/sklep\\\/\"},{\"@type\":\"ListItem\",\"position\":2,\"name\":\"Sklep\",\"item\":\"https:\\\/\\\/propedis.pl\\\/sklep\\\/produkty\\\/\"},{\"@type\":\"ListItem\",\"position\":3,\"name\":\"Materia\u0142y i elementy koryguj\u0105ce\",\"item\":\"https:\\\/\\\/propedis.pl\\\/sklep\\\/kategoria-produktu\\\/materialy-i-elementy-korygujace\\\/\"},{\"@type\":\"ListItem\",\"position\":4,\"name\":\"XDE Baseflex 35\"}]},{\"@type\":\"WebSite\",\"@id\":\"https:\\\/\\\/propedis.pl\\\/sklep\\\/#website\",\"url\":\"https:\\\/\\\/propedis.pl\\\/sklep\\\/\",\"name\":\"Pro Pedis - Profesjonalnie dla st\u00f3p\",\"description\":\"\",\"potentialAction\":[{\"@type\":\"SearchAction\",\"target\":{\"@type\":\"EntryPoint\",\"urlTemplate\":\"https:\\\/\\\/propedis.pl\\\/sklep\\\/?s={search_term_string}\"},\"query-input\":{\"@type\":\"PropertyValueSpecification\",\"valueRequired\":true,\"valueName\":\"search_term_string\"}}],\"inLanguage\":\"pl-PL\"}]}<\/script>\n<!-- \/ Yoast SEO Premium plugin. -->","yoast_head_json":{"title":"XDE Baseflex 35 - Pro Pedis - Profesjonalnie dla st\u00f3p","robots":{"index":"index","follow":"follow","max-snippet":"max-snippet:-1","max-image-preview":"max-image-preview:large","max-video-preview":"max-video-preview:-1"},"canonical":"https:\/\/propedis.pl\/sklep\/produkt\/xde-baseflex-35\/","og_locale":"pl_PL","og_type":"article","og_title":"XDE Baseflex 35","og_description":"Do wykonania wk\u0142adek koryguj\u0105cych. Wytrzyma\u0142y, elastyczny i bardzo odporny na zginanie. Doskona\u0142y materia\u0142 do wykonania element\u00f3w koryguj\u0105cych \u2013 klin\u00f3w supinuj\u0105cych, pronuj\u0105cych, podpi\u0119tek. Materia\u0142 jest \u0142atwy w obr\u00f3bce, ma dobr\u0105 pami\u0119\u0107 kszta\u0142tu. \u0141atwo daje formowa\u0107 i zapewnia stabilne podparcie. Do korekcji ko\u015blawo\u015bci, szpotawo\u015bci, jako podpi\u0119tki stabilizuj\u0105ce lub wyr\u00f3wnuj\u0105ce asymetrie d\u0142ugo\u015bci ko\u0144czyn. Idealny do podparcia 1-go promienia. [&hellip;]","og_url":"https:\/\/propedis.pl\/sklep\/produkt\/xde-baseflex-35\/","og_site_name":"Pro Pedis - Profesjonalnie dla st\u00f3p","article_modified_time":"2026-04-22T08:00:08+00:00","og_image":[{"width":1014,"height":721,"url":"https:\/\/propedis.pl\/sklep\/wp-content\/uploads\/2023\/02\/XDE-Baseflex-60sha-white-022023.png","type":"image\/png"}],"twitter_card":"summary_large_image","twitter_misc":{"Szacowany czas czytania":"1 minuta"},"schema":{"@context":"https:\/\/schema.org","@graph":[{"@type":"WebPage","@id":"https:\/\/propedis.pl\/sklep\/produkt\/xde-baseflex-35\/","url":"https:\/\/propedis.pl\/sklep\/produkt\/xde-baseflex-35\/","name":"XDE Baseflex 35 - Pro Pedis - Profesjonalnie dla st\u00f3p","isPartOf":{"@id":"https:\/\/propedis.pl\/sklep\/#website"},"primaryImageOfPage":{"@id":"https:\/\/propedis.pl\/sklep\/produkt\/xde-baseflex-35\/#primaryimage"},"image":{"@id":"https:\/\/propedis.pl\/sklep\/produkt\/xde-baseflex-35\/#primaryimage"},"thumbnailUrl":"https:\/\/propedis.pl\/sklep\/wp-content\/uploads\/2023\/02\/XDE-Baseflex-60sha-white-022023.png","datePublished":"2026-04-22T07:52:34+00:00","dateModified":"2026-04-22T08:00:08+00:00","breadcrumb":{"@id":"https:\/\/propedis.pl\/sklep\/produkt\/xde-baseflex-35\/#breadcrumb"},"inLanguage":"pl-PL","potentialAction":[{"@type":"ReadAction","target":["https:\/\/propedis.pl\/sklep\/produkt\/xde-baseflex-35\/"]}]},{"@type":"ImageObject","inLanguage":"pl-PL","@id":"https:\/\/propedis.pl\/sklep\/produkt\/xde-baseflex-35\/#primaryimage","url":"https:\/\/propedis.pl\/sklep\/wp-content\/uploads\/2023\/02\/XDE-Baseflex-60sha-white-022023.png","contentUrl":"https:\/\/propedis.pl\/sklep\/wp-content\/uploads\/2023\/02\/XDE-Baseflex-60sha-white-022023.png","width":1014,"height":721},{"@type":"BreadcrumbList","@id":"https:\/\/propedis.pl\/sklep\/produkt\/xde-baseflex-35\/#breadcrumb","itemListElement":[{"@type":"ListItem","position":1,"name":"Strona g\u0142\u00f3wna","item":"https:\/\/propedis.pl\/sklep\/"},{"@type":"ListItem","position":2,"name":"Sklep","item":"https:\/\/propedis.pl\/sklep\/produkty\/"},{"@type":"ListItem","position":3,"name":"Materia\u0142y i elementy koryguj\u0105ce","item":"https:\/\/propedis.pl\/sklep\/kategoria-produktu\/materialy-i-elementy-korygujace\/"},{"@type":"ListItem","position":4,"name":"XDE Baseflex 35"}]},{"@type":"WebSite","@id":"https:\/\/propedis.pl\/sklep\/#website","url":"https:\/\/propedis.pl\/sklep\/","name":"Pro Pedis - Profesjonalnie dla st\u00f3p","description":"","potentialAction":[{"@type":"SearchAction","target":{"@type":"EntryPoint","urlTemplate":"https:\/\/propedis.pl\/sklep\/?s={search_term_string}"},"query-input":{"@type":"PropertyValueSpecification","valueRequired":true,"valueName":"search_term_string"}}],"inLanguage":"pl-PL"}]}},"_links":{"self":[{"href":"https:\/\/propedis.pl\/sklep\/wp-json\/wp\/v2\/product\/205380","targetHints":{"allow":["GET"]}}],"collection":[{"href":"https:\/\/propedis.pl\/sklep\/wp-json\/wp\/v2\/product"}],"about":[{"href":"https:\/\/propedis.pl\/sklep\/wp-json\/wp\/v2\/types\/product"}],"wp:featuredmedia":[{"embeddable":true,"href":"https:\/\/propedis.pl\/sklep\/wp-json\/wp\/v2\/media\/189595"}],"wp:attachment":[{"href":"https:\/\/propedis.pl\/sklep\/wp-json\/wp\/v2\/media?parent=205380"}],"wp:term":[{"taxonomy":"product_brand","embeddable":true,"href":"https:\/\/propedis.pl\/sklep\/wp-json\/wp\/v2\/product_brand?post=205380"},{"taxonomy":"product_cat","embeddable":true,"href":"https:\/\/propedis.pl\/sklep\/wp-json\/wp\/v2\/product_cat?post=205380"},{"taxonomy":"product_tag","embeddable":true,"href":"https:\/\/propedis.pl\/sklep\/wp-json\/wp\/v2\/product_tag?post=205380"}],"curies":[{"name":"wp","href":"https:\/\/api.w.org\/{rel}","templated":true}]}}