{"id":2094,"date":"2020-01-25T21:01:05","date_gmt":"2020-01-25T20:01:05","guid":{"rendered":"https:\/\/propedis.pl\/sklep\/?post_type=product&#038;p=2094"},"modified":"2026-05-05T10:03:18","modified_gmt":"2026-05-05T08:03:18","slug":"biegowa","status":"publish","type":"product","link":"https:\/\/propedis.pl\/sklep\/produkt\/biegowa\/","title":{"rendered":"Biegowa 1195"},"content":{"rendered":"<p><span style=\"font-weight: 400;\">Wk\u0142adka termoformowalna B<\/span><span style=\"font-weight: 400;\">iegowa jest dedykowana dla biegaczy. \u0141\u0105czy elementy <strong>stabilizacji, komfortu<\/strong> oraz poprawy <strong>dynamiki stopy<\/strong> w butach do biegania.<\/span><\/p>\n<p><span style=\"font-weight: 400;\">Dzi\u0119ki zastosowanemu sztywnikowi Thermoflex i podparciu pierwszego promienia, niweluje <strong>nadmiern\u0105 pronacj\u0119<\/strong>. Zastosowany pod piet\u0105 materia\u0142\u00a0 Neosorb doskonale<strong> absorbuje wstrz\u0105sy<\/strong> oraz chroni <strong>stawy kolanowe i stawy kr\u0119gos\u0142upa<\/strong>. Wykorzystany w tej wk\u0142adce na przodostopiu\u00a0 materia\u0142 PR 25 jest niezwykle spr\u0119\u017cysty, co zdecydowanie <strong>u\u0142atwia odbicie <\/strong>i zmniejsza wydatek energetyczny biegacza<\/span><span style=\"font-weight: 400;\">. Materia\u0142em pokryciowym jest szary PE color, kt\u00f3ry idealnie zmniejsza po\u015blizg oraz jest bardzo odporny na wilgo\u0107.<\/span><\/p>\n<p><span style=\"font-weight: 400;\">Wk\u0142adka Biegowa sprawdzi si\u0119 u pocz\u0105tkuj\u0105cych biegaczy, junior\u00f3w oraz nastoletnich sportowc\u00f3w (dla os\u00f3b o niewielkiej masie cia\u0142a).<\/span><\/p>\n<p><span style=\"font-weight: 400;\">Sprawdzi si\u0119 w obuwiu sportowym.<\/span><\/p>\n<p><img loading=\"lazy\" decoding=\"async\" class=\"aligncenter wp-image-6540 size-full\" src=\"https:\/\/propedis.pl\/sklep\/wp-content\/uploads\/2020\/03\/1191_6.png\" alt=\"\" width=\"600\" height=\"600\" srcset=\"https:\/\/propedis.pl\/sklep\/wp-content\/uploads\/2020\/03\/1191_6.png 600w, https:\/\/propedis.pl\/sklep\/wp-content\/uploads\/2020\/03\/1191_6-150x150.png 150w, https:\/\/propedis.pl\/sklep\/wp-content\/uploads\/2020\/03\/1191_6-100x100.png 100w, https:\/\/propedis.pl\/sklep\/wp-content\/uploads\/2020\/03\/1191_6-300x300.png 300w\" sizes=\"auto, (max-width: 600px) 100vw, 600px\" \/><\/p>\n","protected":false},"excerpt":{"rendered":"<p>Wk\u0142adka termoformowalna Biegowa jest dedykowana dla biegaczy. \u0141\u0105czy elementy stabilizacji, komfortu oraz poprawy dynamiki stopy w butach do biegania. Dzi\u0119ki zastosowanemu sztywnikowi Thermoflex i podparciu pierwszego promienia, niweluje nadmiern\u0105 pronacj\u0119. Zastosowany pod piet\u0105 materia\u0142\u00a0 Neosorb doskonale absorbuje wstrz\u0105sy oraz chroni stawy kolanowe i stawy kr\u0119gos\u0142upa. Wykorzystany w tej wk\u0142adce na przodostopiu\u00a0 materia\u0142 PR 25 jest [&hellip;]<\/p>\n","protected":false},"featured_media":6463,"template":"","meta":{"ep_exclude_from_search":false},"product_brand":[],"product_cat":[15,72],"product_tag":[451,448,450,446,447],"class_list":{"0":"post-2094","1":"product","2":"type-product","3":"status-publish","4":"has-post-thumbnail","6":"product_cat-wkladki","7":"product_cat-wkladki-sportowe","8":"product_tag-wkladki-dla-sportowcow","9":"product_tag-wkladki-do-butow","10":"product_tag-wkladki-sportowe","11":"product_tag-wkladki-termoformowalne","12":"product_tag-wkladki-termoplastyczne","14":"first","15":"instock","16":"taxable","17":"shipping-taxable","18":"purchasable","19":"product-type-variable"},"yoast_head":"<!-- This site is optimized with the Yoast SEO Premium plugin v26.3 (Yoast SEO v27.4) - https:\/\/yoast.com\/product\/yoast-seo-premium-wordpress\/ -->\n<title>Biegowa 1195 - Pro Pedis - Profesjonalnie dla st\u00f3p<\/title>\n<meta name=\"robots\" content=\"index, follow, max-snippet:-1, max-image-preview:large, max-video-preview:-1\" \/>\n<link rel=\"canonical\" href=\"https:\/\/propedis.pl\/sklep\/produkt\/biegowa\/\" \/>\n<meta property=\"og:locale\" content=\"pl_PL\" \/>\n<meta property=\"og:type\" content=\"article\" \/>\n<meta property=\"og:title\" content=\"Biegowa 1195\" \/>\n<meta property=\"og:description\" content=\"Wk\u0142adka termoformowalna Biegowa jest dedykowana dla biegaczy. \u0141\u0105czy elementy stabilizacji, komfortu oraz poprawy dynamiki stopy w butach do biegania. Dzi\u0119ki zastosowanemu sztywnikowi Thermoflex i podparciu pierwszego promienia, niweluje nadmiern\u0105 pronacj\u0119. Zastosowany pod piet\u0105 materia\u0142\u00a0 Neosorb doskonale absorbuje wstrz\u0105sy oraz chroni stawy kolanowe i stawy kr\u0119gos\u0142upa. Wykorzystany w tej wk\u0142adce na przodostopiu\u00a0 materia\u0142 PR 25 jest [&hellip;]\" \/>\n<meta property=\"og:url\" content=\"https:\/\/propedis.pl\/sklep\/produkt\/biegowa\/\" \/>\n<meta property=\"og:site_name\" content=\"Pro Pedis - Profesjonalnie dla st\u00f3p\" \/>\n<meta property=\"article:modified_time\" content=\"2026-05-05T08:03:18+00:00\" \/>\n<meta property=\"og:image\" content=\"https:\/\/propedis.pl\/sklep\/wp-content\/uploads\/2020\/01\/1192_1-dessus.jpg\" \/>\n\t<meta property=\"og:image:width\" content=\"500\" \/>\n\t<meta property=\"og:image:height\" content=\"500\" \/>\n\t<meta property=\"og:image:type\" content=\"image\/jpeg\" \/>\n<meta name=\"twitter:card\" content=\"summary_large_image\" \/>\n<meta name=\"twitter:label1\" content=\"Szacowany czas czytania\" \/>\n\t<meta name=\"twitter:data1\" content=\"2 minuty\" \/>\n<script type=\"application\/ld+json\" class=\"yoast-schema-graph\">{\"@context\":\"https:\\\/\\\/schema.org\",\"@graph\":[{\"@type\":\"WebPage\",\"@id\":\"https:\\\/\\\/propedis.pl\\\/sklep\\\/produkt\\\/biegowa\\\/\",\"url\":\"https:\\\/\\\/propedis.pl\\\/sklep\\\/produkt\\\/biegowa\\\/\",\"name\":\"Biegowa 1195 - Pro Pedis - Profesjonalnie dla st\u00f3p\",\"isPartOf\":{\"@id\":\"https:\\\/\\\/propedis.pl\\\/sklep\\\/#website\"},\"primaryImageOfPage\":{\"@id\":\"https:\\\/\\\/propedis.pl\\\/sklep\\\/produkt\\\/biegowa\\\/#primaryimage\"},\"image\":{\"@id\":\"https:\\\/\\\/propedis.pl\\\/sklep\\\/produkt\\\/biegowa\\\/#primaryimage\"},\"thumbnailUrl\":\"https:\\\/\\\/propedis.pl\\\/sklep\\\/wp-content\\\/uploads\\\/2020\\\/01\\\/1192_1-dessus.jpg\",\"datePublished\":\"2020-01-25T20:01:05+00:00\",\"dateModified\":\"2026-05-05T08:03:18+00:00\",\"breadcrumb\":{\"@id\":\"https:\\\/\\\/propedis.pl\\\/sklep\\\/produkt\\\/biegowa\\\/#breadcrumb\"},\"inLanguage\":\"pl-PL\",\"potentialAction\":[{\"@type\":\"ReadAction\",\"target\":[\"https:\\\/\\\/propedis.pl\\\/sklep\\\/produkt\\\/biegowa\\\/\"]}]},{\"@type\":\"ImageObject\",\"inLanguage\":\"pl-PL\",\"@id\":\"https:\\\/\\\/propedis.pl\\\/sklep\\\/produkt\\\/biegowa\\\/#primaryimage\",\"url\":\"https:\\\/\\\/propedis.pl\\\/sklep\\\/wp-content\\\/uploads\\\/2020\\\/01\\\/1192_1-dessus.jpg\",\"contentUrl\":\"https:\\\/\\\/propedis.pl\\\/sklep\\\/wp-content\\\/uploads\\\/2020\\\/01\\\/1192_1-dessus.jpg\",\"width\":500,\"height\":500},{\"@type\":\"BreadcrumbList\",\"@id\":\"https:\\\/\\\/propedis.pl\\\/sklep\\\/produkt\\\/biegowa\\\/#breadcrumb\",\"itemListElement\":[{\"@type\":\"ListItem\",\"position\":1,\"name\":\"Strona g\u0142\u00f3wna\",\"item\":\"https:\\\/\\\/propedis.pl\\\/sklep\\\/\"},{\"@type\":\"ListItem\",\"position\":2,\"name\":\"Sklep\",\"item\":\"https:\\\/\\\/propedis.pl\\\/sklep\\\/produkty\\\/\"},{\"@type\":\"ListItem\",\"position\":3,\"name\":\"Wk\u0142adki\",\"item\":\"https:\\\/\\\/propedis.pl\\\/sklep\\\/kategoria-produktu\\\/wkladki\\\/\"},{\"@type\":\"ListItem\",\"position\":4,\"name\":\"Wk\u0142adki sportowe\",\"item\":\"https:\\\/\\\/propedis.pl\\\/sklep\\\/kategoria-produktu\\\/wkladki\\\/wkladki-sportowe\\\/\"},{\"@type\":\"ListItem\",\"position\":5,\"name\":\"Biegowa 1195\"}]},{\"@type\":\"WebSite\",\"@id\":\"https:\\\/\\\/propedis.pl\\\/sklep\\\/#website\",\"url\":\"https:\\\/\\\/propedis.pl\\\/sklep\\\/\",\"name\":\"Pro Pedis - Profesjonalnie dla st\u00f3p\",\"description\":\"\",\"potentialAction\":[{\"@type\":\"SearchAction\",\"target\":{\"@type\":\"EntryPoint\",\"urlTemplate\":\"https:\\\/\\\/propedis.pl\\\/sklep\\\/?s={search_term_string}\"},\"query-input\":{\"@type\":\"PropertyValueSpecification\",\"valueRequired\":true,\"valueName\":\"search_term_string\"}}],\"inLanguage\":\"pl-PL\"}]}<\/script>\n<!-- \/ Yoast SEO Premium plugin. -->","yoast_head_json":{"title":"Biegowa 1195 - Pro Pedis - Profesjonalnie dla st\u00f3p","robots":{"index":"index","follow":"follow","max-snippet":"max-snippet:-1","max-image-preview":"max-image-preview:large","max-video-preview":"max-video-preview:-1"},"canonical":"https:\/\/propedis.pl\/sklep\/produkt\/biegowa\/","og_locale":"pl_PL","og_type":"article","og_title":"Biegowa 1195","og_description":"Wk\u0142adka termoformowalna Biegowa jest dedykowana dla biegaczy. \u0141\u0105czy elementy stabilizacji, komfortu oraz poprawy dynamiki stopy w butach do biegania. Dzi\u0119ki zastosowanemu sztywnikowi Thermoflex i podparciu pierwszego promienia, niweluje nadmiern\u0105 pronacj\u0119. Zastosowany pod piet\u0105 materia\u0142\u00a0 Neosorb doskonale absorbuje wstrz\u0105sy oraz chroni stawy kolanowe i stawy kr\u0119gos\u0142upa. Wykorzystany w tej wk\u0142adce na przodostopiu\u00a0 materia\u0142 PR 25 jest [&hellip;]","og_url":"https:\/\/propedis.pl\/sklep\/produkt\/biegowa\/","og_site_name":"Pro Pedis - Profesjonalnie dla st\u00f3p","article_modified_time":"2026-05-05T08:03:18+00:00","og_image":[{"width":500,"height":500,"url":"https:\/\/propedis.pl\/sklep\/wp-content\/uploads\/2020\/01\/1192_1-dessus.jpg","type":"image\/jpeg"}],"twitter_card":"summary_large_image","twitter_misc":{"Szacowany czas czytania":"2 minuty"},"schema":{"@context":"https:\/\/schema.org","@graph":[{"@type":"WebPage","@id":"https:\/\/propedis.pl\/sklep\/produkt\/biegowa\/","url":"https:\/\/propedis.pl\/sklep\/produkt\/biegowa\/","name":"Biegowa 1195 - Pro Pedis - Profesjonalnie dla st\u00f3p","isPartOf":{"@id":"https:\/\/propedis.pl\/sklep\/#website"},"primaryImageOfPage":{"@id":"https:\/\/propedis.pl\/sklep\/produkt\/biegowa\/#primaryimage"},"image":{"@id":"https:\/\/propedis.pl\/sklep\/produkt\/biegowa\/#primaryimage"},"thumbnailUrl":"https:\/\/propedis.pl\/sklep\/wp-content\/uploads\/2020\/01\/1192_1-dessus.jpg","datePublished":"2020-01-25T20:01:05+00:00","dateModified":"2026-05-05T08:03:18+00:00","breadcrumb":{"@id":"https:\/\/propedis.pl\/sklep\/produkt\/biegowa\/#breadcrumb"},"inLanguage":"pl-PL","potentialAction":[{"@type":"ReadAction","target":["https:\/\/propedis.pl\/sklep\/produkt\/biegowa\/"]}]},{"@type":"ImageObject","inLanguage":"pl-PL","@id":"https:\/\/propedis.pl\/sklep\/produkt\/biegowa\/#primaryimage","url":"https:\/\/propedis.pl\/sklep\/wp-content\/uploads\/2020\/01\/1192_1-dessus.jpg","contentUrl":"https:\/\/propedis.pl\/sklep\/wp-content\/uploads\/2020\/01\/1192_1-dessus.jpg","width":500,"height":500},{"@type":"BreadcrumbList","@id":"https:\/\/propedis.pl\/sklep\/produkt\/biegowa\/#breadcrumb","itemListElement":[{"@type":"ListItem","position":1,"name":"Strona g\u0142\u00f3wna","item":"https:\/\/propedis.pl\/sklep\/"},{"@type":"ListItem","position":2,"name":"Sklep","item":"https:\/\/propedis.pl\/sklep\/produkty\/"},{"@type":"ListItem","position":3,"name":"Wk\u0142adki","item":"https:\/\/propedis.pl\/sklep\/kategoria-produktu\/wkladki\/"},{"@type":"ListItem","position":4,"name":"Wk\u0142adki sportowe","item":"https:\/\/propedis.pl\/sklep\/kategoria-produktu\/wkladki\/wkladki-sportowe\/"},{"@type":"ListItem","position":5,"name":"Biegowa 1195"}]},{"@type":"WebSite","@id":"https:\/\/propedis.pl\/sklep\/#website","url":"https:\/\/propedis.pl\/sklep\/","name":"Pro Pedis - Profesjonalnie dla st\u00f3p","description":"","potentialAction":[{"@type":"SearchAction","target":{"@type":"EntryPoint","urlTemplate":"https:\/\/propedis.pl\/sklep\/?s={search_term_string}"},"query-input":{"@type":"PropertyValueSpecification","valueRequired":true,"valueName":"search_term_string"}}],"inLanguage":"pl-PL"}]}},"_links":{"self":[{"href":"https:\/\/propedis.pl\/sklep\/wp-json\/wp\/v2\/product\/2094","targetHints":{"allow":["GET"]}}],"collection":[{"href":"https:\/\/propedis.pl\/sklep\/wp-json\/wp\/v2\/product"}],"about":[{"href":"https:\/\/propedis.pl\/sklep\/wp-json\/wp\/v2\/types\/product"}],"wp:featuredmedia":[{"embeddable":true,"href":"https:\/\/propedis.pl\/sklep\/wp-json\/wp\/v2\/media\/6463"}],"wp:attachment":[{"href":"https:\/\/propedis.pl\/sklep\/wp-json\/wp\/v2\/media?parent=2094"}],"wp:term":[{"taxonomy":"product_brand","embeddable":true,"href":"https:\/\/propedis.pl\/sklep\/wp-json\/wp\/v2\/product_brand?post=2094"},{"taxonomy":"product_cat","embeddable":true,"href":"https:\/\/propedis.pl\/sklep\/wp-json\/wp\/v2\/product_cat?post=2094"},{"taxonomy":"product_tag","embeddable":true,"href":"https:\/\/propedis.pl\/sklep\/wp-json\/wp\/v2\/product_tag?post=2094"}],"curies":[{"name":"wp","href":"https:\/\/api.w.org\/{rel}","templated":true}]}}