{"id":2101,"date":"2020-01-25T21:01:05","date_gmt":"2020-01-25T20:01:05","guid":{"rendered":"https:\/\/propedis.pl\/sklep\/?post_type=product&#038;p=2101"},"modified":"2026-04-09T16:07:09","modified_gmt":"2026-04-09T14:07:09","slug":"tenis","status":"publish","type":"product","link":"https:\/\/propedis.pl\/sklep\/produkt\/tenis\/","title":{"rendered":"TENIS 1525"},"content":{"rendered":"<p><span style=\"font-weight: 400;\">Wk\u0142adka termoformowalna T<\/span><span style=\"font-weight: 400;\">enis to wk\u0142adka dedykowana osobom uprawiaj\u0105cym tenis ziemny oraz badmington. \u0141\u0105czy w sobie komfort i stabilizacje, jednocze\u015bnie zapewniaj\u0105c ochron\u0119 punktu obrotu pod pierwszym <strong>stawem \u015br\u00f3dstopno &#8211; palcowym<\/strong>, dzi\u0119ki wykorzystaniu materia\u0142u PR 20. Wykorzystane w niej sztywniki: Thermoflex + Cambrelle zapewniaj\u0105 doskona\u0142\u0105 stabilizacj\u0119 <strong>przy\u015brodkowo \u2013 boczn\u0105 <\/strong>oraz<strong> podparcie pierwszego promienia<\/strong>. Podparcie \u015br\u00f3dstopia jest zapewnione przez drugi sztywnik: materia\u0142 Thermoflux. Zastosowany na przodostopiu materia\u0142 Marilon gwarantuje <strong>komfort dla przodostopia<\/strong>. Materia\u0142 Neosorb daje efekt a<strong>mortyzacyjny i redukuj\u0105cy<\/strong> wstrz\u0105sy pod pi\u0119t\u0105, dzi\u0119ki czemu chronione s\u0105 <strong>stawy kolanowe i stawy kr\u0119gos\u0142upa.<\/strong><\/span><\/p>\n<p><span style=\"font-weight: 400;\">Warstw\u0119 wierzchni\u0105 stanowi materia\u0142 PE color, kt\u00f3ry jest niezwykle cienki i odporny. Ponadto redukuje po\u015blizg stopy w bucie i jest niezwykle odporny na wilgo\u0107.<\/span><\/p>\n<p><span style=\"font-weight: 400;\">Przy wykonywaniu wk\u0142adki nale\u017cy zwr\u00f3ci\u0107 uwag\u0119, aby staw \u015br\u00f3dstopno palcowy pierwszy znajdowa\u0142 si\u0119 w centrum punktu obrotu.<\/span><\/p>\n<p><img loading=\"lazy\" decoding=\"async\" class=\"aligncenter wp-image-6541 size-full\" src=\"https:\/\/propedis.pl\/sklep\/wp-content\/uploads\/2020\/03\/1521_6.png\" alt=\"\" width=\"600\" height=\"600\" srcset=\"https:\/\/propedis.pl\/sklep\/wp-content\/uploads\/2020\/03\/1521_6.png 600w, https:\/\/propedis.pl\/sklep\/wp-content\/uploads\/2020\/03\/1521_6-150x150.png 150w, https:\/\/propedis.pl\/sklep\/wp-content\/uploads\/2020\/03\/1521_6-100x100.png 100w, https:\/\/propedis.pl\/sklep\/wp-content\/uploads\/2020\/03\/1521_6-300x300.png 300w\" sizes=\"auto, (max-width: 600px) 100vw, 600px\" \/><\/p>\n","protected":false},"excerpt":{"rendered":"<p>Wk\u0142adka termoformowalna Tenis to wk\u0142adka dedykowana osobom uprawiaj\u0105cym tenis ziemny oraz badmington. \u0141\u0105czy w sobie komfort i stabilizacje, jednocze\u015bnie zapewniaj\u0105c ochron\u0119 punktu obrotu pod pierwszym stawem \u015br\u00f3dstopno &#8211; palcowym, dzi\u0119ki wykorzystaniu materia\u0142u PR 20. Wykorzystane w niej sztywniki: Thermoflex + Cambrelle zapewniaj\u0105 doskona\u0142\u0105 stabilizacj\u0119 przy\u015brodkowo \u2013 boczn\u0105 oraz podparcie pierwszego promienia. Podparcie \u015br\u00f3dstopia jest zapewnione [&hellip;]<\/p>\n","protected":false},"featured_media":4265,"template":"","meta":{"ep_exclude_from_search":false},"product_brand":[],"product_cat":[15,72],"product_tag":[451,448,450,446,447],"class_list":{"0":"post-2101","1":"product","2":"type-product","3":"status-publish","4":"has-post-thumbnail","6":"product_cat-wkladki","7":"product_cat-wkladki-sportowe","8":"product_tag-wkladki-dla-sportowcow","9":"product_tag-wkladki-do-butow","10":"product_tag-wkladki-sportowe","11":"product_tag-wkladki-termoformowalne","12":"product_tag-wkladki-termoplastyczne","14":"first","15":"onbackorder","16":"taxable","17":"shipping-taxable","18":"purchasable","19":"product-type-variable"},"yoast_head":"<!-- This site is optimized with the Yoast SEO Premium plugin v26.3 (Yoast SEO v27.4) - https:\/\/yoast.com\/product\/yoast-seo-premium-wordpress\/ -->\n<title>TENIS 1525 - Pro Pedis - Profesjonalnie dla st\u00f3p<\/title>\n<meta name=\"robots\" content=\"index, follow, max-snippet:-1, max-image-preview:large, max-video-preview:-1\" \/>\n<link rel=\"canonical\" href=\"https:\/\/propedis.pl\/sklep\/produkt\/tenis\/\" \/>\n<meta property=\"og:locale\" content=\"pl_PL\" \/>\n<meta property=\"og:type\" content=\"article\" \/>\n<meta property=\"og:title\" content=\"TENIS 1525\" \/>\n<meta property=\"og:description\" content=\"Wk\u0142adka termoformowalna Tenis to wk\u0142adka dedykowana osobom uprawiaj\u0105cym tenis ziemny oraz badmington. \u0141\u0105czy w sobie komfort i stabilizacje, jednocze\u015bnie zapewniaj\u0105c ochron\u0119 punktu obrotu pod pierwszym stawem \u015br\u00f3dstopno &#8211; palcowym, dzi\u0119ki wykorzystaniu materia\u0142u PR 20. Wykorzystane w niej sztywniki: Thermoflex + Cambrelle zapewniaj\u0105 doskona\u0142\u0105 stabilizacj\u0119 przy\u015brodkowo \u2013 boczn\u0105 oraz podparcie pierwszego promienia. Podparcie \u015br\u00f3dstopia jest zapewnione [&hellip;]\" \/>\n<meta property=\"og:url\" content=\"https:\/\/propedis.pl\/sklep\/produkt\/tenis\/\" \/>\n<meta property=\"og:site_name\" content=\"Pro Pedis - Profesjonalnie dla st\u00f3p\" \/>\n<meta property=\"article:modified_time\" content=\"2026-04-09T14:07:09+00:00\" \/>\n<meta property=\"og:image\" content=\"https:\/\/propedis.pl\/sklep\/wp-content\/uploads\/2020\/03\/1522-dessus.jpg\" \/>\n\t<meta property=\"og:image:width\" content=\"500\" \/>\n\t<meta property=\"og:image:height\" content=\"500\" \/>\n\t<meta property=\"og:image:type\" content=\"image\/jpeg\" \/>\n<meta name=\"twitter:card\" content=\"summary_large_image\" \/>\n<meta name=\"twitter:label1\" content=\"Szacowany czas czytania\" \/>\n\t<meta name=\"twitter:data1\" content=\"2 minuty\" \/>\n<script type=\"application\/ld+json\" class=\"yoast-schema-graph\">{\"@context\":\"https:\\\/\\\/schema.org\",\"@graph\":[{\"@type\":\"WebPage\",\"@id\":\"https:\\\/\\\/propedis.pl\\\/sklep\\\/produkt\\\/tenis\\\/\",\"url\":\"https:\\\/\\\/propedis.pl\\\/sklep\\\/produkt\\\/tenis\\\/\",\"name\":\"TENIS 1525 - Pro Pedis - Profesjonalnie dla st\u00f3p\",\"isPartOf\":{\"@id\":\"https:\\\/\\\/propedis.pl\\\/sklep\\\/#website\"},\"primaryImageOfPage\":{\"@id\":\"https:\\\/\\\/propedis.pl\\\/sklep\\\/produkt\\\/tenis\\\/#primaryimage\"},\"image\":{\"@id\":\"https:\\\/\\\/propedis.pl\\\/sklep\\\/produkt\\\/tenis\\\/#primaryimage\"},\"thumbnailUrl\":\"https:\\\/\\\/propedis.pl\\\/sklep\\\/wp-content\\\/uploads\\\/2020\\\/03\\\/1522-dessus.jpg\",\"datePublished\":\"2020-01-25T20:01:05+00:00\",\"dateModified\":\"2026-04-09T14:07:09+00:00\",\"breadcrumb\":{\"@id\":\"https:\\\/\\\/propedis.pl\\\/sklep\\\/produkt\\\/tenis\\\/#breadcrumb\"},\"inLanguage\":\"pl-PL\",\"potentialAction\":[{\"@type\":\"ReadAction\",\"target\":[\"https:\\\/\\\/propedis.pl\\\/sklep\\\/produkt\\\/tenis\\\/\"]}]},{\"@type\":\"ImageObject\",\"inLanguage\":\"pl-PL\",\"@id\":\"https:\\\/\\\/propedis.pl\\\/sklep\\\/produkt\\\/tenis\\\/#primaryimage\",\"url\":\"https:\\\/\\\/propedis.pl\\\/sklep\\\/wp-content\\\/uploads\\\/2020\\\/03\\\/1522-dessus.jpg\",\"contentUrl\":\"https:\\\/\\\/propedis.pl\\\/sklep\\\/wp-content\\\/uploads\\\/2020\\\/03\\\/1522-dessus.jpg\",\"width\":500,\"height\":500},{\"@type\":\"BreadcrumbList\",\"@id\":\"https:\\\/\\\/propedis.pl\\\/sklep\\\/produkt\\\/tenis\\\/#breadcrumb\",\"itemListElement\":[{\"@type\":\"ListItem\",\"position\":1,\"name\":\"Strona g\u0142\u00f3wna\",\"item\":\"https:\\\/\\\/propedis.pl\\\/sklep\\\/\"},{\"@type\":\"ListItem\",\"position\":2,\"name\":\"Sklep\",\"item\":\"https:\\\/\\\/propedis.pl\\\/sklep\\\/produkty\\\/\"},{\"@type\":\"ListItem\",\"position\":3,\"name\":\"Wk\u0142adki\",\"item\":\"https:\\\/\\\/propedis.pl\\\/sklep\\\/kategoria-produktu\\\/wkladki\\\/\"},{\"@type\":\"ListItem\",\"position\":4,\"name\":\"Wk\u0142adki sportowe\",\"item\":\"https:\\\/\\\/propedis.pl\\\/sklep\\\/kategoria-produktu\\\/wkladki\\\/wkladki-sportowe\\\/\"},{\"@type\":\"ListItem\",\"position\":5,\"name\":\"TENIS 1525\"}]},{\"@type\":\"WebSite\",\"@id\":\"https:\\\/\\\/propedis.pl\\\/sklep\\\/#website\",\"url\":\"https:\\\/\\\/propedis.pl\\\/sklep\\\/\",\"name\":\"Pro Pedis - Profesjonalnie dla st\u00f3p\",\"description\":\"\",\"potentialAction\":[{\"@type\":\"SearchAction\",\"target\":{\"@type\":\"EntryPoint\",\"urlTemplate\":\"https:\\\/\\\/propedis.pl\\\/sklep\\\/?s={search_term_string}\"},\"query-input\":{\"@type\":\"PropertyValueSpecification\",\"valueRequired\":true,\"valueName\":\"search_term_string\"}}],\"inLanguage\":\"pl-PL\"}]}<\/script>\n<!-- \/ Yoast SEO Premium plugin. -->","yoast_head_json":{"title":"TENIS 1525 - Pro Pedis - Profesjonalnie dla st\u00f3p","robots":{"index":"index","follow":"follow","max-snippet":"max-snippet:-1","max-image-preview":"max-image-preview:large","max-video-preview":"max-video-preview:-1"},"canonical":"https:\/\/propedis.pl\/sklep\/produkt\/tenis\/","og_locale":"pl_PL","og_type":"article","og_title":"TENIS 1525","og_description":"Wk\u0142adka termoformowalna Tenis to wk\u0142adka dedykowana osobom uprawiaj\u0105cym tenis ziemny oraz badmington. \u0141\u0105czy w sobie komfort i stabilizacje, jednocze\u015bnie zapewniaj\u0105c ochron\u0119 punktu obrotu pod pierwszym stawem \u015br\u00f3dstopno &#8211; palcowym, dzi\u0119ki wykorzystaniu materia\u0142u PR 20. Wykorzystane w niej sztywniki: Thermoflex + Cambrelle zapewniaj\u0105 doskona\u0142\u0105 stabilizacj\u0119 przy\u015brodkowo \u2013 boczn\u0105 oraz podparcie pierwszego promienia. Podparcie \u015br\u00f3dstopia jest zapewnione [&hellip;]","og_url":"https:\/\/propedis.pl\/sklep\/produkt\/tenis\/","og_site_name":"Pro Pedis - Profesjonalnie dla st\u00f3p","article_modified_time":"2026-04-09T14:07:09+00:00","og_image":[{"width":500,"height":500,"url":"https:\/\/propedis.pl\/sklep\/wp-content\/uploads\/2020\/03\/1522-dessus.jpg","type":"image\/jpeg"}],"twitter_card":"summary_large_image","twitter_misc":{"Szacowany czas czytania":"2 minuty"},"schema":{"@context":"https:\/\/schema.org","@graph":[{"@type":"WebPage","@id":"https:\/\/propedis.pl\/sklep\/produkt\/tenis\/","url":"https:\/\/propedis.pl\/sklep\/produkt\/tenis\/","name":"TENIS 1525 - Pro Pedis - Profesjonalnie dla st\u00f3p","isPartOf":{"@id":"https:\/\/propedis.pl\/sklep\/#website"},"primaryImageOfPage":{"@id":"https:\/\/propedis.pl\/sklep\/produkt\/tenis\/#primaryimage"},"image":{"@id":"https:\/\/propedis.pl\/sklep\/produkt\/tenis\/#primaryimage"},"thumbnailUrl":"https:\/\/propedis.pl\/sklep\/wp-content\/uploads\/2020\/03\/1522-dessus.jpg","datePublished":"2020-01-25T20:01:05+00:00","dateModified":"2026-04-09T14:07:09+00:00","breadcrumb":{"@id":"https:\/\/propedis.pl\/sklep\/produkt\/tenis\/#breadcrumb"},"inLanguage":"pl-PL","potentialAction":[{"@type":"ReadAction","target":["https:\/\/propedis.pl\/sklep\/produkt\/tenis\/"]}]},{"@type":"ImageObject","inLanguage":"pl-PL","@id":"https:\/\/propedis.pl\/sklep\/produkt\/tenis\/#primaryimage","url":"https:\/\/propedis.pl\/sklep\/wp-content\/uploads\/2020\/03\/1522-dessus.jpg","contentUrl":"https:\/\/propedis.pl\/sklep\/wp-content\/uploads\/2020\/03\/1522-dessus.jpg","width":500,"height":500},{"@type":"BreadcrumbList","@id":"https:\/\/propedis.pl\/sklep\/produkt\/tenis\/#breadcrumb","itemListElement":[{"@type":"ListItem","position":1,"name":"Strona g\u0142\u00f3wna","item":"https:\/\/propedis.pl\/sklep\/"},{"@type":"ListItem","position":2,"name":"Sklep","item":"https:\/\/propedis.pl\/sklep\/produkty\/"},{"@type":"ListItem","position":3,"name":"Wk\u0142adki","item":"https:\/\/propedis.pl\/sklep\/kategoria-produktu\/wkladki\/"},{"@type":"ListItem","position":4,"name":"Wk\u0142adki sportowe","item":"https:\/\/propedis.pl\/sklep\/kategoria-produktu\/wkladki\/wkladki-sportowe\/"},{"@type":"ListItem","position":5,"name":"TENIS 1525"}]},{"@type":"WebSite","@id":"https:\/\/propedis.pl\/sklep\/#website","url":"https:\/\/propedis.pl\/sklep\/","name":"Pro Pedis - Profesjonalnie dla st\u00f3p","description":"","potentialAction":[{"@type":"SearchAction","target":{"@type":"EntryPoint","urlTemplate":"https:\/\/propedis.pl\/sklep\/?s={search_term_string}"},"query-input":{"@type":"PropertyValueSpecification","valueRequired":true,"valueName":"search_term_string"}}],"inLanguage":"pl-PL"}]}},"_links":{"self":[{"href":"https:\/\/propedis.pl\/sklep\/wp-json\/wp\/v2\/product\/2101","targetHints":{"allow":["GET"]}}],"collection":[{"href":"https:\/\/propedis.pl\/sklep\/wp-json\/wp\/v2\/product"}],"about":[{"href":"https:\/\/propedis.pl\/sklep\/wp-json\/wp\/v2\/types\/product"}],"wp:featuredmedia":[{"embeddable":true,"href":"https:\/\/propedis.pl\/sklep\/wp-json\/wp\/v2\/media\/4265"}],"wp:attachment":[{"href":"https:\/\/propedis.pl\/sklep\/wp-json\/wp\/v2\/media?parent=2101"}],"wp:term":[{"taxonomy":"product_brand","embeddable":true,"href":"https:\/\/propedis.pl\/sklep\/wp-json\/wp\/v2\/product_brand?post=2101"},{"taxonomy":"product_cat","embeddable":true,"href":"https:\/\/propedis.pl\/sklep\/wp-json\/wp\/v2\/product_cat?post=2101"},{"taxonomy":"product_tag","embeddable":true,"href":"https:\/\/propedis.pl\/sklep\/wp-json\/wp\/v2\/product_tag?post=2101"}],"curies":[{"name":"wp","href":"https:\/\/api.w.org\/{rel}","templated":true}]}}