{"id":2273,"date":"2020-02-14T13:26:16","date_gmt":"2020-02-14T12:26:16","guid":{"rendered":"https:\/\/propedis.pl\/sklep\/?post_type=product&#038;p=2273"},"modified":"2024-10-03T18:14:43","modified_gmt":"2024-10-03T16:14:43","slug":"szkolenie-stacjonarne-jak-prawidlowo-zbadac-stopy-anatomia-palpacyjna-biomechanika-i-diagnostyka-stop","status":"publish","type":"product","link":"https:\/\/propedis.pl\/sklep\/produkt\/szkolenie-stacjonarne-jak-prawidlowo-zbadac-stopy-anatomia-palpacyjna-biomechanika-i-diagnostyka-stop\/","title":{"rendered":"Szkolenie stacjonarne &#8211; Jak prawid\u0142owo zbada\u0107 stopy? Anatomia palpacyjna, biomechanika i diagnostyka st\u00f3p."},"content":{"rendered":"","protected":false},"excerpt":{"rendered":"","protected":false},"featured_media":0,"template":"","meta":{"ep_exclude_from_search":false},"product_brand":[],"product_cat":[47,423],"product_tag":[],"class_list":{"0":"post-2273","1":"product","2":"type-product","3":"status-publish","5":"product_cat-szkolenia","6":"product_cat-kursy-stacjonarne","8":"first","9":"instock","10":"taxable","11":"shipping-taxable","12":"purchasable","13":"product-type-simple"},"yoast_head":"<!-- This site is optimized with the Yoast SEO Premium plugin v26.3 (Yoast SEO v27.2) - https:\/\/yoast.com\/product\/yoast-seo-premium-wordpress\/ -->\n<title>Szkolenie stacjonarne - Jak prawid\u0142owo zbada\u0107 stopy? Anatomia palpacyjna, biomechanika i diagnostyka st\u00f3p. - Pro Pedis - Profesjonalnie dla st\u00f3p<\/title>\n<meta name=\"robots\" content=\"index, follow, max-snippet:-1, max-image-preview:large, max-video-preview:-1\" \/>\n<link rel=\"canonical\" href=\"https:\/\/propedis.pl\/sklep\/produkt\/szkolenie-stacjonarne-jak-prawidlowo-zbadac-stopy-anatomia-palpacyjna-biomechanika-i-diagnostyka-stop\/\" \/>\n<meta property=\"og:locale\" content=\"pl_PL\" \/>\n<meta property=\"og:type\" content=\"article\" \/>\n<meta property=\"og:title\" content=\"Szkolenie stacjonarne - Jak prawid\u0142owo zbada\u0107 stopy? Anatomia palpacyjna, biomechanika i diagnostyka st\u00f3p.\" \/>\n<meta property=\"og:url\" content=\"https:\/\/propedis.pl\/sklep\/produkt\/szkolenie-stacjonarne-jak-prawidlowo-zbadac-stopy-anatomia-palpacyjna-biomechanika-i-diagnostyka-stop\/\" \/>\n<meta property=\"og:site_name\" content=\"Pro Pedis - Profesjonalnie dla st\u00f3p\" \/>\n<meta property=\"article:modified_time\" content=\"2024-10-03T16:14:43+00:00\" \/>\n<meta name=\"twitter:card\" content=\"summary_large_image\" \/>\n<script type=\"application\/ld+json\" class=\"yoast-schema-graph\">{\"@context\":\"https:\/\/schema.org\",\"@graph\":[{\"@type\":\"WebPage\",\"@id\":\"https:\/\/propedis.pl\/sklep\/produkt\/szkolenie-stacjonarne-jak-prawidlowo-zbadac-stopy-anatomia-palpacyjna-biomechanika-i-diagnostyka-stop\/\",\"url\":\"https:\/\/propedis.pl\/sklep\/produkt\/szkolenie-stacjonarne-jak-prawidlowo-zbadac-stopy-anatomia-palpacyjna-biomechanika-i-diagnostyka-stop\/\",\"name\":\"Szkolenie stacjonarne - Jak prawid\u0142owo zbada\u0107 stopy? Anatomia palpacyjna, biomechanika i diagnostyka st\u00f3p. - Pro Pedis - Profesjonalnie dla st\u00f3p\",\"isPartOf\":{\"@id\":\"https:\/\/propedis.pl\/sklep\/#website\"},\"datePublished\":\"2020-02-14T12:26:16+00:00\",\"dateModified\":\"2024-10-03T16:14:43+00:00\",\"breadcrumb\":{\"@id\":\"https:\/\/propedis.pl\/sklep\/produkt\/szkolenie-stacjonarne-jak-prawidlowo-zbadac-stopy-anatomia-palpacyjna-biomechanika-i-diagnostyka-stop\/#breadcrumb\"},\"inLanguage\":\"pl-PL\",\"potentialAction\":[{\"@type\":\"ReadAction\",\"target\":[\"https:\/\/propedis.pl\/sklep\/produkt\/szkolenie-stacjonarne-jak-prawidlowo-zbadac-stopy-anatomia-palpacyjna-biomechanika-i-diagnostyka-stop\/\"]}]},{\"@type\":\"BreadcrumbList\",\"@id\":\"https:\/\/propedis.pl\/sklep\/produkt\/szkolenie-stacjonarne-jak-prawidlowo-zbadac-stopy-anatomia-palpacyjna-biomechanika-i-diagnostyka-stop\/#breadcrumb\",\"itemListElement\":[{\"@type\":\"ListItem\",\"position\":1,\"name\":\"Strona g\u0142\u00f3wna\",\"item\":\"https:\/\/propedis.pl\/sklep\/\"},{\"@type\":\"ListItem\",\"position\":2,\"name\":\"Sklep\",\"item\":\"https:\/\/propedis.pl\/sklep\/produkty\/\"},{\"@type\":\"ListItem\",\"position\":3,\"name\":\"Kursy i szkolenia\",\"item\":\"https:\/\/propedis.pl\/sklep\/kategoria-produktu\/szkolenia\/\"},{\"@type\":\"ListItem\",\"position\":4,\"name\":\"Warszaty stacjonarne\",\"item\":\"https:\/\/propedis.pl\/sklep\/kategoria-produktu\/szkolenia\/kursy-stacjonarne\/\"},{\"@type\":\"ListItem\",\"position\":5,\"name\":\"Szkolenie stacjonarne &#8211; Jak prawid\u0142owo zbada\u0107 stopy? Anatomia palpacyjna, biomechanika i diagnostyka st\u00f3p.\"}]},{\"@type\":\"WebSite\",\"@id\":\"https:\/\/propedis.pl\/sklep\/#website\",\"url\":\"https:\/\/propedis.pl\/sklep\/\",\"name\":\"Pro Pedis - Profesjonalnie dla st\u00f3p\",\"description\":\"\",\"potentialAction\":[{\"@type\":\"SearchAction\",\"target\":{\"@type\":\"EntryPoint\",\"urlTemplate\":\"https:\/\/propedis.pl\/sklep\/?s={search_term_string}\"},\"query-input\":{\"@type\":\"PropertyValueSpecification\",\"valueRequired\":true,\"valueName\":\"search_term_string\"}}],\"inLanguage\":\"pl-PL\"}]}<\/script>\n<!-- \/ Yoast SEO Premium plugin. -->","yoast_head_json":{"title":"Szkolenie stacjonarne - Jak prawid\u0142owo zbada\u0107 stopy? Anatomia palpacyjna, biomechanika i diagnostyka st\u00f3p. - Pro Pedis - Profesjonalnie dla st\u00f3p","robots":{"index":"index","follow":"follow","max-snippet":"max-snippet:-1","max-image-preview":"max-image-preview:large","max-video-preview":"max-video-preview:-1"},"canonical":"https:\/\/propedis.pl\/sklep\/produkt\/szkolenie-stacjonarne-jak-prawidlowo-zbadac-stopy-anatomia-palpacyjna-biomechanika-i-diagnostyka-stop\/","og_locale":"pl_PL","og_type":"article","og_title":"Szkolenie stacjonarne - Jak prawid\u0142owo zbada\u0107 stopy? Anatomia palpacyjna, biomechanika i diagnostyka st\u00f3p.","og_url":"https:\/\/propedis.pl\/sklep\/produkt\/szkolenie-stacjonarne-jak-prawidlowo-zbadac-stopy-anatomia-palpacyjna-biomechanika-i-diagnostyka-stop\/","og_site_name":"Pro Pedis - Profesjonalnie dla st\u00f3p","article_modified_time":"2024-10-03T16:14:43+00:00","twitter_card":"summary_large_image","schema":{"@context":"https:\/\/schema.org","@graph":[{"@type":"WebPage","@id":"https:\/\/propedis.pl\/sklep\/produkt\/szkolenie-stacjonarne-jak-prawidlowo-zbadac-stopy-anatomia-palpacyjna-biomechanika-i-diagnostyka-stop\/","url":"https:\/\/propedis.pl\/sklep\/produkt\/szkolenie-stacjonarne-jak-prawidlowo-zbadac-stopy-anatomia-palpacyjna-biomechanika-i-diagnostyka-stop\/","name":"Szkolenie stacjonarne - Jak prawid\u0142owo zbada\u0107 stopy? Anatomia palpacyjna, biomechanika i diagnostyka st\u00f3p. - Pro Pedis - Profesjonalnie dla st\u00f3p","isPartOf":{"@id":"https:\/\/propedis.pl\/sklep\/#website"},"datePublished":"2020-02-14T12:26:16+00:00","dateModified":"2024-10-03T16:14:43+00:00","breadcrumb":{"@id":"https:\/\/propedis.pl\/sklep\/produkt\/szkolenie-stacjonarne-jak-prawidlowo-zbadac-stopy-anatomia-palpacyjna-biomechanika-i-diagnostyka-stop\/#breadcrumb"},"inLanguage":"pl-PL","potentialAction":[{"@type":"ReadAction","target":["https:\/\/propedis.pl\/sklep\/produkt\/szkolenie-stacjonarne-jak-prawidlowo-zbadac-stopy-anatomia-palpacyjna-biomechanika-i-diagnostyka-stop\/"]}]},{"@type":"BreadcrumbList","@id":"https:\/\/propedis.pl\/sklep\/produkt\/szkolenie-stacjonarne-jak-prawidlowo-zbadac-stopy-anatomia-palpacyjna-biomechanika-i-diagnostyka-stop\/#breadcrumb","itemListElement":[{"@type":"ListItem","position":1,"name":"Strona g\u0142\u00f3wna","item":"https:\/\/propedis.pl\/sklep\/"},{"@type":"ListItem","position":2,"name":"Sklep","item":"https:\/\/propedis.pl\/sklep\/produkty\/"},{"@type":"ListItem","position":3,"name":"Kursy i szkolenia","item":"https:\/\/propedis.pl\/sklep\/kategoria-produktu\/szkolenia\/"},{"@type":"ListItem","position":4,"name":"Warszaty stacjonarne","item":"https:\/\/propedis.pl\/sklep\/kategoria-produktu\/szkolenia\/kursy-stacjonarne\/"},{"@type":"ListItem","position":5,"name":"Szkolenie stacjonarne &#8211; Jak prawid\u0142owo zbada\u0107 stopy? Anatomia palpacyjna, biomechanika i diagnostyka st\u00f3p."}]},{"@type":"WebSite","@id":"https:\/\/propedis.pl\/sklep\/#website","url":"https:\/\/propedis.pl\/sklep\/","name":"Pro Pedis - Profesjonalnie dla st\u00f3p","description":"","potentialAction":[{"@type":"SearchAction","target":{"@type":"EntryPoint","urlTemplate":"https:\/\/propedis.pl\/sklep\/?s={search_term_string}"},"query-input":{"@type":"PropertyValueSpecification","valueRequired":true,"valueName":"search_term_string"}}],"inLanguage":"pl-PL"}]}},"_links":{"self":[{"href":"https:\/\/propedis.pl\/sklep\/wp-json\/wp\/v2\/product\/2273","targetHints":{"allow":["GET"]}}],"collection":[{"href":"https:\/\/propedis.pl\/sklep\/wp-json\/wp\/v2\/product"}],"about":[{"href":"https:\/\/propedis.pl\/sklep\/wp-json\/wp\/v2\/types\/product"}],"wp:attachment":[{"href":"https:\/\/propedis.pl\/sklep\/wp-json\/wp\/v2\/media?parent=2273"}],"wp:term":[{"taxonomy":"product_brand","embeddable":true,"href":"https:\/\/propedis.pl\/sklep\/wp-json\/wp\/v2\/product_brand?post=2273"},{"taxonomy":"product_cat","embeddable":true,"href":"https:\/\/propedis.pl\/sklep\/wp-json\/wp\/v2\/product_cat?post=2273"},{"taxonomy":"product_tag","embeddable":true,"href":"https:\/\/propedis.pl\/sklep\/wp-json\/wp\/v2\/product_tag?post=2273"}],"curies":[{"name":"wp","href":"https:\/\/api.w.org\/{rel}","templated":true}]}}