{"id":5112,"date":"2019-06-25T00:00:00","date_gmt":"2019-06-24T22:00:00","guid":{"rendered":"https:\/\/propedis.pl\/sklep\/produkt\/osteoporoza-jak-zapobiegac-jej-wystapieniu-jak-zyc-kiedy-juz-jest-2\/"},"modified":"2026-02-26T11:52:27","modified_gmt":"2026-02-26T10:52:27","slug":"osteoporoza-jak-zapobiegac-jej-wystapieniu-jak-zyc-kiedy-juz-jest-2","status":"publish","type":"product","link":"https:\/\/propedis.pl\/sklep\/produkt\/osteoporoza-jak-zapobiegac-jej-wystapieniu-jak-zyc-kiedy-juz-jest-2\/","title":{"rendered":"OSTEOPOROZA. JAK ZAPOBIEGA\u0106 JEJ WYST\u0104PIENIU, JAK \u017bY\u0106 KIEDY JU\u017b JEST\u2026"},"content":{"rendered":"<p><strong>dr n. med. Jerzy Stodolny<\/strong><br \/>\n<strong>Osteoporoza. Jak zapobiega\u0107 jej wyst\u0105pieniu, jak \u017cy\u0107 kiedy ju\u017c jest\u2026<\/strong><\/p>\n<p>Praktyczny poradnik, kt\u00f3ry omawia zagadnienia zwi\u0105zane z osteoporoz\u0105.<\/p>\n<p>Jest przeznaczony dla szerokiego grona czytelnik\u00f3w, g\u0142\u00f3wnie spoza \u015brodowiska medycznego, w tym dla os\u00f3b z zaawansowan\u0105 osteoporoz\u0105 i w podesz\u0142ym wieku. Zawiera on, obok podstawowych informacji o samym schorzeniu i jego leczeniu, program praktycznych \u0107wicze\u0144 oraz wiele porad dotycz\u0105cych zapobiegania osteoporozie jak i bezpiecznego \u017cycia w przypadku jej zaistnienia.<\/p>\n","protected":false},"excerpt":{"rendered":"<p>dr n. med. Jerzy Stodolny Osteoporoza. Jak zapobiega\u0107 jej wyst\u0105pieniu, jak \u017cy\u0107 kiedy ju\u017c jest\u2026 Praktyczny poradnik, kt\u00f3ry omawia zagadnienia zwi\u0105zane z osteoporoz\u0105. Jest przeznaczony dla szerokiego grona czytelnik\u00f3w, g\u0142\u00f3wnie spoza \u015brodowiska medycznego, w tym dla os\u00f3b z zaawansowan\u0105 osteoporoz\u0105 i w podesz\u0142ym wieku. Zawiera on, obok podstawowych informacji o samym schorzeniu i jego leczeniu, [&hellip;]<\/p>\n","protected":false},"featured_media":6907,"template":"","meta":{"ep_exclude_from_search":false},"product_brand":[],"product_cat":[46],"product_tag":[],"class_list":{"0":"post-5112","1":"product","2":"type-product","3":"status-publish","4":"has-post-thumbnail","6":"product_cat-publikacje","7":"product_shipping_class-paczkomat","9":"first","10":"instock","11":"taxable","12":"shipping-taxable","13":"purchasable","14":"product-type-simple"},"yoast_head":"<!-- This site is optimized with the Yoast SEO Premium plugin v26.3 (Yoast SEO v27.4) - https:\/\/yoast.com\/product\/yoast-seo-premium-wordpress\/ -->\n<title>OSTEOPOROZA. JAK ZAPOBIEGA\u0106 JEJ WYST\u0104PIENIU, JAK \u017bY\u0106 KIEDY JU\u017b JEST\u2026 - Pro Pedis - Profesjonalnie dla st\u00f3p<\/title>\n<meta name=\"robots\" content=\"index, follow, max-snippet:-1, max-image-preview:large, max-video-preview:-1\" \/>\n<link rel=\"canonical\" href=\"https:\/\/propedis.pl\/sklep\/produkt\/osteoporoza-jak-zapobiegac-jej-wystapieniu-jak-zyc-kiedy-juz-jest-2\/\" \/>\n<meta property=\"og:locale\" content=\"pl_PL\" \/>\n<meta property=\"og:type\" content=\"article\" \/>\n<meta property=\"og:title\" content=\"OSTEOPOROZA. JAK ZAPOBIEGA\u0106 JEJ WYST\u0104PIENIU, JAK \u017bY\u0106 KIEDY JU\u017b JEST\u2026\" \/>\n<meta property=\"og:description\" content=\"dr n. med. Jerzy Stodolny Osteoporoza. Jak zapobiega\u0107 jej wyst\u0105pieniu, jak \u017cy\u0107 kiedy ju\u017c jest\u2026 Praktyczny poradnik, kt\u00f3ry omawia zagadnienia zwi\u0105zane z osteoporoz\u0105. Jest przeznaczony dla szerokiego grona czytelnik\u00f3w, g\u0142\u00f3wnie spoza \u015brodowiska medycznego, w tym dla os\u00f3b z zaawansowan\u0105 osteoporoz\u0105 i w podesz\u0142ym wieku. Zawiera on, obok podstawowych informacji o samym schorzeniu i jego leczeniu, [&hellip;]\" \/>\n<meta property=\"og:url\" content=\"https:\/\/propedis.pl\/sklep\/produkt\/osteoporoza-jak-zapobiegac-jej-wystapieniu-jak-zyc-kiedy-juz-jest-2\/\" \/>\n<meta property=\"og:site_name\" content=\"Pro Pedis - Profesjonalnie dla st\u00f3p\" \/>\n<meta property=\"article:modified_time\" content=\"2026-02-26T10:52:27+00:00\" \/>\n<meta property=\"og:image\" content=\"https:\/\/propedis.pl\/sklep\/wp-content\/uploads\/2019\/06\/osteoporoza.png\" \/>\n\t<meta property=\"og:image:width\" content=\"600\" \/>\n\t<meta property=\"og:image:height\" content=\"600\" \/>\n\t<meta property=\"og:image:type\" content=\"image\/png\" \/>\n<meta name=\"twitter:card\" content=\"summary_large_image\" \/>\n<meta name=\"twitter:label1\" content=\"Szacowany czas czytania\" \/>\n\t<meta name=\"twitter:data1\" content=\"1 minuta\" \/>\n<script type=\"application\/ld+json\" class=\"yoast-schema-graph\">{\"@context\":\"https:\\\/\\\/schema.org\",\"@graph\":[{\"@type\":\"WebPage\",\"@id\":\"https:\\\/\\\/propedis.pl\\\/sklep\\\/produkt\\\/osteoporoza-jak-zapobiegac-jej-wystapieniu-jak-zyc-kiedy-juz-jest-2\\\/\",\"url\":\"https:\\\/\\\/propedis.pl\\\/sklep\\\/produkt\\\/osteoporoza-jak-zapobiegac-jej-wystapieniu-jak-zyc-kiedy-juz-jest-2\\\/\",\"name\":\"OSTEOPOROZA. JAK ZAPOBIEGA\u0106 JEJ WYST\u0104PIENIU, JAK \u017bY\u0106 KIEDY JU\u017b JEST\u2026 - Pro Pedis - Profesjonalnie dla st\u00f3p\",\"isPartOf\":{\"@id\":\"https:\\\/\\\/propedis.pl\\\/sklep\\\/#website\"},\"primaryImageOfPage\":{\"@id\":\"https:\\\/\\\/propedis.pl\\\/sklep\\\/produkt\\\/osteoporoza-jak-zapobiegac-jej-wystapieniu-jak-zyc-kiedy-juz-jest-2\\\/#primaryimage\"},\"image\":{\"@id\":\"https:\\\/\\\/propedis.pl\\\/sklep\\\/produkt\\\/osteoporoza-jak-zapobiegac-jej-wystapieniu-jak-zyc-kiedy-juz-jest-2\\\/#primaryimage\"},\"thumbnailUrl\":\"https:\\\/\\\/propedis.pl\\\/sklep\\\/wp-content\\\/uploads\\\/2019\\\/06\\\/osteoporoza.png\",\"datePublished\":\"2019-06-24T22:00:00+00:00\",\"dateModified\":\"2026-02-26T10:52:27+00:00\",\"breadcrumb\":{\"@id\":\"https:\\\/\\\/propedis.pl\\\/sklep\\\/produkt\\\/osteoporoza-jak-zapobiegac-jej-wystapieniu-jak-zyc-kiedy-juz-jest-2\\\/#breadcrumb\"},\"inLanguage\":\"pl-PL\",\"potentialAction\":[{\"@type\":\"ReadAction\",\"target\":[\"https:\\\/\\\/propedis.pl\\\/sklep\\\/produkt\\\/osteoporoza-jak-zapobiegac-jej-wystapieniu-jak-zyc-kiedy-juz-jest-2\\\/\"]}]},{\"@type\":\"ImageObject\",\"inLanguage\":\"pl-PL\",\"@id\":\"https:\\\/\\\/propedis.pl\\\/sklep\\\/produkt\\\/osteoporoza-jak-zapobiegac-jej-wystapieniu-jak-zyc-kiedy-juz-jest-2\\\/#primaryimage\",\"url\":\"https:\\\/\\\/propedis.pl\\\/sklep\\\/wp-content\\\/uploads\\\/2019\\\/06\\\/osteoporoza.png\",\"contentUrl\":\"https:\\\/\\\/propedis.pl\\\/sklep\\\/wp-content\\\/uploads\\\/2019\\\/06\\\/osteoporoza.png\",\"width\":600,\"height\":600},{\"@type\":\"BreadcrumbList\",\"@id\":\"https:\\\/\\\/propedis.pl\\\/sklep\\\/produkt\\\/osteoporoza-jak-zapobiegac-jej-wystapieniu-jak-zyc-kiedy-juz-jest-2\\\/#breadcrumb\",\"itemListElement\":[{\"@type\":\"ListItem\",\"position\":1,\"name\":\"Strona g\u0142\u00f3wna\",\"item\":\"https:\\\/\\\/propedis.pl\\\/sklep\\\/\"},{\"@type\":\"ListItem\",\"position\":2,\"name\":\"Sklep\",\"item\":\"https:\\\/\\\/propedis.pl\\\/sklep\\\/produkty\\\/\"},{\"@type\":\"ListItem\",\"position\":3,\"name\":\"Kursy i szkolenia\",\"item\":\"https:\\\/\\\/propedis.pl\\\/sklep\\\/kategoria-produktu\\\/szkolenia\\\/\"},{\"@type\":\"ListItem\",\"position\":4,\"name\":\"Publikacje\",\"item\":\"https:\\\/\\\/propedis.pl\\\/sklep\\\/kategoria-produktu\\\/szkolenia\\\/publikacje\\\/\"},{\"@type\":\"ListItem\",\"position\":5,\"name\":\"OSTEOPOROZA. JAK ZAPOBIEGA\u0106 JEJ WYST\u0104PIENIU, JAK \u017bY\u0106 KIEDY JU\u017b JEST\u2026\"}]},{\"@type\":\"WebSite\",\"@id\":\"https:\\\/\\\/propedis.pl\\\/sklep\\\/#website\",\"url\":\"https:\\\/\\\/propedis.pl\\\/sklep\\\/\",\"name\":\"Pro Pedis - Profesjonalnie dla st\u00f3p\",\"description\":\"\",\"potentialAction\":[{\"@type\":\"SearchAction\",\"target\":{\"@type\":\"EntryPoint\",\"urlTemplate\":\"https:\\\/\\\/propedis.pl\\\/sklep\\\/?s={search_term_string}\"},\"query-input\":{\"@type\":\"PropertyValueSpecification\",\"valueRequired\":true,\"valueName\":\"search_term_string\"}}],\"inLanguage\":\"pl-PL\"}]}<\/script>\n<!-- \/ Yoast SEO Premium plugin. -->","yoast_head_json":{"title":"OSTEOPOROZA. JAK ZAPOBIEGA\u0106 JEJ WYST\u0104PIENIU, JAK \u017bY\u0106 KIEDY JU\u017b JEST\u2026 - Pro Pedis - Profesjonalnie dla st\u00f3p","robots":{"index":"index","follow":"follow","max-snippet":"max-snippet:-1","max-image-preview":"max-image-preview:large","max-video-preview":"max-video-preview:-1"},"canonical":"https:\/\/propedis.pl\/sklep\/produkt\/osteoporoza-jak-zapobiegac-jej-wystapieniu-jak-zyc-kiedy-juz-jest-2\/","og_locale":"pl_PL","og_type":"article","og_title":"OSTEOPOROZA. JAK ZAPOBIEGA\u0106 JEJ WYST\u0104PIENIU, JAK \u017bY\u0106 KIEDY JU\u017b JEST\u2026","og_description":"dr n. med. Jerzy Stodolny Osteoporoza. Jak zapobiega\u0107 jej wyst\u0105pieniu, jak \u017cy\u0107 kiedy ju\u017c jest\u2026 Praktyczny poradnik, kt\u00f3ry omawia zagadnienia zwi\u0105zane z osteoporoz\u0105. Jest przeznaczony dla szerokiego grona czytelnik\u00f3w, g\u0142\u00f3wnie spoza \u015brodowiska medycznego, w tym dla os\u00f3b z zaawansowan\u0105 osteoporoz\u0105 i w podesz\u0142ym wieku. Zawiera on, obok podstawowych informacji o samym schorzeniu i jego leczeniu, [&hellip;]","og_url":"https:\/\/propedis.pl\/sklep\/produkt\/osteoporoza-jak-zapobiegac-jej-wystapieniu-jak-zyc-kiedy-juz-jest-2\/","og_site_name":"Pro Pedis - Profesjonalnie dla st\u00f3p","article_modified_time":"2026-02-26T10:52:27+00:00","og_image":[{"width":600,"height":600,"url":"https:\/\/propedis.pl\/sklep\/wp-content\/uploads\/2019\/06\/osteoporoza.png","type":"image\/png"}],"twitter_card":"summary_large_image","twitter_misc":{"Szacowany czas czytania":"1 minuta"},"schema":{"@context":"https:\/\/schema.org","@graph":[{"@type":"WebPage","@id":"https:\/\/propedis.pl\/sklep\/produkt\/osteoporoza-jak-zapobiegac-jej-wystapieniu-jak-zyc-kiedy-juz-jest-2\/","url":"https:\/\/propedis.pl\/sklep\/produkt\/osteoporoza-jak-zapobiegac-jej-wystapieniu-jak-zyc-kiedy-juz-jest-2\/","name":"OSTEOPOROZA. JAK ZAPOBIEGA\u0106 JEJ WYST\u0104PIENIU, JAK \u017bY\u0106 KIEDY JU\u017b JEST\u2026 - Pro Pedis - Profesjonalnie dla st\u00f3p","isPartOf":{"@id":"https:\/\/propedis.pl\/sklep\/#website"},"primaryImageOfPage":{"@id":"https:\/\/propedis.pl\/sklep\/produkt\/osteoporoza-jak-zapobiegac-jej-wystapieniu-jak-zyc-kiedy-juz-jest-2\/#primaryimage"},"image":{"@id":"https:\/\/propedis.pl\/sklep\/produkt\/osteoporoza-jak-zapobiegac-jej-wystapieniu-jak-zyc-kiedy-juz-jest-2\/#primaryimage"},"thumbnailUrl":"https:\/\/propedis.pl\/sklep\/wp-content\/uploads\/2019\/06\/osteoporoza.png","datePublished":"2019-06-24T22:00:00+00:00","dateModified":"2026-02-26T10:52:27+00:00","breadcrumb":{"@id":"https:\/\/propedis.pl\/sklep\/produkt\/osteoporoza-jak-zapobiegac-jej-wystapieniu-jak-zyc-kiedy-juz-jest-2\/#breadcrumb"},"inLanguage":"pl-PL","potentialAction":[{"@type":"ReadAction","target":["https:\/\/propedis.pl\/sklep\/produkt\/osteoporoza-jak-zapobiegac-jej-wystapieniu-jak-zyc-kiedy-juz-jest-2\/"]}]},{"@type":"ImageObject","inLanguage":"pl-PL","@id":"https:\/\/propedis.pl\/sklep\/produkt\/osteoporoza-jak-zapobiegac-jej-wystapieniu-jak-zyc-kiedy-juz-jest-2\/#primaryimage","url":"https:\/\/propedis.pl\/sklep\/wp-content\/uploads\/2019\/06\/osteoporoza.png","contentUrl":"https:\/\/propedis.pl\/sklep\/wp-content\/uploads\/2019\/06\/osteoporoza.png","width":600,"height":600},{"@type":"BreadcrumbList","@id":"https:\/\/propedis.pl\/sklep\/produkt\/osteoporoza-jak-zapobiegac-jej-wystapieniu-jak-zyc-kiedy-juz-jest-2\/#breadcrumb","itemListElement":[{"@type":"ListItem","position":1,"name":"Strona g\u0142\u00f3wna","item":"https:\/\/propedis.pl\/sklep\/"},{"@type":"ListItem","position":2,"name":"Sklep","item":"https:\/\/propedis.pl\/sklep\/produkty\/"},{"@type":"ListItem","position":3,"name":"Kursy i szkolenia","item":"https:\/\/propedis.pl\/sklep\/kategoria-produktu\/szkolenia\/"},{"@type":"ListItem","position":4,"name":"Publikacje","item":"https:\/\/propedis.pl\/sklep\/kategoria-produktu\/szkolenia\/publikacje\/"},{"@type":"ListItem","position":5,"name":"OSTEOPOROZA. JAK ZAPOBIEGA\u0106 JEJ WYST\u0104PIENIU, JAK \u017bY\u0106 KIEDY JU\u017b JEST\u2026"}]},{"@type":"WebSite","@id":"https:\/\/propedis.pl\/sklep\/#website","url":"https:\/\/propedis.pl\/sklep\/","name":"Pro Pedis - Profesjonalnie dla st\u00f3p","description":"","potentialAction":[{"@type":"SearchAction","target":{"@type":"EntryPoint","urlTemplate":"https:\/\/propedis.pl\/sklep\/?s={search_term_string}"},"query-input":{"@type":"PropertyValueSpecification","valueRequired":true,"valueName":"search_term_string"}}],"inLanguage":"pl-PL"}]}},"_links":{"self":[{"href":"https:\/\/propedis.pl\/sklep\/wp-json\/wp\/v2\/product\/5112","targetHints":{"allow":["GET"]}}],"collection":[{"href":"https:\/\/propedis.pl\/sklep\/wp-json\/wp\/v2\/product"}],"about":[{"href":"https:\/\/propedis.pl\/sklep\/wp-json\/wp\/v2\/types\/product"}],"wp:featuredmedia":[{"embeddable":true,"href":"https:\/\/propedis.pl\/sklep\/wp-json\/wp\/v2\/media\/6907"}],"wp:attachment":[{"href":"https:\/\/propedis.pl\/sklep\/wp-json\/wp\/v2\/media?parent=5112"}],"wp:term":[{"taxonomy":"product_brand","embeddable":true,"href":"https:\/\/propedis.pl\/sklep\/wp-json\/wp\/v2\/product_brand?post=5112"},{"taxonomy":"product_cat","embeddable":true,"href":"https:\/\/propedis.pl\/sklep\/wp-json\/wp\/v2\/product_cat?post=5112"},{"taxonomy":"product_tag","embeddable":true,"href":"https:\/\/propedis.pl\/sklep\/wp-json\/wp\/v2\/product_tag?post=5112"}],"curies":[{"name":"wp","href":"https:\/\/api.w.org\/{rel}","templated":true}]}}