{"id":5165,"date":"2019-08-21T00:00:00","date_gmt":"2019-08-20T22:00:00","guid":{"rendered":"https:\/\/propedis.pl\/sklep\/produkt\/hipermobilnosc-premium\/"},"modified":"2025-08-12T15:07:33","modified_gmt":"2025-08-12T13:07:33","slug":"hipermobilnosc-premium","status":"publish","type":"product","link":"https:\/\/propedis.pl\/sklep\/produkt\/hipermobilnosc-premium\/","title":{"rendered":"Kurs HIPERMOBILNO\u015a\u0106- PREMIUM"},"content":{"rendered":"<p><script async type=\"text\/javascript\">(function(){var url=new URL(window.location.href),cem=url.searchParams.get(\"email\"),btmsid=url.searchParams.get(\"btmsid\"),s1=document.createElement(\"script\"),s0=document.getElementsByTagName(\"script\")[0];s1.referrerPolicy='no-referrer-when-downgrade';s1.async=true;s1.src='https:\/\/app.betimes.pl\/countdown\/531801317701731\/loader.js?email='+cem+'&btmsid='+btmsid;s1.charset='UTF-8';s0.parentNode.insertBefore(s1,s0);})();<\/script><\/p>\n<div id=\"yP87AQlqzgIWR3SHQ80qAD3D1nbkvDz5\" class=\"widget widget-text\">\n<div id=\"arIcTWozSl9wIniHiyZqkKgOaTAbNyB5\" class=\"widget widget-text\">\n<div id=\"arIcTWozSl9wIniHiyZqkKgOaTAbNyB5\" class=\"widget widget-text\">\n<div id=\"betimes-counter-inline-531801317701731\" class=\"betimes-counter-inline\"><\/div>\n<h2 style=\"text-align: center;\">Chcesz wiedzie\u0107: czym jest hipermobilno\u015b\u0107, jakie s\u0105 jej rodzaje?<\/h2>\n<h1 style=\"text-align: center;\"><span style=\"color: #f00632;\">POZNAJ KURS HIPERMOBILNO\u015a\u0106<\/span><\/h1>\n<p>JE\u017bELI W TEJ CHWILI:<\/p>\n<ul>\n<li>nie wiesz czym jest hipermobilno\u015b\u0107,<\/li>\n<li>nie potrafisz\u00a0rozpozna\u0107 hipermobilno\u015bci,<\/li>\n<li>nie wiesz, jak\u0105 terapi\u0119 zaproponowa\u0107,<\/li>\n<li>nie umiesz\u00a0pom\u00f3c\u00a0pacjentowi\u00a0w b\u00f3lu\u00a0przy hipermobilno\u015bci.<\/li>\n<\/ul>\n<hr \/>\n<h2 style=\"text-align: center;\"><strong><span style=\"color: #16345f;\">TEN KURS JEST DLA CIEBIE!<\/span><br \/>\n<\/strong><\/h2>\n<hr \/>\n<p>Zdob\u0105d\u017a wiedz\u0119, dzi\u0119ki kt\u00f3rej postawisz odpowiedni\u0105 diagnoz\u0119!<\/p>\n<p>Zesp\u00f3\u0142 hipermobilno\u015bci konstytucjonalnej\u00a0<b>zosta\u0142 rozpoznany i opisany po raz pierwszy w 1967 roku.<\/b><\/p>\n<p>A NADAL JEST RZADKO DIAGNOZOWANY.<\/p>\n<p>I to nie dlatego, \u017ce wyst\u0119puje sporadycznie \u2013 wr\u0119cz przeciwnie:\u00a0wi\u0119kszo\u015b\u0107 przypadk\u00f3w pozostaje bez rozpoznania!<\/p>\n<p><strong>MO\u017bEMY TO ZMIENI\u0106!<br \/>\n<\/strong><\/p>\n<hr \/>\n<\/div>\n<h4 style=\"text-align: center;\"><strong><span style=\"color: #f00632;\">UCZ SI\u0118 ZE MN\u0104 I POKOCHAJ METODY,<\/span><\/strong><\/h4>\n<h4 style=\"text-align: center;\"><strong><span style=\"color: #f00632;\">DZI\u0118KI KT\u00d3RYM ZWI\u0118KSZYSZ SKUTECZNO\u015a\u0106 PROWADZONYCH TERAPII!<\/span><\/strong><\/h4>\n<hr \/>\n<\/div>\n<p><strong>DO\u0141\u0104CZ NA POK\u0141AD KURSU, JE\u017bELI JESTE\u015a:<\/strong><\/p>\n<ul>\n<li>Fizjoterapeut\u0105, podologiem, specjalist\u0105 rehabilitacji lub technikiem ortopedii;<\/li>\n<li>Studentem fizjoterapii, podologii i innych kierunk\u00f3w medycznych;<\/li>\n<li>Trenerem personalnym;<\/li>\n<li>Osob\u0105, kt\u00f3ra jest zainteresowana zdobywaniem wiedzy w obszarze podologii ortopedycznej, poszerzaniem oferty oraz rozwojem swojego gabinetu<\/li>\n<\/ul>\n<p><img loading=\"lazy\" decoding=\"async\" class=\"wp-image-179333 alignleft\" src=\"https:\/\/propedis.pl\/sklep\/wp-content\/uploads\/2019\/08\/szpagat_hiper.png\" alt=\"\" width=\"237\" height=\"237\" srcset=\"https:\/\/propedis.pl\/sklep\/wp-content\/uploads\/2019\/08\/szpagat_hiper.png 1024w, https:\/\/propedis.pl\/sklep\/wp-content\/uploads\/2019\/08\/szpagat_hiper-150x150.png 150w, https:\/\/propedis.pl\/sklep\/wp-content\/uploads\/2019\/08\/szpagat_hiper-100x100.png 100w, https:\/\/propedis.pl\/sklep\/wp-content\/uploads\/2019\/08\/szpagat_hiper-300x300.png 300w, https:\/\/propedis.pl\/sklep\/wp-content\/uploads\/2019\/08\/szpagat_hiper-768x768.png 768w\" sizes=\"auto, (max-width: 237px) 100vw, 237px\" \/><br \/>\nWiele os\u00f3b nie zdaje sobie sprawy z tego, \u017ce wykonanie szpagatu bez przygotowania, to jeden z objaw\u00f3w hipermobilno\u015bci.<\/p>\n<p>Standardowo takie umiej\u0119tno\u015bci s\u0105 uznawane za atut&#8230;a specjali\u015bcie, kt\u00f3ry u swojego pacjenta zaobserwuje wyj\u0105tkow\u0105 sprawno\u015b\u0107, powinna zapali\u0107 si\u0119 czerwona lampka.<\/p>\n<p>OBJAW\u00d3W HIPERMOBILNO\u015aCI JEST ZNACZNIE WI\u0118CEJ!<\/p>\n<hr \/>\n<h4 style=\"text-align: center;\"><strong><span style=\"color: #16345f;\">DO\u0141\u0104CZ DO KURSU I POZNAJ JE WSZYSTKIE!<\/span><br \/>\n<\/strong><\/h4>\n<hr \/>\n<p>CZEGO DOK\u0141ADNIE SI\u0118 DOWIESZ:<\/p>\n<ul>\n<li>Poznasz poj\u0119cie\u00a0<b>hipermobilno\u015bci;<\/b><\/li>\n<li>Dowiesz si\u0119, jakie\u00a0s\u0105 jej rodzaje;<\/li>\n<li>Poznasz\u00a0<b>metody rozpoznawania, testy diagnostyczne i kryteria rozpoznawcze;<\/b><\/li>\n<li>Dowiesz si\u0119, jakie s\u0105\u00a0<b>objawy\u00a0<\/b>hipermobilno\u015bci;<\/li>\n<li>B\u0119dziesz wiedzie\u0107, dlaczego nie nale\u017cy lekcewa\u017cy\u0107 <b>b\u00f3lu<\/b>\u00a0u os\u00f3b z hipermobilno\u015bci\u0105.<\/li>\n<\/ul>\n<hr \/>\n<p style=\"text-align: center;\"><strong><span style=\"color: #16345f;\">TO NIE JEST ZWYK\u0141Y KURS!<\/span><\/strong><br \/>\nTo a\u017c 5 lekcji w formie WIDEO pe\u0142nych konkret\u00f3w oraz najnowszej wiedzy popartej badaniami i profesjonalnym do\u015bwiadczeniem.<\/p>\n<hr \/>\n<p style=\"text-align: left;\"><strong>Lekcja 1<\/strong> Hipermobilno\u015b\u0107 &#8211; rodzaje, metody badania<strong><br \/>\nLekcja 2 <\/strong>Hipermobilno\u015b\u0107 i narz\u0105d ruchu<strong><br \/>\nLekcja 3 <\/strong>Hipermobilno\u015b\u0107 w innych uk\u0142adach i narz\u0105dach &#8211; objawy wsp\u00f3\u0142istniej\u0105ce<strong><br \/>\nLekcja 4<\/strong> Hipermobilno\u015b\u0107 u dzieci, m\u0142odzie\u017cy i kobiet w ci\u0105\u017cy<br \/>\n<strong>Lekcja 5<\/strong> Wp\u0142yw hipermobilno\u015bci na kr\u0119gos\u0142up &#8211; modu\u0142 z \u0107wiczeniami<\/p>\n<p><strong>Lekcja 6 <\/strong>\u0106wiczenia dla pacjent\u00f3w Hipermobilnych<\/p>\n<hr \/>\n<p style=\"text-align: center;\"><strong><span style=\"color: #16345f;\">TO, A\u017b 6 GODZIN NAGRA\u0143!<\/span><\/strong><br \/>\n<strong><span style=\"color: #16345f;\">A je\u015bli chcesz osi\u0105ga\u0107 jeszcze lepsze wyniki?<\/span><\/strong><br \/>\n<strong><span style=\"color: #16345f;\">MAM DLA CIEBIE DU\u017bO WI\u0118CEJ!<\/span><\/strong><\/p>\n<hr \/>\n<p><img loading=\"lazy\" decoding=\"async\" class=\"wp-image-179317 alignleft\" src=\"https:\/\/propedis.pl\/sklep\/wp-content\/uploads\/2019\/08\/Zeszyt_kursanta_hipermobilnosc.png\" alt=\"\" width=\"130\" height=\"150\" \/><strong>ZESZYT KURSANTA<\/strong><\/p>\n<p>Zeszyt kursanta jest przygotowany w pliku PDF.<\/p>\n<p>Mo\u017cesz go pobra\u0107, wydrukowa\u0107 i korzysta\u0107 z niego podczas nauki.<\/p>\n<p>Zawiera najwa\u017cniejsze informacje z kursu oraz miejsce na Twoje notatki. Genialnie si\u0119 sprawdza podczas powtarzania materia\u0142u.<\/p>\n<p><strong>BONUS 1: 5 INFOGRAFIK DOTYCZ\u0104CYCH HIPERMOBILNO\u015a\u0106<br \/>\n<\/strong><\/p>\n<ul>\n<li>Hipermobilny, czyli jaki?<br \/>\nInfografika wskazuje objawy hipermobilno\u015bci wraz z opisami. Znajduje si\u0119 na niej lista dzia\u0142a\u0144 profilaktycznych.<\/li>\n<li>Seria 4 infografik: czy wiesz, \u017ce&#8230;<\/li>\n<\/ul>\n<p>Infografiki to interesuj\u0105ca forma wizualnego przekazania wiedzy. S\u0105 wykonane w wysokiej jako\u015bci, dlatego mo\u017cesz je wydrukowa\u0107 i ozdobi\u0107 nimi sw\u00f3j gabinet!<\/p>\n<p>DZI\u0118KI NIM \u0141ATWIEJ ZAPAMI\u0118TA\u0106 WIEDZ\u0118 \ud83d\ude42<\/p>\n<p style=\"text-align: left;\"><strong>BONUS 2: NAGRANIE EDUKACYJNE \u2013 STOPA W ZESPOLE HIPERMOBILNO\u015aCI<br \/>\nNagranie edukacyjne, w kt\u00f3rym opowiadam:<\/strong><\/p>\n<ul>\n<li>Czym jest hipermobilno\u015b\u0107.<\/li>\n<li>Dlaczego wiotkie stopy s\u0105 takie szczeg\u00f3lne?<\/li>\n<li>Dlaczego warto na nie zwraca\u0107 uwag\u0119?<\/li>\n<li>Co je odr\u00f3\u017cnia od st\u00f3p napi\u0119ciowych czy wydr\u0105\u017conych?<\/li>\n<\/ul>\n<p><strong>BONUS 3: NOTATKA WIZUALNA DO LIVE: STOPA W ZESPOLE HIPERMOBILNO\u015aCI<\/strong><\/p>\n<p>To graficzne skr\u00f3ty z tego, co zawiera nagranie edukacyjne. Dzi\u0119ki notatkom wizualnym z \u0142atwo\u015bci\u0105 utrwalisz nabyt\u0105 wiedz\u0119. Mo\u017cesz je wydrukowa\u0107 i powiesi\u0107 w widocznym miejscu, aby utrwala\u0107 wiedz\u0119.<\/p>\n<p>&nbsp;<\/p>\n<hr \/>\n<h3><span style=\"color: #f00632;\">Co dostajesz w ramach pakietu HIPERMOBILNO\u015a\u0106 PREMIUM:<\/span><\/h3>\n<ul>\n<li>6 lekcji w formie wideo<\/li>\n<li>Certyfikat online<\/li>\n<li>Specjalne zni\u017cki na sprz\u0119t diagnostyczny<\/li>\n<li>Dost\u0119p do prywatnej grupy na Facebooku<\/li>\n<li>Zeszyt kursanta<\/li>\n<\/ul>\n<p><strong>BONUSY:<br \/>\n<\/strong><\/p>\n<ul>\n<li>5 INFOGRAFIK DOTYCZ\u0104CYCH HIPERMOBILNO\u015aCI<\/li>\n<li>NAGRANIE LIVE \u2013 STOPA W ZESPOLE HIPERMOBILNO\u015aCI<\/li>\n<li>NOTATKA WIZUALNA DO LIVE STOPA W ZESPOLE HIPERMOBILNO\u015aCI<\/li>\n<\/ul>\n<p>&nbsp;<\/p>\n<hr \/>\n<p style=\"text-align: center;\"><span style=\"color: #f00632;\"><strong>CHCESZ WIEDZIE\u0106, KIM JESTEM?<\/strong><\/span><\/p>\n<hr \/>\n<hr \/>\n<p><img loading=\"lazy\" decoding=\"async\" class=\" wp-image-179330 alignleft\" src=\"https:\/\/propedis.pl\/sklep\/wp-content\/uploads\/2019\/08\/NPA_9787-scaled.jpg\" alt=\"\" width=\"160\" height=\"224\" \/><\/p>\n<p>Jestem\u00a0dyrektork\u0105 merytoryczn\u0105\u00a0sieci gabinet\u00f3w FootMedica, kt\u00f3re stworzy\u0142am 10 lat temu.\u00a0W ostatnich latach, wraz ze swoim zespo\u0142em, pomog\u0142am\u00a0ok. 30 tys. pacjent\u00f3w, stosuj\u0105c\u00a0t\u0119 sam\u0105 metodologi\u0119 badania i leczenia zgodnie z najnowsz\u0105 klasyfikacj\u0105 wad st\u00f3p.<\/p>\n<p>Jestem\u00a0wsp\u00f3\u0142za\u0142o\u017cycielk\u0105\u00a0marki\u00a0Pro Pedis\u00a0&#8211; przestrzeni, w kt\u00f3rej pomagam specjalistom pracuj\u0105cym z cia\u0142em cz\u0142owieka polubi\u0107 i zrozumie\u0107 wp\u0142yw stopy na ca\u0142y narz\u0105d ruchu.<\/p>\n<p>Jestem\u00a0autork\u0105 i wsp\u00f3\u0142autork\u0105\u00a0wielu publikacji w zakresie fizjoterapii, m.in.\u00a0Wielkiej Fizjoterapii, Traumatologii Narz\u0105du ruchu\u00a0oraz\u00a0S\u0142ownika termin\u00f3w w podologii ortopedycznej.<\/p>\n<p>Uwielbiam trudne naukowe zagadnienia przek\u0142ada\u0107 na j\u0119zyk prosty i zrozumia\u0142y, dlatego stworzy\u0142am\u00a0kursy ORTOPODOLOGIA i HIPERMOBILNO\u015a\u0106,\u00a0w kt\u00f3rych zapraszam do zrozumienia i polubienia stopy w jej ca\u0142ej zawi\u0142ej strukturze.<\/p>\n<p>Kurs \u0142\u0105czy moj\u0105 obszern\u0105 wiedz\u0119 z dziedziny fizjoterapii, podologii i ortopodologii, a tak\u017ce wieloletnie do\u015bwiadczenie zdobywane podczas pracy w gabinecie.<\/p>\n<hr \/>\n<p style=\"text-align: center;\"><span style=\"color: #f00632;\"><b>Co m\u00f3wi\u0105 o kursie osoby, kt\u00f3re ju\u017c go przerobi\u0142y?<\/b><\/span><\/p>\n<p><img loading=\"lazy\" decoding=\"async\" class=\"alignnone wp-image-179322\" src=\"https:\/\/propedis.pl\/sklep\/wp-content\/uploads\/2019\/08\/2021-04-12_13h05_50.png\" alt=\"\" width=\"385\" height=\"170\" srcset=\"https:\/\/propedis.pl\/sklep\/wp-content\/uploads\/2019\/08\/2021-04-12_13h05_50.png 543w, https:\/\/propedis.pl\/sklep\/wp-content\/uploads\/2019\/08\/2021-04-12_13h05_50-150x66.png 150w, https:\/\/propedis.pl\/sklep\/wp-content\/uploads\/2019\/08\/2021-04-12_13h05_50-300x133.png 300w\" sizes=\"auto, (max-width: 385px) 100vw, 385px\" \/><img loading=\"lazy\" decoding=\"async\" class=\"wp-image-179324 alignright\" src=\"https:\/\/propedis.pl\/sklep\/wp-content\/uploads\/2019\/08\/2021-04-12_13h13_41.png\" alt=\"\" width=\"456\" height=\"148\" srcset=\"https:\/\/propedis.pl\/sklep\/wp-content\/uploads\/2019\/08\/2021-04-12_13h13_41.png 548w, https:\/\/propedis.pl\/sklep\/wp-content\/uploads\/2019\/08\/2021-04-12_13h13_41-150x49.png 150w, https:\/\/propedis.pl\/sklep\/wp-content\/uploads\/2019\/08\/2021-04-12_13h13_41-300x97.png 300w\" sizes=\"auto, (max-width: 456px) 100vw, 456px\" \/><\/p>\n<p style=\"text-align: center;\"><span style=\"color: #f00632;\">Widzisz, jak wiele mo\u017cesz zyska\u0107, do\u0142\u0105czaj\u0105c do grona uczestnik\u00f3w kursu HIPERMOBILNO\u015a\u0106!<\/span><\/p>\n<\/div>\n<p><img loading=\"lazy\" decoding=\"async\" class=\"alignnone size-full wp-image-179328\" src=\"https:\/\/propedis.pl\/sklep\/wp-content\/uploads\/2019\/08\/2021-04-14_17h58_43.png\" alt=\"\" width=\"1202\" height=\"253\" srcset=\"https:\/\/propedis.pl\/sklep\/wp-content\/uploads\/2019\/08\/2021-04-14_17h58_43.png 1202w, https:\/\/propedis.pl\/sklep\/wp-content\/uploads\/2019\/08\/2021-04-14_17h58_43-150x32.png 150w, https:\/\/propedis.pl\/sklep\/wp-content\/uploads\/2019\/08\/2021-04-14_17h58_43-300x63.png 300w, https:\/\/propedis.pl\/sklep\/wp-content\/uploads\/2019\/08\/2021-04-14_17h58_43-1024x216.png 1024w, https:\/\/propedis.pl\/sklep\/wp-content\/uploads\/2019\/08\/2021-04-14_17h58_43-768x162.png 768w\" sizes=\"auto, (max-width: 1202px) 100vw, 1202px\" \/><\/p>\n","protected":false},"excerpt":{"rendered":"<p>Poprzednia najni\u017csza cena w ci\u0105gu ostatnich 30 dni: 797 z\u0142<\/p>\n","protected":false},"featured_media":202584,"template":"","meta":{"ep_exclude_from_search":false},"product_brand":[],"product_cat":[47,424,438],"product_tag":[432,434,433],"class_list":{"0":"post-5165","1":"product","2":"type-product","3":"status-publish","4":"has-post-thumbnail","6":"product_cat-szkolenia","7":"product_cat-kursy-online","8":"product_cat-nagrania-edukacyjne-i-publikacje","9":"product_tag-hipermobilnosc","10":"product_tag-hipermobilnosc-kurs","11":"product_tag-kurs-hipermobilnosc","13":"first","14":"instock","15":"featured","16":"virtual","17":"taxable","18":"purchasable","19":"product-type-simple"},"yoast_head":"<!-- This site is optimized with the Yoast SEO Premium plugin v26.3 (Yoast SEO v27.4) - https:\/\/yoast.com\/product\/yoast-seo-premium-wordpress\/ -->\n<title>Kurs HIPERMOBILNO\u015a\u0106- PREMIUM - Pro Pedis - Profesjonalnie dla st\u00f3p<\/title>\n<meta name=\"robots\" content=\"index, follow, max-snippet:-1, max-image-preview:large, max-video-preview:-1\" \/>\n<link rel=\"canonical\" href=\"https:\/\/propedis.pl\/sklep\/produkt\/hipermobilnosc-premium\/\" \/>\n<meta property=\"og:locale\" content=\"pl_PL\" \/>\n<meta property=\"og:type\" content=\"article\" \/>\n<meta property=\"og:title\" content=\"Kurs HIPERMOBILNO\u015a\u0106- PREMIUM\" \/>\n<meta property=\"og:description\" content=\"Poprzednia najni\u017csza cena w ci\u0105gu ostatnich 30 dni: 797 z\u0142\" \/>\n<meta property=\"og:url\" content=\"https:\/\/propedis.pl\/sklep\/produkt\/hipermobilnosc-premium\/\" \/>\n<meta property=\"og:site_name\" content=\"Pro Pedis - Profesjonalnie dla st\u00f3p\" \/>\n<meta property=\"article:modified_time\" content=\"2025-08-12T13:07:33+00:00\" \/>\n<meta property=\"og:image\" content=\"https:\/\/propedis.pl\/sklep\/wp-content\/uploads\/2019\/08\/24.png\" \/>\n\t<meta property=\"og:image:width\" content=\"1920\" \/>\n\t<meta property=\"og:image:height\" content=\"1920\" \/>\n\t<meta property=\"og:image:type\" content=\"image\/png\" \/>\n<meta name=\"twitter:card\" content=\"summary_large_image\" \/>\n<meta name=\"twitter:label1\" content=\"Szacowany czas czytania\" \/>\n\t<meta name=\"twitter:data1\" content=\"6 minut\" \/>\n<script type=\"application\/ld+json\" class=\"yoast-schema-graph\">{\"@context\":\"https:\\\/\\\/schema.org\",\"@graph\":[{\"@type\":\"WebPage\",\"@id\":\"https:\\\/\\\/propedis.pl\\\/sklep\\\/produkt\\\/hipermobilnosc-premium\\\/\",\"url\":\"https:\\\/\\\/propedis.pl\\\/sklep\\\/produkt\\\/hipermobilnosc-premium\\\/\",\"name\":\"Kurs HIPERMOBILNO\u015a\u0106- PREMIUM - Pro Pedis - Profesjonalnie dla st\u00f3p\",\"isPartOf\":{\"@id\":\"https:\\\/\\\/propedis.pl\\\/sklep\\\/#website\"},\"primaryImageOfPage\":{\"@id\":\"https:\\\/\\\/propedis.pl\\\/sklep\\\/produkt\\\/hipermobilnosc-premium\\\/#primaryimage\"},\"image\":{\"@id\":\"https:\\\/\\\/propedis.pl\\\/sklep\\\/produkt\\\/hipermobilnosc-premium\\\/#primaryimage\"},\"thumbnailUrl\":\"https:\\\/\\\/propedis.pl\\\/sklep\\\/wp-content\\\/uploads\\\/2019\\\/08\\\/24.png\",\"datePublished\":\"2019-08-20T22:00:00+00:00\",\"dateModified\":\"2025-08-12T13:07:33+00:00\",\"breadcrumb\":{\"@id\":\"https:\\\/\\\/propedis.pl\\\/sklep\\\/produkt\\\/hipermobilnosc-premium\\\/#breadcrumb\"},\"inLanguage\":\"pl-PL\",\"potentialAction\":[{\"@type\":\"ReadAction\",\"target\":[\"https:\\\/\\\/propedis.pl\\\/sklep\\\/produkt\\\/hipermobilnosc-premium\\\/\"]}]},{\"@type\":\"ImageObject\",\"inLanguage\":\"pl-PL\",\"@id\":\"https:\\\/\\\/propedis.pl\\\/sklep\\\/produkt\\\/hipermobilnosc-premium\\\/#primaryimage\",\"url\":\"https:\\\/\\\/propedis.pl\\\/sklep\\\/wp-content\\\/uploads\\\/2019\\\/08\\\/24.png\",\"contentUrl\":\"https:\\\/\\\/propedis.pl\\\/sklep\\\/wp-content\\\/uploads\\\/2019\\\/08\\\/24.png\",\"width\":1920,\"height\":1920},{\"@type\":\"BreadcrumbList\",\"@id\":\"https:\\\/\\\/propedis.pl\\\/sklep\\\/produkt\\\/hipermobilnosc-premium\\\/#breadcrumb\",\"itemListElement\":[{\"@type\":\"ListItem\",\"position\":1,\"name\":\"Strona g\u0142\u00f3wna\",\"item\":\"https:\\\/\\\/propedis.pl\\\/sklep\\\/\"},{\"@type\":\"ListItem\",\"position\":2,\"name\":\"Sklep\",\"item\":\"https:\\\/\\\/propedis.pl\\\/sklep\\\/produkty\\\/\"},{\"@type\":\"ListItem\",\"position\":3,\"name\":\"Kursy i szkolenia\",\"item\":\"https:\\\/\\\/propedis.pl\\\/sklep\\\/kategoria-produktu\\\/szkolenia\\\/\"},{\"@type\":\"ListItem\",\"position\":4,\"name\":\"Kurs HIPERMOBILNO\u015a\u0106- PREMIUM\"}]},{\"@type\":\"WebSite\",\"@id\":\"https:\\\/\\\/propedis.pl\\\/sklep\\\/#website\",\"url\":\"https:\\\/\\\/propedis.pl\\\/sklep\\\/\",\"name\":\"Pro Pedis - Profesjonalnie dla st\u00f3p\",\"description\":\"\",\"potentialAction\":[{\"@type\":\"SearchAction\",\"target\":{\"@type\":\"EntryPoint\",\"urlTemplate\":\"https:\\\/\\\/propedis.pl\\\/sklep\\\/?s={search_term_string}\"},\"query-input\":{\"@type\":\"PropertyValueSpecification\",\"valueRequired\":true,\"valueName\":\"search_term_string\"}}],\"inLanguage\":\"pl-PL\"}]}<\/script>\n<!-- \/ Yoast SEO Premium plugin. -->","yoast_head_json":{"title":"Kurs HIPERMOBILNO\u015a\u0106- PREMIUM - Pro Pedis - Profesjonalnie dla st\u00f3p","robots":{"index":"index","follow":"follow","max-snippet":"max-snippet:-1","max-image-preview":"max-image-preview:large","max-video-preview":"max-video-preview:-1"},"canonical":"https:\/\/propedis.pl\/sklep\/produkt\/hipermobilnosc-premium\/","og_locale":"pl_PL","og_type":"article","og_title":"Kurs HIPERMOBILNO\u015a\u0106- PREMIUM","og_description":"Poprzednia najni\u017csza cena w ci\u0105gu ostatnich 30 dni: 797 z\u0142","og_url":"https:\/\/propedis.pl\/sklep\/produkt\/hipermobilnosc-premium\/","og_site_name":"Pro Pedis - Profesjonalnie dla st\u00f3p","article_modified_time":"2025-08-12T13:07:33+00:00","og_image":[{"width":1920,"height":1920,"url":"https:\/\/propedis.pl\/sklep\/wp-content\/uploads\/2019\/08\/24.png","type":"image\/png"}],"twitter_card":"summary_large_image","twitter_misc":{"Szacowany czas czytania":"6 minut"},"schema":{"@context":"https:\/\/schema.org","@graph":[{"@type":"WebPage","@id":"https:\/\/propedis.pl\/sklep\/produkt\/hipermobilnosc-premium\/","url":"https:\/\/propedis.pl\/sklep\/produkt\/hipermobilnosc-premium\/","name":"Kurs HIPERMOBILNO\u015a\u0106- PREMIUM - Pro Pedis - Profesjonalnie dla st\u00f3p","isPartOf":{"@id":"https:\/\/propedis.pl\/sklep\/#website"},"primaryImageOfPage":{"@id":"https:\/\/propedis.pl\/sklep\/produkt\/hipermobilnosc-premium\/#primaryimage"},"image":{"@id":"https:\/\/propedis.pl\/sklep\/produkt\/hipermobilnosc-premium\/#primaryimage"},"thumbnailUrl":"https:\/\/propedis.pl\/sklep\/wp-content\/uploads\/2019\/08\/24.png","datePublished":"2019-08-20T22:00:00+00:00","dateModified":"2025-08-12T13:07:33+00:00","breadcrumb":{"@id":"https:\/\/propedis.pl\/sklep\/produkt\/hipermobilnosc-premium\/#breadcrumb"},"inLanguage":"pl-PL","potentialAction":[{"@type":"ReadAction","target":["https:\/\/propedis.pl\/sklep\/produkt\/hipermobilnosc-premium\/"]}]},{"@type":"ImageObject","inLanguage":"pl-PL","@id":"https:\/\/propedis.pl\/sklep\/produkt\/hipermobilnosc-premium\/#primaryimage","url":"https:\/\/propedis.pl\/sklep\/wp-content\/uploads\/2019\/08\/24.png","contentUrl":"https:\/\/propedis.pl\/sklep\/wp-content\/uploads\/2019\/08\/24.png","width":1920,"height":1920},{"@type":"BreadcrumbList","@id":"https:\/\/propedis.pl\/sklep\/produkt\/hipermobilnosc-premium\/#breadcrumb","itemListElement":[{"@type":"ListItem","position":1,"name":"Strona g\u0142\u00f3wna","item":"https:\/\/propedis.pl\/sklep\/"},{"@type":"ListItem","position":2,"name":"Sklep","item":"https:\/\/propedis.pl\/sklep\/produkty\/"},{"@type":"ListItem","position":3,"name":"Kursy i szkolenia","item":"https:\/\/propedis.pl\/sklep\/kategoria-produktu\/szkolenia\/"},{"@type":"ListItem","position":4,"name":"Kurs HIPERMOBILNO\u015a\u0106- PREMIUM"}]},{"@type":"WebSite","@id":"https:\/\/propedis.pl\/sklep\/#website","url":"https:\/\/propedis.pl\/sklep\/","name":"Pro Pedis - Profesjonalnie dla st\u00f3p","description":"","potentialAction":[{"@type":"SearchAction","target":{"@type":"EntryPoint","urlTemplate":"https:\/\/propedis.pl\/sklep\/?s={search_term_string}"},"query-input":{"@type":"PropertyValueSpecification","valueRequired":true,"valueName":"search_term_string"}}],"inLanguage":"pl-PL"}]}},"_links":{"self":[{"href":"https:\/\/propedis.pl\/sklep\/wp-json\/wp\/v2\/product\/5165","targetHints":{"allow":["GET"]}}],"collection":[{"href":"https:\/\/propedis.pl\/sklep\/wp-json\/wp\/v2\/product"}],"about":[{"href":"https:\/\/propedis.pl\/sklep\/wp-json\/wp\/v2\/types\/product"}],"wp:featuredmedia":[{"embeddable":true,"href":"https:\/\/propedis.pl\/sklep\/wp-json\/wp\/v2\/media\/202584"}],"wp:attachment":[{"href":"https:\/\/propedis.pl\/sklep\/wp-json\/wp\/v2\/media?parent=5165"}],"wp:term":[{"taxonomy":"product_brand","embeddable":true,"href":"https:\/\/propedis.pl\/sklep\/wp-json\/wp\/v2\/product_brand?post=5165"},{"taxonomy":"product_cat","embeddable":true,"href":"https:\/\/propedis.pl\/sklep\/wp-json\/wp\/v2\/product_cat?post=5165"},{"taxonomy":"product_tag","embeddable":true,"href":"https:\/\/propedis.pl\/sklep\/wp-json\/wp\/v2\/product_tag?post=5165"}],"curies":[{"name":"wp","href":"https:\/\/api.w.org\/{rel}","templated":true}]}}