{"id":771,"date":"2020-01-20T14:39:47","date_gmt":"2020-01-20T13:39:47","guid":{"rendered":"https:\/\/propedis.pl\/sklep\/?post_type=product&#038;p=771"},"modified":"2026-03-05T13:09:28","modified_gmt":"2026-03-05T12:09:28","slug":"resin-2","status":"publish","type":"product","link":"https:\/\/propedis.pl\/sklep\/produkt\/resin-2\/","title":{"rendered":"Colorflex Resin MA101"},"content":{"rendered":"<p><span style=\"font-weight: 400;\">Wk\u0142adka termoformowalna Colorflex resin to wk\u0142adka, kt\u00f3ra ma podw\u00f3jny sztywnik. Charakteryzuje si\u0119 tym, \u017ce na ca\u0142ej d\u0142ugo\u015bci wk\u0142adki baz\u0119 stanowi <strong>sztywnik \u017cywiczny.<\/strong>\u00a0<\/span><\/p>\n<p><span style=\"font-weight: 400;\">Najlepiej sprawdzi si\u0119 w butach <strong>dopasowanych<\/strong> oraz <strong>w\u0105skich<\/strong>.<\/span><\/p>\n<p><span style=\"font-weight: 400;\">Wk\u0142adka termoformowalna Colorflex resin jest idealna dla os\u00f3b z problemem <strong>palucha ograniczonego lub usztywnianego<\/strong>. Nie nale\u017cy jej stosowa\u0107 u os\u00f3b z<strong>e stopami wra\u017cliwymi<\/strong> oraz o <strong>cienkiej wy\u015bci\u00f3\u0142ce t\u0142uszczowej<\/strong>. Nie powinno si\u0119 jej wykonywa\u0107 u pacjent\u00f3w z problemami w <strong>obr\u0119bie przodostopia.\u00a0<\/strong><\/span><\/p>\n<p><span style=\"font-weight: 400;\">Uwaga: wk\u0142adka jest bez materia\u0142u pokryciowego.<\/span><\/p>\n<p><img loading=\"lazy\" decoding=\"async\" class=\"aligncenter wp-image-6551 size-full\" src=\"https:\/\/propedis.pl\/sklep\/wp-content\/uploads\/2020\/03\/MA101_6.png\" alt=\"\" width=\"600\" height=\"600\" srcset=\"https:\/\/propedis.pl\/sklep\/wp-content\/uploads\/2020\/03\/MA101_6.png 600w, https:\/\/propedis.pl\/sklep\/wp-content\/uploads\/2020\/03\/MA101_6-150x150.png 150w, https:\/\/propedis.pl\/sklep\/wp-content\/uploads\/2020\/03\/MA101_6-100x100.png 100w, https:\/\/propedis.pl\/sklep\/wp-content\/uploads\/2020\/03\/MA101_6-300x300.png 300w\" sizes=\"auto, (max-width: 600px) 100vw, 600px\" \/><\/p>\n","protected":false},"excerpt":{"rendered":"<p>Wk\u0142adka termoformowalna Colorflex resin to wk\u0142adka, kt\u00f3ra ma podw\u00f3jny sztywnik. Charakteryzuje si\u0119 tym, \u017ce na ca\u0142ej d\u0142ugo\u015bci wk\u0142adki baz\u0119 stanowi sztywnik \u017cywiczny.\u00a0 Najlepiej sprawdzi si\u0119 w butach dopasowanych oraz w\u0105skich. Wk\u0142adka termoformowalna Colorflex resin jest idealna dla os\u00f3b z problemem palucha ograniczonego lub usztywnianego. Nie nale\u017cy jej stosowa\u0107 u os\u00f3b ze stopami wra\u017cliwymi oraz o [&hellip;]<\/p>\n","protected":false},"featured_media":6005,"template":"","meta":{"ep_exclude_from_search":false},"product_brand":[],"product_cat":[15,67],"product_tag":[454,448,455,446,447],"class_list":{"0":"post-771","1":"product","2":"type-product","3":"status-publish","4":"has-post-thumbnail","6":"product_cat-wkladki","7":"product_cat-wkladki-klasyczne","8":"product_tag-wkladi-klasyczne","9":"product_tag-wkladki-do-butow","10":"product_tag-wkladki-miejskie","11":"product_tag-wkladki-termoformowalne","12":"product_tag-wkladki-termoplastyczne","14":"first","15":"instock","16":"taxable","17":"shipping-taxable","18":"purchasable","19":"product-type-variable"},"yoast_head":"<!-- This site is optimized with the Yoast SEO Premium plugin v26.3 (Yoast SEO v27.2) - https:\/\/yoast.com\/product\/yoast-seo-premium-wordpress\/ -->\n<title>Colorflex Resin MA101 - Pro Pedis - Profesjonalnie dla st\u00f3p<\/title>\n<meta name=\"robots\" content=\"index, follow, max-snippet:-1, max-image-preview:large, max-video-preview:-1\" \/>\n<link rel=\"canonical\" href=\"https:\/\/propedis.pl\/sklep\/produkt\/resin-2\/\" \/>\n<meta property=\"og:locale\" content=\"pl_PL\" \/>\n<meta property=\"og:type\" content=\"article\" \/>\n<meta property=\"og:title\" content=\"Colorflex Resin MA101\" \/>\n<meta property=\"og:description\" content=\"Wk\u0142adka termoformowalna Colorflex resin to wk\u0142adka, kt\u00f3ra ma podw\u00f3jny sztywnik. Charakteryzuje si\u0119 tym, \u017ce na ca\u0142ej d\u0142ugo\u015bci wk\u0142adki baz\u0119 stanowi sztywnik \u017cywiczny.\u00a0 Najlepiej sprawdzi si\u0119 w butach dopasowanych oraz w\u0105skich. Wk\u0142adka termoformowalna Colorflex resin jest idealna dla os\u00f3b z problemem palucha ograniczonego lub usztywnianego. Nie nale\u017cy jej stosowa\u0107 u os\u00f3b ze stopami wra\u017cliwymi oraz o [&hellip;]\" \/>\n<meta property=\"og:url\" content=\"https:\/\/propedis.pl\/sklep\/produkt\/resin-2\/\" \/>\n<meta property=\"og:site_name\" content=\"Pro Pedis - Profesjonalnie dla st\u00f3p\" \/>\n<meta property=\"article:modified_time\" content=\"2026-03-05T12:09:28+00:00\" \/>\n<meta property=\"og:image\" content=\"https:\/\/propedis.pl\/sklep\/wp-content\/uploads\/2020\/03\/MA101_1-dessus-2.jpg\" \/>\n\t<meta property=\"og:image:width\" content=\"500\" \/>\n\t<meta property=\"og:image:height\" content=\"500\" \/>\n\t<meta property=\"og:image:type\" content=\"image\/jpeg\" \/>\n<meta name=\"twitter:card\" content=\"summary_large_image\" \/>\n<meta name=\"twitter:label1\" content=\"Szacowany czas czytania\" \/>\n\t<meta name=\"twitter:data1\" content=\"1 minuta\" \/>\n<script type=\"application\/ld+json\" class=\"yoast-schema-graph\">{\"@context\":\"https:\/\/schema.org\",\"@graph\":[{\"@type\":\"WebPage\",\"@id\":\"https:\/\/propedis.pl\/sklep\/produkt\/resin-2\/\",\"url\":\"https:\/\/propedis.pl\/sklep\/produkt\/resin-2\/\",\"name\":\"Colorflex Resin MA101 - Pro Pedis - Profesjonalnie dla st\u00f3p\",\"isPartOf\":{\"@id\":\"https:\/\/propedis.pl\/sklep\/#website\"},\"primaryImageOfPage\":{\"@id\":\"https:\/\/propedis.pl\/sklep\/produkt\/resin-2\/#primaryimage\"},\"image\":{\"@id\":\"https:\/\/propedis.pl\/sklep\/produkt\/resin-2\/#primaryimage\"},\"thumbnailUrl\":\"https:\/\/propedis.pl\/sklep\/wp-content\/uploads\/2020\/03\/MA101_1-dessus-2.jpg\",\"datePublished\":\"2020-01-20T13:39:47+00:00\",\"dateModified\":\"2026-03-05T12:09:28+00:00\",\"breadcrumb\":{\"@id\":\"https:\/\/propedis.pl\/sklep\/produkt\/resin-2\/#breadcrumb\"},\"inLanguage\":\"pl-PL\",\"potentialAction\":[{\"@type\":\"ReadAction\",\"target\":[\"https:\/\/propedis.pl\/sklep\/produkt\/resin-2\/\"]}]},{\"@type\":\"ImageObject\",\"inLanguage\":\"pl-PL\",\"@id\":\"https:\/\/propedis.pl\/sklep\/produkt\/resin-2\/#primaryimage\",\"url\":\"https:\/\/propedis.pl\/sklep\/wp-content\/uploads\/2020\/03\/MA101_1-dessus-2.jpg\",\"contentUrl\":\"https:\/\/propedis.pl\/sklep\/wp-content\/uploads\/2020\/03\/MA101_1-dessus-2.jpg\",\"width\":500,\"height\":500},{\"@type\":\"BreadcrumbList\",\"@id\":\"https:\/\/propedis.pl\/sklep\/produkt\/resin-2\/#breadcrumb\",\"itemListElement\":[{\"@type\":\"ListItem\",\"position\":1,\"name\":\"Strona g\u0142\u00f3wna\",\"item\":\"https:\/\/propedis.pl\/sklep\/\"},{\"@type\":\"ListItem\",\"position\":2,\"name\":\"Sklep\",\"item\":\"https:\/\/propedis.pl\/sklep\/produkty\/\"},{\"@type\":\"ListItem\",\"position\":3,\"name\":\"Wk\u0142adki\",\"item\":\"https:\/\/propedis.pl\/sklep\/kategoria-produktu\/wkladki\/\"},{\"@type\":\"ListItem\",\"position\":4,\"name\":\"Wk\u0142adki klasyczne\",\"item\":\"https:\/\/propedis.pl\/sklep\/kategoria-produktu\/wkladki\/wkladki-klasyczne\/\"},{\"@type\":\"ListItem\",\"position\":5,\"name\":\"Colorflex Resin MA101\"}]},{\"@type\":\"WebSite\",\"@id\":\"https:\/\/propedis.pl\/sklep\/#website\",\"url\":\"https:\/\/propedis.pl\/sklep\/\",\"name\":\"Pro Pedis - Profesjonalnie dla st\u00f3p\",\"description\":\"\",\"potentialAction\":[{\"@type\":\"SearchAction\",\"target\":{\"@type\":\"EntryPoint\",\"urlTemplate\":\"https:\/\/propedis.pl\/sklep\/?s={search_term_string}\"},\"query-input\":{\"@type\":\"PropertyValueSpecification\",\"valueRequired\":true,\"valueName\":\"search_term_string\"}}],\"inLanguage\":\"pl-PL\"}]}<\/script>\n<!-- \/ Yoast SEO Premium plugin. -->","yoast_head_json":{"title":"Colorflex Resin MA101 - Pro Pedis - Profesjonalnie dla st\u00f3p","robots":{"index":"index","follow":"follow","max-snippet":"max-snippet:-1","max-image-preview":"max-image-preview:large","max-video-preview":"max-video-preview:-1"},"canonical":"https:\/\/propedis.pl\/sklep\/produkt\/resin-2\/","og_locale":"pl_PL","og_type":"article","og_title":"Colorflex Resin MA101","og_description":"Wk\u0142adka termoformowalna Colorflex resin to wk\u0142adka, kt\u00f3ra ma podw\u00f3jny sztywnik. Charakteryzuje si\u0119 tym, \u017ce na ca\u0142ej d\u0142ugo\u015bci wk\u0142adki baz\u0119 stanowi sztywnik \u017cywiczny.\u00a0 Najlepiej sprawdzi si\u0119 w butach dopasowanych oraz w\u0105skich. Wk\u0142adka termoformowalna Colorflex resin jest idealna dla os\u00f3b z problemem palucha ograniczonego lub usztywnianego. Nie nale\u017cy jej stosowa\u0107 u os\u00f3b ze stopami wra\u017cliwymi oraz o [&hellip;]","og_url":"https:\/\/propedis.pl\/sklep\/produkt\/resin-2\/","og_site_name":"Pro Pedis - Profesjonalnie dla st\u00f3p","article_modified_time":"2026-03-05T12:09:28+00:00","og_image":[{"width":500,"height":500,"url":"https:\/\/propedis.pl\/sklep\/wp-content\/uploads\/2020\/03\/MA101_1-dessus-2.jpg","type":"image\/jpeg"}],"twitter_card":"summary_large_image","twitter_misc":{"Szacowany czas czytania":"1 minuta"},"schema":{"@context":"https:\/\/schema.org","@graph":[{"@type":"WebPage","@id":"https:\/\/propedis.pl\/sklep\/produkt\/resin-2\/","url":"https:\/\/propedis.pl\/sklep\/produkt\/resin-2\/","name":"Colorflex Resin MA101 - Pro Pedis - Profesjonalnie dla st\u00f3p","isPartOf":{"@id":"https:\/\/propedis.pl\/sklep\/#website"},"primaryImageOfPage":{"@id":"https:\/\/propedis.pl\/sklep\/produkt\/resin-2\/#primaryimage"},"image":{"@id":"https:\/\/propedis.pl\/sklep\/produkt\/resin-2\/#primaryimage"},"thumbnailUrl":"https:\/\/propedis.pl\/sklep\/wp-content\/uploads\/2020\/03\/MA101_1-dessus-2.jpg","datePublished":"2020-01-20T13:39:47+00:00","dateModified":"2026-03-05T12:09:28+00:00","breadcrumb":{"@id":"https:\/\/propedis.pl\/sklep\/produkt\/resin-2\/#breadcrumb"},"inLanguage":"pl-PL","potentialAction":[{"@type":"ReadAction","target":["https:\/\/propedis.pl\/sklep\/produkt\/resin-2\/"]}]},{"@type":"ImageObject","inLanguage":"pl-PL","@id":"https:\/\/propedis.pl\/sklep\/produkt\/resin-2\/#primaryimage","url":"https:\/\/propedis.pl\/sklep\/wp-content\/uploads\/2020\/03\/MA101_1-dessus-2.jpg","contentUrl":"https:\/\/propedis.pl\/sklep\/wp-content\/uploads\/2020\/03\/MA101_1-dessus-2.jpg","width":500,"height":500},{"@type":"BreadcrumbList","@id":"https:\/\/propedis.pl\/sklep\/produkt\/resin-2\/#breadcrumb","itemListElement":[{"@type":"ListItem","position":1,"name":"Strona g\u0142\u00f3wna","item":"https:\/\/propedis.pl\/sklep\/"},{"@type":"ListItem","position":2,"name":"Sklep","item":"https:\/\/propedis.pl\/sklep\/produkty\/"},{"@type":"ListItem","position":3,"name":"Wk\u0142adki","item":"https:\/\/propedis.pl\/sklep\/kategoria-produktu\/wkladki\/"},{"@type":"ListItem","position":4,"name":"Wk\u0142adki klasyczne","item":"https:\/\/propedis.pl\/sklep\/kategoria-produktu\/wkladki\/wkladki-klasyczne\/"},{"@type":"ListItem","position":5,"name":"Colorflex Resin MA101"}]},{"@type":"WebSite","@id":"https:\/\/propedis.pl\/sklep\/#website","url":"https:\/\/propedis.pl\/sklep\/","name":"Pro Pedis - Profesjonalnie dla st\u00f3p","description":"","potentialAction":[{"@type":"SearchAction","target":{"@type":"EntryPoint","urlTemplate":"https:\/\/propedis.pl\/sklep\/?s={search_term_string}"},"query-input":{"@type":"PropertyValueSpecification","valueRequired":true,"valueName":"search_term_string"}}],"inLanguage":"pl-PL"}]}},"_links":{"self":[{"href":"https:\/\/propedis.pl\/sklep\/wp-json\/wp\/v2\/product\/771","targetHints":{"allow":["GET"]}}],"collection":[{"href":"https:\/\/propedis.pl\/sklep\/wp-json\/wp\/v2\/product"}],"about":[{"href":"https:\/\/propedis.pl\/sklep\/wp-json\/wp\/v2\/types\/product"}],"wp:featuredmedia":[{"embeddable":true,"href":"https:\/\/propedis.pl\/sklep\/wp-json\/wp\/v2\/media\/6005"}],"wp:attachment":[{"href":"https:\/\/propedis.pl\/sklep\/wp-json\/wp\/v2\/media?parent=771"}],"wp:term":[{"taxonomy":"product_brand","embeddable":true,"href":"https:\/\/propedis.pl\/sklep\/wp-json\/wp\/v2\/product_brand?post=771"},{"taxonomy":"product_cat","embeddable":true,"href":"https:\/\/propedis.pl\/sklep\/wp-json\/wp\/v2\/product_cat?post=771"},{"taxonomy":"product_tag","embeddable":true,"href":"https:\/\/propedis.pl\/sklep\/wp-json\/wp\/v2\/product_tag?post=771"}],"curies":[{"name":"wp","href":"https:\/\/api.w.org\/{rel}","templated":true}]}}