{"id":814,"date":"2020-01-20T14:39:55","date_gmt":"2020-01-20T13:39:55","guid":{"rendered":"https:\/\/propedis.pl\/sklep\/?post_type=product&#038;p=814"},"modified":"2026-04-21T17:48:31","modified_gmt":"2026-04-21T15:48:31","slug":"transpaflux","status":"publish","type":"product","link":"https:\/\/propedis.pl\/sklep\/produkt\/transpaflux\/","title":{"rendered":"Transpaflux MA104"},"content":{"rendered":"<p><span style=\"font-weight: 400;\">Wk\u0142adka termoformowalna Transpaflux jest jedn\u0105 z bardziej uniwersalnych i popularnych wk\u0142adek. Mo\u017cna dzi\u0119ki niej skorygowa\u0107 <strong>wi\u0119kszo\u015b\u0107 patologii.<\/strong><\/span><\/p>\n<p><span style=\"font-weight: 400;\">Wk\u0142adk\u0119 charakteryzuje podw\u00f3jny sztywnik, kt\u00f3ry zapewnia <strong>stabilizacj\u0119, podparcie oraz ukierunkowanie \u015br\u00f3dstopia oraz ty\u0142ostopia<\/strong>. Ponadto zastosowanie materia\u0142u Grip na sztywniku zapobiega przesuwaniu si\u0119 wk\u0142adki w bucie, co znacznie podnosi komfort jej noszenia.<\/span><\/p>\n<p><span style=\"font-weight: 400;\">Wk\u0142adka termoformowalna Transpaflux przeznaczona jest do but\u00f3w raczej dopasowanych.\u00a0 Stosuje si\u0119 j\u0105 u os\u00f3b, kt\u00f3re maj\u0105 problem, np. <strong>z ko\u015blawo\u015bci\u0105 czy ze szpotawo\u015bci\u0105<\/strong>. Sprawdzi si\u0119 r\u00f3wnie\u017c u pacjent\u00f3w, kt\u00f3rzy chc\u0105 u\u017cywa\u0107 wk\u0142adki do <strong>umiarkowanych trening\u00f3w sportowych<\/strong>, np. fitness lub dla aktywnych nastolatk\u00f3w. Sprawdzi si\u0119 r\u00f3wnie\u017c do<strong> but\u00f3w roboczych.<\/strong>\u00a0<\/span><\/p>\n<p><span style=\"font-weight: 400;\">Wk\u0142adka termoformowalna Transpaflux jest bardzo \u0142atwa do utrzymania w czysto\u015bci. Wk\u0142adka wyst\u0119puje jedynie w wersji niesklejonej.\u00a0<\/span><\/p>\n<p><span style=\"font-weight: 400;\">Uwaga: sztywniki nale\u017cy sklei\u0107 ze sob\u0105 przed nagrzaniem a nast\u0119pnie zgrzane naklei\u0107 na baz\u0119.\u00a0 Nie nale\u017cy rozgrzewa\u0107 materia\u0142u Transpaflux.<\/span><\/p>\n<p><img loading=\"lazy\" decoding=\"async\" class=\"aligncenter wp-image-6554 size-full\" src=\"https:\/\/propedis.pl\/sklep\/wp-content\/uploads\/2020\/03\/MA104_6.png\" alt=\"\" width=\"600\" height=\"600\" srcset=\"https:\/\/propedis.pl\/sklep\/wp-content\/uploads\/2020\/03\/MA104_6.png 600w, https:\/\/propedis.pl\/sklep\/wp-content\/uploads\/2020\/03\/MA104_6-150x150.png 150w, https:\/\/propedis.pl\/sklep\/wp-content\/uploads\/2020\/03\/MA104_6-100x100.png 100w, https:\/\/propedis.pl\/sklep\/wp-content\/uploads\/2020\/03\/MA104_6-300x300.png 300w\" sizes=\"auto, (max-width: 600px) 100vw, 600px\" \/><\/p>\n<p>&nbsp;<\/p>\n<p>&nbsp;<\/p>\n","protected":false},"excerpt":{"rendered":"<p>Wk\u0142adka termoformowalna Transpaflux jest jedn\u0105 z bardziej uniwersalnych i popularnych wk\u0142adek. Mo\u017cna dzi\u0119ki niej skorygowa\u0107 wi\u0119kszo\u015b\u0107 patologii. Wk\u0142adk\u0119 charakteryzuje podw\u00f3jny sztywnik, kt\u00f3ry zapewnia stabilizacj\u0119, podparcie oraz ukierunkowanie \u015br\u00f3dstopia oraz ty\u0142ostopia. Ponadto zastosowanie materia\u0142u Grip na sztywniku zapobiega przesuwaniu si\u0119 wk\u0142adki w bucie, co znacznie podnosi komfort jej noszenia. Wk\u0142adka termoformowalna Transpaflux przeznaczona jest do but\u00f3w [&hellip;]<\/p>\n","protected":false},"featured_media":6019,"template":"","meta":{"ep_exclude_from_search":false},"product_brand":[],"product_cat":[15,67],"product_tag":[454,448,455,446,447],"class_list":{"0":"post-814","1":"product","2":"type-product","3":"status-publish","4":"has-post-thumbnail","6":"product_cat-wkladki","7":"product_cat-wkladki-klasyczne","8":"product_tag-wkladi-klasyczne","9":"product_tag-wkladki-do-butow","10":"product_tag-wkladki-miejskie","11":"product_tag-wkladki-termoformowalne","12":"product_tag-wkladki-termoplastyczne","14":"first","15":"instock","16":"taxable","17":"shipping-taxable","18":"purchasable","19":"product-type-variable"},"yoast_head":"<!-- This site is optimized with the Yoast SEO Premium plugin v26.3 (Yoast SEO v27.4) - https:\/\/yoast.com\/product\/yoast-seo-premium-wordpress\/ -->\n<title>Transpaflux MA104 - Pro Pedis - Profesjonalnie dla st\u00f3p<\/title>\n<meta name=\"robots\" content=\"index, follow, max-snippet:-1, max-image-preview:large, max-video-preview:-1\" \/>\n<link rel=\"canonical\" href=\"https:\/\/propedis.pl\/sklep\/produkt\/transpaflux\/\" \/>\n<meta property=\"og:locale\" content=\"pl_PL\" \/>\n<meta property=\"og:type\" content=\"article\" \/>\n<meta property=\"og:title\" content=\"Transpaflux MA104\" \/>\n<meta property=\"og:description\" content=\"Wk\u0142adka termoformowalna Transpaflux jest jedn\u0105 z bardziej uniwersalnych i popularnych wk\u0142adek. Mo\u017cna dzi\u0119ki niej skorygowa\u0107 wi\u0119kszo\u015b\u0107 patologii. Wk\u0142adk\u0119 charakteryzuje podw\u00f3jny sztywnik, kt\u00f3ry zapewnia stabilizacj\u0119, podparcie oraz ukierunkowanie \u015br\u00f3dstopia oraz ty\u0142ostopia. Ponadto zastosowanie materia\u0142u Grip na sztywniku zapobiega przesuwaniu si\u0119 wk\u0142adki w bucie, co znacznie podnosi komfort jej noszenia. Wk\u0142adka termoformowalna Transpaflux przeznaczona jest do but\u00f3w [&hellip;]\" \/>\n<meta property=\"og:url\" content=\"https:\/\/propedis.pl\/sklep\/produkt\/transpaflux\/\" \/>\n<meta property=\"og:site_name\" content=\"Pro Pedis - Profesjonalnie dla st\u00f3p\" \/>\n<meta property=\"article:modified_time\" content=\"2026-04-21T15:48:31+00:00\" \/>\n<meta property=\"og:image\" content=\"https:\/\/propedis.pl\/sklep\/wp-content\/uploads\/2020\/03\/MA104_1-dessus-2.jpg\" \/>\n\t<meta property=\"og:image:width\" content=\"500\" \/>\n\t<meta property=\"og:image:height\" content=\"500\" \/>\n\t<meta property=\"og:image:type\" content=\"image\/jpeg\" \/>\n<meta name=\"twitter:card\" content=\"summary_large_image\" \/>\n<meta name=\"twitter:label1\" content=\"Szacowany czas czytania\" \/>\n\t<meta name=\"twitter:data1\" content=\"2 minuty\" \/>\n<script type=\"application\/ld+json\" class=\"yoast-schema-graph\">{\"@context\":\"https:\\\/\\\/schema.org\",\"@graph\":[{\"@type\":\"WebPage\",\"@id\":\"https:\\\/\\\/propedis.pl\\\/sklep\\\/produkt\\\/transpaflux\\\/\",\"url\":\"https:\\\/\\\/propedis.pl\\\/sklep\\\/produkt\\\/transpaflux\\\/\",\"name\":\"Transpaflux MA104 - Pro Pedis - Profesjonalnie dla st\u00f3p\",\"isPartOf\":{\"@id\":\"https:\\\/\\\/propedis.pl\\\/sklep\\\/#website\"},\"primaryImageOfPage\":{\"@id\":\"https:\\\/\\\/propedis.pl\\\/sklep\\\/produkt\\\/transpaflux\\\/#primaryimage\"},\"image\":{\"@id\":\"https:\\\/\\\/propedis.pl\\\/sklep\\\/produkt\\\/transpaflux\\\/#primaryimage\"},\"thumbnailUrl\":\"https:\\\/\\\/propedis.pl\\\/sklep\\\/wp-content\\\/uploads\\\/2020\\\/03\\\/MA104_1-dessus-2.jpg\",\"datePublished\":\"2020-01-20T13:39:55+00:00\",\"dateModified\":\"2026-04-21T15:48:31+00:00\",\"breadcrumb\":{\"@id\":\"https:\\\/\\\/propedis.pl\\\/sklep\\\/produkt\\\/transpaflux\\\/#breadcrumb\"},\"inLanguage\":\"pl-PL\",\"potentialAction\":[{\"@type\":\"ReadAction\",\"target\":[\"https:\\\/\\\/propedis.pl\\\/sklep\\\/produkt\\\/transpaflux\\\/\"]}]},{\"@type\":\"ImageObject\",\"inLanguage\":\"pl-PL\",\"@id\":\"https:\\\/\\\/propedis.pl\\\/sklep\\\/produkt\\\/transpaflux\\\/#primaryimage\",\"url\":\"https:\\\/\\\/propedis.pl\\\/sklep\\\/wp-content\\\/uploads\\\/2020\\\/03\\\/MA104_1-dessus-2.jpg\",\"contentUrl\":\"https:\\\/\\\/propedis.pl\\\/sklep\\\/wp-content\\\/uploads\\\/2020\\\/03\\\/MA104_1-dessus-2.jpg\",\"width\":500,\"height\":500},{\"@type\":\"BreadcrumbList\",\"@id\":\"https:\\\/\\\/propedis.pl\\\/sklep\\\/produkt\\\/transpaflux\\\/#breadcrumb\",\"itemListElement\":[{\"@type\":\"ListItem\",\"position\":1,\"name\":\"Strona g\u0142\u00f3wna\",\"item\":\"https:\\\/\\\/propedis.pl\\\/sklep\\\/\"},{\"@type\":\"ListItem\",\"position\":2,\"name\":\"Sklep\",\"item\":\"https:\\\/\\\/propedis.pl\\\/sklep\\\/produkty\\\/\"},{\"@type\":\"ListItem\",\"position\":3,\"name\":\"Wk\u0142adki\",\"item\":\"https:\\\/\\\/propedis.pl\\\/sklep\\\/kategoria-produktu\\\/wkladki\\\/\"},{\"@type\":\"ListItem\",\"position\":4,\"name\":\"Wk\u0142adki klasyczne\",\"item\":\"https:\\\/\\\/propedis.pl\\\/sklep\\\/kategoria-produktu\\\/wkladki\\\/wkladki-klasyczne\\\/\"},{\"@type\":\"ListItem\",\"position\":5,\"name\":\"Transpaflux MA104\"}]},{\"@type\":\"WebSite\",\"@id\":\"https:\\\/\\\/propedis.pl\\\/sklep\\\/#website\",\"url\":\"https:\\\/\\\/propedis.pl\\\/sklep\\\/\",\"name\":\"Pro Pedis - Profesjonalnie dla st\u00f3p\",\"description\":\"\",\"potentialAction\":[{\"@type\":\"SearchAction\",\"target\":{\"@type\":\"EntryPoint\",\"urlTemplate\":\"https:\\\/\\\/propedis.pl\\\/sklep\\\/?s={search_term_string}\"},\"query-input\":{\"@type\":\"PropertyValueSpecification\",\"valueRequired\":true,\"valueName\":\"search_term_string\"}}],\"inLanguage\":\"pl-PL\"}]}<\/script>\n<!-- \/ Yoast SEO Premium plugin. -->","yoast_head_json":{"title":"Transpaflux MA104 - Pro Pedis - Profesjonalnie dla st\u00f3p","robots":{"index":"index","follow":"follow","max-snippet":"max-snippet:-1","max-image-preview":"max-image-preview:large","max-video-preview":"max-video-preview:-1"},"canonical":"https:\/\/propedis.pl\/sklep\/produkt\/transpaflux\/","og_locale":"pl_PL","og_type":"article","og_title":"Transpaflux MA104","og_description":"Wk\u0142adka termoformowalna Transpaflux jest jedn\u0105 z bardziej uniwersalnych i popularnych wk\u0142adek. Mo\u017cna dzi\u0119ki niej skorygowa\u0107 wi\u0119kszo\u015b\u0107 patologii. Wk\u0142adk\u0119 charakteryzuje podw\u00f3jny sztywnik, kt\u00f3ry zapewnia stabilizacj\u0119, podparcie oraz ukierunkowanie \u015br\u00f3dstopia oraz ty\u0142ostopia. Ponadto zastosowanie materia\u0142u Grip na sztywniku zapobiega przesuwaniu si\u0119 wk\u0142adki w bucie, co znacznie podnosi komfort jej noszenia. Wk\u0142adka termoformowalna Transpaflux przeznaczona jest do but\u00f3w [&hellip;]","og_url":"https:\/\/propedis.pl\/sklep\/produkt\/transpaflux\/","og_site_name":"Pro Pedis - Profesjonalnie dla st\u00f3p","article_modified_time":"2026-04-21T15:48:31+00:00","og_image":[{"width":500,"height":500,"url":"https:\/\/propedis.pl\/sklep\/wp-content\/uploads\/2020\/03\/MA104_1-dessus-2.jpg","type":"image\/jpeg"}],"twitter_card":"summary_large_image","twitter_misc":{"Szacowany czas czytania":"2 minuty"},"schema":{"@context":"https:\/\/schema.org","@graph":[{"@type":"WebPage","@id":"https:\/\/propedis.pl\/sklep\/produkt\/transpaflux\/","url":"https:\/\/propedis.pl\/sklep\/produkt\/transpaflux\/","name":"Transpaflux MA104 - Pro Pedis - Profesjonalnie dla st\u00f3p","isPartOf":{"@id":"https:\/\/propedis.pl\/sklep\/#website"},"primaryImageOfPage":{"@id":"https:\/\/propedis.pl\/sklep\/produkt\/transpaflux\/#primaryimage"},"image":{"@id":"https:\/\/propedis.pl\/sklep\/produkt\/transpaflux\/#primaryimage"},"thumbnailUrl":"https:\/\/propedis.pl\/sklep\/wp-content\/uploads\/2020\/03\/MA104_1-dessus-2.jpg","datePublished":"2020-01-20T13:39:55+00:00","dateModified":"2026-04-21T15:48:31+00:00","breadcrumb":{"@id":"https:\/\/propedis.pl\/sklep\/produkt\/transpaflux\/#breadcrumb"},"inLanguage":"pl-PL","potentialAction":[{"@type":"ReadAction","target":["https:\/\/propedis.pl\/sklep\/produkt\/transpaflux\/"]}]},{"@type":"ImageObject","inLanguage":"pl-PL","@id":"https:\/\/propedis.pl\/sklep\/produkt\/transpaflux\/#primaryimage","url":"https:\/\/propedis.pl\/sklep\/wp-content\/uploads\/2020\/03\/MA104_1-dessus-2.jpg","contentUrl":"https:\/\/propedis.pl\/sklep\/wp-content\/uploads\/2020\/03\/MA104_1-dessus-2.jpg","width":500,"height":500},{"@type":"BreadcrumbList","@id":"https:\/\/propedis.pl\/sklep\/produkt\/transpaflux\/#breadcrumb","itemListElement":[{"@type":"ListItem","position":1,"name":"Strona g\u0142\u00f3wna","item":"https:\/\/propedis.pl\/sklep\/"},{"@type":"ListItem","position":2,"name":"Sklep","item":"https:\/\/propedis.pl\/sklep\/produkty\/"},{"@type":"ListItem","position":3,"name":"Wk\u0142adki","item":"https:\/\/propedis.pl\/sklep\/kategoria-produktu\/wkladki\/"},{"@type":"ListItem","position":4,"name":"Wk\u0142adki klasyczne","item":"https:\/\/propedis.pl\/sklep\/kategoria-produktu\/wkladki\/wkladki-klasyczne\/"},{"@type":"ListItem","position":5,"name":"Transpaflux MA104"}]},{"@type":"WebSite","@id":"https:\/\/propedis.pl\/sklep\/#website","url":"https:\/\/propedis.pl\/sklep\/","name":"Pro Pedis - Profesjonalnie dla st\u00f3p","description":"","potentialAction":[{"@type":"SearchAction","target":{"@type":"EntryPoint","urlTemplate":"https:\/\/propedis.pl\/sklep\/?s={search_term_string}"},"query-input":{"@type":"PropertyValueSpecification","valueRequired":true,"valueName":"search_term_string"}}],"inLanguage":"pl-PL"}]}},"_links":{"self":[{"href":"https:\/\/propedis.pl\/sklep\/wp-json\/wp\/v2\/product\/814","targetHints":{"allow":["GET"]}}],"collection":[{"href":"https:\/\/propedis.pl\/sklep\/wp-json\/wp\/v2\/product"}],"about":[{"href":"https:\/\/propedis.pl\/sklep\/wp-json\/wp\/v2\/types\/product"}],"wp:featuredmedia":[{"embeddable":true,"href":"https:\/\/propedis.pl\/sklep\/wp-json\/wp\/v2\/media\/6019"}],"wp:attachment":[{"href":"https:\/\/propedis.pl\/sklep\/wp-json\/wp\/v2\/media?parent=814"}],"wp:term":[{"taxonomy":"product_brand","embeddable":true,"href":"https:\/\/propedis.pl\/sklep\/wp-json\/wp\/v2\/product_brand?post=814"},{"taxonomy":"product_cat","embeddable":true,"href":"https:\/\/propedis.pl\/sklep\/wp-json\/wp\/v2\/product_cat?post=814"},{"taxonomy":"product_tag","embeddable":true,"href":"https:\/\/propedis.pl\/sklep\/wp-json\/wp\/v2\/product_tag?post=814"}],"curies":[{"name":"wp","href":"https:\/\/api.w.org\/{rel}","templated":true}]}}