{"id":899,"date":"2020-01-20T14:40:13","date_gmt":"2020-01-20T13:40:13","guid":{"rendered":"https:\/\/propedis.pl\/sklep\/?post_type=product&#038;p=899"},"modified":"2026-04-03T11:40:19","modified_gmt":"2026-04-03T09:40:19","slug":"diabetologia","status":"publish","type":"product","link":"https:\/\/propedis.pl\/sklep\/produkt\/diabetologia\/","title":{"rendered":"Diabetologia cienka MA123"},"content":{"rendered":"<p><span style=\"font-weight: 400;\">Wk\u0142adka termoformowalna D<\/span><span style=\"font-weight: 400;\">iabetologia cienka to model cienki i komfortowy dla os\u00f3b z<strong> niewielkimi problemami obr\u0119bie przodostopia<\/strong>. Szczeg\u00f3lnie przeznaczona dla pacjent\u00f3w o <strong>stopach wra\u017cliwych o nieznacznej deformacji.<\/strong> Wk\u0142adka ta znajdzie zastosowanie u stopy <strong>cukrzycowej oraz reumatoidalnej<\/strong>.<\/span><\/p>\n<p><span style=\"font-weight: 400;\">Warstw\u0119 bazow\u0105 stanowi Thermotech w duecie z materia\u0142em Grip, kt\u00f3ry daje <strong>stabilno\u015b\u0107 i podparcie<\/strong> oraz zapobiega przesuwaniu si\u0119 wk\u0142adki w bucie. \u015arodkowa warstwa to wyj\u0105tkowo cienki i bardzo wytrzyma\u0142y Realux, natomiast materia\u0142 zastosowany w wierzchniej warstwie to Lunairmed Plus. Powoduje komfortowe wy\u015bcie\u0142anie oraz <strong>odci\u0105\u017cenie miejsc wra\u017cliwych<\/strong>.\u00a0 Zastosowanie nanocz\u0105steczek srebra dzia\u0142a <strong>antybakteryjnie i przeciwzapalnie<\/strong>. Jest to materia\u0142 o w\u0142a\u015bciwo\u015bciach <strong>hipoalergicznych<\/strong>. <\/span><span style=\"font-weight: 400;\">Zapobiega r\u00f3wnie\u017c przesuwaniu si\u0119 stopy w bucie. <\/span><\/p>\n<p><span style=\"font-weight: 400;\">Wk\u0142adka nadaje si\u0119 do obuwia o \u015bredniej t\u0119go\u015bci.<\/span><\/p>\n<p><span style=\"font-weight: 400;\">\u00a0 \u00a0 \u00a0 \u00a0 \u00a0 \u00a0 \u00a0 \u00a0 \u00a0 \u00a0 \u00a0 \u00a0 \u00a0 \u00a0 \u00a0 \u00a0 \u00a0 \u00a0 \u00a0 \u00a0 \u00a0 \u00a0 \u00a0 \u00a0 \u00a0 \u00a0 \u00a0 \u00a0 \u00a0 \u00a0 \u00a0 \u00a0 \u00a0 \u00a0 \u00a0 \u00a0 \u00a0 \u00a0 \u00a0 \u00a0 \u00a0 \u00a0 \u00a0 \u00a0 \u00a0 \u00a0 \u00a0 \u00a0 \u00a0 \u00a0 \u00a0 \u00a0 \u00a0 \u00a0 \u00a0 \u00a0 \u00a0 <img loading=\"lazy\" decoding=\"async\" class=\"aligncenter wp-image-6560 size-full\" src=\"https:\/\/propedis.pl\/sklep\/wp-content\/uploads\/2020\/03\/MA123_6.png\" alt=\"\" width=\"600\" height=\"600\" srcset=\"https:\/\/propedis.pl\/sklep\/wp-content\/uploads\/2020\/03\/MA123_6.png 600w, https:\/\/propedis.pl\/sklep\/wp-content\/uploads\/2020\/03\/MA123_6-150x150.png 150w, https:\/\/propedis.pl\/sklep\/wp-content\/uploads\/2020\/03\/MA123_6-100x100.png 100w, https:\/\/propedis.pl\/sklep\/wp-content\/uploads\/2020\/03\/MA123_6-300x300.png 300w\" sizes=\"auto, (max-width: 600px) 100vw, 600px\" \/><\/span><\/p>\n","protected":false},"excerpt":{"rendered":"<p>Wk\u0142adka termoformowalna Diabetologia cienka to model cienki i komfortowy dla os\u00f3b z niewielkimi problemami obr\u0119bie przodostopia. Szczeg\u00f3lnie przeznaczona dla pacjent\u00f3w o stopach wra\u017cliwych o nieznacznej deformacji. Wk\u0142adka ta znajdzie zastosowanie u stopy cukrzycowej oraz reumatoidalnej. Warstw\u0119 bazow\u0105 stanowi Thermotech w duecie z materia\u0142em Grip, kt\u00f3ry daje stabilno\u015b\u0107 i podparcie oraz zapobiega przesuwaniu si\u0119 wk\u0142adki w [&hellip;]<\/p>\n","protected":false},"featured_media":6046,"template":"","meta":{"ep_exclude_from_search":false},"product_brand":[],"product_cat":[15,69],"product_tag":[448,449,446,447],"class_list":{"0":"post-899","1":"product","2":"type-product","3":"status-publish","4":"has-post-thumbnail","6":"product_cat-wkladki","7":"product_cat-wkladki-specjalistyczne","8":"product_tag-wkladki-do-butow","9":"product_tag-wkladki-specjalistyczne","10":"product_tag-wkladki-termoformowalne","11":"product_tag-wkladki-termoplastyczne","13":"first","14":"instock","15":"taxable","16":"shipping-taxable","17":"purchasable","18":"product-type-variable"},"yoast_head":"<!-- This site is optimized with the Yoast SEO Premium plugin v26.3 (Yoast SEO v27.2) - https:\/\/yoast.com\/product\/yoast-seo-premium-wordpress\/ -->\n<title>Diabetologia cienka MA123 - Pro Pedis - Profesjonalnie dla st\u00f3p<\/title>\n<meta name=\"robots\" content=\"index, follow, max-snippet:-1, max-image-preview:large, max-video-preview:-1\" \/>\n<link rel=\"canonical\" href=\"https:\/\/propedis.pl\/sklep\/produkt\/diabetologia\/\" \/>\n<meta property=\"og:locale\" content=\"pl_PL\" \/>\n<meta property=\"og:type\" content=\"article\" \/>\n<meta property=\"og:title\" content=\"Diabetologia cienka MA123\" \/>\n<meta property=\"og:description\" content=\"Wk\u0142adka termoformowalna Diabetologia cienka to model cienki i komfortowy dla os\u00f3b z niewielkimi problemami obr\u0119bie przodostopia. Szczeg\u00f3lnie przeznaczona dla pacjent\u00f3w o stopach wra\u017cliwych o nieznacznej deformacji. Wk\u0142adka ta znajdzie zastosowanie u stopy cukrzycowej oraz reumatoidalnej. Warstw\u0119 bazow\u0105 stanowi Thermotech w duecie z materia\u0142em Grip, kt\u00f3ry daje stabilno\u015b\u0107 i podparcie oraz zapobiega przesuwaniu si\u0119 wk\u0142adki w [&hellip;]\" \/>\n<meta property=\"og:url\" content=\"https:\/\/propedis.pl\/sklep\/produkt\/diabetologia\/\" \/>\n<meta property=\"og:site_name\" content=\"Pro Pedis - Profesjonalnie dla st\u00f3p\" \/>\n<meta property=\"article:modified_time\" content=\"2026-04-03T09:40:19+00:00\" \/>\n<meta property=\"og:image\" content=\"https:\/\/propedis.pl\/sklep\/wp-content\/uploads\/2020\/03\/MA123_1-dessus-2.jpg\" \/>\n\t<meta property=\"og:image:width\" content=\"500\" \/>\n\t<meta property=\"og:image:height\" content=\"500\" \/>\n\t<meta property=\"og:image:type\" content=\"image\/jpeg\" \/>\n<meta name=\"twitter:card\" content=\"summary_large_image\" \/>\n<meta name=\"twitter:label1\" content=\"Szacowany czas czytania\" \/>\n\t<meta name=\"twitter:data1\" content=\"2 minuty\" \/>\n<script type=\"application\/ld+json\" class=\"yoast-schema-graph\">{\"@context\":\"https:\/\/schema.org\",\"@graph\":[{\"@type\":\"WebPage\",\"@id\":\"https:\/\/propedis.pl\/sklep\/produkt\/diabetologia\/\",\"url\":\"https:\/\/propedis.pl\/sklep\/produkt\/diabetologia\/\",\"name\":\"Diabetologia cienka MA123 - Pro Pedis - Profesjonalnie dla st\u00f3p\",\"isPartOf\":{\"@id\":\"https:\/\/propedis.pl\/sklep\/#website\"},\"primaryImageOfPage\":{\"@id\":\"https:\/\/propedis.pl\/sklep\/produkt\/diabetologia\/#primaryimage\"},\"image\":{\"@id\":\"https:\/\/propedis.pl\/sklep\/produkt\/diabetologia\/#primaryimage\"},\"thumbnailUrl\":\"https:\/\/propedis.pl\/sklep\/wp-content\/uploads\/2020\/03\/MA123_1-dessus-2.jpg\",\"datePublished\":\"2020-01-20T13:40:13+00:00\",\"dateModified\":\"2026-04-03T09:40:19+00:00\",\"breadcrumb\":{\"@id\":\"https:\/\/propedis.pl\/sklep\/produkt\/diabetologia\/#breadcrumb\"},\"inLanguage\":\"pl-PL\",\"potentialAction\":[{\"@type\":\"ReadAction\",\"target\":[\"https:\/\/propedis.pl\/sklep\/produkt\/diabetologia\/\"]}]},{\"@type\":\"ImageObject\",\"inLanguage\":\"pl-PL\",\"@id\":\"https:\/\/propedis.pl\/sklep\/produkt\/diabetologia\/#primaryimage\",\"url\":\"https:\/\/propedis.pl\/sklep\/wp-content\/uploads\/2020\/03\/MA123_1-dessus-2.jpg\",\"contentUrl\":\"https:\/\/propedis.pl\/sklep\/wp-content\/uploads\/2020\/03\/MA123_1-dessus-2.jpg\",\"width\":500,\"height\":500},{\"@type\":\"BreadcrumbList\",\"@id\":\"https:\/\/propedis.pl\/sklep\/produkt\/diabetologia\/#breadcrumb\",\"itemListElement\":[{\"@type\":\"ListItem\",\"position\":1,\"name\":\"Strona g\u0142\u00f3wna\",\"item\":\"https:\/\/propedis.pl\/sklep\/\"},{\"@type\":\"ListItem\",\"position\":2,\"name\":\"Sklep\",\"item\":\"https:\/\/propedis.pl\/sklep\/produkty\/\"},{\"@type\":\"ListItem\",\"position\":3,\"name\":\"Wk\u0142adki\",\"item\":\"https:\/\/propedis.pl\/sklep\/kategoria-produktu\/wkladki\/\"},{\"@type\":\"ListItem\",\"position\":4,\"name\":\"Wk\u0142adki specjalistyczne\",\"item\":\"https:\/\/propedis.pl\/sklep\/kategoria-produktu\/wkladki\/wkladki-specjalistyczne\/\"},{\"@type\":\"ListItem\",\"position\":5,\"name\":\"Diabetologia cienka MA123\"}]},{\"@type\":\"WebSite\",\"@id\":\"https:\/\/propedis.pl\/sklep\/#website\",\"url\":\"https:\/\/propedis.pl\/sklep\/\",\"name\":\"Pro Pedis - Profesjonalnie dla st\u00f3p\",\"description\":\"\",\"potentialAction\":[{\"@type\":\"SearchAction\",\"target\":{\"@type\":\"EntryPoint\",\"urlTemplate\":\"https:\/\/propedis.pl\/sklep\/?s={search_term_string}\"},\"query-input\":{\"@type\":\"PropertyValueSpecification\",\"valueRequired\":true,\"valueName\":\"search_term_string\"}}],\"inLanguage\":\"pl-PL\"}]}<\/script>\n<!-- \/ Yoast SEO Premium plugin. -->","yoast_head_json":{"title":"Diabetologia cienka MA123 - Pro Pedis - Profesjonalnie dla st\u00f3p","robots":{"index":"index","follow":"follow","max-snippet":"max-snippet:-1","max-image-preview":"max-image-preview:large","max-video-preview":"max-video-preview:-1"},"canonical":"https:\/\/propedis.pl\/sklep\/produkt\/diabetologia\/","og_locale":"pl_PL","og_type":"article","og_title":"Diabetologia cienka MA123","og_description":"Wk\u0142adka termoformowalna Diabetologia cienka to model cienki i komfortowy dla os\u00f3b z niewielkimi problemami obr\u0119bie przodostopia. Szczeg\u00f3lnie przeznaczona dla pacjent\u00f3w o stopach wra\u017cliwych o nieznacznej deformacji. Wk\u0142adka ta znajdzie zastosowanie u stopy cukrzycowej oraz reumatoidalnej. Warstw\u0119 bazow\u0105 stanowi Thermotech w duecie z materia\u0142em Grip, kt\u00f3ry daje stabilno\u015b\u0107 i podparcie oraz zapobiega przesuwaniu si\u0119 wk\u0142adki w [&hellip;]","og_url":"https:\/\/propedis.pl\/sklep\/produkt\/diabetologia\/","og_site_name":"Pro Pedis - Profesjonalnie dla st\u00f3p","article_modified_time":"2026-04-03T09:40:19+00:00","og_image":[{"width":500,"height":500,"url":"https:\/\/propedis.pl\/sklep\/wp-content\/uploads\/2020\/03\/MA123_1-dessus-2.jpg","type":"image\/jpeg"}],"twitter_card":"summary_large_image","twitter_misc":{"Szacowany czas czytania":"2 minuty"},"schema":{"@context":"https:\/\/schema.org","@graph":[{"@type":"WebPage","@id":"https:\/\/propedis.pl\/sklep\/produkt\/diabetologia\/","url":"https:\/\/propedis.pl\/sklep\/produkt\/diabetologia\/","name":"Diabetologia cienka MA123 - Pro Pedis - Profesjonalnie dla st\u00f3p","isPartOf":{"@id":"https:\/\/propedis.pl\/sklep\/#website"},"primaryImageOfPage":{"@id":"https:\/\/propedis.pl\/sklep\/produkt\/diabetologia\/#primaryimage"},"image":{"@id":"https:\/\/propedis.pl\/sklep\/produkt\/diabetologia\/#primaryimage"},"thumbnailUrl":"https:\/\/propedis.pl\/sklep\/wp-content\/uploads\/2020\/03\/MA123_1-dessus-2.jpg","datePublished":"2020-01-20T13:40:13+00:00","dateModified":"2026-04-03T09:40:19+00:00","breadcrumb":{"@id":"https:\/\/propedis.pl\/sklep\/produkt\/diabetologia\/#breadcrumb"},"inLanguage":"pl-PL","potentialAction":[{"@type":"ReadAction","target":["https:\/\/propedis.pl\/sklep\/produkt\/diabetologia\/"]}]},{"@type":"ImageObject","inLanguage":"pl-PL","@id":"https:\/\/propedis.pl\/sklep\/produkt\/diabetologia\/#primaryimage","url":"https:\/\/propedis.pl\/sklep\/wp-content\/uploads\/2020\/03\/MA123_1-dessus-2.jpg","contentUrl":"https:\/\/propedis.pl\/sklep\/wp-content\/uploads\/2020\/03\/MA123_1-dessus-2.jpg","width":500,"height":500},{"@type":"BreadcrumbList","@id":"https:\/\/propedis.pl\/sklep\/produkt\/diabetologia\/#breadcrumb","itemListElement":[{"@type":"ListItem","position":1,"name":"Strona g\u0142\u00f3wna","item":"https:\/\/propedis.pl\/sklep\/"},{"@type":"ListItem","position":2,"name":"Sklep","item":"https:\/\/propedis.pl\/sklep\/produkty\/"},{"@type":"ListItem","position":3,"name":"Wk\u0142adki","item":"https:\/\/propedis.pl\/sklep\/kategoria-produktu\/wkladki\/"},{"@type":"ListItem","position":4,"name":"Wk\u0142adki specjalistyczne","item":"https:\/\/propedis.pl\/sklep\/kategoria-produktu\/wkladki\/wkladki-specjalistyczne\/"},{"@type":"ListItem","position":5,"name":"Diabetologia cienka MA123"}]},{"@type":"WebSite","@id":"https:\/\/propedis.pl\/sklep\/#website","url":"https:\/\/propedis.pl\/sklep\/","name":"Pro Pedis - Profesjonalnie dla st\u00f3p","description":"","potentialAction":[{"@type":"SearchAction","target":{"@type":"EntryPoint","urlTemplate":"https:\/\/propedis.pl\/sklep\/?s={search_term_string}"},"query-input":{"@type":"PropertyValueSpecification","valueRequired":true,"valueName":"search_term_string"}}],"inLanguage":"pl-PL"}]}},"_links":{"self":[{"href":"https:\/\/propedis.pl\/sklep\/wp-json\/wp\/v2\/product\/899","targetHints":{"allow":["GET"]}}],"collection":[{"href":"https:\/\/propedis.pl\/sklep\/wp-json\/wp\/v2\/product"}],"about":[{"href":"https:\/\/propedis.pl\/sklep\/wp-json\/wp\/v2\/types\/product"}],"wp:featuredmedia":[{"embeddable":true,"href":"https:\/\/propedis.pl\/sklep\/wp-json\/wp\/v2\/media\/6046"}],"wp:attachment":[{"href":"https:\/\/propedis.pl\/sklep\/wp-json\/wp\/v2\/media?parent=899"}],"wp:term":[{"taxonomy":"product_brand","embeddable":true,"href":"https:\/\/propedis.pl\/sklep\/wp-json\/wp\/v2\/product_brand?post=899"},{"taxonomy":"product_cat","embeddable":true,"href":"https:\/\/propedis.pl\/sklep\/wp-json\/wp\/v2\/product_cat?post=899"},{"taxonomy":"product_tag","embeddable":true,"href":"https:\/\/propedis.pl\/sklep\/wp-json\/wp\/v2\/product_tag?post=899"}],"curies":[{"name":"wp","href":"https:\/\/api.w.org\/{rel}","templated":true}]}}