{"id":909,"date":"2020-01-20T14:40:17","date_gmt":"2020-01-20T13:40:17","guid":{"rendered":"https:\/\/propedis.pl\/sklep\/?post_type=product&#038;p=909"},"modified":"2026-04-23T15:18:19","modified_gmt":"2026-04-23T13:18:19","slug":"metatarsalgia-2","status":"publish","type":"product","link":"https:\/\/propedis.pl\/sklep\/produkt\/metatarsalgia-2\/","title":{"rendered":"Metatarsalgia 2 MA743"},"content":{"rendered":"<p><span style=\"font-weight: 400;\">Wk\u0142adka termoformowalna M<\/span><span style=\"font-weight: 400;\">etatarsalgia 2 to uniwersalna wk\u0142adka dla os\u00f3b z problemami w <strong>obr\u0119bie przodostopia<\/strong> w nowym \u2013 kobiecym &#8211; r\u00f3\u017cowym wydaniu kolorystycznym.\u00a0 Znajdzie r\u00f3wnie\u017c zastosowanie u pacjent\u00f3w z <strong>b\u00f3lem przodostopia<\/strong> oraz <strong>p\u0142askostopiem poprzecznym<\/strong>. Wk\u0142adka ta zalecana jest te\u017c u pacjent\u00f3w dotkni\u0119tych<strong> tkliwo\u015bci\u0105 st\u00f3p<\/strong> oraz <strong>modzelami<\/strong>. Idealnie sprawdzi si\u0119 u os\u00f3b, kt\u00f3re cierpi\u0105 z powodu zaburze\u0144 w obr\u0119bie <strong>przodostopia<\/strong>. Dzi\u0119ki zastosowaniu we wk\u0142adce materia\u0142u RP Comfort, uzyskujemy niezwyk\u0142\u0105<strong> mi\u0119kko\u015b\u0107 i komfort.<\/strong>\u00a0 Pokrycie wk\u0142adki wykonane z materia\u0142u SMF o przyjemnym zapachu eukaliptusa, kt\u00f3ry zapewnia \u015bwie\u017co\u015b\u0107 u\u017cytkowania.\u00a0 Wk\u0142adka sprawdzi si\u0119 w butach codziennych o niewielkiej t\u0119go\u015bci.<\/span><\/p>\n<p><span style=\"font-weight: 400;\">Uwaga, aby unikn\u0105\u0107 uszkodzenia mi\u0119kkiego materia\u0142u PR Comfort podczas skracania sztywnika, zaleca si\u0119 zam\u00f3wienie modelu w wersji niesklejonej.<\/span><\/p>\n<p>&nbsp;<\/p>\n<p><img loading=\"lazy\" decoding=\"async\" class=\"aligncenter wp-image-6578 size-full\" src=\"https:\/\/propedis.pl\/sklep\/wp-content\/uploads\/2020\/03\/MA743_6.png\" alt=\"\" width=\"600\" height=\"600\" srcset=\"https:\/\/propedis.pl\/sklep\/wp-content\/uploads\/2020\/03\/MA743_6.png 600w, https:\/\/propedis.pl\/sklep\/wp-content\/uploads\/2020\/03\/MA743_6-150x150.png 150w, https:\/\/propedis.pl\/sklep\/wp-content\/uploads\/2020\/03\/MA743_6-100x100.png 100w, https:\/\/propedis.pl\/sklep\/wp-content\/uploads\/2020\/03\/MA743_6-300x300.png 300w\" sizes=\"auto, (max-width: 600px) 100vw, 600px\" \/><\/p>\n","protected":false},"excerpt":{"rendered":"<p>Wk\u0142adka termoformowalna Metatarsalgia 2 to uniwersalna wk\u0142adka dla os\u00f3b z problemami w obr\u0119bie przodostopia w nowym \u2013 kobiecym &#8211; r\u00f3\u017cowym wydaniu kolorystycznym.\u00a0 Znajdzie r\u00f3wnie\u017c zastosowanie u pacjent\u00f3w z b\u00f3lem przodostopia oraz p\u0142askostopiem poprzecznym. Wk\u0142adka ta zalecana jest te\u017c u pacjent\u00f3w dotkni\u0119tych tkliwo\u015bci\u0105 st\u00f3p oraz modzelami. Idealnie sprawdzi si\u0119 u os\u00f3b, kt\u00f3re cierpi\u0105 z powodu zaburze\u0144 [&hellip;]<\/p>\n","protected":false},"featured_media":6127,"template":"","meta":{"ep_exclude_from_search":false},"product_brand":[],"product_cat":[15,69],"product_tag":[448,449,446,447],"class_list":{"0":"post-909","1":"product","2":"type-product","3":"status-publish","4":"has-post-thumbnail","6":"product_cat-wkladki","7":"product_cat-wkladki-specjalistyczne","8":"product_tag-wkladki-do-butow","9":"product_tag-wkladki-specjalistyczne","10":"product_tag-wkladki-termoformowalne","11":"product_tag-wkladki-termoplastyczne","13":"first","14":"onbackorder","15":"taxable","16":"shipping-taxable","17":"purchasable","18":"product-type-variable"},"yoast_head":"<!-- This site is optimized with the Yoast SEO Premium plugin v26.3 (Yoast SEO v27.4) - https:\/\/yoast.com\/product\/yoast-seo-premium-wordpress\/ -->\n<title>Metatarsalgia 2 MA743 - Pro Pedis - Profesjonalnie dla st\u00f3p<\/title>\n<meta name=\"robots\" content=\"index, follow, max-snippet:-1, max-image-preview:large, max-video-preview:-1\" \/>\n<link rel=\"canonical\" href=\"https:\/\/propedis.pl\/sklep\/produkt\/metatarsalgia-2\/\" \/>\n<meta property=\"og:locale\" content=\"pl_PL\" \/>\n<meta property=\"og:type\" content=\"article\" \/>\n<meta property=\"og:title\" content=\"Metatarsalgia 2 MA743\" \/>\n<meta property=\"og:description\" content=\"Wk\u0142adka termoformowalna Metatarsalgia 2 to uniwersalna wk\u0142adka dla os\u00f3b z problemami w obr\u0119bie przodostopia w nowym \u2013 kobiecym &#8211; r\u00f3\u017cowym wydaniu kolorystycznym.\u00a0 Znajdzie r\u00f3wnie\u017c zastosowanie u pacjent\u00f3w z b\u00f3lem przodostopia oraz p\u0142askostopiem poprzecznym. Wk\u0142adka ta zalecana jest te\u017c u pacjent\u00f3w dotkni\u0119tych tkliwo\u015bci\u0105 st\u00f3p oraz modzelami. Idealnie sprawdzi si\u0119 u os\u00f3b, kt\u00f3re cierpi\u0105 z powodu zaburze\u0144 [&hellip;]\" \/>\n<meta property=\"og:url\" content=\"https:\/\/propedis.pl\/sklep\/produkt\/metatarsalgia-2\/\" \/>\n<meta property=\"og:site_name\" content=\"Pro Pedis - Profesjonalnie dla st\u00f3p\" \/>\n<meta property=\"article:modified_time\" content=\"2026-04-23T13:18:19+00:00\" \/>\n<meta property=\"og:image\" content=\"https:\/\/propedis.pl\/sklep\/wp-content\/uploads\/2020\/03\/MA743_1-dessus-2.jpg\" \/>\n\t<meta property=\"og:image:width\" content=\"500\" \/>\n\t<meta property=\"og:image:height\" content=\"500\" \/>\n\t<meta property=\"og:image:type\" content=\"image\/jpeg\" \/>\n<meta name=\"twitter:card\" content=\"summary_large_image\" \/>\n<meta name=\"twitter:label1\" content=\"Szacowany czas czytania\" \/>\n\t<meta name=\"twitter:data1\" content=\"2 minuty\" \/>\n<script type=\"application\/ld+json\" class=\"yoast-schema-graph\">{\"@context\":\"https:\\\/\\\/schema.org\",\"@graph\":[{\"@type\":\"WebPage\",\"@id\":\"https:\\\/\\\/propedis.pl\\\/sklep\\\/produkt\\\/metatarsalgia-2\\\/\",\"url\":\"https:\\\/\\\/propedis.pl\\\/sklep\\\/produkt\\\/metatarsalgia-2\\\/\",\"name\":\"Metatarsalgia 2 MA743 - Pro Pedis - Profesjonalnie dla st\u00f3p\",\"isPartOf\":{\"@id\":\"https:\\\/\\\/propedis.pl\\\/sklep\\\/#website\"},\"primaryImageOfPage\":{\"@id\":\"https:\\\/\\\/propedis.pl\\\/sklep\\\/produkt\\\/metatarsalgia-2\\\/#primaryimage\"},\"image\":{\"@id\":\"https:\\\/\\\/propedis.pl\\\/sklep\\\/produkt\\\/metatarsalgia-2\\\/#primaryimage\"},\"thumbnailUrl\":\"https:\\\/\\\/propedis.pl\\\/sklep\\\/wp-content\\\/uploads\\\/2020\\\/03\\\/MA743_1-dessus-2.jpg\",\"datePublished\":\"2020-01-20T13:40:17+00:00\",\"dateModified\":\"2026-04-23T13:18:19+00:00\",\"breadcrumb\":{\"@id\":\"https:\\\/\\\/propedis.pl\\\/sklep\\\/produkt\\\/metatarsalgia-2\\\/#breadcrumb\"},\"inLanguage\":\"pl-PL\",\"potentialAction\":[{\"@type\":\"ReadAction\",\"target\":[\"https:\\\/\\\/propedis.pl\\\/sklep\\\/produkt\\\/metatarsalgia-2\\\/\"]}]},{\"@type\":\"ImageObject\",\"inLanguage\":\"pl-PL\",\"@id\":\"https:\\\/\\\/propedis.pl\\\/sklep\\\/produkt\\\/metatarsalgia-2\\\/#primaryimage\",\"url\":\"https:\\\/\\\/propedis.pl\\\/sklep\\\/wp-content\\\/uploads\\\/2020\\\/03\\\/MA743_1-dessus-2.jpg\",\"contentUrl\":\"https:\\\/\\\/propedis.pl\\\/sklep\\\/wp-content\\\/uploads\\\/2020\\\/03\\\/MA743_1-dessus-2.jpg\",\"width\":500,\"height\":500},{\"@type\":\"BreadcrumbList\",\"@id\":\"https:\\\/\\\/propedis.pl\\\/sklep\\\/produkt\\\/metatarsalgia-2\\\/#breadcrumb\",\"itemListElement\":[{\"@type\":\"ListItem\",\"position\":1,\"name\":\"Strona g\u0142\u00f3wna\",\"item\":\"https:\\\/\\\/propedis.pl\\\/sklep\\\/\"},{\"@type\":\"ListItem\",\"position\":2,\"name\":\"Sklep\",\"item\":\"https:\\\/\\\/propedis.pl\\\/sklep\\\/produkty\\\/\"},{\"@type\":\"ListItem\",\"position\":3,\"name\":\"Wk\u0142adki\",\"item\":\"https:\\\/\\\/propedis.pl\\\/sklep\\\/kategoria-produktu\\\/wkladki\\\/\"},{\"@type\":\"ListItem\",\"position\":4,\"name\":\"Wk\u0142adki specjalistyczne\",\"item\":\"https:\\\/\\\/propedis.pl\\\/sklep\\\/kategoria-produktu\\\/wkladki\\\/wkladki-specjalistyczne\\\/\"},{\"@type\":\"ListItem\",\"position\":5,\"name\":\"Metatarsalgia 2 MA743\"}]},{\"@type\":\"WebSite\",\"@id\":\"https:\\\/\\\/propedis.pl\\\/sklep\\\/#website\",\"url\":\"https:\\\/\\\/propedis.pl\\\/sklep\\\/\",\"name\":\"Pro Pedis - Profesjonalnie dla st\u00f3p\",\"description\":\"\",\"potentialAction\":[{\"@type\":\"SearchAction\",\"target\":{\"@type\":\"EntryPoint\",\"urlTemplate\":\"https:\\\/\\\/propedis.pl\\\/sklep\\\/?s={search_term_string}\"},\"query-input\":{\"@type\":\"PropertyValueSpecification\",\"valueRequired\":true,\"valueName\":\"search_term_string\"}}],\"inLanguage\":\"pl-PL\"}]}<\/script>\n<!-- \/ Yoast SEO Premium plugin. -->","yoast_head_json":{"title":"Metatarsalgia 2 MA743 - Pro Pedis - Profesjonalnie dla st\u00f3p","robots":{"index":"index","follow":"follow","max-snippet":"max-snippet:-1","max-image-preview":"max-image-preview:large","max-video-preview":"max-video-preview:-1"},"canonical":"https:\/\/propedis.pl\/sklep\/produkt\/metatarsalgia-2\/","og_locale":"pl_PL","og_type":"article","og_title":"Metatarsalgia 2 MA743","og_description":"Wk\u0142adka termoformowalna Metatarsalgia 2 to uniwersalna wk\u0142adka dla os\u00f3b z problemami w obr\u0119bie przodostopia w nowym \u2013 kobiecym &#8211; r\u00f3\u017cowym wydaniu kolorystycznym.\u00a0 Znajdzie r\u00f3wnie\u017c zastosowanie u pacjent\u00f3w z b\u00f3lem przodostopia oraz p\u0142askostopiem poprzecznym. Wk\u0142adka ta zalecana jest te\u017c u pacjent\u00f3w dotkni\u0119tych tkliwo\u015bci\u0105 st\u00f3p oraz modzelami. Idealnie sprawdzi si\u0119 u os\u00f3b, kt\u00f3re cierpi\u0105 z powodu zaburze\u0144 [&hellip;]","og_url":"https:\/\/propedis.pl\/sklep\/produkt\/metatarsalgia-2\/","og_site_name":"Pro Pedis - Profesjonalnie dla st\u00f3p","article_modified_time":"2026-04-23T13:18:19+00:00","og_image":[{"width":500,"height":500,"url":"https:\/\/propedis.pl\/sklep\/wp-content\/uploads\/2020\/03\/MA743_1-dessus-2.jpg","type":"image\/jpeg"}],"twitter_card":"summary_large_image","twitter_misc":{"Szacowany czas czytania":"2 minuty"},"schema":{"@context":"https:\/\/schema.org","@graph":[{"@type":"WebPage","@id":"https:\/\/propedis.pl\/sklep\/produkt\/metatarsalgia-2\/","url":"https:\/\/propedis.pl\/sklep\/produkt\/metatarsalgia-2\/","name":"Metatarsalgia 2 MA743 - Pro Pedis - Profesjonalnie dla st\u00f3p","isPartOf":{"@id":"https:\/\/propedis.pl\/sklep\/#website"},"primaryImageOfPage":{"@id":"https:\/\/propedis.pl\/sklep\/produkt\/metatarsalgia-2\/#primaryimage"},"image":{"@id":"https:\/\/propedis.pl\/sklep\/produkt\/metatarsalgia-2\/#primaryimage"},"thumbnailUrl":"https:\/\/propedis.pl\/sklep\/wp-content\/uploads\/2020\/03\/MA743_1-dessus-2.jpg","datePublished":"2020-01-20T13:40:17+00:00","dateModified":"2026-04-23T13:18:19+00:00","breadcrumb":{"@id":"https:\/\/propedis.pl\/sklep\/produkt\/metatarsalgia-2\/#breadcrumb"},"inLanguage":"pl-PL","potentialAction":[{"@type":"ReadAction","target":["https:\/\/propedis.pl\/sklep\/produkt\/metatarsalgia-2\/"]}]},{"@type":"ImageObject","inLanguage":"pl-PL","@id":"https:\/\/propedis.pl\/sklep\/produkt\/metatarsalgia-2\/#primaryimage","url":"https:\/\/propedis.pl\/sklep\/wp-content\/uploads\/2020\/03\/MA743_1-dessus-2.jpg","contentUrl":"https:\/\/propedis.pl\/sklep\/wp-content\/uploads\/2020\/03\/MA743_1-dessus-2.jpg","width":500,"height":500},{"@type":"BreadcrumbList","@id":"https:\/\/propedis.pl\/sklep\/produkt\/metatarsalgia-2\/#breadcrumb","itemListElement":[{"@type":"ListItem","position":1,"name":"Strona g\u0142\u00f3wna","item":"https:\/\/propedis.pl\/sklep\/"},{"@type":"ListItem","position":2,"name":"Sklep","item":"https:\/\/propedis.pl\/sklep\/produkty\/"},{"@type":"ListItem","position":3,"name":"Wk\u0142adki","item":"https:\/\/propedis.pl\/sklep\/kategoria-produktu\/wkladki\/"},{"@type":"ListItem","position":4,"name":"Wk\u0142adki specjalistyczne","item":"https:\/\/propedis.pl\/sklep\/kategoria-produktu\/wkladki\/wkladki-specjalistyczne\/"},{"@type":"ListItem","position":5,"name":"Metatarsalgia 2 MA743"}]},{"@type":"WebSite","@id":"https:\/\/propedis.pl\/sklep\/#website","url":"https:\/\/propedis.pl\/sklep\/","name":"Pro Pedis - Profesjonalnie dla st\u00f3p","description":"","potentialAction":[{"@type":"SearchAction","target":{"@type":"EntryPoint","urlTemplate":"https:\/\/propedis.pl\/sklep\/?s={search_term_string}"},"query-input":{"@type":"PropertyValueSpecification","valueRequired":true,"valueName":"search_term_string"}}],"inLanguage":"pl-PL"}]}},"_links":{"self":[{"href":"https:\/\/propedis.pl\/sklep\/wp-json\/wp\/v2\/product\/909","targetHints":{"allow":["GET"]}}],"collection":[{"href":"https:\/\/propedis.pl\/sklep\/wp-json\/wp\/v2\/product"}],"about":[{"href":"https:\/\/propedis.pl\/sklep\/wp-json\/wp\/v2\/types\/product"}],"wp:featuredmedia":[{"embeddable":true,"href":"https:\/\/propedis.pl\/sklep\/wp-json\/wp\/v2\/media\/6127"}],"wp:attachment":[{"href":"https:\/\/propedis.pl\/sklep\/wp-json\/wp\/v2\/media?parent=909"}],"wp:term":[{"taxonomy":"product_brand","embeddable":true,"href":"https:\/\/propedis.pl\/sklep\/wp-json\/wp\/v2\/product_brand?post=909"},{"taxonomy":"product_cat","embeddable":true,"href":"https:\/\/propedis.pl\/sklep\/wp-json\/wp\/v2\/product_cat?post=909"},{"taxonomy":"product_tag","embeddable":true,"href":"https:\/\/propedis.pl\/sklep\/wp-json\/wp\/v2\/product_tag?post=909"}],"curies":[{"name":"wp","href":"https:\/\/api.w.org\/{rel}","templated":true}]}}