{"id":914,"date":"2020-01-20T14:40:17","date_gmt":"2020-01-20T13:40:17","guid":{"rendered":"https:\/\/propedis.pl\/sklep\/?post_type=product&#038;p=914"},"modified":"2026-04-19T14:51:06","modified_gmt":"2026-04-19T12:51:06","slug":"sneaker","status":"publish","type":"product","link":"https:\/\/propedis.pl\/sklep\/produkt\/sneaker\/","title":{"rendered":"Sneaker &#8211; damska MA741"},"content":{"rendered":"<p><span style=\"font-weight: 400;\">Wk\u0142adka termoformowalna Sneaker\u00a0 sprawdzi si\u0119 do miejskich but\u00f3w sportowych typu Sneaker. Wk\u0142adka ta jest jedn\u0105 z najbardziej popularnych i uniwersalnych. We wk\u0142adce znajdziemy solidny podw\u00f3jny sztywnik: Thermoflux zapewniaj\u0105cy <strong>stabilizacj\u0119 \u015br\u00f3dstopia<\/strong> oraz Grip + Colorflex.\u00a0 Sztywniki zapewniaj\u0105 stabilizacj\u0119, efekt antypo\u015blizgowy i antypronacyjny. Wk\u0142adka Sneaker sprawdzi si\u0119 zar\u00f3wno w korekcji <strong>st\u00f3p ko\u015blawych <\/strong>jak i <strong>szpotawych<\/strong>. Mo\u017cna j\u0105 zastosowa\u0107 r\u00f3wnie\u017c do korekcji nieprawid\u0142owego ustawienia<strong> staw\u00f3w kolanowych<\/strong>.\u00a0 Warstwa z Neosorbu sprawia, \u017ce wk\u0142adka jest mi\u0119kka i komfortowa o doskona\u0142ych <strong>w\u0142a\u015bciwo\u015bciach amortyzuj\u0105cych<\/strong>. Dzi\u0119ki temu stawy powy\u017cej s\u0105 chronione.\u00a0 Stosujemy j\u0105 zar\u00f3wno w butach sportowych, obuwiu roboczym, trekkingowym. Wk\u0142adka Sneaker jest idealn\u0105 baz\u0105 pod dodatkowe <strong>elementy koryguj\u0105ce<\/strong>.<\/span><\/p>\n<p><span style=\"font-weight: 400;\">Materia\u0142 pokryciowy stanowi niezwykle cienki i elegancki materia\u0142 w kolorze mokka. Jest on wyj\u0105tkowo odporny na wilgo\u0107, a jednocze\u015bnie wygodny i elegancki.<\/span><\/p>\n<p>&nbsp;<\/p>\n<p><img loading=\"lazy\" decoding=\"async\" class=\"aligncenter wp-image-6577 size-full\" src=\"https:\/\/propedis.pl\/sklep\/wp-content\/uploads\/2020\/03\/MA741_6.png\" alt=\"\" width=\"600\" height=\"600\" srcset=\"https:\/\/propedis.pl\/sklep\/wp-content\/uploads\/2020\/03\/MA741_6.png 600w, https:\/\/propedis.pl\/sklep\/wp-content\/uploads\/2020\/03\/MA741_6-150x150.png 150w, https:\/\/propedis.pl\/sklep\/wp-content\/uploads\/2020\/03\/MA741_6-100x100.png 100w, https:\/\/propedis.pl\/sklep\/wp-content\/uploads\/2020\/03\/MA741_6-300x300.png 300w\" sizes=\"auto, (max-width: 600px) 100vw, 600px\" \/><\/p>\n","protected":false},"excerpt":{"rendered":"<p>Wk\u0142adka termoformowalna Sneaker\u00a0 sprawdzi si\u0119 do miejskich but\u00f3w sportowych typu Sneaker. Wk\u0142adka ta jest jedn\u0105 z najbardziej popularnych i uniwersalnych. We wk\u0142adce znajdziemy solidny podw\u00f3jny sztywnik: Thermoflux zapewniaj\u0105cy stabilizacj\u0119 \u015br\u00f3dstopia oraz Grip + Colorflex.\u00a0 Sztywniki zapewniaj\u0105 stabilizacj\u0119, efekt antypo\u015blizgowy i antypronacyjny. Wk\u0142adka Sneaker sprawdzi si\u0119 zar\u00f3wno w korekcji st\u00f3p ko\u015blawych jak i szpotawych. Mo\u017cna j\u0105 [&hellip;]<\/p>\n","protected":false},"featured_media":6122,"template":"","meta":{"ep_exclude_from_search":false},"product_brand":[],"product_cat":[15,69],"product_tag":[448,449,446,447],"class_list":{"0":"post-914","1":"product","2":"type-product","3":"status-publish","4":"has-post-thumbnail","6":"product_cat-wkladki","7":"product_cat-wkladki-specjalistyczne","8":"product_tag-wkladki-do-butow","9":"product_tag-wkladki-specjalistyczne","10":"product_tag-wkladki-termoformowalne","11":"product_tag-wkladki-termoplastyczne","13":"first","14":"instock","15":"taxable","16":"shipping-taxable","17":"purchasable","18":"product-type-variable"},"yoast_head":"<!-- This site is optimized with the Yoast SEO Premium plugin v26.3 (Yoast SEO v27.4) - https:\/\/yoast.com\/product\/yoast-seo-premium-wordpress\/ -->\n<title>Sneaker - damska MA741 - Pro Pedis - Profesjonalnie dla st\u00f3p<\/title>\n<meta name=\"robots\" content=\"index, follow, max-snippet:-1, max-image-preview:large, max-video-preview:-1\" \/>\n<link rel=\"canonical\" href=\"https:\/\/propedis.pl\/sklep\/produkt\/sneaker\/\" \/>\n<meta property=\"og:locale\" content=\"pl_PL\" \/>\n<meta property=\"og:type\" content=\"article\" \/>\n<meta property=\"og:title\" content=\"Sneaker - damska MA741\" \/>\n<meta property=\"og:description\" content=\"Wk\u0142adka termoformowalna Sneaker\u00a0 sprawdzi si\u0119 do miejskich but\u00f3w sportowych typu Sneaker. Wk\u0142adka ta jest jedn\u0105 z najbardziej popularnych i uniwersalnych. We wk\u0142adce znajdziemy solidny podw\u00f3jny sztywnik: Thermoflux zapewniaj\u0105cy stabilizacj\u0119 \u015br\u00f3dstopia oraz Grip + Colorflex.\u00a0 Sztywniki zapewniaj\u0105 stabilizacj\u0119, efekt antypo\u015blizgowy i antypronacyjny. Wk\u0142adka Sneaker sprawdzi si\u0119 zar\u00f3wno w korekcji st\u00f3p ko\u015blawych jak i szpotawych. Mo\u017cna j\u0105 [&hellip;]\" \/>\n<meta property=\"og:url\" content=\"https:\/\/propedis.pl\/sklep\/produkt\/sneaker\/\" \/>\n<meta property=\"og:site_name\" content=\"Pro Pedis - Profesjonalnie dla st\u00f3p\" \/>\n<meta property=\"article:modified_time\" content=\"2026-04-19T12:51:06+00:00\" \/>\n<meta property=\"og:image\" content=\"https:\/\/propedis.pl\/sklep\/wp-content\/uploads\/2020\/03\/MA741_1-dessus-2.jpg\" \/>\n\t<meta property=\"og:image:width\" content=\"500\" \/>\n\t<meta property=\"og:image:height\" content=\"500\" \/>\n\t<meta property=\"og:image:type\" content=\"image\/jpeg\" \/>\n<meta name=\"twitter:card\" content=\"summary_large_image\" \/>\n<meta name=\"twitter:label1\" content=\"Szacowany czas czytania\" \/>\n\t<meta name=\"twitter:data1\" content=\"2 minuty\" \/>\n<script type=\"application\/ld+json\" class=\"yoast-schema-graph\">{\"@context\":\"https:\\\/\\\/schema.org\",\"@graph\":[{\"@type\":\"WebPage\",\"@id\":\"https:\\\/\\\/propedis.pl\\\/sklep\\\/produkt\\\/sneaker\\\/\",\"url\":\"https:\\\/\\\/propedis.pl\\\/sklep\\\/produkt\\\/sneaker\\\/\",\"name\":\"Sneaker - damska MA741 - Pro Pedis - Profesjonalnie dla st\u00f3p\",\"isPartOf\":{\"@id\":\"https:\\\/\\\/propedis.pl\\\/sklep\\\/#website\"},\"primaryImageOfPage\":{\"@id\":\"https:\\\/\\\/propedis.pl\\\/sklep\\\/produkt\\\/sneaker\\\/#primaryimage\"},\"image\":{\"@id\":\"https:\\\/\\\/propedis.pl\\\/sklep\\\/produkt\\\/sneaker\\\/#primaryimage\"},\"thumbnailUrl\":\"https:\\\/\\\/propedis.pl\\\/sklep\\\/wp-content\\\/uploads\\\/2020\\\/03\\\/MA741_1-dessus-2.jpg\",\"datePublished\":\"2020-01-20T13:40:17+00:00\",\"dateModified\":\"2026-04-19T12:51:06+00:00\",\"breadcrumb\":{\"@id\":\"https:\\\/\\\/propedis.pl\\\/sklep\\\/produkt\\\/sneaker\\\/#breadcrumb\"},\"inLanguage\":\"pl-PL\",\"potentialAction\":[{\"@type\":\"ReadAction\",\"target\":[\"https:\\\/\\\/propedis.pl\\\/sklep\\\/produkt\\\/sneaker\\\/\"]}]},{\"@type\":\"ImageObject\",\"inLanguage\":\"pl-PL\",\"@id\":\"https:\\\/\\\/propedis.pl\\\/sklep\\\/produkt\\\/sneaker\\\/#primaryimage\",\"url\":\"https:\\\/\\\/propedis.pl\\\/sklep\\\/wp-content\\\/uploads\\\/2020\\\/03\\\/MA741_1-dessus-2.jpg\",\"contentUrl\":\"https:\\\/\\\/propedis.pl\\\/sklep\\\/wp-content\\\/uploads\\\/2020\\\/03\\\/MA741_1-dessus-2.jpg\",\"width\":500,\"height\":500},{\"@type\":\"BreadcrumbList\",\"@id\":\"https:\\\/\\\/propedis.pl\\\/sklep\\\/produkt\\\/sneaker\\\/#breadcrumb\",\"itemListElement\":[{\"@type\":\"ListItem\",\"position\":1,\"name\":\"Strona g\u0142\u00f3wna\",\"item\":\"https:\\\/\\\/propedis.pl\\\/sklep\\\/\"},{\"@type\":\"ListItem\",\"position\":2,\"name\":\"Sklep\",\"item\":\"https:\\\/\\\/propedis.pl\\\/sklep\\\/produkty\\\/\"},{\"@type\":\"ListItem\",\"position\":3,\"name\":\"Wk\u0142adki\",\"item\":\"https:\\\/\\\/propedis.pl\\\/sklep\\\/kategoria-produktu\\\/wkladki\\\/\"},{\"@type\":\"ListItem\",\"position\":4,\"name\":\"Wk\u0142adki specjalistyczne\",\"item\":\"https:\\\/\\\/propedis.pl\\\/sklep\\\/kategoria-produktu\\\/wkladki\\\/wkladki-specjalistyczne\\\/\"},{\"@type\":\"ListItem\",\"position\":5,\"name\":\"Sneaker &#8211; damska MA741\"}]},{\"@type\":\"WebSite\",\"@id\":\"https:\\\/\\\/propedis.pl\\\/sklep\\\/#website\",\"url\":\"https:\\\/\\\/propedis.pl\\\/sklep\\\/\",\"name\":\"Pro Pedis - Profesjonalnie dla st\u00f3p\",\"description\":\"\",\"potentialAction\":[{\"@type\":\"SearchAction\",\"target\":{\"@type\":\"EntryPoint\",\"urlTemplate\":\"https:\\\/\\\/propedis.pl\\\/sklep\\\/?s={search_term_string}\"},\"query-input\":{\"@type\":\"PropertyValueSpecification\",\"valueRequired\":true,\"valueName\":\"search_term_string\"}}],\"inLanguage\":\"pl-PL\"}]}<\/script>\n<!-- \/ Yoast SEO Premium plugin. -->","yoast_head_json":{"title":"Sneaker - damska MA741 - Pro Pedis - Profesjonalnie dla st\u00f3p","robots":{"index":"index","follow":"follow","max-snippet":"max-snippet:-1","max-image-preview":"max-image-preview:large","max-video-preview":"max-video-preview:-1"},"canonical":"https:\/\/propedis.pl\/sklep\/produkt\/sneaker\/","og_locale":"pl_PL","og_type":"article","og_title":"Sneaker - damska MA741","og_description":"Wk\u0142adka termoformowalna Sneaker\u00a0 sprawdzi si\u0119 do miejskich but\u00f3w sportowych typu Sneaker. Wk\u0142adka ta jest jedn\u0105 z najbardziej popularnych i uniwersalnych. We wk\u0142adce znajdziemy solidny podw\u00f3jny sztywnik: Thermoflux zapewniaj\u0105cy stabilizacj\u0119 \u015br\u00f3dstopia oraz Grip + Colorflex.\u00a0 Sztywniki zapewniaj\u0105 stabilizacj\u0119, efekt antypo\u015blizgowy i antypronacyjny. Wk\u0142adka Sneaker sprawdzi si\u0119 zar\u00f3wno w korekcji st\u00f3p ko\u015blawych jak i szpotawych. Mo\u017cna j\u0105 [&hellip;]","og_url":"https:\/\/propedis.pl\/sklep\/produkt\/sneaker\/","og_site_name":"Pro Pedis - Profesjonalnie dla st\u00f3p","article_modified_time":"2026-04-19T12:51:06+00:00","og_image":[{"width":500,"height":500,"url":"https:\/\/propedis.pl\/sklep\/wp-content\/uploads\/2020\/03\/MA741_1-dessus-2.jpg","type":"image\/jpeg"}],"twitter_card":"summary_large_image","twitter_misc":{"Szacowany czas czytania":"2 minuty"},"schema":{"@context":"https:\/\/schema.org","@graph":[{"@type":"WebPage","@id":"https:\/\/propedis.pl\/sklep\/produkt\/sneaker\/","url":"https:\/\/propedis.pl\/sklep\/produkt\/sneaker\/","name":"Sneaker - damska MA741 - Pro Pedis - Profesjonalnie dla st\u00f3p","isPartOf":{"@id":"https:\/\/propedis.pl\/sklep\/#website"},"primaryImageOfPage":{"@id":"https:\/\/propedis.pl\/sklep\/produkt\/sneaker\/#primaryimage"},"image":{"@id":"https:\/\/propedis.pl\/sklep\/produkt\/sneaker\/#primaryimage"},"thumbnailUrl":"https:\/\/propedis.pl\/sklep\/wp-content\/uploads\/2020\/03\/MA741_1-dessus-2.jpg","datePublished":"2020-01-20T13:40:17+00:00","dateModified":"2026-04-19T12:51:06+00:00","breadcrumb":{"@id":"https:\/\/propedis.pl\/sklep\/produkt\/sneaker\/#breadcrumb"},"inLanguage":"pl-PL","potentialAction":[{"@type":"ReadAction","target":["https:\/\/propedis.pl\/sklep\/produkt\/sneaker\/"]}]},{"@type":"ImageObject","inLanguage":"pl-PL","@id":"https:\/\/propedis.pl\/sklep\/produkt\/sneaker\/#primaryimage","url":"https:\/\/propedis.pl\/sklep\/wp-content\/uploads\/2020\/03\/MA741_1-dessus-2.jpg","contentUrl":"https:\/\/propedis.pl\/sklep\/wp-content\/uploads\/2020\/03\/MA741_1-dessus-2.jpg","width":500,"height":500},{"@type":"BreadcrumbList","@id":"https:\/\/propedis.pl\/sklep\/produkt\/sneaker\/#breadcrumb","itemListElement":[{"@type":"ListItem","position":1,"name":"Strona g\u0142\u00f3wna","item":"https:\/\/propedis.pl\/sklep\/"},{"@type":"ListItem","position":2,"name":"Sklep","item":"https:\/\/propedis.pl\/sklep\/produkty\/"},{"@type":"ListItem","position":3,"name":"Wk\u0142adki","item":"https:\/\/propedis.pl\/sklep\/kategoria-produktu\/wkladki\/"},{"@type":"ListItem","position":4,"name":"Wk\u0142adki specjalistyczne","item":"https:\/\/propedis.pl\/sklep\/kategoria-produktu\/wkladki\/wkladki-specjalistyczne\/"},{"@type":"ListItem","position":5,"name":"Sneaker &#8211; damska MA741"}]},{"@type":"WebSite","@id":"https:\/\/propedis.pl\/sklep\/#website","url":"https:\/\/propedis.pl\/sklep\/","name":"Pro Pedis - Profesjonalnie dla st\u00f3p","description":"","potentialAction":[{"@type":"SearchAction","target":{"@type":"EntryPoint","urlTemplate":"https:\/\/propedis.pl\/sklep\/?s={search_term_string}"},"query-input":{"@type":"PropertyValueSpecification","valueRequired":true,"valueName":"search_term_string"}}],"inLanguage":"pl-PL"}]}},"_links":{"self":[{"href":"https:\/\/propedis.pl\/sklep\/wp-json\/wp\/v2\/product\/914","targetHints":{"allow":["GET"]}}],"collection":[{"href":"https:\/\/propedis.pl\/sklep\/wp-json\/wp\/v2\/product"}],"about":[{"href":"https:\/\/propedis.pl\/sklep\/wp-json\/wp\/v2\/types\/product"}],"wp:featuredmedia":[{"embeddable":true,"href":"https:\/\/propedis.pl\/sklep\/wp-json\/wp\/v2\/media\/6122"}],"wp:attachment":[{"href":"https:\/\/propedis.pl\/sklep\/wp-json\/wp\/v2\/media?parent=914"}],"wp:term":[{"taxonomy":"product_brand","embeddable":true,"href":"https:\/\/propedis.pl\/sklep\/wp-json\/wp\/v2\/product_brand?post=914"},{"taxonomy":"product_cat","embeddable":true,"href":"https:\/\/propedis.pl\/sklep\/wp-json\/wp\/v2\/product_cat?post=914"},{"taxonomy":"product_tag","embeddable":true,"href":"https:\/\/propedis.pl\/sklep\/wp-json\/wp\/v2\/product_tag?post=914"}],"curies":[{"name":"wp","href":"https:\/\/api.w.org\/{rel}","templated":true}]}}