{"id":942,"date":"2020-01-20T14:40:26","date_gmt":"2020-01-20T13:40:26","guid":{"rendered":""},"modified":"2026-04-03T11:40:19","modified_gmt":"2026-04-03T09:40:19","slug":"diabetologia-3","status":"publish","type":"product","link":"https:\/\/propedis.pl\/sklep\/produkt\/diabetologia-3\/","title":{"rendered":"Diabetologia komfort MA102"},"content":{"rendered":"<p><span style=\"font-weight: 400;\">Wk\u0142adka termoformowalna Diabetologia komfort jest kompromisem pomi\u0119dzy grub\u0105 wk\u0142adk\u0105 Diabetologia a Diabetologi\u0105 cienk\u0105. Jest to model<\/span><span style=\"font-weight: 400;\"> komfortowy. Szczeg\u00f3lnie sprawdzi si\u0119 pacjent\u00f3w o <strong>stopach wra\u017cliwych<\/strong> o umiarkowanej deformacji. Wk\u0142adka ta znajdzie zastosowanie u <strong>stopy cukrzycowej<\/strong> oraz <strong>reumatoidalnej.<\/strong><\/span><\/p>\n<p><span style=\"font-weight: 400;\">Wk\u0142adka ta jest idealna dla wra\u017cliwej stopy cukrzycowej, jak i u stopy reumatoidalnej o umiarkowanej deformacji. Materia\u0142 Lunasoft SL zapewnia dobre <strong>podparcie i stabilizacj\u0119 \u015br\u00f3dstopia<\/strong> oraz <strong>ty\u0142ostopia<\/strong>. <\/span><span style=\"font-weight: 400;\">Wierzchnia warstwa to Lunairmed Plus, kt\u00f3ry daje komfortowe wy\u015bcie\u0142anie oraz <strong>odci\u0105\u017cenie miejsc wra\u017cliwych.<\/strong>\u00a0 Zastosowane w nim nanocz\u0105steczki srebra dzia\u0142aj\u0105 <strong>antybakteryjnie i przeciwzapalnie.<\/strong> Zapobiega r\u00f3wnie\u017c przesuwaniu si\u0119 stopy w bucie.<\/span><\/p>\n<p><span style=\"font-weight: 400;\">Wk\u0142adka termoformowalna Diabetologia komfort stanowi idealn\u0105 baz\u0119 pod dodatkowe <strong>elementy korekcyjne<\/strong>. Wk\u0142adka znajdzie swoje zastosowanie w obuwiu o \u015bredniej t\u0119go\u015bci.<\/span><\/p>\n<p>&nbsp;<\/p>\n<p><img loading=\"lazy\" decoding=\"async\" class=\"aligncenter wp-image-6552 size-full\" src=\"https:\/\/propedis.pl\/sklep\/wp-content\/uploads\/2020\/03\/MA102_6.png\" alt=\"\" width=\"600\" height=\"600\" srcset=\"https:\/\/propedis.pl\/sklep\/wp-content\/uploads\/2020\/03\/MA102_6.png 600w, https:\/\/propedis.pl\/sklep\/wp-content\/uploads\/2020\/03\/MA102_6-150x150.png 150w, https:\/\/propedis.pl\/sklep\/wp-content\/uploads\/2020\/03\/MA102_6-100x100.png 100w, https:\/\/propedis.pl\/sklep\/wp-content\/uploads\/2020\/03\/MA102_6-300x300.png 300w\" sizes=\"auto, (max-width: 600px) 100vw, 600px\" \/><\/p>\n","protected":false},"excerpt":{"rendered":"<p>Wk\u0142adka termoformowalna Diabetologia komfort jest kompromisem pomi\u0119dzy grub\u0105 wk\u0142adk\u0105 Diabetologia a Diabetologi\u0105 cienk\u0105. Jest to model komfortowy. Szczeg\u00f3lnie sprawdzi si\u0119 pacjent\u00f3w o stopach wra\u017cliwych o umiarkowanej deformacji. Wk\u0142adka ta znajdzie zastosowanie u stopy cukrzycowej oraz reumatoidalnej. Wk\u0142adka ta jest idealna dla wra\u017cliwej stopy cukrzycowej, jak i u stopy reumatoidalnej o umiarkowanej deformacji. Materia\u0142 Lunasoft SL [&hellip;]<\/p>\n","protected":false},"featured_media":6010,"template":"","meta":{"ep_exclude_from_search":false},"product_brand":[],"product_cat":[15,69],"product_tag":[448,449,446,447],"class_list":{"0":"post-942","1":"product","2":"type-product","3":"status-publish","4":"has-post-thumbnail","6":"product_cat-wkladki","7":"product_cat-wkladki-specjalistyczne","8":"product_tag-wkladki-do-butow","9":"product_tag-wkladki-specjalistyczne","10":"product_tag-wkladki-termoformowalne","11":"product_tag-wkladki-termoplastyczne","13":"first","14":"instock","15":"taxable","16":"shipping-taxable","17":"purchasable","18":"product-type-variable"},"yoast_head":"<!-- This site is optimized with the Yoast SEO Premium plugin v26.3 (Yoast SEO v27.2) - https:\/\/yoast.com\/product\/yoast-seo-premium-wordpress\/ -->\n<title>Diabetologia komfort MA102 - Pro Pedis - Profesjonalnie dla st\u00f3p<\/title>\n<meta name=\"robots\" content=\"index, follow, max-snippet:-1, max-image-preview:large, max-video-preview:-1\" \/>\n<link rel=\"canonical\" href=\"https:\/\/propedis.pl\/sklep\/produkt\/diabetologia-3\/\" \/>\n<meta property=\"og:locale\" content=\"pl_PL\" \/>\n<meta property=\"og:type\" content=\"article\" \/>\n<meta property=\"og:title\" content=\"Diabetologia komfort MA102\" \/>\n<meta property=\"og:description\" content=\"Wk\u0142adka termoformowalna Diabetologia komfort jest kompromisem pomi\u0119dzy grub\u0105 wk\u0142adk\u0105 Diabetologia a Diabetologi\u0105 cienk\u0105. Jest to model komfortowy. Szczeg\u00f3lnie sprawdzi si\u0119 pacjent\u00f3w o stopach wra\u017cliwych o umiarkowanej deformacji. Wk\u0142adka ta znajdzie zastosowanie u stopy cukrzycowej oraz reumatoidalnej. Wk\u0142adka ta jest idealna dla wra\u017cliwej stopy cukrzycowej, jak i u stopy reumatoidalnej o umiarkowanej deformacji. Materia\u0142 Lunasoft SL [&hellip;]\" \/>\n<meta property=\"og:url\" content=\"https:\/\/propedis.pl\/sklep\/produkt\/diabetologia-3\/\" \/>\n<meta property=\"og:site_name\" content=\"Pro Pedis - Profesjonalnie dla st\u00f3p\" \/>\n<meta property=\"article:modified_time\" content=\"2026-04-03T09:40:19+00:00\" \/>\n<meta property=\"og:image\" content=\"https:\/\/propedis.pl\/sklep\/wp-content\/uploads\/2020\/03\/MA102_1-dessus-2.jpg\" \/>\n\t<meta property=\"og:image:width\" content=\"500\" \/>\n\t<meta property=\"og:image:height\" content=\"500\" \/>\n\t<meta property=\"og:image:type\" content=\"image\/jpeg\" \/>\n<meta name=\"twitter:card\" content=\"summary_large_image\" \/>\n<meta name=\"twitter:label1\" content=\"Szacowany czas czytania\" \/>\n\t<meta name=\"twitter:data1\" content=\"2 minuty\" \/>\n<script type=\"application\/ld+json\" class=\"yoast-schema-graph\">{\"@context\":\"https:\/\/schema.org\",\"@graph\":[{\"@type\":\"WebPage\",\"@id\":\"https:\/\/propedis.pl\/sklep\/produkt\/diabetologia-3\/\",\"url\":\"https:\/\/propedis.pl\/sklep\/produkt\/diabetologia-3\/\",\"name\":\"Diabetologia komfort MA102 - Pro Pedis - Profesjonalnie dla st\u00f3p\",\"isPartOf\":{\"@id\":\"https:\/\/propedis.pl\/sklep\/#website\"},\"primaryImageOfPage\":{\"@id\":\"https:\/\/propedis.pl\/sklep\/produkt\/diabetologia-3\/#primaryimage\"},\"image\":{\"@id\":\"https:\/\/propedis.pl\/sklep\/produkt\/diabetologia-3\/#primaryimage\"},\"thumbnailUrl\":\"https:\/\/propedis.pl\/sklep\/wp-content\/uploads\/2020\/03\/MA102_1-dessus-2.jpg\",\"datePublished\":\"2020-01-20T13:40:26+00:00\",\"dateModified\":\"2026-04-03T09:40:19+00:00\",\"breadcrumb\":{\"@id\":\"https:\/\/propedis.pl\/sklep\/produkt\/diabetologia-3\/#breadcrumb\"},\"inLanguage\":\"pl-PL\",\"potentialAction\":[{\"@type\":\"ReadAction\",\"target\":[\"https:\/\/propedis.pl\/sklep\/produkt\/diabetologia-3\/\"]}]},{\"@type\":\"ImageObject\",\"inLanguage\":\"pl-PL\",\"@id\":\"https:\/\/propedis.pl\/sklep\/produkt\/diabetologia-3\/#primaryimage\",\"url\":\"https:\/\/propedis.pl\/sklep\/wp-content\/uploads\/2020\/03\/MA102_1-dessus-2.jpg\",\"contentUrl\":\"https:\/\/propedis.pl\/sklep\/wp-content\/uploads\/2020\/03\/MA102_1-dessus-2.jpg\",\"width\":500,\"height\":500},{\"@type\":\"BreadcrumbList\",\"@id\":\"https:\/\/propedis.pl\/sklep\/produkt\/diabetologia-3\/#breadcrumb\",\"itemListElement\":[{\"@type\":\"ListItem\",\"position\":1,\"name\":\"Strona g\u0142\u00f3wna\",\"item\":\"https:\/\/propedis.pl\/sklep\/\"},{\"@type\":\"ListItem\",\"position\":2,\"name\":\"Sklep\",\"item\":\"https:\/\/propedis.pl\/sklep\/produkty\/\"},{\"@type\":\"ListItem\",\"position\":3,\"name\":\"Wk\u0142adki\",\"item\":\"https:\/\/propedis.pl\/sklep\/kategoria-produktu\/wkladki\/\"},{\"@type\":\"ListItem\",\"position\":4,\"name\":\"Wk\u0142adki specjalistyczne\",\"item\":\"https:\/\/propedis.pl\/sklep\/kategoria-produktu\/wkladki\/wkladki-specjalistyczne\/\"},{\"@type\":\"ListItem\",\"position\":5,\"name\":\"Diabetologia komfort MA102\"}]},{\"@type\":\"WebSite\",\"@id\":\"https:\/\/propedis.pl\/sklep\/#website\",\"url\":\"https:\/\/propedis.pl\/sklep\/\",\"name\":\"Pro Pedis - Profesjonalnie dla st\u00f3p\",\"description\":\"\",\"potentialAction\":[{\"@type\":\"SearchAction\",\"target\":{\"@type\":\"EntryPoint\",\"urlTemplate\":\"https:\/\/propedis.pl\/sklep\/?s={search_term_string}\"},\"query-input\":{\"@type\":\"PropertyValueSpecification\",\"valueRequired\":true,\"valueName\":\"search_term_string\"}}],\"inLanguage\":\"pl-PL\"}]}<\/script>\n<!-- \/ Yoast SEO Premium plugin. -->","yoast_head_json":{"title":"Diabetologia komfort MA102 - Pro Pedis - Profesjonalnie dla st\u00f3p","robots":{"index":"index","follow":"follow","max-snippet":"max-snippet:-1","max-image-preview":"max-image-preview:large","max-video-preview":"max-video-preview:-1"},"canonical":"https:\/\/propedis.pl\/sklep\/produkt\/diabetologia-3\/","og_locale":"pl_PL","og_type":"article","og_title":"Diabetologia komfort MA102","og_description":"Wk\u0142adka termoformowalna Diabetologia komfort jest kompromisem pomi\u0119dzy grub\u0105 wk\u0142adk\u0105 Diabetologia a Diabetologi\u0105 cienk\u0105. Jest to model komfortowy. Szczeg\u00f3lnie sprawdzi si\u0119 pacjent\u00f3w o stopach wra\u017cliwych o umiarkowanej deformacji. Wk\u0142adka ta znajdzie zastosowanie u stopy cukrzycowej oraz reumatoidalnej. Wk\u0142adka ta jest idealna dla wra\u017cliwej stopy cukrzycowej, jak i u stopy reumatoidalnej o umiarkowanej deformacji. Materia\u0142 Lunasoft SL [&hellip;]","og_url":"https:\/\/propedis.pl\/sklep\/produkt\/diabetologia-3\/","og_site_name":"Pro Pedis - Profesjonalnie dla st\u00f3p","article_modified_time":"2026-04-03T09:40:19+00:00","og_image":[{"width":500,"height":500,"url":"https:\/\/propedis.pl\/sklep\/wp-content\/uploads\/2020\/03\/MA102_1-dessus-2.jpg","type":"image\/jpeg"}],"twitter_card":"summary_large_image","twitter_misc":{"Szacowany czas czytania":"2 minuty"},"schema":{"@context":"https:\/\/schema.org","@graph":[{"@type":"WebPage","@id":"https:\/\/propedis.pl\/sklep\/produkt\/diabetologia-3\/","url":"https:\/\/propedis.pl\/sklep\/produkt\/diabetologia-3\/","name":"Diabetologia komfort MA102 - Pro Pedis - Profesjonalnie dla st\u00f3p","isPartOf":{"@id":"https:\/\/propedis.pl\/sklep\/#website"},"primaryImageOfPage":{"@id":"https:\/\/propedis.pl\/sklep\/produkt\/diabetologia-3\/#primaryimage"},"image":{"@id":"https:\/\/propedis.pl\/sklep\/produkt\/diabetologia-3\/#primaryimage"},"thumbnailUrl":"https:\/\/propedis.pl\/sklep\/wp-content\/uploads\/2020\/03\/MA102_1-dessus-2.jpg","datePublished":"2020-01-20T13:40:26+00:00","dateModified":"2026-04-03T09:40:19+00:00","breadcrumb":{"@id":"https:\/\/propedis.pl\/sklep\/produkt\/diabetologia-3\/#breadcrumb"},"inLanguage":"pl-PL","potentialAction":[{"@type":"ReadAction","target":["https:\/\/propedis.pl\/sklep\/produkt\/diabetologia-3\/"]}]},{"@type":"ImageObject","inLanguage":"pl-PL","@id":"https:\/\/propedis.pl\/sklep\/produkt\/diabetologia-3\/#primaryimage","url":"https:\/\/propedis.pl\/sklep\/wp-content\/uploads\/2020\/03\/MA102_1-dessus-2.jpg","contentUrl":"https:\/\/propedis.pl\/sklep\/wp-content\/uploads\/2020\/03\/MA102_1-dessus-2.jpg","width":500,"height":500},{"@type":"BreadcrumbList","@id":"https:\/\/propedis.pl\/sklep\/produkt\/diabetologia-3\/#breadcrumb","itemListElement":[{"@type":"ListItem","position":1,"name":"Strona g\u0142\u00f3wna","item":"https:\/\/propedis.pl\/sklep\/"},{"@type":"ListItem","position":2,"name":"Sklep","item":"https:\/\/propedis.pl\/sklep\/produkty\/"},{"@type":"ListItem","position":3,"name":"Wk\u0142adki","item":"https:\/\/propedis.pl\/sklep\/kategoria-produktu\/wkladki\/"},{"@type":"ListItem","position":4,"name":"Wk\u0142adki specjalistyczne","item":"https:\/\/propedis.pl\/sklep\/kategoria-produktu\/wkladki\/wkladki-specjalistyczne\/"},{"@type":"ListItem","position":5,"name":"Diabetologia komfort MA102"}]},{"@type":"WebSite","@id":"https:\/\/propedis.pl\/sklep\/#website","url":"https:\/\/propedis.pl\/sklep\/","name":"Pro Pedis - Profesjonalnie dla st\u00f3p","description":"","potentialAction":[{"@type":"SearchAction","target":{"@type":"EntryPoint","urlTemplate":"https:\/\/propedis.pl\/sklep\/?s={search_term_string}"},"query-input":{"@type":"PropertyValueSpecification","valueRequired":true,"valueName":"search_term_string"}}],"inLanguage":"pl-PL"}]}},"_links":{"self":[{"href":"https:\/\/propedis.pl\/sklep\/wp-json\/wp\/v2\/product\/942","targetHints":{"allow":["GET"]}}],"collection":[{"href":"https:\/\/propedis.pl\/sklep\/wp-json\/wp\/v2\/product"}],"about":[{"href":"https:\/\/propedis.pl\/sklep\/wp-json\/wp\/v2\/types\/product"}],"wp:featuredmedia":[{"embeddable":true,"href":"https:\/\/propedis.pl\/sklep\/wp-json\/wp\/v2\/media\/6010"}],"wp:attachment":[{"href":"https:\/\/propedis.pl\/sklep\/wp-json\/wp\/v2\/media?parent=942"}],"wp:term":[{"taxonomy":"product_brand","embeddable":true,"href":"https:\/\/propedis.pl\/sklep\/wp-json\/wp\/v2\/product_brand?post=942"},{"taxonomy":"product_cat","embeddable":true,"href":"https:\/\/propedis.pl\/sklep\/wp-json\/wp\/v2\/product_cat?post=942"},{"taxonomy":"product_tag","embeddable":true,"href":"https:\/\/propedis.pl\/sklep\/wp-json\/wp\/v2\/product_tag?post=942"}],"curies":[{"name":"wp","href":"https:\/\/api.w.org\/{rel}","templated":true}]}}